{"id":8785,"date":"2021-08-27T14:41:04","date_gmt":"2021-09-02T18:00:05","guid":{"rendered":"http:\/\/petitekingdom.com\/shop\/uncategorized\/melnas-ar-sarkanu-un-roza-zekubikses-bez-pedinam\/"},"modified":"2024-01-22T00:00:37","modified_gmt":"2024-01-21T22:00:37","slug":"zekubikses-bez-pedinam-meitenem","status":"publish","type":"product","link":"https:\/\/petitekingdom.com\/lv\/veikals\/zekubikses-bez-pedinam-meitenem\/","title":{"rendered":"Ze\u0137ubikses bez p\u0113di\u0146\u0101m meiten\u0113m"},"content":{"rendered":"","protected":false},"excerpt":{"rendered":"<p>Ze\u0137ubikses bez p\u0113di\u0146\u0101m meiten\u0113m no Wauw Capow by Bangbang ir ra\u017eotas no m\u012bkstas organisk\u0101s kokvilnas, l\u012bdz ze\u0137ubikses pot\u012bt\u0113m ir iz\u0161\u016bts da\u017e\u0101das kr\u0101sas l\u016bpukr\u0101su z\u012bm\u0113jums. Ze\u0137ubikses bez p\u0113di\u0146\u0101m, kas lieliski izskat\u012bsies pie kleit\u0101m vai sv\u0101rkiem.<\/p>\n<ul>\n<li>78% Kokvilna 18% Poliesters 4% Elastans<\/li>\n<li>Ra\u017eots Eirop\u0101<\/li>\n<li>Mazg\u0101t ve\u013casma\u0161\u012bn\u0101 30*C (saudz\u012bgais re\u017e\u012bms)<\/li>\n<li>Organisk\u0101 kokvilna<\/li>\n<li>Sarau\u0161an\u0101s p\u0113c mazg\u0101\u0161anas l\u012bdz 5%<\/li>\n<\/ul>\n<p>&nbsp;<\/p>\n<p>&nbsp;<\/p>\n","protected":false},"featured_media":6820,"template":"","meta":{"_acf_changed":false},"product_cat":[1212,1217,1223,1180,1663,1213,1221,1192,1215,1222,1605,1607,1674],"product_tag":[],"product-material":[792],"product-type":[661],"designers":[672],"class_list":{"0":"post-8785","1":"product","2":"type-product","3":"status-publish","4":"has-post-thumbnail","6":"product_cat-aksesuari","7":"product_cat-bernu-zekubikses-zekes","8":"product_cat-zekubikses","9":"product_cat-zidainu-apgerbs","10":"product_cat-jaundzimuso-drebites","11":"product_cat-zidainu-zekubikses-zekes","12":"product_cat-zekubikses-zidainim","13":"product_cat-meitenes","14":"product_cat-zekubikses-zekes-meitenem","15":"product_cat-meitenu-zekubikses","16":"product_cat-izpardosana","17":"product_cat-outlets","18":"product_cat-sezonas-izpardosana","19":"product-material-organiska-kokvilna","20":"product-type-zekes-un-zekubikses","21":"designers-wauw-capow-lv","23":"first","24":"instock","25":"sale","26":"taxable","27":"shipping-taxable","28":"purchasable","29":"product-type-variable"},"acf":[],"yoast_head":"<!-- This site is optimized with the Yoast SEO Premium plugin v23.7 (Yoast SEO v23.7) - https:\/\/yoast.com\/wordpress\/plugins\/seo\/ -->\n<title>Ze\u0137ubikses bez p\u0113di\u0146\u0101m meiten\u0113m &#8226; Petite Kingdom<\/title>\n<meta name=\"description\" content=\"Ze\u0137ubikses bez p\u0113di\u0146\u0101m meiten\u0113m no Wauw Capow by Bangbang ir ra\u017eotas no m\u012bkstas organisk\u0101s kokvilnas un l\u016bpkr\u0101sas drukas z\u012bm\u0113juma.\" \/>\n<meta name=\"robots\" content=\"index, follow, max-snippet:-1, max-image-preview:large, max-video-preview:-1\" \/>\n<link rel=\"canonical\" href=\"https:\/\/petitekingdom.com\/shop\/lipstick-print-tights-for-girls\/\" \/>\n<meta property=\"og:locale\" content=\"lv_LV\" \/>\n<meta property=\"og:type\" content=\"article\" \/>\n<meta property=\"og:title\" content=\"Ze\u0137ubikses bez p\u0113di\u0146\u0101m meiten\u0113m\" \/>\n<meta property=\"og:description\" content=\"Ze\u0137ubikses bez p\u0113di\u0146\u0101m meiten\u0113m no Wauw Capow by Bangbang ir ra\u017eotas no m\u012bkstas organisk\u0101s kokvilnas, l\u012bdz ze\u0137ubikses pot\u012bt\u0113m ir iz\u0161\u016bts da\u017e\u0101das kr\u0101sas l\u016bpukr\u0101su z\u012bm\u0113jums. Ze\u0137ubikses bez p\u0113di\u0146\u0101m, kas lieliski izskat\u012bsies pie kleit\u0101m vai sv\u0101rkiem.   78% Kokvilna 18% Poliesters 4% Elastans  Ra\u017eots Eirop\u0101  Mazg\u0101t ve\u013casma\u0161\u012bn\u0101 30*C (saudz\u012bgais re\u017e\u012bms)  Organisk\u0101 kokvilna  Sarau\u0161an\u0101s p\u0113c mazg\u0101\u0161anas l\u012bdz 5%  &nbsp;  &nbsp;\" \/>\n<meta property=\"og:url\" content=\"https:\/\/petitekingdom.com\/shop\/lipstick-print-tights-for-girls\/\" \/>\n<meta property=\"og:site_name\" content=\"Petite Kingdom\" \/>\n<meta property=\"article:publisher\" content=\"https:\/\/www.facebook.com\/Petite-Kingdom-114272640862559\" \/>\n<meta property=\"article:modified_time\" content=\"2024-01-21T22:00:37+00:00\" \/>\n<meta property=\"og:image\" content=\"https:\/\/petitekingdom.com\/wp-content\/uploads\/2021\/08\/lipstick-print-tights-for-girls-wauw-capow-by-bangbang.jpg\" \/>\n\t<meta property=\"og:image:width\" content=\"1536\" \/>\n\t<meta property=\"og:image:height\" content=\"1920\" \/>\n\t<meta property=\"og:image:type\" content=\"image\/jpeg\" \/>\n<meta name=\"twitter:card\" content=\"summary_large_image\" \/>\n<script type=\"application\/ld+json\" class=\"yoast-schema-graph\">{\"@context\":\"https:\/\/schema.org\",\"@graph\":[{\"@type\":\"WebPage\",\"@id\":\"https:\/\/petitekingdom.com\/shop\/lipstick-print-tights-for-girls\/\",\"url\":\"https:\/\/petitekingdom.com\/shop\/lipstick-print-tights-for-girls\/\",\"name\":\"Ze\u0137ubikses bez p\u0113di\u0146\u0101m meiten\u0113m &#8226; Petite Kingdom\",\"isPartOf\":{\"@id\":\"https:\/\/petitekingdom.com\/#website\"},\"primaryImageOfPage\":{\"@id\":\"https:\/\/petitekingdom.com\/shop\/lipstick-print-tights-for-girls\/#primaryimage\"},\"image\":{\"@id\":\"https:\/\/petitekingdom.com\/shop\/lipstick-print-tights-for-girls\/#primaryimage\"},\"thumbnailUrl\":\"https:\/\/petitekingdom.com\/wp-content\/uploads\/2021\/08\/lipstick-print-tights-for-girls-wauw-capow-by-bangbang.jpg\",\"datePublished\":\"2021-09-02T18:00:05+00:00\",\"dateModified\":\"2024-01-21T22:00:37+00:00\",\"description\":\"Ze\u0137ubikses bez p\u0113di\u0146\u0101m meiten\u0113m no Wauw Capow by Bangbang ir ra\u017eotas no m\u012bkstas organisk\u0101s kokvilnas un l\u016bpkr\u0101sas drukas z\u012bm\u0113juma.\",\"breadcrumb\":{\"@id\":\"https:\/\/petitekingdom.com\/shop\/lipstick-print-tights-for-girls\/#breadcrumb\"},\"inLanguage\":\"lv-LV\",\"potentialAction\":[{\"@type\":\"ReadAction\",\"target\":[\"https:\/\/petitekingdom.com\/shop\/lipstick-print-tights-for-girls\/\"]}]},{\"@type\":\"ImageObject\",\"inLanguage\":\"lv-LV\",\"@id\":\"https:\/\/petitekingdom.com\/shop\/lipstick-print-tights-for-girls\/#primaryimage\",\"url\":\"https:\/\/petitekingdom.com\/wp-content\/uploads\/2021\/08\/lipstick-print-tights-for-girls-wauw-capow-by-bangbang.jpg\",\"contentUrl\":\"https:\/\/petitekingdom.com\/wp-content\/uploads\/2021\/08\/lipstick-print-tights-for-girls-wauw-capow-by-bangbang.jpg\",\"width\":1536,\"height\":1920,\"caption\":\"Ze\u0137ubikses bez p\u0113di\u0146\u0101m meiten\u0113m - WAUW CAPOW by Bangbang\"},{\"@type\":\"BreadcrumbList\",\"@id\":\"https:\/\/petitekingdom.com\/shop\/lipstick-print-tights-for-girls\/#breadcrumb\",\"itemListElement\":[{\"@type\":\"ListItem\",\"position\":1,\"name\":\"Home\",\"item\":\"https:\/\/petitekingdom.com\/lv\/\"},{\"@type\":\"ListItem\",\"position\":2,\"name\":\"Veikals\",\"item\":\"https:\/\/petitekingdom.com\/lv\/veikals\/\"},{\"@type\":\"ListItem\",\"position\":3,\"name\":\"Ze\u0137ubikses bez p\u0113di\u0146\u0101m meiten\u0113m\"}]},{\"@type\":\"WebSite\",\"@id\":\"https:\/\/petitekingdom.com\/#website\",\"url\":\"https:\/\/petitekingdom.com\/\",\"name\":\"Petite Kingdom\",\"description\":\"B\u0113rnu izt\u0113lei nav robe\u017eu\",\"publisher\":{\"@id\":\"https:\/\/petitekingdom.com\/#organization\"},\"potentialAction\":[{\"@type\":\"SearchAction\",\"target\":{\"@type\":\"EntryPoint\",\"urlTemplate\":\"https:\/\/petitekingdom.com\/?s={search_term_string}\"},\"query-input\":{\"@type\":\"PropertyValueSpecification\",\"valueRequired\":true,\"valueName\":\"search_term_string\"}}],\"inLanguage\":\"lv-LV\"},{\"@type\":\"Organization\",\"@id\":\"https:\/\/petitekingdom.com\/#organization\",\"name\":\"Petite Kingdom\",\"url\":\"https:\/\/petitekingdom.com\/\",\"logo\":{\"@type\":\"ImageObject\",\"inLanguage\":\"lv-LV\",\"@id\":\"https:\/\/petitekingdom.com\/#\/schema\/logo\/image\/\",\"url\":\"https:\/\/petitekingdom.com\/wp-content\/uploads\/2021\/04\/PT_logo_blackPNG.png\",\"contentUrl\":\"https:\/\/petitekingdom.com\/wp-content\/uploads\/2021\/04\/PT_logo_blackPNG.png\",\"width\":1158,\"height\":500,\"caption\":\"Petite Kingdom\"},\"image\":{\"@id\":\"https:\/\/petitekingdom.com\/#\/schema\/logo\/image\/\"},\"sameAs\":[\"https:\/\/www.facebook.com\/Petite-Kingdom-114272640862559\",\"https:\/\/www.instagram.com\/petite_kingdom\/\"]}]}<\/script>\n<!-- \/ Yoast SEO Premium plugin. -->","yoast_head_json":{"title":"Ze\u0137ubikses bez p\u0113di\u0146\u0101m meiten\u0113m &#8226; Petite Kingdom","description":"Ze\u0137ubikses bez p\u0113di\u0146\u0101m meiten\u0113m no Wauw Capow by Bangbang ir ra\u017eotas no m\u012bkstas organisk\u0101s kokvilnas un l\u016bpkr\u0101sas drukas z\u012bm\u0113juma.","robots":{"index":"index","follow":"follow","max-snippet":"max-snippet:-1","max-image-preview":"max-image-preview:large","max-video-preview":"max-video-preview:-1"},"canonical":"https:\/\/petitekingdom.com\/shop\/lipstick-print-tights-for-girls\/","og_locale":"lv_LV","og_type":"article","og_title":"Ze\u0137ubikses bez p\u0113di\u0146\u0101m meiten\u0113m","og_description":"Ze\u0137ubikses bez p\u0113di\u0146\u0101m meiten\u0113m no Wauw Capow by Bangbang ir ra\u017eotas no m\u012bkstas organisk\u0101s kokvilnas, l\u012bdz ze\u0137ubikses pot\u012bt\u0113m ir iz\u0161\u016bts da\u017e\u0101das kr\u0101sas l\u016bpukr\u0101su z\u012bm\u0113jums. Ze\u0137ubikses bez p\u0113di\u0146\u0101m, kas lieliski izskat\u012bsies pie kleit\u0101m vai sv\u0101rkiem.   78% Kokvilna 18% Poliesters 4% Elastans  Ra\u017eots Eirop\u0101  Mazg\u0101t ve\u013casma\u0161\u012bn\u0101 30*C (saudz\u012bgais re\u017e\u012bms)  Organisk\u0101 kokvilna  Sarau\u0161an\u0101s p\u0113c mazg\u0101\u0161anas l\u012bdz 5%  &nbsp;  &nbsp;","og_url":"https:\/\/petitekingdom.com\/shop\/lipstick-print-tights-for-girls\/","og_site_name":"Petite Kingdom","article_publisher":"https:\/\/www.facebook.com\/Petite-Kingdom-114272640862559","article_modified_time":"2024-01-21T22:00:37+00:00","og_image":[{"width":1536,"height":1920,"url":"https:\/\/petitekingdom.com\/wp-content\/uploads\/2021\/08\/lipstick-print-tights-for-girls-wauw-capow-by-bangbang.jpg","type":"image\/jpeg"}],"twitter_card":"summary_large_image","schema":{"@context":"https:\/\/schema.org","@graph":[{"@type":"WebPage","@id":"https:\/\/petitekingdom.com\/shop\/lipstick-print-tights-for-girls\/","url":"https:\/\/petitekingdom.com\/shop\/lipstick-print-tights-for-girls\/","name":"Ze\u0137ubikses bez p\u0113di\u0146\u0101m meiten\u0113m &#8226; Petite Kingdom","isPartOf":{"@id":"https:\/\/petitekingdom.com\/#website"},"primaryImageOfPage":{"@id":"https:\/\/petitekingdom.com\/shop\/lipstick-print-tights-for-girls\/#primaryimage"},"image":{"@id":"https:\/\/petitekingdom.com\/shop\/lipstick-print-tights-for-girls\/#primaryimage"},"thumbnailUrl":"https:\/\/petitekingdom.com\/wp-content\/uploads\/2021\/08\/lipstick-print-tights-for-girls-wauw-capow-by-bangbang.jpg","datePublished":"2021-09-02T18:00:05+00:00","dateModified":"2024-01-21T22:00:37+00:00","description":"Ze\u0137ubikses bez p\u0113di\u0146\u0101m meiten\u0113m no Wauw Capow by Bangbang ir ra\u017eotas no m\u012bkstas organisk\u0101s kokvilnas un l\u016bpkr\u0101sas drukas z\u012bm\u0113juma.","breadcrumb":{"@id":"https:\/\/petitekingdom.com\/shop\/lipstick-print-tights-for-girls\/#breadcrumb"},"inLanguage":"lv-LV","potentialAction":[{"@type":"ReadAction","target":["https:\/\/petitekingdom.com\/shop\/lipstick-print-tights-for-girls\/"]}]},{"@type":"ImageObject","inLanguage":"lv-LV","@id":"https:\/\/petitekingdom.com\/shop\/lipstick-print-tights-for-girls\/#primaryimage","url":"https:\/\/petitekingdom.com\/wp-content\/uploads\/2021\/08\/lipstick-print-tights-for-girls-wauw-capow-by-bangbang.jpg","contentUrl":"https:\/\/petitekingdom.com\/wp-content\/uploads\/2021\/08\/lipstick-print-tights-for-girls-wauw-capow-by-bangbang.jpg","width":1536,"height":1920,"caption":"Ze\u0137ubikses bez p\u0113di\u0146\u0101m meiten\u0113m - WAUW CAPOW by Bangbang"},{"@type":"BreadcrumbList","@id":"https:\/\/petitekingdom.com\/shop\/lipstick-print-tights-for-girls\/#breadcrumb","itemListElement":[{"@type":"ListItem","position":1,"name":"Home","item":"https:\/\/petitekingdom.com\/lv\/"},{"@type":"ListItem","position":2,"name":"Veikals","item":"https:\/\/petitekingdom.com\/lv\/veikals\/"},{"@type":"ListItem","position":3,"name":"Ze\u0137ubikses bez p\u0113di\u0146\u0101m meiten\u0113m"}]},{"@type":"WebSite","@id":"https:\/\/petitekingdom.com\/#website","url":"https:\/\/petitekingdom.com\/","name":"Petite Kingdom","description":"B\u0113rnu izt\u0113lei nav robe\u017eu","publisher":{"@id":"https:\/\/petitekingdom.com\/#organization"},"potentialAction":[{"@type":"SearchAction","target":{"@type":"EntryPoint","urlTemplate":"https:\/\/petitekingdom.com\/?s={search_term_string}"},"query-input":{"@type":"PropertyValueSpecification","valueRequired":true,"valueName":"search_term_string"}}],"inLanguage":"lv-LV"},{"@type":"Organization","@id":"https:\/\/petitekingdom.com\/#organization","name":"Petite Kingdom","url":"https:\/\/petitekingdom.com\/","logo":{"@type":"ImageObject","inLanguage":"lv-LV","@id":"https:\/\/petitekingdom.com\/#\/schema\/logo\/image\/","url":"https:\/\/petitekingdom.com\/wp-content\/uploads\/2021\/04\/PT_logo_blackPNG.png","contentUrl":"https:\/\/petitekingdom.com\/wp-content\/uploads\/2021\/04\/PT_logo_blackPNG.png","width":1158,"height":500,"caption":"Petite Kingdom"},"image":{"@id":"https:\/\/petitekingdom.com\/#\/schema\/logo\/image\/"},"sameAs":["https:\/\/www.facebook.com\/Petite-Kingdom-114272640862559","https:\/\/www.instagram.com\/petite_kingdom\/"]}]}},"_links":{"self":[{"href":"https:\/\/petitekingdom.com\/lv\/wp-json\/wp\/v2\/product\/8785"}],"collection":[{"href":"https:\/\/petitekingdom.com\/lv\/wp-json\/wp\/v2\/product"}],"about":[{"href":"https:\/\/petitekingdom.com\/lv\/wp-json\/wp\/v2\/types\/product"}],"wp:featuredmedia":[{"embeddable":true,"href":"https:\/\/petitekingdom.com\/lv\/wp-json\/wp\/v2\/media\/6820"}],"wp:attachment":[{"href":"https:\/\/petitekingdom.com\/lv\/wp-json\/wp\/v2\/media?parent=8785"}],"wp:term":[{"taxonomy":"product_cat","embeddable":true,"href":"https:\/\/petitekingdom.com\/lv\/wp-json\/wp\/v2\/product_cat?post=8785"},{"taxonomy":"product_tag","embeddable":true,"href":"https:\/\/petitekingdom.com\/lv\/wp-json\/wp\/v2\/product_tag?post=8785"},{"taxonomy":"product-material","embeddable":true,"href":"https:\/\/petitekingdom.com\/lv\/wp-json\/wp\/v2\/product-material?post=8785"},{"taxonomy":"product-type","embeddable":true,"href":"https:\/\/petitekingdom.com\/lv\/wp-json\/wp\/v2\/product-type?post=8785"},{"taxonomy":"designers","embeddable":true,"href":"https:\/\/petitekingdom.com\/lv\/wp-json\/wp\/v2\/designers?post=8785"}],"curies":[{"name":"wp","href":"https:\/\/api.w.org\/{rel}","templated":true}]}}