{"id":56491,"date":"2024-11-05T14:06:58","date_gmt":"2024-11-05T12:10:56","guid":{"rendered":"https:\/\/petitekingdom.com\/shop\/uncategorized\/meness-zizlis-un-kronisa-komplekts\/"},"modified":"2024-11-05T14:10:56","modified_gmt":"2024-11-05T12:10:56","slug":"meness-zizlis-un-kronisa-komplekts","status":"publish","type":"product","link":"https:\/\/petitekingdom.com\/lv\/shop\/meness-zizlis-un-kronisa-komplekts\/","title":{"rendered":"M\u0113ness zizlis un kron\u012b\u0161a komplekts"},"content":{"rendered":"<ul>\n<li>\u0100r\u0113jais audums: 100% kokvilna, polster\u0113jums: 100% p\u0101rstr\u0101d\u0101ts poliesters<\/li>\n<\/ul>\n","protected":false},"excerpt":{"rendered":"<p>\u0100r\u0113jais audums: 100% kokvilna, polster\u0113jums: 100% p\u0101rstr\u0101d\u0101ts poliesters<\/p>\n","protected":false},"featured_media":56484,"template":"","meta":{"_acf_changed":false},"product_cat":[1212,1192,1674,1655,1276,1605,1607,1271],"product_tag":[],"product-material":[],"product-type":[],"designers":[1851],"class_list":{"0":"post-56491","1":"product","2":"type-product","3":"status-publish","4":"has-post-thumbnail","6":"product_cat-aksesuari","7":"product_cat-meitenes","8":"product_cat-sezonas-izpardosana","9":"product_cat-jaunumi","10":"product_cat-lomu-speles","11":"product_cat-izpardosana","12":"product_cat-outlets","13":"product_cat-speles-rotallietas-berniem","14":"designers-fabelab-lv","16":"first","17":"outofstock","18":"sale","19":"taxable","20":"shipping-taxable","21":"purchasable","22":"product-type-simple"},"acf":[],"yoast_head":"<!-- This site is optimized with the Yoast SEO Premium plugin v23.7 (Yoast SEO v23.7) - https:\/\/yoast.com\/wordpress\/plugins\/seo\/ -->\n<title>M\u0113ness zizlis un kron\u012b\u0161a komplekts &#8226; Petite Kingdom<\/title>\n<meta name=\"robots\" content=\"index, follow, max-snippet:-1, max-image-preview:large, max-video-preview:-1\" \/>\n<link rel=\"canonical\" href=\"https:\/\/petitekingdom.com\/shop\/moon-fairy-wand-and-tiara-set\/\" \/>\n<meta property=\"og:locale\" content=\"lv_LV\" \/>\n<meta property=\"og:type\" content=\"article\" \/>\n<meta property=\"og:title\" content=\"M\u0113ness zizlis un kron\u012b\u0161a komplekts\" \/>\n<meta property=\"og:description\" content=\"\u0100r\u0113jais audums: 100% kokvilna, polster\u0113jums: 100% p\u0101rstr\u0101d\u0101ts poliesters\" \/>\n<meta property=\"og:url\" content=\"https:\/\/petitekingdom.com\/shop\/moon-fairy-wand-and-tiara-set\/\" \/>\n<meta property=\"og:site_name\" content=\"Petite Kingdom\" \/>\n<meta property=\"article:publisher\" content=\"https:\/\/www.facebook.com\/Petite-Kingdom-114272640862559\" \/>\n<meta property=\"og:image\" content=\"https:\/\/petitekingdom.com\/wp-content\/uploads\/2024\/11\/moon-fairy-wand-and-tiara-set-fabelab.jpg\" \/>\n\t<meta property=\"og:image:width\" content=\"1920\" \/>\n\t<meta property=\"og:image:height\" content=\"1920\" \/>\n\t<meta property=\"og:image:type\" content=\"image\/jpeg\" \/>\n<meta name=\"twitter:card\" content=\"summary_large_image\" \/>\n<script type=\"application\/ld+json\" class=\"yoast-schema-graph\">{\"@context\":\"https:\/\/schema.org\",\"@graph\":[{\"@type\":\"WebPage\",\"@id\":\"https:\/\/petitekingdom.com\/shop\/moon-fairy-wand-and-tiara-set\/\",\"url\":\"https:\/\/petitekingdom.com\/shop\/moon-fairy-wand-and-tiara-set\/\",\"name\":\"M\u0113ness zizlis un kron\u012b\u0161a komplekts &#8226; Petite Kingdom\",\"isPartOf\":{\"@id\":\"https:\/\/petitekingdom.com\/#website\"},\"primaryImageOfPage\":{\"@id\":\"https:\/\/petitekingdom.com\/shop\/moon-fairy-wand-and-tiara-set\/#primaryimage\"},\"image\":{\"@id\":\"https:\/\/petitekingdom.com\/shop\/moon-fairy-wand-and-tiara-set\/#primaryimage\"},\"thumbnailUrl\":\"https:\/\/petitekingdom.com\/wp-content\/uploads\/2024\/11\/moon-fairy-wand-and-tiara-set-fabelab.jpg\",\"datePublished\":\"2024-11-05T12:10:56+00:00\",\"dateModified\":\"2024-11-05T12:10:56+00:00\",\"breadcrumb\":{\"@id\":\"https:\/\/petitekingdom.com\/shop\/moon-fairy-wand-and-tiara-set\/#breadcrumb\"},\"inLanguage\":\"lv-LV\",\"potentialAction\":[{\"@type\":\"ReadAction\",\"target\":[\"https:\/\/petitekingdom.com\/shop\/moon-fairy-wand-and-tiara-set\/\"]}]},{\"@type\":\"ImageObject\",\"inLanguage\":\"lv-LV\",\"@id\":\"https:\/\/petitekingdom.com\/shop\/moon-fairy-wand-and-tiara-set\/#primaryimage\",\"url\":\"https:\/\/petitekingdom.com\/wp-content\/uploads\/2024\/11\/moon-fairy-wand-and-tiara-set-fabelab.jpg\",\"contentUrl\":\"https:\/\/petitekingdom.com\/wp-content\/uploads\/2024\/11\/moon-fairy-wand-and-tiara-set-fabelab.jpg\",\"width\":1920,\"height\":1920,\"caption\":\"M\u0113ness zizlis un kron\u012b\u0161a komplekts - Fabelab\"},{\"@type\":\"BreadcrumbList\",\"@id\":\"https:\/\/petitekingdom.com\/shop\/moon-fairy-wand-and-tiara-set\/#breadcrumb\",\"itemListElement\":[{\"@type\":\"ListItem\",\"position\":1,\"name\":\"Home\",\"item\":\"https:\/\/petitekingdom.com\/lv\/\"},{\"@type\":\"ListItem\",\"position\":2,\"name\":\"Veikals\",\"item\":\"https:\/\/petitekingdom.com\/lv\/veikals\/\"},{\"@type\":\"ListItem\",\"position\":3,\"name\":\"M\u0113ness zizlis un kron\u012b\u0161a komplekts\"}]},{\"@type\":\"WebSite\",\"@id\":\"https:\/\/petitekingdom.com\/#website\",\"url\":\"https:\/\/petitekingdom.com\/\",\"name\":\"Petite Kingdom\",\"description\":\"B\u0113rnu izt\u0113lei nav robe\u017eu\",\"publisher\":{\"@id\":\"https:\/\/petitekingdom.com\/#organization\"},\"potentialAction\":[{\"@type\":\"SearchAction\",\"target\":{\"@type\":\"EntryPoint\",\"urlTemplate\":\"https:\/\/petitekingdom.com\/?s={search_term_string}\"},\"query-input\":{\"@type\":\"PropertyValueSpecification\",\"valueRequired\":true,\"valueName\":\"search_term_string\"}}],\"inLanguage\":\"lv-LV\"},{\"@type\":\"Organization\",\"@id\":\"https:\/\/petitekingdom.com\/#organization\",\"name\":\"Petite Kingdom\",\"url\":\"https:\/\/petitekingdom.com\/\",\"logo\":{\"@type\":\"ImageObject\",\"inLanguage\":\"lv-LV\",\"@id\":\"https:\/\/petitekingdom.com\/#\/schema\/logo\/image\/\",\"url\":\"https:\/\/petitekingdom.com\/wp-content\/uploads\/2021\/04\/PT_logo_blackPNG.png\",\"contentUrl\":\"https:\/\/petitekingdom.com\/wp-content\/uploads\/2021\/04\/PT_logo_blackPNG.png\",\"width\":1158,\"height\":500,\"caption\":\"Petite Kingdom\"},\"image\":{\"@id\":\"https:\/\/petitekingdom.com\/#\/schema\/logo\/image\/\"},\"sameAs\":[\"https:\/\/www.facebook.com\/Petite-Kingdom-114272640862559\",\"https:\/\/www.instagram.com\/petite_kingdom\/\"]}]}<\/script>\n<!-- \/ Yoast SEO Premium plugin. -->","yoast_head_json":{"title":"M\u0113ness zizlis un kron\u012b\u0161a komplekts &#8226; Petite Kingdom","robots":{"index":"index","follow":"follow","max-snippet":"max-snippet:-1","max-image-preview":"max-image-preview:large","max-video-preview":"max-video-preview:-1"},"canonical":"https:\/\/petitekingdom.com\/shop\/moon-fairy-wand-and-tiara-set\/","og_locale":"lv_LV","og_type":"article","og_title":"M\u0113ness zizlis un kron\u012b\u0161a komplekts","og_description":"\u0100r\u0113jais audums: 100% kokvilna, polster\u0113jums: 100% p\u0101rstr\u0101d\u0101ts poliesters","og_url":"https:\/\/petitekingdom.com\/shop\/moon-fairy-wand-and-tiara-set\/","og_site_name":"Petite Kingdom","article_publisher":"https:\/\/www.facebook.com\/Petite-Kingdom-114272640862559","og_image":[{"width":1920,"height":1920,"url":"https:\/\/petitekingdom.com\/wp-content\/uploads\/2024\/11\/moon-fairy-wand-and-tiara-set-fabelab.jpg","type":"image\/jpeg"}],"twitter_card":"summary_large_image","schema":{"@context":"https:\/\/schema.org","@graph":[{"@type":"WebPage","@id":"https:\/\/petitekingdom.com\/shop\/moon-fairy-wand-and-tiara-set\/","url":"https:\/\/petitekingdom.com\/shop\/moon-fairy-wand-and-tiara-set\/","name":"M\u0113ness zizlis un kron\u012b\u0161a komplekts &#8226; Petite Kingdom","isPartOf":{"@id":"https:\/\/petitekingdom.com\/#website"},"primaryImageOfPage":{"@id":"https:\/\/petitekingdom.com\/shop\/moon-fairy-wand-and-tiara-set\/#primaryimage"},"image":{"@id":"https:\/\/petitekingdom.com\/shop\/moon-fairy-wand-and-tiara-set\/#primaryimage"},"thumbnailUrl":"https:\/\/petitekingdom.com\/wp-content\/uploads\/2024\/11\/moon-fairy-wand-and-tiara-set-fabelab.jpg","datePublished":"2024-11-05T12:10:56+00:00","dateModified":"2024-11-05T12:10:56+00:00","breadcrumb":{"@id":"https:\/\/petitekingdom.com\/shop\/moon-fairy-wand-and-tiara-set\/#breadcrumb"},"inLanguage":"lv-LV","potentialAction":[{"@type":"ReadAction","target":["https:\/\/petitekingdom.com\/shop\/moon-fairy-wand-and-tiara-set\/"]}]},{"@type":"ImageObject","inLanguage":"lv-LV","@id":"https:\/\/petitekingdom.com\/shop\/moon-fairy-wand-and-tiara-set\/#primaryimage","url":"https:\/\/petitekingdom.com\/wp-content\/uploads\/2024\/11\/moon-fairy-wand-and-tiara-set-fabelab.jpg","contentUrl":"https:\/\/petitekingdom.com\/wp-content\/uploads\/2024\/11\/moon-fairy-wand-and-tiara-set-fabelab.jpg","width":1920,"height":1920,"caption":"M\u0113ness zizlis un kron\u012b\u0161a komplekts - Fabelab"},{"@type":"BreadcrumbList","@id":"https:\/\/petitekingdom.com\/shop\/moon-fairy-wand-and-tiara-set\/#breadcrumb","itemListElement":[{"@type":"ListItem","position":1,"name":"Home","item":"https:\/\/petitekingdom.com\/lv\/"},{"@type":"ListItem","position":2,"name":"Veikals","item":"https:\/\/petitekingdom.com\/lv\/veikals\/"},{"@type":"ListItem","position":3,"name":"M\u0113ness zizlis un kron\u012b\u0161a komplekts"}]},{"@type":"WebSite","@id":"https:\/\/petitekingdom.com\/#website","url":"https:\/\/petitekingdom.com\/","name":"Petite Kingdom","description":"B\u0113rnu izt\u0113lei nav robe\u017eu","publisher":{"@id":"https:\/\/petitekingdom.com\/#organization"},"potentialAction":[{"@type":"SearchAction","target":{"@type":"EntryPoint","urlTemplate":"https:\/\/petitekingdom.com\/?s={search_term_string}"},"query-input":{"@type":"PropertyValueSpecification","valueRequired":true,"valueName":"search_term_string"}}],"inLanguage":"lv-LV"},{"@type":"Organization","@id":"https:\/\/petitekingdom.com\/#organization","name":"Petite Kingdom","url":"https:\/\/petitekingdom.com\/","logo":{"@type":"ImageObject","inLanguage":"lv-LV","@id":"https:\/\/petitekingdom.com\/#\/schema\/logo\/image\/","url":"https:\/\/petitekingdom.com\/wp-content\/uploads\/2021\/04\/PT_logo_blackPNG.png","contentUrl":"https:\/\/petitekingdom.com\/wp-content\/uploads\/2021\/04\/PT_logo_blackPNG.png","width":1158,"height":500,"caption":"Petite Kingdom"},"image":{"@id":"https:\/\/petitekingdom.com\/#\/schema\/logo\/image\/"},"sameAs":["https:\/\/www.facebook.com\/Petite-Kingdom-114272640862559","https:\/\/www.instagram.com\/petite_kingdom\/"]}]}},"_links":{"self":[{"href":"https:\/\/petitekingdom.com\/lv\/wp-json\/wp\/v2\/product\/56491"}],"collection":[{"href":"https:\/\/petitekingdom.com\/lv\/wp-json\/wp\/v2\/product"}],"about":[{"href":"https:\/\/petitekingdom.com\/lv\/wp-json\/wp\/v2\/types\/product"}],"wp:featuredmedia":[{"embeddable":true,"href":"https:\/\/petitekingdom.com\/lv\/wp-json\/wp\/v2\/media\/56484"}],"wp:attachment":[{"href":"https:\/\/petitekingdom.com\/lv\/wp-json\/wp\/v2\/media?parent=56491"}],"wp:term":[{"taxonomy":"product_cat","embeddable":true,"href":"https:\/\/petitekingdom.com\/lv\/wp-json\/wp\/v2\/product_cat?post=56491"},{"taxonomy":"product_tag","embeddable":true,"href":"https:\/\/petitekingdom.com\/lv\/wp-json\/wp\/v2\/product_tag?post=56491"},{"taxonomy":"product-material","embeddable":true,"href":"https:\/\/petitekingdom.com\/lv\/wp-json\/wp\/v2\/product-material?post=56491"},{"taxonomy":"product-type","embeddable":true,"href":"https:\/\/petitekingdom.com\/lv\/wp-json\/wp\/v2\/product-type?post=56491"},{"taxonomy":"designers","embeddable":true,"href":"https:\/\/petitekingdom.com\/lv\/wp-json\/wp\/v2\/designers?post=56491"}],"curies":[{"name":"wp","href":"https:\/\/api.w.org\/{rel}","templated":true}]}}