{"id":56481,"date":"2024-11-04T20:17:16","date_gmt":"2024-11-04T18:19:29","guid":{"rendered":"https:\/\/petitekingdom.com\/shop\/uncategorized\/meness-feju-komplekts\/"},"modified":"2024-11-04T20:19:29","modified_gmt":"2024-11-04T18:19:29","slug":"meness-feju-komplekts","status":"publish","type":"product","link":"https:\/\/petitekingdom.com\/lv\/shop\/meness-feju-komplekts\/","title":{"rendered":"M\u0113ness feju komplekts"},"content":{"rendered":"<ul>\n<li>\u0100r\u0113jais audums: 100% kokvilna, polster\u0113jums: 100% p\u0101rstr\u0101d\u0101ts poliesters<\/li>\n<li>P\u0101r\u0123\u0113rb\u0161an\u0101s Sp\u0113le<\/li>\n<\/ul>\n","protected":false},"excerpt":{"rendered":"<p>Apk\u0101rt pl\u012bvojot, m\u0113ness fejas aizsarg\u0101 F\u0101bellendas zemi un sniedz dzirksti un prieku ikvienam, ko vi\u0146i satiek sav\u0101 ce\u013c\u0101. \u013baujiet savam mazajam \u0113rtaj\u0101, ar debesu apdruku, apdruk\u0101t\u0101 M\u0113ness pasaku komplekt\u0101, kas sast\u0101v no skaista apmet\u0146a ar kapuci, jaukiem, elast\u012bgiem sv\u0101rkiem ar zeltainu elast\u012bgo joslu, un plaukstas loc\u012btavas aproces ar m\u0113ness iz\u0161uvumu. <\/p>\n","protected":false},"featured_media":56478,"template":"","meta":{"_acf_changed":false},"product_cat":[1212,1192,1655,1605,1607,1674,1271,1276],"product_tag":[],"product-material":[],"product-type":[],"designers":[1851],"class_list":{"0":"post-56481","1":"product","2":"type-product","3":"status-publish","4":"has-post-thumbnail","6":"product_cat-aksesuari","7":"product_cat-meitenes","8":"product_cat-jaunumi","9":"product_cat-izpardosana","10":"product_cat-outlets","11":"product_cat-sezonas-izpardosana","12":"product_cat-speles-rotallietas-berniem","13":"product_cat-lomu-speles","14":"designers-fabelab-lv","16":"first","17":"instock","18":"sale","19":"taxable","20":"shipping-taxable","21":"purchasable","22":"product-type-simple"},"acf":[],"yoast_head":"<!-- This site is optimized with the Yoast SEO Premium plugin v23.7 (Yoast SEO v23.7) - https:\/\/yoast.com\/wordpress\/plugins\/seo\/ -->\n<title>M\u0113ness feju komplekts &#8226; Petite Kingdom<\/title>\n<meta name=\"robots\" content=\"index, follow, max-snippet:-1, max-image-preview:large, max-video-preview:-1\" \/>\n<link rel=\"canonical\" href=\"https:\/\/petitekingdom.com\/shop\/moon-fairy-set\/\" \/>\n<meta property=\"og:locale\" content=\"lv_LV\" \/>\n<meta property=\"og:type\" content=\"article\" \/>\n<meta property=\"og:title\" content=\"M\u0113ness feju komplekts\" \/>\n<meta property=\"og:description\" content=\"Apk\u0101rt pl\u012bvojot, m\u0113ness fejas aizsarg\u0101 F\u0101bellendas zemi un sniedz dzirksti un prieku ikvienam, ko vi\u0146i satiek sav\u0101 ce\u013c\u0101. \u013baujiet savam mazajam \u0113rtaj\u0101, ar debesu apdruku, apdruk\u0101t\u0101 M\u0113ness pasaku komplekt\u0101, kas sast\u0101v no skaista apmet\u0146a ar kapuci, jaukiem, elast\u012bgiem sv\u0101rkiem ar zeltainu elast\u012bgo joslu, un plaukstas loc\u012btavas aproces ar m\u0113ness iz\u0161uvumu.\" \/>\n<meta property=\"og:url\" content=\"https:\/\/petitekingdom.com\/shop\/moon-fairy-set\/\" \/>\n<meta property=\"og:site_name\" content=\"Petite Kingdom\" \/>\n<meta property=\"article:publisher\" content=\"https:\/\/www.facebook.com\/Petite-Kingdom-114272640862559\" \/>\n<meta property=\"og:image\" content=\"https:\/\/petitekingdom.com\/wp-content\/uploads\/2024\/11\/moon-fairy-set-fabelab.jpg\" \/>\n\t<meta property=\"og:image:width\" content=\"1920\" \/>\n\t<meta property=\"og:image:height\" content=\"1920\" \/>\n\t<meta property=\"og:image:type\" content=\"image\/jpeg\" \/>\n<meta name=\"twitter:card\" content=\"summary_large_image\" \/>\n<script type=\"application\/ld+json\" class=\"yoast-schema-graph\">{\"@context\":\"https:\/\/schema.org\",\"@graph\":[{\"@type\":\"WebPage\",\"@id\":\"https:\/\/petitekingdom.com\/shop\/moon-fairy-set\/\",\"url\":\"https:\/\/petitekingdom.com\/shop\/moon-fairy-set\/\",\"name\":\"M\u0113ness feju komplekts &#8226; Petite Kingdom\",\"isPartOf\":{\"@id\":\"https:\/\/petitekingdom.com\/#website\"},\"primaryImageOfPage\":{\"@id\":\"https:\/\/petitekingdom.com\/shop\/moon-fairy-set\/#primaryimage\"},\"image\":{\"@id\":\"https:\/\/petitekingdom.com\/shop\/moon-fairy-set\/#primaryimage\"},\"thumbnailUrl\":\"https:\/\/petitekingdom.com\/wp-content\/uploads\/2024\/11\/moon-fairy-set-fabelab.jpg\",\"datePublished\":\"2024-11-04T18:19:29+00:00\",\"dateModified\":\"2024-11-04T18:19:29+00:00\",\"breadcrumb\":{\"@id\":\"https:\/\/petitekingdom.com\/shop\/moon-fairy-set\/#breadcrumb\"},\"inLanguage\":\"lv-LV\",\"potentialAction\":[{\"@type\":\"ReadAction\",\"target\":[\"https:\/\/petitekingdom.com\/shop\/moon-fairy-set\/\"]}]},{\"@type\":\"ImageObject\",\"inLanguage\":\"lv-LV\",\"@id\":\"https:\/\/petitekingdom.com\/shop\/moon-fairy-set\/#primaryimage\",\"url\":\"https:\/\/petitekingdom.com\/wp-content\/uploads\/2024\/11\/moon-fairy-set-fabelab.jpg\",\"contentUrl\":\"https:\/\/petitekingdom.com\/wp-content\/uploads\/2024\/11\/moon-fairy-set-fabelab.jpg\",\"width\":1920,\"height\":1920,\"caption\":\"M\u0113ness feju komplekts - Fabelab\"},{\"@type\":\"BreadcrumbList\",\"@id\":\"https:\/\/petitekingdom.com\/shop\/moon-fairy-set\/#breadcrumb\",\"itemListElement\":[{\"@type\":\"ListItem\",\"position\":1,\"name\":\"Home\",\"item\":\"https:\/\/petitekingdom.com\/lv\/\"},{\"@type\":\"ListItem\",\"position\":2,\"name\":\"Veikals\",\"item\":\"https:\/\/petitekingdom.com\/lv\/veikals\/\"},{\"@type\":\"ListItem\",\"position\":3,\"name\":\"M\u0113ness feju komplekts\"}]},{\"@type\":\"WebSite\",\"@id\":\"https:\/\/petitekingdom.com\/#website\",\"url\":\"https:\/\/petitekingdom.com\/\",\"name\":\"Petite Kingdom\",\"description\":\"B\u0113rnu izt\u0113lei nav robe\u017eu\",\"publisher\":{\"@id\":\"https:\/\/petitekingdom.com\/#organization\"},\"potentialAction\":[{\"@type\":\"SearchAction\",\"target\":{\"@type\":\"EntryPoint\",\"urlTemplate\":\"https:\/\/petitekingdom.com\/?s={search_term_string}\"},\"query-input\":{\"@type\":\"PropertyValueSpecification\",\"valueRequired\":true,\"valueName\":\"search_term_string\"}}],\"inLanguage\":\"lv-LV\"},{\"@type\":\"Organization\",\"@id\":\"https:\/\/petitekingdom.com\/#organization\",\"name\":\"Petite Kingdom\",\"url\":\"https:\/\/petitekingdom.com\/\",\"logo\":{\"@type\":\"ImageObject\",\"inLanguage\":\"lv-LV\",\"@id\":\"https:\/\/petitekingdom.com\/#\/schema\/logo\/image\/\",\"url\":\"https:\/\/petitekingdom.com\/wp-content\/uploads\/2021\/04\/PT_logo_blackPNG.png\",\"contentUrl\":\"https:\/\/petitekingdom.com\/wp-content\/uploads\/2021\/04\/PT_logo_blackPNG.png\",\"width\":1158,\"height\":500,\"caption\":\"Petite Kingdom\"},\"image\":{\"@id\":\"https:\/\/petitekingdom.com\/#\/schema\/logo\/image\/\"},\"sameAs\":[\"https:\/\/www.facebook.com\/Petite-Kingdom-114272640862559\",\"https:\/\/www.instagram.com\/petite_kingdom\/\"]}]}<\/script>\n<!-- \/ Yoast SEO Premium plugin. -->","yoast_head_json":{"title":"M\u0113ness feju komplekts &#8226; Petite Kingdom","robots":{"index":"index","follow":"follow","max-snippet":"max-snippet:-1","max-image-preview":"max-image-preview:large","max-video-preview":"max-video-preview:-1"},"canonical":"https:\/\/petitekingdom.com\/shop\/moon-fairy-set\/","og_locale":"lv_LV","og_type":"article","og_title":"M\u0113ness feju komplekts","og_description":"Apk\u0101rt pl\u012bvojot, m\u0113ness fejas aizsarg\u0101 F\u0101bellendas zemi un sniedz dzirksti un prieku ikvienam, ko vi\u0146i satiek sav\u0101 ce\u013c\u0101. \u013baujiet savam mazajam \u0113rtaj\u0101, ar debesu apdruku, apdruk\u0101t\u0101 M\u0113ness pasaku komplekt\u0101, kas sast\u0101v no skaista apmet\u0146a ar kapuci, jaukiem, elast\u012bgiem sv\u0101rkiem ar zeltainu elast\u012bgo joslu, un plaukstas loc\u012btavas aproces ar m\u0113ness iz\u0161uvumu.","og_url":"https:\/\/petitekingdom.com\/shop\/moon-fairy-set\/","og_site_name":"Petite Kingdom","article_publisher":"https:\/\/www.facebook.com\/Petite-Kingdom-114272640862559","og_image":[{"width":1920,"height":1920,"url":"https:\/\/petitekingdom.com\/wp-content\/uploads\/2024\/11\/moon-fairy-set-fabelab.jpg","type":"image\/jpeg"}],"twitter_card":"summary_large_image","schema":{"@context":"https:\/\/schema.org","@graph":[{"@type":"WebPage","@id":"https:\/\/petitekingdom.com\/shop\/moon-fairy-set\/","url":"https:\/\/petitekingdom.com\/shop\/moon-fairy-set\/","name":"M\u0113ness feju komplekts &#8226; Petite Kingdom","isPartOf":{"@id":"https:\/\/petitekingdom.com\/#website"},"primaryImageOfPage":{"@id":"https:\/\/petitekingdom.com\/shop\/moon-fairy-set\/#primaryimage"},"image":{"@id":"https:\/\/petitekingdom.com\/shop\/moon-fairy-set\/#primaryimage"},"thumbnailUrl":"https:\/\/petitekingdom.com\/wp-content\/uploads\/2024\/11\/moon-fairy-set-fabelab.jpg","datePublished":"2024-11-04T18:19:29+00:00","dateModified":"2024-11-04T18:19:29+00:00","breadcrumb":{"@id":"https:\/\/petitekingdom.com\/shop\/moon-fairy-set\/#breadcrumb"},"inLanguage":"lv-LV","potentialAction":[{"@type":"ReadAction","target":["https:\/\/petitekingdom.com\/shop\/moon-fairy-set\/"]}]},{"@type":"ImageObject","inLanguage":"lv-LV","@id":"https:\/\/petitekingdom.com\/shop\/moon-fairy-set\/#primaryimage","url":"https:\/\/petitekingdom.com\/wp-content\/uploads\/2024\/11\/moon-fairy-set-fabelab.jpg","contentUrl":"https:\/\/petitekingdom.com\/wp-content\/uploads\/2024\/11\/moon-fairy-set-fabelab.jpg","width":1920,"height":1920,"caption":"M\u0113ness feju komplekts - Fabelab"},{"@type":"BreadcrumbList","@id":"https:\/\/petitekingdom.com\/shop\/moon-fairy-set\/#breadcrumb","itemListElement":[{"@type":"ListItem","position":1,"name":"Home","item":"https:\/\/petitekingdom.com\/lv\/"},{"@type":"ListItem","position":2,"name":"Veikals","item":"https:\/\/petitekingdom.com\/lv\/veikals\/"},{"@type":"ListItem","position":3,"name":"M\u0113ness feju komplekts"}]},{"@type":"WebSite","@id":"https:\/\/petitekingdom.com\/#website","url":"https:\/\/petitekingdom.com\/","name":"Petite Kingdom","description":"B\u0113rnu izt\u0113lei nav robe\u017eu","publisher":{"@id":"https:\/\/petitekingdom.com\/#organization"},"potentialAction":[{"@type":"SearchAction","target":{"@type":"EntryPoint","urlTemplate":"https:\/\/petitekingdom.com\/?s={search_term_string}"},"query-input":{"@type":"PropertyValueSpecification","valueRequired":true,"valueName":"search_term_string"}}],"inLanguage":"lv-LV"},{"@type":"Organization","@id":"https:\/\/petitekingdom.com\/#organization","name":"Petite Kingdom","url":"https:\/\/petitekingdom.com\/","logo":{"@type":"ImageObject","inLanguage":"lv-LV","@id":"https:\/\/petitekingdom.com\/#\/schema\/logo\/image\/","url":"https:\/\/petitekingdom.com\/wp-content\/uploads\/2021\/04\/PT_logo_blackPNG.png","contentUrl":"https:\/\/petitekingdom.com\/wp-content\/uploads\/2021\/04\/PT_logo_blackPNG.png","width":1158,"height":500,"caption":"Petite Kingdom"},"image":{"@id":"https:\/\/petitekingdom.com\/#\/schema\/logo\/image\/"},"sameAs":["https:\/\/www.facebook.com\/Petite-Kingdom-114272640862559","https:\/\/www.instagram.com\/petite_kingdom\/"]}]}},"_links":{"self":[{"href":"https:\/\/petitekingdom.com\/lv\/wp-json\/wp\/v2\/product\/56481"}],"collection":[{"href":"https:\/\/petitekingdom.com\/lv\/wp-json\/wp\/v2\/product"}],"about":[{"href":"https:\/\/petitekingdom.com\/lv\/wp-json\/wp\/v2\/types\/product"}],"wp:featuredmedia":[{"embeddable":true,"href":"https:\/\/petitekingdom.com\/lv\/wp-json\/wp\/v2\/media\/56478"}],"wp:attachment":[{"href":"https:\/\/petitekingdom.com\/lv\/wp-json\/wp\/v2\/media?parent=56481"}],"wp:term":[{"taxonomy":"product_cat","embeddable":true,"href":"https:\/\/petitekingdom.com\/lv\/wp-json\/wp\/v2\/product_cat?post=56481"},{"taxonomy":"product_tag","embeddable":true,"href":"https:\/\/petitekingdom.com\/lv\/wp-json\/wp\/v2\/product_tag?post=56481"},{"taxonomy":"product-material","embeddable":true,"href":"https:\/\/petitekingdom.com\/lv\/wp-json\/wp\/v2\/product-material?post=56481"},{"taxonomy":"product-type","embeddable":true,"href":"https:\/\/petitekingdom.com\/lv\/wp-json\/wp\/v2\/product-type?post=56481"},{"taxonomy":"designers","embeddable":true,"href":"https:\/\/petitekingdom.com\/lv\/wp-json\/wp\/v2\/designers?post=56481"}],"curies":[{"name":"wp","href":"https:\/\/api.w.org\/{rel}","templated":true}]}}