{"id":56049,"date":"2024-09-11T11:14:16","date_gmt":"2024-09-11T08:19:40","guid":{"rendered":"https:\/\/petitekingdom.com\/shop\/uncategorized\/priezu-krasas-zekubikses-ar-velveta-banti\/"},"modified":"2024-09-11T11:19:40","modified_gmt":"2024-09-11T08:19:40","slug":"priezu-krasas-zekubikses-ar-velveta-banti","status":"publish","type":"product","link":"https:\/\/petitekingdom.com\/lv\/shop\/priezu-krasas-zekubikses-ar-velveta-banti\/","title":{"rendered":"Prie\u017eu kr\u0101sas ze\u0137ubikses ar velveta banti"},"content":{"rendered":"<ul>\n<li>75% kokvilna 22% neilons 3% elast\u0101ns<\/li>\n<li>Ra\u017eots Sp\u0101nij\u0101<\/li>\n<li>Smalkas no\u0161uves komfortam un iztur\u012bbai<\/li>\n<\/ul>\n","protected":false},"excerpt":{"rendered":"<p>Condor samta bant\u012b\u0161u ze\u0137ubikses ir rad\u012btas, lai iepriecin\u0101tu modes tendences meitenes, apvienojot komfortu ar nelielu izsmalcin\u0101t\u012bbu. Neatkar\u012bgi no t\u0101, vai t\u0101s ir pievielktas pie ball\u012b\u0161u kleitas vai ikdieni\u0161\u0137a t\u0113rpa, \u0161\u012bs ze\u0137ubikses noteikti k\u013c\u016bs par garderobes iecien\u012bt\u0101ko gabalu. <\/p>\n","protected":false},"featured_media":56044,"template":"","meta":{"_acf_changed":false},"product_cat":[1212,1217,1223,1192,1215,1222,1655,1605,1607,1674],"product_tag":[],"product-material":[],"product-type":[],"designers":[669],"class_list":{"0":"post-56049","1":"product","2":"type-product","3":"status-publish","4":"has-post-thumbnail","6":"product_cat-aksesuari","7":"product_cat-bernu-zekubikses-zekes","8":"product_cat-zekubikses","9":"product_cat-meitenes","10":"product_cat-zekubikses-zekes-meitenem","11":"product_cat-meitenu-zekubikses","12":"product_cat-jaunumi","13":"product_cat-izpardosana","14":"product_cat-outlets","15":"product_cat-sezonas-izpardosana","16":"designers-condor-lv","18":"first","19":"instock","20":"sale","21":"taxable","22":"shipping-taxable","23":"purchasable","24":"product-type-variable"},"acf":[],"yoast_head":"<!-- This site is optimized with the Yoast SEO Premium plugin v23.7 (Yoast SEO v23.7) - https:\/\/yoast.com\/wordpress\/plugins\/seo\/ -->\n<title>Prie\u017eu kr\u0101sas ze\u0137ubikses ar velveta banti &#8226; Petite Kingdom<\/title>\n<meta name=\"robots\" content=\"index, follow, max-snippet:-1, max-image-preview:large, max-video-preview:-1\" \/>\n<link rel=\"canonical\" href=\"https:\/\/petitekingdom.com\/shop\/side-velvet-bow-tights-in-pine\/\" \/>\n<meta property=\"og:locale\" content=\"lv_LV\" \/>\n<meta property=\"og:type\" content=\"article\" \/>\n<meta property=\"og:title\" content=\"Prie\u017eu kr\u0101sas ze\u0137ubikses ar velveta banti\" \/>\n<meta property=\"og:description\" content=\"Condor samta bant\u012b\u0161u ze\u0137ubikses ir rad\u012btas, lai iepriecin\u0101tu modes tendences meitenes, apvienojot komfortu ar nelielu izsmalcin\u0101t\u012bbu. Neatkar\u012bgi no t\u0101, vai t\u0101s ir pievielktas pie ball\u012b\u0161u kleitas vai ikdieni\u0161\u0137a t\u0113rpa, \u0161\u012bs ze\u0137ubikses noteikti k\u013c\u016bs par garderobes iecien\u012bt\u0101ko gabalu.\" \/>\n<meta property=\"og:url\" content=\"https:\/\/petitekingdom.com\/shop\/side-velvet-bow-tights-in-pine\/\" \/>\n<meta property=\"og:site_name\" content=\"Petite Kingdom\" \/>\n<meta property=\"article:publisher\" content=\"https:\/\/www.facebook.com\/Petite-Kingdom-114272640862559\" \/>\n<meta property=\"og:image\" content=\"https:\/\/petitekingdom.com\/wp-content\/uploads\/2024\/09\/side-velvet-bow-tights-in-pine-condor.jpg\" \/>\n\t<meta property=\"og:image:width\" content=\"775\" \/>\n\t<meta property=\"og:image:height\" content=\"790\" \/>\n\t<meta property=\"og:image:type\" content=\"image\/jpeg\" \/>\n<meta name=\"twitter:card\" content=\"summary_large_image\" \/>\n<script type=\"application\/ld+json\" class=\"yoast-schema-graph\">{\"@context\":\"https:\/\/schema.org\",\"@graph\":[{\"@type\":\"WebPage\",\"@id\":\"https:\/\/petitekingdom.com\/shop\/side-velvet-bow-tights-in-pine\/\",\"url\":\"https:\/\/petitekingdom.com\/shop\/side-velvet-bow-tights-in-pine\/\",\"name\":\"Prie\u017eu kr\u0101sas ze\u0137ubikses ar velveta banti &#8226; Petite Kingdom\",\"isPartOf\":{\"@id\":\"https:\/\/petitekingdom.com\/#website\"},\"primaryImageOfPage\":{\"@id\":\"https:\/\/petitekingdom.com\/shop\/side-velvet-bow-tights-in-pine\/#primaryimage\"},\"image\":{\"@id\":\"https:\/\/petitekingdom.com\/shop\/side-velvet-bow-tights-in-pine\/#primaryimage\"},\"thumbnailUrl\":\"https:\/\/petitekingdom.com\/wp-content\/uploads\/2024\/09\/side-velvet-bow-tights-in-pine-condor.jpg\",\"datePublished\":\"2024-09-11T08:19:40+00:00\",\"dateModified\":\"2024-09-11T08:19:40+00:00\",\"breadcrumb\":{\"@id\":\"https:\/\/petitekingdom.com\/shop\/side-velvet-bow-tights-in-pine\/#breadcrumb\"},\"inLanguage\":\"lv-LV\",\"potentialAction\":[{\"@type\":\"ReadAction\",\"target\":[\"https:\/\/petitekingdom.com\/shop\/side-velvet-bow-tights-in-pine\/\"]}]},{\"@type\":\"ImageObject\",\"inLanguage\":\"lv-LV\",\"@id\":\"https:\/\/petitekingdom.com\/shop\/side-velvet-bow-tights-in-pine\/#primaryimage\",\"url\":\"https:\/\/petitekingdom.com\/wp-content\/uploads\/2024\/09\/side-velvet-bow-tights-in-pine-condor.jpg\",\"contentUrl\":\"https:\/\/petitekingdom.com\/wp-content\/uploads\/2024\/09\/side-velvet-bow-tights-in-pine-condor.jpg\",\"width\":775,\"height\":790,\"caption\":\"Prie\u017eu kr\u0101sas ze\u0137ubikses ar velveta banti - C\u00f3ndor\"},{\"@type\":\"BreadcrumbList\",\"@id\":\"https:\/\/petitekingdom.com\/shop\/side-velvet-bow-tights-in-pine\/#breadcrumb\",\"itemListElement\":[{\"@type\":\"ListItem\",\"position\":1,\"name\":\"Home\",\"item\":\"https:\/\/petitekingdom.com\/lv\/\"},{\"@type\":\"ListItem\",\"position\":2,\"name\":\"Veikals\",\"item\":\"https:\/\/petitekingdom.com\/lv\/veikals\/\"},{\"@type\":\"ListItem\",\"position\":3,\"name\":\"Prie\u017eu kr\u0101sas ze\u0137ubikses ar velveta banti\"}]},{\"@type\":\"WebSite\",\"@id\":\"https:\/\/petitekingdom.com\/#website\",\"url\":\"https:\/\/petitekingdom.com\/\",\"name\":\"Petite Kingdom\",\"description\":\"B\u0113rnu izt\u0113lei nav robe\u017eu\",\"publisher\":{\"@id\":\"https:\/\/petitekingdom.com\/#organization\"},\"potentialAction\":[{\"@type\":\"SearchAction\",\"target\":{\"@type\":\"EntryPoint\",\"urlTemplate\":\"https:\/\/petitekingdom.com\/?s={search_term_string}\"},\"query-input\":{\"@type\":\"PropertyValueSpecification\",\"valueRequired\":true,\"valueName\":\"search_term_string\"}}],\"inLanguage\":\"lv-LV\"},{\"@type\":\"Organization\",\"@id\":\"https:\/\/petitekingdom.com\/#organization\",\"name\":\"Petite Kingdom\",\"url\":\"https:\/\/petitekingdom.com\/\",\"logo\":{\"@type\":\"ImageObject\",\"inLanguage\":\"lv-LV\",\"@id\":\"https:\/\/petitekingdom.com\/#\/schema\/logo\/image\/\",\"url\":\"https:\/\/petitekingdom.com\/wp-content\/uploads\/2021\/04\/PT_logo_blackPNG.png\",\"contentUrl\":\"https:\/\/petitekingdom.com\/wp-content\/uploads\/2021\/04\/PT_logo_blackPNG.png\",\"width\":1158,\"height\":500,\"caption\":\"Petite Kingdom\"},\"image\":{\"@id\":\"https:\/\/petitekingdom.com\/#\/schema\/logo\/image\/\"},\"sameAs\":[\"https:\/\/www.facebook.com\/Petite-Kingdom-114272640862559\",\"https:\/\/www.instagram.com\/petite_kingdom\/\"]}]}<\/script>\n<!-- \/ Yoast SEO Premium plugin. -->","yoast_head_json":{"title":"Prie\u017eu kr\u0101sas ze\u0137ubikses ar velveta banti &#8226; Petite Kingdom","robots":{"index":"index","follow":"follow","max-snippet":"max-snippet:-1","max-image-preview":"max-image-preview:large","max-video-preview":"max-video-preview:-1"},"canonical":"https:\/\/petitekingdom.com\/shop\/side-velvet-bow-tights-in-pine\/","og_locale":"lv_LV","og_type":"article","og_title":"Prie\u017eu kr\u0101sas ze\u0137ubikses ar velveta banti","og_description":"Condor samta bant\u012b\u0161u ze\u0137ubikses ir rad\u012btas, lai iepriecin\u0101tu modes tendences meitenes, apvienojot komfortu ar nelielu izsmalcin\u0101t\u012bbu. Neatkar\u012bgi no t\u0101, vai t\u0101s ir pievielktas pie ball\u012b\u0161u kleitas vai ikdieni\u0161\u0137a t\u0113rpa, \u0161\u012bs ze\u0137ubikses noteikti k\u013c\u016bs par garderobes iecien\u012bt\u0101ko gabalu.","og_url":"https:\/\/petitekingdom.com\/shop\/side-velvet-bow-tights-in-pine\/","og_site_name":"Petite Kingdom","article_publisher":"https:\/\/www.facebook.com\/Petite-Kingdom-114272640862559","og_image":[{"width":775,"height":790,"url":"https:\/\/petitekingdom.com\/wp-content\/uploads\/2024\/09\/side-velvet-bow-tights-in-pine-condor.jpg","type":"image\/jpeg"}],"twitter_card":"summary_large_image","schema":{"@context":"https:\/\/schema.org","@graph":[{"@type":"WebPage","@id":"https:\/\/petitekingdom.com\/shop\/side-velvet-bow-tights-in-pine\/","url":"https:\/\/petitekingdom.com\/shop\/side-velvet-bow-tights-in-pine\/","name":"Prie\u017eu kr\u0101sas ze\u0137ubikses ar velveta banti &#8226; Petite Kingdom","isPartOf":{"@id":"https:\/\/petitekingdom.com\/#website"},"primaryImageOfPage":{"@id":"https:\/\/petitekingdom.com\/shop\/side-velvet-bow-tights-in-pine\/#primaryimage"},"image":{"@id":"https:\/\/petitekingdom.com\/shop\/side-velvet-bow-tights-in-pine\/#primaryimage"},"thumbnailUrl":"https:\/\/petitekingdom.com\/wp-content\/uploads\/2024\/09\/side-velvet-bow-tights-in-pine-condor.jpg","datePublished":"2024-09-11T08:19:40+00:00","dateModified":"2024-09-11T08:19:40+00:00","breadcrumb":{"@id":"https:\/\/petitekingdom.com\/shop\/side-velvet-bow-tights-in-pine\/#breadcrumb"},"inLanguage":"lv-LV","potentialAction":[{"@type":"ReadAction","target":["https:\/\/petitekingdom.com\/shop\/side-velvet-bow-tights-in-pine\/"]}]},{"@type":"ImageObject","inLanguage":"lv-LV","@id":"https:\/\/petitekingdom.com\/shop\/side-velvet-bow-tights-in-pine\/#primaryimage","url":"https:\/\/petitekingdom.com\/wp-content\/uploads\/2024\/09\/side-velvet-bow-tights-in-pine-condor.jpg","contentUrl":"https:\/\/petitekingdom.com\/wp-content\/uploads\/2024\/09\/side-velvet-bow-tights-in-pine-condor.jpg","width":775,"height":790,"caption":"Prie\u017eu kr\u0101sas ze\u0137ubikses ar velveta banti - C\u00f3ndor"},{"@type":"BreadcrumbList","@id":"https:\/\/petitekingdom.com\/shop\/side-velvet-bow-tights-in-pine\/#breadcrumb","itemListElement":[{"@type":"ListItem","position":1,"name":"Home","item":"https:\/\/petitekingdom.com\/lv\/"},{"@type":"ListItem","position":2,"name":"Veikals","item":"https:\/\/petitekingdom.com\/lv\/veikals\/"},{"@type":"ListItem","position":3,"name":"Prie\u017eu kr\u0101sas ze\u0137ubikses ar velveta banti"}]},{"@type":"WebSite","@id":"https:\/\/petitekingdom.com\/#website","url":"https:\/\/petitekingdom.com\/","name":"Petite Kingdom","description":"B\u0113rnu izt\u0113lei nav robe\u017eu","publisher":{"@id":"https:\/\/petitekingdom.com\/#organization"},"potentialAction":[{"@type":"SearchAction","target":{"@type":"EntryPoint","urlTemplate":"https:\/\/petitekingdom.com\/?s={search_term_string}"},"query-input":{"@type":"PropertyValueSpecification","valueRequired":true,"valueName":"search_term_string"}}],"inLanguage":"lv-LV"},{"@type":"Organization","@id":"https:\/\/petitekingdom.com\/#organization","name":"Petite Kingdom","url":"https:\/\/petitekingdom.com\/","logo":{"@type":"ImageObject","inLanguage":"lv-LV","@id":"https:\/\/petitekingdom.com\/#\/schema\/logo\/image\/","url":"https:\/\/petitekingdom.com\/wp-content\/uploads\/2021\/04\/PT_logo_blackPNG.png","contentUrl":"https:\/\/petitekingdom.com\/wp-content\/uploads\/2021\/04\/PT_logo_blackPNG.png","width":1158,"height":500,"caption":"Petite Kingdom"},"image":{"@id":"https:\/\/petitekingdom.com\/#\/schema\/logo\/image\/"},"sameAs":["https:\/\/www.facebook.com\/Petite-Kingdom-114272640862559","https:\/\/www.instagram.com\/petite_kingdom\/"]}]}},"_links":{"self":[{"href":"https:\/\/petitekingdom.com\/lv\/wp-json\/wp\/v2\/product\/56049"}],"collection":[{"href":"https:\/\/petitekingdom.com\/lv\/wp-json\/wp\/v2\/product"}],"about":[{"href":"https:\/\/petitekingdom.com\/lv\/wp-json\/wp\/v2\/types\/product"}],"wp:featuredmedia":[{"embeddable":true,"href":"https:\/\/petitekingdom.com\/lv\/wp-json\/wp\/v2\/media\/56044"}],"wp:attachment":[{"href":"https:\/\/petitekingdom.com\/lv\/wp-json\/wp\/v2\/media?parent=56049"}],"wp:term":[{"taxonomy":"product_cat","embeddable":true,"href":"https:\/\/petitekingdom.com\/lv\/wp-json\/wp\/v2\/product_cat?post=56049"},{"taxonomy":"product_tag","embeddable":true,"href":"https:\/\/petitekingdom.com\/lv\/wp-json\/wp\/v2\/product_tag?post=56049"},{"taxonomy":"product-material","embeddable":true,"href":"https:\/\/petitekingdom.com\/lv\/wp-json\/wp\/v2\/product-material?post=56049"},{"taxonomy":"product-type","embeddable":true,"href":"https:\/\/petitekingdom.com\/lv\/wp-json\/wp\/v2\/product-type?post=56049"},{"taxonomy":"designers","embeddable":true,"href":"https:\/\/petitekingdom.com\/lv\/wp-json\/wp\/v2\/designers?post=56049"}],"curies":[{"name":"wp","href":"https:\/\/api.w.org\/{rel}","templated":true}]}}