{"id":56031,"date":"2024-09-11T10:42:35","date_gmt":"2024-09-11T07:44:24","guid":{"rendered":"https:\/\/petitekingdom.com\/shop\/uncategorized\/koralkrasas-zekubikses-ar-samta-lenti\/"},"modified":"2024-09-11T10:44:24","modified_gmt":"2024-09-11T07:44:24","slug":"koralkrasas-zekubikses-ar-samta-lenti","status":"publish","type":"product","link":"https:\/\/petitekingdom.com\/lv\/shop\/koralkrasas-zekubikses-ar-samta-lenti\/","title":{"rendered":"Kora\u013ckr\u0101sas ze\u0137ubikses ar samta lenti"},"content":{"rendered":"<ul>\n<li>75% kokvilna 22% neilons 3% elast\u0101ns<\/li>\n<li>Ra\u017eots Sp\u0101nij\u0101<\/li>\n<li>Smalkas no\u0161uves komfortam un iztur\u012bbai<\/li>\n<\/ul>\n","protected":false},"excerpt":{"rendered":"<p data-pm-slice=\"1 1 []\">\u0160\u012bm pievilc\u012bgaj\u0101m kora\u013c\u013cu ze\u0137biks\u0113m s\u0101nos ir burv\u012bga samta bant\u012bte, kas pie\u0161\u0137ir elegances piesk\u0101rienu jebkuram t\u0113rpam. \u0160\u012bs ze\u0137ubikses ir ide\u0101li piem\u0113rotas \u012bpa\u0161iem gad\u012bjumiem vai ikdienas valk\u0101\u0161anai, un liks j\u016bsu mazajai princesei justies \u012bpa\u0161i \u012bpa\u0161ai. M\u012bkstais, elast\u012bgais audums nodro\u0161ina komfortu visas dienas garum\u0101, \u013caujot neierobe\u017eoti sp\u0113l\u0113ties un kust\u0113ties. Savienojiet ar kleit\u0101m, sv\u0101rkiem vai \u0161ortiem, lai ieg\u016btu daudzpus\u012bgu izskatu, kas noteikti piev\u0113rs\u012bs uzman\u012bbu!   <\/p>\n","protected":false},"featured_media":56028,"template":"","meta":{"_acf_changed":false},"product_cat":[1212,1217,1223,1192,1215,1222,1655,1605,1607,1674],"product_tag":[],"product-material":[],"product-type":[],"designers":[669],"class_list":{"0":"post-56031","1":"product","2":"type-product","3":"status-publish","4":"has-post-thumbnail","6":"product_cat-aksesuari","7":"product_cat-bernu-zekubikses-zekes","8":"product_cat-zekubikses","9":"product_cat-meitenes","10":"product_cat-zekubikses-zekes-meitenem","11":"product_cat-meitenu-zekubikses","12":"product_cat-jaunumi","13":"product_cat-izpardosana","14":"product_cat-outlets","15":"product_cat-sezonas-izpardosana","16":"designers-condor-lv","18":"first","19":"instock","20":"sale","21":"taxable","22":"shipping-taxable","23":"purchasable","24":"product-type-variable"},"acf":[],"yoast_head":"<!-- This site is optimized with the Yoast SEO Premium plugin v23.7 (Yoast SEO v23.7) - https:\/\/yoast.com\/wordpress\/plugins\/seo\/ -->\n<title>Kora\u013ckr\u0101sas ze\u0137ubikses ar samta lenti &#8226; Petite Kingdom<\/title>\n<meta name=\"robots\" content=\"index, follow, max-snippet:-1, max-image-preview:large, max-video-preview:-1\" \/>\n<link rel=\"canonical\" href=\"https:\/\/petitekingdom.com\/shop\/coral-girls-tights-with-velvet-bow\/\" \/>\n<meta property=\"og:locale\" content=\"lv_LV\" \/>\n<meta property=\"og:type\" content=\"article\" \/>\n<meta property=\"og:title\" content=\"Kora\u013ckr\u0101sas ze\u0137ubikses ar samta lenti\" \/>\n<meta property=\"og:description\" content=\"\u0160\u012bm pievilc\u012bgaj\u0101m kora\u013c\u013cu ze\u0137biks\u0113m s\u0101nos ir burv\u012bga samta bant\u012bte, kas pie\u0161\u0137ir elegances piesk\u0101rienu jebkuram t\u0113rpam. \u0160\u012bs ze\u0137ubikses ir ide\u0101li piem\u0113rotas \u012bpa\u0161iem gad\u012bjumiem vai ikdienas valk\u0101\u0161anai, un liks j\u016bsu mazajai princesei justies \u012bpa\u0161i \u012bpa\u0161ai. M\u012bkstais, elast\u012bgais audums nodro\u0161ina komfortu visas dienas garum\u0101, \u013caujot neierobe\u017eoti sp\u0113l\u0113ties un kust\u0113ties. Savienojiet ar kleit\u0101m, sv\u0101rkiem vai \u0161ortiem, lai ieg\u016btu daudzpus\u012bgu izskatu, kas noteikti piev\u0113rs\u012bs uzman\u012bbu!\" \/>\n<meta property=\"og:url\" content=\"https:\/\/petitekingdom.com\/shop\/coral-girls-tights-with-velvet-bow\/\" \/>\n<meta property=\"og:site_name\" content=\"Petite Kingdom\" \/>\n<meta property=\"article:publisher\" content=\"https:\/\/www.facebook.com\/Petite-Kingdom-114272640862559\" \/>\n<meta property=\"og:image\" content=\"https:\/\/petitekingdom.com\/wp-content\/uploads\/2024\/09\/coral-girls-tights-with-velvet-bow-condor.jpg\" \/>\n\t<meta property=\"og:image:width\" content=\"652\" \/>\n\t<meta property=\"og:image:height\" content=\"921\" \/>\n\t<meta property=\"og:image:type\" content=\"image\/jpeg\" \/>\n<meta name=\"twitter:card\" content=\"summary_large_image\" \/>\n<script type=\"application\/ld+json\" class=\"yoast-schema-graph\">{\"@context\":\"https:\/\/schema.org\",\"@graph\":[{\"@type\":\"WebPage\",\"@id\":\"https:\/\/petitekingdom.com\/shop\/coral-girls-tights-with-velvet-bow\/\",\"url\":\"https:\/\/petitekingdom.com\/shop\/coral-girls-tights-with-velvet-bow\/\",\"name\":\"Kora\u013ckr\u0101sas ze\u0137ubikses ar samta lenti &#8226; Petite Kingdom\",\"isPartOf\":{\"@id\":\"https:\/\/petitekingdom.com\/#website\"},\"primaryImageOfPage\":{\"@id\":\"https:\/\/petitekingdom.com\/shop\/coral-girls-tights-with-velvet-bow\/#primaryimage\"},\"image\":{\"@id\":\"https:\/\/petitekingdom.com\/shop\/coral-girls-tights-with-velvet-bow\/#primaryimage\"},\"thumbnailUrl\":\"https:\/\/petitekingdom.com\/wp-content\/uploads\/2024\/09\/coral-girls-tights-with-velvet-bow-condor.jpg\",\"datePublished\":\"2024-09-11T07:44:24+00:00\",\"dateModified\":\"2024-09-11T07:44:24+00:00\",\"breadcrumb\":{\"@id\":\"https:\/\/petitekingdom.com\/shop\/coral-girls-tights-with-velvet-bow\/#breadcrumb\"},\"inLanguage\":\"lv-LV\",\"potentialAction\":[{\"@type\":\"ReadAction\",\"target\":[\"https:\/\/petitekingdom.com\/shop\/coral-girls-tights-with-velvet-bow\/\"]}]},{\"@type\":\"ImageObject\",\"inLanguage\":\"lv-LV\",\"@id\":\"https:\/\/petitekingdom.com\/shop\/coral-girls-tights-with-velvet-bow\/#primaryimage\",\"url\":\"https:\/\/petitekingdom.com\/wp-content\/uploads\/2024\/09\/coral-girls-tights-with-velvet-bow-condor.jpg\",\"contentUrl\":\"https:\/\/petitekingdom.com\/wp-content\/uploads\/2024\/09\/coral-girls-tights-with-velvet-bow-condor.jpg\",\"width\":652,\"height\":921,\"caption\":\"Kora\u013ckr\u0101sas ze\u0137ubikses ar samta lenti - C\u00f3ndor\"},{\"@type\":\"BreadcrumbList\",\"@id\":\"https:\/\/petitekingdom.com\/shop\/coral-girls-tights-with-velvet-bow\/#breadcrumb\",\"itemListElement\":[{\"@type\":\"ListItem\",\"position\":1,\"name\":\"Home\",\"item\":\"https:\/\/petitekingdom.com\/lv\/\"},{\"@type\":\"ListItem\",\"position\":2,\"name\":\"Veikals\",\"item\":\"https:\/\/petitekingdom.com\/lv\/veikals\/\"},{\"@type\":\"ListItem\",\"position\":3,\"name\":\"Kora\u013ckr\u0101sas ze\u0137ubikses ar samta lenti\"}]},{\"@type\":\"WebSite\",\"@id\":\"https:\/\/petitekingdom.com\/#website\",\"url\":\"https:\/\/petitekingdom.com\/\",\"name\":\"Petite Kingdom\",\"description\":\"B\u0113rnu izt\u0113lei nav robe\u017eu\",\"publisher\":{\"@id\":\"https:\/\/petitekingdom.com\/#organization\"},\"potentialAction\":[{\"@type\":\"SearchAction\",\"target\":{\"@type\":\"EntryPoint\",\"urlTemplate\":\"https:\/\/petitekingdom.com\/?s={search_term_string}\"},\"query-input\":{\"@type\":\"PropertyValueSpecification\",\"valueRequired\":true,\"valueName\":\"search_term_string\"}}],\"inLanguage\":\"lv-LV\"},{\"@type\":\"Organization\",\"@id\":\"https:\/\/petitekingdom.com\/#organization\",\"name\":\"Petite Kingdom\",\"url\":\"https:\/\/petitekingdom.com\/\",\"logo\":{\"@type\":\"ImageObject\",\"inLanguage\":\"lv-LV\",\"@id\":\"https:\/\/petitekingdom.com\/#\/schema\/logo\/image\/\",\"url\":\"https:\/\/petitekingdom.com\/wp-content\/uploads\/2021\/04\/PT_logo_blackPNG.png\",\"contentUrl\":\"https:\/\/petitekingdom.com\/wp-content\/uploads\/2021\/04\/PT_logo_blackPNG.png\",\"width\":1158,\"height\":500,\"caption\":\"Petite Kingdom\"},\"image\":{\"@id\":\"https:\/\/petitekingdom.com\/#\/schema\/logo\/image\/\"},\"sameAs\":[\"https:\/\/www.facebook.com\/Petite-Kingdom-114272640862559\",\"https:\/\/www.instagram.com\/petite_kingdom\/\"]}]}<\/script>\n<!-- \/ Yoast SEO Premium plugin. -->","yoast_head_json":{"title":"Kora\u013ckr\u0101sas ze\u0137ubikses ar samta lenti &#8226; Petite Kingdom","robots":{"index":"index","follow":"follow","max-snippet":"max-snippet:-1","max-image-preview":"max-image-preview:large","max-video-preview":"max-video-preview:-1"},"canonical":"https:\/\/petitekingdom.com\/shop\/coral-girls-tights-with-velvet-bow\/","og_locale":"lv_LV","og_type":"article","og_title":"Kora\u013ckr\u0101sas ze\u0137ubikses ar samta lenti","og_description":"\u0160\u012bm pievilc\u012bgaj\u0101m kora\u013c\u013cu ze\u0137biks\u0113m s\u0101nos ir burv\u012bga samta bant\u012bte, kas pie\u0161\u0137ir elegances piesk\u0101rienu jebkuram t\u0113rpam. \u0160\u012bs ze\u0137ubikses ir ide\u0101li piem\u0113rotas \u012bpa\u0161iem gad\u012bjumiem vai ikdienas valk\u0101\u0161anai, un liks j\u016bsu mazajai princesei justies \u012bpa\u0161i \u012bpa\u0161ai. M\u012bkstais, elast\u012bgais audums nodro\u0161ina komfortu visas dienas garum\u0101, \u013caujot neierobe\u017eoti sp\u0113l\u0113ties un kust\u0113ties. Savienojiet ar kleit\u0101m, sv\u0101rkiem vai \u0161ortiem, lai ieg\u016btu daudzpus\u012bgu izskatu, kas noteikti piev\u0113rs\u012bs uzman\u012bbu!","og_url":"https:\/\/petitekingdom.com\/shop\/coral-girls-tights-with-velvet-bow\/","og_site_name":"Petite Kingdom","article_publisher":"https:\/\/www.facebook.com\/Petite-Kingdom-114272640862559","og_image":[{"width":652,"height":921,"url":"https:\/\/petitekingdom.com\/wp-content\/uploads\/2024\/09\/coral-girls-tights-with-velvet-bow-condor.jpg","type":"image\/jpeg"}],"twitter_card":"summary_large_image","schema":{"@context":"https:\/\/schema.org","@graph":[{"@type":"WebPage","@id":"https:\/\/petitekingdom.com\/shop\/coral-girls-tights-with-velvet-bow\/","url":"https:\/\/petitekingdom.com\/shop\/coral-girls-tights-with-velvet-bow\/","name":"Kora\u013ckr\u0101sas ze\u0137ubikses ar samta lenti &#8226; Petite Kingdom","isPartOf":{"@id":"https:\/\/petitekingdom.com\/#website"},"primaryImageOfPage":{"@id":"https:\/\/petitekingdom.com\/shop\/coral-girls-tights-with-velvet-bow\/#primaryimage"},"image":{"@id":"https:\/\/petitekingdom.com\/shop\/coral-girls-tights-with-velvet-bow\/#primaryimage"},"thumbnailUrl":"https:\/\/petitekingdom.com\/wp-content\/uploads\/2024\/09\/coral-girls-tights-with-velvet-bow-condor.jpg","datePublished":"2024-09-11T07:44:24+00:00","dateModified":"2024-09-11T07:44:24+00:00","breadcrumb":{"@id":"https:\/\/petitekingdom.com\/shop\/coral-girls-tights-with-velvet-bow\/#breadcrumb"},"inLanguage":"lv-LV","potentialAction":[{"@type":"ReadAction","target":["https:\/\/petitekingdom.com\/shop\/coral-girls-tights-with-velvet-bow\/"]}]},{"@type":"ImageObject","inLanguage":"lv-LV","@id":"https:\/\/petitekingdom.com\/shop\/coral-girls-tights-with-velvet-bow\/#primaryimage","url":"https:\/\/petitekingdom.com\/wp-content\/uploads\/2024\/09\/coral-girls-tights-with-velvet-bow-condor.jpg","contentUrl":"https:\/\/petitekingdom.com\/wp-content\/uploads\/2024\/09\/coral-girls-tights-with-velvet-bow-condor.jpg","width":652,"height":921,"caption":"Kora\u013ckr\u0101sas ze\u0137ubikses ar samta lenti - C\u00f3ndor"},{"@type":"BreadcrumbList","@id":"https:\/\/petitekingdom.com\/shop\/coral-girls-tights-with-velvet-bow\/#breadcrumb","itemListElement":[{"@type":"ListItem","position":1,"name":"Home","item":"https:\/\/petitekingdom.com\/lv\/"},{"@type":"ListItem","position":2,"name":"Veikals","item":"https:\/\/petitekingdom.com\/lv\/veikals\/"},{"@type":"ListItem","position":3,"name":"Kora\u013ckr\u0101sas ze\u0137ubikses ar samta lenti"}]},{"@type":"WebSite","@id":"https:\/\/petitekingdom.com\/#website","url":"https:\/\/petitekingdom.com\/","name":"Petite Kingdom","description":"B\u0113rnu izt\u0113lei nav robe\u017eu","publisher":{"@id":"https:\/\/petitekingdom.com\/#organization"},"potentialAction":[{"@type":"SearchAction","target":{"@type":"EntryPoint","urlTemplate":"https:\/\/petitekingdom.com\/?s={search_term_string}"},"query-input":{"@type":"PropertyValueSpecification","valueRequired":true,"valueName":"search_term_string"}}],"inLanguage":"lv-LV"},{"@type":"Organization","@id":"https:\/\/petitekingdom.com\/#organization","name":"Petite Kingdom","url":"https:\/\/petitekingdom.com\/","logo":{"@type":"ImageObject","inLanguage":"lv-LV","@id":"https:\/\/petitekingdom.com\/#\/schema\/logo\/image\/","url":"https:\/\/petitekingdom.com\/wp-content\/uploads\/2021\/04\/PT_logo_blackPNG.png","contentUrl":"https:\/\/petitekingdom.com\/wp-content\/uploads\/2021\/04\/PT_logo_blackPNG.png","width":1158,"height":500,"caption":"Petite Kingdom"},"image":{"@id":"https:\/\/petitekingdom.com\/#\/schema\/logo\/image\/"},"sameAs":["https:\/\/www.facebook.com\/Petite-Kingdom-114272640862559","https:\/\/www.instagram.com\/petite_kingdom\/"]}]}},"_links":{"self":[{"href":"https:\/\/petitekingdom.com\/lv\/wp-json\/wp\/v2\/product\/56031"}],"collection":[{"href":"https:\/\/petitekingdom.com\/lv\/wp-json\/wp\/v2\/product"}],"about":[{"href":"https:\/\/petitekingdom.com\/lv\/wp-json\/wp\/v2\/types\/product"}],"wp:featuredmedia":[{"embeddable":true,"href":"https:\/\/petitekingdom.com\/lv\/wp-json\/wp\/v2\/media\/56028"}],"wp:attachment":[{"href":"https:\/\/petitekingdom.com\/lv\/wp-json\/wp\/v2\/media?parent=56031"}],"wp:term":[{"taxonomy":"product_cat","embeddable":true,"href":"https:\/\/petitekingdom.com\/lv\/wp-json\/wp\/v2\/product_cat?post=56031"},{"taxonomy":"product_tag","embeddable":true,"href":"https:\/\/petitekingdom.com\/lv\/wp-json\/wp\/v2\/product_tag?post=56031"},{"taxonomy":"product-material","embeddable":true,"href":"https:\/\/petitekingdom.com\/lv\/wp-json\/wp\/v2\/product-material?post=56031"},{"taxonomy":"product-type","embeddable":true,"href":"https:\/\/petitekingdom.com\/lv\/wp-json\/wp\/v2\/product-type?post=56031"},{"taxonomy":"designers","embeddable":true,"href":"https:\/\/petitekingdom.com\/lv\/wp-json\/wp\/v2\/designers?post=56031"}],"curies":[{"name":"wp","href":"https:\/\/api.w.org\/{rel}","templated":true}]}}