{"id":56019,"date":"2024-09-10T18:20:13","date_gmt":"2024-09-10T15:22:25","guid":{"rendered":"https:\/\/petitekingdom.com\/shop\/uncategorized\/kanela-krasas-zekubikses-ar-bantiti\/"},"modified":"2024-09-10T18:22:25","modified_gmt":"2024-09-10T15:22:25","slug":"kanela-krasas-zekubikses-ar-bantiti","status":"publish","type":"product","link":"https:\/\/petitekingdom.com\/lv\/shop\/kanela-krasas-zekubikses-ar-bantiti\/","title":{"rendered":"Kan\u0113\u013ca kr\u0101sas ze\u0137ubikses ar bant\u012bti"},"content":{"rendered":"<ul>\n<li>75% kokvilna 23% neilons 3% elast\u0101ns<\/li>\n<li>Ra\u017eots Sp\u0101nij\u0101<\/li>\n<li>Izcils komforts ar 75% kokvilnu sast\u0101v\u0101<\/li>\n<li>Izcila iztur\u012bba akt\u012bviem b\u0113rniem<\/li>\n<\/ul>\n","protected":false},"excerpt":{"rendered":"<p>Papildiniet sava maz\u0101 b\u0113na dr\u0113bju skapi ar Condor izsmalcin\u0101taj\u0101m kokvilnas ze\u0137biks\u0113m. \u0160\u012bm Sp\u0101nij\u0101 ra\u017eotaj\u0101m ze\u0137ubiks\u0113m ar kan\u0113la nokr\u0101su ir burv\u012bga bant\u012bte s\u0101nos, kas pie\u0161\u0137ir elegances piesk\u0101rienu jebkuram ap\u0123\u0113rbam. <\/p>\n","protected":false},"featured_media":56014,"template":"","meta":{"_acf_changed":false},"product_cat":[1212,1192,1674,1655,1605,1607,1222,1223,1215,1217],"product_tag":[],"product-material":[],"product-type":[],"designers":[669],"class_list":{"0":"post-56019","1":"product","2":"type-product","3":"status-publish","4":"has-post-thumbnail","6":"product_cat-aksesuari","7":"product_cat-meitenes","8":"product_cat-sezonas-izpardosana","9":"product_cat-jaunumi","10":"product_cat-izpardosana","11":"product_cat-outlets","12":"product_cat-meitenu-zekubikses","13":"product_cat-zekubikses","14":"product_cat-zekubikses-zekes-meitenem","15":"product_cat-bernu-zekubikses-zekes","16":"designers-condor-lv","18":"first","19":"instock","20":"sale","21":"taxable","22":"shipping-taxable","23":"purchasable","24":"product-type-variable"},"acf":[],"yoast_head":"<!-- This site is optimized with the Yoast SEO Premium plugin v23.7 (Yoast SEO v23.7) - https:\/\/yoast.com\/wordpress\/plugins\/seo\/ -->\n<title>Kan\u0113\u013ca kr\u0101sas ze\u0137ubikses ar bant\u012bti &#8226; Petite Kingdom<\/title>\n<meta name=\"robots\" content=\"index, follow, max-snippet:-1, max-image-preview:large, max-video-preview:-1\" \/>\n<link rel=\"canonical\" href=\"https:\/\/petitekingdom.com\/shop\/bow-girls-tights-in-canella\/\" \/>\n<meta property=\"og:locale\" content=\"lv_LV\" \/>\n<meta property=\"og:type\" content=\"article\" \/>\n<meta property=\"og:title\" content=\"Kan\u0113\u013ca kr\u0101sas ze\u0137ubikses ar bant\u012bti\" \/>\n<meta property=\"og:description\" content=\"Papildiniet sava maz\u0101 b\u0113na dr\u0113bju skapi ar Condor izsmalcin\u0101taj\u0101m kokvilnas ze\u0137biks\u0113m. \u0160\u012bm Sp\u0101nij\u0101 ra\u017eotaj\u0101m ze\u0137ubiks\u0113m ar kan\u0113la nokr\u0101su ir burv\u012bga bant\u012bte s\u0101nos, kas pie\u0161\u0137ir elegances piesk\u0101rienu jebkuram ap\u0123\u0113rbam.\" \/>\n<meta property=\"og:url\" content=\"https:\/\/petitekingdom.com\/shop\/bow-girls-tights-in-canella\/\" \/>\n<meta property=\"og:site_name\" content=\"Petite Kingdom\" \/>\n<meta property=\"article:publisher\" content=\"https:\/\/www.facebook.com\/Petite-Kingdom-114272640862559\" \/>\n<meta property=\"og:image\" content=\"https:\/\/petitekingdom.com\/wp-content\/uploads\/2024\/09\/bow-girls-tights-in-canella-condor.jpg\" \/>\n\t<meta property=\"og:image:width\" content=\"1536\" \/>\n\t<meta property=\"og:image:height\" content=\"1536\" \/>\n\t<meta property=\"og:image:type\" content=\"image\/jpeg\" \/>\n<meta name=\"twitter:card\" content=\"summary_large_image\" \/>\n<script type=\"application\/ld+json\" class=\"yoast-schema-graph\">{\"@context\":\"https:\/\/schema.org\",\"@graph\":[{\"@type\":\"WebPage\",\"@id\":\"https:\/\/petitekingdom.com\/shop\/bow-girls-tights-in-canella\/\",\"url\":\"https:\/\/petitekingdom.com\/shop\/bow-girls-tights-in-canella\/\",\"name\":\"Kan\u0113\u013ca kr\u0101sas ze\u0137ubikses ar bant\u012bti &#8226; Petite Kingdom\",\"isPartOf\":{\"@id\":\"https:\/\/petitekingdom.com\/#website\"},\"primaryImageOfPage\":{\"@id\":\"https:\/\/petitekingdom.com\/shop\/bow-girls-tights-in-canella\/#primaryimage\"},\"image\":{\"@id\":\"https:\/\/petitekingdom.com\/shop\/bow-girls-tights-in-canella\/#primaryimage\"},\"thumbnailUrl\":\"https:\/\/petitekingdom.com\/wp-content\/uploads\/2024\/09\/bow-girls-tights-in-canella-condor.jpg\",\"datePublished\":\"2024-09-10T15:22:25+00:00\",\"dateModified\":\"2024-09-10T15:22:25+00:00\",\"breadcrumb\":{\"@id\":\"https:\/\/petitekingdom.com\/shop\/bow-girls-tights-in-canella\/#breadcrumb\"},\"inLanguage\":\"lv-LV\",\"potentialAction\":[{\"@type\":\"ReadAction\",\"target\":[\"https:\/\/petitekingdom.com\/shop\/bow-girls-tights-in-canella\/\"]}]},{\"@type\":\"ImageObject\",\"inLanguage\":\"lv-LV\",\"@id\":\"https:\/\/petitekingdom.com\/shop\/bow-girls-tights-in-canella\/#primaryimage\",\"url\":\"https:\/\/petitekingdom.com\/wp-content\/uploads\/2024\/09\/bow-girls-tights-in-canella-condor.jpg\",\"contentUrl\":\"https:\/\/petitekingdom.com\/wp-content\/uploads\/2024\/09\/bow-girls-tights-in-canella-condor.jpg\",\"width\":1536,\"height\":1536,\"caption\":\"Kan\u0113\u013ca kr\u0101sas ze\u0137ubikses ar bant\u012bti - C\u00f3ndor\"},{\"@type\":\"BreadcrumbList\",\"@id\":\"https:\/\/petitekingdom.com\/shop\/bow-girls-tights-in-canella\/#breadcrumb\",\"itemListElement\":[{\"@type\":\"ListItem\",\"position\":1,\"name\":\"Home\",\"item\":\"https:\/\/petitekingdom.com\/lv\/\"},{\"@type\":\"ListItem\",\"position\":2,\"name\":\"Veikals\",\"item\":\"https:\/\/petitekingdom.com\/lv\/veikals\/\"},{\"@type\":\"ListItem\",\"position\":3,\"name\":\"Kan\u0113\u013ca kr\u0101sas ze\u0137ubikses ar bant\u012bti\"}]},{\"@type\":\"WebSite\",\"@id\":\"https:\/\/petitekingdom.com\/#website\",\"url\":\"https:\/\/petitekingdom.com\/\",\"name\":\"Petite Kingdom\",\"description\":\"B\u0113rnu izt\u0113lei nav robe\u017eu\",\"publisher\":{\"@id\":\"https:\/\/petitekingdom.com\/#organization\"},\"potentialAction\":[{\"@type\":\"SearchAction\",\"target\":{\"@type\":\"EntryPoint\",\"urlTemplate\":\"https:\/\/petitekingdom.com\/?s={search_term_string}\"},\"query-input\":{\"@type\":\"PropertyValueSpecification\",\"valueRequired\":true,\"valueName\":\"search_term_string\"}}],\"inLanguage\":\"lv-LV\"},{\"@type\":\"Organization\",\"@id\":\"https:\/\/petitekingdom.com\/#organization\",\"name\":\"Petite Kingdom\",\"url\":\"https:\/\/petitekingdom.com\/\",\"logo\":{\"@type\":\"ImageObject\",\"inLanguage\":\"lv-LV\",\"@id\":\"https:\/\/petitekingdom.com\/#\/schema\/logo\/image\/\",\"url\":\"https:\/\/petitekingdom.com\/wp-content\/uploads\/2021\/04\/PT_logo_blackPNG.png\",\"contentUrl\":\"https:\/\/petitekingdom.com\/wp-content\/uploads\/2021\/04\/PT_logo_blackPNG.png\",\"width\":1158,\"height\":500,\"caption\":\"Petite Kingdom\"},\"image\":{\"@id\":\"https:\/\/petitekingdom.com\/#\/schema\/logo\/image\/\"},\"sameAs\":[\"https:\/\/www.facebook.com\/Petite-Kingdom-114272640862559\",\"https:\/\/www.instagram.com\/petite_kingdom\/\"]}]}<\/script>\n<!-- \/ Yoast SEO Premium plugin. -->","yoast_head_json":{"title":"Kan\u0113\u013ca kr\u0101sas ze\u0137ubikses ar bant\u012bti &#8226; Petite Kingdom","robots":{"index":"index","follow":"follow","max-snippet":"max-snippet:-1","max-image-preview":"max-image-preview:large","max-video-preview":"max-video-preview:-1"},"canonical":"https:\/\/petitekingdom.com\/shop\/bow-girls-tights-in-canella\/","og_locale":"lv_LV","og_type":"article","og_title":"Kan\u0113\u013ca kr\u0101sas ze\u0137ubikses ar bant\u012bti","og_description":"Papildiniet sava maz\u0101 b\u0113na dr\u0113bju skapi ar Condor izsmalcin\u0101taj\u0101m kokvilnas ze\u0137biks\u0113m. \u0160\u012bm Sp\u0101nij\u0101 ra\u017eotaj\u0101m ze\u0137ubiks\u0113m ar kan\u0113la nokr\u0101su ir burv\u012bga bant\u012bte s\u0101nos, kas pie\u0161\u0137ir elegances piesk\u0101rienu jebkuram ap\u0123\u0113rbam.","og_url":"https:\/\/petitekingdom.com\/shop\/bow-girls-tights-in-canella\/","og_site_name":"Petite Kingdom","article_publisher":"https:\/\/www.facebook.com\/Petite-Kingdom-114272640862559","og_image":[{"width":1536,"height":1536,"url":"https:\/\/petitekingdom.com\/wp-content\/uploads\/2024\/09\/bow-girls-tights-in-canella-condor.jpg","type":"image\/jpeg"}],"twitter_card":"summary_large_image","schema":{"@context":"https:\/\/schema.org","@graph":[{"@type":"WebPage","@id":"https:\/\/petitekingdom.com\/shop\/bow-girls-tights-in-canella\/","url":"https:\/\/petitekingdom.com\/shop\/bow-girls-tights-in-canella\/","name":"Kan\u0113\u013ca kr\u0101sas ze\u0137ubikses ar bant\u012bti &#8226; Petite Kingdom","isPartOf":{"@id":"https:\/\/petitekingdom.com\/#website"},"primaryImageOfPage":{"@id":"https:\/\/petitekingdom.com\/shop\/bow-girls-tights-in-canella\/#primaryimage"},"image":{"@id":"https:\/\/petitekingdom.com\/shop\/bow-girls-tights-in-canella\/#primaryimage"},"thumbnailUrl":"https:\/\/petitekingdom.com\/wp-content\/uploads\/2024\/09\/bow-girls-tights-in-canella-condor.jpg","datePublished":"2024-09-10T15:22:25+00:00","dateModified":"2024-09-10T15:22:25+00:00","breadcrumb":{"@id":"https:\/\/petitekingdom.com\/shop\/bow-girls-tights-in-canella\/#breadcrumb"},"inLanguage":"lv-LV","potentialAction":[{"@type":"ReadAction","target":["https:\/\/petitekingdom.com\/shop\/bow-girls-tights-in-canella\/"]}]},{"@type":"ImageObject","inLanguage":"lv-LV","@id":"https:\/\/petitekingdom.com\/shop\/bow-girls-tights-in-canella\/#primaryimage","url":"https:\/\/petitekingdom.com\/wp-content\/uploads\/2024\/09\/bow-girls-tights-in-canella-condor.jpg","contentUrl":"https:\/\/petitekingdom.com\/wp-content\/uploads\/2024\/09\/bow-girls-tights-in-canella-condor.jpg","width":1536,"height":1536,"caption":"Kan\u0113\u013ca kr\u0101sas ze\u0137ubikses ar bant\u012bti - C\u00f3ndor"},{"@type":"BreadcrumbList","@id":"https:\/\/petitekingdom.com\/shop\/bow-girls-tights-in-canella\/#breadcrumb","itemListElement":[{"@type":"ListItem","position":1,"name":"Home","item":"https:\/\/petitekingdom.com\/lv\/"},{"@type":"ListItem","position":2,"name":"Veikals","item":"https:\/\/petitekingdom.com\/lv\/veikals\/"},{"@type":"ListItem","position":3,"name":"Kan\u0113\u013ca kr\u0101sas ze\u0137ubikses ar bant\u012bti"}]},{"@type":"WebSite","@id":"https:\/\/petitekingdom.com\/#website","url":"https:\/\/petitekingdom.com\/","name":"Petite Kingdom","description":"B\u0113rnu izt\u0113lei nav robe\u017eu","publisher":{"@id":"https:\/\/petitekingdom.com\/#organization"},"potentialAction":[{"@type":"SearchAction","target":{"@type":"EntryPoint","urlTemplate":"https:\/\/petitekingdom.com\/?s={search_term_string}"},"query-input":{"@type":"PropertyValueSpecification","valueRequired":true,"valueName":"search_term_string"}}],"inLanguage":"lv-LV"},{"@type":"Organization","@id":"https:\/\/petitekingdom.com\/#organization","name":"Petite Kingdom","url":"https:\/\/petitekingdom.com\/","logo":{"@type":"ImageObject","inLanguage":"lv-LV","@id":"https:\/\/petitekingdom.com\/#\/schema\/logo\/image\/","url":"https:\/\/petitekingdom.com\/wp-content\/uploads\/2021\/04\/PT_logo_blackPNG.png","contentUrl":"https:\/\/petitekingdom.com\/wp-content\/uploads\/2021\/04\/PT_logo_blackPNG.png","width":1158,"height":500,"caption":"Petite Kingdom"},"image":{"@id":"https:\/\/petitekingdom.com\/#\/schema\/logo\/image\/"},"sameAs":["https:\/\/www.facebook.com\/Petite-Kingdom-114272640862559","https:\/\/www.instagram.com\/petite_kingdom\/"]}]}},"_links":{"self":[{"href":"https:\/\/petitekingdom.com\/lv\/wp-json\/wp\/v2\/product\/56019"}],"collection":[{"href":"https:\/\/petitekingdom.com\/lv\/wp-json\/wp\/v2\/product"}],"about":[{"href":"https:\/\/petitekingdom.com\/lv\/wp-json\/wp\/v2\/types\/product"}],"wp:featuredmedia":[{"embeddable":true,"href":"https:\/\/petitekingdom.com\/lv\/wp-json\/wp\/v2\/media\/56014"}],"wp:attachment":[{"href":"https:\/\/petitekingdom.com\/lv\/wp-json\/wp\/v2\/media?parent=56019"}],"wp:term":[{"taxonomy":"product_cat","embeddable":true,"href":"https:\/\/petitekingdom.com\/lv\/wp-json\/wp\/v2\/product_cat?post=56019"},{"taxonomy":"product_tag","embeddable":true,"href":"https:\/\/petitekingdom.com\/lv\/wp-json\/wp\/v2\/product_tag?post=56019"},{"taxonomy":"product-material","embeddable":true,"href":"https:\/\/petitekingdom.com\/lv\/wp-json\/wp\/v2\/product-material?post=56019"},{"taxonomy":"product-type","embeddable":true,"href":"https:\/\/petitekingdom.com\/lv\/wp-json\/wp\/v2\/product-type?post=56019"},{"taxonomy":"designers","embeddable":true,"href":"https:\/\/petitekingdom.com\/lv\/wp-json\/wp\/v2\/designers?post=56019"}],"curies":[{"name":"wp","href":"https:\/\/api.w.org\/{rel}","templated":true}]}}