{"id":56006,"date":"2024-09-10T17:25:34","date_gmt":"2024-09-10T14:30:12","guid":{"rendered":"https:\/\/petitekingdom.com\/shop\/uncategorized\/meitenu-violetas-zekibikses-ar-banti\/"},"modified":"2024-09-10T17:30:12","modified_gmt":"2024-09-10T14:30:12","slug":"meitenu-violetas-zekibikses-ar-banti","status":"publish","type":"product","link":"https:\/\/petitekingdom.com\/lv\/shop\/meitenu-violetas-zekibikses-ar-banti\/","title":{"rendered":"Meite\u0146u violetas ze\u0137ibikses ar banti"},"content":{"rendered":"<ul>\n<li>75% kokvilna 23% neilons 3% elast\u0101ns<\/li>\n<li>Ra\u017eots Sp\u0101nij\u0101<\/li>\n<li>Izcils komforts ar 75% kokvilnu sast\u0101v\u0101<\/li>\n<li>Izcila iztur\u012bba akt\u012bviem b\u0113rniem<\/li>\n<li>Optim\u0101la stiep\u0161an\u0101s neierobe\u017eot\u0101m kust\u012bb\u0101m<\/li>\n<li>Elpojo\u0161s audums, lai saglab\u0101tu komfortu visas dienas garum\u0101<\/li>\n<\/ul>\n","protected":false},"excerpt":{"rendered":"<p data-pm-slice=\"1 1 []\">Papildiniet sava b\u0113rna stilu ar \u0161\u012bm burv\u012bgaj\u0101m kokvilnas ze\u0137biks\u0113m no Condor. \u0160\u012bm Sp\u0101nij\u0101 ra\u017eotaj\u0101m ze\u0137ubiks\u0113m ir skaista kassijas-violet\u0101 kr\u0101sa un burv\u012bga s\u0101nu bant\u012bte, kas pie\u0161\u0137ir elegances piesk\u0101rienu. Ra\u017eotas no 75% kokvilnas, 22% neilona un 3% elast\u0101na, t\u0101s pied\u0101v\u0101 perfektu komforta un iztur\u012bbas l\u012bdzsvaru. Augstais kokvilnas saturs nodro\u0161ina gaisa caurlaid\u012bbu, savuk\u0101rt papildu elast\u012bba nodro\u0161ina cie\u0161u piegul\u0161anu. Neatkar\u012bgi no t\u0101, vai t\u0101s ir paredz\u0113tas \u012bpa\u0161iem gad\u012bjumiem vai valk\u0101\u0161anai ikdien\u0101, \u0161\u012bs ze\u0137ubikses ir oblig\u0101ts papildin\u0101jums jebkura b\u0113rna dr\u0113bju skapim.    <\/p>\n","protected":false},"featured_media":56005,"template":"","meta":{"_acf_changed":false},"product_cat":[1212,1192,1674,1655,1605,1607,1223,1222,1215,1217],"product_tag":[],"product-material":[],"product-type":[],"designers":[669],"class_list":{"0":"post-56006","1":"product","2":"type-product","3":"status-publish","4":"has-post-thumbnail","6":"product_cat-aksesuari","7":"product_cat-meitenes","8":"product_cat-sezonas-izpardosana","9":"product_cat-jaunumi","10":"product_cat-izpardosana","11":"product_cat-outlets","12":"product_cat-zekubikses","13":"product_cat-meitenu-zekubikses","14":"product_cat-zekubikses-zekes-meitenem","15":"product_cat-bernu-zekubikses-zekes","16":"designers-condor-lv","18":"first","19":"instock","20":"sale","21":"taxable","22":"shipping-taxable","23":"purchasable","24":"product-type-variable"},"acf":[],"yoast_head":"<!-- This site is optimized with the Yoast SEO Premium plugin v23.7 (Yoast SEO v23.7) - https:\/\/yoast.com\/wordpress\/plugins\/seo\/ -->\n<title>Meite\u0146u violetas ze\u0137ibikses ar banti &#8226; Petite Kingdom<\/title>\n<meta name=\"robots\" content=\"index, follow, max-snippet:-1, max-image-preview:large, max-video-preview:-1\" \/>\n<link rel=\"canonical\" href=\"https:\/\/petitekingdom.com\/shop\/bow-girls-tights-in-cassis\/\" \/>\n<meta property=\"og:locale\" content=\"lv_LV\" \/>\n<meta property=\"og:type\" content=\"article\" \/>\n<meta property=\"og:title\" content=\"Meite\u0146u violetas ze\u0137ibikses ar banti\" \/>\n<meta property=\"og:description\" content=\"Papildiniet sava b\u0113rna stilu ar \u0161\u012bm burv\u012bgaj\u0101m kokvilnas ze\u0137biks\u0113m no Condor. \u0160\u012bm Sp\u0101nij\u0101 ra\u017eotaj\u0101m ze\u0137ubiks\u0113m ir skaista kassijas-violet\u0101 kr\u0101sa un burv\u012bga s\u0101nu bant\u012bte, kas pie\u0161\u0137ir elegances piesk\u0101rienu. Ra\u017eotas no 75% kokvilnas, 22% neilona un 3% elast\u0101na, t\u0101s pied\u0101v\u0101 perfektu komforta un iztur\u012bbas l\u012bdzsvaru. Augstais kokvilnas saturs nodro\u0161ina gaisa caurlaid\u012bbu, savuk\u0101rt papildu elast\u012bba nodro\u0161ina cie\u0161u piegul\u0161anu. Neatkar\u012bgi no t\u0101, vai t\u0101s ir paredz\u0113tas \u012bpa\u0161iem gad\u012bjumiem vai valk\u0101\u0161anai ikdien\u0101, \u0161\u012bs ze\u0137ubikses ir oblig\u0101ts papildin\u0101jums jebkura b\u0113rna dr\u0113bju skapim.\" \/>\n<meta property=\"og:url\" content=\"https:\/\/petitekingdom.com\/shop\/bow-girls-tights-in-cassis\/\" \/>\n<meta property=\"og:site_name\" content=\"Petite Kingdom\" \/>\n<meta property=\"article:publisher\" content=\"https:\/\/www.facebook.com\/Petite-Kingdom-114272640862559\" \/>\n<meta property=\"og:image\" content=\"https:\/\/petitekingdom.com\/wp-content\/uploads\/2024\/09\/bow-girls-tights-in-cassis-condor.jpg\" \/>\n\t<meta property=\"og:image:width\" content=\"783\" \/>\n\t<meta property=\"og:image:height\" content=\"792\" \/>\n\t<meta property=\"og:image:type\" content=\"image\/jpeg\" \/>\n<meta name=\"twitter:card\" content=\"summary_large_image\" \/>\n<script type=\"application\/ld+json\" class=\"yoast-schema-graph\">{\"@context\":\"https:\/\/schema.org\",\"@graph\":[{\"@type\":\"WebPage\",\"@id\":\"https:\/\/petitekingdom.com\/shop\/bow-girls-tights-in-cassis\/\",\"url\":\"https:\/\/petitekingdom.com\/shop\/bow-girls-tights-in-cassis\/\",\"name\":\"Meite\u0146u violetas ze\u0137ibikses ar banti &#8226; Petite Kingdom\",\"isPartOf\":{\"@id\":\"https:\/\/petitekingdom.com\/#website\"},\"primaryImageOfPage\":{\"@id\":\"https:\/\/petitekingdom.com\/shop\/bow-girls-tights-in-cassis\/#primaryimage\"},\"image\":{\"@id\":\"https:\/\/petitekingdom.com\/shop\/bow-girls-tights-in-cassis\/#primaryimage\"},\"thumbnailUrl\":\"https:\/\/petitekingdom.com\/wp-content\/uploads\/2024\/09\/bow-girls-tights-in-cassis-condor.jpg\",\"datePublished\":\"2024-09-10T14:30:12+00:00\",\"dateModified\":\"2024-09-10T14:30:12+00:00\",\"breadcrumb\":{\"@id\":\"https:\/\/petitekingdom.com\/shop\/bow-girls-tights-in-cassis\/#breadcrumb\"},\"inLanguage\":\"lv-LV\",\"potentialAction\":[{\"@type\":\"ReadAction\",\"target\":[\"https:\/\/petitekingdom.com\/shop\/bow-girls-tights-in-cassis\/\"]}]},{\"@type\":\"ImageObject\",\"inLanguage\":\"lv-LV\",\"@id\":\"https:\/\/petitekingdom.com\/shop\/bow-girls-tights-in-cassis\/#primaryimage\",\"url\":\"https:\/\/petitekingdom.com\/wp-content\/uploads\/2024\/09\/bow-girls-tights-in-cassis-condor.jpg\",\"contentUrl\":\"https:\/\/petitekingdom.com\/wp-content\/uploads\/2024\/09\/bow-girls-tights-in-cassis-condor.jpg\",\"width\":783,\"height\":792,\"caption\":\"Meite\u0146u violetas ze\u0137ibikses ar banti - C\u00f3ndor\"},{\"@type\":\"BreadcrumbList\",\"@id\":\"https:\/\/petitekingdom.com\/shop\/bow-girls-tights-in-cassis\/#breadcrumb\",\"itemListElement\":[{\"@type\":\"ListItem\",\"position\":1,\"name\":\"Home\",\"item\":\"https:\/\/petitekingdom.com\/lv\/\"},{\"@type\":\"ListItem\",\"position\":2,\"name\":\"Veikals\",\"item\":\"https:\/\/petitekingdom.com\/lv\/veikals\/\"},{\"@type\":\"ListItem\",\"position\":3,\"name\":\"Meite\u0146u violetas ze\u0137ibikses ar banti\"}]},{\"@type\":\"WebSite\",\"@id\":\"https:\/\/petitekingdom.com\/#website\",\"url\":\"https:\/\/petitekingdom.com\/\",\"name\":\"Petite Kingdom\",\"description\":\"B\u0113rnu izt\u0113lei nav robe\u017eu\",\"publisher\":{\"@id\":\"https:\/\/petitekingdom.com\/#organization\"},\"potentialAction\":[{\"@type\":\"SearchAction\",\"target\":{\"@type\":\"EntryPoint\",\"urlTemplate\":\"https:\/\/petitekingdom.com\/?s={search_term_string}\"},\"query-input\":{\"@type\":\"PropertyValueSpecification\",\"valueRequired\":true,\"valueName\":\"search_term_string\"}}],\"inLanguage\":\"lv-LV\"},{\"@type\":\"Organization\",\"@id\":\"https:\/\/petitekingdom.com\/#organization\",\"name\":\"Petite Kingdom\",\"url\":\"https:\/\/petitekingdom.com\/\",\"logo\":{\"@type\":\"ImageObject\",\"inLanguage\":\"lv-LV\",\"@id\":\"https:\/\/petitekingdom.com\/#\/schema\/logo\/image\/\",\"url\":\"https:\/\/petitekingdom.com\/wp-content\/uploads\/2021\/04\/PT_logo_blackPNG.png\",\"contentUrl\":\"https:\/\/petitekingdom.com\/wp-content\/uploads\/2021\/04\/PT_logo_blackPNG.png\",\"width\":1158,\"height\":500,\"caption\":\"Petite Kingdom\"},\"image\":{\"@id\":\"https:\/\/petitekingdom.com\/#\/schema\/logo\/image\/\"},\"sameAs\":[\"https:\/\/www.facebook.com\/Petite-Kingdom-114272640862559\",\"https:\/\/www.instagram.com\/petite_kingdom\/\"]}]}<\/script>\n<!-- \/ Yoast SEO Premium plugin. -->","yoast_head_json":{"title":"Meite\u0146u violetas ze\u0137ibikses ar banti &#8226; Petite Kingdom","robots":{"index":"index","follow":"follow","max-snippet":"max-snippet:-1","max-image-preview":"max-image-preview:large","max-video-preview":"max-video-preview:-1"},"canonical":"https:\/\/petitekingdom.com\/shop\/bow-girls-tights-in-cassis\/","og_locale":"lv_LV","og_type":"article","og_title":"Meite\u0146u violetas ze\u0137ibikses ar banti","og_description":"Papildiniet sava b\u0113rna stilu ar \u0161\u012bm burv\u012bgaj\u0101m kokvilnas ze\u0137biks\u0113m no Condor. \u0160\u012bm Sp\u0101nij\u0101 ra\u017eotaj\u0101m ze\u0137ubiks\u0113m ir skaista kassijas-violet\u0101 kr\u0101sa un burv\u012bga s\u0101nu bant\u012bte, kas pie\u0161\u0137ir elegances piesk\u0101rienu. Ra\u017eotas no 75% kokvilnas, 22% neilona un 3% elast\u0101na, t\u0101s pied\u0101v\u0101 perfektu komforta un iztur\u012bbas l\u012bdzsvaru. Augstais kokvilnas saturs nodro\u0161ina gaisa caurlaid\u012bbu, savuk\u0101rt papildu elast\u012bba nodro\u0161ina cie\u0161u piegul\u0161anu. Neatkar\u012bgi no t\u0101, vai t\u0101s ir paredz\u0113tas \u012bpa\u0161iem gad\u012bjumiem vai valk\u0101\u0161anai ikdien\u0101, \u0161\u012bs ze\u0137ubikses ir oblig\u0101ts papildin\u0101jums jebkura b\u0113rna dr\u0113bju skapim.","og_url":"https:\/\/petitekingdom.com\/shop\/bow-girls-tights-in-cassis\/","og_site_name":"Petite Kingdom","article_publisher":"https:\/\/www.facebook.com\/Petite-Kingdom-114272640862559","og_image":[{"width":783,"height":792,"url":"https:\/\/petitekingdom.com\/wp-content\/uploads\/2024\/09\/bow-girls-tights-in-cassis-condor.jpg","type":"image\/jpeg"}],"twitter_card":"summary_large_image","schema":{"@context":"https:\/\/schema.org","@graph":[{"@type":"WebPage","@id":"https:\/\/petitekingdom.com\/shop\/bow-girls-tights-in-cassis\/","url":"https:\/\/petitekingdom.com\/shop\/bow-girls-tights-in-cassis\/","name":"Meite\u0146u violetas ze\u0137ibikses ar banti &#8226; Petite Kingdom","isPartOf":{"@id":"https:\/\/petitekingdom.com\/#website"},"primaryImageOfPage":{"@id":"https:\/\/petitekingdom.com\/shop\/bow-girls-tights-in-cassis\/#primaryimage"},"image":{"@id":"https:\/\/petitekingdom.com\/shop\/bow-girls-tights-in-cassis\/#primaryimage"},"thumbnailUrl":"https:\/\/petitekingdom.com\/wp-content\/uploads\/2024\/09\/bow-girls-tights-in-cassis-condor.jpg","datePublished":"2024-09-10T14:30:12+00:00","dateModified":"2024-09-10T14:30:12+00:00","breadcrumb":{"@id":"https:\/\/petitekingdom.com\/shop\/bow-girls-tights-in-cassis\/#breadcrumb"},"inLanguage":"lv-LV","potentialAction":[{"@type":"ReadAction","target":["https:\/\/petitekingdom.com\/shop\/bow-girls-tights-in-cassis\/"]}]},{"@type":"ImageObject","inLanguage":"lv-LV","@id":"https:\/\/petitekingdom.com\/shop\/bow-girls-tights-in-cassis\/#primaryimage","url":"https:\/\/petitekingdom.com\/wp-content\/uploads\/2024\/09\/bow-girls-tights-in-cassis-condor.jpg","contentUrl":"https:\/\/petitekingdom.com\/wp-content\/uploads\/2024\/09\/bow-girls-tights-in-cassis-condor.jpg","width":783,"height":792,"caption":"Meite\u0146u violetas ze\u0137ibikses ar banti - C\u00f3ndor"},{"@type":"BreadcrumbList","@id":"https:\/\/petitekingdom.com\/shop\/bow-girls-tights-in-cassis\/#breadcrumb","itemListElement":[{"@type":"ListItem","position":1,"name":"Home","item":"https:\/\/petitekingdom.com\/lv\/"},{"@type":"ListItem","position":2,"name":"Veikals","item":"https:\/\/petitekingdom.com\/lv\/veikals\/"},{"@type":"ListItem","position":3,"name":"Meite\u0146u violetas ze\u0137ibikses ar banti"}]},{"@type":"WebSite","@id":"https:\/\/petitekingdom.com\/#website","url":"https:\/\/petitekingdom.com\/","name":"Petite Kingdom","description":"B\u0113rnu izt\u0113lei nav robe\u017eu","publisher":{"@id":"https:\/\/petitekingdom.com\/#organization"},"potentialAction":[{"@type":"SearchAction","target":{"@type":"EntryPoint","urlTemplate":"https:\/\/petitekingdom.com\/?s={search_term_string}"},"query-input":{"@type":"PropertyValueSpecification","valueRequired":true,"valueName":"search_term_string"}}],"inLanguage":"lv-LV"},{"@type":"Organization","@id":"https:\/\/petitekingdom.com\/#organization","name":"Petite Kingdom","url":"https:\/\/petitekingdom.com\/","logo":{"@type":"ImageObject","inLanguage":"lv-LV","@id":"https:\/\/petitekingdom.com\/#\/schema\/logo\/image\/","url":"https:\/\/petitekingdom.com\/wp-content\/uploads\/2021\/04\/PT_logo_blackPNG.png","contentUrl":"https:\/\/petitekingdom.com\/wp-content\/uploads\/2021\/04\/PT_logo_blackPNG.png","width":1158,"height":500,"caption":"Petite Kingdom"},"image":{"@id":"https:\/\/petitekingdom.com\/#\/schema\/logo\/image\/"},"sameAs":["https:\/\/www.facebook.com\/Petite-Kingdom-114272640862559","https:\/\/www.instagram.com\/petite_kingdom\/"]}]}},"_links":{"self":[{"href":"https:\/\/petitekingdom.com\/lv\/wp-json\/wp\/v2\/product\/56006"}],"collection":[{"href":"https:\/\/petitekingdom.com\/lv\/wp-json\/wp\/v2\/product"}],"about":[{"href":"https:\/\/petitekingdom.com\/lv\/wp-json\/wp\/v2\/types\/product"}],"wp:featuredmedia":[{"embeddable":true,"href":"https:\/\/petitekingdom.com\/lv\/wp-json\/wp\/v2\/media\/56005"}],"wp:attachment":[{"href":"https:\/\/petitekingdom.com\/lv\/wp-json\/wp\/v2\/media?parent=56006"}],"wp:term":[{"taxonomy":"product_cat","embeddable":true,"href":"https:\/\/petitekingdom.com\/lv\/wp-json\/wp\/v2\/product_cat?post=56006"},{"taxonomy":"product_tag","embeddable":true,"href":"https:\/\/petitekingdom.com\/lv\/wp-json\/wp\/v2\/product_tag?post=56006"},{"taxonomy":"product-material","embeddable":true,"href":"https:\/\/petitekingdom.com\/lv\/wp-json\/wp\/v2\/product-material?post=56006"},{"taxonomy":"product-type","embeddable":true,"href":"https:\/\/petitekingdom.com\/lv\/wp-json\/wp\/v2\/product-type?post=56006"},{"taxonomy":"designers","embeddable":true,"href":"https:\/\/petitekingdom.com\/lv\/wp-json\/wp\/v2\/designers?post=56006"}],"curies":[{"name":"wp","href":"https:\/\/api.w.org\/{rel}","templated":true}]}}