{"id":55989,"date":"2024-09-10T16:46:06","date_gmt":"2024-09-10T13:48:56","guid":{"rendered":"https:\/\/petitekingdom.com\/shop\/uncategorized\/tumsi-sarkanas-rievotas-zekubikses\/"},"modified":"2024-09-10T16:48:56","modified_gmt":"2024-09-10T13:48:56","slug":"tumsi-sarkanas-rievotas-zekubikses","status":"publish","type":"product","link":"https:\/\/petitekingdom.com\/lv\/shop\/tumsi-sarkanas-rievotas-zekubikses\/","title":{"rendered":"Tum\u0161i sarkanas rievot\u0101s ze\u0137ubikses"},"content":{"rendered":"<ul>\n<li>75% kokvilna 23% neilons 3% elast\u0101ns<\/li>\n<li>Ra\u017eots Sp\u0101nij\u0101<\/li>\n<li>Izcils komforts ar 75% kokvilnu sast\u0101v\u0101<\/li>\n<li>Izcila iztur\u012bba akt\u012bviem b\u0113rniem<\/li>\n<li>Optim\u0101la stiep\u0161an\u0101s neierobe\u017eot\u0101m kust\u012bb\u0101m<\/li>\n<li>Elpojo\u0161s audums, lai saglab\u0101tu komfortu visas dienas garum\u0101<\/li>\n<\/ul>\n","protected":false},"excerpt":{"rendered":"<p>Papla\u0161iniet sava b\u0113rna dr\u0113bju skapi ar Condor ze\u0137ubiks\u0113m satrieco\u0161aj\u0101 tum\u0161i sarkanaj\u0101 kr\u0101s\u0101. Lieliski piem\u0113rotas skolai, rota\u013c\u0101m vai \u012bpa\u0161iem gad\u012bjumiem, \u0161\u012bs daudzpus\u012bg\u0101s ze\u0137ubikses apvieno komfortu un modi. Uzd\u0101viniet savai meitenei komfortu, kas kustas l\u012bdzi ik uz so\u013ca.  <\/p>\n","protected":false},"featured_media":55986,"template":"","meta":{"_acf_changed":false},"product_cat":[1212,1217,1223,1192,1215,1222,1655,1605,1607,1674],"product_tag":[],"product-material":[],"product-type":[],"designers":[669],"class_list":{"0":"post-55989","1":"product","2":"type-product","3":"status-publish","4":"has-post-thumbnail","6":"product_cat-aksesuari","7":"product_cat-bernu-zekubikses-zekes","8":"product_cat-zekubikses","9":"product_cat-meitenes","10":"product_cat-zekubikses-zekes-meitenem","11":"product_cat-meitenu-zekubikses","12":"product_cat-jaunumi","13":"product_cat-izpardosana","14":"product_cat-outlets","15":"product_cat-sezonas-izpardosana","16":"designers-condor-lv","18":"first","19":"instock","20":"sale","21":"taxable","22":"shipping-taxable","23":"purchasable","24":"product-type-variable"},"acf":[],"yoast_head":"<!-- This site is optimized with the Yoast SEO Premium plugin v23.7 (Yoast SEO v23.7) - https:\/\/yoast.com\/wordpress\/plugins\/seo\/ -->\n<title>Tum\u0161i sarkanas rievot\u0101s ze\u0137ubikses &#8226; Petite Kingdom<\/title>\n<meta name=\"robots\" content=\"index, follow, max-snippet:-1, max-image-preview:large, max-video-preview:-1\" \/>\n<link rel=\"canonical\" href=\"https:\/\/petitekingdom.com\/shop\/dark-red-girls-rib-tights\/\" \/>\n<meta property=\"og:locale\" content=\"lv_LV\" \/>\n<meta property=\"og:type\" content=\"article\" \/>\n<meta property=\"og:title\" content=\"Tum\u0161i sarkanas rievot\u0101s ze\u0137ubikses\" \/>\n<meta property=\"og:description\" content=\"Papla\u0161iniet sava b\u0113rna dr\u0113bju skapi ar Condor ze\u0137ubiks\u0113m satrieco\u0161aj\u0101 tum\u0161i sarkanaj\u0101 kr\u0101s\u0101. Lieliski piem\u0113rotas skolai, rota\u013c\u0101m vai \u012bpa\u0161iem gad\u012bjumiem, \u0161\u012bs daudzpus\u012bg\u0101s ze\u0137ubikses apvieno komfortu un modi. Uzd\u0101viniet savai meitenei komfortu, kas kustas l\u012bdzi ik uz so\u013ca.\" \/>\n<meta property=\"og:url\" content=\"https:\/\/petitekingdom.com\/shop\/dark-red-girls-rib-tights\/\" \/>\n<meta property=\"og:site_name\" content=\"Petite Kingdom\" \/>\n<meta property=\"article:publisher\" content=\"https:\/\/www.facebook.com\/Petite-Kingdom-114272640862559\" \/>\n<meta property=\"og:image\" content=\"https:\/\/petitekingdom.com\/wp-content\/uploads\/2024\/09\/dark-red-girls-rib-tights-condor.jpg\" \/>\n\t<meta property=\"og:image:width\" content=\"800\" \/>\n\t<meta property=\"og:image:height\" content=\"1000\" \/>\n\t<meta property=\"og:image:type\" content=\"image\/jpeg\" \/>\n<meta name=\"twitter:card\" content=\"summary_large_image\" \/>\n<script type=\"application\/ld+json\" class=\"yoast-schema-graph\">{\"@context\":\"https:\/\/schema.org\",\"@graph\":[{\"@type\":\"WebPage\",\"@id\":\"https:\/\/petitekingdom.com\/shop\/dark-red-girls-rib-tights\/\",\"url\":\"https:\/\/petitekingdom.com\/shop\/dark-red-girls-rib-tights\/\",\"name\":\"Tum\u0161i sarkanas rievot\u0101s ze\u0137ubikses &#8226; Petite Kingdom\",\"isPartOf\":{\"@id\":\"https:\/\/petitekingdom.com\/#website\"},\"primaryImageOfPage\":{\"@id\":\"https:\/\/petitekingdom.com\/shop\/dark-red-girls-rib-tights\/#primaryimage\"},\"image\":{\"@id\":\"https:\/\/petitekingdom.com\/shop\/dark-red-girls-rib-tights\/#primaryimage\"},\"thumbnailUrl\":\"https:\/\/petitekingdom.com\/wp-content\/uploads\/2024\/09\/dark-red-girls-rib-tights-condor.jpg\",\"datePublished\":\"2024-09-10T13:48:56+00:00\",\"dateModified\":\"2024-09-10T13:48:56+00:00\",\"breadcrumb\":{\"@id\":\"https:\/\/petitekingdom.com\/shop\/dark-red-girls-rib-tights\/#breadcrumb\"},\"inLanguage\":\"lv-LV\",\"potentialAction\":[{\"@type\":\"ReadAction\",\"target\":[\"https:\/\/petitekingdom.com\/shop\/dark-red-girls-rib-tights\/\"]}]},{\"@type\":\"ImageObject\",\"inLanguage\":\"lv-LV\",\"@id\":\"https:\/\/petitekingdom.com\/shop\/dark-red-girls-rib-tights\/#primaryimage\",\"url\":\"https:\/\/petitekingdom.com\/wp-content\/uploads\/2024\/09\/dark-red-girls-rib-tights-condor.jpg\",\"contentUrl\":\"https:\/\/petitekingdom.com\/wp-content\/uploads\/2024\/09\/dark-red-girls-rib-tights-condor.jpg\",\"width\":800,\"height\":1000,\"caption\":\"Tum\u0161i sarkanas rievot\u0101s ze\u0137ubikses - C\u00f3ndor\"},{\"@type\":\"BreadcrumbList\",\"@id\":\"https:\/\/petitekingdom.com\/shop\/dark-red-girls-rib-tights\/#breadcrumb\",\"itemListElement\":[{\"@type\":\"ListItem\",\"position\":1,\"name\":\"Home\",\"item\":\"https:\/\/petitekingdom.com\/lv\/\"},{\"@type\":\"ListItem\",\"position\":2,\"name\":\"Veikals\",\"item\":\"https:\/\/petitekingdom.com\/lv\/veikals\/\"},{\"@type\":\"ListItem\",\"position\":3,\"name\":\"Tum\u0161i sarkanas rievot\u0101s ze\u0137ubikses\"}]},{\"@type\":\"WebSite\",\"@id\":\"https:\/\/petitekingdom.com\/#website\",\"url\":\"https:\/\/petitekingdom.com\/\",\"name\":\"Petite Kingdom\",\"description\":\"B\u0113rnu izt\u0113lei nav robe\u017eu\",\"publisher\":{\"@id\":\"https:\/\/petitekingdom.com\/#organization\"},\"potentialAction\":[{\"@type\":\"SearchAction\",\"target\":{\"@type\":\"EntryPoint\",\"urlTemplate\":\"https:\/\/petitekingdom.com\/?s={search_term_string}\"},\"query-input\":{\"@type\":\"PropertyValueSpecification\",\"valueRequired\":true,\"valueName\":\"search_term_string\"}}],\"inLanguage\":\"lv-LV\"},{\"@type\":\"Organization\",\"@id\":\"https:\/\/petitekingdom.com\/#organization\",\"name\":\"Petite Kingdom\",\"url\":\"https:\/\/petitekingdom.com\/\",\"logo\":{\"@type\":\"ImageObject\",\"inLanguage\":\"lv-LV\",\"@id\":\"https:\/\/petitekingdom.com\/#\/schema\/logo\/image\/\",\"url\":\"https:\/\/petitekingdom.com\/wp-content\/uploads\/2021\/04\/PT_logo_blackPNG.png\",\"contentUrl\":\"https:\/\/petitekingdom.com\/wp-content\/uploads\/2021\/04\/PT_logo_blackPNG.png\",\"width\":1158,\"height\":500,\"caption\":\"Petite Kingdom\"},\"image\":{\"@id\":\"https:\/\/petitekingdom.com\/#\/schema\/logo\/image\/\"},\"sameAs\":[\"https:\/\/www.facebook.com\/Petite-Kingdom-114272640862559\",\"https:\/\/www.instagram.com\/petite_kingdom\/\"]}]}<\/script>\n<!-- \/ Yoast SEO Premium plugin. -->","yoast_head_json":{"title":"Tum\u0161i sarkanas rievot\u0101s ze\u0137ubikses &#8226; Petite Kingdom","robots":{"index":"index","follow":"follow","max-snippet":"max-snippet:-1","max-image-preview":"max-image-preview:large","max-video-preview":"max-video-preview:-1"},"canonical":"https:\/\/petitekingdom.com\/shop\/dark-red-girls-rib-tights\/","og_locale":"lv_LV","og_type":"article","og_title":"Tum\u0161i sarkanas rievot\u0101s ze\u0137ubikses","og_description":"Papla\u0161iniet sava b\u0113rna dr\u0113bju skapi ar Condor ze\u0137ubiks\u0113m satrieco\u0161aj\u0101 tum\u0161i sarkanaj\u0101 kr\u0101s\u0101. Lieliski piem\u0113rotas skolai, rota\u013c\u0101m vai \u012bpa\u0161iem gad\u012bjumiem, \u0161\u012bs daudzpus\u012bg\u0101s ze\u0137ubikses apvieno komfortu un modi. Uzd\u0101viniet savai meitenei komfortu, kas kustas l\u012bdzi ik uz so\u013ca.","og_url":"https:\/\/petitekingdom.com\/shop\/dark-red-girls-rib-tights\/","og_site_name":"Petite Kingdom","article_publisher":"https:\/\/www.facebook.com\/Petite-Kingdom-114272640862559","og_image":[{"width":800,"height":1000,"url":"https:\/\/petitekingdom.com\/wp-content\/uploads\/2024\/09\/dark-red-girls-rib-tights-condor.jpg","type":"image\/jpeg"}],"twitter_card":"summary_large_image","schema":{"@context":"https:\/\/schema.org","@graph":[{"@type":"WebPage","@id":"https:\/\/petitekingdom.com\/shop\/dark-red-girls-rib-tights\/","url":"https:\/\/petitekingdom.com\/shop\/dark-red-girls-rib-tights\/","name":"Tum\u0161i sarkanas rievot\u0101s ze\u0137ubikses &#8226; Petite Kingdom","isPartOf":{"@id":"https:\/\/petitekingdom.com\/#website"},"primaryImageOfPage":{"@id":"https:\/\/petitekingdom.com\/shop\/dark-red-girls-rib-tights\/#primaryimage"},"image":{"@id":"https:\/\/petitekingdom.com\/shop\/dark-red-girls-rib-tights\/#primaryimage"},"thumbnailUrl":"https:\/\/petitekingdom.com\/wp-content\/uploads\/2024\/09\/dark-red-girls-rib-tights-condor.jpg","datePublished":"2024-09-10T13:48:56+00:00","dateModified":"2024-09-10T13:48:56+00:00","breadcrumb":{"@id":"https:\/\/petitekingdom.com\/shop\/dark-red-girls-rib-tights\/#breadcrumb"},"inLanguage":"lv-LV","potentialAction":[{"@type":"ReadAction","target":["https:\/\/petitekingdom.com\/shop\/dark-red-girls-rib-tights\/"]}]},{"@type":"ImageObject","inLanguage":"lv-LV","@id":"https:\/\/petitekingdom.com\/shop\/dark-red-girls-rib-tights\/#primaryimage","url":"https:\/\/petitekingdom.com\/wp-content\/uploads\/2024\/09\/dark-red-girls-rib-tights-condor.jpg","contentUrl":"https:\/\/petitekingdom.com\/wp-content\/uploads\/2024\/09\/dark-red-girls-rib-tights-condor.jpg","width":800,"height":1000,"caption":"Tum\u0161i sarkanas rievot\u0101s ze\u0137ubikses - C\u00f3ndor"},{"@type":"BreadcrumbList","@id":"https:\/\/petitekingdom.com\/shop\/dark-red-girls-rib-tights\/#breadcrumb","itemListElement":[{"@type":"ListItem","position":1,"name":"Home","item":"https:\/\/petitekingdom.com\/lv\/"},{"@type":"ListItem","position":2,"name":"Veikals","item":"https:\/\/petitekingdom.com\/lv\/veikals\/"},{"@type":"ListItem","position":3,"name":"Tum\u0161i sarkanas rievot\u0101s ze\u0137ubikses"}]},{"@type":"WebSite","@id":"https:\/\/petitekingdom.com\/#website","url":"https:\/\/petitekingdom.com\/","name":"Petite Kingdom","description":"B\u0113rnu izt\u0113lei nav robe\u017eu","publisher":{"@id":"https:\/\/petitekingdom.com\/#organization"},"potentialAction":[{"@type":"SearchAction","target":{"@type":"EntryPoint","urlTemplate":"https:\/\/petitekingdom.com\/?s={search_term_string}"},"query-input":{"@type":"PropertyValueSpecification","valueRequired":true,"valueName":"search_term_string"}}],"inLanguage":"lv-LV"},{"@type":"Organization","@id":"https:\/\/petitekingdom.com\/#organization","name":"Petite Kingdom","url":"https:\/\/petitekingdom.com\/","logo":{"@type":"ImageObject","inLanguage":"lv-LV","@id":"https:\/\/petitekingdom.com\/#\/schema\/logo\/image\/","url":"https:\/\/petitekingdom.com\/wp-content\/uploads\/2021\/04\/PT_logo_blackPNG.png","contentUrl":"https:\/\/petitekingdom.com\/wp-content\/uploads\/2021\/04\/PT_logo_blackPNG.png","width":1158,"height":500,"caption":"Petite Kingdom"},"image":{"@id":"https:\/\/petitekingdom.com\/#\/schema\/logo\/image\/"},"sameAs":["https:\/\/www.facebook.com\/Petite-Kingdom-114272640862559","https:\/\/www.instagram.com\/petite_kingdom\/"]}]}},"_links":{"self":[{"href":"https:\/\/petitekingdom.com\/lv\/wp-json\/wp\/v2\/product\/55989"}],"collection":[{"href":"https:\/\/petitekingdom.com\/lv\/wp-json\/wp\/v2\/product"}],"about":[{"href":"https:\/\/petitekingdom.com\/lv\/wp-json\/wp\/v2\/types\/product"}],"wp:featuredmedia":[{"embeddable":true,"href":"https:\/\/petitekingdom.com\/lv\/wp-json\/wp\/v2\/media\/55986"}],"wp:attachment":[{"href":"https:\/\/petitekingdom.com\/lv\/wp-json\/wp\/v2\/media?parent=55989"}],"wp:term":[{"taxonomy":"product_cat","embeddable":true,"href":"https:\/\/petitekingdom.com\/lv\/wp-json\/wp\/v2\/product_cat?post=55989"},{"taxonomy":"product_tag","embeddable":true,"href":"https:\/\/petitekingdom.com\/lv\/wp-json\/wp\/v2\/product_tag?post=55989"},{"taxonomy":"product-material","embeddable":true,"href":"https:\/\/petitekingdom.com\/lv\/wp-json\/wp\/v2\/product-material?post=55989"},{"taxonomy":"product-type","embeddable":true,"href":"https:\/\/petitekingdom.com\/lv\/wp-json\/wp\/v2\/product-type?post=55989"},{"taxonomy":"designers","embeddable":true,"href":"https:\/\/petitekingdom.com\/lv\/wp-json\/wp\/v2\/designers?post=55989"}],"curies":[{"name":"wp","href":"https:\/\/api.w.org\/{rel}","templated":true}]}}