{"id":54697,"date":"2024-08-23T11:02:30","date_gmt":"2024-08-23T08:06:20","guid":{"rendered":"https:\/\/petitekingdom.com\/shop\/uncategorized\/sarkana-ziedu-raksta-kleita-meitenem\/"},"modified":"2024-08-23T11:06:20","modified_gmt":"2024-08-23T08:06:20","slug":"sarkana-ziedu-raksta-kleita-meitenem","status":"publish","type":"product","link":"https:\/\/petitekingdom.com\/lv\/shop\/sarkana-ziedu-raksta-kleita-meitenem\/","title":{"rendered":"Sarkana ziedu raksta kleita meiten\u0113m"},"content":{"rendered":"<ul>\n<li>Viskoze<\/li>\n<li>Ziedu apduka<\/li>\n<li>Vol\u0101na deta\u013cas<\/li>\n<li>Priek\u0161\u0101 divi pu\u0161\u0137\u012b\u0161i<\/li>\n<\/ul>\n","protected":false},"excerpt":{"rendered":"<p class=\"editor_editorParagraph__isQNM\" dir=\"ltr\">Ener\u0123isk\u0101m jaun\u0101m meiten\u0113m \u0161\u012b sarkan\u0101 ziedu apdruka kleita ir lieliski piem\u0113rota spilgt\u0101m rudens un ziemas dien\u0101m. Ra\u017eots no gais\u012bgas viskozes, tas nodro\u0161ina komfortu, vienlaikus pie\u0161\u0137irot j\u016bsu b\u0113rna skapim jaunu elpu. \u0160\u012b kleita, kas rot\u0101ta ar vol\u0101niem un diviem priek\u0161\u0113jiem pu\u0161\u0137\u012b\u0161iem, pie\u0161\u0137ir vi\u0146as silt\u0101 laika stilam burv\u012bgu un graciozu piesk\u0101rienu.<\/p>\n<p class=\"editor_editorParagraph__isQNM\">\n","protected":false},"featured_media":54692,"template":"","meta":{"_acf_changed":false},"product_cat":[1192,1225,1228,1655],"product_tag":[],"product-material":[],"product-type":[],"designers":[1903],"class_list":{"0":"post-54697","1":"product","2":"type-product","3":"status-publish","4":"has-post-thumbnail","6":"product_cat-meitenes","7":"product_cat-meitenu-kleitas-svarki","8":"product_cat-kleitas-meitenem","9":"product_cat-jaunumi","10":"designers-du-pareil-au-meme-lv","12":"first","13":"instock","14":"taxable","15":"shipping-taxable","16":"purchasable","17":"product-type-variable"},"acf":[],"yoast_head":"<!-- This site is optimized with the Yoast SEO Premium plugin v23.7 (Yoast SEO v23.7) - https:\/\/yoast.com\/wordpress\/plugins\/seo\/ -->\n<title>Sarkana ziedu raksta kleita meiten\u0113m &#8226; Petite Kingdom<\/title>\n<meta name=\"robots\" content=\"index, follow, max-snippet:-1, max-image-preview:large, max-video-preview:-1\" \/>\n<link rel=\"canonical\" href=\"https:\/\/petitekingdom.com\/lv\/shop\/sarkana-ziedu-raksta-kleita-meitenem\/\" \/>\n<meta property=\"og:locale\" content=\"lv_LV\" \/>\n<meta property=\"og:type\" content=\"article\" \/>\n<meta property=\"og:title\" content=\"Sarkana ziedu raksta kleita meiten\u0113m\" \/>\n<meta property=\"og:description\" content=\"Ener\u0123isk\u0101m jaun\u0101m meiten\u0113m \u0161\u012b sarkan\u0101 ziedu apdruka kleita ir lieliski piem\u0113rota spilgt\u0101m rudens un ziemas dien\u0101m. Ra\u017eots no gais\u012bgas viskozes, tas nodro\u0161ina komfortu, vienlaikus pie\u0161\u0137irot j\u016bsu b\u0113rna skapim jaunu elpu. \u0160\u012b kleita, kas rot\u0101ta ar vol\u0101niem un diviem priek\u0161\u0113jiem pu\u0161\u0137\u012b\u0161iem, pie\u0161\u0137ir vi\u0146as silt\u0101 laika stilam burv\u012bgu un graciozu piesk\u0101rienu.\" \/>\n<meta property=\"og:url\" content=\"https:\/\/petitekingdom.com\/lv\/shop\/sarkana-ziedu-raksta-kleita-meitenem\/\" \/>\n<meta property=\"og:site_name\" content=\"Petite Kingdom\" \/>\n<meta property=\"article:publisher\" content=\"https:\/\/www.facebook.com\/Petite-Kingdom-114272640862559\" \/>\n<meta property=\"og:image\" content=\"https:\/\/petitekingdom.com\/wp-content\/uploads\/2024\/08\/red-floral-print-dress-for-girls-du-pareil-au-meme.jpg\" \/>\n\t<meta property=\"og:image:width\" content=\"1421\" \/>\n\t<meta property=\"og:image:height\" content=\"1920\" \/>\n\t<meta property=\"og:image:type\" content=\"image\/jpeg\" \/>\n<meta name=\"twitter:card\" content=\"summary_large_image\" \/>\n<script type=\"application\/ld+json\" class=\"yoast-schema-graph\">{\"@context\":\"https:\/\/schema.org\",\"@graph\":[{\"@type\":\"WebPage\",\"@id\":\"https:\/\/petitekingdom.com\/lv\/shop\/sarkana-ziedu-raksta-kleita-meitenem\/\",\"url\":\"https:\/\/petitekingdom.com\/lv\/shop\/sarkana-ziedu-raksta-kleita-meitenem\/\",\"name\":\"Sarkana ziedu raksta kleita meiten\u0113m &#8226; Petite Kingdom\",\"isPartOf\":{\"@id\":\"https:\/\/petitekingdom.com\/#website\"},\"primaryImageOfPage\":{\"@id\":\"https:\/\/petitekingdom.com\/lv\/shop\/sarkana-ziedu-raksta-kleita-meitenem\/#primaryimage\"},\"image\":{\"@id\":\"https:\/\/petitekingdom.com\/lv\/shop\/sarkana-ziedu-raksta-kleita-meitenem\/#primaryimage\"},\"thumbnailUrl\":\"https:\/\/petitekingdom.com\/wp-content\/uploads\/2024\/08\/red-floral-print-dress-for-girls-du-pareil-au-meme.jpg\",\"datePublished\":\"2024-08-23T08:06:20+00:00\",\"dateModified\":\"2024-08-23T08:06:20+00:00\",\"breadcrumb\":{\"@id\":\"https:\/\/petitekingdom.com\/lv\/shop\/sarkana-ziedu-raksta-kleita-meitenem\/#breadcrumb\"},\"inLanguage\":\"lv-LV\",\"potentialAction\":[{\"@type\":\"ReadAction\",\"target\":[\"https:\/\/petitekingdom.com\/lv\/shop\/sarkana-ziedu-raksta-kleita-meitenem\/\"]}]},{\"@type\":\"ImageObject\",\"inLanguage\":\"lv-LV\",\"@id\":\"https:\/\/petitekingdom.com\/lv\/shop\/sarkana-ziedu-raksta-kleita-meitenem\/#primaryimage\",\"url\":\"https:\/\/petitekingdom.com\/wp-content\/uploads\/2024\/08\/red-floral-print-dress-for-girls-du-pareil-au-meme.jpg\",\"contentUrl\":\"https:\/\/petitekingdom.com\/wp-content\/uploads\/2024\/08\/red-floral-print-dress-for-girls-du-pareil-au-meme.jpg\",\"width\":1421,\"height\":1920,\"caption\":\"Sarkana ziedu raksta kleita meiten\u0113m - Du pareil Au Meme\"},{\"@type\":\"BreadcrumbList\",\"@id\":\"https:\/\/petitekingdom.com\/lv\/shop\/sarkana-ziedu-raksta-kleita-meitenem\/#breadcrumb\",\"itemListElement\":[{\"@type\":\"ListItem\",\"position\":1,\"name\":\"Home\",\"item\":\"https:\/\/petitekingdom.com\/lv\/\"},{\"@type\":\"ListItem\",\"position\":2,\"name\":\"Veikals\",\"item\":\"https:\/\/petitekingdom.com\/lv\/veikals\/\"},{\"@type\":\"ListItem\",\"position\":3,\"name\":\"Sarkana ziedu raksta kleita meiten\u0113m\"}]},{\"@type\":\"WebSite\",\"@id\":\"https:\/\/petitekingdom.com\/#website\",\"url\":\"https:\/\/petitekingdom.com\/\",\"name\":\"Petite Kingdom\",\"description\":\"B\u0113rnu izt\u0113lei nav robe\u017eu\",\"publisher\":{\"@id\":\"https:\/\/petitekingdom.com\/#organization\"},\"potentialAction\":[{\"@type\":\"SearchAction\",\"target\":{\"@type\":\"EntryPoint\",\"urlTemplate\":\"https:\/\/petitekingdom.com\/?s={search_term_string}\"},\"query-input\":{\"@type\":\"PropertyValueSpecification\",\"valueRequired\":true,\"valueName\":\"search_term_string\"}}],\"inLanguage\":\"lv-LV\"},{\"@type\":\"Organization\",\"@id\":\"https:\/\/petitekingdom.com\/#organization\",\"name\":\"Petite Kingdom\",\"url\":\"https:\/\/petitekingdom.com\/\",\"logo\":{\"@type\":\"ImageObject\",\"inLanguage\":\"lv-LV\",\"@id\":\"https:\/\/petitekingdom.com\/#\/schema\/logo\/image\/\",\"url\":\"https:\/\/petitekingdom.com\/wp-content\/uploads\/2021\/04\/PT_logo_blackPNG.png\",\"contentUrl\":\"https:\/\/petitekingdom.com\/wp-content\/uploads\/2021\/04\/PT_logo_blackPNG.png\",\"width\":1158,\"height\":500,\"caption\":\"Petite Kingdom\"},\"image\":{\"@id\":\"https:\/\/petitekingdom.com\/#\/schema\/logo\/image\/\"},\"sameAs\":[\"https:\/\/www.facebook.com\/Petite-Kingdom-114272640862559\",\"https:\/\/www.instagram.com\/petite_kingdom\/\"]}]}<\/script>\n<!-- \/ Yoast SEO Premium plugin. -->","yoast_head_json":{"title":"Sarkana ziedu raksta kleita meiten\u0113m &#8226; Petite Kingdom","robots":{"index":"index","follow":"follow","max-snippet":"max-snippet:-1","max-image-preview":"max-image-preview:large","max-video-preview":"max-video-preview:-1"},"canonical":"https:\/\/petitekingdom.com\/lv\/shop\/sarkana-ziedu-raksta-kleita-meitenem\/","og_locale":"lv_LV","og_type":"article","og_title":"Sarkana ziedu raksta kleita meiten\u0113m","og_description":"Ener\u0123isk\u0101m jaun\u0101m meiten\u0113m \u0161\u012b sarkan\u0101 ziedu apdruka kleita ir lieliski piem\u0113rota spilgt\u0101m rudens un ziemas dien\u0101m. Ra\u017eots no gais\u012bgas viskozes, tas nodro\u0161ina komfortu, vienlaikus pie\u0161\u0137irot j\u016bsu b\u0113rna skapim jaunu elpu. \u0160\u012b kleita, kas rot\u0101ta ar vol\u0101niem un diviem priek\u0161\u0113jiem pu\u0161\u0137\u012b\u0161iem, pie\u0161\u0137ir vi\u0146as silt\u0101 laika stilam burv\u012bgu un graciozu piesk\u0101rienu.","og_url":"https:\/\/petitekingdom.com\/lv\/shop\/sarkana-ziedu-raksta-kleita-meitenem\/","og_site_name":"Petite Kingdom","article_publisher":"https:\/\/www.facebook.com\/Petite-Kingdom-114272640862559","og_image":[{"width":1421,"height":1920,"url":"https:\/\/petitekingdom.com\/wp-content\/uploads\/2024\/08\/red-floral-print-dress-for-girls-du-pareil-au-meme.jpg","type":"image\/jpeg"}],"twitter_card":"summary_large_image","schema":{"@context":"https:\/\/schema.org","@graph":[{"@type":"WebPage","@id":"https:\/\/petitekingdom.com\/lv\/shop\/sarkana-ziedu-raksta-kleita-meitenem\/","url":"https:\/\/petitekingdom.com\/lv\/shop\/sarkana-ziedu-raksta-kleita-meitenem\/","name":"Sarkana ziedu raksta kleita meiten\u0113m &#8226; Petite Kingdom","isPartOf":{"@id":"https:\/\/petitekingdom.com\/#website"},"primaryImageOfPage":{"@id":"https:\/\/petitekingdom.com\/lv\/shop\/sarkana-ziedu-raksta-kleita-meitenem\/#primaryimage"},"image":{"@id":"https:\/\/petitekingdom.com\/lv\/shop\/sarkana-ziedu-raksta-kleita-meitenem\/#primaryimage"},"thumbnailUrl":"https:\/\/petitekingdom.com\/wp-content\/uploads\/2024\/08\/red-floral-print-dress-for-girls-du-pareil-au-meme.jpg","datePublished":"2024-08-23T08:06:20+00:00","dateModified":"2024-08-23T08:06:20+00:00","breadcrumb":{"@id":"https:\/\/petitekingdom.com\/lv\/shop\/sarkana-ziedu-raksta-kleita-meitenem\/#breadcrumb"},"inLanguage":"lv-LV","potentialAction":[{"@type":"ReadAction","target":["https:\/\/petitekingdom.com\/lv\/shop\/sarkana-ziedu-raksta-kleita-meitenem\/"]}]},{"@type":"ImageObject","inLanguage":"lv-LV","@id":"https:\/\/petitekingdom.com\/lv\/shop\/sarkana-ziedu-raksta-kleita-meitenem\/#primaryimage","url":"https:\/\/petitekingdom.com\/wp-content\/uploads\/2024\/08\/red-floral-print-dress-for-girls-du-pareil-au-meme.jpg","contentUrl":"https:\/\/petitekingdom.com\/wp-content\/uploads\/2024\/08\/red-floral-print-dress-for-girls-du-pareil-au-meme.jpg","width":1421,"height":1920,"caption":"Sarkana ziedu raksta kleita meiten\u0113m - Du pareil Au Meme"},{"@type":"BreadcrumbList","@id":"https:\/\/petitekingdom.com\/lv\/shop\/sarkana-ziedu-raksta-kleita-meitenem\/#breadcrumb","itemListElement":[{"@type":"ListItem","position":1,"name":"Home","item":"https:\/\/petitekingdom.com\/lv\/"},{"@type":"ListItem","position":2,"name":"Veikals","item":"https:\/\/petitekingdom.com\/lv\/veikals\/"},{"@type":"ListItem","position":3,"name":"Sarkana ziedu raksta kleita meiten\u0113m"}]},{"@type":"WebSite","@id":"https:\/\/petitekingdom.com\/#website","url":"https:\/\/petitekingdom.com\/","name":"Petite Kingdom","description":"B\u0113rnu izt\u0113lei nav robe\u017eu","publisher":{"@id":"https:\/\/petitekingdom.com\/#organization"},"potentialAction":[{"@type":"SearchAction","target":{"@type":"EntryPoint","urlTemplate":"https:\/\/petitekingdom.com\/?s={search_term_string}"},"query-input":{"@type":"PropertyValueSpecification","valueRequired":true,"valueName":"search_term_string"}}],"inLanguage":"lv-LV"},{"@type":"Organization","@id":"https:\/\/petitekingdom.com\/#organization","name":"Petite Kingdom","url":"https:\/\/petitekingdom.com\/","logo":{"@type":"ImageObject","inLanguage":"lv-LV","@id":"https:\/\/petitekingdom.com\/#\/schema\/logo\/image\/","url":"https:\/\/petitekingdom.com\/wp-content\/uploads\/2021\/04\/PT_logo_blackPNG.png","contentUrl":"https:\/\/petitekingdom.com\/wp-content\/uploads\/2021\/04\/PT_logo_blackPNG.png","width":1158,"height":500,"caption":"Petite Kingdom"},"image":{"@id":"https:\/\/petitekingdom.com\/#\/schema\/logo\/image\/"},"sameAs":["https:\/\/www.facebook.com\/Petite-Kingdom-114272640862559","https:\/\/www.instagram.com\/petite_kingdom\/"]}]}},"_links":{"self":[{"href":"https:\/\/petitekingdom.com\/lv\/wp-json\/wp\/v2\/product\/54697"}],"collection":[{"href":"https:\/\/petitekingdom.com\/lv\/wp-json\/wp\/v2\/product"}],"about":[{"href":"https:\/\/petitekingdom.com\/lv\/wp-json\/wp\/v2\/types\/product"}],"wp:featuredmedia":[{"embeddable":true,"href":"https:\/\/petitekingdom.com\/lv\/wp-json\/wp\/v2\/media\/54692"}],"wp:attachment":[{"href":"https:\/\/petitekingdom.com\/lv\/wp-json\/wp\/v2\/media?parent=54697"}],"wp:term":[{"taxonomy":"product_cat","embeddable":true,"href":"https:\/\/petitekingdom.com\/lv\/wp-json\/wp\/v2\/product_cat?post=54697"},{"taxonomy":"product_tag","embeddable":true,"href":"https:\/\/petitekingdom.com\/lv\/wp-json\/wp\/v2\/product_tag?post=54697"},{"taxonomy":"product-material","embeddable":true,"href":"https:\/\/petitekingdom.com\/lv\/wp-json\/wp\/v2\/product-material?post=54697"},{"taxonomy":"product-type","embeddable":true,"href":"https:\/\/petitekingdom.com\/lv\/wp-json\/wp\/v2\/product-type?post=54697"},{"taxonomy":"designers","embeddable":true,"href":"https:\/\/petitekingdom.com\/lv\/wp-json\/wp\/v2\/designers?post=54697"}],"curies":[{"name":"wp","href":"https:\/\/api.w.org\/{rel}","templated":true}]}}