{"id":54631,"date":"2024-08-23T10:24:01","date_gmt":"2024-08-23T07:26:17","guid":{"rendered":"https:\/\/petitekingdom.com\/shop\/uncategorized\/gars-dzinsa-kombinezons-zeniem\/"},"modified":"2024-08-23T10:26:17","modified_gmt":"2024-08-23T07:26:17","slug":"gars-dzinsa-kombinezons-zeniem","status":"publish","type":"product","link":"https:\/\/petitekingdom.com\/lv\/shop\/gars-dzinsa-kombinezons-zeniem\/","title":{"rendered":"Gar\u0161 d\u017einsa kombinezons z\u0113niem"},"content":{"rendered":"<ul>\n<li>100% Kokvilna<\/li>\n<li>Odere: 70% poliesters 30% kokvilna<\/li>\n<li>Priek\u0161\u0101 2 kabatas<\/li>\n<\/ul>\n","protected":false},"excerpt":{"rendered":"<p>Akt\u012bviem mazajiem p\u0113tniekiem \u0161ie d\u017einsa kombinezoni ir b\u016btisks apr\u012bkojums visu gadu. Izgatavoti no iztur\u012bga d\u017einsa, tie nodro\u0161ina izcilu iztur\u012bbu. Ar regul\u0113jam\u0101m siksn\u0101m un paroc\u012bg\u0101m s\u0101nu aizdar\u0113m tie nodro\u0161ina lielisku piegul\u0161anu un vieglu p\u0101r\u0123\u0113rb\u0161anos. \u0160is kombinezons, kas rot\u0101ts ar jautru kr\u016b\u0161u kabatu un div\u0101m praktisk\u0101m priek\u0161\u0113j\u0101m kabat\u0101m, pie\u0161\u0137ir j\u016bsu maz\u0101 piedz\u012bvojumu mekl\u0113t\u0101ja izskatam rota\u013c\u012bgu piesk\u0101rienu.<\/p>\n","protected":false},"featured_media":54626,"template":"","meta":{"_acf_changed":false},"product_cat":[1186,1185,1663,1655,1207,1180,1665],"product_tag":[],"product-material":[],"product-type":[],"designers":[1903],"class_list":{"0":"post-54631","1":"product","2":"type-product","3":"status-publish","4":"has-post-thumbnail","6":"product_cat-zidainu-bikses","7":"product_cat-bikses-zidainiem","8":"product_cat-jaundzimuso-drebites","9":"product_cat-jaunumi","10":"product_cat-zidainu-komplekti","11":"product_cat-zidainu-apgerbs","12":"product_cat-zidainu-drebes","13":"designers-du-pareil-au-meme-lv","15":"first","16":"instock","17":"taxable","18":"shipping-taxable","19":"purchasable","20":"product-type-variable"},"acf":[],"yoast_head":"<!-- This site is optimized with the Yoast SEO Premium plugin v23.7 (Yoast SEO v23.7) - https:\/\/yoast.com\/wordpress\/plugins\/seo\/ -->\n<title>Gar\u0161 d\u017einsa kombinezons z\u0113niem &#8226; Petite Kingdom<\/title>\n<meta name=\"robots\" content=\"index, follow, max-snippet:-1, max-image-preview:large, max-video-preview:-1\" \/>\n<link rel=\"canonical\" href=\"https:\/\/petitekingdom.com\/shop\/long-denim-overalls-for-baby-boys\/\" \/>\n<meta property=\"og:locale\" content=\"lv_LV\" \/>\n<meta property=\"og:type\" content=\"article\" \/>\n<meta property=\"og:title\" content=\"Gar\u0161 d\u017einsa kombinezons z\u0113niem\" \/>\n<meta property=\"og:description\" content=\"Akt\u012bviem mazajiem p\u0113tniekiem \u0161ie d\u017einsa kombinezoni ir b\u016btisks apr\u012bkojums visu gadu. Izgatavoti no iztur\u012bga d\u017einsa, tie nodro\u0161ina izcilu iztur\u012bbu. Ar regul\u0113jam\u0101m siksn\u0101m un paroc\u012bg\u0101m s\u0101nu aizdar\u0113m tie nodro\u0161ina lielisku piegul\u0161anu un vieglu p\u0101r\u0123\u0113rb\u0161anos. \u0160is kombinezons, kas rot\u0101ts ar jautru kr\u016b\u0161u kabatu un div\u0101m praktisk\u0101m priek\u0161\u0113j\u0101m kabat\u0101m, pie\u0161\u0137ir j\u016bsu maz\u0101 piedz\u012bvojumu mekl\u0113t\u0101ja izskatam rota\u013c\u012bgu piesk\u0101rienu.\" \/>\n<meta property=\"og:url\" content=\"https:\/\/petitekingdom.com\/shop\/long-denim-overalls-for-baby-boys\/\" \/>\n<meta property=\"og:site_name\" content=\"Petite Kingdom\" \/>\n<meta property=\"article:publisher\" content=\"https:\/\/www.facebook.com\/Petite-Kingdom-114272640862559\" \/>\n<meta property=\"og:image\" content=\"https:\/\/petitekingdom.com\/wp-content\/uploads\/2024\/08\/long-denim-overalls-for-baby-boys-du-pareil-au-meme.jpg\" \/>\n\t<meta property=\"og:image:width\" content=\"570\" \/>\n\t<meta property=\"og:image:height\" content=\"770\" \/>\n\t<meta property=\"og:image:type\" content=\"image\/jpeg\" \/>\n<meta name=\"twitter:card\" content=\"summary_large_image\" \/>\n<script type=\"application\/ld+json\" class=\"yoast-schema-graph\">{\"@context\":\"https:\/\/schema.org\",\"@graph\":[{\"@type\":\"WebPage\",\"@id\":\"https:\/\/petitekingdom.com\/shop\/long-denim-overalls-for-baby-boys\/\",\"url\":\"https:\/\/petitekingdom.com\/shop\/long-denim-overalls-for-baby-boys\/\",\"name\":\"Gar\u0161 d\u017einsa kombinezons z\u0113niem &#8226; Petite Kingdom\",\"isPartOf\":{\"@id\":\"https:\/\/petitekingdom.com\/#website\"},\"primaryImageOfPage\":{\"@id\":\"https:\/\/petitekingdom.com\/shop\/long-denim-overalls-for-baby-boys\/#primaryimage\"},\"image\":{\"@id\":\"https:\/\/petitekingdom.com\/shop\/long-denim-overalls-for-baby-boys\/#primaryimage\"},\"thumbnailUrl\":\"https:\/\/petitekingdom.com\/wp-content\/uploads\/2024\/08\/long-denim-overalls-for-baby-boys-du-pareil-au-meme.jpg\",\"datePublished\":\"2024-08-23T07:26:17+00:00\",\"dateModified\":\"2024-08-23T07:26:17+00:00\",\"breadcrumb\":{\"@id\":\"https:\/\/petitekingdom.com\/shop\/long-denim-overalls-for-baby-boys\/#breadcrumb\"},\"inLanguage\":\"lv-LV\",\"potentialAction\":[{\"@type\":\"ReadAction\",\"target\":[\"https:\/\/petitekingdom.com\/shop\/long-denim-overalls-for-baby-boys\/\"]}]},{\"@type\":\"ImageObject\",\"inLanguage\":\"lv-LV\",\"@id\":\"https:\/\/petitekingdom.com\/shop\/long-denim-overalls-for-baby-boys\/#primaryimage\",\"url\":\"https:\/\/petitekingdom.com\/wp-content\/uploads\/2024\/08\/long-denim-overalls-for-baby-boys-du-pareil-au-meme.jpg\",\"contentUrl\":\"https:\/\/petitekingdom.com\/wp-content\/uploads\/2024\/08\/long-denim-overalls-for-baby-boys-du-pareil-au-meme.jpg\",\"width\":570,\"height\":770,\"caption\":\"Gar\u0161 d\u017einsa kombinezons z\u0113niem - Du pareil Au Meme\"},{\"@type\":\"BreadcrumbList\",\"@id\":\"https:\/\/petitekingdom.com\/shop\/long-denim-overalls-for-baby-boys\/#breadcrumb\",\"itemListElement\":[{\"@type\":\"ListItem\",\"position\":1,\"name\":\"Home\",\"item\":\"https:\/\/petitekingdom.com\/lv\/\"},{\"@type\":\"ListItem\",\"position\":2,\"name\":\"Veikals\",\"item\":\"https:\/\/petitekingdom.com\/lv\/veikals\/\"},{\"@type\":\"ListItem\",\"position\":3,\"name\":\"Gar\u0161 d\u017einsa kombinezons z\u0113niem\"}]},{\"@type\":\"WebSite\",\"@id\":\"https:\/\/petitekingdom.com\/#website\",\"url\":\"https:\/\/petitekingdom.com\/\",\"name\":\"Petite Kingdom\",\"description\":\"B\u0113rnu izt\u0113lei nav robe\u017eu\",\"publisher\":{\"@id\":\"https:\/\/petitekingdom.com\/#organization\"},\"potentialAction\":[{\"@type\":\"SearchAction\",\"target\":{\"@type\":\"EntryPoint\",\"urlTemplate\":\"https:\/\/petitekingdom.com\/?s={search_term_string}\"},\"query-input\":{\"@type\":\"PropertyValueSpecification\",\"valueRequired\":true,\"valueName\":\"search_term_string\"}}],\"inLanguage\":\"lv-LV\"},{\"@type\":\"Organization\",\"@id\":\"https:\/\/petitekingdom.com\/#organization\",\"name\":\"Petite Kingdom\",\"url\":\"https:\/\/petitekingdom.com\/\",\"logo\":{\"@type\":\"ImageObject\",\"inLanguage\":\"lv-LV\",\"@id\":\"https:\/\/petitekingdom.com\/#\/schema\/logo\/image\/\",\"url\":\"https:\/\/petitekingdom.com\/wp-content\/uploads\/2021\/04\/PT_logo_blackPNG.png\",\"contentUrl\":\"https:\/\/petitekingdom.com\/wp-content\/uploads\/2021\/04\/PT_logo_blackPNG.png\",\"width\":1158,\"height\":500,\"caption\":\"Petite Kingdom\"},\"image\":{\"@id\":\"https:\/\/petitekingdom.com\/#\/schema\/logo\/image\/\"},\"sameAs\":[\"https:\/\/www.facebook.com\/Petite-Kingdom-114272640862559\",\"https:\/\/www.instagram.com\/petite_kingdom\/\"]}]}<\/script>\n<!-- \/ Yoast SEO Premium plugin. -->","yoast_head_json":{"title":"Gar\u0161 d\u017einsa kombinezons z\u0113niem &#8226; Petite Kingdom","robots":{"index":"index","follow":"follow","max-snippet":"max-snippet:-1","max-image-preview":"max-image-preview:large","max-video-preview":"max-video-preview:-1"},"canonical":"https:\/\/petitekingdom.com\/shop\/long-denim-overalls-for-baby-boys\/","og_locale":"lv_LV","og_type":"article","og_title":"Gar\u0161 d\u017einsa kombinezons z\u0113niem","og_description":"Akt\u012bviem mazajiem p\u0113tniekiem \u0161ie d\u017einsa kombinezoni ir b\u016btisks apr\u012bkojums visu gadu. Izgatavoti no iztur\u012bga d\u017einsa, tie nodro\u0161ina izcilu iztur\u012bbu. Ar regul\u0113jam\u0101m siksn\u0101m un paroc\u012bg\u0101m s\u0101nu aizdar\u0113m tie nodro\u0161ina lielisku piegul\u0161anu un vieglu p\u0101r\u0123\u0113rb\u0161anos. \u0160is kombinezons, kas rot\u0101ts ar jautru kr\u016b\u0161u kabatu un div\u0101m praktisk\u0101m priek\u0161\u0113j\u0101m kabat\u0101m, pie\u0161\u0137ir j\u016bsu maz\u0101 piedz\u012bvojumu mekl\u0113t\u0101ja izskatam rota\u013c\u012bgu piesk\u0101rienu.","og_url":"https:\/\/petitekingdom.com\/shop\/long-denim-overalls-for-baby-boys\/","og_site_name":"Petite Kingdom","article_publisher":"https:\/\/www.facebook.com\/Petite-Kingdom-114272640862559","og_image":[{"width":570,"height":770,"url":"https:\/\/petitekingdom.com\/wp-content\/uploads\/2024\/08\/long-denim-overalls-for-baby-boys-du-pareil-au-meme.jpg","type":"image\/jpeg"}],"twitter_card":"summary_large_image","schema":{"@context":"https:\/\/schema.org","@graph":[{"@type":"WebPage","@id":"https:\/\/petitekingdom.com\/shop\/long-denim-overalls-for-baby-boys\/","url":"https:\/\/petitekingdom.com\/shop\/long-denim-overalls-for-baby-boys\/","name":"Gar\u0161 d\u017einsa kombinezons z\u0113niem &#8226; Petite Kingdom","isPartOf":{"@id":"https:\/\/petitekingdom.com\/#website"},"primaryImageOfPage":{"@id":"https:\/\/petitekingdom.com\/shop\/long-denim-overalls-for-baby-boys\/#primaryimage"},"image":{"@id":"https:\/\/petitekingdom.com\/shop\/long-denim-overalls-for-baby-boys\/#primaryimage"},"thumbnailUrl":"https:\/\/petitekingdom.com\/wp-content\/uploads\/2024\/08\/long-denim-overalls-for-baby-boys-du-pareil-au-meme.jpg","datePublished":"2024-08-23T07:26:17+00:00","dateModified":"2024-08-23T07:26:17+00:00","breadcrumb":{"@id":"https:\/\/petitekingdom.com\/shop\/long-denim-overalls-for-baby-boys\/#breadcrumb"},"inLanguage":"lv-LV","potentialAction":[{"@type":"ReadAction","target":["https:\/\/petitekingdom.com\/shop\/long-denim-overalls-for-baby-boys\/"]}]},{"@type":"ImageObject","inLanguage":"lv-LV","@id":"https:\/\/petitekingdom.com\/shop\/long-denim-overalls-for-baby-boys\/#primaryimage","url":"https:\/\/petitekingdom.com\/wp-content\/uploads\/2024\/08\/long-denim-overalls-for-baby-boys-du-pareil-au-meme.jpg","contentUrl":"https:\/\/petitekingdom.com\/wp-content\/uploads\/2024\/08\/long-denim-overalls-for-baby-boys-du-pareil-au-meme.jpg","width":570,"height":770,"caption":"Gar\u0161 d\u017einsa kombinezons z\u0113niem - Du pareil Au Meme"},{"@type":"BreadcrumbList","@id":"https:\/\/petitekingdom.com\/shop\/long-denim-overalls-for-baby-boys\/#breadcrumb","itemListElement":[{"@type":"ListItem","position":1,"name":"Home","item":"https:\/\/petitekingdom.com\/lv\/"},{"@type":"ListItem","position":2,"name":"Veikals","item":"https:\/\/petitekingdom.com\/lv\/veikals\/"},{"@type":"ListItem","position":3,"name":"Gar\u0161 d\u017einsa kombinezons z\u0113niem"}]},{"@type":"WebSite","@id":"https:\/\/petitekingdom.com\/#website","url":"https:\/\/petitekingdom.com\/","name":"Petite Kingdom","description":"B\u0113rnu izt\u0113lei nav robe\u017eu","publisher":{"@id":"https:\/\/petitekingdom.com\/#organization"},"potentialAction":[{"@type":"SearchAction","target":{"@type":"EntryPoint","urlTemplate":"https:\/\/petitekingdom.com\/?s={search_term_string}"},"query-input":{"@type":"PropertyValueSpecification","valueRequired":true,"valueName":"search_term_string"}}],"inLanguage":"lv-LV"},{"@type":"Organization","@id":"https:\/\/petitekingdom.com\/#organization","name":"Petite Kingdom","url":"https:\/\/petitekingdom.com\/","logo":{"@type":"ImageObject","inLanguage":"lv-LV","@id":"https:\/\/petitekingdom.com\/#\/schema\/logo\/image\/","url":"https:\/\/petitekingdom.com\/wp-content\/uploads\/2021\/04\/PT_logo_blackPNG.png","contentUrl":"https:\/\/petitekingdom.com\/wp-content\/uploads\/2021\/04\/PT_logo_blackPNG.png","width":1158,"height":500,"caption":"Petite Kingdom"},"image":{"@id":"https:\/\/petitekingdom.com\/#\/schema\/logo\/image\/"},"sameAs":["https:\/\/www.facebook.com\/Petite-Kingdom-114272640862559","https:\/\/www.instagram.com\/petite_kingdom\/"]}]}},"_links":{"self":[{"href":"https:\/\/petitekingdom.com\/lv\/wp-json\/wp\/v2\/product\/54631"}],"collection":[{"href":"https:\/\/petitekingdom.com\/lv\/wp-json\/wp\/v2\/product"}],"about":[{"href":"https:\/\/petitekingdom.com\/lv\/wp-json\/wp\/v2\/types\/product"}],"wp:featuredmedia":[{"embeddable":true,"href":"https:\/\/petitekingdom.com\/lv\/wp-json\/wp\/v2\/media\/54626"}],"wp:attachment":[{"href":"https:\/\/petitekingdom.com\/lv\/wp-json\/wp\/v2\/media?parent=54631"}],"wp:term":[{"taxonomy":"product_cat","embeddable":true,"href":"https:\/\/petitekingdom.com\/lv\/wp-json\/wp\/v2\/product_cat?post=54631"},{"taxonomy":"product_tag","embeddable":true,"href":"https:\/\/petitekingdom.com\/lv\/wp-json\/wp\/v2\/product_tag?post=54631"},{"taxonomy":"product-material","embeddable":true,"href":"https:\/\/petitekingdom.com\/lv\/wp-json\/wp\/v2\/product-material?post=54631"},{"taxonomy":"product-type","embeddable":true,"href":"https:\/\/petitekingdom.com\/lv\/wp-json\/wp\/v2\/product-type?post=54631"},{"taxonomy":"designers","embeddable":true,"href":"https:\/\/petitekingdom.com\/lv\/wp-json\/wp\/v2\/designers?post=54631"}],"curies":[{"name":"wp","href":"https:\/\/api.w.org\/{rel}","templated":true}]}}