{"id":54590,"date":"2024-08-22T14:23:39","date_gmt":"2024-08-22T11:30:23","guid":{"rendered":"https:\/\/petitekingdom.com\/shop\/uncategorized\/belts-kreklins-ar-leopardu-mazajam-meitenem\/"},"modified":"2024-08-22T14:30:23","modified_gmt":"2024-08-22T11:30:23","slug":"belts-kreklins-ar-leopardu-mazajam-meitenem","status":"publish","type":"product","link":"https:\/\/petitekingdom.com\/lv\/shop\/belts-kreklins-ar-leopardu-mazajam-meitenem\/","title":{"rendered":"Belts krekli\u0146\u0161 ar leopardu mazaj\u0101m meiten\u0113m"},"content":{"rendered":"<ul>\n<li>100% Kokvilna<\/li>\n<\/ul>\n","protected":false},"excerpt":{"rendered":"<p>Jaunajiem tenden\u010du noteic\u0113jiem, piedz\u012bvojumi s\u0101kas ar \u0161o t\u012b\u0123era apdrukas krekli\u0146u, kas ir ide\u0101ls visas sezonas. Izgatavots no maj\u012bgas kokvilnas auduma, tas nodro\u0161ina maksim\u0101lu komfortu j\u016bsu mazajai meitenei. Ar savu drosm\u012bgo dz\u012bvnieku rakstu, savam t\u0113rpam tas pie\u0161\u0137irs saj\u016bsmu. \u0112rti lietojam\u0101s podzi\u0146as aizmugur\u0113 padara ap\u0123\u0113rbu vilk\u0161anu vienk\u0101r\u0161u un \u0101tru, kas ir ide\u0101li piem\u0113rots vec\u0101kiem ikdien\u0101.<\/p>\n","protected":false},"featured_media":54585,"template":"","meta":{"_acf_changed":false},"product_cat":[1180,1663,1665,1254,1269,1268,1655],"product_tag":[],"product-material":[],"product-type":[],"designers":[1903],"class_list":{"0":"post-54590","1":"product","2":"type-product","3":"status-publish","4":"has-post-thumbnail","6":"product_cat-zidainu-apgerbs","7":"product_cat-jaundzimuso-drebites","8":"product_cat-zidainu-drebes","9":"product_cat-kreklini-bluzes-zidainiem","10":"product_cat-zidainu-bluzes","11":"product_cat-zidainu-kreklini","12":"product_cat-jaunumi","13":"designers-du-pareil-au-meme-lv","15":"first","16":"instock","17":"taxable","18":"shipping-taxable","19":"purchasable","20":"product-type-variable"},"acf":[],"yoast_head":"<!-- This site is optimized with the Yoast SEO Premium plugin v23.7 (Yoast SEO v23.7) - https:\/\/yoast.com\/wordpress\/plugins\/seo\/ -->\n<title>Belts krekli\u0146\u0161 ar leopardu mazaj\u0101m meiten\u0113m &#8226; Petite Kingdom<\/title>\n<meta name=\"robots\" content=\"index, follow, max-snippet:-1, max-image-preview:large, max-video-preview:-1\" \/>\n<link rel=\"canonical\" href=\"https:\/\/petitekingdom.com\/shop\/baby-girl-leopard-animation-tee\/\" \/>\n<meta property=\"og:locale\" content=\"lv_LV\" \/>\n<meta property=\"og:type\" content=\"article\" \/>\n<meta property=\"og:title\" content=\"Belts krekli\u0146\u0161 ar leopardu mazaj\u0101m meiten\u0113m\" \/>\n<meta property=\"og:description\" content=\"Jaunajiem tenden\u010du noteic\u0113jiem, piedz\u012bvojumi s\u0101kas ar \u0161o t\u012b\u0123era apdrukas krekli\u0146u, kas ir ide\u0101ls visas sezonas. Izgatavots no maj\u012bgas kokvilnas auduma, tas nodro\u0161ina maksim\u0101lu komfortu j\u016bsu mazajai meitenei. Ar savu drosm\u012bgo dz\u012bvnieku rakstu, savam t\u0113rpam tas pie\u0161\u0137irs saj\u016bsmu. \u0112rti lietojam\u0101s podzi\u0146as aizmugur\u0113 padara ap\u0123\u0113rbu vilk\u0161anu vienk\u0101r\u0161u un \u0101tru, kas ir ide\u0101li piem\u0113rots vec\u0101kiem ikdien\u0101.\" \/>\n<meta property=\"og:url\" content=\"https:\/\/petitekingdom.com\/shop\/baby-girl-leopard-animation-tee\/\" \/>\n<meta property=\"og:site_name\" content=\"Petite Kingdom\" \/>\n<meta property=\"article:publisher\" content=\"https:\/\/www.facebook.com\/Petite-Kingdom-114272640862559\" \/>\n<meta property=\"og:image\" content=\"https:\/\/petitekingdom.com\/wp-content\/uploads\/2024\/08\/baby-girl-leopard-animation-tee-du-pareil-au-meme.jpg\" \/>\n\t<meta property=\"og:image:width\" content=\"1440\" \/>\n\t<meta property=\"og:image:height\" content=\"1920\" \/>\n\t<meta property=\"og:image:type\" content=\"image\/jpeg\" \/>\n<meta name=\"twitter:card\" content=\"summary_large_image\" \/>\n<script type=\"application\/ld+json\" class=\"yoast-schema-graph\">{\"@context\":\"https:\/\/schema.org\",\"@graph\":[{\"@type\":\"WebPage\",\"@id\":\"https:\/\/petitekingdom.com\/shop\/baby-girl-leopard-animation-tee\/\",\"url\":\"https:\/\/petitekingdom.com\/shop\/baby-girl-leopard-animation-tee\/\",\"name\":\"Belts krekli\u0146\u0161 ar leopardu mazaj\u0101m meiten\u0113m &#8226; Petite Kingdom\",\"isPartOf\":{\"@id\":\"https:\/\/petitekingdom.com\/#website\"},\"primaryImageOfPage\":{\"@id\":\"https:\/\/petitekingdom.com\/shop\/baby-girl-leopard-animation-tee\/#primaryimage\"},\"image\":{\"@id\":\"https:\/\/petitekingdom.com\/shop\/baby-girl-leopard-animation-tee\/#primaryimage\"},\"thumbnailUrl\":\"https:\/\/petitekingdom.com\/wp-content\/uploads\/2024\/08\/baby-girl-leopard-animation-tee-du-pareil-au-meme.jpg\",\"datePublished\":\"2024-08-22T11:30:23+00:00\",\"dateModified\":\"2024-08-22T11:30:23+00:00\",\"breadcrumb\":{\"@id\":\"https:\/\/petitekingdom.com\/shop\/baby-girl-leopard-animation-tee\/#breadcrumb\"},\"inLanguage\":\"lv-LV\",\"potentialAction\":[{\"@type\":\"ReadAction\",\"target\":[\"https:\/\/petitekingdom.com\/shop\/baby-girl-leopard-animation-tee\/\"]}]},{\"@type\":\"ImageObject\",\"inLanguage\":\"lv-LV\",\"@id\":\"https:\/\/petitekingdom.com\/shop\/baby-girl-leopard-animation-tee\/#primaryimage\",\"url\":\"https:\/\/petitekingdom.com\/wp-content\/uploads\/2024\/08\/baby-girl-leopard-animation-tee-du-pareil-au-meme.jpg\",\"contentUrl\":\"https:\/\/petitekingdom.com\/wp-content\/uploads\/2024\/08\/baby-girl-leopard-animation-tee-du-pareil-au-meme.jpg\",\"width\":1440,\"height\":1920,\"caption\":\"Belts krekli\u0146\u0161 ar leopardu mazaj\u0101m meiten\u0113m - Du pareil Au Meme\"},{\"@type\":\"BreadcrumbList\",\"@id\":\"https:\/\/petitekingdom.com\/shop\/baby-girl-leopard-animation-tee\/#breadcrumb\",\"itemListElement\":[{\"@type\":\"ListItem\",\"position\":1,\"name\":\"Home\",\"item\":\"https:\/\/petitekingdom.com\/lv\/\"},{\"@type\":\"ListItem\",\"position\":2,\"name\":\"Veikals\",\"item\":\"https:\/\/petitekingdom.com\/lv\/veikals\/\"},{\"@type\":\"ListItem\",\"position\":3,\"name\":\"Belts krekli\u0146\u0161 ar leopardu mazaj\u0101m meiten\u0113m\"}]},{\"@type\":\"WebSite\",\"@id\":\"https:\/\/petitekingdom.com\/#website\",\"url\":\"https:\/\/petitekingdom.com\/\",\"name\":\"Petite Kingdom\",\"description\":\"B\u0113rnu izt\u0113lei nav robe\u017eu\",\"publisher\":{\"@id\":\"https:\/\/petitekingdom.com\/#organization\"},\"potentialAction\":[{\"@type\":\"SearchAction\",\"target\":{\"@type\":\"EntryPoint\",\"urlTemplate\":\"https:\/\/petitekingdom.com\/?s={search_term_string}\"},\"query-input\":{\"@type\":\"PropertyValueSpecification\",\"valueRequired\":true,\"valueName\":\"search_term_string\"}}],\"inLanguage\":\"lv-LV\"},{\"@type\":\"Organization\",\"@id\":\"https:\/\/petitekingdom.com\/#organization\",\"name\":\"Petite Kingdom\",\"url\":\"https:\/\/petitekingdom.com\/\",\"logo\":{\"@type\":\"ImageObject\",\"inLanguage\":\"lv-LV\",\"@id\":\"https:\/\/petitekingdom.com\/#\/schema\/logo\/image\/\",\"url\":\"https:\/\/petitekingdom.com\/wp-content\/uploads\/2021\/04\/PT_logo_blackPNG.png\",\"contentUrl\":\"https:\/\/petitekingdom.com\/wp-content\/uploads\/2021\/04\/PT_logo_blackPNG.png\",\"width\":1158,\"height\":500,\"caption\":\"Petite Kingdom\"},\"image\":{\"@id\":\"https:\/\/petitekingdom.com\/#\/schema\/logo\/image\/\"},\"sameAs\":[\"https:\/\/www.facebook.com\/Petite-Kingdom-114272640862559\",\"https:\/\/www.instagram.com\/petite_kingdom\/\"]}]}<\/script>\n<!-- \/ Yoast SEO Premium plugin. -->","yoast_head_json":{"title":"Belts krekli\u0146\u0161 ar leopardu mazaj\u0101m meiten\u0113m &#8226; Petite Kingdom","robots":{"index":"index","follow":"follow","max-snippet":"max-snippet:-1","max-image-preview":"max-image-preview:large","max-video-preview":"max-video-preview:-1"},"canonical":"https:\/\/petitekingdom.com\/shop\/baby-girl-leopard-animation-tee\/","og_locale":"lv_LV","og_type":"article","og_title":"Belts krekli\u0146\u0161 ar leopardu mazaj\u0101m meiten\u0113m","og_description":"Jaunajiem tenden\u010du noteic\u0113jiem, piedz\u012bvojumi s\u0101kas ar \u0161o t\u012b\u0123era apdrukas krekli\u0146u, kas ir ide\u0101ls visas sezonas. Izgatavots no maj\u012bgas kokvilnas auduma, tas nodro\u0161ina maksim\u0101lu komfortu j\u016bsu mazajai meitenei. Ar savu drosm\u012bgo dz\u012bvnieku rakstu, savam t\u0113rpam tas pie\u0161\u0137irs saj\u016bsmu. \u0112rti lietojam\u0101s podzi\u0146as aizmugur\u0113 padara ap\u0123\u0113rbu vilk\u0161anu vienk\u0101r\u0161u un \u0101tru, kas ir ide\u0101li piem\u0113rots vec\u0101kiem ikdien\u0101.","og_url":"https:\/\/petitekingdom.com\/shop\/baby-girl-leopard-animation-tee\/","og_site_name":"Petite Kingdom","article_publisher":"https:\/\/www.facebook.com\/Petite-Kingdom-114272640862559","og_image":[{"width":1440,"height":1920,"url":"https:\/\/petitekingdom.com\/wp-content\/uploads\/2024\/08\/baby-girl-leopard-animation-tee-du-pareil-au-meme.jpg","type":"image\/jpeg"}],"twitter_card":"summary_large_image","schema":{"@context":"https:\/\/schema.org","@graph":[{"@type":"WebPage","@id":"https:\/\/petitekingdom.com\/shop\/baby-girl-leopard-animation-tee\/","url":"https:\/\/petitekingdom.com\/shop\/baby-girl-leopard-animation-tee\/","name":"Belts krekli\u0146\u0161 ar leopardu mazaj\u0101m meiten\u0113m &#8226; Petite Kingdom","isPartOf":{"@id":"https:\/\/petitekingdom.com\/#website"},"primaryImageOfPage":{"@id":"https:\/\/petitekingdom.com\/shop\/baby-girl-leopard-animation-tee\/#primaryimage"},"image":{"@id":"https:\/\/petitekingdom.com\/shop\/baby-girl-leopard-animation-tee\/#primaryimage"},"thumbnailUrl":"https:\/\/petitekingdom.com\/wp-content\/uploads\/2024\/08\/baby-girl-leopard-animation-tee-du-pareil-au-meme.jpg","datePublished":"2024-08-22T11:30:23+00:00","dateModified":"2024-08-22T11:30:23+00:00","breadcrumb":{"@id":"https:\/\/petitekingdom.com\/shop\/baby-girl-leopard-animation-tee\/#breadcrumb"},"inLanguage":"lv-LV","potentialAction":[{"@type":"ReadAction","target":["https:\/\/petitekingdom.com\/shop\/baby-girl-leopard-animation-tee\/"]}]},{"@type":"ImageObject","inLanguage":"lv-LV","@id":"https:\/\/petitekingdom.com\/shop\/baby-girl-leopard-animation-tee\/#primaryimage","url":"https:\/\/petitekingdom.com\/wp-content\/uploads\/2024\/08\/baby-girl-leopard-animation-tee-du-pareil-au-meme.jpg","contentUrl":"https:\/\/petitekingdom.com\/wp-content\/uploads\/2024\/08\/baby-girl-leopard-animation-tee-du-pareil-au-meme.jpg","width":1440,"height":1920,"caption":"Belts krekli\u0146\u0161 ar leopardu mazaj\u0101m meiten\u0113m - Du pareil Au Meme"},{"@type":"BreadcrumbList","@id":"https:\/\/petitekingdom.com\/shop\/baby-girl-leopard-animation-tee\/#breadcrumb","itemListElement":[{"@type":"ListItem","position":1,"name":"Home","item":"https:\/\/petitekingdom.com\/lv\/"},{"@type":"ListItem","position":2,"name":"Veikals","item":"https:\/\/petitekingdom.com\/lv\/veikals\/"},{"@type":"ListItem","position":3,"name":"Belts krekli\u0146\u0161 ar leopardu mazaj\u0101m meiten\u0113m"}]},{"@type":"WebSite","@id":"https:\/\/petitekingdom.com\/#website","url":"https:\/\/petitekingdom.com\/","name":"Petite Kingdom","description":"B\u0113rnu izt\u0113lei nav robe\u017eu","publisher":{"@id":"https:\/\/petitekingdom.com\/#organization"},"potentialAction":[{"@type":"SearchAction","target":{"@type":"EntryPoint","urlTemplate":"https:\/\/petitekingdom.com\/?s={search_term_string}"},"query-input":{"@type":"PropertyValueSpecification","valueRequired":true,"valueName":"search_term_string"}}],"inLanguage":"lv-LV"},{"@type":"Organization","@id":"https:\/\/petitekingdom.com\/#organization","name":"Petite Kingdom","url":"https:\/\/petitekingdom.com\/","logo":{"@type":"ImageObject","inLanguage":"lv-LV","@id":"https:\/\/petitekingdom.com\/#\/schema\/logo\/image\/","url":"https:\/\/petitekingdom.com\/wp-content\/uploads\/2021\/04\/PT_logo_blackPNG.png","contentUrl":"https:\/\/petitekingdom.com\/wp-content\/uploads\/2021\/04\/PT_logo_blackPNG.png","width":1158,"height":500,"caption":"Petite Kingdom"},"image":{"@id":"https:\/\/petitekingdom.com\/#\/schema\/logo\/image\/"},"sameAs":["https:\/\/www.facebook.com\/Petite-Kingdom-114272640862559","https:\/\/www.instagram.com\/petite_kingdom\/"]}]}},"_links":{"self":[{"href":"https:\/\/petitekingdom.com\/lv\/wp-json\/wp\/v2\/product\/54590"}],"collection":[{"href":"https:\/\/petitekingdom.com\/lv\/wp-json\/wp\/v2\/product"}],"about":[{"href":"https:\/\/petitekingdom.com\/lv\/wp-json\/wp\/v2\/types\/product"}],"wp:featuredmedia":[{"embeddable":true,"href":"https:\/\/petitekingdom.com\/lv\/wp-json\/wp\/v2\/media\/54585"}],"wp:attachment":[{"href":"https:\/\/petitekingdom.com\/lv\/wp-json\/wp\/v2\/media?parent=54590"}],"wp:term":[{"taxonomy":"product_cat","embeddable":true,"href":"https:\/\/petitekingdom.com\/lv\/wp-json\/wp\/v2\/product_cat?post=54590"},{"taxonomy":"product_tag","embeddable":true,"href":"https:\/\/petitekingdom.com\/lv\/wp-json\/wp\/v2\/product_tag?post=54590"},{"taxonomy":"product-material","embeddable":true,"href":"https:\/\/petitekingdom.com\/lv\/wp-json\/wp\/v2\/product-material?post=54590"},{"taxonomy":"product-type","embeddable":true,"href":"https:\/\/petitekingdom.com\/lv\/wp-json\/wp\/v2\/product-type?post=54590"},{"taxonomy":"designers","embeddable":true,"href":"https:\/\/petitekingdom.com\/lv\/wp-json\/wp\/v2\/designers?post=54590"}],"curies":[{"name":"wp","href":"https:\/\/api.w.org\/{rel}","templated":true}]}}