{"id":54566,"date":"2024-08-22T13:45:46","date_gmt":"2024-08-22T10:51:12","guid":{"rendered":"https:\/\/petitekingdom.com\/shop\/uncategorized\/ziedu-apdrukas-rapulitis-meitenem\/"},"modified":"2024-08-22T13:51:12","modified_gmt":"2024-08-22T10:51:12","slug":"ziedu-apdrukas-rapulitis-meitenem","status":"publish","type":"product","link":"https:\/\/petitekingdom.com\/lv\/shop\/ziedu-apdrukas-rapulitis-meitenem\/","title":{"rendered":"Ziedu apdrukas r\u0101pul\u012btis meiten\u0113m"},"content":{"rendered":"<ul>\n<li>100% Kokvilna<\/li>\n<li>P\u012btera Pena stila apkakl\u012bte<\/li>\n<li>Spiedpogas priek\u0161pus\u0113<\/li>\n<li>Tru\u0161a anim\u0101cijas kabata uz kr\u016bt\u012bm<\/li>\n<\/ul>\n","protected":false},"excerpt":{"rendered":"<p>R\u0101pul\u012btis ir izgatavots no m\u012bkstas kokvilnas, tas saglab\u0101 m\u0101j\u012bgumu un m\u012bl\u012bgumu. P\u012btera Pena apkakle un gar\u0101s piedurknes pie\u0161\u0137ir jauku piesk\u0101rienu. \u0112rti uzvelkams ar priek\u0161\u0113j\u0101m podzi\u0146\u0101m, tai ir jautra za\u0137a kabata uz kr\u016bt\u012bm. Iestr\u0101d\u0101tas p\u0113di\u0146as (izm\u0113ram l\u012bdz 12 m\u0113ne\u0161iem) nodro\u0161ina labu piegul\u0161anu \u0113rt\u0101m dien\u0101m un nakt\u012bm. Tas ir lieliski piem\u0113rots mazul\u012b\u0161a miegam.     <\/p>\n","protected":false},"featured_media":54563,"template":"","meta":{"_acf_changed":false},"product_cat":[1180,1663,1665,1181,1209,1655],"product_tag":[],"product-material":[],"product-type":[],"designers":[1903],"class_list":{"0":"post-54566","1":"product","2":"type-product","3":"status-publish","4":"has-post-thumbnail","6":"product_cat-zidainu-apgerbs","7":"product_cat-jaundzimuso-drebites","8":"product_cat-zidainu-drebes","9":"product_cat-rapulisi-bodiji","10":"product_cat-zidainu-rapulisi","11":"product_cat-jaunumi","12":"designers-du-pareil-au-meme-lv","14":"first","15":"instock","16":"taxable","17":"shipping-taxable","18":"purchasable","19":"product-type-variable"},"acf":[],"yoast_head":"<!-- This site is optimized with the Yoast SEO Premium plugin v23.7 (Yoast SEO v23.7) - https:\/\/yoast.com\/wordpress\/plugins\/seo\/ -->\n<title>Ziedu apdrukas r\u0101pul\u012btis meiten\u0113m &#8226; Petite Kingdom<\/title>\n<meta name=\"robots\" content=\"index, follow, max-snippet:-1, max-image-preview:large, max-video-preview:-1\" \/>\n<link rel=\"canonical\" href=\"https:\/\/petitekingdom.com\/lv\/shop\/ziedu-apdrukas-rapulitis-meitenem\/\" \/>\n<meta property=\"og:locale\" content=\"lv_LV\" \/>\n<meta property=\"og:type\" content=\"article\" \/>\n<meta property=\"og:title\" content=\"Ziedu apdrukas r\u0101pul\u012btis meiten\u0113m\" \/>\n<meta property=\"og:description\" content=\"R\u0101pul\u012btis ir izgatavots no m\u012bkstas kokvilnas, tas saglab\u0101 m\u0101j\u012bgumu un m\u012bl\u012bgumu. P\u012btera Pena apkakle un gar\u0101s piedurknes pie\u0161\u0137ir jauku piesk\u0101rienu. \u0112rti uzvelkams ar priek\u0161\u0113j\u0101m podzi\u0146\u0101m, tai ir jautra za\u0137a kabata uz kr\u016bt\u012bm. Iestr\u0101d\u0101tas p\u0113di\u0146as (izm\u0113ram l\u012bdz 12 m\u0113ne\u0161iem) nodro\u0161ina labu piegul\u0161anu \u0113rt\u0101m dien\u0101m un nakt\u012bm. Tas ir lieliski piem\u0113rots mazul\u012b\u0161a miegam.\" \/>\n<meta property=\"og:url\" content=\"https:\/\/petitekingdom.com\/lv\/shop\/ziedu-apdrukas-rapulitis-meitenem\/\" \/>\n<meta property=\"og:site_name\" content=\"Petite Kingdom\" \/>\n<meta property=\"article:publisher\" content=\"https:\/\/www.facebook.com\/Petite-Kingdom-114272640862559\" \/>\n<meta property=\"og:image\" content=\"https:\/\/petitekingdom.com\/wp-content\/uploads\/2024\/08\/floral-print-romper-for-baby-girls-du-pareil-au-meme.jpg\" \/>\n\t<meta property=\"og:image:width\" content=\"1440\" \/>\n\t<meta property=\"og:image:height\" content=\"1920\" \/>\n\t<meta property=\"og:image:type\" content=\"image\/jpeg\" \/>\n<meta name=\"twitter:card\" content=\"summary_large_image\" \/>\n<script type=\"application\/ld+json\" class=\"yoast-schema-graph\">{\"@context\":\"https:\/\/schema.org\",\"@graph\":[{\"@type\":\"WebPage\",\"@id\":\"https:\/\/petitekingdom.com\/lv\/shop\/ziedu-apdrukas-rapulitis-meitenem\/\",\"url\":\"https:\/\/petitekingdom.com\/lv\/shop\/ziedu-apdrukas-rapulitis-meitenem\/\",\"name\":\"Ziedu apdrukas r\u0101pul\u012btis meiten\u0113m &#8226; Petite Kingdom\",\"isPartOf\":{\"@id\":\"https:\/\/petitekingdom.com\/#website\"},\"primaryImageOfPage\":{\"@id\":\"https:\/\/petitekingdom.com\/lv\/shop\/ziedu-apdrukas-rapulitis-meitenem\/#primaryimage\"},\"image\":{\"@id\":\"https:\/\/petitekingdom.com\/lv\/shop\/ziedu-apdrukas-rapulitis-meitenem\/#primaryimage\"},\"thumbnailUrl\":\"https:\/\/petitekingdom.com\/wp-content\/uploads\/2024\/08\/floral-print-romper-for-baby-girls-du-pareil-au-meme.jpg\",\"datePublished\":\"2024-08-22T10:51:12+00:00\",\"dateModified\":\"2024-08-22T10:51:12+00:00\",\"breadcrumb\":{\"@id\":\"https:\/\/petitekingdom.com\/lv\/shop\/ziedu-apdrukas-rapulitis-meitenem\/#breadcrumb\"},\"inLanguage\":\"lv-LV\",\"potentialAction\":[{\"@type\":\"ReadAction\",\"target\":[\"https:\/\/petitekingdom.com\/lv\/shop\/ziedu-apdrukas-rapulitis-meitenem\/\"]}]},{\"@type\":\"ImageObject\",\"inLanguage\":\"lv-LV\",\"@id\":\"https:\/\/petitekingdom.com\/lv\/shop\/ziedu-apdrukas-rapulitis-meitenem\/#primaryimage\",\"url\":\"https:\/\/petitekingdom.com\/wp-content\/uploads\/2024\/08\/floral-print-romper-for-baby-girls-du-pareil-au-meme.jpg\",\"contentUrl\":\"https:\/\/petitekingdom.com\/wp-content\/uploads\/2024\/08\/floral-print-romper-for-baby-girls-du-pareil-au-meme.jpg\",\"width\":1440,\"height\":1920,\"caption\":\"Ziedu apdrukas r\u0101pul\u012btis meiten\u0113m - Du pareil Au Meme\"},{\"@type\":\"BreadcrumbList\",\"@id\":\"https:\/\/petitekingdom.com\/lv\/shop\/ziedu-apdrukas-rapulitis-meitenem\/#breadcrumb\",\"itemListElement\":[{\"@type\":\"ListItem\",\"position\":1,\"name\":\"Home\",\"item\":\"https:\/\/petitekingdom.com\/lv\/\"},{\"@type\":\"ListItem\",\"position\":2,\"name\":\"Veikals\",\"item\":\"https:\/\/petitekingdom.com\/lv\/veikals\/\"},{\"@type\":\"ListItem\",\"position\":3,\"name\":\"Ziedu apdrukas r\u0101pul\u012btis meiten\u0113m\"}]},{\"@type\":\"WebSite\",\"@id\":\"https:\/\/petitekingdom.com\/#website\",\"url\":\"https:\/\/petitekingdom.com\/\",\"name\":\"Petite Kingdom\",\"description\":\"B\u0113rnu izt\u0113lei nav robe\u017eu\",\"publisher\":{\"@id\":\"https:\/\/petitekingdom.com\/#organization\"},\"potentialAction\":[{\"@type\":\"SearchAction\",\"target\":{\"@type\":\"EntryPoint\",\"urlTemplate\":\"https:\/\/petitekingdom.com\/?s={search_term_string}\"},\"query-input\":{\"@type\":\"PropertyValueSpecification\",\"valueRequired\":true,\"valueName\":\"search_term_string\"}}],\"inLanguage\":\"lv-LV\"},{\"@type\":\"Organization\",\"@id\":\"https:\/\/petitekingdom.com\/#organization\",\"name\":\"Petite Kingdom\",\"url\":\"https:\/\/petitekingdom.com\/\",\"logo\":{\"@type\":\"ImageObject\",\"inLanguage\":\"lv-LV\",\"@id\":\"https:\/\/petitekingdom.com\/#\/schema\/logo\/image\/\",\"url\":\"https:\/\/petitekingdom.com\/wp-content\/uploads\/2021\/04\/PT_logo_blackPNG.png\",\"contentUrl\":\"https:\/\/petitekingdom.com\/wp-content\/uploads\/2021\/04\/PT_logo_blackPNG.png\",\"width\":1158,\"height\":500,\"caption\":\"Petite Kingdom\"},\"image\":{\"@id\":\"https:\/\/petitekingdom.com\/#\/schema\/logo\/image\/\"},\"sameAs\":[\"https:\/\/www.facebook.com\/Petite-Kingdom-114272640862559\",\"https:\/\/www.instagram.com\/petite_kingdom\/\"]}]}<\/script>\n<!-- \/ Yoast SEO Premium plugin. -->","yoast_head_json":{"title":"Ziedu apdrukas r\u0101pul\u012btis meiten\u0113m &#8226; Petite Kingdom","robots":{"index":"index","follow":"follow","max-snippet":"max-snippet:-1","max-image-preview":"max-image-preview:large","max-video-preview":"max-video-preview:-1"},"canonical":"https:\/\/petitekingdom.com\/lv\/shop\/ziedu-apdrukas-rapulitis-meitenem\/","og_locale":"lv_LV","og_type":"article","og_title":"Ziedu apdrukas r\u0101pul\u012btis meiten\u0113m","og_description":"R\u0101pul\u012btis ir izgatavots no m\u012bkstas kokvilnas, tas saglab\u0101 m\u0101j\u012bgumu un m\u012bl\u012bgumu. P\u012btera Pena apkakle un gar\u0101s piedurknes pie\u0161\u0137ir jauku piesk\u0101rienu. \u0112rti uzvelkams ar priek\u0161\u0113j\u0101m podzi\u0146\u0101m, tai ir jautra za\u0137a kabata uz kr\u016bt\u012bm. Iestr\u0101d\u0101tas p\u0113di\u0146as (izm\u0113ram l\u012bdz 12 m\u0113ne\u0161iem) nodro\u0161ina labu piegul\u0161anu \u0113rt\u0101m dien\u0101m un nakt\u012bm. Tas ir lieliski piem\u0113rots mazul\u012b\u0161a miegam.","og_url":"https:\/\/petitekingdom.com\/lv\/shop\/ziedu-apdrukas-rapulitis-meitenem\/","og_site_name":"Petite Kingdom","article_publisher":"https:\/\/www.facebook.com\/Petite-Kingdom-114272640862559","og_image":[{"width":1440,"height":1920,"url":"https:\/\/petitekingdom.com\/wp-content\/uploads\/2024\/08\/floral-print-romper-for-baby-girls-du-pareil-au-meme.jpg","type":"image\/jpeg"}],"twitter_card":"summary_large_image","schema":{"@context":"https:\/\/schema.org","@graph":[{"@type":"WebPage","@id":"https:\/\/petitekingdom.com\/lv\/shop\/ziedu-apdrukas-rapulitis-meitenem\/","url":"https:\/\/petitekingdom.com\/lv\/shop\/ziedu-apdrukas-rapulitis-meitenem\/","name":"Ziedu apdrukas r\u0101pul\u012btis meiten\u0113m &#8226; Petite Kingdom","isPartOf":{"@id":"https:\/\/petitekingdom.com\/#website"},"primaryImageOfPage":{"@id":"https:\/\/petitekingdom.com\/lv\/shop\/ziedu-apdrukas-rapulitis-meitenem\/#primaryimage"},"image":{"@id":"https:\/\/petitekingdom.com\/lv\/shop\/ziedu-apdrukas-rapulitis-meitenem\/#primaryimage"},"thumbnailUrl":"https:\/\/petitekingdom.com\/wp-content\/uploads\/2024\/08\/floral-print-romper-for-baby-girls-du-pareil-au-meme.jpg","datePublished":"2024-08-22T10:51:12+00:00","dateModified":"2024-08-22T10:51:12+00:00","breadcrumb":{"@id":"https:\/\/petitekingdom.com\/lv\/shop\/ziedu-apdrukas-rapulitis-meitenem\/#breadcrumb"},"inLanguage":"lv-LV","potentialAction":[{"@type":"ReadAction","target":["https:\/\/petitekingdom.com\/lv\/shop\/ziedu-apdrukas-rapulitis-meitenem\/"]}]},{"@type":"ImageObject","inLanguage":"lv-LV","@id":"https:\/\/petitekingdom.com\/lv\/shop\/ziedu-apdrukas-rapulitis-meitenem\/#primaryimage","url":"https:\/\/petitekingdom.com\/wp-content\/uploads\/2024\/08\/floral-print-romper-for-baby-girls-du-pareil-au-meme.jpg","contentUrl":"https:\/\/petitekingdom.com\/wp-content\/uploads\/2024\/08\/floral-print-romper-for-baby-girls-du-pareil-au-meme.jpg","width":1440,"height":1920,"caption":"Ziedu apdrukas r\u0101pul\u012btis meiten\u0113m - Du pareil Au Meme"},{"@type":"BreadcrumbList","@id":"https:\/\/petitekingdom.com\/lv\/shop\/ziedu-apdrukas-rapulitis-meitenem\/#breadcrumb","itemListElement":[{"@type":"ListItem","position":1,"name":"Home","item":"https:\/\/petitekingdom.com\/lv\/"},{"@type":"ListItem","position":2,"name":"Veikals","item":"https:\/\/petitekingdom.com\/lv\/veikals\/"},{"@type":"ListItem","position":3,"name":"Ziedu apdrukas r\u0101pul\u012btis meiten\u0113m"}]},{"@type":"WebSite","@id":"https:\/\/petitekingdom.com\/#website","url":"https:\/\/petitekingdom.com\/","name":"Petite Kingdom","description":"B\u0113rnu izt\u0113lei nav robe\u017eu","publisher":{"@id":"https:\/\/petitekingdom.com\/#organization"},"potentialAction":[{"@type":"SearchAction","target":{"@type":"EntryPoint","urlTemplate":"https:\/\/petitekingdom.com\/?s={search_term_string}"},"query-input":{"@type":"PropertyValueSpecification","valueRequired":true,"valueName":"search_term_string"}}],"inLanguage":"lv-LV"},{"@type":"Organization","@id":"https:\/\/petitekingdom.com\/#organization","name":"Petite Kingdom","url":"https:\/\/petitekingdom.com\/","logo":{"@type":"ImageObject","inLanguage":"lv-LV","@id":"https:\/\/petitekingdom.com\/#\/schema\/logo\/image\/","url":"https:\/\/petitekingdom.com\/wp-content\/uploads\/2021\/04\/PT_logo_blackPNG.png","contentUrl":"https:\/\/petitekingdom.com\/wp-content\/uploads\/2021\/04\/PT_logo_blackPNG.png","width":1158,"height":500,"caption":"Petite Kingdom"},"image":{"@id":"https:\/\/petitekingdom.com\/#\/schema\/logo\/image\/"},"sameAs":["https:\/\/www.facebook.com\/Petite-Kingdom-114272640862559","https:\/\/www.instagram.com\/petite_kingdom\/"]}]}},"_links":{"self":[{"href":"https:\/\/petitekingdom.com\/lv\/wp-json\/wp\/v2\/product\/54566"}],"collection":[{"href":"https:\/\/petitekingdom.com\/lv\/wp-json\/wp\/v2\/product"}],"about":[{"href":"https:\/\/petitekingdom.com\/lv\/wp-json\/wp\/v2\/types\/product"}],"wp:featuredmedia":[{"embeddable":true,"href":"https:\/\/petitekingdom.com\/lv\/wp-json\/wp\/v2\/media\/54563"}],"wp:attachment":[{"href":"https:\/\/petitekingdom.com\/lv\/wp-json\/wp\/v2\/media?parent=54566"}],"wp:term":[{"taxonomy":"product_cat","embeddable":true,"href":"https:\/\/petitekingdom.com\/lv\/wp-json\/wp\/v2\/product_cat?post=54566"},{"taxonomy":"product_tag","embeddable":true,"href":"https:\/\/petitekingdom.com\/lv\/wp-json\/wp\/v2\/product_tag?post=54566"},{"taxonomy":"product-material","embeddable":true,"href":"https:\/\/petitekingdom.com\/lv\/wp-json\/wp\/v2\/product-material?post=54566"},{"taxonomy":"product-type","embeddable":true,"href":"https:\/\/petitekingdom.com\/lv\/wp-json\/wp\/v2\/product-type?post=54566"},{"taxonomy":"designers","embeddable":true,"href":"https:\/\/petitekingdom.com\/lv\/wp-json\/wp\/v2\/designers?post=54566"}],"curies":[{"name":"wp","href":"https:\/\/api.w.org\/{rel}","templated":true}]}}