{"id":54538,"date":"2024-08-22T11:57:56","date_gmt":"2024-08-22T09:01:53","guid":{"rendered":"https:\/\/petitekingdom.com\/shop\/uncategorized\/meitenu-bess-kreklins-ar-garam-piedurknem\/"},"modified":"2024-08-22T12:11:06","modified_gmt":"2024-08-22T09:11:06","slug":"meitenu-bess-kreklins-ar-garam-piedurknem","status":"publish","type":"product","link":"https:\/\/petitekingdom.com\/lv\/shop\/meitenu-bess-kreklins-ar-garam-piedurknem\/","title":{"rendered":"Meite\u0146u b\u0113\u0161s krekli\u0146\u0161 ar gar\u0101m piedurkn\u0113m"},"content":{"rendered":"<ul>\n<li>100% Kokvilna<\/li>\n<\/ul>\n","protected":false},"excerpt":{"rendered":"<p>\u0160is kr\u0113mkr\u0101sas krekli\u0146\u0161 ar gar\u0101m piedurkn\u0113m ir piem\u0113rots burv\u012bg\u0101m, \u0161armu p\u0101rpiln\u0101m meiten\u0113m. Izgatavots no m\u0101j\u012bga kokvilnas auduma, tas nodro\u0161ina maksim\u0101lu komfortu j\u016bsu mazulim. T\u0101s vol\u0101niskais, kontrast\u0113jo\u0161ais kakla izgriezums pie\u0161\u0137ir vi\u0146as ansamblim apburo\u0161u piesk\u0101rienu. Raibais raksts pie\u0161\u0137ir stil\u012bgu, bet relaks\u0113tu izskatu. Aizdare mugurpus\u0113 nodro\u0161ina \u0101tru un vienk\u0101r\u0161u p\u0101r\u0123\u0113rb\u0161anos, kas ir lieliski piem\u0113rota vec\u0101kiem aiz\u0146emtaj\u0101 ikdien\u0101 sa\u0123\u0113rbt savu b\u0113rnu.<\/p>\n","protected":false},"featured_media":54531,"template":"","meta":{"_acf_changed":false},"product_cat":[1180,1663,1665,1254,1269,1655],"product_tag":[],"product-material":[],"product-type":[],"designers":[1903],"class_list":{"0":"post-54538","1":"product","2":"type-product","3":"status-publish","4":"has-post-thumbnail","6":"product_cat-zidainu-apgerbs","7":"product_cat-jaundzimuso-drebites","8":"product_cat-zidainu-drebes","9":"product_cat-kreklini-bluzes-zidainiem","10":"product_cat-zidainu-bluzes","11":"product_cat-jaunumi","12":"designers-du-pareil-au-meme-lv","14":"first","15":"instock","16":"taxable","17":"shipping-taxable","18":"purchasable","19":"product-type-variable"},"acf":[],"yoast_head":"<!-- This site is optimized with the Yoast SEO Premium plugin v23.7 (Yoast SEO v23.7) - https:\/\/yoast.com\/wordpress\/plugins\/seo\/ -->\n<title>Meite\u0146u b\u0113\u0161s krekli\u0146\u0161 ar gar\u0101m piedurkn\u0113m &#8226; Petite Kingdom<\/title>\n<meta name=\"robots\" content=\"index, follow, max-snippet:-1, max-image-preview:large, max-video-preview:-1\" \/>\n<link rel=\"canonical\" href=\"https:\/\/petitekingdom.com\/shop\/baby-girls-beige-long-sleeved-bralette\/\" \/>\n<meta property=\"og:locale\" content=\"lv_LV\" \/>\n<meta property=\"og:type\" content=\"article\" \/>\n<meta property=\"og:title\" content=\"Meite\u0146u b\u0113\u0161s krekli\u0146\u0161 ar gar\u0101m piedurkn\u0113m\" \/>\n<meta property=\"og:description\" content=\"\u0160is kr\u0113mkr\u0101sas krekli\u0146\u0161 ar gar\u0101m piedurkn\u0113m ir piem\u0113rots burv\u012bg\u0101m, \u0161armu p\u0101rpiln\u0101m meiten\u0113m. Izgatavots no m\u0101j\u012bga kokvilnas auduma, tas nodro\u0161ina maksim\u0101lu komfortu j\u016bsu mazulim. T\u0101s vol\u0101niskais, kontrast\u0113jo\u0161ais kakla izgriezums pie\u0161\u0137ir vi\u0146as ansamblim apburo\u0161u piesk\u0101rienu. Raibais raksts pie\u0161\u0137ir stil\u012bgu, bet relaks\u0113tu izskatu. Aizdare mugurpus\u0113 nodro\u0161ina \u0101tru un vienk\u0101r\u0161u p\u0101r\u0123\u0113rb\u0161anos, kas ir lieliski piem\u0113rota vec\u0101kiem aiz\u0146emtaj\u0101 ikdien\u0101 sa\u0123\u0113rbt savu b\u0113rnu.\" \/>\n<meta property=\"og:url\" content=\"https:\/\/petitekingdom.com\/shop\/baby-girls-beige-long-sleeved-bralette\/\" \/>\n<meta property=\"og:site_name\" content=\"Petite Kingdom\" \/>\n<meta property=\"article:publisher\" content=\"https:\/\/www.facebook.com\/Petite-Kingdom-114272640862559\" \/>\n<meta property=\"article:modified_time\" content=\"2024-08-22T09:11:06+00:00\" \/>\n<meta property=\"og:image\" content=\"https:\/\/petitekingdom.com\/wp-content\/uploads\/2024\/08\/baby-girls-beige-long-sleeved-bralette-du-pareil-au-meme.jpg\" \/>\n\t<meta property=\"og:image:width\" content=\"1536\" \/>\n\t<meta property=\"og:image:height\" content=\"1920\" \/>\n\t<meta property=\"og:image:type\" content=\"image\/jpeg\" \/>\n<meta name=\"twitter:card\" content=\"summary_large_image\" \/>\n<script type=\"application\/ld+json\" class=\"yoast-schema-graph\">{\"@context\":\"https:\/\/schema.org\",\"@graph\":[{\"@type\":\"WebPage\",\"@id\":\"https:\/\/petitekingdom.com\/shop\/baby-girls-beige-long-sleeved-bralette\/\",\"url\":\"https:\/\/petitekingdom.com\/shop\/baby-girls-beige-long-sleeved-bralette\/\",\"name\":\"Meite\u0146u b\u0113\u0161s krekli\u0146\u0161 ar gar\u0101m piedurkn\u0113m &#8226; Petite Kingdom\",\"isPartOf\":{\"@id\":\"https:\/\/petitekingdom.com\/#website\"},\"primaryImageOfPage\":{\"@id\":\"https:\/\/petitekingdom.com\/shop\/baby-girls-beige-long-sleeved-bralette\/#primaryimage\"},\"image\":{\"@id\":\"https:\/\/petitekingdom.com\/shop\/baby-girls-beige-long-sleeved-bralette\/#primaryimage\"},\"thumbnailUrl\":\"https:\/\/petitekingdom.com\/wp-content\/uploads\/2024\/08\/baby-girls-beige-long-sleeved-bralette-du-pareil-au-meme.jpg\",\"datePublished\":\"2024-08-22T09:01:53+00:00\",\"dateModified\":\"2024-08-22T09:11:06+00:00\",\"breadcrumb\":{\"@id\":\"https:\/\/petitekingdom.com\/shop\/baby-girls-beige-long-sleeved-bralette\/#breadcrumb\"},\"inLanguage\":\"lv-LV\",\"potentialAction\":[{\"@type\":\"ReadAction\",\"target\":[\"https:\/\/petitekingdom.com\/shop\/baby-girls-beige-long-sleeved-bralette\/\"]}]},{\"@type\":\"ImageObject\",\"inLanguage\":\"lv-LV\",\"@id\":\"https:\/\/petitekingdom.com\/shop\/baby-girls-beige-long-sleeved-bralette\/#primaryimage\",\"url\":\"https:\/\/petitekingdom.com\/wp-content\/uploads\/2024\/08\/baby-girls-beige-long-sleeved-bralette-du-pareil-au-meme.jpg\",\"contentUrl\":\"https:\/\/petitekingdom.com\/wp-content\/uploads\/2024\/08\/baby-girls-beige-long-sleeved-bralette-du-pareil-au-meme.jpg\",\"width\":1536,\"height\":1920,\"caption\":\"Meite\u0146u b\u0113\u0161s krekli\u0146\u0161 ar gar\u0101m piedurkn\u0113m - Du pareil Au Meme\"},{\"@type\":\"BreadcrumbList\",\"@id\":\"https:\/\/petitekingdom.com\/shop\/baby-girls-beige-long-sleeved-bralette\/#breadcrumb\",\"itemListElement\":[{\"@type\":\"ListItem\",\"position\":1,\"name\":\"Home\",\"item\":\"https:\/\/petitekingdom.com\/lv\/\"},{\"@type\":\"ListItem\",\"position\":2,\"name\":\"Veikals\",\"item\":\"https:\/\/petitekingdom.com\/lv\/veikals\/\"},{\"@type\":\"ListItem\",\"position\":3,\"name\":\"Meite\u0146u b\u0113\u0161s krekli\u0146\u0161 ar gar\u0101m piedurkn\u0113m\"}]},{\"@type\":\"WebSite\",\"@id\":\"https:\/\/petitekingdom.com\/#website\",\"url\":\"https:\/\/petitekingdom.com\/\",\"name\":\"Petite Kingdom\",\"description\":\"B\u0113rnu izt\u0113lei nav robe\u017eu\",\"publisher\":{\"@id\":\"https:\/\/petitekingdom.com\/#organization\"},\"potentialAction\":[{\"@type\":\"SearchAction\",\"target\":{\"@type\":\"EntryPoint\",\"urlTemplate\":\"https:\/\/petitekingdom.com\/?s={search_term_string}\"},\"query-input\":{\"@type\":\"PropertyValueSpecification\",\"valueRequired\":true,\"valueName\":\"search_term_string\"}}],\"inLanguage\":\"lv-LV\"},{\"@type\":\"Organization\",\"@id\":\"https:\/\/petitekingdom.com\/#organization\",\"name\":\"Petite Kingdom\",\"url\":\"https:\/\/petitekingdom.com\/\",\"logo\":{\"@type\":\"ImageObject\",\"inLanguage\":\"lv-LV\",\"@id\":\"https:\/\/petitekingdom.com\/#\/schema\/logo\/image\/\",\"url\":\"https:\/\/petitekingdom.com\/wp-content\/uploads\/2021\/04\/PT_logo_blackPNG.png\",\"contentUrl\":\"https:\/\/petitekingdom.com\/wp-content\/uploads\/2021\/04\/PT_logo_blackPNG.png\",\"width\":1158,\"height\":500,\"caption\":\"Petite Kingdom\"},\"image\":{\"@id\":\"https:\/\/petitekingdom.com\/#\/schema\/logo\/image\/\"},\"sameAs\":[\"https:\/\/www.facebook.com\/Petite-Kingdom-114272640862559\",\"https:\/\/www.instagram.com\/petite_kingdom\/\"]}]}<\/script>\n<!-- \/ Yoast SEO Premium plugin. -->","yoast_head_json":{"title":"Meite\u0146u b\u0113\u0161s krekli\u0146\u0161 ar gar\u0101m piedurkn\u0113m &#8226; Petite Kingdom","robots":{"index":"index","follow":"follow","max-snippet":"max-snippet:-1","max-image-preview":"max-image-preview:large","max-video-preview":"max-video-preview:-1"},"canonical":"https:\/\/petitekingdom.com\/shop\/baby-girls-beige-long-sleeved-bralette\/","og_locale":"lv_LV","og_type":"article","og_title":"Meite\u0146u b\u0113\u0161s krekli\u0146\u0161 ar gar\u0101m piedurkn\u0113m","og_description":"\u0160is kr\u0113mkr\u0101sas krekli\u0146\u0161 ar gar\u0101m piedurkn\u0113m ir piem\u0113rots burv\u012bg\u0101m, \u0161armu p\u0101rpiln\u0101m meiten\u0113m. Izgatavots no m\u0101j\u012bga kokvilnas auduma, tas nodro\u0161ina maksim\u0101lu komfortu j\u016bsu mazulim. T\u0101s vol\u0101niskais, kontrast\u0113jo\u0161ais kakla izgriezums pie\u0161\u0137ir vi\u0146as ansamblim apburo\u0161u piesk\u0101rienu. Raibais raksts pie\u0161\u0137ir stil\u012bgu, bet relaks\u0113tu izskatu. Aizdare mugurpus\u0113 nodro\u0161ina \u0101tru un vienk\u0101r\u0161u p\u0101r\u0123\u0113rb\u0161anos, kas ir lieliski piem\u0113rota vec\u0101kiem aiz\u0146emtaj\u0101 ikdien\u0101 sa\u0123\u0113rbt savu b\u0113rnu.","og_url":"https:\/\/petitekingdom.com\/shop\/baby-girls-beige-long-sleeved-bralette\/","og_site_name":"Petite Kingdom","article_publisher":"https:\/\/www.facebook.com\/Petite-Kingdom-114272640862559","article_modified_time":"2024-08-22T09:11:06+00:00","og_image":[{"width":1536,"height":1920,"url":"https:\/\/petitekingdom.com\/wp-content\/uploads\/2024\/08\/baby-girls-beige-long-sleeved-bralette-du-pareil-au-meme.jpg","type":"image\/jpeg"}],"twitter_card":"summary_large_image","schema":{"@context":"https:\/\/schema.org","@graph":[{"@type":"WebPage","@id":"https:\/\/petitekingdom.com\/shop\/baby-girls-beige-long-sleeved-bralette\/","url":"https:\/\/petitekingdom.com\/shop\/baby-girls-beige-long-sleeved-bralette\/","name":"Meite\u0146u b\u0113\u0161s krekli\u0146\u0161 ar gar\u0101m piedurkn\u0113m &#8226; Petite Kingdom","isPartOf":{"@id":"https:\/\/petitekingdom.com\/#website"},"primaryImageOfPage":{"@id":"https:\/\/petitekingdom.com\/shop\/baby-girls-beige-long-sleeved-bralette\/#primaryimage"},"image":{"@id":"https:\/\/petitekingdom.com\/shop\/baby-girls-beige-long-sleeved-bralette\/#primaryimage"},"thumbnailUrl":"https:\/\/petitekingdom.com\/wp-content\/uploads\/2024\/08\/baby-girls-beige-long-sleeved-bralette-du-pareil-au-meme.jpg","datePublished":"2024-08-22T09:01:53+00:00","dateModified":"2024-08-22T09:11:06+00:00","breadcrumb":{"@id":"https:\/\/petitekingdom.com\/shop\/baby-girls-beige-long-sleeved-bralette\/#breadcrumb"},"inLanguage":"lv-LV","potentialAction":[{"@type":"ReadAction","target":["https:\/\/petitekingdom.com\/shop\/baby-girls-beige-long-sleeved-bralette\/"]}]},{"@type":"ImageObject","inLanguage":"lv-LV","@id":"https:\/\/petitekingdom.com\/shop\/baby-girls-beige-long-sleeved-bralette\/#primaryimage","url":"https:\/\/petitekingdom.com\/wp-content\/uploads\/2024\/08\/baby-girls-beige-long-sleeved-bralette-du-pareil-au-meme.jpg","contentUrl":"https:\/\/petitekingdom.com\/wp-content\/uploads\/2024\/08\/baby-girls-beige-long-sleeved-bralette-du-pareil-au-meme.jpg","width":1536,"height":1920,"caption":"Meite\u0146u b\u0113\u0161s krekli\u0146\u0161 ar gar\u0101m piedurkn\u0113m - Du pareil Au Meme"},{"@type":"BreadcrumbList","@id":"https:\/\/petitekingdom.com\/shop\/baby-girls-beige-long-sleeved-bralette\/#breadcrumb","itemListElement":[{"@type":"ListItem","position":1,"name":"Home","item":"https:\/\/petitekingdom.com\/lv\/"},{"@type":"ListItem","position":2,"name":"Veikals","item":"https:\/\/petitekingdom.com\/lv\/veikals\/"},{"@type":"ListItem","position":3,"name":"Meite\u0146u b\u0113\u0161s krekli\u0146\u0161 ar gar\u0101m piedurkn\u0113m"}]},{"@type":"WebSite","@id":"https:\/\/petitekingdom.com\/#website","url":"https:\/\/petitekingdom.com\/","name":"Petite Kingdom","description":"B\u0113rnu izt\u0113lei nav robe\u017eu","publisher":{"@id":"https:\/\/petitekingdom.com\/#organization"},"potentialAction":[{"@type":"SearchAction","target":{"@type":"EntryPoint","urlTemplate":"https:\/\/petitekingdom.com\/?s={search_term_string}"},"query-input":{"@type":"PropertyValueSpecification","valueRequired":true,"valueName":"search_term_string"}}],"inLanguage":"lv-LV"},{"@type":"Organization","@id":"https:\/\/petitekingdom.com\/#organization","name":"Petite Kingdom","url":"https:\/\/petitekingdom.com\/","logo":{"@type":"ImageObject","inLanguage":"lv-LV","@id":"https:\/\/petitekingdom.com\/#\/schema\/logo\/image\/","url":"https:\/\/petitekingdom.com\/wp-content\/uploads\/2021\/04\/PT_logo_blackPNG.png","contentUrl":"https:\/\/petitekingdom.com\/wp-content\/uploads\/2021\/04\/PT_logo_blackPNG.png","width":1158,"height":500,"caption":"Petite Kingdom"},"image":{"@id":"https:\/\/petitekingdom.com\/#\/schema\/logo\/image\/"},"sameAs":["https:\/\/www.facebook.com\/Petite-Kingdom-114272640862559","https:\/\/www.instagram.com\/petite_kingdom\/"]}]}},"_links":{"self":[{"href":"https:\/\/petitekingdom.com\/lv\/wp-json\/wp\/v2\/product\/54538"}],"collection":[{"href":"https:\/\/petitekingdom.com\/lv\/wp-json\/wp\/v2\/product"}],"about":[{"href":"https:\/\/petitekingdom.com\/lv\/wp-json\/wp\/v2\/types\/product"}],"wp:featuredmedia":[{"embeddable":true,"href":"https:\/\/petitekingdom.com\/lv\/wp-json\/wp\/v2\/media\/54531"}],"wp:attachment":[{"href":"https:\/\/petitekingdom.com\/lv\/wp-json\/wp\/v2\/media?parent=54538"}],"wp:term":[{"taxonomy":"product_cat","embeddable":true,"href":"https:\/\/petitekingdom.com\/lv\/wp-json\/wp\/v2\/product_cat?post=54538"},{"taxonomy":"product_tag","embeddable":true,"href":"https:\/\/petitekingdom.com\/lv\/wp-json\/wp\/v2\/product_tag?post=54538"},{"taxonomy":"product-material","embeddable":true,"href":"https:\/\/petitekingdom.com\/lv\/wp-json\/wp\/v2\/product-material?post=54538"},{"taxonomy":"product-type","embeddable":true,"href":"https:\/\/petitekingdom.com\/lv\/wp-json\/wp\/v2\/product-type?post=54538"},{"taxonomy":"designers","embeddable":true,"href":"https:\/\/petitekingdom.com\/lv\/wp-json\/wp\/v2\/designers?post=54538"}],"curies":[{"name":"wp","href":"https:\/\/api.w.org\/{rel}","templated":true}]}}