{"id":54528,"date":"2024-08-22T11:44:32","date_gmt":"2024-08-22T08:47:28","guid":{"rendered":"https:\/\/petitekingdom.com\/shop\/uncategorized\/mazulu-sarkans-sarafans-ar-sirds-apdruku\/"},"modified":"2024-08-22T11:47:28","modified_gmt":"2024-08-22T08:47:28","slug":"mazulu-sarkans-sarafans-ar-sirds-apdruku","status":"publish","type":"product","link":"https:\/\/petitekingdom.com\/lv\/shop\/mazulu-sarkans-sarafans-ar-sirds-apdruku\/","title":{"rendered":"Mazu\u013cu sarkans saraf\u0101ns ar sirds apdruku"},"content":{"rendered":"<ul>\n<li>100% Kokvilna<\/li>\n<li>Odere: 100% kokvilna<\/li>\n<\/ul>\n","protected":false},"excerpt":{"rendered":"<p>\u0160is burv\u012bgais saraf\u0101ns ar sirsni\u0146u rakstiem ir ide\u0101li piem\u0113rots mazaj\u0101m princes\u0113m \u012bpa\u0161\u0101s dien\u0101s visa gada garum\u0101. zgatavots no m\u012bkstas kokvilnas, tas nodro\u0161ina maksim\u0101lu komfortu j\u016bsu mazulim. Vol\u0101na \u012bs\u0101s piedurknes un sirds dizains pie\u0161\u0137ir vi\u0146as izskatam m\u012bl\u012bgu piesk\u0101rienu. Mirdzo\u0161a pogas aizdare mugurpus\u0113 atvieglo \u0123\u0113rb\u0161anos, savuk\u0101rt ka\u0137a kabata uz kr\u016bt\u012bm un ie\u0161\u016bts viduklis pie\u0161\u0137ir ap\u0123\u0113rbam jautru un stil\u012bgu elementu.<\/p>\n","protected":false},"featured_media":54523,"template":"","meta":{"_acf_changed":false},"product_cat":[1663,1655,1184,1183,1257,1180,1665],"product_tag":[],"product-material":[],"product-type":[],"designers":[1903],"class_list":{"0":"post-54528","1":"product","2":"type-product","3":"status-publish","4":"has-post-thumbnail","6":"product_cat-jaundzimuso-drebites","7":"product_cat-jaunumi","8":"product_cat-kleitas-zidainiem","9":"product_cat-zidainu-kleitas-svarki","10":"product_cat-zidainu-sarafani","11":"product_cat-zidainu-apgerbs","12":"product_cat-zidainu-drebes","13":"designers-du-pareil-au-meme-lv","15":"first","16":"instock","17":"taxable","18":"shipping-taxable","19":"purchasable","20":"product-type-variable"},"acf":[],"yoast_head":"<!-- This site is optimized with the Yoast SEO Premium plugin v23.7 (Yoast SEO v23.7) - https:\/\/yoast.com\/wordpress\/plugins\/seo\/ -->\n<title>Mazu\u013cu sarkans saraf\u0101ns ar sirds apdruku &#8226; Petite Kingdom<\/title>\n<meta name=\"robots\" content=\"index, follow, max-snippet:-1, max-image-preview:large, max-video-preview:-1\" \/>\n<link rel=\"canonical\" href=\"https:\/\/petitekingdom.com\/lv\/shop\/mazulu-sarkans-sarafans-ar-sirds-apdruku\/\" \/>\n<meta property=\"og:locale\" content=\"lv_LV\" \/>\n<meta property=\"og:type\" content=\"article\" \/>\n<meta property=\"og:title\" content=\"Mazu\u013cu sarkans saraf\u0101ns ar sirds apdruku\" \/>\n<meta property=\"og:description\" content=\"\u0160is burv\u012bgais saraf\u0101ns ar sirsni\u0146u rakstiem ir ide\u0101li piem\u0113rots mazaj\u0101m princes\u0113m \u012bpa\u0161\u0101s dien\u0101s visa gada garum\u0101. zgatavots no m\u012bkstas kokvilnas, tas nodro\u0161ina maksim\u0101lu komfortu j\u016bsu mazulim. Vol\u0101na \u012bs\u0101s piedurknes un sirds dizains pie\u0161\u0137ir vi\u0146as izskatam m\u012bl\u012bgu piesk\u0101rienu. Mirdzo\u0161a pogas aizdare mugurpus\u0113 atvieglo \u0123\u0113rb\u0161anos, savuk\u0101rt ka\u0137a kabata uz kr\u016bt\u012bm un ie\u0161\u016bts viduklis pie\u0161\u0137ir ap\u0123\u0113rbam jautru un stil\u012bgu elementu.\" \/>\n<meta property=\"og:url\" content=\"https:\/\/petitekingdom.com\/lv\/shop\/mazulu-sarkans-sarafans-ar-sirds-apdruku\/\" \/>\n<meta property=\"og:site_name\" content=\"Petite Kingdom\" \/>\n<meta property=\"article:publisher\" content=\"https:\/\/www.facebook.com\/Petite-Kingdom-114272640862559\" \/>\n<meta property=\"og:image\" content=\"https:\/\/petitekingdom.com\/wp-content\/uploads\/2024\/08\/baby-girl-red-dress-with-heart-print-du-pareil-au-meme.jpg\" \/>\n\t<meta property=\"og:image:width\" content=\"570\" \/>\n\t<meta property=\"og:image:height\" content=\"770\" \/>\n\t<meta property=\"og:image:type\" content=\"image\/jpeg\" \/>\n<meta name=\"twitter:card\" content=\"summary_large_image\" \/>\n<script type=\"application\/ld+json\" class=\"yoast-schema-graph\">{\"@context\":\"https:\/\/schema.org\",\"@graph\":[{\"@type\":\"WebPage\",\"@id\":\"https:\/\/petitekingdom.com\/lv\/shop\/mazulu-sarkans-sarafans-ar-sirds-apdruku\/\",\"url\":\"https:\/\/petitekingdom.com\/lv\/shop\/mazulu-sarkans-sarafans-ar-sirds-apdruku\/\",\"name\":\"Mazu\u013cu sarkans saraf\u0101ns ar sirds apdruku &#8226; Petite Kingdom\",\"isPartOf\":{\"@id\":\"https:\/\/petitekingdom.com\/#website\"},\"primaryImageOfPage\":{\"@id\":\"https:\/\/petitekingdom.com\/lv\/shop\/mazulu-sarkans-sarafans-ar-sirds-apdruku\/#primaryimage\"},\"image\":{\"@id\":\"https:\/\/petitekingdom.com\/lv\/shop\/mazulu-sarkans-sarafans-ar-sirds-apdruku\/#primaryimage\"},\"thumbnailUrl\":\"https:\/\/petitekingdom.com\/wp-content\/uploads\/2024\/08\/baby-girl-red-dress-with-heart-print-du-pareil-au-meme.jpg\",\"datePublished\":\"2024-08-22T08:47:28+00:00\",\"dateModified\":\"2024-08-22T08:47:28+00:00\",\"breadcrumb\":{\"@id\":\"https:\/\/petitekingdom.com\/lv\/shop\/mazulu-sarkans-sarafans-ar-sirds-apdruku\/#breadcrumb\"},\"inLanguage\":\"lv-LV\",\"potentialAction\":[{\"@type\":\"ReadAction\",\"target\":[\"https:\/\/petitekingdom.com\/lv\/shop\/mazulu-sarkans-sarafans-ar-sirds-apdruku\/\"]}]},{\"@type\":\"ImageObject\",\"inLanguage\":\"lv-LV\",\"@id\":\"https:\/\/petitekingdom.com\/lv\/shop\/mazulu-sarkans-sarafans-ar-sirds-apdruku\/#primaryimage\",\"url\":\"https:\/\/petitekingdom.com\/wp-content\/uploads\/2024\/08\/baby-girl-red-dress-with-heart-print-du-pareil-au-meme.jpg\",\"contentUrl\":\"https:\/\/petitekingdom.com\/wp-content\/uploads\/2024\/08\/baby-girl-red-dress-with-heart-print-du-pareil-au-meme.jpg\",\"width\":570,\"height\":770,\"caption\":\"Mazu\u013cu sarkans saraf\u0101ns ar sirds apdruku - Du pareil Au Meme\"},{\"@type\":\"BreadcrumbList\",\"@id\":\"https:\/\/petitekingdom.com\/lv\/shop\/mazulu-sarkans-sarafans-ar-sirds-apdruku\/#breadcrumb\",\"itemListElement\":[{\"@type\":\"ListItem\",\"position\":1,\"name\":\"Home\",\"item\":\"https:\/\/petitekingdom.com\/lv\/\"},{\"@type\":\"ListItem\",\"position\":2,\"name\":\"Veikals\",\"item\":\"https:\/\/petitekingdom.com\/lv\/veikals\/\"},{\"@type\":\"ListItem\",\"position\":3,\"name\":\"Mazu\u013cu sarkans saraf\u0101ns ar sirds apdruku\"}]},{\"@type\":\"WebSite\",\"@id\":\"https:\/\/petitekingdom.com\/#website\",\"url\":\"https:\/\/petitekingdom.com\/\",\"name\":\"Petite Kingdom\",\"description\":\"B\u0113rnu izt\u0113lei nav robe\u017eu\",\"publisher\":{\"@id\":\"https:\/\/petitekingdom.com\/#organization\"},\"potentialAction\":[{\"@type\":\"SearchAction\",\"target\":{\"@type\":\"EntryPoint\",\"urlTemplate\":\"https:\/\/petitekingdom.com\/?s={search_term_string}\"},\"query-input\":{\"@type\":\"PropertyValueSpecification\",\"valueRequired\":true,\"valueName\":\"search_term_string\"}}],\"inLanguage\":\"lv-LV\"},{\"@type\":\"Organization\",\"@id\":\"https:\/\/petitekingdom.com\/#organization\",\"name\":\"Petite Kingdom\",\"url\":\"https:\/\/petitekingdom.com\/\",\"logo\":{\"@type\":\"ImageObject\",\"inLanguage\":\"lv-LV\",\"@id\":\"https:\/\/petitekingdom.com\/#\/schema\/logo\/image\/\",\"url\":\"https:\/\/petitekingdom.com\/wp-content\/uploads\/2021\/04\/PT_logo_blackPNG.png\",\"contentUrl\":\"https:\/\/petitekingdom.com\/wp-content\/uploads\/2021\/04\/PT_logo_blackPNG.png\",\"width\":1158,\"height\":500,\"caption\":\"Petite Kingdom\"},\"image\":{\"@id\":\"https:\/\/petitekingdom.com\/#\/schema\/logo\/image\/\"},\"sameAs\":[\"https:\/\/www.facebook.com\/Petite-Kingdom-114272640862559\",\"https:\/\/www.instagram.com\/petite_kingdom\/\"]}]}<\/script>\n<!-- \/ Yoast SEO Premium plugin. -->","yoast_head_json":{"title":"Mazu\u013cu sarkans saraf\u0101ns ar sirds apdruku &#8226; Petite Kingdom","robots":{"index":"index","follow":"follow","max-snippet":"max-snippet:-1","max-image-preview":"max-image-preview:large","max-video-preview":"max-video-preview:-1"},"canonical":"https:\/\/petitekingdom.com\/lv\/shop\/mazulu-sarkans-sarafans-ar-sirds-apdruku\/","og_locale":"lv_LV","og_type":"article","og_title":"Mazu\u013cu sarkans saraf\u0101ns ar sirds apdruku","og_description":"\u0160is burv\u012bgais saraf\u0101ns ar sirsni\u0146u rakstiem ir ide\u0101li piem\u0113rots mazaj\u0101m princes\u0113m \u012bpa\u0161\u0101s dien\u0101s visa gada garum\u0101. zgatavots no m\u012bkstas kokvilnas, tas nodro\u0161ina maksim\u0101lu komfortu j\u016bsu mazulim. Vol\u0101na \u012bs\u0101s piedurknes un sirds dizains pie\u0161\u0137ir vi\u0146as izskatam m\u012bl\u012bgu piesk\u0101rienu. Mirdzo\u0161a pogas aizdare mugurpus\u0113 atvieglo \u0123\u0113rb\u0161anos, savuk\u0101rt ka\u0137a kabata uz kr\u016bt\u012bm un ie\u0161\u016bts viduklis pie\u0161\u0137ir ap\u0123\u0113rbam jautru un stil\u012bgu elementu.","og_url":"https:\/\/petitekingdom.com\/lv\/shop\/mazulu-sarkans-sarafans-ar-sirds-apdruku\/","og_site_name":"Petite Kingdom","article_publisher":"https:\/\/www.facebook.com\/Petite-Kingdom-114272640862559","og_image":[{"width":570,"height":770,"url":"https:\/\/petitekingdom.com\/wp-content\/uploads\/2024\/08\/baby-girl-red-dress-with-heart-print-du-pareil-au-meme.jpg","type":"image\/jpeg"}],"twitter_card":"summary_large_image","schema":{"@context":"https:\/\/schema.org","@graph":[{"@type":"WebPage","@id":"https:\/\/petitekingdom.com\/lv\/shop\/mazulu-sarkans-sarafans-ar-sirds-apdruku\/","url":"https:\/\/petitekingdom.com\/lv\/shop\/mazulu-sarkans-sarafans-ar-sirds-apdruku\/","name":"Mazu\u013cu sarkans saraf\u0101ns ar sirds apdruku &#8226; Petite Kingdom","isPartOf":{"@id":"https:\/\/petitekingdom.com\/#website"},"primaryImageOfPage":{"@id":"https:\/\/petitekingdom.com\/lv\/shop\/mazulu-sarkans-sarafans-ar-sirds-apdruku\/#primaryimage"},"image":{"@id":"https:\/\/petitekingdom.com\/lv\/shop\/mazulu-sarkans-sarafans-ar-sirds-apdruku\/#primaryimage"},"thumbnailUrl":"https:\/\/petitekingdom.com\/wp-content\/uploads\/2024\/08\/baby-girl-red-dress-with-heart-print-du-pareil-au-meme.jpg","datePublished":"2024-08-22T08:47:28+00:00","dateModified":"2024-08-22T08:47:28+00:00","breadcrumb":{"@id":"https:\/\/petitekingdom.com\/lv\/shop\/mazulu-sarkans-sarafans-ar-sirds-apdruku\/#breadcrumb"},"inLanguage":"lv-LV","potentialAction":[{"@type":"ReadAction","target":["https:\/\/petitekingdom.com\/lv\/shop\/mazulu-sarkans-sarafans-ar-sirds-apdruku\/"]}]},{"@type":"ImageObject","inLanguage":"lv-LV","@id":"https:\/\/petitekingdom.com\/lv\/shop\/mazulu-sarkans-sarafans-ar-sirds-apdruku\/#primaryimage","url":"https:\/\/petitekingdom.com\/wp-content\/uploads\/2024\/08\/baby-girl-red-dress-with-heart-print-du-pareil-au-meme.jpg","contentUrl":"https:\/\/petitekingdom.com\/wp-content\/uploads\/2024\/08\/baby-girl-red-dress-with-heart-print-du-pareil-au-meme.jpg","width":570,"height":770,"caption":"Mazu\u013cu sarkans saraf\u0101ns ar sirds apdruku - Du pareil Au Meme"},{"@type":"BreadcrumbList","@id":"https:\/\/petitekingdom.com\/lv\/shop\/mazulu-sarkans-sarafans-ar-sirds-apdruku\/#breadcrumb","itemListElement":[{"@type":"ListItem","position":1,"name":"Home","item":"https:\/\/petitekingdom.com\/lv\/"},{"@type":"ListItem","position":2,"name":"Veikals","item":"https:\/\/petitekingdom.com\/lv\/veikals\/"},{"@type":"ListItem","position":3,"name":"Mazu\u013cu sarkans saraf\u0101ns ar sirds apdruku"}]},{"@type":"WebSite","@id":"https:\/\/petitekingdom.com\/#website","url":"https:\/\/petitekingdom.com\/","name":"Petite Kingdom","description":"B\u0113rnu izt\u0113lei nav robe\u017eu","publisher":{"@id":"https:\/\/petitekingdom.com\/#organization"},"potentialAction":[{"@type":"SearchAction","target":{"@type":"EntryPoint","urlTemplate":"https:\/\/petitekingdom.com\/?s={search_term_string}"},"query-input":{"@type":"PropertyValueSpecification","valueRequired":true,"valueName":"search_term_string"}}],"inLanguage":"lv-LV"},{"@type":"Organization","@id":"https:\/\/petitekingdom.com\/#organization","name":"Petite Kingdom","url":"https:\/\/petitekingdom.com\/","logo":{"@type":"ImageObject","inLanguage":"lv-LV","@id":"https:\/\/petitekingdom.com\/#\/schema\/logo\/image\/","url":"https:\/\/petitekingdom.com\/wp-content\/uploads\/2021\/04\/PT_logo_blackPNG.png","contentUrl":"https:\/\/petitekingdom.com\/wp-content\/uploads\/2021\/04\/PT_logo_blackPNG.png","width":1158,"height":500,"caption":"Petite Kingdom"},"image":{"@id":"https:\/\/petitekingdom.com\/#\/schema\/logo\/image\/"},"sameAs":["https:\/\/www.facebook.com\/Petite-Kingdom-114272640862559","https:\/\/www.instagram.com\/petite_kingdom\/"]}]}},"_links":{"self":[{"href":"https:\/\/petitekingdom.com\/lv\/wp-json\/wp\/v2\/product\/54528"}],"collection":[{"href":"https:\/\/petitekingdom.com\/lv\/wp-json\/wp\/v2\/product"}],"about":[{"href":"https:\/\/petitekingdom.com\/lv\/wp-json\/wp\/v2\/types\/product"}],"wp:featuredmedia":[{"embeddable":true,"href":"https:\/\/petitekingdom.com\/lv\/wp-json\/wp\/v2\/media\/54523"}],"wp:attachment":[{"href":"https:\/\/petitekingdom.com\/lv\/wp-json\/wp\/v2\/media?parent=54528"}],"wp:term":[{"taxonomy":"product_cat","embeddable":true,"href":"https:\/\/petitekingdom.com\/lv\/wp-json\/wp\/v2\/product_cat?post=54528"},{"taxonomy":"product_tag","embeddable":true,"href":"https:\/\/petitekingdom.com\/lv\/wp-json\/wp\/v2\/product_tag?post=54528"},{"taxonomy":"product-material","embeddable":true,"href":"https:\/\/petitekingdom.com\/lv\/wp-json\/wp\/v2\/product-material?post=54528"},{"taxonomy":"product-type","embeddable":true,"href":"https:\/\/petitekingdom.com\/lv\/wp-json\/wp\/v2\/product-type?post=54528"},{"taxonomy":"designers","embeddable":true,"href":"https:\/\/petitekingdom.com\/lv\/wp-json\/wp\/v2\/designers?post=54528"}],"curies":[{"name":"wp","href":"https:\/\/api.w.org\/{rel}","templated":true}]}}