{"id":54520,"date":"2024-08-22T11:25:10","date_gmt":"2024-08-22T08:36:19","guid":{"rendered":"https:\/\/petitekingdom.com\/shop\/uncategorized\/izsmalcinats-apdruku-komplekts-meitenem\/"},"modified":"2024-08-22T11:36:19","modified_gmt":"2024-08-22T08:36:19","slug":"izsmalcinats-apdruku-komplekts-meitenem","status":"publish","type":"product","link":"https:\/\/petitekingdom.com\/lv\/shop\/izsmalcinats-apdruku-komplekts-meitenem\/","title":{"rendered":"Izsmalcin\u0101ts apdruku komplekts meiten\u0113m"},"content":{"rendered":"<ul>\n<li>Tunika: 95% kokvilna 5% elast\u0101ns<\/li>\n<li>Legingi: 97% kokvilna 3% elast\u0101ns<\/li>\n<li>Tunikas un legingu komplekts<\/li>\n<li>Pogas atv\u0113r\u0161ana priek\u0161pus\u0113<\/li>\n<\/ul>\n","protected":false},"excerpt":{"rendered":"<p>Izdomas bag\u0101tiem jauniem piedz\u012bvojumu mekl\u0113t\u0101jiem \u0161is burv\u012bgais apdruku komplekts ir lieliski piem\u0113rots v\u0113s\u0101kiem laikapst\u0101k\u013ciem visu gadu. Izgatavots no m\u012bkstas kokvilnas, kas nodro\u0161ina maksim\u0101lu komfortu j\u016bsu mazajai meitenei. Ar tuniku un saska\u0146otiem legingiem tas bez p\u016bl\u0113m izveido pieska\u0146otu un modernu ap\u0123\u0113rbu. Ar pog\u0101m uz priek\u0161pusi un pilna garuma piedurkn\u0113m tas apvieno \u0113rt\u012bbu un simp\u0101tisku izskatu, lai rad\u012btu neatvair\u0101mu kopt\u0113lu.<\/p>\n","protected":false},"featured_media":54511,"template":"","meta":{"_acf_changed":false},"product_cat":[1180,1663,1665,1207,1183,1184,1185,1241,1655],"product_tag":[],"product-material":[],"product-type":[],"designers":[1903],"class_list":{"0":"post-54520","1":"product","2":"type-product","3":"status-publish","4":"has-post-thumbnail","6":"product_cat-zidainu-apgerbs","7":"product_cat-jaundzimuso-drebites","8":"product_cat-zidainu-drebes","9":"product_cat-zidainu-komplekti","10":"product_cat-zidainu-kleitas-svarki","11":"product_cat-kleitas-zidainiem","12":"product_cat-bikses-zidainiem","13":"product_cat-zidainu-legingi","14":"product_cat-jaunumi","15":"designers-du-pareil-au-meme-lv","17":"first","18":"instock","19":"taxable","20":"shipping-taxable","21":"purchasable","22":"product-type-variable"},"acf":[],"yoast_head":"<!-- This site is optimized with the Yoast SEO Premium plugin v23.7 (Yoast SEO v23.7) - https:\/\/yoast.com\/wordpress\/plugins\/seo\/ -->\n<title>Izsmalcin\u0101ts apdruku komplekts meiten\u0113m &#8226; Petite Kingdom<\/title>\n<meta name=\"robots\" content=\"index, follow, max-snippet:-1, max-image-preview:large, max-video-preview:-1\" \/>\n<link rel=\"canonical\" href=\"https:\/\/petitekingdom.com\/shop\/fancy-print-set-for-baby-girls\/\" \/>\n<meta property=\"og:locale\" content=\"lv_LV\" \/>\n<meta property=\"og:type\" content=\"article\" \/>\n<meta property=\"og:title\" content=\"Izsmalcin\u0101ts apdruku komplekts meiten\u0113m\" \/>\n<meta property=\"og:description\" content=\"Izdomas bag\u0101tiem jauniem piedz\u012bvojumu mekl\u0113t\u0101jiem \u0161is burv\u012bgais apdruku komplekts ir lieliski piem\u0113rots v\u0113s\u0101kiem laikapst\u0101k\u013ciem visu gadu. Izgatavots no m\u012bkstas kokvilnas, kas nodro\u0161ina maksim\u0101lu komfortu j\u016bsu mazajai meitenei. Ar tuniku un saska\u0146otiem legingiem tas bez p\u016bl\u0113m izveido pieska\u0146otu un modernu ap\u0123\u0113rbu. Ar pog\u0101m uz priek\u0161pusi un pilna garuma piedurkn\u0113m tas apvieno \u0113rt\u012bbu un simp\u0101tisku izskatu, lai rad\u012btu neatvair\u0101mu kopt\u0113lu.\" \/>\n<meta property=\"og:url\" content=\"https:\/\/petitekingdom.com\/shop\/fancy-print-set-for-baby-girls\/\" \/>\n<meta property=\"og:site_name\" content=\"Petite Kingdom\" \/>\n<meta property=\"article:publisher\" content=\"https:\/\/www.facebook.com\/Petite-Kingdom-114272640862559\" \/>\n<meta property=\"og:image\" content=\"https:\/\/petitekingdom.com\/wp-content\/uploads\/2024\/08\/du-pareil-au-meme.jpg\" \/>\n\t<meta property=\"og:image:width\" content=\"1440\" \/>\n\t<meta property=\"og:image:height\" content=\"1920\" \/>\n\t<meta property=\"og:image:type\" content=\"image\/jpeg\" \/>\n<meta name=\"twitter:card\" content=\"summary_large_image\" \/>\n<script type=\"application\/ld+json\" class=\"yoast-schema-graph\">{\"@context\":\"https:\/\/schema.org\",\"@graph\":[{\"@type\":\"WebPage\",\"@id\":\"https:\/\/petitekingdom.com\/shop\/fancy-print-set-for-baby-girls\/\",\"url\":\"https:\/\/petitekingdom.com\/shop\/fancy-print-set-for-baby-girls\/\",\"name\":\"Izsmalcin\u0101ts apdruku komplekts meiten\u0113m &#8226; Petite Kingdom\",\"isPartOf\":{\"@id\":\"https:\/\/petitekingdom.com\/#website\"},\"primaryImageOfPage\":{\"@id\":\"https:\/\/petitekingdom.com\/shop\/fancy-print-set-for-baby-girls\/#primaryimage\"},\"image\":{\"@id\":\"https:\/\/petitekingdom.com\/shop\/fancy-print-set-for-baby-girls\/#primaryimage\"},\"thumbnailUrl\":\"https:\/\/petitekingdom.com\/wp-content\/uploads\/2024\/08\/du-pareil-au-meme.jpg\",\"datePublished\":\"2024-08-22T08:36:19+00:00\",\"dateModified\":\"2024-08-22T08:36:19+00:00\",\"breadcrumb\":{\"@id\":\"https:\/\/petitekingdom.com\/shop\/fancy-print-set-for-baby-girls\/#breadcrumb\"},\"inLanguage\":\"lv-LV\",\"potentialAction\":[{\"@type\":\"ReadAction\",\"target\":[\"https:\/\/petitekingdom.com\/shop\/fancy-print-set-for-baby-girls\/\"]}]},{\"@type\":\"ImageObject\",\"inLanguage\":\"lv-LV\",\"@id\":\"https:\/\/petitekingdom.com\/shop\/fancy-print-set-for-baby-girls\/#primaryimage\",\"url\":\"https:\/\/petitekingdom.com\/wp-content\/uploads\/2024\/08\/du-pareil-au-meme.jpg\",\"contentUrl\":\"https:\/\/petitekingdom.com\/wp-content\/uploads\/2024\/08\/du-pareil-au-meme.jpg\",\"width\":1440,\"height\":1920,\"caption\":\"Izsmalcin\u0101ts apdruku komplekts meiten\u0113m - Du pareil Au Meme\"},{\"@type\":\"BreadcrumbList\",\"@id\":\"https:\/\/petitekingdom.com\/shop\/fancy-print-set-for-baby-girls\/#breadcrumb\",\"itemListElement\":[{\"@type\":\"ListItem\",\"position\":1,\"name\":\"Home\",\"item\":\"https:\/\/petitekingdom.com\/lv\/\"},{\"@type\":\"ListItem\",\"position\":2,\"name\":\"Veikals\",\"item\":\"https:\/\/petitekingdom.com\/lv\/veikals\/\"},{\"@type\":\"ListItem\",\"position\":3,\"name\":\"Izsmalcin\u0101ts apdruku komplekts meiten\u0113m\"}]},{\"@type\":\"WebSite\",\"@id\":\"https:\/\/petitekingdom.com\/#website\",\"url\":\"https:\/\/petitekingdom.com\/\",\"name\":\"Petite Kingdom\",\"description\":\"B\u0113rnu izt\u0113lei nav robe\u017eu\",\"publisher\":{\"@id\":\"https:\/\/petitekingdom.com\/#organization\"},\"potentialAction\":[{\"@type\":\"SearchAction\",\"target\":{\"@type\":\"EntryPoint\",\"urlTemplate\":\"https:\/\/petitekingdom.com\/?s={search_term_string}\"},\"query-input\":{\"@type\":\"PropertyValueSpecification\",\"valueRequired\":true,\"valueName\":\"search_term_string\"}}],\"inLanguage\":\"lv-LV\"},{\"@type\":\"Organization\",\"@id\":\"https:\/\/petitekingdom.com\/#organization\",\"name\":\"Petite Kingdom\",\"url\":\"https:\/\/petitekingdom.com\/\",\"logo\":{\"@type\":\"ImageObject\",\"inLanguage\":\"lv-LV\",\"@id\":\"https:\/\/petitekingdom.com\/#\/schema\/logo\/image\/\",\"url\":\"https:\/\/petitekingdom.com\/wp-content\/uploads\/2021\/04\/PT_logo_blackPNG.png\",\"contentUrl\":\"https:\/\/petitekingdom.com\/wp-content\/uploads\/2021\/04\/PT_logo_blackPNG.png\",\"width\":1158,\"height\":500,\"caption\":\"Petite Kingdom\"},\"image\":{\"@id\":\"https:\/\/petitekingdom.com\/#\/schema\/logo\/image\/\"},\"sameAs\":[\"https:\/\/www.facebook.com\/Petite-Kingdom-114272640862559\",\"https:\/\/www.instagram.com\/petite_kingdom\/\"]}]}<\/script>\n<!-- \/ Yoast SEO Premium plugin. -->","yoast_head_json":{"title":"Izsmalcin\u0101ts apdruku komplekts meiten\u0113m &#8226; Petite Kingdom","robots":{"index":"index","follow":"follow","max-snippet":"max-snippet:-1","max-image-preview":"max-image-preview:large","max-video-preview":"max-video-preview:-1"},"canonical":"https:\/\/petitekingdom.com\/shop\/fancy-print-set-for-baby-girls\/","og_locale":"lv_LV","og_type":"article","og_title":"Izsmalcin\u0101ts apdruku komplekts meiten\u0113m","og_description":"Izdomas bag\u0101tiem jauniem piedz\u012bvojumu mekl\u0113t\u0101jiem \u0161is burv\u012bgais apdruku komplekts ir lieliski piem\u0113rots v\u0113s\u0101kiem laikapst\u0101k\u013ciem visu gadu. Izgatavots no m\u012bkstas kokvilnas, kas nodro\u0161ina maksim\u0101lu komfortu j\u016bsu mazajai meitenei. Ar tuniku un saska\u0146otiem legingiem tas bez p\u016bl\u0113m izveido pieska\u0146otu un modernu ap\u0123\u0113rbu. Ar pog\u0101m uz priek\u0161pusi un pilna garuma piedurkn\u0113m tas apvieno \u0113rt\u012bbu un simp\u0101tisku izskatu, lai rad\u012btu neatvair\u0101mu kopt\u0113lu.","og_url":"https:\/\/petitekingdom.com\/shop\/fancy-print-set-for-baby-girls\/","og_site_name":"Petite Kingdom","article_publisher":"https:\/\/www.facebook.com\/Petite-Kingdom-114272640862559","og_image":[{"width":1440,"height":1920,"url":"https:\/\/petitekingdom.com\/wp-content\/uploads\/2024\/08\/du-pareil-au-meme.jpg","type":"image\/jpeg"}],"twitter_card":"summary_large_image","schema":{"@context":"https:\/\/schema.org","@graph":[{"@type":"WebPage","@id":"https:\/\/petitekingdom.com\/shop\/fancy-print-set-for-baby-girls\/","url":"https:\/\/petitekingdom.com\/shop\/fancy-print-set-for-baby-girls\/","name":"Izsmalcin\u0101ts apdruku komplekts meiten\u0113m &#8226; Petite Kingdom","isPartOf":{"@id":"https:\/\/petitekingdom.com\/#website"},"primaryImageOfPage":{"@id":"https:\/\/petitekingdom.com\/shop\/fancy-print-set-for-baby-girls\/#primaryimage"},"image":{"@id":"https:\/\/petitekingdom.com\/shop\/fancy-print-set-for-baby-girls\/#primaryimage"},"thumbnailUrl":"https:\/\/petitekingdom.com\/wp-content\/uploads\/2024\/08\/du-pareil-au-meme.jpg","datePublished":"2024-08-22T08:36:19+00:00","dateModified":"2024-08-22T08:36:19+00:00","breadcrumb":{"@id":"https:\/\/petitekingdom.com\/shop\/fancy-print-set-for-baby-girls\/#breadcrumb"},"inLanguage":"lv-LV","potentialAction":[{"@type":"ReadAction","target":["https:\/\/petitekingdom.com\/shop\/fancy-print-set-for-baby-girls\/"]}]},{"@type":"ImageObject","inLanguage":"lv-LV","@id":"https:\/\/petitekingdom.com\/shop\/fancy-print-set-for-baby-girls\/#primaryimage","url":"https:\/\/petitekingdom.com\/wp-content\/uploads\/2024\/08\/du-pareil-au-meme.jpg","contentUrl":"https:\/\/petitekingdom.com\/wp-content\/uploads\/2024\/08\/du-pareil-au-meme.jpg","width":1440,"height":1920,"caption":"Izsmalcin\u0101ts apdruku komplekts meiten\u0113m - Du pareil Au Meme"},{"@type":"BreadcrumbList","@id":"https:\/\/petitekingdom.com\/shop\/fancy-print-set-for-baby-girls\/#breadcrumb","itemListElement":[{"@type":"ListItem","position":1,"name":"Home","item":"https:\/\/petitekingdom.com\/lv\/"},{"@type":"ListItem","position":2,"name":"Veikals","item":"https:\/\/petitekingdom.com\/lv\/veikals\/"},{"@type":"ListItem","position":3,"name":"Izsmalcin\u0101ts apdruku komplekts meiten\u0113m"}]},{"@type":"WebSite","@id":"https:\/\/petitekingdom.com\/#website","url":"https:\/\/petitekingdom.com\/","name":"Petite Kingdom","description":"B\u0113rnu izt\u0113lei nav robe\u017eu","publisher":{"@id":"https:\/\/petitekingdom.com\/#organization"},"potentialAction":[{"@type":"SearchAction","target":{"@type":"EntryPoint","urlTemplate":"https:\/\/petitekingdom.com\/?s={search_term_string}"},"query-input":{"@type":"PropertyValueSpecification","valueRequired":true,"valueName":"search_term_string"}}],"inLanguage":"lv-LV"},{"@type":"Organization","@id":"https:\/\/petitekingdom.com\/#organization","name":"Petite Kingdom","url":"https:\/\/petitekingdom.com\/","logo":{"@type":"ImageObject","inLanguage":"lv-LV","@id":"https:\/\/petitekingdom.com\/#\/schema\/logo\/image\/","url":"https:\/\/petitekingdom.com\/wp-content\/uploads\/2021\/04\/PT_logo_blackPNG.png","contentUrl":"https:\/\/petitekingdom.com\/wp-content\/uploads\/2021\/04\/PT_logo_blackPNG.png","width":1158,"height":500,"caption":"Petite Kingdom"},"image":{"@id":"https:\/\/petitekingdom.com\/#\/schema\/logo\/image\/"},"sameAs":["https:\/\/www.facebook.com\/Petite-Kingdom-114272640862559","https:\/\/www.instagram.com\/petite_kingdom\/"]}]}},"_links":{"self":[{"href":"https:\/\/petitekingdom.com\/lv\/wp-json\/wp\/v2\/product\/54520"}],"collection":[{"href":"https:\/\/petitekingdom.com\/lv\/wp-json\/wp\/v2\/product"}],"about":[{"href":"https:\/\/petitekingdom.com\/lv\/wp-json\/wp\/v2\/types\/product"}],"wp:featuredmedia":[{"embeddable":true,"href":"https:\/\/petitekingdom.com\/lv\/wp-json\/wp\/v2\/media\/54511"}],"wp:attachment":[{"href":"https:\/\/petitekingdom.com\/lv\/wp-json\/wp\/v2\/media?parent=54520"}],"wp:term":[{"taxonomy":"product_cat","embeddable":true,"href":"https:\/\/petitekingdom.com\/lv\/wp-json\/wp\/v2\/product_cat?post=54520"},{"taxonomy":"product_tag","embeddable":true,"href":"https:\/\/petitekingdom.com\/lv\/wp-json\/wp\/v2\/product_tag?post=54520"},{"taxonomy":"product-material","embeddable":true,"href":"https:\/\/petitekingdom.com\/lv\/wp-json\/wp\/v2\/product-material?post=54520"},{"taxonomy":"product-type","embeddable":true,"href":"https:\/\/petitekingdom.com\/lv\/wp-json\/wp\/v2\/product-type?post=54520"},{"taxonomy":"designers","embeddable":true,"href":"https:\/\/petitekingdom.com\/lv\/wp-json\/wp\/v2\/designers?post=54520"}],"curies":[{"name":"wp","href":"https:\/\/api.w.org\/{rel}","templated":true}]}}