{"id":53876,"date":"2024-07-12T11:55:27","date_gmt":"2024-07-12T08:58:04","guid":{"rendered":"https:\/\/petitekingdom.com\/shop\/uncategorized\/topins-meitenem-ar-planam-lencitem\/"},"modified":"2024-07-12T11:58:04","modified_gmt":"2024-07-12T08:58:04","slug":"topins-meitenem-ar-planam-lencitem","status":"publish","type":"product","link":"https:\/\/petitekingdom.com\/lv\/shop\/topins-meitenem-ar-planam-lencitem\/","title":{"rendered":"Topi\u0146\u0161 meiten\u0113m ar pl\u0101n\u0101m lenc\u012bt\u0113m"},"content":{"rendered":"<p>&#8211; Regul\u0101ra piegrieztne<br \/>\n&#8211; Bez piedurkn\u0113m ar pl\u0101n\u0101m lenc\u0113m<br \/>\n&#8211; Sv\u012btras<br \/>\n&#8211; Trikot\u0101\u017ea<br \/>\n&#8211; Staip\u012bga d\u017eersija kvalit\u0101te<br \/>\n&#8211; Viensl\u0101\u0146a 65% kokvilna, 30% poliesters un 5% elast\u0101ns<\/p>\n","protected":false},"excerpt":{"rendered":"<p>Tops bez piedurkn\u0113m no THE NEW ar pl\u0101n\u0101m lenc\u012bt\u0113m un horizont\u0101l\u0101m sv\u012btr\u0101m da\u017e\u0101dos biezumos un vasar\u012bg\u0101s kr\u0101s\u0101s. \u0160im rievotajam topam, kas izgatavots no kokvilnas un poliestera, ir skaista \u0137ermenim piegu\u013co\u0161a forma.<\/p>\n","protected":false},"featured_media":53868,"template":"","meta":{"_acf_changed":false},"product_cat":[1192,1232,1233,1655,1605,1674],"product_tag":[],"product-material":[],"product-type":[],"designers":[1854],"class_list":{"0":"post-53876","1":"product","2":"type-product","3":"status-publish","4":"has-post-thumbnail","6":"product_cat-meitenes","7":"product_cat-meitenu-krekli-bluzes","8":"product_cat-topi-meitenem","9":"product_cat-jaunumi","10":"product_cat-izpardosana","11":"product_cat-sezonas-izpardosana","12":"designers-the-new-lv","14":"first","15":"instock","16":"sale","17":"taxable","18":"shipping-taxable","19":"purchasable","20":"product-type-variable"},"acf":[],"yoast_head":"<!-- This site is optimized with the Yoast SEO Premium plugin v23.7 (Yoast SEO v23.7) - https:\/\/yoast.com\/wordpress\/plugins\/seo\/ -->\n<title>Topi\u0146\u0161 meiten\u0113m ar pl\u0101n\u0101m lenc\u012bt\u0113m &#8226; Petite Kingdom<\/title>\n<meta name=\"robots\" content=\"index, follow, max-snippet:-1, max-image-preview:large, max-video-preview:-1\" \/>\n<link rel=\"canonical\" href=\"https:\/\/petitekingdom.com\/lv\/shop\/topins-meitenem-ar-planam-lencitem\/\" \/>\n<meta property=\"og:locale\" content=\"lv_LV\" \/>\n<meta property=\"og:type\" content=\"article\" \/>\n<meta property=\"og:title\" content=\"Topi\u0146\u0161 meiten\u0113m ar pl\u0101n\u0101m lenc\u012bt\u0113m\" \/>\n<meta property=\"og:description\" content=\"Tops bez piedurkn\u0113m no THE NEW ar pl\u0101n\u0101m lenc\u012bt\u0113m un horizont\u0101l\u0101m sv\u012btr\u0101m da\u017e\u0101dos biezumos un vasar\u012bg\u0101s kr\u0101s\u0101s. \u0160im rievotajam topam, kas izgatavots no kokvilnas un poliestera, ir skaista \u0137ermenim piegu\u013co\u0161a forma.\" \/>\n<meta property=\"og:url\" content=\"https:\/\/petitekingdom.com\/lv\/shop\/topins-meitenem-ar-planam-lencitem\/\" \/>\n<meta property=\"og:site_name\" content=\"Petite Kingdom\" \/>\n<meta property=\"article:publisher\" content=\"https:\/\/www.facebook.com\/Petite-Kingdom-114272640862559\" \/>\n<meta property=\"og:image\" content=\"https:\/\/petitekingdom.com\/wp-content\/uploads\/2024\/07\/sleeveless-top-with-thin-straps-the-new.jpg\" \/>\n\t<meta property=\"og:image:width\" content=\"1329\" \/>\n\t<meta property=\"og:image:height\" content=\"1920\" \/>\n\t<meta property=\"og:image:type\" content=\"image\/jpeg\" \/>\n<meta name=\"twitter:card\" content=\"summary_large_image\" \/>\n<script type=\"application\/ld+json\" class=\"yoast-schema-graph\">{\"@context\":\"https:\/\/schema.org\",\"@graph\":[{\"@type\":\"WebPage\",\"@id\":\"https:\/\/petitekingdom.com\/lv\/shop\/topins-meitenem-ar-planam-lencitem\/\",\"url\":\"https:\/\/petitekingdom.com\/lv\/shop\/topins-meitenem-ar-planam-lencitem\/\",\"name\":\"Topi\u0146\u0161 meiten\u0113m ar pl\u0101n\u0101m lenc\u012bt\u0113m &#8226; Petite Kingdom\",\"isPartOf\":{\"@id\":\"https:\/\/petitekingdom.com\/#website\"},\"primaryImageOfPage\":{\"@id\":\"https:\/\/petitekingdom.com\/lv\/shop\/topins-meitenem-ar-planam-lencitem\/#primaryimage\"},\"image\":{\"@id\":\"https:\/\/petitekingdom.com\/lv\/shop\/topins-meitenem-ar-planam-lencitem\/#primaryimage\"},\"thumbnailUrl\":\"https:\/\/petitekingdom.com\/wp-content\/uploads\/2024\/07\/sleeveless-top-with-thin-straps-the-new.jpg\",\"datePublished\":\"2024-07-12T08:58:04+00:00\",\"dateModified\":\"2024-07-12T08:58:04+00:00\",\"breadcrumb\":{\"@id\":\"https:\/\/petitekingdom.com\/lv\/shop\/topins-meitenem-ar-planam-lencitem\/#breadcrumb\"},\"inLanguage\":\"lv-LV\",\"potentialAction\":[{\"@type\":\"ReadAction\",\"target\":[\"https:\/\/petitekingdom.com\/lv\/shop\/topins-meitenem-ar-planam-lencitem\/\"]}]},{\"@type\":\"ImageObject\",\"inLanguage\":\"lv-LV\",\"@id\":\"https:\/\/petitekingdom.com\/lv\/shop\/topins-meitenem-ar-planam-lencitem\/#primaryimage\",\"url\":\"https:\/\/petitekingdom.com\/wp-content\/uploads\/2024\/07\/sleeveless-top-with-thin-straps-the-new.jpg\",\"contentUrl\":\"https:\/\/petitekingdom.com\/wp-content\/uploads\/2024\/07\/sleeveless-top-with-thin-straps-the-new.jpg\",\"width\":1329,\"height\":1920,\"caption\":\"Topi\u0146\u0161 meiten\u0113m ar pl\u0101n\u0101m lenc\u012bt\u0113m - The New\"},{\"@type\":\"BreadcrumbList\",\"@id\":\"https:\/\/petitekingdom.com\/lv\/shop\/topins-meitenem-ar-planam-lencitem\/#breadcrumb\",\"itemListElement\":[{\"@type\":\"ListItem\",\"position\":1,\"name\":\"Home\",\"item\":\"https:\/\/petitekingdom.com\/lv\/\"},{\"@type\":\"ListItem\",\"position\":2,\"name\":\"Veikals\",\"item\":\"https:\/\/petitekingdom.com\/lv\/veikals\/\"},{\"@type\":\"ListItem\",\"position\":3,\"name\":\"Topi\u0146\u0161 meiten\u0113m ar pl\u0101n\u0101m lenc\u012bt\u0113m\"}]},{\"@type\":\"WebSite\",\"@id\":\"https:\/\/petitekingdom.com\/#website\",\"url\":\"https:\/\/petitekingdom.com\/\",\"name\":\"Petite Kingdom\",\"description\":\"B\u0113rnu izt\u0113lei nav robe\u017eu\",\"publisher\":{\"@id\":\"https:\/\/petitekingdom.com\/#organization\"},\"potentialAction\":[{\"@type\":\"SearchAction\",\"target\":{\"@type\":\"EntryPoint\",\"urlTemplate\":\"https:\/\/petitekingdom.com\/?s={search_term_string}\"},\"query-input\":{\"@type\":\"PropertyValueSpecification\",\"valueRequired\":true,\"valueName\":\"search_term_string\"}}],\"inLanguage\":\"lv-LV\"},{\"@type\":\"Organization\",\"@id\":\"https:\/\/petitekingdom.com\/#organization\",\"name\":\"Petite Kingdom\",\"url\":\"https:\/\/petitekingdom.com\/\",\"logo\":{\"@type\":\"ImageObject\",\"inLanguage\":\"lv-LV\",\"@id\":\"https:\/\/petitekingdom.com\/#\/schema\/logo\/image\/\",\"url\":\"https:\/\/petitekingdom.com\/wp-content\/uploads\/2021\/04\/PT_logo_blackPNG.png\",\"contentUrl\":\"https:\/\/petitekingdom.com\/wp-content\/uploads\/2021\/04\/PT_logo_blackPNG.png\",\"width\":1158,\"height\":500,\"caption\":\"Petite Kingdom\"},\"image\":{\"@id\":\"https:\/\/petitekingdom.com\/#\/schema\/logo\/image\/\"},\"sameAs\":[\"https:\/\/www.facebook.com\/Petite-Kingdom-114272640862559\",\"https:\/\/www.instagram.com\/petite_kingdom\/\"]}]}<\/script>\n<!-- \/ Yoast SEO Premium plugin. -->","yoast_head_json":{"title":"Topi\u0146\u0161 meiten\u0113m ar pl\u0101n\u0101m lenc\u012bt\u0113m &#8226; Petite Kingdom","robots":{"index":"index","follow":"follow","max-snippet":"max-snippet:-1","max-image-preview":"max-image-preview:large","max-video-preview":"max-video-preview:-1"},"canonical":"https:\/\/petitekingdom.com\/lv\/shop\/topins-meitenem-ar-planam-lencitem\/","og_locale":"lv_LV","og_type":"article","og_title":"Topi\u0146\u0161 meiten\u0113m ar pl\u0101n\u0101m lenc\u012bt\u0113m","og_description":"Tops bez piedurkn\u0113m no THE NEW ar pl\u0101n\u0101m lenc\u012bt\u0113m un horizont\u0101l\u0101m sv\u012btr\u0101m da\u017e\u0101dos biezumos un vasar\u012bg\u0101s kr\u0101s\u0101s. \u0160im rievotajam topam, kas izgatavots no kokvilnas un poliestera, ir skaista \u0137ermenim piegu\u013co\u0161a forma.","og_url":"https:\/\/petitekingdom.com\/lv\/shop\/topins-meitenem-ar-planam-lencitem\/","og_site_name":"Petite Kingdom","article_publisher":"https:\/\/www.facebook.com\/Petite-Kingdom-114272640862559","og_image":[{"width":1329,"height":1920,"url":"https:\/\/petitekingdom.com\/wp-content\/uploads\/2024\/07\/sleeveless-top-with-thin-straps-the-new.jpg","type":"image\/jpeg"}],"twitter_card":"summary_large_image","schema":{"@context":"https:\/\/schema.org","@graph":[{"@type":"WebPage","@id":"https:\/\/petitekingdom.com\/lv\/shop\/topins-meitenem-ar-planam-lencitem\/","url":"https:\/\/petitekingdom.com\/lv\/shop\/topins-meitenem-ar-planam-lencitem\/","name":"Topi\u0146\u0161 meiten\u0113m ar pl\u0101n\u0101m lenc\u012bt\u0113m &#8226; Petite Kingdom","isPartOf":{"@id":"https:\/\/petitekingdom.com\/#website"},"primaryImageOfPage":{"@id":"https:\/\/petitekingdom.com\/lv\/shop\/topins-meitenem-ar-planam-lencitem\/#primaryimage"},"image":{"@id":"https:\/\/petitekingdom.com\/lv\/shop\/topins-meitenem-ar-planam-lencitem\/#primaryimage"},"thumbnailUrl":"https:\/\/petitekingdom.com\/wp-content\/uploads\/2024\/07\/sleeveless-top-with-thin-straps-the-new.jpg","datePublished":"2024-07-12T08:58:04+00:00","dateModified":"2024-07-12T08:58:04+00:00","breadcrumb":{"@id":"https:\/\/petitekingdom.com\/lv\/shop\/topins-meitenem-ar-planam-lencitem\/#breadcrumb"},"inLanguage":"lv-LV","potentialAction":[{"@type":"ReadAction","target":["https:\/\/petitekingdom.com\/lv\/shop\/topins-meitenem-ar-planam-lencitem\/"]}]},{"@type":"ImageObject","inLanguage":"lv-LV","@id":"https:\/\/petitekingdom.com\/lv\/shop\/topins-meitenem-ar-planam-lencitem\/#primaryimage","url":"https:\/\/petitekingdom.com\/wp-content\/uploads\/2024\/07\/sleeveless-top-with-thin-straps-the-new.jpg","contentUrl":"https:\/\/petitekingdom.com\/wp-content\/uploads\/2024\/07\/sleeveless-top-with-thin-straps-the-new.jpg","width":1329,"height":1920,"caption":"Topi\u0146\u0161 meiten\u0113m ar pl\u0101n\u0101m lenc\u012bt\u0113m - The New"},{"@type":"BreadcrumbList","@id":"https:\/\/petitekingdom.com\/lv\/shop\/topins-meitenem-ar-planam-lencitem\/#breadcrumb","itemListElement":[{"@type":"ListItem","position":1,"name":"Home","item":"https:\/\/petitekingdom.com\/lv\/"},{"@type":"ListItem","position":2,"name":"Veikals","item":"https:\/\/petitekingdom.com\/lv\/veikals\/"},{"@type":"ListItem","position":3,"name":"Topi\u0146\u0161 meiten\u0113m ar pl\u0101n\u0101m lenc\u012bt\u0113m"}]},{"@type":"WebSite","@id":"https:\/\/petitekingdom.com\/#website","url":"https:\/\/petitekingdom.com\/","name":"Petite Kingdom","description":"B\u0113rnu izt\u0113lei nav robe\u017eu","publisher":{"@id":"https:\/\/petitekingdom.com\/#organization"},"potentialAction":[{"@type":"SearchAction","target":{"@type":"EntryPoint","urlTemplate":"https:\/\/petitekingdom.com\/?s={search_term_string}"},"query-input":{"@type":"PropertyValueSpecification","valueRequired":true,"valueName":"search_term_string"}}],"inLanguage":"lv-LV"},{"@type":"Organization","@id":"https:\/\/petitekingdom.com\/#organization","name":"Petite Kingdom","url":"https:\/\/petitekingdom.com\/","logo":{"@type":"ImageObject","inLanguage":"lv-LV","@id":"https:\/\/petitekingdom.com\/#\/schema\/logo\/image\/","url":"https:\/\/petitekingdom.com\/wp-content\/uploads\/2021\/04\/PT_logo_blackPNG.png","contentUrl":"https:\/\/petitekingdom.com\/wp-content\/uploads\/2021\/04\/PT_logo_blackPNG.png","width":1158,"height":500,"caption":"Petite Kingdom"},"image":{"@id":"https:\/\/petitekingdom.com\/#\/schema\/logo\/image\/"},"sameAs":["https:\/\/www.facebook.com\/Petite-Kingdom-114272640862559","https:\/\/www.instagram.com\/petite_kingdom\/"]}]}},"_links":{"self":[{"href":"https:\/\/petitekingdom.com\/lv\/wp-json\/wp\/v2\/product\/53876"}],"collection":[{"href":"https:\/\/petitekingdom.com\/lv\/wp-json\/wp\/v2\/product"}],"about":[{"href":"https:\/\/petitekingdom.com\/lv\/wp-json\/wp\/v2\/types\/product"}],"wp:featuredmedia":[{"embeddable":true,"href":"https:\/\/petitekingdom.com\/lv\/wp-json\/wp\/v2\/media\/53868"}],"wp:attachment":[{"href":"https:\/\/petitekingdom.com\/lv\/wp-json\/wp\/v2\/media?parent=53876"}],"wp:term":[{"taxonomy":"product_cat","embeddable":true,"href":"https:\/\/petitekingdom.com\/lv\/wp-json\/wp\/v2\/product_cat?post=53876"},{"taxonomy":"product_tag","embeddable":true,"href":"https:\/\/petitekingdom.com\/lv\/wp-json\/wp\/v2\/product_tag?post=53876"},{"taxonomy":"product-material","embeddable":true,"href":"https:\/\/petitekingdom.com\/lv\/wp-json\/wp\/v2\/product-material?post=53876"},{"taxonomy":"product-type","embeddable":true,"href":"https:\/\/petitekingdom.com\/lv\/wp-json\/wp\/v2\/product-type?post=53876"},{"taxonomy":"designers","embeddable":true,"href":"https:\/\/petitekingdom.com\/lv\/wp-json\/wp\/v2\/designers?post=53876"}],"curies":[{"name":"wp","href":"https:\/\/api.w.org\/{rel}","templated":true}]}}