{"id":53823,"date":"2024-07-12T10:54:19","date_gmt":"2024-07-12T07:57:55","guid":{"rendered":"https:\/\/petitekingdom.com\/shop\/uncategorized\/meitenu-roza-dzinsa-sorti\/"},"modified":"2024-07-12T10:57:55","modified_gmt":"2024-07-12T07:57:55","slug":"meitenu-roza-dzinsa-sorti","status":"publish","type":"product","link":"https:\/\/petitekingdom.com\/lv\/shop\/meitenu-roza-dzinsa-sorti\/","title":{"rendered":"Meite\u0146u roz\u0101 d\u017einsa \u0161orti"},"content":{"rendered":"<p>&#8211; Regul\u0101ra piegrieztne<br \/>\n&#8211; Neapstr\u0101d\u0101ta apak\u0161mala<br \/>\n&#8211; Funkcion\u0101las kabatas priek\u0161\u0101 un aizmugur\u0113<br \/>\n&#8211; Regul\u0113jama gumija jostasviet\u0101<br \/>\n&#8211; Jostas cilpas<br \/>\n&#8211; R\u0101v\u0113jsl\u0113dz\u0113jam ir aizdare ar \u0101\u0137i, kas pasl\u0113pta zem dekorat\u012bvas pogas<br \/>\n&#8211; D\u017einsa kvalit\u0101te<br \/>\n&#8211; 91% kokvilna, 7% poliesters un 2% elast\u0101ns<\/p>\n","protected":false},"excerpt":{"rendered":"<p>Roz\u0101 d\u017einsa \u0161orti elast\u012bg\u0101 kvalit\u0101t\u0113, lai tie b\u016btu \u0113rti un cie\u0161i piegu\u013co\u0161i. \u0160ie ir praktiski \u0161orti, kas j\u016bsu ikdienai pie\u0161\u0137irs jautru kr\u0101su uzplaiksn\u012bjumu.<\/p>\n","protected":false},"featured_media":53814,"template":"","meta":{"_acf_changed":false},"product_cat":[1192,1240,1335,1655,1605,1674],"product_tag":[],"product-material":[],"product-type":[],"designers":[1854],"class_list":{"0":"post-53823","1":"product","2":"type-product","3":"status-publish","4":"has-post-thumbnail","6":"product_cat-meitenes","7":"product_cat-bikses-meitenem","8":"product_cat-sorti-meitenem","9":"product_cat-jaunumi","10":"product_cat-izpardosana","11":"product_cat-sezonas-izpardosana","12":"designers-the-new-lv","14":"first","15":"instock","16":"sale","17":"taxable","18":"shipping-taxable","19":"purchasable","20":"product-type-variable"},"acf":[],"yoast_head":"<!-- This site is optimized with the Yoast SEO Premium plugin v23.7 (Yoast SEO v23.7) - https:\/\/yoast.com\/wordpress\/plugins\/seo\/ -->\n<title>Meite\u0146u roz\u0101 d\u017einsa \u0161orti &#8226; Petite Kingdom<\/title>\n<meta name=\"robots\" content=\"index, follow, max-snippet:-1, max-image-preview:large, max-video-preview:-1\" \/>\n<link rel=\"canonical\" href=\"https:\/\/petitekingdom.com\/shop\/girls-pink-denim-shorts\/\" \/>\n<meta property=\"og:locale\" content=\"lv_LV\" \/>\n<meta property=\"og:type\" content=\"article\" \/>\n<meta property=\"og:title\" content=\"Meite\u0146u roz\u0101 d\u017einsa \u0161orti\" \/>\n<meta property=\"og:description\" content=\"Roz\u0101 d\u017einsa \u0161orti elast\u012bg\u0101 kvalit\u0101t\u0113, lai tie b\u016btu \u0113rti un cie\u0161i piegu\u013co\u0161i. \u0160ie ir praktiski \u0161orti, kas j\u016bsu ikdienai pie\u0161\u0137irs jautru kr\u0101su uzplaiksn\u012bjumu.\" \/>\n<meta property=\"og:url\" content=\"https:\/\/petitekingdom.com\/shop\/girls-pink-denim-shorts\/\" \/>\n<meta property=\"og:site_name\" content=\"Petite Kingdom\" \/>\n<meta property=\"article:publisher\" content=\"https:\/\/www.facebook.com\/Petite-Kingdom-114272640862559\" \/>\n<meta property=\"og:image\" content=\"https:\/\/petitekingdom.com\/wp-content\/uploads\/2024\/07\/girls-pink-denim-shorts-the-new.jpg\" \/>\n\t<meta property=\"og:image:width\" content=\"1329\" \/>\n\t<meta property=\"og:image:height\" content=\"1920\" \/>\n\t<meta property=\"og:image:type\" content=\"image\/jpeg\" \/>\n<meta name=\"twitter:card\" content=\"summary_large_image\" \/>\n<script type=\"application\/ld+json\" class=\"yoast-schema-graph\">{\"@context\":\"https:\/\/schema.org\",\"@graph\":[{\"@type\":\"WebPage\",\"@id\":\"https:\/\/petitekingdom.com\/shop\/girls-pink-denim-shorts\/\",\"url\":\"https:\/\/petitekingdom.com\/shop\/girls-pink-denim-shorts\/\",\"name\":\"Meite\u0146u roz\u0101 d\u017einsa \u0161orti &#8226; Petite Kingdom\",\"isPartOf\":{\"@id\":\"https:\/\/petitekingdom.com\/#website\"},\"primaryImageOfPage\":{\"@id\":\"https:\/\/petitekingdom.com\/shop\/girls-pink-denim-shorts\/#primaryimage\"},\"image\":{\"@id\":\"https:\/\/petitekingdom.com\/shop\/girls-pink-denim-shorts\/#primaryimage\"},\"thumbnailUrl\":\"https:\/\/petitekingdom.com\/wp-content\/uploads\/2024\/07\/girls-pink-denim-shorts-the-new.jpg\",\"datePublished\":\"2024-07-12T07:57:55+00:00\",\"dateModified\":\"2024-07-12T07:57:55+00:00\",\"breadcrumb\":{\"@id\":\"https:\/\/petitekingdom.com\/shop\/girls-pink-denim-shorts\/#breadcrumb\"},\"inLanguage\":\"lv-LV\",\"potentialAction\":[{\"@type\":\"ReadAction\",\"target\":[\"https:\/\/petitekingdom.com\/shop\/girls-pink-denim-shorts\/\"]}]},{\"@type\":\"ImageObject\",\"inLanguage\":\"lv-LV\",\"@id\":\"https:\/\/petitekingdom.com\/shop\/girls-pink-denim-shorts\/#primaryimage\",\"url\":\"https:\/\/petitekingdom.com\/wp-content\/uploads\/2024\/07\/girls-pink-denim-shorts-the-new.jpg\",\"contentUrl\":\"https:\/\/petitekingdom.com\/wp-content\/uploads\/2024\/07\/girls-pink-denim-shorts-the-new.jpg\",\"width\":1329,\"height\":1920,\"caption\":\"Meite\u0146u roz\u0101 d\u017einsa \u0161orti - The New\"},{\"@type\":\"BreadcrumbList\",\"@id\":\"https:\/\/petitekingdom.com\/shop\/girls-pink-denim-shorts\/#breadcrumb\",\"itemListElement\":[{\"@type\":\"ListItem\",\"position\":1,\"name\":\"Home\",\"item\":\"https:\/\/petitekingdom.com\/lv\/\"},{\"@type\":\"ListItem\",\"position\":2,\"name\":\"Veikals\",\"item\":\"https:\/\/petitekingdom.com\/lv\/veikals\/\"},{\"@type\":\"ListItem\",\"position\":3,\"name\":\"Meite\u0146u roz\u0101 d\u017einsa \u0161orti\"}]},{\"@type\":\"WebSite\",\"@id\":\"https:\/\/petitekingdom.com\/#website\",\"url\":\"https:\/\/petitekingdom.com\/\",\"name\":\"Petite Kingdom\",\"description\":\"B\u0113rnu izt\u0113lei nav robe\u017eu\",\"publisher\":{\"@id\":\"https:\/\/petitekingdom.com\/#organization\"},\"potentialAction\":[{\"@type\":\"SearchAction\",\"target\":{\"@type\":\"EntryPoint\",\"urlTemplate\":\"https:\/\/petitekingdom.com\/?s={search_term_string}\"},\"query-input\":{\"@type\":\"PropertyValueSpecification\",\"valueRequired\":true,\"valueName\":\"search_term_string\"}}],\"inLanguage\":\"lv-LV\"},{\"@type\":\"Organization\",\"@id\":\"https:\/\/petitekingdom.com\/#organization\",\"name\":\"Petite Kingdom\",\"url\":\"https:\/\/petitekingdom.com\/\",\"logo\":{\"@type\":\"ImageObject\",\"inLanguage\":\"lv-LV\",\"@id\":\"https:\/\/petitekingdom.com\/#\/schema\/logo\/image\/\",\"url\":\"https:\/\/petitekingdom.com\/wp-content\/uploads\/2021\/04\/PT_logo_blackPNG.png\",\"contentUrl\":\"https:\/\/petitekingdom.com\/wp-content\/uploads\/2021\/04\/PT_logo_blackPNG.png\",\"width\":1158,\"height\":500,\"caption\":\"Petite Kingdom\"},\"image\":{\"@id\":\"https:\/\/petitekingdom.com\/#\/schema\/logo\/image\/\"},\"sameAs\":[\"https:\/\/www.facebook.com\/Petite-Kingdom-114272640862559\",\"https:\/\/www.instagram.com\/petite_kingdom\/\"]}]}<\/script>\n<!-- \/ Yoast SEO Premium plugin. -->","yoast_head_json":{"title":"Meite\u0146u roz\u0101 d\u017einsa \u0161orti &#8226; Petite Kingdom","robots":{"index":"index","follow":"follow","max-snippet":"max-snippet:-1","max-image-preview":"max-image-preview:large","max-video-preview":"max-video-preview:-1"},"canonical":"https:\/\/petitekingdom.com\/shop\/girls-pink-denim-shorts\/","og_locale":"lv_LV","og_type":"article","og_title":"Meite\u0146u roz\u0101 d\u017einsa \u0161orti","og_description":"Roz\u0101 d\u017einsa \u0161orti elast\u012bg\u0101 kvalit\u0101t\u0113, lai tie b\u016btu \u0113rti un cie\u0161i piegu\u013co\u0161i. \u0160ie ir praktiski \u0161orti, kas j\u016bsu ikdienai pie\u0161\u0137irs jautru kr\u0101su uzplaiksn\u012bjumu.","og_url":"https:\/\/petitekingdom.com\/shop\/girls-pink-denim-shorts\/","og_site_name":"Petite Kingdom","article_publisher":"https:\/\/www.facebook.com\/Petite-Kingdom-114272640862559","og_image":[{"width":1329,"height":1920,"url":"https:\/\/petitekingdom.com\/wp-content\/uploads\/2024\/07\/girls-pink-denim-shorts-the-new.jpg","type":"image\/jpeg"}],"twitter_card":"summary_large_image","schema":{"@context":"https:\/\/schema.org","@graph":[{"@type":"WebPage","@id":"https:\/\/petitekingdom.com\/shop\/girls-pink-denim-shorts\/","url":"https:\/\/petitekingdom.com\/shop\/girls-pink-denim-shorts\/","name":"Meite\u0146u roz\u0101 d\u017einsa \u0161orti &#8226; Petite Kingdom","isPartOf":{"@id":"https:\/\/petitekingdom.com\/#website"},"primaryImageOfPage":{"@id":"https:\/\/petitekingdom.com\/shop\/girls-pink-denim-shorts\/#primaryimage"},"image":{"@id":"https:\/\/petitekingdom.com\/shop\/girls-pink-denim-shorts\/#primaryimage"},"thumbnailUrl":"https:\/\/petitekingdom.com\/wp-content\/uploads\/2024\/07\/girls-pink-denim-shorts-the-new.jpg","datePublished":"2024-07-12T07:57:55+00:00","dateModified":"2024-07-12T07:57:55+00:00","breadcrumb":{"@id":"https:\/\/petitekingdom.com\/shop\/girls-pink-denim-shorts\/#breadcrumb"},"inLanguage":"lv-LV","potentialAction":[{"@type":"ReadAction","target":["https:\/\/petitekingdom.com\/shop\/girls-pink-denim-shorts\/"]}]},{"@type":"ImageObject","inLanguage":"lv-LV","@id":"https:\/\/petitekingdom.com\/shop\/girls-pink-denim-shorts\/#primaryimage","url":"https:\/\/petitekingdom.com\/wp-content\/uploads\/2024\/07\/girls-pink-denim-shorts-the-new.jpg","contentUrl":"https:\/\/petitekingdom.com\/wp-content\/uploads\/2024\/07\/girls-pink-denim-shorts-the-new.jpg","width":1329,"height":1920,"caption":"Meite\u0146u roz\u0101 d\u017einsa \u0161orti - The New"},{"@type":"BreadcrumbList","@id":"https:\/\/petitekingdom.com\/shop\/girls-pink-denim-shorts\/#breadcrumb","itemListElement":[{"@type":"ListItem","position":1,"name":"Home","item":"https:\/\/petitekingdom.com\/lv\/"},{"@type":"ListItem","position":2,"name":"Veikals","item":"https:\/\/petitekingdom.com\/lv\/veikals\/"},{"@type":"ListItem","position":3,"name":"Meite\u0146u roz\u0101 d\u017einsa \u0161orti"}]},{"@type":"WebSite","@id":"https:\/\/petitekingdom.com\/#website","url":"https:\/\/petitekingdom.com\/","name":"Petite Kingdom","description":"B\u0113rnu izt\u0113lei nav robe\u017eu","publisher":{"@id":"https:\/\/petitekingdom.com\/#organization"},"potentialAction":[{"@type":"SearchAction","target":{"@type":"EntryPoint","urlTemplate":"https:\/\/petitekingdom.com\/?s={search_term_string}"},"query-input":{"@type":"PropertyValueSpecification","valueRequired":true,"valueName":"search_term_string"}}],"inLanguage":"lv-LV"},{"@type":"Organization","@id":"https:\/\/petitekingdom.com\/#organization","name":"Petite Kingdom","url":"https:\/\/petitekingdom.com\/","logo":{"@type":"ImageObject","inLanguage":"lv-LV","@id":"https:\/\/petitekingdom.com\/#\/schema\/logo\/image\/","url":"https:\/\/petitekingdom.com\/wp-content\/uploads\/2021\/04\/PT_logo_blackPNG.png","contentUrl":"https:\/\/petitekingdom.com\/wp-content\/uploads\/2021\/04\/PT_logo_blackPNG.png","width":1158,"height":500,"caption":"Petite Kingdom"},"image":{"@id":"https:\/\/petitekingdom.com\/#\/schema\/logo\/image\/"},"sameAs":["https:\/\/www.facebook.com\/Petite-Kingdom-114272640862559","https:\/\/www.instagram.com\/petite_kingdom\/"]}]}},"_links":{"self":[{"href":"https:\/\/petitekingdom.com\/lv\/wp-json\/wp\/v2\/product\/53823"}],"collection":[{"href":"https:\/\/petitekingdom.com\/lv\/wp-json\/wp\/v2\/product"}],"about":[{"href":"https:\/\/petitekingdom.com\/lv\/wp-json\/wp\/v2\/types\/product"}],"wp:featuredmedia":[{"embeddable":true,"href":"https:\/\/petitekingdom.com\/lv\/wp-json\/wp\/v2\/media\/53814"}],"wp:attachment":[{"href":"https:\/\/petitekingdom.com\/lv\/wp-json\/wp\/v2\/media?parent=53823"}],"wp:term":[{"taxonomy":"product_cat","embeddable":true,"href":"https:\/\/petitekingdom.com\/lv\/wp-json\/wp\/v2\/product_cat?post=53823"},{"taxonomy":"product_tag","embeddable":true,"href":"https:\/\/petitekingdom.com\/lv\/wp-json\/wp\/v2\/product_tag?post=53823"},{"taxonomy":"product-material","embeddable":true,"href":"https:\/\/petitekingdom.com\/lv\/wp-json\/wp\/v2\/product-material?post=53823"},{"taxonomy":"product-type","embeddable":true,"href":"https:\/\/petitekingdom.com\/lv\/wp-json\/wp\/v2\/product-type?post=53823"},{"taxonomy":"designers","embeddable":true,"href":"https:\/\/petitekingdom.com\/lv\/wp-json\/wp\/v2\/designers?post=53823"}],"curies":[{"name":"wp","href":"https:\/\/api.w.org\/{rel}","templated":true}]}}