{"id":53532,"date":"2024-07-11T12:32:59","date_gmt":"2024-07-11T09:38:03","guid":{"rendered":"https:\/\/petitekingdom.com\/shop\/uncategorized\/meitenu-balti-muslina-sorti\/"},"modified":"2024-07-11T12:38:03","modified_gmt":"2024-07-11T09:38:03","slug":"meitenu-balti-muslina-sorti","status":"publish","type":"product","link":"https:\/\/petitekingdom.com\/lv\/shop\/meitenu-balti-muslina-sorti\/","title":{"rendered":"Meite\u0146u balti musl\u012bna \u0161orti"},"content":{"rendered":"<p>&#8211; Br\u012bvs piegriezums<br \/>\n&#8211; Vienkr\u0101sains<br \/>\n&#8211; S\u0101nu kabatas<br \/>\n&#8211; Regul\u0113jama elast\u012bga jostasvieta<br \/>\n&#8211; Musl\u012bna audums<br \/>\n&#8211; 100% kokvilna<\/p>\n","protected":false},"excerpt":{"rendered":"<p>Atp\u016btieties pavasara\/vasaras karstum\u0101, valk\u0101jot \u0161os ikdienas musl\u012bna \u0161ortus silt\u0101 balt\u0101 nokr\u0101s\u0101. \u0160iem m\u012bkstajiem un vieglajiem THE NEW kokvilnas \u0161ortiem ir br\u012bvs piegriezums, un tie ir neticami daudzpus\u012bgi un m\u016b\u017e\u012bgi.<\/p>\n","protected":false},"featured_media":53523,"template":"","meta":{"_acf_changed":false},"product_brand":[],"product_cat":[1192,1240,1674,1655,1605,1335],"product_tag":[],"product-material":[],"product-type":[],"designers":[1854],"class_list":{"0":"post-53532","1":"product","2":"type-product","3":"status-publish","4":"has-post-thumbnail","6":"product_cat-meitenes","7":"product_cat-bikses-meitenem","8":"product_cat-sezonas-izpardosana","9":"product_cat-jaunumi","10":"product_cat-izpardosana","11":"product_cat-sorti-meitenem","12":"designers-the-new-lv","14":"first","15":"instock","16":"sale","17":"taxable","18":"shipping-taxable","19":"purchasable","20":"product-type-variable"},"acf":[],"yoast_head":"<!-- This site is optimized with the Yoast SEO Premium plugin v23.7 (Yoast SEO v27.5) - https:\/\/yoast.com\/product\/yoast-seo-premium-wordpress\/ -->\n<title>Meite\u0146u balti musl\u012bna \u0161orti &#8226; Petite Kingdom<\/title>\n<meta name=\"robots\" content=\"index, follow, max-snippet:-1, max-image-preview:large, max-video-preview:-1\" \/>\n<link rel=\"canonical\" href=\"https:\/\/petitekingdom.com\/shop\/girls-white-casual-muslin-shorts\/\" \/>\n<meta property=\"og:locale\" content=\"lv_LV\" \/>\n<meta property=\"og:type\" content=\"article\" \/>\n<meta property=\"og:title\" content=\"Meite\u0146u balti musl\u012bna \u0161orti\" \/>\n<meta property=\"og:description\" content=\"Atp\u016btieties pavasara\/vasaras karstum\u0101, valk\u0101jot \u0161os ikdienas musl\u012bna \u0161ortus silt\u0101 balt\u0101 nokr\u0101s\u0101. \u0160iem m\u012bkstajiem un vieglajiem THE NEW kokvilnas \u0161ortiem ir br\u012bvs piegriezums, un tie ir neticami daudzpus\u012bgi un m\u016b\u017e\u012bgi.\" \/>\n<meta property=\"og:url\" content=\"https:\/\/petitekingdom.com\/shop\/girls-white-casual-muslin-shorts\/\" \/>\n<meta property=\"og:site_name\" content=\"Petite Kingdom\" \/>\n<meta property=\"article:publisher\" content=\"https:\/\/www.facebook.com\/Petite-Kingdom-114272640862559\" \/>\n<meta property=\"og:image\" content=\"https:\/\/petitekingdom.com\/wp-content\/uploads\/2024\/07\/girls-white-casual-muslin-shorts-the-new.jpg\" \/>\n\t<meta property=\"og:image:width\" content=\"1329\" \/>\n\t<meta property=\"og:image:height\" content=\"1920\" \/>\n\t<meta property=\"og:image:type\" content=\"image\/jpeg\" \/>\n<meta name=\"twitter:card\" content=\"summary_large_image\" \/>\n<script type=\"application\/ld+json\" class=\"yoast-schema-graph\">{\"@context\":\"https:\\\/\\\/schema.org\",\"@graph\":[{\"@type\":\"WebPage\",\"@id\":\"https:\\\/\\\/petitekingdom.com\\\/shop\\\/girls-white-casual-muslin-shorts\\\/\",\"url\":\"https:\\\/\\\/petitekingdom.com\\\/shop\\\/girls-white-casual-muslin-shorts\\\/\",\"name\":\"Meite\u0146u balti musl\u012bna \u0161orti &#8226; Petite Kingdom\",\"isPartOf\":{\"@id\":\"https:\\\/\\\/petitekingdom.com\\\/#website\"},\"primaryImageOfPage\":{\"@id\":\"https:\\\/\\\/petitekingdom.com\\\/shop\\\/girls-white-casual-muslin-shorts\\\/#primaryimage\"},\"image\":{\"@id\":\"https:\\\/\\\/petitekingdom.com\\\/shop\\\/girls-white-casual-muslin-shorts\\\/#primaryimage\"},\"thumbnailUrl\":\"https:\\\/\\\/petitekingdom.com\\\/wp-content\\\/uploads\\\/2024\\\/07\\\/girls-white-casual-muslin-shorts-the-new.jpg\",\"datePublished\":\"2024-07-11T09:38:03+00:00\",\"breadcrumb\":{\"@id\":\"https:\\\/\\\/petitekingdom.com\\\/shop\\\/girls-white-casual-muslin-shorts\\\/#breadcrumb\"},\"inLanguage\":\"lv-LV\",\"potentialAction\":[{\"@type\":\"ReadAction\",\"target\":[\"https:\\\/\\\/petitekingdom.com\\\/shop\\\/girls-white-casual-muslin-shorts\\\/\"]}]},{\"@type\":\"ImageObject\",\"inLanguage\":\"lv-LV\",\"@id\":\"https:\\\/\\\/petitekingdom.com\\\/shop\\\/girls-white-casual-muslin-shorts\\\/#primaryimage\",\"url\":\"https:\\\/\\\/petitekingdom.com\\\/wp-content\\\/uploads\\\/2024\\\/07\\\/girls-white-casual-muslin-shorts-the-new.jpg\",\"contentUrl\":\"https:\\\/\\\/petitekingdom.com\\\/wp-content\\\/uploads\\\/2024\\\/07\\\/girls-white-casual-muslin-shorts-the-new.jpg\",\"width\":1329,\"height\":1920,\"caption\":\"Meite\u0146u balti musl\u012bna \u0161orti - The New\"},{\"@type\":\"BreadcrumbList\",\"@id\":\"https:\\\/\\\/petitekingdom.com\\\/shop\\\/girls-white-casual-muslin-shorts\\\/#breadcrumb\",\"itemListElement\":[{\"@type\":\"ListItem\",\"position\":1,\"name\":\"Home\",\"item\":\"https:\\\/\\\/petitekingdom.com\\\/lv\\\/\"},{\"@type\":\"ListItem\",\"position\":2,\"name\":\"Veikals\",\"item\":\"https:\\\/\\\/petitekingdom.com\\\/lv\\\/veikals\\\/\"},{\"@type\":\"ListItem\",\"position\":3,\"name\":\"Meite\u0146u balti musl\u012bna \u0161orti\"}]},{\"@type\":\"WebSite\",\"@id\":\"https:\\\/\\\/petitekingdom.com\\\/#website\",\"url\":\"https:\\\/\\\/petitekingdom.com\\\/\",\"name\":\"Petite Kingdom\",\"description\":\"B\u0113rnu izt\u0113lei nav robe\u017eu\",\"publisher\":{\"@id\":\"https:\\\/\\\/petitekingdom.com\\\/#organization\"},\"potentialAction\":[{\"@type\":\"SearchAction\",\"target\":{\"@type\":\"EntryPoint\",\"urlTemplate\":\"https:\\\/\\\/petitekingdom.com\\\/?s={search_term_string}\"},\"query-input\":{\"@type\":\"PropertyValueSpecification\",\"valueRequired\":true,\"valueName\":\"search_term_string\"}}],\"inLanguage\":\"lv-LV\"},{\"@type\":\"Organization\",\"@id\":\"https:\\\/\\\/petitekingdom.com\\\/#organization\",\"name\":\"Petite Kingdom\",\"url\":\"https:\\\/\\\/petitekingdom.com\\\/\",\"logo\":{\"@type\":\"ImageObject\",\"inLanguage\":\"lv-LV\",\"@id\":\"https:\\\/\\\/petitekingdom.com\\\/#\\\/schema\\\/logo\\\/image\\\/\",\"url\":\"https:\\\/\\\/petitekingdom.com\\\/wp-content\\\/uploads\\\/2021\\\/04\\\/PT_logo_blackPNG.png\",\"contentUrl\":\"https:\\\/\\\/petitekingdom.com\\\/wp-content\\\/uploads\\\/2021\\\/04\\\/PT_logo_blackPNG.png\",\"width\":1158,\"height\":500,\"caption\":\"Petite Kingdom\"},\"image\":{\"@id\":\"https:\\\/\\\/petitekingdom.com\\\/#\\\/schema\\\/logo\\\/image\\\/\"},\"sameAs\":[\"https:\\\/\\\/www.facebook.com\\\/Petite-Kingdom-114272640862559\",\"https:\\\/\\\/www.instagram.com\\\/petite_kingdom\\\/\"]}]}<\/script>\n<!-- \/ Yoast SEO Premium plugin. -->","yoast_head_json":{"title":"Meite\u0146u balti musl\u012bna \u0161orti &#8226; Petite Kingdom","robots":{"index":"index","follow":"follow","max-snippet":"max-snippet:-1","max-image-preview":"max-image-preview:large","max-video-preview":"max-video-preview:-1"},"canonical":"https:\/\/petitekingdom.com\/shop\/girls-white-casual-muslin-shorts\/","og_locale":"lv_LV","og_type":"article","og_title":"Meite\u0146u balti musl\u012bna \u0161orti","og_description":"Atp\u016btieties pavasara\/vasaras karstum\u0101, valk\u0101jot \u0161os ikdienas musl\u012bna \u0161ortus silt\u0101 balt\u0101 nokr\u0101s\u0101. \u0160iem m\u012bkstajiem un vieglajiem THE NEW kokvilnas \u0161ortiem ir br\u012bvs piegriezums, un tie ir neticami daudzpus\u012bgi un m\u016b\u017e\u012bgi.","og_url":"https:\/\/petitekingdom.com\/shop\/girls-white-casual-muslin-shorts\/","og_site_name":"Petite Kingdom","article_publisher":"https:\/\/www.facebook.com\/Petite-Kingdom-114272640862559","og_image":[{"width":1329,"height":1920,"url":"https:\/\/petitekingdom.com\/wp-content\/uploads\/2024\/07\/girls-white-casual-muslin-shorts-the-new.jpg","type":"image\/jpeg"}],"twitter_card":"summary_large_image","schema":{"@context":"https:\/\/schema.org","@graph":[{"@type":"WebPage","@id":"https:\/\/petitekingdom.com\/shop\/girls-white-casual-muslin-shorts\/","url":"https:\/\/petitekingdom.com\/shop\/girls-white-casual-muslin-shorts\/","name":"Meite\u0146u balti musl\u012bna \u0161orti &#8226; Petite Kingdom","isPartOf":{"@id":"https:\/\/petitekingdom.com\/#website"},"primaryImageOfPage":{"@id":"https:\/\/petitekingdom.com\/shop\/girls-white-casual-muslin-shorts\/#primaryimage"},"image":{"@id":"https:\/\/petitekingdom.com\/shop\/girls-white-casual-muslin-shorts\/#primaryimage"},"thumbnailUrl":"https:\/\/petitekingdom.com\/wp-content\/uploads\/2024\/07\/girls-white-casual-muslin-shorts-the-new.jpg","datePublished":"2024-07-11T09:38:03+00:00","breadcrumb":{"@id":"https:\/\/petitekingdom.com\/shop\/girls-white-casual-muslin-shorts\/#breadcrumb"},"inLanguage":"lv-LV","potentialAction":[{"@type":"ReadAction","target":["https:\/\/petitekingdom.com\/shop\/girls-white-casual-muslin-shorts\/"]}]},{"@type":"ImageObject","inLanguage":"lv-LV","@id":"https:\/\/petitekingdom.com\/shop\/girls-white-casual-muslin-shorts\/#primaryimage","url":"https:\/\/petitekingdom.com\/wp-content\/uploads\/2024\/07\/girls-white-casual-muslin-shorts-the-new.jpg","contentUrl":"https:\/\/petitekingdom.com\/wp-content\/uploads\/2024\/07\/girls-white-casual-muslin-shorts-the-new.jpg","width":1329,"height":1920,"caption":"Meite\u0146u balti musl\u012bna \u0161orti - The New"},{"@type":"BreadcrumbList","@id":"https:\/\/petitekingdom.com\/shop\/girls-white-casual-muslin-shorts\/#breadcrumb","itemListElement":[{"@type":"ListItem","position":1,"name":"Home","item":"https:\/\/petitekingdom.com\/lv\/"},{"@type":"ListItem","position":2,"name":"Veikals","item":"https:\/\/petitekingdom.com\/lv\/veikals\/"},{"@type":"ListItem","position":3,"name":"Meite\u0146u balti musl\u012bna \u0161orti"}]},{"@type":"WebSite","@id":"https:\/\/petitekingdom.com\/#website","url":"https:\/\/petitekingdom.com\/","name":"Petite Kingdom","description":"B\u0113rnu izt\u0113lei nav robe\u017eu","publisher":{"@id":"https:\/\/petitekingdom.com\/#organization"},"potentialAction":[{"@type":"SearchAction","target":{"@type":"EntryPoint","urlTemplate":"https:\/\/petitekingdom.com\/?s={search_term_string}"},"query-input":{"@type":"PropertyValueSpecification","valueRequired":true,"valueName":"search_term_string"}}],"inLanguage":"lv-LV"},{"@type":"Organization","@id":"https:\/\/petitekingdom.com\/#organization","name":"Petite Kingdom","url":"https:\/\/petitekingdom.com\/","logo":{"@type":"ImageObject","inLanguage":"lv-LV","@id":"https:\/\/petitekingdom.com\/#\/schema\/logo\/image\/","url":"https:\/\/petitekingdom.com\/wp-content\/uploads\/2021\/04\/PT_logo_blackPNG.png","contentUrl":"https:\/\/petitekingdom.com\/wp-content\/uploads\/2021\/04\/PT_logo_blackPNG.png","width":1158,"height":500,"caption":"Petite Kingdom"},"image":{"@id":"https:\/\/petitekingdom.com\/#\/schema\/logo\/image\/"},"sameAs":["https:\/\/www.facebook.com\/Petite-Kingdom-114272640862559","https:\/\/www.instagram.com\/petite_kingdom\/"]}]}},"_links":{"self":[{"href":"https:\/\/petitekingdom.com\/lv\/wp-json\/wp\/v2\/product\/53532","targetHints":{"allow":["GET"]}}],"collection":[{"href":"https:\/\/petitekingdom.com\/lv\/wp-json\/wp\/v2\/product"}],"about":[{"href":"https:\/\/petitekingdom.com\/lv\/wp-json\/wp\/v2\/types\/product"}],"wp:featuredmedia":[{"embeddable":true,"href":"https:\/\/petitekingdom.com\/lv\/wp-json\/wp\/v2\/media\/53523"}],"wp:attachment":[{"href":"https:\/\/petitekingdom.com\/lv\/wp-json\/wp\/v2\/media?parent=53532"}],"wp:term":[{"taxonomy":"product_brand","embeddable":true,"href":"https:\/\/petitekingdom.com\/lv\/wp-json\/wp\/v2\/product_brand?post=53532"},{"taxonomy":"product_cat","embeddable":true,"href":"https:\/\/petitekingdom.com\/lv\/wp-json\/wp\/v2\/product_cat?post=53532"},{"taxonomy":"product_tag","embeddable":true,"href":"https:\/\/petitekingdom.com\/lv\/wp-json\/wp\/v2\/product_tag?post=53532"},{"taxonomy":"product-material","embeddable":true,"href":"https:\/\/petitekingdom.com\/lv\/wp-json\/wp\/v2\/product-material?post=53532"},{"taxonomy":"product-type","embeddable":true,"href":"https:\/\/petitekingdom.com\/lv\/wp-json\/wp\/v2\/product-type?post=53532"},{"taxonomy":"designers","embeddable":true,"href":"https:\/\/petitekingdom.com\/lv\/wp-json\/wp\/v2\/designers?post=53532"}],"curies":[{"name":"wp","href":"https:\/\/api.w.org\/{rel}","templated":true}]}}