{"id":53076,"date":"2024-05-28T14:17:57","date_gmt":"2024-05-28T11:22:27","guid":{"rendered":"https:\/\/petitekingdom.com\/shop\/uncategorized\/ziedu-kleita-uz-viena-pleca\/"},"modified":"2024-05-28T14:57:18","modified_gmt":"2024-05-28T11:57:18","slug":"ziedu-kleita-uz-viena-pleca","status":"publish","type":"product","link":"https:\/\/petitekingdom.com\/lv\/veikals\/ziedu-kleita-uz-viena-pleca\/","title":{"rendered":"Ziedu kleita uz viena pleca"},"content":{"rendered":"<ul>\n<li>95% organisk\u0101 kokvilna<\/li>\n<li>5% elast\u0101ns<\/li>\n<li>GOTS<\/li>\n<\/ul>\n","protected":false},"excerpt":{"rendered":"<p>\u0160\u012b kleita bez piedurkn\u0113m no THE NEW ar skaistu ziedu apdruku za\u013cos un roz\u0101 to\u0146os uz gai\u0161as b\u0101zes kr\u0101sas eleganti izskat\u012bsies karstaj\u0101s vasaras dien\u0101s. \u0160\u012b viegl\u0101 un gais\u012bg\u0101 auduma vasaras kleita ir izgatavota no organisk\u0101s kokvilnas, padarot to vieglu un \u0113rtu valk\u0101\u0161anai visu dienu vasaras karstum\u0101. Kleita ir piem\u0113rota gan ikdienas valk\u0101\u0161anai, gan k\u0101 ball\u012b\u0161u t\u0113rps \u012bpa\u0161iem gad\u012bjumiem.<\/p>\n","protected":false},"featured_media":53066,"template":"","meta":{"_acf_changed":false},"product_cat":[1192,1225,1228,1655,1605,1674],"product_tag":[],"product-material":[],"product-type":[],"designers":[1854],"class_list":{"0":"post-53076","1":"product","2":"type-product","3":"status-publish","4":"has-post-thumbnail","6":"product_cat-meitenes","7":"product_cat-meitenu-kleitas-svarki","8":"product_cat-kleitas-meitenem","9":"product_cat-jaunumi","10":"product_cat-izpardosana","11":"product_cat-sezonas-izpardosana","12":"designers-the-new-lv","14":"first","15":"instock","16":"sale","17":"taxable","18":"shipping-taxable","19":"purchasable","20":"product-type-variable"},"acf":[],"yoast_head":"<!-- This site is optimized with the Yoast SEO Premium plugin v23.7 (Yoast SEO v23.7) - https:\/\/yoast.com\/wordpress\/plugins\/seo\/ -->\n<title>Ziedu kleita uz viena pleca &#8226; Petite Kingdom<\/title>\n<meta name=\"robots\" content=\"index, follow, max-snippet:-1, max-image-preview:large, max-video-preview:-1\" \/>\n<link rel=\"canonical\" href=\"https:\/\/petitekingdom.com\/lv\/veikals\/ziedu-kleita-uz-viena-pleca\/\" \/>\n<meta property=\"og:locale\" content=\"lv_LV\" \/>\n<meta property=\"og:type\" content=\"article\" \/>\n<meta property=\"og:title\" content=\"Ziedu kleita uz viena pleca\" \/>\n<meta property=\"og:description\" content=\"\u0160\u012b kleita bez piedurkn\u0113m no THE NEW ar skaistu ziedu apdruku za\u013cos un roz\u0101 to\u0146os uz gai\u0161as b\u0101zes kr\u0101sas eleganti izskat\u012bsies karstaj\u0101s vasaras dien\u0101s. \u0160\u012b viegl\u0101 un gais\u012bg\u0101 auduma vasaras kleita ir izgatavota no organisk\u0101s kokvilnas, padarot to vieglu un \u0113rtu valk\u0101\u0161anai visu dienu vasaras karstum\u0101. Kleita ir piem\u0113rota gan ikdienas valk\u0101\u0161anai, gan k\u0101 ball\u012b\u0161u t\u0113rps \u012bpa\u0161iem gad\u012bjumiem.\" \/>\n<meta property=\"og:url\" content=\"https:\/\/petitekingdom.com\/lv\/veikals\/ziedu-kleita-uz-viena-pleca\/\" \/>\n<meta property=\"og:site_name\" content=\"Petite Kingdom\" \/>\n<meta property=\"article:publisher\" content=\"https:\/\/www.facebook.com\/Petite-Kingdom-114272640862559\" \/>\n<meta property=\"article:modified_time\" content=\"2024-05-28T11:57:18+00:00\" \/>\n<meta property=\"og:image\" content=\"https:\/\/petitekingdom.com\/wp-content\/uploads\/2024\/05\/one-shoulder-sleeveless-dress-the-new.jpg\" \/>\n\t<meta property=\"og:image:width\" content=\"1329\" \/>\n\t<meta property=\"og:image:height\" content=\"1920\" \/>\n\t<meta property=\"og:image:type\" content=\"image\/jpeg\" \/>\n<meta name=\"twitter:card\" content=\"summary_large_image\" \/>\n<script type=\"application\/ld+json\" class=\"yoast-schema-graph\">{\"@context\":\"https:\/\/schema.org\",\"@graph\":[{\"@type\":\"WebPage\",\"@id\":\"https:\/\/petitekingdom.com\/lv\/veikals\/ziedu-kleita-uz-viena-pleca\/\",\"url\":\"https:\/\/petitekingdom.com\/lv\/veikals\/ziedu-kleita-uz-viena-pleca\/\",\"name\":\"Ziedu kleita uz viena pleca &#8226; Petite Kingdom\",\"isPartOf\":{\"@id\":\"https:\/\/petitekingdom.com\/#website\"},\"primaryImageOfPage\":{\"@id\":\"https:\/\/petitekingdom.com\/lv\/veikals\/ziedu-kleita-uz-viena-pleca\/#primaryimage\"},\"image\":{\"@id\":\"https:\/\/petitekingdom.com\/lv\/veikals\/ziedu-kleita-uz-viena-pleca\/#primaryimage\"},\"thumbnailUrl\":\"https:\/\/petitekingdom.com\/wp-content\/uploads\/2024\/05\/one-shoulder-sleeveless-dress-the-new.jpg\",\"datePublished\":\"2024-05-28T11:22:27+00:00\",\"dateModified\":\"2024-05-28T11:57:18+00:00\",\"breadcrumb\":{\"@id\":\"https:\/\/petitekingdom.com\/lv\/veikals\/ziedu-kleita-uz-viena-pleca\/#breadcrumb\"},\"inLanguage\":\"lv-LV\",\"potentialAction\":[{\"@type\":\"ReadAction\",\"target\":[\"https:\/\/petitekingdom.com\/lv\/veikals\/ziedu-kleita-uz-viena-pleca\/\"]}]},{\"@type\":\"ImageObject\",\"inLanguage\":\"lv-LV\",\"@id\":\"https:\/\/petitekingdom.com\/lv\/veikals\/ziedu-kleita-uz-viena-pleca\/#primaryimage\",\"url\":\"https:\/\/petitekingdom.com\/wp-content\/uploads\/2024\/05\/one-shoulder-sleeveless-dress-the-new.jpg\",\"contentUrl\":\"https:\/\/petitekingdom.com\/wp-content\/uploads\/2024\/05\/one-shoulder-sleeveless-dress-the-new.jpg\",\"width\":1329,\"height\":1920,\"caption\":\"Ziedu kleita uz viena pleca - The New\"},{\"@type\":\"BreadcrumbList\",\"@id\":\"https:\/\/petitekingdom.com\/lv\/veikals\/ziedu-kleita-uz-viena-pleca\/#breadcrumb\",\"itemListElement\":[{\"@type\":\"ListItem\",\"position\":1,\"name\":\"Home\",\"item\":\"https:\/\/petitekingdom.com\/lv\/\"},{\"@type\":\"ListItem\",\"position\":2,\"name\":\"Veikals\",\"item\":\"https:\/\/petitekingdom.com\/lv\/veikals\/\"},{\"@type\":\"ListItem\",\"position\":3,\"name\":\"Ziedu kleita uz viena pleca\"}]},{\"@type\":\"WebSite\",\"@id\":\"https:\/\/petitekingdom.com\/#website\",\"url\":\"https:\/\/petitekingdom.com\/\",\"name\":\"Petite Kingdom\",\"description\":\"B\u0113rnu izt\u0113lei nav robe\u017eu\",\"publisher\":{\"@id\":\"https:\/\/petitekingdom.com\/#organization\"},\"potentialAction\":[{\"@type\":\"SearchAction\",\"target\":{\"@type\":\"EntryPoint\",\"urlTemplate\":\"https:\/\/petitekingdom.com\/?s={search_term_string}\"},\"query-input\":{\"@type\":\"PropertyValueSpecification\",\"valueRequired\":true,\"valueName\":\"search_term_string\"}}],\"inLanguage\":\"lv-LV\"},{\"@type\":\"Organization\",\"@id\":\"https:\/\/petitekingdom.com\/#organization\",\"name\":\"Petite Kingdom\",\"url\":\"https:\/\/petitekingdom.com\/\",\"logo\":{\"@type\":\"ImageObject\",\"inLanguage\":\"lv-LV\",\"@id\":\"https:\/\/petitekingdom.com\/#\/schema\/logo\/image\/\",\"url\":\"https:\/\/petitekingdom.com\/wp-content\/uploads\/2021\/04\/PT_logo_blackPNG.png\",\"contentUrl\":\"https:\/\/petitekingdom.com\/wp-content\/uploads\/2021\/04\/PT_logo_blackPNG.png\",\"width\":1158,\"height\":500,\"caption\":\"Petite Kingdom\"},\"image\":{\"@id\":\"https:\/\/petitekingdom.com\/#\/schema\/logo\/image\/\"},\"sameAs\":[\"https:\/\/www.facebook.com\/Petite-Kingdom-114272640862559\",\"https:\/\/www.instagram.com\/petite_kingdom\/\"]}]}<\/script>\n<!-- \/ Yoast SEO Premium plugin. -->","yoast_head_json":{"title":"Ziedu kleita uz viena pleca &#8226; Petite Kingdom","robots":{"index":"index","follow":"follow","max-snippet":"max-snippet:-1","max-image-preview":"max-image-preview:large","max-video-preview":"max-video-preview:-1"},"canonical":"https:\/\/petitekingdom.com\/lv\/veikals\/ziedu-kleita-uz-viena-pleca\/","og_locale":"lv_LV","og_type":"article","og_title":"Ziedu kleita uz viena pleca","og_description":"\u0160\u012b kleita bez piedurkn\u0113m no THE NEW ar skaistu ziedu apdruku za\u013cos un roz\u0101 to\u0146os uz gai\u0161as b\u0101zes kr\u0101sas eleganti izskat\u012bsies karstaj\u0101s vasaras dien\u0101s. \u0160\u012b viegl\u0101 un gais\u012bg\u0101 auduma vasaras kleita ir izgatavota no organisk\u0101s kokvilnas, padarot to vieglu un \u0113rtu valk\u0101\u0161anai visu dienu vasaras karstum\u0101. Kleita ir piem\u0113rota gan ikdienas valk\u0101\u0161anai, gan k\u0101 ball\u012b\u0161u t\u0113rps \u012bpa\u0161iem gad\u012bjumiem.","og_url":"https:\/\/petitekingdom.com\/lv\/veikals\/ziedu-kleita-uz-viena-pleca\/","og_site_name":"Petite Kingdom","article_publisher":"https:\/\/www.facebook.com\/Petite-Kingdom-114272640862559","article_modified_time":"2024-05-28T11:57:18+00:00","og_image":[{"width":1329,"height":1920,"url":"https:\/\/petitekingdom.com\/wp-content\/uploads\/2024\/05\/one-shoulder-sleeveless-dress-the-new.jpg","type":"image\/jpeg"}],"twitter_card":"summary_large_image","schema":{"@context":"https:\/\/schema.org","@graph":[{"@type":"WebPage","@id":"https:\/\/petitekingdom.com\/lv\/veikals\/ziedu-kleita-uz-viena-pleca\/","url":"https:\/\/petitekingdom.com\/lv\/veikals\/ziedu-kleita-uz-viena-pleca\/","name":"Ziedu kleita uz viena pleca &#8226; Petite Kingdom","isPartOf":{"@id":"https:\/\/petitekingdom.com\/#website"},"primaryImageOfPage":{"@id":"https:\/\/petitekingdom.com\/lv\/veikals\/ziedu-kleita-uz-viena-pleca\/#primaryimage"},"image":{"@id":"https:\/\/petitekingdom.com\/lv\/veikals\/ziedu-kleita-uz-viena-pleca\/#primaryimage"},"thumbnailUrl":"https:\/\/petitekingdom.com\/wp-content\/uploads\/2024\/05\/one-shoulder-sleeveless-dress-the-new.jpg","datePublished":"2024-05-28T11:22:27+00:00","dateModified":"2024-05-28T11:57:18+00:00","breadcrumb":{"@id":"https:\/\/petitekingdom.com\/lv\/veikals\/ziedu-kleita-uz-viena-pleca\/#breadcrumb"},"inLanguage":"lv-LV","potentialAction":[{"@type":"ReadAction","target":["https:\/\/petitekingdom.com\/lv\/veikals\/ziedu-kleita-uz-viena-pleca\/"]}]},{"@type":"ImageObject","inLanguage":"lv-LV","@id":"https:\/\/petitekingdom.com\/lv\/veikals\/ziedu-kleita-uz-viena-pleca\/#primaryimage","url":"https:\/\/petitekingdom.com\/wp-content\/uploads\/2024\/05\/one-shoulder-sleeveless-dress-the-new.jpg","contentUrl":"https:\/\/petitekingdom.com\/wp-content\/uploads\/2024\/05\/one-shoulder-sleeveless-dress-the-new.jpg","width":1329,"height":1920,"caption":"Ziedu kleita uz viena pleca - The New"},{"@type":"BreadcrumbList","@id":"https:\/\/petitekingdom.com\/lv\/veikals\/ziedu-kleita-uz-viena-pleca\/#breadcrumb","itemListElement":[{"@type":"ListItem","position":1,"name":"Home","item":"https:\/\/petitekingdom.com\/lv\/"},{"@type":"ListItem","position":2,"name":"Veikals","item":"https:\/\/petitekingdom.com\/lv\/veikals\/"},{"@type":"ListItem","position":3,"name":"Ziedu kleita uz viena pleca"}]},{"@type":"WebSite","@id":"https:\/\/petitekingdom.com\/#website","url":"https:\/\/petitekingdom.com\/","name":"Petite Kingdom","description":"B\u0113rnu izt\u0113lei nav robe\u017eu","publisher":{"@id":"https:\/\/petitekingdom.com\/#organization"},"potentialAction":[{"@type":"SearchAction","target":{"@type":"EntryPoint","urlTemplate":"https:\/\/petitekingdom.com\/?s={search_term_string}"},"query-input":{"@type":"PropertyValueSpecification","valueRequired":true,"valueName":"search_term_string"}}],"inLanguage":"lv-LV"},{"@type":"Organization","@id":"https:\/\/petitekingdom.com\/#organization","name":"Petite Kingdom","url":"https:\/\/petitekingdom.com\/","logo":{"@type":"ImageObject","inLanguage":"lv-LV","@id":"https:\/\/petitekingdom.com\/#\/schema\/logo\/image\/","url":"https:\/\/petitekingdom.com\/wp-content\/uploads\/2021\/04\/PT_logo_blackPNG.png","contentUrl":"https:\/\/petitekingdom.com\/wp-content\/uploads\/2021\/04\/PT_logo_blackPNG.png","width":1158,"height":500,"caption":"Petite Kingdom"},"image":{"@id":"https:\/\/petitekingdom.com\/#\/schema\/logo\/image\/"},"sameAs":["https:\/\/www.facebook.com\/Petite-Kingdom-114272640862559","https:\/\/www.instagram.com\/petite_kingdom\/"]}]}},"_links":{"self":[{"href":"https:\/\/petitekingdom.com\/lv\/wp-json\/wp\/v2\/product\/53076"}],"collection":[{"href":"https:\/\/petitekingdom.com\/lv\/wp-json\/wp\/v2\/product"}],"about":[{"href":"https:\/\/petitekingdom.com\/lv\/wp-json\/wp\/v2\/types\/product"}],"wp:featuredmedia":[{"embeddable":true,"href":"https:\/\/petitekingdom.com\/lv\/wp-json\/wp\/v2\/media\/53066"}],"wp:attachment":[{"href":"https:\/\/petitekingdom.com\/lv\/wp-json\/wp\/v2\/media?parent=53076"}],"wp:term":[{"taxonomy":"product_cat","embeddable":true,"href":"https:\/\/petitekingdom.com\/lv\/wp-json\/wp\/v2\/product_cat?post=53076"},{"taxonomy":"product_tag","embeddable":true,"href":"https:\/\/petitekingdom.com\/lv\/wp-json\/wp\/v2\/product_tag?post=53076"},{"taxonomy":"product-material","embeddable":true,"href":"https:\/\/petitekingdom.com\/lv\/wp-json\/wp\/v2\/product-material?post=53076"},{"taxonomy":"product-type","embeddable":true,"href":"https:\/\/petitekingdom.com\/lv\/wp-json\/wp\/v2\/product-type?post=53076"},{"taxonomy":"designers","embeddable":true,"href":"https:\/\/petitekingdom.com\/lv\/wp-json\/wp\/v2\/designers?post=53076"}],"curies":[{"name":"wp","href":"https:\/\/api.w.org\/{rel}","templated":true}]}}