{"id":53036,"date":"2024-05-28T13:28:48","date_gmt":"2024-05-28T10:31:49","guid":{"rendered":"https:\/\/petitekingdom.com\/shop\/uncategorized\/burviga-roza-meitenu-kleita-bez-piedurknem\/"},"modified":"2024-05-28T14:55:45","modified_gmt":"2024-05-28T11:55:45","slug":"burviga-roza-meitenu-kleita-bez-piedurknem","status":"publish","type":"product","link":"https:\/\/petitekingdom.com\/lv\/veikals\/burviga-roza-meitenu-kleita-bez-piedurknem\/","title":{"rendered":"Burv\u012bga roz\u0101 meite\u0146u kleita bez piedurkn\u0113m"},"content":{"rendered":"<ul>\n<li>Iek\u0161\u0113jais sl\u0101nis jeb odere izgatavotsa no 100% kokvilnas.<\/li>\n<li>\u0100r\u0113jais audums izgatavots no 100% kokvilnas<\/li>\n<\/ul>\n","protected":false},"excerpt":{"rendered":"<p>\u0160\u012b \u012bs\u0101 meite\u0146u kokvilnas kleita ir neticami \u0113rta, un tai ir neatvair\u0101ms konfektei l\u012bdz\u012bgs izskats. Kleita ir izgatavota no diviem sl\u0101\u0146iem- m\u012bkstas, elpojo\u0161as un iztur\u012bgas kokvilnas auduma k\u0101rt\u0101m. Ar augsto viduk\u013ca v\u012bli t\u0101 ir gais\u012bga kleita, kas rad\u012bta silt\u0101m pavasara un vasaras dien\u0101m.<\/p>\n","protected":false},"featured_media":53033,"template":"","meta":{"_acf_changed":false},"product_cat":[1192,1225,1228,1655,1605,1674],"product_tag":[],"product-material":[],"product-type":[],"designers":[1854],"class_list":{"0":"post-53036","1":"product","2":"type-product","3":"status-publish","4":"has-post-thumbnail","6":"product_cat-meitenes","7":"product_cat-meitenu-kleitas-svarki","8":"product_cat-kleitas-meitenem","9":"product_cat-jaunumi","10":"product_cat-izpardosana","11":"product_cat-sezonas-izpardosana","12":"designers-the-new-lv","14":"first","15":"instock","16":"sale","17":"taxable","18":"shipping-taxable","19":"purchasable","20":"product-type-variable"},"acf":[],"yoast_head":"<!-- This site is optimized with the Yoast SEO Premium plugin v23.7 (Yoast SEO v23.7) - https:\/\/yoast.com\/wordpress\/plugins\/seo\/ -->\n<title>Burv\u012bga roz\u0101 meite\u0146u kleita bez piedurkn\u0113m &#8226; Petite Kingdom<\/title>\n<meta name=\"robots\" content=\"index, follow, max-snippet:-1, max-image-preview:large, max-video-preview:-1\" \/>\n<link rel=\"canonical\" href=\"https:\/\/petitekingdom.com\/lv\/veikals\/burviga-roza-meitenu-kleita-bez-piedurknem\/\" \/>\n<meta property=\"og:locale\" content=\"lv_LV\" \/>\n<meta property=\"og:type\" content=\"article\" \/>\n<meta property=\"og:title\" content=\"Burv\u012bga roz\u0101 meite\u0146u kleita bez piedurkn\u0113m\" \/>\n<meta property=\"og:description\" content=\"\u0160\u012b \u012bs\u0101 meite\u0146u kokvilnas kleita ir neticami \u0113rta, un tai ir neatvair\u0101ms konfektei l\u012bdz\u012bgs izskats. Kleita ir izgatavota no diviem sl\u0101\u0146iem- m\u012bkstas, elpojo\u0161as un iztur\u012bgas kokvilnas auduma k\u0101rt\u0101m. Ar augsto viduk\u013ca v\u012bli t\u0101 ir gais\u012bga kleita, kas rad\u012bta silt\u0101m pavasara un vasaras dien\u0101m.\" \/>\n<meta property=\"og:url\" content=\"https:\/\/petitekingdom.com\/lv\/veikals\/burviga-roza-meitenu-kleita-bez-piedurknem\/\" \/>\n<meta property=\"og:site_name\" content=\"Petite Kingdom\" \/>\n<meta property=\"article:publisher\" content=\"https:\/\/www.facebook.com\/Petite-Kingdom-114272640862559\" \/>\n<meta property=\"article:modified_time\" content=\"2024-05-28T11:55:45+00:00\" \/>\n<meta property=\"og:image\" content=\"https:\/\/petitekingdom.com\/wp-content\/uploads\/2024\/05\/adorable-pink-girls-sleeveless-dress-the-new.jpg\" \/>\n\t<meta property=\"og:image:width\" content=\"1329\" \/>\n\t<meta property=\"og:image:height\" content=\"1920\" \/>\n\t<meta property=\"og:image:type\" content=\"image\/jpeg\" \/>\n<meta name=\"twitter:card\" content=\"summary_large_image\" \/>\n<script type=\"application\/ld+json\" class=\"yoast-schema-graph\">{\"@context\":\"https:\/\/schema.org\",\"@graph\":[{\"@type\":\"WebPage\",\"@id\":\"https:\/\/petitekingdom.com\/lv\/veikals\/burviga-roza-meitenu-kleita-bez-piedurknem\/\",\"url\":\"https:\/\/petitekingdom.com\/lv\/veikals\/burviga-roza-meitenu-kleita-bez-piedurknem\/\",\"name\":\"Burv\u012bga roz\u0101 meite\u0146u kleita bez piedurkn\u0113m &#8226; Petite Kingdom\",\"isPartOf\":{\"@id\":\"https:\/\/petitekingdom.com\/#website\"},\"primaryImageOfPage\":{\"@id\":\"https:\/\/petitekingdom.com\/lv\/veikals\/burviga-roza-meitenu-kleita-bez-piedurknem\/#primaryimage\"},\"image\":{\"@id\":\"https:\/\/petitekingdom.com\/lv\/veikals\/burviga-roza-meitenu-kleita-bez-piedurknem\/#primaryimage\"},\"thumbnailUrl\":\"https:\/\/petitekingdom.com\/wp-content\/uploads\/2024\/05\/adorable-pink-girls-sleeveless-dress-the-new.jpg\",\"datePublished\":\"2024-05-28T10:31:49+00:00\",\"dateModified\":\"2024-05-28T11:55:45+00:00\",\"breadcrumb\":{\"@id\":\"https:\/\/petitekingdom.com\/lv\/veikals\/burviga-roza-meitenu-kleita-bez-piedurknem\/#breadcrumb\"},\"inLanguage\":\"lv-LV\",\"potentialAction\":[{\"@type\":\"ReadAction\",\"target\":[\"https:\/\/petitekingdom.com\/lv\/veikals\/burviga-roza-meitenu-kleita-bez-piedurknem\/\"]}]},{\"@type\":\"ImageObject\",\"inLanguage\":\"lv-LV\",\"@id\":\"https:\/\/petitekingdom.com\/lv\/veikals\/burviga-roza-meitenu-kleita-bez-piedurknem\/#primaryimage\",\"url\":\"https:\/\/petitekingdom.com\/wp-content\/uploads\/2024\/05\/adorable-pink-girls-sleeveless-dress-the-new.jpg\",\"contentUrl\":\"https:\/\/petitekingdom.com\/wp-content\/uploads\/2024\/05\/adorable-pink-girls-sleeveless-dress-the-new.jpg\",\"width\":1329,\"height\":1920,\"caption\":\"Burv\u012bga roz\u0101 meite\u0146u kleita bez piedurkn\u0113m - The New\"},{\"@type\":\"BreadcrumbList\",\"@id\":\"https:\/\/petitekingdom.com\/lv\/veikals\/burviga-roza-meitenu-kleita-bez-piedurknem\/#breadcrumb\",\"itemListElement\":[{\"@type\":\"ListItem\",\"position\":1,\"name\":\"Home\",\"item\":\"https:\/\/petitekingdom.com\/lv\/\"},{\"@type\":\"ListItem\",\"position\":2,\"name\":\"Veikals\",\"item\":\"https:\/\/petitekingdom.com\/lv\/veikals\/\"},{\"@type\":\"ListItem\",\"position\":3,\"name\":\"Burv\u012bga roz\u0101 meite\u0146u kleita bez piedurkn\u0113m\"}]},{\"@type\":\"WebSite\",\"@id\":\"https:\/\/petitekingdom.com\/#website\",\"url\":\"https:\/\/petitekingdom.com\/\",\"name\":\"Petite Kingdom\",\"description\":\"B\u0113rnu izt\u0113lei nav robe\u017eu\",\"publisher\":{\"@id\":\"https:\/\/petitekingdom.com\/#organization\"},\"potentialAction\":[{\"@type\":\"SearchAction\",\"target\":{\"@type\":\"EntryPoint\",\"urlTemplate\":\"https:\/\/petitekingdom.com\/?s={search_term_string}\"},\"query-input\":{\"@type\":\"PropertyValueSpecification\",\"valueRequired\":true,\"valueName\":\"search_term_string\"}}],\"inLanguage\":\"lv-LV\"},{\"@type\":\"Organization\",\"@id\":\"https:\/\/petitekingdom.com\/#organization\",\"name\":\"Petite Kingdom\",\"url\":\"https:\/\/petitekingdom.com\/\",\"logo\":{\"@type\":\"ImageObject\",\"inLanguage\":\"lv-LV\",\"@id\":\"https:\/\/petitekingdom.com\/#\/schema\/logo\/image\/\",\"url\":\"https:\/\/petitekingdom.com\/wp-content\/uploads\/2021\/04\/PT_logo_blackPNG.png\",\"contentUrl\":\"https:\/\/petitekingdom.com\/wp-content\/uploads\/2021\/04\/PT_logo_blackPNG.png\",\"width\":1158,\"height\":500,\"caption\":\"Petite Kingdom\"},\"image\":{\"@id\":\"https:\/\/petitekingdom.com\/#\/schema\/logo\/image\/\"},\"sameAs\":[\"https:\/\/www.facebook.com\/Petite-Kingdom-114272640862559\",\"https:\/\/www.instagram.com\/petite_kingdom\/\"]}]}<\/script>\n<!-- \/ Yoast SEO Premium plugin. -->","yoast_head_json":{"title":"Burv\u012bga roz\u0101 meite\u0146u kleita bez piedurkn\u0113m &#8226; Petite Kingdom","robots":{"index":"index","follow":"follow","max-snippet":"max-snippet:-1","max-image-preview":"max-image-preview:large","max-video-preview":"max-video-preview:-1"},"canonical":"https:\/\/petitekingdom.com\/lv\/veikals\/burviga-roza-meitenu-kleita-bez-piedurknem\/","og_locale":"lv_LV","og_type":"article","og_title":"Burv\u012bga roz\u0101 meite\u0146u kleita bez piedurkn\u0113m","og_description":"\u0160\u012b \u012bs\u0101 meite\u0146u kokvilnas kleita ir neticami \u0113rta, un tai ir neatvair\u0101ms konfektei l\u012bdz\u012bgs izskats. Kleita ir izgatavota no diviem sl\u0101\u0146iem- m\u012bkstas, elpojo\u0161as un iztur\u012bgas kokvilnas auduma k\u0101rt\u0101m. Ar augsto viduk\u013ca v\u012bli t\u0101 ir gais\u012bga kleita, kas rad\u012bta silt\u0101m pavasara un vasaras dien\u0101m.","og_url":"https:\/\/petitekingdom.com\/lv\/veikals\/burviga-roza-meitenu-kleita-bez-piedurknem\/","og_site_name":"Petite Kingdom","article_publisher":"https:\/\/www.facebook.com\/Petite-Kingdom-114272640862559","article_modified_time":"2024-05-28T11:55:45+00:00","og_image":[{"width":1329,"height":1920,"url":"https:\/\/petitekingdom.com\/wp-content\/uploads\/2024\/05\/adorable-pink-girls-sleeveless-dress-the-new.jpg","type":"image\/jpeg"}],"twitter_card":"summary_large_image","schema":{"@context":"https:\/\/schema.org","@graph":[{"@type":"WebPage","@id":"https:\/\/petitekingdom.com\/lv\/veikals\/burviga-roza-meitenu-kleita-bez-piedurknem\/","url":"https:\/\/petitekingdom.com\/lv\/veikals\/burviga-roza-meitenu-kleita-bez-piedurknem\/","name":"Burv\u012bga roz\u0101 meite\u0146u kleita bez piedurkn\u0113m &#8226; Petite Kingdom","isPartOf":{"@id":"https:\/\/petitekingdom.com\/#website"},"primaryImageOfPage":{"@id":"https:\/\/petitekingdom.com\/lv\/veikals\/burviga-roza-meitenu-kleita-bez-piedurknem\/#primaryimage"},"image":{"@id":"https:\/\/petitekingdom.com\/lv\/veikals\/burviga-roza-meitenu-kleita-bez-piedurknem\/#primaryimage"},"thumbnailUrl":"https:\/\/petitekingdom.com\/wp-content\/uploads\/2024\/05\/adorable-pink-girls-sleeveless-dress-the-new.jpg","datePublished":"2024-05-28T10:31:49+00:00","dateModified":"2024-05-28T11:55:45+00:00","breadcrumb":{"@id":"https:\/\/petitekingdom.com\/lv\/veikals\/burviga-roza-meitenu-kleita-bez-piedurknem\/#breadcrumb"},"inLanguage":"lv-LV","potentialAction":[{"@type":"ReadAction","target":["https:\/\/petitekingdom.com\/lv\/veikals\/burviga-roza-meitenu-kleita-bez-piedurknem\/"]}]},{"@type":"ImageObject","inLanguage":"lv-LV","@id":"https:\/\/petitekingdom.com\/lv\/veikals\/burviga-roza-meitenu-kleita-bez-piedurknem\/#primaryimage","url":"https:\/\/petitekingdom.com\/wp-content\/uploads\/2024\/05\/adorable-pink-girls-sleeveless-dress-the-new.jpg","contentUrl":"https:\/\/petitekingdom.com\/wp-content\/uploads\/2024\/05\/adorable-pink-girls-sleeveless-dress-the-new.jpg","width":1329,"height":1920,"caption":"Burv\u012bga roz\u0101 meite\u0146u kleita bez piedurkn\u0113m - The New"},{"@type":"BreadcrumbList","@id":"https:\/\/petitekingdom.com\/lv\/veikals\/burviga-roza-meitenu-kleita-bez-piedurknem\/#breadcrumb","itemListElement":[{"@type":"ListItem","position":1,"name":"Home","item":"https:\/\/petitekingdom.com\/lv\/"},{"@type":"ListItem","position":2,"name":"Veikals","item":"https:\/\/petitekingdom.com\/lv\/veikals\/"},{"@type":"ListItem","position":3,"name":"Burv\u012bga roz\u0101 meite\u0146u kleita bez piedurkn\u0113m"}]},{"@type":"WebSite","@id":"https:\/\/petitekingdom.com\/#website","url":"https:\/\/petitekingdom.com\/","name":"Petite Kingdom","description":"B\u0113rnu izt\u0113lei nav robe\u017eu","publisher":{"@id":"https:\/\/petitekingdom.com\/#organization"},"potentialAction":[{"@type":"SearchAction","target":{"@type":"EntryPoint","urlTemplate":"https:\/\/petitekingdom.com\/?s={search_term_string}"},"query-input":{"@type":"PropertyValueSpecification","valueRequired":true,"valueName":"search_term_string"}}],"inLanguage":"lv-LV"},{"@type":"Organization","@id":"https:\/\/petitekingdom.com\/#organization","name":"Petite Kingdom","url":"https:\/\/petitekingdom.com\/","logo":{"@type":"ImageObject","inLanguage":"lv-LV","@id":"https:\/\/petitekingdom.com\/#\/schema\/logo\/image\/","url":"https:\/\/petitekingdom.com\/wp-content\/uploads\/2021\/04\/PT_logo_blackPNG.png","contentUrl":"https:\/\/petitekingdom.com\/wp-content\/uploads\/2021\/04\/PT_logo_blackPNG.png","width":1158,"height":500,"caption":"Petite Kingdom"},"image":{"@id":"https:\/\/petitekingdom.com\/#\/schema\/logo\/image\/"},"sameAs":["https:\/\/www.facebook.com\/Petite-Kingdom-114272640862559","https:\/\/www.instagram.com\/petite_kingdom\/"]}]}},"_links":{"self":[{"href":"https:\/\/petitekingdom.com\/lv\/wp-json\/wp\/v2\/product\/53036"}],"collection":[{"href":"https:\/\/petitekingdom.com\/lv\/wp-json\/wp\/v2\/product"}],"about":[{"href":"https:\/\/petitekingdom.com\/lv\/wp-json\/wp\/v2\/types\/product"}],"wp:featuredmedia":[{"embeddable":true,"href":"https:\/\/petitekingdom.com\/lv\/wp-json\/wp\/v2\/media\/53033"}],"wp:attachment":[{"href":"https:\/\/petitekingdom.com\/lv\/wp-json\/wp\/v2\/media?parent=53036"}],"wp:term":[{"taxonomy":"product_cat","embeddable":true,"href":"https:\/\/petitekingdom.com\/lv\/wp-json\/wp\/v2\/product_cat?post=53036"},{"taxonomy":"product_tag","embeddable":true,"href":"https:\/\/petitekingdom.com\/lv\/wp-json\/wp\/v2\/product_tag?post=53036"},{"taxonomy":"product-material","embeddable":true,"href":"https:\/\/petitekingdom.com\/lv\/wp-json\/wp\/v2\/product-material?post=53036"},{"taxonomy":"product-type","embeddable":true,"href":"https:\/\/petitekingdom.com\/lv\/wp-json\/wp\/v2\/product-type?post=53036"},{"taxonomy":"designers","embeddable":true,"href":"https:\/\/petitekingdom.com\/lv\/wp-json\/wp\/v2\/designers?post=53036"}],"curies":[{"name":"wp","href":"https:\/\/api.w.org\/{rel}","templated":true}]}}