{"id":51350,"date":"2023-11-15T13:25:58","date_gmt":"2023-11-15T11:56:21","guid":{"rendered":"https:\/\/petitekingdom.com\/shop\/uncategorized\/sarkani-roza-kleita-meitenem\/"},"modified":"2023-11-15T14:22:38","modified_gmt":"2023-11-15T12:22:38","slug":"sarkani-roza-kleita-meitenem","status":"publish","type":"product","link":"https:\/\/petitekingdom.com\/lv\/veikals\/sarkani-roza-kleita-meitenem\/","title":{"rendered":"Sarkani roz\u0101 kleita meiten\u0113m"},"content":{"rendered":"<ul>\n<li>85% Organisk\u0101 kokvilna 15% Poliesters<\/li>\n<li>Mazg\u0101t 30 gr\u0101dos<\/li>\n<\/ul>\n","protected":false},"excerpt":{"rendered":"<p>\u0160\u012b ir jauka d\u0101\u0146u z\u012bmola The New sporta kleita ar kr\u0101su blokiem un mier\u012bg\u0101m noska\u0146\u0101m. The New kleita k\u0101 \u0161\u012b pied\u0101v\u0101 m\u0101j\u012bgu un modernu ap\u0123\u0113rbu aukst\u0101 laika sezonai. Viegli var savilkt ar z\u0101bakiem un biks\u0113m.<\/p>\n","protected":false},"featured_media":51343,"template":"","meta":{"_acf_changed":false},"product_cat":[1192,1674,1655,1228,1225,1605,1607],"product_tag":[],"product-material":[],"product-type":[],"designers":[1854],"class_list":{"0":"post-51350","1":"product","2":"type-product","3":"status-publish","4":"has-post-thumbnail","6":"product_cat-meitenes","7":"product_cat-sezonas-izpardosana","8":"product_cat-jaunumi","9":"product_cat-kleitas-meitenem","10":"product_cat-meitenu-kleitas-svarki","11":"product_cat-izpardosana","12":"product_cat-outlets","13":"designers-the-new-lv","15":"first","16":"instock","17":"sale","18":"taxable","19":"shipping-taxable","20":"purchasable","21":"product-type-variable"},"acf":[],"yoast_head":"<!-- This site is optimized with the Yoast SEO Premium plugin v23.7 (Yoast SEO v23.7) - https:\/\/yoast.com\/wordpress\/plugins\/seo\/ -->\n<title>Sarkani roz\u0101 kleita meiten\u0113m &#8226; Petite Kingdom<\/title>\n<meta name=\"robots\" content=\"index, follow, max-snippet:-1, max-image-preview:large, max-video-preview:-1\" \/>\n<link rel=\"canonical\" href=\"https:\/\/petitekingdom.com\/lv\/veikals\/sarkani-roza-kleita-meitenem\/\" \/>\n<meta property=\"og:locale\" content=\"lv_LV\" \/>\n<meta property=\"og:type\" content=\"article\" \/>\n<meta property=\"og:title\" content=\"Sarkani roz\u0101 kleita meiten\u0113m\" \/>\n<meta property=\"og:description\" content=\"\u0160\u012b ir jauka d\u0101\u0146u z\u012bmola The New sporta kleita ar kr\u0101su blokiem un mier\u012bg\u0101m noska\u0146\u0101m. The New kleita k\u0101 \u0161\u012b pied\u0101v\u0101 m\u0101j\u012bgu un modernu ap\u0123\u0113rbu aukst\u0101 laika sezonai. Viegli var savilkt ar z\u0101bakiem un biks\u0113m.\" \/>\n<meta property=\"og:url\" content=\"https:\/\/petitekingdom.com\/lv\/veikals\/sarkani-roza-kleita-meitenem\/\" \/>\n<meta property=\"og:site_name\" content=\"Petite Kingdom\" \/>\n<meta property=\"article:publisher\" content=\"https:\/\/www.facebook.com\/Petite-Kingdom-114272640862559\" \/>\n<meta property=\"article:modified_time\" content=\"2023-11-15T12:22:38+00:00\" \/>\n<meta property=\"og:image\" content=\"https:\/\/petitekingdom.com\/wp-content\/uploads\/2023\/11\/girls-red-wit-pink-sweat-dress-the-new.jpg\" \/>\n\t<meta property=\"og:image:width\" content=\"1329\" \/>\n\t<meta property=\"og:image:height\" content=\"1920\" \/>\n\t<meta property=\"og:image:type\" content=\"image\/jpeg\" \/>\n<meta name=\"twitter:card\" content=\"summary_large_image\" \/>\n<script type=\"application\/ld+json\" class=\"yoast-schema-graph\">{\"@context\":\"https:\/\/schema.org\",\"@graph\":[{\"@type\":\"WebPage\",\"@id\":\"https:\/\/petitekingdom.com\/lv\/veikals\/sarkani-roza-kleita-meitenem\/\",\"url\":\"https:\/\/petitekingdom.com\/lv\/veikals\/sarkani-roza-kleita-meitenem\/\",\"name\":\"Sarkani roz\u0101 kleita meiten\u0113m &#8226; Petite Kingdom\",\"isPartOf\":{\"@id\":\"https:\/\/petitekingdom.com\/#website\"},\"primaryImageOfPage\":{\"@id\":\"https:\/\/petitekingdom.com\/lv\/veikals\/sarkani-roza-kleita-meitenem\/#primaryimage\"},\"image\":{\"@id\":\"https:\/\/petitekingdom.com\/lv\/veikals\/sarkani-roza-kleita-meitenem\/#primaryimage\"},\"thumbnailUrl\":\"https:\/\/petitekingdom.com\/wp-content\/uploads\/2023\/11\/girls-red-wit-pink-sweat-dress-the-new.jpg\",\"datePublished\":\"2023-11-15T11:56:21+00:00\",\"dateModified\":\"2023-11-15T12:22:38+00:00\",\"breadcrumb\":{\"@id\":\"https:\/\/petitekingdom.com\/lv\/veikals\/sarkani-roza-kleita-meitenem\/#breadcrumb\"},\"inLanguage\":\"lv-LV\",\"potentialAction\":[{\"@type\":\"ReadAction\",\"target\":[\"https:\/\/petitekingdom.com\/lv\/veikals\/sarkani-roza-kleita-meitenem\/\"]}]},{\"@type\":\"ImageObject\",\"inLanguage\":\"lv-LV\",\"@id\":\"https:\/\/petitekingdom.com\/lv\/veikals\/sarkani-roza-kleita-meitenem\/#primaryimage\",\"url\":\"https:\/\/petitekingdom.com\/wp-content\/uploads\/2023\/11\/girls-red-wit-pink-sweat-dress-the-new.jpg\",\"contentUrl\":\"https:\/\/petitekingdom.com\/wp-content\/uploads\/2023\/11\/girls-red-wit-pink-sweat-dress-the-new.jpg\",\"width\":1329,\"height\":1920,\"caption\":\"Sarkani roz\u0101 kleita meiten\u0113m - The New\"},{\"@type\":\"BreadcrumbList\",\"@id\":\"https:\/\/petitekingdom.com\/lv\/veikals\/sarkani-roza-kleita-meitenem\/#breadcrumb\",\"itemListElement\":[{\"@type\":\"ListItem\",\"position\":1,\"name\":\"Home\",\"item\":\"https:\/\/petitekingdom.com\/lv\/\"},{\"@type\":\"ListItem\",\"position\":2,\"name\":\"Veikals\",\"item\":\"https:\/\/petitekingdom.com\/lv\/veikals\/\"},{\"@type\":\"ListItem\",\"position\":3,\"name\":\"Sarkani roz\u0101 kleita meiten\u0113m\"}]},{\"@type\":\"WebSite\",\"@id\":\"https:\/\/petitekingdom.com\/#website\",\"url\":\"https:\/\/petitekingdom.com\/\",\"name\":\"Petite Kingdom\",\"description\":\"B\u0113rnu izt\u0113lei nav robe\u017eu\",\"publisher\":{\"@id\":\"https:\/\/petitekingdom.com\/#organization\"},\"potentialAction\":[{\"@type\":\"SearchAction\",\"target\":{\"@type\":\"EntryPoint\",\"urlTemplate\":\"https:\/\/petitekingdom.com\/?s={search_term_string}\"},\"query-input\":{\"@type\":\"PropertyValueSpecification\",\"valueRequired\":true,\"valueName\":\"search_term_string\"}}],\"inLanguage\":\"lv-LV\"},{\"@type\":\"Organization\",\"@id\":\"https:\/\/petitekingdom.com\/#organization\",\"name\":\"Petite Kingdom\",\"url\":\"https:\/\/petitekingdom.com\/\",\"logo\":{\"@type\":\"ImageObject\",\"inLanguage\":\"lv-LV\",\"@id\":\"https:\/\/petitekingdom.com\/#\/schema\/logo\/image\/\",\"url\":\"https:\/\/petitekingdom.com\/wp-content\/uploads\/2021\/04\/PT_logo_blackPNG.png\",\"contentUrl\":\"https:\/\/petitekingdom.com\/wp-content\/uploads\/2021\/04\/PT_logo_blackPNG.png\",\"width\":1158,\"height\":500,\"caption\":\"Petite Kingdom\"},\"image\":{\"@id\":\"https:\/\/petitekingdom.com\/#\/schema\/logo\/image\/\"},\"sameAs\":[\"https:\/\/www.facebook.com\/Petite-Kingdom-114272640862559\",\"https:\/\/www.instagram.com\/petite_kingdom\/\"]}]}<\/script>\n<!-- \/ Yoast SEO Premium plugin. -->","yoast_head_json":{"title":"Sarkani roz\u0101 kleita meiten\u0113m &#8226; Petite Kingdom","robots":{"index":"index","follow":"follow","max-snippet":"max-snippet:-1","max-image-preview":"max-image-preview:large","max-video-preview":"max-video-preview:-1"},"canonical":"https:\/\/petitekingdom.com\/lv\/veikals\/sarkani-roza-kleita-meitenem\/","og_locale":"lv_LV","og_type":"article","og_title":"Sarkani roz\u0101 kleita meiten\u0113m","og_description":"\u0160\u012b ir jauka d\u0101\u0146u z\u012bmola The New sporta kleita ar kr\u0101su blokiem un mier\u012bg\u0101m noska\u0146\u0101m. The New kleita k\u0101 \u0161\u012b pied\u0101v\u0101 m\u0101j\u012bgu un modernu ap\u0123\u0113rbu aukst\u0101 laika sezonai. Viegli var savilkt ar z\u0101bakiem un biks\u0113m.","og_url":"https:\/\/petitekingdom.com\/lv\/veikals\/sarkani-roza-kleita-meitenem\/","og_site_name":"Petite Kingdom","article_publisher":"https:\/\/www.facebook.com\/Petite-Kingdom-114272640862559","article_modified_time":"2023-11-15T12:22:38+00:00","og_image":[{"width":1329,"height":1920,"url":"https:\/\/petitekingdom.com\/wp-content\/uploads\/2023\/11\/girls-red-wit-pink-sweat-dress-the-new.jpg","type":"image\/jpeg"}],"twitter_card":"summary_large_image","schema":{"@context":"https:\/\/schema.org","@graph":[{"@type":"WebPage","@id":"https:\/\/petitekingdom.com\/lv\/veikals\/sarkani-roza-kleita-meitenem\/","url":"https:\/\/petitekingdom.com\/lv\/veikals\/sarkani-roza-kleita-meitenem\/","name":"Sarkani roz\u0101 kleita meiten\u0113m &#8226; Petite Kingdom","isPartOf":{"@id":"https:\/\/petitekingdom.com\/#website"},"primaryImageOfPage":{"@id":"https:\/\/petitekingdom.com\/lv\/veikals\/sarkani-roza-kleita-meitenem\/#primaryimage"},"image":{"@id":"https:\/\/petitekingdom.com\/lv\/veikals\/sarkani-roza-kleita-meitenem\/#primaryimage"},"thumbnailUrl":"https:\/\/petitekingdom.com\/wp-content\/uploads\/2023\/11\/girls-red-wit-pink-sweat-dress-the-new.jpg","datePublished":"2023-11-15T11:56:21+00:00","dateModified":"2023-11-15T12:22:38+00:00","breadcrumb":{"@id":"https:\/\/petitekingdom.com\/lv\/veikals\/sarkani-roza-kleita-meitenem\/#breadcrumb"},"inLanguage":"lv-LV","potentialAction":[{"@type":"ReadAction","target":["https:\/\/petitekingdom.com\/lv\/veikals\/sarkani-roza-kleita-meitenem\/"]}]},{"@type":"ImageObject","inLanguage":"lv-LV","@id":"https:\/\/petitekingdom.com\/lv\/veikals\/sarkani-roza-kleita-meitenem\/#primaryimage","url":"https:\/\/petitekingdom.com\/wp-content\/uploads\/2023\/11\/girls-red-wit-pink-sweat-dress-the-new.jpg","contentUrl":"https:\/\/petitekingdom.com\/wp-content\/uploads\/2023\/11\/girls-red-wit-pink-sweat-dress-the-new.jpg","width":1329,"height":1920,"caption":"Sarkani roz\u0101 kleita meiten\u0113m - The New"},{"@type":"BreadcrumbList","@id":"https:\/\/petitekingdom.com\/lv\/veikals\/sarkani-roza-kleita-meitenem\/#breadcrumb","itemListElement":[{"@type":"ListItem","position":1,"name":"Home","item":"https:\/\/petitekingdom.com\/lv\/"},{"@type":"ListItem","position":2,"name":"Veikals","item":"https:\/\/petitekingdom.com\/lv\/veikals\/"},{"@type":"ListItem","position":3,"name":"Sarkani roz\u0101 kleita meiten\u0113m"}]},{"@type":"WebSite","@id":"https:\/\/petitekingdom.com\/#website","url":"https:\/\/petitekingdom.com\/","name":"Petite Kingdom","description":"B\u0113rnu izt\u0113lei nav robe\u017eu","publisher":{"@id":"https:\/\/petitekingdom.com\/#organization"},"potentialAction":[{"@type":"SearchAction","target":{"@type":"EntryPoint","urlTemplate":"https:\/\/petitekingdom.com\/?s={search_term_string}"},"query-input":{"@type":"PropertyValueSpecification","valueRequired":true,"valueName":"search_term_string"}}],"inLanguage":"lv-LV"},{"@type":"Organization","@id":"https:\/\/petitekingdom.com\/#organization","name":"Petite Kingdom","url":"https:\/\/petitekingdom.com\/","logo":{"@type":"ImageObject","inLanguage":"lv-LV","@id":"https:\/\/petitekingdom.com\/#\/schema\/logo\/image\/","url":"https:\/\/petitekingdom.com\/wp-content\/uploads\/2021\/04\/PT_logo_blackPNG.png","contentUrl":"https:\/\/petitekingdom.com\/wp-content\/uploads\/2021\/04\/PT_logo_blackPNG.png","width":1158,"height":500,"caption":"Petite Kingdom"},"image":{"@id":"https:\/\/petitekingdom.com\/#\/schema\/logo\/image\/"},"sameAs":["https:\/\/www.facebook.com\/Petite-Kingdom-114272640862559","https:\/\/www.instagram.com\/petite_kingdom\/"]}]}},"_links":{"self":[{"href":"https:\/\/petitekingdom.com\/lv\/wp-json\/wp\/v2\/product\/51350"}],"collection":[{"href":"https:\/\/petitekingdom.com\/lv\/wp-json\/wp\/v2\/product"}],"about":[{"href":"https:\/\/petitekingdom.com\/lv\/wp-json\/wp\/v2\/types\/product"}],"wp:featuredmedia":[{"embeddable":true,"href":"https:\/\/petitekingdom.com\/lv\/wp-json\/wp\/v2\/media\/51343"}],"wp:attachment":[{"href":"https:\/\/petitekingdom.com\/lv\/wp-json\/wp\/v2\/media?parent=51350"}],"wp:term":[{"taxonomy":"product_cat","embeddable":true,"href":"https:\/\/petitekingdom.com\/lv\/wp-json\/wp\/v2\/product_cat?post=51350"},{"taxonomy":"product_tag","embeddable":true,"href":"https:\/\/petitekingdom.com\/lv\/wp-json\/wp\/v2\/product_tag?post=51350"},{"taxonomy":"product-material","embeddable":true,"href":"https:\/\/petitekingdom.com\/lv\/wp-json\/wp\/v2\/product-material?post=51350"},{"taxonomy":"product-type","embeddable":true,"href":"https:\/\/petitekingdom.com\/lv\/wp-json\/wp\/v2\/product-type?post=51350"},{"taxonomy":"designers","embeddable":true,"href":"https:\/\/petitekingdom.com\/lv\/wp-json\/wp\/v2\/designers?post=51350"}],"curies":[{"name":"wp","href":"https:\/\/api.w.org\/{rel}","templated":true}]}}