{"id":50967,"date":"2023-10-25T18:02:20","date_gmt":"2023-10-25T15:06:03","guid":{"rendered":"https:\/\/petitekingdom.com\/shop\/uncategorized\/zala-kokvilnas-jacina-meitenem\/"},"modified":"2023-10-26T15:18:17","modified_gmt":"2023-10-26T12:18:17","slug":"zala-kokvilnas-jacina-meitenem","status":"publish","type":"product","link":"https:\/\/petitekingdom.com\/lv\/veikals\/zala-kokvilnas-jacina-meitenem\/","title":{"rendered":"Za\u013ca kokvilnas jaci\u0146a meiten\u0113m"},"content":{"rendered":"<ul>\n<li>100% Kokvilna<\/li>\n<li>Mazg\u0101t 30 gr\u0101dos<\/li>\n<li>It\u0101lijas dizains<\/li>\n<li>Ra\u017eots Rom\u0101nij\u0101<\/li>\n<\/ul>\n","protected":false},"excerpt":{"rendered":"<p>Iepaz\u012bstin\u0101m ar za\u013cu meite\u0146u kokvilnas jaku no z\u012bmola Everything Must Change. Izgatavots no 100% kokvilnas, \u0161\u012b it\u0101\u013cu z\u012bmola jaka ir lieliski piem\u0113rota aukst\u0101kam laikam. Daudzpus\u012bga un stil\u012bga, viegli ir savelkama ar d\u017einsiem vai sv\u0101rkiem, padarot to par oblig\u0101tu ap\u0123\u0113rba gabalu ikvienai modes cien\u012bgai meitenei. Lai ir silti un eleganti ar \u0161o viegli valk\u0101jamo jaci\u0146u.<\/p>\n","protected":false},"featured_media":50966,"template":"","meta":{"_acf_changed":false},"product_cat":[1192,1205,1206,1655,1605,1607,1674],"product_tag":[],"product-material":[],"product-type":[],"designers":[1895],"class_list":{"0":"post-50967","1":"product","2":"type-product","3":"status-publish","4":"has-post-thumbnail","6":"product_cat-meitenes","7":"product_cat-meitenu-dzemperi-jakas","8":"product_cat-meitenu-jakas","9":"product_cat-jaunumi","10":"product_cat-izpardosana","11":"product_cat-outlets","12":"product_cat-sezonas-izpardosana","13":"designers-everything-must-change-lv","15":"first","16":"instock","17":"sale","18":"taxable","19":"shipping-taxable","20":"purchasable","21":"product-type-variable"},"acf":[],"yoast_head":"<!-- This site is optimized with the Yoast SEO Premium plugin v23.7 (Yoast SEO v23.7) - https:\/\/yoast.com\/wordpress\/plugins\/seo\/ -->\n<title>Za\u013ca kokvilnas jaci\u0146a meiten\u0113m &#8226; Petite Kingdom<\/title>\n<meta name=\"robots\" content=\"index, follow, max-snippet:-1, max-image-preview:large, max-video-preview:-1\" \/>\n<link rel=\"canonical\" href=\"https:\/\/petitekingdom.com\/shop\/green-girls-cotton-cardigan\/\" \/>\n<meta property=\"og:locale\" content=\"lv_LV\" \/>\n<meta property=\"og:type\" content=\"article\" \/>\n<meta property=\"og:title\" content=\"Za\u013ca kokvilnas jaci\u0146a meiten\u0113m\" \/>\n<meta property=\"og:description\" content=\"Iepaz\u012bstin\u0101m ar za\u013cu meite\u0146u kokvilnas jaku no z\u012bmola Everything Must Change. Izgatavots no 100% kokvilnas, \u0161\u012b it\u0101\u013cu z\u012bmola jaka ir lieliski piem\u0113rota aukst\u0101kam laikam. Daudzpus\u012bga un stil\u012bga, viegli ir savelkama ar d\u017einsiem vai sv\u0101rkiem, padarot to par oblig\u0101tu ap\u0123\u0113rba gabalu ikvienai modes cien\u012bgai meitenei. Lai ir silti un eleganti ar \u0161o viegli valk\u0101jamo jaci\u0146u.\" \/>\n<meta property=\"og:url\" content=\"https:\/\/petitekingdom.com\/shop\/green-girls-cotton-cardigan\/\" \/>\n<meta property=\"og:site_name\" content=\"Petite Kingdom\" \/>\n<meta property=\"article:publisher\" content=\"https:\/\/www.facebook.com\/Petite-Kingdom-114272640862559\" \/>\n<meta property=\"article:modified_time\" content=\"2023-10-26T12:18:17+00:00\" \/>\n<meta property=\"og:image\" content=\"https:\/\/petitekingdom.com\/wp-content\/uploads\/2023\/10\/green-girls-cotton-cardigan-everything-must-change.jpg\" \/>\n\t<meta property=\"og:image:width\" content=\"1832\" \/>\n\t<meta property=\"og:image:height\" content=\"1920\" \/>\n\t<meta property=\"og:image:type\" content=\"image\/jpeg\" \/>\n<meta name=\"twitter:card\" content=\"summary_large_image\" \/>\n<script type=\"application\/ld+json\" class=\"yoast-schema-graph\">{\"@context\":\"https:\/\/schema.org\",\"@graph\":[{\"@type\":\"WebPage\",\"@id\":\"https:\/\/petitekingdom.com\/shop\/green-girls-cotton-cardigan\/\",\"url\":\"https:\/\/petitekingdom.com\/shop\/green-girls-cotton-cardigan\/\",\"name\":\"Za\u013ca kokvilnas jaci\u0146a meiten\u0113m &#8226; Petite Kingdom\",\"isPartOf\":{\"@id\":\"https:\/\/petitekingdom.com\/#website\"},\"primaryImageOfPage\":{\"@id\":\"https:\/\/petitekingdom.com\/shop\/green-girls-cotton-cardigan\/#primaryimage\"},\"image\":{\"@id\":\"https:\/\/petitekingdom.com\/shop\/green-girls-cotton-cardigan\/#primaryimage\"},\"thumbnailUrl\":\"https:\/\/petitekingdom.com\/wp-content\/uploads\/2023\/10\/green-girls-cotton-cardigan-everything-must-change.jpg\",\"datePublished\":\"2023-10-25T15:06:03+00:00\",\"dateModified\":\"2023-10-26T12:18:17+00:00\",\"breadcrumb\":{\"@id\":\"https:\/\/petitekingdom.com\/shop\/green-girls-cotton-cardigan\/#breadcrumb\"},\"inLanguage\":\"lv-LV\",\"potentialAction\":[{\"@type\":\"ReadAction\",\"target\":[\"https:\/\/petitekingdom.com\/shop\/green-girls-cotton-cardigan\/\"]}]},{\"@type\":\"ImageObject\",\"inLanguage\":\"lv-LV\",\"@id\":\"https:\/\/petitekingdom.com\/shop\/green-girls-cotton-cardigan\/#primaryimage\",\"url\":\"https:\/\/petitekingdom.com\/wp-content\/uploads\/2023\/10\/green-girls-cotton-cardigan-everything-must-change.jpg\",\"contentUrl\":\"https:\/\/petitekingdom.com\/wp-content\/uploads\/2023\/10\/green-girls-cotton-cardigan-everything-must-change.jpg\",\"width\":1832,\"height\":1920,\"caption\":\"Za\u013ca kokvilnas jaci\u0146a meiten\u0113m - Everything Must Change\"},{\"@type\":\"BreadcrumbList\",\"@id\":\"https:\/\/petitekingdom.com\/shop\/green-girls-cotton-cardigan\/#breadcrumb\",\"itemListElement\":[{\"@type\":\"ListItem\",\"position\":1,\"name\":\"Home\",\"item\":\"https:\/\/petitekingdom.com\/lv\/\"},{\"@type\":\"ListItem\",\"position\":2,\"name\":\"Veikals\",\"item\":\"https:\/\/petitekingdom.com\/lv\/veikals\/\"},{\"@type\":\"ListItem\",\"position\":3,\"name\":\"Za\u013ca kokvilnas jaci\u0146a meiten\u0113m\"}]},{\"@type\":\"WebSite\",\"@id\":\"https:\/\/petitekingdom.com\/#website\",\"url\":\"https:\/\/petitekingdom.com\/\",\"name\":\"Petite Kingdom\",\"description\":\"B\u0113rnu izt\u0113lei nav robe\u017eu\",\"publisher\":{\"@id\":\"https:\/\/petitekingdom.com\/#organization\"},\"potentialAction\":[{\"@type\":\"SearchAction\",\"target\":{\"@type\":\"EntryPoint\",\"urlTemplate\":\"https:\/\/petitekingdom.com\/?s={search_term_string}\"},\"query-input\":{\"@type\":\"PropertyValueSpecification\",\"valueRequired\":true,\"valueName\":\"search_term_string\"}}],\"inLanguage\":\"lv-LV\"},{\"@type\":\"Organization\",\"@id\":\"https:\/\/petitekingdom.com\/#organization\",\"name\":\"Petite Kingdom\",\"url\":\"https:\/\/petitekingdom.com\/\",\"logo\":{\"@type\":\"ImageObject\",\"inLanguage\":\"lv-LV\",\"@id\":\"https:\/\/petitekingdom.com\/#\/schema\/logo\/image\/\",\"url\":\"https:\/\/petitekingdom.com\/wp-content\/uploads\/2021\/04\/PT_logo_blackPNG.png\",\"contentUrl\":\"https:\/\/petitekingdom.com\/wp-content\/uploads\/2021\/04\/PT_logo_blackPNG.png\",\"width\":1158,\"height\":500,\"caption\":\"Petite Kingdom\"},\"image\":{\"@id\":\"https:\/\/petitekingdom.com\/#\/schema\/logo\/image\/\"},\"sameAs\":[\"https:\/\/www.facebook.com\/Petite-Kingdom-114272640862559\",\"https:\/\/www.instagram.com\/petite_kingdom\/\"]}]}<\/script>\n<!-- \/ Yoast SEO Premium plugin. -->","yoast_head_json":{"title":"Za\u013ca kokvilnas jaci\u0146a meiten\u0113m &#8226; Petite Kingdom","robots":{"index":"index","follow":"follow","max-snippet":"max-snippet:-1","max-image-preview":"max-image-preview:large","max-video-preview":"max-video-preview:-1"},"canonical":"https:\/\/petitekingdom.com\/shop\/green-girls-cotton-cardigan\/","og_locale":"lv_LV","og_type":"article","og_title":"Za\u013ca kokvilnas jaci\u0146a meiten\u0113m","og_description":"Iepaz\u012bstin\u0101m ar za\u013cu meite\u0146u kokvilnas jaku no z\u012bmola Everything Must Change. Izgatavots no 100% kokvilnas, \u0161\u012b it\u0101\u013cu z\u012bmola jaka ir lieliski piem\u0113rota aukst\u0101kam laikam. Daudzpus\u012bga un stil\u012bga, viegli ir savelkama ar d\u017einsiem vai sv\u0101rkiem, padarot to par oblig\u0101tu ap\u0123\u0113rba gabalu ikvienai modes cien\u012bgai meitenei. Lai ir silti un eleganti ar \u0161o viegli valk\u0101jamo jaci\u0146u.","og_url":"https:\/\/petitekingdom.com\/shop\/green-girls-cotton-cardigan\/","og_site_name":"Petite Kingdom","article_publisher":"https:\/\/www.facebook.com\/Petite-Kingdom-114272640862559","article_modified_time":"2023-10-26T12:18:17+00:00","og_image":[{"width":1832,"height":1920,"url":"https:\/\/petitekingdom.com\/wp-content\/uploads\/2023\/10\/green-girls-cotton-cardigan-everything-must-change.jpg","type":"image\/jpeg"}],"twitter_card":"summary_large_image","schema":{"@context":"https:\/\/schema.org","@graph":[{"@type":"WebPage","@id":"https:\/\/petitekingdom.com\/shop\/green-girls-cotton-cardigan\/","url":"https:\/\/petitekingdom.com\/shop\/green-girls-cotton-cardigan\/","name":"Za\u013ca kokvilnas jaci\u0146a meiten\u0113m &#8226; Petite Kingdom","isPartOf":{"@id":"https:\/\/petitekingdom.com\/#website"},"primaryImageOfPage":{"@id":"https:\/\/petitekingdom.com\/shop\/green-girls-cotton-cardigan\/#primaryimage"},"image":{"@id":"https:\/\/petitekingdom.com\/shop\/green-girls-cotton-cardigan\/#primaryimage"},"thumbnailUrl":"https:\/\/petitekingdom.com\/wp-content\/uploads\/2023\/10\/green-girls-cotton-cardigan-everything-must-change.jpg","datePublished":"2023-10-25T15:06:03+00:00","dateModified":"2023-10-26T12:18:17+00:00","breadcrumb":{"@id":"https:\/\/petitekingdom.com\/shop\/green-girls-cotton-cardigan\/#breadcrumb"},"inLanguage":"lv-LV","potentialAction":[{"@type":"ReadAction","target":["https:\/\/petitekingdom.com\/shop\/green-girls-cotton-cardigan\/"]}]},{"@type":"ImageObject","inLanguage":"lv-LV","@id":"https:\/\/petitekingdom.com\/shop\/green-girls-cotton-cardigan\/#primaryimage","url":"https:\/\/petitekingdom.com\/wp-content\/uploads\/2023\/10\/green-girls-cotton-cardigan-everything-must-change.jpg","contentUrl":"https:\/\/petitekingdom.com\/wp-content\/uploads\/2023\/10\/green-girls-cotton-cardigan-everything-must-change.jpg","width":1832,"height":1920,"caption":"Za\u013ca kokvilnas jaci\u0146a meiten\u0113m - Everything Must Change"},{"@type":"BreadcrumbList","@id":"https:\/\/petitekingdom.com\/shop\/green-girls-cotton-cardigan\/#breadcrumb","itemListElement":[{"@type":"ListItem","position":1,"name":"Home","item":"https:\/\/petitekingdom.com\/lv\/"},{"@type":"ListItem","position":2,"name":"Veikals","item":"https:\/\/petitekingdom.com\/lv\/veikals\/"},{"@type":"ListItem","position":3,"name":"Za\u013ca kokvilnas jaci\u0146a meiten\u0113m"}]},{"@type":"WebSite","@id":"https:\/\/petitekingdom.com\/#website","url":"https:\/\/petitekingdom.com\/","name":"Petite Kingdom","description":"B\u0113rnu izt\u0113lei nav robe\u017eu","publisher":{"@id":"https:\/\/petitekingdom.com\/#organization"},"potentialAction":[{"@type":"SearchAction","target":{"@type":"EntryPoint","urlTemplate":"https:\/\/petitekingdom.com\/?s={search_term_string}"},"query-input":{"@type":"PropertyValueSpecification","valueRequired":true,"valueName":"search_term_string"}}],"inLanguage":"lv-LV"},{"@type":"Organization","@id":"https:\/\/petitekingdom.com\/#organization","name":"Petite Kingdom","url":"https:\/\/petitekingdom.com\/","logo":{"@type":"ImageObject","inLanguage":"lv-LV","@id":"https:\/\/petitekingdom.com\/#\/schema\/logo\/image\/","url":"https:\/\/petitekingdom.com\/wp-content\/uploads\/2021\/04\/PT_logo_blackPNG.png","contentUrl":"https:\/\/petitekingdom.com\/wp-content\/uploads\/2021\/04\/PT_logo_blackPNG.png","width":1158,"height":500,"caption":"Petite Kingdom"},"image":{"@id":"https:\/\/petitekingdom.com\/#\/schema\/logo\/image\/"},"sameAs":["https:\/\/www.facebook.com\/Petite-Kingdom-114272640862559","https:\/\/www.instagram.com\/petite_kingdom\/"]}]}},"_links":{"self":[{"href":"https:\/\/petitekingdom.com\/lv\/wp-json\/wp\/v2\/product\/50967"}],"collection":[{"href":"https:\/\/petitekingdom.com\/lv\/wp-json\/wp\/v2\/product"}],"about":[{"href":"https:\/\/petitekingdom.com\/lv\/wp-json\/wp\/v2\/types\/product"}],"wp:featuredmedia":[{"embeddable":true,"href":"https:\/\/petitekingdom.com\/lv\/wp-json\/wp\/v2\/media\/50966"}],"wp:attachment":[{"href":"https:\/\/petitekingdom.com\/lv\/wp-json\/wp\/v2\/media?parent=50967"}],"wp:term":[{"taxonomy":"product_cat","embeddable":true,"href":"https:\/\/petitekingdom.com\/lv\/wp-json\/wp\/v2\/product_cat?post=50967"},{"taxonomy":"product_tag","embeddable":true,"href":"https:\/\/petitekingdom.com\/lv\/wp-json\/wp\/v2\/product_tag?post=50967"},{"taxonomy":"product-material","embeddable":true,"href":"https:\/\/petitekingdom.com\/lv\/wp-json\/wp\/v2\/product-material?post=50967"},{"taxonomy":"product-type","embeddable":true,"href":"https:\/\/petitekingdom.com\/lv\/wp-json\/wp\/v2\/product-type?post=50967"},{"taxonomy":"designers","embeddable":true,"href":"https:\/\/petitekingdom.com\/lv\/wp-json\/wp\/v2\/designers?post=50967"}],"curies":[{"name":"wp","href":"https:\/\/api.w.org\/{rel}","templated":true}]}}