{"id":50890,"date":"2023-10-25T15:25:21","date_gmt":"2023-10-25T12:28:57","guid":{"rendered":"https:\/\/petitekingdom.com\/shop\/uncategorized\/bruna-dzempera-komplekts-ar-legingiem\/"},"modified":"2023-10-26T15:19:21","modified_gmt":"2023-10-26T12:19:21","slug":"bruna-dzempera-komplekts-ar-legingiem","status":"publish","type":"product","link":"https:\/\/petitekingdom.com\/lv\/veikals\/bruna-dzempera-komplekts-ar-legingiem\/","title":{"rendered":"Br\u016bna d\u017eempera komplekts ar legingiem"},"content":{"rendered":"<ul>\n<li>45% Kokvilna 44% Poliesters 8 % Poliam\u012bds 3% Elast\u0101ns<\/li>\n<li>Maiga mazg\u0101\u0161ana 30 gr\u0101dos<\/li>\n<li>It\u0101lijas dizains<\/li>\n<li>Ra\u017eots Alb\u0101nij\u0101<\/li>\n<\/ul>\n","protected":false},"excerpt":{"rendered":"<p>Ap\u0123\u0113rbiet savu trend\u012bgo meitu \u0161aj\u0101 modernaj\u0101 meite\u0146u br\u016bn\u0101 d\u017eempera un legingu komplekt\u0101. M\u0101j\u012bgais br\u016bnais d\u017eemperis, kas rot\u0101ts ar meln\u0101m zvaigzn\u0113m, lieliski sader ar gludajiem melnajiem legingiem. \u0160is komplekts ir \u0113rts un stil\u012bgs ar diviem ap\u0123\u0113rba gabaliem vien\u0101 cen\u0101, padarot to par ide\u0101lu pirkuma izv\u0113li ikdienas valk\u0101\u0161anai.<\/p>\n","protected":false},"featured_media":50889,"template":"","meta":{"_acf_changed":false},"product_cat":[1192,1205,1227,1232,1233,1240,1242,1655,1605,1607,1674],"product_tag":[],"product-material":[],"product-type":[],"designers":[1895],"class_list":{"0":"post-50890","1":"product","2":"type-product","3":"status-publish","4":"has-post-thumbnail","6":"product_cat-meitenes","7":"product_cat-meitenu-dzemperi-jakas","8":"product_cat-dzemperi-meitenem","9":"product_cat-meitenu-krekli-bluzes","10":"product_cat-topi-meitenem","11":"product_cat-bikses-meitenem","12":"product_cat-meitenu-legingi","13":"product_cat-jaunumi","14":"product_cat-izpardosana","15":"product_cat-outlets","16":"product_cat-sezonas-izpardosana","17":"designers-everything-must-change-lv","19":"first","20":"instock","21":"sale","22":"taxable","23":"shipping-taxable","24":"purchasable","25":"product-type-variable"},"acf":[],"yoast_head":"<!-- This site is optimized with the Yoast SEO Premium plugin v23.7 (Yoast SEO v23.7) - https:\/\/yoast.com\/wordpress\/plugins\/seo\/ -->\n<title>Br\u016bna d\u017eempera komplekts ar legingiem &#8226; Petite Kingdom<\/title>\n<meta name=\"robots\" content=\"index, follow, max-snippet:-1, max-image-preview:large, max-video-preview:-1\" \/>\n<link rel=\"canonical\" href=\"https:\/\/petitekingdom.com\/shop\/girls-brown-sweater-and-leggings-set\/\" \/>\n<meta property=\"og:locale\" content=\"lv_LV\" \/>\n<meta property=\"og:type\" content=\"article\" \/>\n<meta property=\"og:title\" content=\"Br\u016bna d\u017eempera komplekts ar legingiem\" \/>\n<meta property=\"og:description\" content=\"Ap\u0123\u0113rbiet savu trend\u012bgo meitu \u0161aj\u0101 modernaj\u0101 meite\u0146u br\u016bn\u0101 d\u017eempera un legingu komplekt\u0101. M\u0101j\u012bgais br\u016bnais d\u017eemperis, kas rot\u0101ts ar meln\u0101m zvaigzn\u0113m, lieliski sader ar gludajiem melnajiem legingiem. \u0160is komplekts ir \u0113rts un stil\u012bgs ar diviem ap\u0123\u0113rba gabaliem vien\u0101 cen\u0101, padarot to par ide\u0101lu pirkuma izv\u0113li ikdienas valk\u0101\u0161anai.\" \/>\n<meta property=\"og:url\" content=\"https:\/\/petitekingdom.com\/shop\/girls-brown-sweater-and-leggings-set\/\" \/>\n<meta property=\"og:site_name\" content=\"Petite Kingdom\" \/>\n<meta property=\"article:publisher\" content=\"https:\/\/www.facebook.com\/Petite-Kingdom-114272640862559\" \/>\n<meta property=\"article:modified_time\" content=\"2023-10-26T12:19:21+00:00\" \/>\n<meta property=\"og:image\" content=\"https:\/\/petitekingdom.com\/wp-content\/uploads\/2023\/10\/girls-brown-sweater-and-leggings-set-everything-must-change.jpg\" \/>\n\t<meta property=\"og:image:width\" content=\"1832\" \/>\n\t<meta property=\"og:image:height\" content=\"1920\" \/>\n\t<meta property=\"og:image:type\" content=\"image\/jpeg\" \/>\n<meta name=\"twitter:card\" content=\"summary_large_image\" \/>\n<script type=\"application\/ld+json\" class=\"yoast-schema-graph\">{\"@context\":\"https:\/\/schema.org\",\"@graph\":[{\"@type\":\"WebPage\",\"@id\":\"https:\/\/petitekingdom.com\/shop\/girls-brown-sweater-and-leggings-set\/\",\"url\":\"https:\/\/petitekingdom.com\/shop\/girls-brown-sweater-and-leggings-set\/\",\"name\":\"Br\u016bna d\u017eempera komplekts ar legingiem &#8226; Petite Kingdom\",\"isPartOf\":{\"@id\":\"https:\/\/petitekingdom.com\/#website\"},\"primaryImageOfPage\":{\"@id\":\"https:\/\/petitekingdom.com\/shop\/girls-brown-sweater-and-leggings-set\/#primaryimage\"},\"image\":{\"@id\":\"https:\/\/petitekingdom.com\/shop\/girls-brown-sweater-and-leggings-set\/#primaryimage\"},\"thumbnailUrl\":\"https:\/\/petitekingdom.com\/wp-content\/uploads\/2023\/10\/girls-brown-sweater-and-leggings-set-everything-must-change.jpg\",\"datePublished\":\"2023-10-25T12:28:57+00:00\",\"dateModified\":\"2023-10-26T12:19:21+00:00\",\"breadcrumb\":{\"@id\":\"https:\/\/petitekingdom.com\/shop\/girls-brown-sweater-and-leggings-set\/#breadcrumb\"},\"inLanguage\":\"lv-LV\",\"potentialAction\":[{\"@type\":\"ReadAction\",\"target\":[\"https:\/\/petitekingdom.com\/shop\/girls-brown-sweater-and-leggings-set\/\"]}]},{\"@type\":\"ImageObject\",\"inLanguage\":\"lv-LV\",\"@id\":\"https:\/\/petitekingdom.com\/shop\/girls-brown-sweater-and-leggings-set\/#primaryimage\",\"url\":\"https:\/\/petitekingdom.com\/wp-content\/uploads\/2023\/10\/girls-brown-sweater-and-leggings-set-everything-must-change.jpg\",\"contentUrl\":\"https:\/\/petitekingdom.com\/wp-content\/uploads\/2023\/10\/girls-brown-sweater-and-leggings-set-everything-must-change.jpg\",\"width\":1832,\"height\":1920,\"caption\":\"Br\u016bna d\u017eempera komplekts ar legingiem - Everything Must Change\"},{\"@type\":\"BreadcrumbList\",\"@id\":\"https:\/\/petitekingdom.com\/shop\/girls-brown-sweater-and-leggings-set\/#breadcrumb\",\"itemListElement\":[{\"@type\":\"ListItem\",\"position\":1,\"name\":\"Home\",\"item\":\"https:\/\/petitekingdom.com\/lv\/\"},{\"@type\":\"ListItem\",\"position\":2,\"name\":\"Veikals\",\"item\":\"https:\/\/petitekingdom.com\/lv\/veikals\/\"},{\"@type\":\"ListItem\",\"position\":3,\"name\":\"Br\u016bna d\u017eempera komplekts ar legingiem\"}]},{\"@type\":\"WebSite\",\"@id\":\"https:\/\/petitekingdom.com\/#website\",\"url\":\"https:\/\/petitekingdom.com\/\",\"name\":\"Petite Kingdom\",\"description\":\"B\u0113rnu izt\u0113lei nav robe\u017eu\",\"publisher\":{\"@id\":\"https:\/\/petitekingdom.com\/#organization\"},\"potentialAction\":[{\"@type\":\"SearchAction\",\"target\":{\"@type\":\"EntryPoint\",\"urlTemplate\":\"https:\/\/petitekingdom.com\/?s={search_term_string}\"},\"query-input\":{\"@type\":\"PropertyValueSpecification\",\"valueRequired\":true,\"valueName\":\"search_term_string\"}}],\"inLanguage\":\"lv-LV\"},{\"@type\":\"Organization\",\"@id\":\"https:\/\/petitekingdom.com\/#organization\",\"name\":\"Petite Kingdom\",\"url\":\"https:\/\/petitekingdom.com\/\",\"logo\":{\"@type\":\"ImageObject\",\"inLanguage\":\"lv-LV\",\"@id\":\"https:\/\/petitekingdom.com\/#\/schema\/logo\/image\/\",\"url\":\"https:\/\/petitekingdom.com\/wp-content\/uploads\/2021\/04\/PT_logo_blackPNG.png\",\"contentUrl\":\"https:\/\/petitekingdom.com\/wp-content\/uploads\/2021\/04\/PT_logo_blackPNG.png\",\"width\":1158,\"height\":500,\"caption\":\"Petite Kingdom\"},\"image\":{\"@id\":\"https:\/\/petitekingdom.com\/#\/schema\/logo\/image\/\"},\"sameAs\":[\"https:\/\/www.facebook.com\/Petite-Kingdom-114272640862559\",\"https:\/\/www.instagram.com\/petite_kingdom\/\"]}]}<\/script>\n<!-- \/ Yoast SEO Premium plugin. -->","yoast_head_json":{"title":"Br\u016bna d\u017eempera komplekts ar legingiem &#8226; Petite Kingdom","robots":{"index":"index","follow":"follow","max-snippet":"max-snippet:-1","max-image-preview":"max-image-preview:large","max-video-preview":"max-video-preview:-1"},"canonical":"https:\/\/petitekingdom.com\/shop\/girls-brown-sweater-and-leggings-set\/","og_locale":"lv_LV","og_type":"article","og_title":"Br\u016bna d\u017eempera komplekts ar legingiem","og_description":"Ap\u0123\u0113rbiet savu trend\u012bgo meitu \u0161aj\u0101 modernaj\u0101 meite\u0146u br\u016bn\u0101 d\u017eempera un legingu komplekt\u0101. M\u0101j\u012bgais br\u016bnais d\u017eemperis, kas rot\u0101ts ar meln\u0101m zvaigzn\u0113m, lieliski sader ar gludajiem melnajiem legingiem. \u0160is komplekts ir \u0113rts un stil\u012bgs ar diviem ap\u0123\u0113rba gabaliem vien\u0101 cen\u0101, padarot to par ide\u0101lu pirkuma izv\u0113li ikdienas valk\u0101\u0161anai.","og_url":"https:\/\/petitekingdom.com\/shop\/girls-brown-sweater-and-leggings-set\/","og_site_name":"Petite Kingdom","article_publisher":"https:\/\/www.facebook.com\/Petite-Kingdom-114272640862559","article_modified_time":"2023-10-26T12:19:21+00:00","og_image":[{"width":1832,"height":1920,"url":"https:\/\/petitekingdom.com\/wp-content\/uploads\/2023\/10\/girls-brown-sweater-and-leggings-set-everything-must-change.jpg","type":"image\/jpeg"}],"twitter_card":"summary_large_image","schema":{"@context":"https:\/\/schema.org","@graph":[{"@type":"WebPage","@id":"https:\/\/petitekingdom.com\/shop\/girls-brown-sweater-and-leggings-set\/","url":"https:\/\/petitekingdom.com\/shop\/girls-brown-sweater-and-leggings-set\/","name":"Br\u016bna d\u017eempera komplekts ar legingiem &#8226; Petite Kingdom","isPartOf":{"@id":"https:\/\/petitekingdom.com\/#website"},"primaryImageOfPage":{"@id":"https:\/\/petitekingdom.com\/shop\/girls-brown-sweater-and-leggings-set\/#primaryimage"},"image":{"@id":"https:\/\/petitekingdom.com\/shop\/girls-brown-sweater-and-leggings-set\/#primaryimage"},"thumbnailUrl":"https:\/\/petitekingdom.com\/wp-content\/uploads\/2023\/10\/girls-brown-sweater-and-leggings-set-everything-must-change.jpg","datePublished":"2023-10-25T12:28:57+00:00","dateModified":"2023-10-26T12:19:21+00:00","breadcrumb":{"@id":"https:\/\/petitekingdom.com\/shop\/girls-brown-sweater-and-leggings-set\/#breadcrumb"},"inLanguage":"lv-LV","potentialAction":[{"@type":"ReadAction","target":["https:\/\/petitekingdom.com\/shop\/girls-brown-sweater-and-leggings-set\/"]}]},{"@type":"ImageObject","inLanguage":"lv-LV","@id":"https:\/\/petitekingdom.com\/shop\/girls-brown-sweater-and-leggings-set\/#primaryimage","url":"https:\/\/petitekingdom.com\/wp-content\/uploads\/2023\/10\/girls-brown-sweater-and-leggings-set-everything-must-change.jpg","contentUrl":"https:\/\/petitekingdom.com\/wp-content\/uploads\/2023\/10\/girls-brown-sweater-and-leggings-set-everything-must-change.jpg","width":1832,"height":1920,"caption":"Br\u016bna d\u017eempera komplekts ar legingiem - Everything Must Change"},{"@type":"BreadcrumbList","@id":"https:\/\/petitekingdom.com\/shop\/girls-brown-sweater-and-leggings-set\/#breadcrumb","itemListElement":[{"@type":"ListItem","position":1,"name":"Home","item":"https:\/\/petitekingdom.com\/lv\/"},{"@type":"ListItem","position":2,"name":"Veikals","item":"https:\/\/petitekingdom.com\/lv\/veikals\/"},{"@type":"ListItem","position":3,"name":"Br\u016bna d\u017eempera komplekts ar legingiem"}]},{"@type":"WebSite","@id":"https:\/\/petitekingdom.com\/#website","url":"https:\/\/petitekingdom.com\/","name":"Petite Kingdom","description":"B\u0113rnu izt\u0113lei nav robe\u017eu","publisher":{"@id":"https:\/\/petitekingdom.com\/#organization"},"potentialAction":[{"@type":"SearchAction","target":{"@type":"EntryPoint","urlTemplate":"https:\/\/petitekingdom.com\/?s={search_term_string}"},"query-input":{"@type":"PropertyValueSpecification","valueRequired":true,"valueName":"search_term_string"}}],"inLanguage":"lv-LV"},{"@type":"Organization","@id":"https:\/\/petitekingdom.com\/#organization","name":"Petite Kingdom","url":"https:\/\/petitekingdom.com\/","logo":{"@type":"ImageObject","inLanguage":"lv-LV","@id":"https:\/\/petitekingdom.com\/#\/schema\/logo\/image\/","url":"https:\/\/petitekingdom.com\/wp-content\/uploads\/2021\/04\/PT_logo_blackPNG.png","contentUrl":"https:\/\/petitekingdom.com\/wp-content\/uploads\/2021\/04\/PT_logo_blackPNG.png","width":1158,"height":500,"caption":"Petite Kingdom"},"image":{"@id":"https:\/\/petitekingdom.com\/#\/schema\/logo\/image\/"},"sameAs":["https:\/\/www.facebook.com\/Petite-Kingdom-114272640862559","https:\/\/www.instagram.com\/petite_kingdom\/"]}]}},"_links":{"self":[{"href":"https:\/\/petitekingdom.com\/lv\/wp-json\/wp\/v2\/product\/50890"}],"collection":[{"href":"https:\/\/petitekingdom.com\/lv\/wp-json\/wp\/v2\/product"}],"about":[{"href":"https:\/\/petitekingdom.com\/lv\/wp-json\/wp\/v2\/types\/product"}],"wp:featuredmedia":[{"embeddable":true,"href":"https:\/\/petitekingdom.com\/lv\/wp-json\/wp\/v2\/media\/50889"}],"wp:attachment":[{"href":"https:\/\/petitekingdom.com\/lv\/wp-json\/wp\/v2\/media?parent=50890"}],"wp:term":[{"taxonomy":"product_cat","embeddable":true,"href":"https:\/\/petitekingdom.com\/lv\/wp-json\/wp\/v2\/product_cat?post=50890"},{"taxonomy":"product_tag","embeddable":true,"href":"https:\/\/petitekingdom.com\/lv\/wp-json\/wp\/v2\/product_tag?post=50890"},{"taxonomy":"product-material","embeddable":true,"href":"https:\/\/petitekingdom.com\/lv\/wp-json\/wp\/v2\/product-material?post=50890"},{"taxonomy":"product-type","embeddable":true,"href":"https:\/\/petitekingdom.com\/lv\/wp-json\/wp\/v2\/product-type?post=50890"},{"taxonomy":"designers","embeddable":true,"href":"https:\/\/petitekingdom.com\/lv\/wp-json\/wp\/v2\/designers?post=50890"}],"curies":[{"name":"wp","href":"https:\/\/api.w.org\/{rel}","templated":true}]}}