{"id":50569,"date":"2023-10-10T14:40:16","date_gmt":"2023-10-07T11:43:26","guid":{"rendered":"https:\/\/petitekingdom.com\/shop\/uncategorized\/violetas-meitenu-azura-zekes-ar-banti\/"},"modified":"2023-10-08T12:30:30","modified_gmt":"2023-10-08T09:30:30","slug":"violetas-meitenu-azura-zekes-ar-banti","status":"publish","type":"product","link":"https:\/\/petitekingdom.com\/lv\/veikals\/violetas-meitenu-azura-zekes-ar-banti\/","title":{"rendered":"Violetas meite\u0146u a\u017e\u016bra ze\u0137es ar banti"},"content":{"rendered":"<ul>\n<li>100% Kokvilna<\/li>\n<li>Mazg\u0101t ve\u013casma\u0161\u012bn\u0101 30*C (saudz\u012bgais re\u017e\u012bms)<\/li>\n<li>S\u0101nos bante<\/li>\n<\/ul>\n","protected":false},"excerpt":{"rendered":"<p>Meite\u0146u a\u017e\u016bra pusgar\u0101s ze\u0137es violet\u0101 kr\u0101s\u0101 no Sp\u0101nijas z\u012bmola Condor. \u0160im ad\u012bjumam me\u017e\u0123\u012bnes rakst\u0101 ir romantisks un izsmalcin\u0101ts dizains, to rot\u0101 s\u0101nos cieta auduma bante. Piest\u0101v\u0113s pie sv\u0101rkiem vai kleitas.<\/p>\n","protected":false},"featured_media":50566,"template":"","meta":{"_acf_changed":false},"product_cat":[1212,1217,1218,1180,1663,1665,1213,1214,1192,1215,1216,1655,1605,1607,1674],"product_tag":[],"product-material":[],"product-type":[],"designers":[669],"class_list":{"0":"post-50569","1":"product","2":"type-product","3":"status-publish","4":"has-post-thumbnail","6":"product_cat-aksesuari","7":"product_cat-bernu-zekubikses-zekes","8":"product_cat-zekes","9":"product_cat-zidainu-apgerbs","10":"product_cat-jaundzimuso-drebites","11":"product_cat-zidainu-drebes","12":"product_cat-zidainu-zekubikses-zekes","13":"product_cat-zekes-zidainim","14":"product_cat-meitenes","15":"product_cat-zekubikses-zekes-meitenem","16":"product_cat-zekes-meitenem","17":"product_cat-jaunumi","18":"product_cat-izpardosana","19":"product_cat-outlets","20":"product_cat-sezonas-izpardosana","21":"designers-condor-lv","23":"first","24":"instock","25":"sale","26":"taxable","27":"shipping-taxable","28":"purchasable","29":"product-type-variable"},"acf":[],"yoast_head":"<!-- This site is optimized with the Yoast SEO Premium plugin v23.7 (Yoast SEO v23.7) - https:\/\/yoast.com\/wordpress\/plugins\/seo\/ -->\n<title>Violetas meite\u0146u a\u017e\u016bra ze\u0137es ar banti &#8226; Petite Kingdom<\/title>\n<meta name=\"robots\" content=\"index, follow, max-snippet:-1, max-image-preview:large, max-video-preview:-1\" \/>\n<link rel=\"canonical\" href=\"https:\/\/petitekingdom.com\/lv\/veikals\/violetas-meitenu-azura-zekes-ar-banti\/\" \/>\n<meta property=\"og:locale\" content=\"lv_LV\" \/>\n<meta property=\"og:type\" content=\"article\" \/>\n<meta property=\"og:title\" content=\"Violetas meite\u0146u a\u017e\u016bra ze\u0137es ar banti\" \/>\n<meta property=\"og:description\" content=\"Meite\u0146u a\u017e\u016bra pusgar\u0101s ze\u0137es violet\u0101 kr\u0101s\u0101 no Sp\u0101nijas z\u012bmola Condor. \u0160im ad\u012bjumam me\u017e\u0123\u012bnes rakst\u0101 ir romantisks un izsmalcin\u0101ts dizains, to rot\u0101 s\u0101nos cieta auduma bante. Piest\u0101v\u0113s pie sv\u0101rkiem vai kleitas.\" \/>\n<meta property=\"og:url\" content=\"https:\/\/petitekingdom.com\/lv\/veikals\/violetas-meitenu-azura-zekes-ar-banti\/\" \/>\n<meta property=\"og:site_name\" content=\"Petite Kingdom\" \/>\n<meta property=\"article:publisher\" content=\"https:\/\/www.facebook.com\/Petite-Kingdom-114272640862559\" \/>\n<meta property=\"article:modified_time\" content=\"2023-10-08T09:30:30+00:00\" \/>\n<meta property=\"og:image\" content=\"https:\/\/petitekingdom.com\/wp-content\/uploads\/2023\/10\/girls-openwork-bow-knee-socks-cassis-condor.jpeg\" \/>\n\t<meta property=\"og:image:width\" content=\"800\" \/>\n\t<meta property=\"og:image:height\" content=\"800\" \/>\n\t<meta property=\"og:image:type\" content=\"image\/jpeg\" \/>\n<meta name=\"twitter:card\" content=\"summary_large_image\" \/>\n<script type=\"application\/ld+json\" class=\"yoast-schema-graph\">{\"@context\":\"https:\/\/schema.org\",\"@graph\":[{\"@type\":\"WebPage\",\"@id\":\"https:\/\/petitekingdom.com\/lv\/veikals\/violetas-meitenu-azura-zekes-ar-banti\/\",\"url\":\"https:\/\/petitekingdom.com\/lv\/veikals\/violetas-meitenu-azura-zekes-ar-banti\/\",\"name\":\"Violetas meite\u0146u a\u017e\u016bra ze\u0137es ar banti &#8226; Petite Kingdom\",\"isPartOf\":{\"@id\":\"https:\/\/petitekingdom.com\/#website\"},\"primaryImageOfPage\":{\"@id\":\"https:\/\/petitekingdom.com\/lv\/veikals\/violetas-meitenu-azura-zekes-ar-banti\/#primaryimage\"},\"image\":{\"@id\":\"https:\/\/petitekingdom.com\/lv\/veikals\/violetas-meitenu-azura-zekes-ar-banti\/#primaryimage\"},\"thumbnailUrl\":\"https:\/\/petitekingdom.com\/wp-content\/uploads\/2023\/10\/girls-openwork-bow-knee-socks-cassis-condor.jpeg\",\"datePublished\":\"2023-10-07T11:43:26+00:00\",\"dateModified\":\"2023-10-08T09:30:30+00:00\",\"breadcrumb\":{\"@id\":\"https:\/\/petitekingdom.com\/lv\/veikals\/violetas-meitenu-azura-zekes-ar-banti\/#breadcrumb\"},\"inLanguage\":\"lv-LV\",\"potentialAction\":[{\"@type\":\"ReadAction\",\"target\":[\"https:\/\/petitekingdom.com\/lv\/veikals\/violetas-meitenu-azura-zekes-ar-banti\/\"]}]},{\"@type\":\"ImageObject\",\"inLanguage\":\"lv-LV\",\"@id\":\"https:\/\/petitekingdom.com\/lv\/veikals\/violetas-meitenu-azura-zekes-ar-banti\/#primaryimage\",\"url\":\"https:\/\/petitekingdom.com\/wp-content\/uploads\/2023\/10\/girls-openwork-bow-knee-socks-cassis-condor.jpeg\",\"contentUrl\":\"https:\/\/petitekingdom.com\/wp-content\/uploads\/2023\/10\/girls-openwork-bow-knee-socks-cassis-condor.jpeg\",\"width\":800,\"height\":800,\"caption\":\"Violetas meite\u0146u a\u017e\u016bra ze\u0137es ar banti - C\u00f3ndor\"},{\"@type\":\"BreadcrumbList\",\"@id\":\"https:\/\/petitekingdom.com\/lv\/veikals\/violetas-meitenu-azura-zekes-ar-banti\/#breadcrumb\",\"itemListElement\":[{\"@type\":\"ListItem\",\"position\":1,\"name\":\"Home\",\"item\":\"https:\/\/petitekingdom.com\/lv\/\"},{\"@type\":\"ListItem\",\"position\":2,\"name\":\"Veikals\",\"item\":\"https:\/\/petitekingdom.com\/lv\/veikals\/\"},{\"@type\":\"ListItem\",\"position\":3,\"name\":\"Violetas meite\u0146u a\u017e\u016bra ze\u0137es ar banti\"}]},{\"@type\":\"WebSite\",\"@id\":\"https:\/\/petitekingdom.com\/#website\",\"url\":\"https:\/\/petitekingdom.com\/\",\"name\":\"Petite Kingdom\",\"description\":\"B\u0113rnu izt\u0113lei nav robe\u017eu\",\"publisher\":{\"@id\":\"https:\/\/petitekingdom.com\/#organization\"},\"potentialAction\":[{\"@type\":\"SearchAction\",\"target\":{\"@type\":\"EntryPoint\",\"urlTemplate\":\"https:\/\/petitekingdom.com\/?s={search_term_string}\"},\"query-input\":{\"@type\":\"PropertyValueSpecification\",\"valueRequired\":true,\"valueName\":\"search_term_string\"}}],\"inLanguage\":\"lv-LV\"},{\"@type\":\"Organization\",\"@id\":\"https:\/\/petitekingdom.com\/#organization\",\"name\":\"Petite Kingdom\",\"url\":\"https:\/\/petitekingdom.com\/\",\"logo\":{\"@type\":\"ImageObject\",\"inLanguage\":\"lv-LV\",\"@id\":\"https:\/\/petitekingdom.com\/#\/schema\/logo\/image\/\",\"url\":\"https:\/\/petitekingdom.com\/wp-content\/uploads\/2021\/04\/PT_logo_blackPNG.png\",\"contentUrl\":\"https:\/\/petitekingdom.com\/wp-content\/uploads\/2021\/04\/PT_logo_blackPNG.png\",\"width\":1158,\"height\":500,\"caption\":\"Petite Kingdom\"},\"image\":{\"@id\":\"https:\/\/petitekingdom.com\/#\/schema\/logo\/image\/\"},\"sameAs\":[\"https:\/\/www.facebook.com\/Petite-Kingdom-114272640862559\",\"https:\/\/www.instagram.com\/petite_kingdom\/\"]}]}<\/script>\n<!-- \/ Yoast SEO Premium plugin. -->","yoast_head_json":{"title":"Violetas meite\u0146u a\u017e\u016bra ze\u0137es ar banti &#8226; Petite Kingdom","robots":{"index":"index","follow":"follow","max-snippet":"max-snippet:-1","max-image-preview":"max-image-preview:large","max-video-preview":"max-video-preview:-1"},"canonical":"https:\/\/petitekingdom.com\/lv\/veikals\/violetas-meitenu-azura-zekes-ar-banti\/","og_locale":"lv_LV","og_type":"article","og_title":"Violetas meite\u0146u a\u017e\u016bra ze\u0137es ar banti","og_description":"Meite\u0146u a\u017e\u016bra pusgar\u0101s ze\u0137es violet\u0101 kr\u0101s\u0101 no Sp\u0101nijas z\u012bmola Condor. \u0160im ad\u012bjumam me\u017e\u0123\u012bnes rakst\u0101 ir romantisks un izsmalcin\u0101ts dizains, to rot\u0101 s\u0101nos cieta auduma bante. Piest\u0101v\u0113s pie sv\u0101rkiem vai kleitas.","og_url":"https:\/\/petitekingdom.com\/lv\/veikals\/violetas-meitenu-azura-zekes-ar-banti\/","og_site_name":"Petite Kingdom","article_publisher":"https:\/\/www.facebook.com\/Petite-Kingdom-114272640862559","article_modified_time":"2023-10-08T09:30:30+00:00","og_image":[{"width":800,"height":800,"url":"https:\/\/petitekingdom.com\/wp-content\/uploads\/2023\/10\/girls-openwork-bow-knee-socks-cassis-condor.jpeg","type":"image\/jpeg"}],"twitter_card":"summary_large_image","schema":{"@context":"https:\/\/schema.org","@graph":[{"@type":"WebPage","@id":"https:\/\/petitekingdom.com\/lv\/veikals\/violetas-meitenu-azura-zekes-ar-banti\/","url":"https:\/\/petitekingdom.com\/lv\/veikals\/violetas-meitenu-azura-zekes-ar-banti\/","name":"Violetas meite\u0146u a\u017e\u016bra ze\u0137es ar banti &#8226; Petite Kingdom","isPartOf":{"@id":"https:\/\/petitekingdom.com\/#website"},"primaryImageOfPage":{"@id":"https:\/\/petitekingdom.com\/lv\/veikals\/violetas-meitenu-azura-zekes-ar-banti\/#primaryimage"},"image":{"@id":"https:\/\/petitekingdom.com\/lv\/veikals\/violetas-meitenu-azura-zekes-ar-banti\/#primaryimage"},"thumbnailUrl":"https:\/\/petitekingdom.com\/wp-content\/uploads\/2023\/10\/girls-openwork-bow-knee-socks-cassis-condor.jpeg","datePublished":"2023-10-07T11:43:26+00:00","dateModified":"2023-10-08T09:30:30+00:00","breadcrumb":{"@id":"https:\/\/petitekingdom.com\/lv\/veikals\/violetas-meitenu-azura-zekes-ar-banti\/#breadcrumb"},"inLanguage":"lv-LV","potentialAction":[{"@type":"ReadAction","target":["https:\/\/petitekingdom.com\/lv\/veikals\/violetas-meitenu-azura-zekes-ar-banti\/"]}]},{"@type":"ImageObject","inLanguage":"lv-LV","@id":"https:\/\/petitekingdom.com\/lv\/veikals\/violetas-meitenu-azura-zekes-ar-banti\/#primaryimage","url":"https:\/\/petitekingdom.com\/wp-content\/uploads\/2023\/10\/girls-openwork-bow-knee-socks-cassis-condor.jpeg","contentUrl":"https:\/\/petitekingdom.com\/wp-content\/uploads\/2023\/10\/girls-openwork-bow-knee-socks-cassis-condor.jpeg","width":800,"height":800,"caption":"Violetas meite\u0146u a\u017e\u016bra ze\u0137es ar banti - C\u00f3ndor"},{"@type":"BreadcrumbList","@id":"https:\/\/petitekingdom.com\/lv\/veikals\/violetas-meitenu-azura-zekes-ar-banti\/#breadcrumb","itemListElement":[{"@type":"ListItem","position":1,"name":"Home","item":"https:\/\/petitekingdom.com\/lv\/"},{"@type":"ListItem","position":2,"name":"Veikals","item":"https:\/\/petitekingdom.com\/lv\/veikals\/"},{"@type":"ListItem","position":3,"name":"Violetas meite\u0146u a\u017e\u016bra ze\u0137es ar banti"}]},{"@type":"WebSite","@id":"https:\/\/petitekingdom.com\/#website","url":"https:\/\/petitekingdom.com\/","name":"Petite Kingdom","description":"B\u0113rnu izt\u0113lei nav robe\u017eu","publisher":{"@id":"https:\/\/petitekingdom.com\/#organization"},"potentialAction":[{"@type":"SearchAction","target":{"@type":"EntryPoint","urlTemplate":"https:\/\/petitekingdom.com\/?s={search_term_string}"},"query-input":{"@type":"PropertyValueSpecification","valueRequired":true,"valueName":"search_term_string"}}],"inLanguage":"lv-LV"},{"@type":"Organization","@id":"https:\/\/petitekingdom.com\/#organization","name":"Petite Kingdom","url":"https:\/\/petitekingdom.com\/","logo":{"@type":"ImageObject","inLanguage":"lv-LV","@id":"https:\/\/petitekingdom.com\/#\/schema\/logo\/image\/","url":"https:\/\/petitekingdom.com\/wp-content\/uploads\/2021\/04\/PT_logo_blackPNG.png","contentUrl":"https:\/\/petitekingdom.com\/wp-content\/uploads\/2021\/04\/PT_logo_blackPNG.png","width":1158,"height":500,"caption":"Petite Kingdom"},"image":{"@id":"https:\/\/petitekingdom.com\/#\/schema\/logo\/image\/"},"sameAs":["https:\/\/www.facebook.com\/Petite-Kingdom-114272640862559","https:\/\/www.instagram.com\/petite_kingdom\/"]}]}},"_links":{"self":[{"href":"https:\/\/petitekingdom.com\/lv\/wp-json\/wp\/v2\/product\/50569"}],"collection":[{"href":"https:\/\/petitekingdom.com\/lv\/wp-json\/wp\/v2\/product"}],"about":[{"href":"https:\/\/petitekingdom.com\/lv\/wp-json\/wp\/v2\/types\/product"}],"wp:featuredmedia":[{"embeddable":true,"href":"https:\/\/petitekingdom.com\/lv\/wp-json\/wp\/v2\/media\/50566"}],"wp:attachment":[{"href":"https:\/\/petitekingdom.com\/lv\/wp-json\/wp\/v2\/media?parent=50569"}],"wp:term":[{"taxonomy":"product_cat","embeddable":true,"href":"https:\/\/petitekingdom.com\/lv\/wp-json\/wp\/v2\/product_cat?post=50569"},{"taxonomy":"product_tag","embeddable":true,"href":"https:\/\/petitekingdom.com\/lv\/wp-json\/wp\/v2\/product_tag?post=50569"},{"taxonomy":"product-material","embeddable":true,"href":"https:\/\/petitekingdom.com\/lv\/wp-json\/wp\/v2\/product-material?post=50569"},{"taxonomy":"product-type","embeddable":true,"href":"https:\/\/petitekingdom.com\/lv\/wp-json\/wp\/v2\/product-type?post=50569"},{"taxonomy":"designers","embeddable":true,"href":"https:\/\/petitekingdom.com\/lv\/wp-json\/wp\/v2\/designers?post=50569"}],"curies":[{"name":"wp","href":"https:\/\/api.w.org\/{rel}","templated":true}]}}