{"id":49520,"date":"2023-09-13T14:13:02","date_gmt":"2023-09-13T11:16:49","guid":{"rendered":"https:\/\/petitekingdom.com\/shop\/uncategorized\/skaistas-zalas-bumbieru-bikses\/"},"modified":"2023-09-13T17:07:05","modified_gmt":"2023-09-13T14:07:05","slug":"skaistas-zalas-bumbieru-bikses","status":"publish","type":"product","link":"https:\/\/petitekingdom.com\/lv\/shop\/skaistas-zalas-bumbieru-bikses\/","title":{"rendered":"Skaistas za\u013cas bumbieru bikses"},"content":{"rendered":"<ul>\n<li>96% organisk\u0101 kokvilna, 4% elast\u0101ns<\/li>\n<li>GOTS<\/li>\n<\/ul>\n","protected":false},"excerpt":{"rendered":"<p>Jaukas za\u013cas bumbieru bikses ar saldu bumbieru, ozolz\u012b\u013cu un zir\u0146u apdruku. Apdruka ir z\u012bm\u0113ta ar roku un skaisti dekor\u0113ta ar elegantu kr\u0101su sp\u0113li.<br \/>\nM\u012bkstas un vieglas GOTS sertific\u0113tas aduma da\u013cas ar lielisku komfortu, kas \u013cauj br\u012bvi kust\u0113ties. Savienojiet ar pieska\u0146otu bodiju, lai ieg\u016btu saldu divda\u013c\u012bgu komplektu.<\/p>\n","protected":false},"featured_media":49511,"template":"","meta":{"_acf_changed":false},"product_cat":[1180,1663,1665,1207,1208,1185,1186,1655,1605,1674],"product_tag":[],"product-material":[],"product-type":[],"designers":[1856],"class_list":{"0":"post-49520","1":"product","2":"type-product","3":"status-publish","4":"has-post-thumbnail","6":"product_cat-zidainu-apgerbs","7":"product_cat-jaundzimuso-drebites","8":"product_cat-zidainu-drebes","9":"product_cat-zidainu-komplekti","10":"product_cat-zidaina-purins","11":"product_cat-bikses-zidainiem","12":"product_cat-zidainu-bikses","13":"product_cat-jaunumi","14":"product_cat-izpardosana","15":"product_cat-sezonas-izpardosana","16":"designers-soft-gallery-lv","18":"first","19":"instock","20":"sale","21":"taxable","22":"shipping-taxable","23":"purchasable","24":"product-type-variable"},"acf":[],"yoast_head":"<!-- This site is optimized with the Yoast SEO Premium plugin v23.7 (Yoast SEO v23.7) - https:\/\/yoast.com\/wordpress\/plugins\/seo\/ -->\n<title>Skaistas za\u013cas bumbieru bikses &#8226; Petite Kingdom<\/title>\n<meta name=\"robots\" content=\"index, follow, max-snippet:-1, max-image-preview:large, max-video-preview:-1\" \/>\n<link rel=\"canonical\" href=\"https:\/\/petitekingdom.com\/shop\/lovely-green-pear-pants\/\" \/>\n<meta property=\"og:locale\" content=\"lv_LV\" \/>\n<meta property=\"og:type\" content=\"article\" \/>\n<meta property=\"og:title\" content=\"Skaistas za\u013cas bumbieru bikses\" \/>\n<meta property=\"og:description\" content=\"Jaukas za\u013cas bumbieru bikses ar saldu bumbieru, ozolz\u012b\u013cu un zir\u0146u apdruku. Apdruka ir z\u012bm\u0113ta ar roku un skaisti dekor\u0113ta ar elegantu kr\u0101su sp\u0113li. M\u012bkstas un vieglas GOTS sertific\u0113tas aduma da\u013cas ar lielisku komfortu, kas \u013cauj br\u012bvi kust\u0113ties. Savienojiet ar pieska\u0146otu bodiju, lai ieg\u016btu saldu divda\u013c\u012bgu komplektu.\" \/>\n<meta property=\"og:url\" content=\"https:\/\/petitekingdom.com\/shop\/lovely-green-pear-pants\/\" \/>\n<meta property=\"og:site_name\" content=\"Petite Kingdom\" \/>\n<meta property=\"article:publisher\" content=\"https:\/\/www.facebook.com\/Petite-Kingdom-114272640862559\" \/>\n<meta property=\"article:modified_time\" content=\"2023-09-13T14:07:05+00:00\" \/>\n<meta property=\"og:image\" content=\"https:\/\/petitekingdom.com\/wp-content\/uploads\/2023\/09\/lovely-green-pear-pants-soft-gallery.jpg\" \/>\n\t<meta property=\"og:image:width\" content=\"1329\" \/>\n\t<meta property=\"og:image:height\" content=\"1920\" \/>\n\t<meta property=\"og:image:type\" content=\"image\/jpeg\" \/>\n<meta name=\"twitter:card\" content=\"summary_large_image\" \/>\n<script type=\"application\/ld+json\" class=\"yoast-schema-graph\">{\"@context\":\"https:\/\/schema.org\",\"@graph\":[{\"@type\":\"WebPage\",\"@id\":\"https:\/\/petitekingdom.com\/shop\/lovely-green-pear-pants\/\",\"url\":\"https:\/\/petitekingdom.com\/shop\/lovely-green-pear-pants\/\",\"name\":\"Skaistas za\u013cas bumbieru bikses &#8226; Petite Kingdom\",\"isPartOf\":{\"@id\":\"https:\/\/petitekingdom.com\/#website\"},\"primaryImageOfPage\":{\"@id\":\"https:\/\/petitekingdom.com\/shop\/lovely-green-pear-pants\/#primaryimage\"},\"image\":{\"@id\":\"https:\/\/petitekingdom.com\/shop\/lovely-green-pear-pants\/#primaryimage\"},\"thumbnailUrl\":\"https:\/\/petitekingdom.com\/wp-content\/uploads\/2023\/09\/lovely-green-pear-pants-soft-gallery.jpg\",\"datePublished\":\"2023-09-13T11:16:49+00:00\",\"dateModified\":\"2023-09-13T14:07:05+00:00\",\"breadcrumb\":{\"@id\":\"https:\/\/petitekingdom.com\/shop\/lovely-green-pear-pants\/#breadcrumb\"},\"inLanguage\":\"lv-LV\",\"potentialAction\":[{\"@type\":\"ReadAction\",\"target\":[\"https:\/\/petitekingdom.com\/shop\/lovely-green-pear-pants\/\"]}]},{\"@type\":\"ImageObject\",\"inLanguage\":\"lv-LV\",\"@id\":\"https:\/\/petitekingdom.com\/shop\/lovely-green-pear-pants\/#primaryimage\",\"url\":\"https:\/\/petitekingdom.com\/wp-content\/uploads\/2023\/09\/lovely-green-pear-pants-soft-gallery.jpg\",\"contentUrl\":\"https:\/\/petitekingdom.com\/wp-content\/uploads\/2023\/09\/lovely-green-pear-pants-soft-gallery.jpg\",\"width\":1329,\"height\":1920,\"caption\":\"Skaistas za\u013cas bumbieru bikses - Soft Gallery\"},{\"@type\":\"BreadcrumbList\",\"@id\":\"https:\/\/petitekingdom.com\/shop\/lovely-green-pear-pants\/#breadcrumb\",\"itemListElement\":[{\"@type\":\"ListItem\",\"position\":1,\"name\":\"Home\",\"item\":\"https:\/\/petitekingdom.com\/lv\/\"},{\"@type\":\"ListItem\",\"position\":2,\"name\":\"Veikals\",\"item\":\"https:\/\/petitekingdom.com\/lv\/veikals\/\"},{\"@type\":\"ListItem\",\"position\":3,\"name\":\"Skaistas za\u013cas bumbieru bikses\"}]},{\"@type\":\"WebSite\",\"@id\":\"https:\/\/petitekingdom.com\/#website\",\"url\":\"https:\/\/petitekingdom.com\/\",\"name\":\"Petite Kingdom\",\"description\":\"B\u0113rnu izt\u0113lei nav robe\u017eu\",\"publisher\":{\"@id\":\"https:\/\/petitekingdom.com\/#organization\"},\"potentialAction\":[{\"@type\":\"SearchAction\",\"target\":{\"@type\":\"EntryPoint\",\"urlTemplate\":\"https:\/\/petitekingdom.com\/?s={search_term_string}\"},\"query-input\":{\"@type\":\"PropertyValueSpecification\",\"valueRequired\":true,\"valueName\":\"search_term_string\"}}],\"inLanguage\":\"lv-LV\"},{\"@type\":\"Organization\",\"@id\":\"https:\/\/petitekingdom.com\/#organization\",\"name\":\"Petite Kingdom\",\"url\":\"https:\/\/petitekingdom.com\/\",\"logo\":{\"@type\":\"ImageObject\",\"inLanguage\":\"lv-LV\",\"@id\":\"https:\/\/petitekingdom.com\/#\/schema\/logo\/image\/\",\"url\":\"https:\/\/petitekingdom.com\/wp-content\/uploads\/2021\/04\/PT_logo_blackPNG.png\",\"contentUrl\":\"https:\/\/petitekingdom.com\/wp-content\/uploads\/2021\/04\/PT_logo_blackPNG.png\",\"width\":1158,\"height\":500,\"caption\":\"Petite Kingdom\"},\"image\":{\"@id\":\"https:\/\/petitekingdom.com\/#\/schema\/logo\/image\/\"},\"sameAs\":[\"https:\/\/www.facebook.com\/Petite-Kingdom-114272640862559\",\"https:\/\/www.instagram.com\/petite_kingdom\/\"]}]}<\/script>\n<!-- \/ Yoast SEO Premium plugin. -->","yoast_head_json":{"title":"Skaistas za\u013cas bumbieru bikses &#8226; Petite Kingdom","robots":{"index":"index","follow":"follow","max-snippet":"max-snippet:-1","max-image-preview":"max-image-preview:large","max-video-preview":"max-video-preview:-1"},"canonical":"https:\/\/petitekingdom.com\/shop\/lovely-green-pear-pants\/","og_locale":"lv_LV","og_type":"article","og_title":"Skaistas za\u013cas bumbieru bikses","og_description":"Jaukas za\u013cas bumbieru bikses ar saldu bumbieru, ozolz\u012b\u013cu un zir\u0146u apdruku. Apdruka ir z\u012bm\u0113ta ar roku un skaisti dekor\u0113ta ar elegantu kr\u0101su sp\u0113li. M\u012bkstas un vieglas GOTS sertific\u0113tas aduma da\u013cas ar lielisku komfortu, kas \u013cauj br\u012bvi kust\u0113ties. Savienojiet ar pieska\u0146otu bodiju, lai ieg\u016btu saldu divda\u013c\u012bgu komplektu.","og_url":"https:\/\/petitekingdom.com\/shop\/lovely-green-pear-pants\/","og_site_name":"Petite Kingdom","article_publisher":"https:\/\/www.facebook.com\/Petite-Kingdom-114272640862559","article_modified_time":"2023-09-13T14:07:05+00:00","og_image":[{"width":1329,"height":1920,"url":"https:\/\/petitekingdom.com\/wp-content\/uploads\/2023\/09\/lovely-green-pear-pants-soft-gallery.jpg","type":"image\/jpeg"}],"twitter_card":"summary_large_image","schema":{"@context":"https:\/\/schema.org","@graph":[{"@type":"WebPage","@id":"https:\/\/petitekingdom.com\/shop\/lovely-green-pear-pants\/","url":"https:\/\/petitekingdom.com\/shop\/lovely-green-pear-pants\/","name":"Skaistas za\u013cas bumbieru bikses &#8226; Petite Kingdom","isPartOf":{"@id":"https:\/\/petitekingdom.com\/#website"},"primaryImageOfPage":{"@id":"https:\/\/petitekingdom.com\/shop\/lovely-green-pear-pants\/#primaryimage"},"image":{"@id":"https:\/\/petitekingdom.com\/shop\/lovely-green-pear-pants\/#primaryimage"},"thumbnailUrl":"https:\/\/petitekingdom.com\/wp-content\/uploads\/2023\/09\/lovely-green-pear-pants-soft-gallery.jpg","datePublished":"2023-09-13T11:16:49+00:00","dateModified":"2023-09-13T14:07:05+00:00","breadcrumb":{"@id":"https:\/\/petitekingdom.com\/shop\/lovely-green-pear-pants\/#breadcrumb"},"inLanguage":"lv-LV","potentialAction":[{"@type":"ReadAction","target":["https:\/\/petitekingdom.com\/shop\/lovely-green-pear-pants\/"]}]},{"@type":"ImageObject","inLanguage":"lv-LV","@id":"https:\/\/petitekingdom.com\/shop\/lovely-green-pear-pants\/#primaryimage","url":"https:\/\/petitekingdom.com\/wp-content\/uploads\/2023\/09\/lovely-green-pear-pants-soft-gallery.jpg","contentUrl":"https:\/\/petitekingdom.com\/wp-content\/uploads\/2023\/09\/lovely-green-pear-pants-soft-gallery.jpg","width":1329,"height":1920,"caption":"Skaistas za\u013cas bumbieru bikses - Soft Gallery"},{"@type":"BreadcrumbList","@id":"https:\/\/petitekingdom.com\/shop\/lovely-green-pear-pants\/#breadcrumb","itemListElement":[{"@type":"ListItem","position":1,"name":"Home","item":"https:\/\/petitekingdom.com\/lv\/"},{"@type":"ListItem","position":2,"name":"Veikals","item":"https:\/\/petitekingdom.com\/lv\/veikals\/"},{"@type":"ListItem","position":3,"name":"Skaistas za\u013cas bumbieru bikses"}]},{"@type":"WebSite","@id":"https:\/\/petitekingdom.com\/#website","url":"https:\/\/petitekingdom.com\/","name":"Petite Kingdom","description":"B\u0113rnu izt\u0113lei nav robe\u017eu","publisher":{"@id":"https:\/\/petitekingdom.com\/#organization"},"potentialAction":[{"@type":"SearchAction","target":{"@type":"EntryPoint","urlTemplate":"https:\/\/petitekingdom.com\/?s={search_term_string}"},"query-input":{"@type":"PropertyValueSpecification","valueRequired":true,"valueName":"search_term_string"}}],"inLanguage":"lv-LV"},{"@type":"Organization","@id":"https:\/\/petitekingdom.com\/#organization","name":"Petite Kingdom","url":"https:\/\/petitekingdom.com\/","logo":{"@type":"ImageObject","inLanguage":"lv-LV","@id":"https:\/\/petitekingdom.com\/#\/schema\/logo\/image\/","url":"https:\/\/petitekingdom.com\/wp-content\/uploads\/2021\/04\/PT_logo_blackPNG.png","contentUrl":"https:\/\/petitekingdom.com\/wp-content\/uploads\/2021\/04\/PT_logo_blackPNG.png","width":1158,"height":500,"caption":"Petite Kingdom"},"image":{"@id":"https:\/\/petitekingdom.com\/#\/schema\/logo\/image\/"},"sameAs":["https:\/\/www.facebook.com\/Petite-Kingdom-114272640862559","https:\/\/www.instagram.com\/petite_kingdom\/"]}]}},"_links":{"self":[{"href":"https:\/\/petitekingdom.com\/lv\/wp-json\/wp\/v2\/product\/49520"}],"collection":[{"href":"https:\/\/petitekingdom.com\/lv\/wp-json\/wp\/v2\/product"}],"about":[{"href":"https:\/\/petitekingdom.com\/lv\/wp-json\/wp\/v2\/types\/product"}],"wp:featuredmedia":[{"embeddable":true,"href":"https:\/\/petitekingdom.com\/lv\/wp-json\/wp\/v2\/media\/49511"}],"wp:attachment":[{"href":"https:\/\/petitekingdom.com\/lv\/wp-json\/wp\/v2\/media?parent=49520"}],"wp:term":[{"taxonomy":"product_cat","embeddable":true,"href":"https:\/\/petitekingdom.com\/lv\/wp-json\/wp\/v2\/product_cat?post=49520"},{"taxonomy":"product_tag","embeddable":true,"href":"https:\/\/petitekingdom.com\/lv\/wp-json\/wp\/v2\/product_tag?post=49520"},{"taxonomy":"product-material","embeddable":true,"href":"https:\/\/petitekingdom.com\/lv\/wp-json\/wp\/v2\/product-material?post=49520"},{"taxonomy":"product-type","embeddable":true,"href":"https:\/\/petitekingdom.com\/lv\/wp-json\/wp\/v2\/product-type?post=49520"},{"taxonomy":"designers","embeddable":true,"href":"https:\/\/petitekingdom.com\/lv\/wp-json\/wp\/v2\/designers?post=49520"}],"curies":[{"name":"wp","href":"https:\/\/api.w.org\/{rel}","templated":true}]}}