{"id":49450,"date":"2023-09-13T13:37:49","date_gmt":"2023-09-13T10:38:52","guid":{"rendered":"https:\/\/petitekingdom.com\/shop\/uncategorized\/soma-ar-papira-lidmasinu-apdruku\/"},"modified":"2023-09-13T17:04:54","modified_gmt":"2023-09-13T14:04:54","slug":"soma-ar-papira-lidmasinu-apdruku","status":"publish","type":"product","link":"https:\/\/petitekingdom.com\/lv\/veikals\/soma-ar-papira-lidmasinu-apdruku\/","title":{"rendered":"Soma ar pap\u012bra lidma\u0161\u012bnu apdruku"},"content":{"rendered":"<ul>\n<li>45 cm x 30 cm x 15 cm<\/li>\n<li>100% Organiska kokvilna<\/li>\n<\/ul>\n","protected":false},"excerpt":{"rendered":"<p>Somai ir tr\u012bs kabatas iek\u0161pus\u0113 un viena \u0101rpus\u0113, t\u0101p\u0113c taj\u0101 var ievietot daudz b\u0113rnud\u0101rza apr\u012bkojuma un uztur\u0113t to k\u0101rt\u012bb\u0101. Somas izm\u0113rs ir 45 cm gar\u0161, 30 cm plats un 15 cm gar\u0161. Tai ir parastas rokas siksnas un plecu siksna.<\/p>\n","protected":false},"featured_media":49449,"template":"","meta":{"_acf_changed":false},"product_cat":[1212,1210,1674,1663,1655,1243,1605,1208,1238,1236,1180,1665],"product_tag":[],"product-material":[],"product-type":[],"designers":[1856],"class_list":{"0":"post-49450","1":"product","2":"type-product","3":"status-publish","4":"has-post-thumbnail","6":"product_cat-aksesuari","7":"product_cat-bernistaba","8":"product_cat-sezonas-izpardosana","9":"product_cat-jaundzimuso-drebites","10":"product_cat-jaunumi","11":"product_cat-mammai","12":"product_cat-izpardosana","13":"product_cat-zidaina-purins","14":"product_cat-plecu-somas","15":"product_cat-somas","16":"product_cat-zidainu-apgerbs","17":"product_cat-zidainu-drebes","18":"designers-soft-gallery-lv","20":"first","21":"instock","22":"sale","23":"taxable","24":"shipping-taxable","25":"purchasable","26":"product-type-simple"},"acf":[],"yoast_head":"<!-- This site is optimized with the Yoast SEO Premium plugin v23.7 (Yoast SEO v23.7) - https:\/\/yoast.com\/wordpress\/plugins\/seo\/ -->\n<title>Soma ar pap\u012bra lidma\u0161\u012bnu apdruku &#8226; Petite Kingdom<\/title>\n<meta name=\"robots\" content=\"index, follow, max-snippet:-1, max-image-preview:large, max-video-preview:-1\" \/>\n<link rel=\"canonical\" href=\"https:\/\/petitekingdom.com\/lv\/veikals\/soma-ar-papira-lidmasinu-apdruku\/\" \/>\n<meta property=\"og:locale\" content=\"lv_LV\" \/>\n<meta property=\"og:type\" content=\"article\" \/>\n<meta property=\"og:title\" content=\"Soma ar pap\u012bra lidma\u0161\u012bnu apdruku\" \/>\n<meta property=\"og:description\" content=\"Somai ir tr\u012bs kabatas iek\u0161pus\u0113 un viena \u0101rpus\u0113, t\u0101p\u0113c taj\u0101 var ievietot daudz b\u0113rnud\u0101rza apr\u012bkojuma un uztur\u0113t to k\u0101rt\u012bb\u0101. Somas izm\u0113rs ir 45 cm gar\u0161, 30 cm plats un 15 cm gar\u0161. Tai ir parastas rokas siksnas un plecu siksna.\" \/>\n<meta property=\"og:url\" content=\"https:\/\/petitekingdom.com\/lv\/veikals\/soma-ar-papira-lidmasinu-apdruku\/\" \/>\n<meta property=\"og:site_name\" content=\"Petite Kingdom\" \/>\n<meta property=\"article:publisher\" content=\"https:\/\/www.facebook.com\/Petite-Kingdom-114272640862559\" \/>\n<meta property=\"article:modified_time\" content=\"2023-09-13T14:04:54+00:00\" \/>\n<meta property=\"og:image\" content=\"https:\/\/petitekingdom.com\/wp-content\/uploads\/2023\/09\/nursery-bag-with-paper-plane-print-soft-gallery.jpg\" \/>\n\t<meta property=\"og:image:width\" content=\"1200\" \/>\n\t<meta property=\"og:image:height\" content=\"1732\" \/>\n\t<meta property=\"og:image:type\" content=\"image\/jpeg\" \/>\n<meta name=\"twitter:card\" content=\"summary_large_image\" \/>\n<script type=\"application\/ld+json\" class=\"yoast-schema-graph\">{\"@context\":\"https:\/\/schema.org\",\"@graph\":[{\"@type\":\"WebPage\",\"@id\":\"https:\/\/petitekingdom.com\/lv\/veikals\/soma-ar-papira-lidmasinu-apdruku\/\",\"url\":\"https:\/\/petitekingdom.com\/lv\/veikals\/soma-ar-papira-lidmasinu-apdruku\/\",\"name\":\"Soma ar pap\u012bra lidma\u0161\u012bnu apdruku &#8226; Petite Kingdom\",\"isPartOf\":{\"@id\":\"https:\/\/petitekingdom.com\/#website\"},\"primaryImageOfPage\":{\"@id\":\"https:\/\/petitekingdom.com\/lv\/veikals\/soma-ar-papira-lidmasinu-apdruku\/#primaryimage\"},\"image\":{\"@id\":\"https:\/\/petitekingdom.com\/lv\/veikals\/soma-ar-papira-lidmasinu-apdruku\/#primaryimage\"},\"thumbnailUrl\":\"https:\/\/petitekingdom.com\/wp-content\/uploads\/2023\/09\/nursery-bag-with-paper-plane-print-soft-gallery.jpg\",\"datePublished\":\"2023-09-13T10:38:52+00:00\",\"dateModified\":\"2023-09-13T14:04:54+00:00\",\"breadcrumb\":{\"@id\":\"https:\/\/petitekingdom.com\/lv\/veikals\/soma-ar-papira-lidmasinu-apdruku\/#breadcrumb\"},\"inLanguage\":\"lv-LV\",\"potentialAction\":[{\"@type\":\"ReadAction\",\"target\":[\"https:\/\/petitekingdom.com\/lv\/veikals\/soma-ar-papira-lidmasinu-apdruku\/\"]}]},{\"@type\":\"ImageObject\",\"inLanguage\":\"lv-LV\",\"@id\":\"https:\/\/petitekingdom.com\/lv\/veikals\/soma-ar-papira-lidmasinu-apdruku\/#primaryimage\",\"url\":\"https:\/\/petitekingdom.com\/wp-content\/uploads\/2023\/09\/nursery-bag-with-paper-plane-print-soft-gallery.jpg\",\"contentUrl\":\"https:\/\/petitekingdom.com\/wp-content\/uploads\/2023\/09\/nursery-bag-with-paper-plane-print-soft-gallery.jpg\",\"width\":1200,\"height\":1732,\"caption\":\"Soma ar pap\u012bra lidma\u0161\u012bnu apdruku - Soft Gallery\"},{\"@type\":\"BreadcrumbList\",\"@id\":\"https:\/\/petitekingdom.com\/lv\/veikals\/soma-ar-papira-lidmasinu-apdruku\/#breadcrumb\",\"itemListElement\":[{\"@type\":\"ListItem\",\"position\":1,\"name\":\"Home\",\"item\":\"https:\/\/petitekingdom.com\/lv\/\"},{\"@type\":\"ListItem\",\"position\":2,\"name\":\"Veikals\",\"item\":\"https:\/\/petitekingdom.com\/lv\/veikals\/\"},{\"@type\":\"ListItem\",\"position\":3,\"name\":\"Soma ar pap\u012bra lidma\u0161\u012bnu apdruku\"}]},{\"@type\":\"WebSite\",\"@id\":\"https:\/\/petitekingdom.com\/#website\",\"url\":\"https:\/\/petitekingdom.com\/\",\"name\":\"Petite Kingdom\",\"description\":\"B\u0113rnu izt\u0113lei nav robe\u017eu\",\"publisher\":{\"@id\":\"https:\/\/petitekingdom.com\/#organization\"},\"potentialAction\":[{\"@type\":\"SearchAction\",\"target\":{\"@type\":\"EntryPoint\",\"urlTemplate\":\"https:\/\/petitekingdom.com\/?s={search_term_string}\"},\"query-input\":{\"@type\":\"PropertyValueSpecification\",\"valueRequired\":true,\"valueName\":\"search_term_string\"}}],\"inLanguage\":\"lv-LV\"},{\"@type\":\"Organization\",\"@id\":\"https:\/\/petitekingdom.com\/#organization\",\"name\":\"Petite Kingdom\",\"url\":\"https:\/\/petitekingdom.com\/\",\"logo\":{\"@type\":\"ImageObject\",\"inLanguage\":\"lv-LV\",\"@id\":\"https:\/\/petitekingdom.com\/#\/schema\/logo\/image\/\",\"url\":\"https:\/\/petitekingdom.com\/wp-content\/uploads\/2021\/04\/PT_logo_blackPNG.png\",\"contentUrl\":\"https:\/\/petitekingdom.com\/wp-content\/uploads\/2021\/04\/PT_logo_blackPNG.png\",\"width\":1158,\"height\":500,\"caption\":\"Petite Kingdom\"},\"image\":{\"@id\":\"https:\/\/petitekingdom.com\/#\/schema\/logo\/image\/\"},\"sameAs\":[\"https:\/\/www.facebook.com\/Petite-Kingdom-114272640862559\",\"https:\/\/www.instagram.com\/petite_kingdom\/\"]}]}<\/script>\n<!-- \/ Yoast SEO Premium plugin. -->","yoast_head_json":{"title":"Soma ar pap\u012bra lidma\u0161\u012bnu apdruku &#8226; Petite Kingdom","robots":{"index":"index","follow":"follow","max-snippet":"max-snippet:-1","max-image-preview":"max-image-preview:large","max-video-preview":"max-video-preview:-1"},"canonical":"https:\/\/petitekingdom.com\/lv\/veikals\/soma-ar-papira-lidmasinu-apdruku\/","og_locale":"lv_LV","og_type":"article","og_title":"Soma ar pap\u012bra lidma\u0161\u012bnu apdruku","og_description":"Somai ir tr\u012bs kabatas iek\u0161pus\u0113 un viena \u0101rpus\u0113, t\u0101p\u0113c taj\u0101 var ievietot daudz b\u0113rnud\u0101rza apr\u012bkojuma un uztur\u0113t to k\u0101rt\u012bb\u0101. Somas izm\u0113rs ir 45 cm gar\u0161, 30 cm plats un 15 cm gar\u0161. Tai ir parastas rokas siksnas un plecu siksna.","og_url":"https:\/\/petitekingdom.com\/lv\/veikals\/soma-ar-papira-lidmasinu-apdruku\/","og_site_name":"Petite Kingdom","article_publisher":"https:\/\/www.facebook.com\/Petite-Kingdom-114272640862559","article_modified_time":"2023-09-13T14:04:54+00:00","og_image":[{"width":1200,"height":1732,"url":"https:\/\/petitekingdom.com\/wp-content\/uploads\/2023\/09\/nursery-bag-with-paper-plane-print-soft-gallery.jpg","type":"image\/jpeg"}],"twitter_card":"summary_large_image","schema":{"@context":"https:\/\/schema.org","@graph":[{"@type":"WebPage","@id":"https:\/\/petitekingdom.com\/lv\/veikals\/soma-ar-papira-lidmasinu-apdruku\/","url":"https:\/\/petitekingdom.com\/lv\/veikals\/soma-ar-papira-lidmasinu-apdruku\/","name":"Soma ar pap\u012bra lidma\u0161\u012bnu apdruku &#8226; Petite Kingdom","isPartOf":{"@id":"https:\/\/petitekingdom.com\/#website"},"primaryImageOfPage":{"@id":"https:\/\/petitekingdom.com\/lv\/veikals\/soma-ar-papira-lidmasinu-apdruku\/#primaryimage"},"image":{"@id":"https:\/\/petitekingdom.com\/lv\/veikals\/soma-ar-papira-lidmasinu-apdruku\/#primaryimage"},"thumbnailUrl":"https:\/\/petitekingdom.com\/wp-content\/uploads\/2023\/09\/nursery-bag-with-paper-plane-print-soft-gallery.jpg","datePublished":"2023-09-13T10:38:52+00:00","dateModified":"2023-09-13T14:04:54+00:00","breadcrumb":{"@id":"https:\/\/petitekingdom.com\/lv\/veikals\/soma-ar-papira-lidmasinu-apdruku\/#breadcrumb"},"inLanguage":"lv-LV","potentialAction":[{"@type":"ReadAction","target":["https:\/\/petitekingdom.com\/lv\/veikals\/soma-ar-papira-lidmasinu-apdruku\/"]}]},{"@type":"ImageObject","inLanguage":"lv-LV","@id":"https:\/\/petitekingdom.com\/lv\/veikals\/soma-ar-papira-lidmasinu-apdruku\/#primaryimage","url":"https:\/\/petitekingdom.com\/wp-content\/uploads\/2023\/09\/nursery-bag-with-paper-plane-print-soft-gallery.jpg","contentUrl":"https:\/\/petitekingdom.com\/wp-content\/uploads\/2023\/09\/nursery-bag-with-paper-plane-print-soft-gallery.jpg","width":1200,"height":1732,"caption":"Soma ar pap\u012bra lidma\u0161\u012bnu apdruku - Soft Gallery"},{"@type":"BreadcrumbList","@id":"https:\/\/petitekingdom.com\/lv\/veikals\/soma-ar-papira-lidmasinu-apdruku\/#breadcrumb","itemListElement":[{"@type":"ListItem","position":1,"name":"Home","item":"https:\/\/petitekingdom.com\/lv\/"},{"@type":"ListItem","position":2,"name":"Veikals","item":"https:\/\/petitekingdom.com\/lv\/veikals\/"},{"@type":"ListItem","position":3,"name":"Soma ar pap\u012bra lidma\u0161\u012bnu apdruku"}]},{"@type":"WebSite","@id":"https:\/\/petitekingdom.com\/#website","url":"https:\/\/petitekingdom.com\/","name":"Petite Kingdom","description":"B\u0113rnu izt\u0113lei nav robe\u017eu","publisher":{"@id":"https:\/\/petitekingdom.com\/#organization"},"potentialAction":[{"@type":"SearchAction","target":{"@type":"EntryPoint","urlTemplate":"https:\/\/petitekingdom.com\/?s={search_term_string}"},"query-input":{"@type":"PropertyValueSpecification","valueRequired":true,"valueName":"search_term_string"}}],"inLanguage":"lv-LV"},{"@type":"Organization","@id":"https:\/\/petitekingdom.com\/#organization","name":"Petite Kingdom","url":"https:\/\/petitekingdom.com\/","logo":{"@type":"ImageObject","inLanguage":"lv-LV","@id":"https:\/\/petitekingdom.com\/#\/schema\/logo\/image\/","url":"https:\/\/petitekingdom.com\/wp-content\/uploads\/2021\/04\/PT_logo_blackPNG.png","contentUrl":"https:\/\/petitekingdom.com\/wp-content\/uploads\/2021\/04\/PT_logo_blackPNG.png","width":1158,"height":500,"caption":"Petite Kingdom"},"image":{"@id":"https:\/\/petitekingdom.com\/#\/schema\/logo\/image\/"},"sameAs":["https:\/\/www.facebook.com\/Petite-Kingdom-114272640862559","https:\/\/www.instagram.com\/petite_kingdom\/"]}]}},"_links":{"self":[{"href":"https:\/\/petitekingdom.com\/lv\/wp-json\/wp\/v2\/product\/49450"}],"collection":[{"href":"https:\/\/petitekingdom.com\/lv\/wp-json\/wp\/v2\/product"}],"about":[{"href":"https:\/\/petitekingdom.com\/lv\/wp-json\/wp\/v2\/types\/product"}],"wp:featuredmedia":[{"embeddable":true,"href":"https:\/\/petitekingdom.com\/lv\/wp-json\/wp\/v2\/media\/49449"}],"wp:attachment":[{"href":"https:\/\/petitekingdom.com\/lv\/wp-json\/wp\/v2\/media?parent=49450"}],"wp:term":[{"taxonomy":"product_cat","embeddable":true,"href":"https:\/\/petitekingdom.com\/lv\/wp-json\/wp\/v2\/product_cat?post=49450"},{"taxonomy":"product_tag","embeddable":true,"href":"https:\/\/petitekingdom.com\/lv\/wp-json\/wp\/v2\/product_tag?post=49450"},{"taxonomy":"product-material","embeddable":true,"href":"https:\/\/petitekingdom.com\/lv\/wp-json\/wp\/v2\/product-material?post=49450"},{"taxonomy":"product-type","embeddable":true,"href":"https:\/\/petitekingdom.com\/lv\/wp-json\/wp\/v2\/product-type?post=49450"},{"taxonomy":"designers","embeddable":true,"href":"https:\/\/petitekingdom.com\/lv\/wp-json\/wp\/v2\/designers?post=49450"}],"curies":[{"name":"wp","href":"https:\/\/api.w.org\/{rel}","templated":true}]}}