{"id":47705,"date":"2023-08-19T17:06:59","date_gmt":"2023-08-19T14:09:57","guid":{"rendered":"https:\/\/petitekingdom.com\/shop\/uncategorized\/jauka-bordo-meitenu-jacina\/"},"modified":"2023-08-19T17:37:46","modified_gmt":"2023-08-19T14:37:46","slug":"jauka-bordo-meitenu-jacina","status":"publish","type":"product","link":"https:\/\/petitekingdom.com\/lv\/veikals\/jauka-bordo-meitenu-jacina\/","title":{"rendered":"Jauka bordo meite\u0146u jaci\u0146a"},"content":{"rendered":"<ul>\n<li>100% Kokvilna<\/li>\n<li>Aizveras ar kr\u0101su pieska\u0146o\u0161anas pog\u0101m<\/li>\n<\/ul>\n","protected":false},"excerpt":{"rendered":"<p>\u0160is skaistais The New ap\u0123\u0113rbu gabals ir m\u012bksta un salda trikot\u0101\u017eas jaka sarkanbr\u016bn\u0101 kr\u0101s\u0101 ar meiten\u012bgu vol\u0101nu apkakli. P\u0101rliecinieties, ka j\u016bsu mazajai meiti\u0146ai aukstaj\u0101 sezon\u0101 ir silti ar \u0161o jauko jaku.<\/p>\n","protected":false},"featured_media":47702,"template":"","meta":{"_acf_changed":false},"product_cat":[1180,1663,1665,1203,1204,1655,1605,1674],"product_tag":[],"product-material":[],"product-type":[],"designers":[1854],"class_list":{"0":"post-47705","1":"product","2":"type-product","3":"status-publish","4":"has-post-thumbnail","6":"product_cat-zidainu-apgerbs","7":"product_cat-jaundzimuso-drebites","8":"product_cat-zidainu-drebes","9":"product_cat-jacinas-dzemperi-zidainiem","10":"product_cat-zidainu-jacinas","11":"product_cat-jaunumi","12":"product_cat-izpardosana","13":"product_cat-sezonas-izpardosana","14":"designers-the-new-lv","16":"first","17":"instock","18":"sale","19":"taxable","20":"shipping-taxable","21":"purchasable","22":"product-type-variable"},"acf":[],"yoast_head":"<!-- This site is optimized with the Yoast SEO Premium plugin v23.7 (Yoast SEO v23.7) - https:\/\/yoast.com\/wordpress\/plugins\/seo\/ -->\n<title>Jauka bordo meite\u0146u jaci\u0146a &#8226; Petite Kingdom<\/title>\n<meta name=\"robots\" content=\"index, follow, max-snippet:-1, max-image-preview:large, max-video-preview:-1\" \/>\n<link rel=\"canonical\" href=\"https:\/\/petitekingdom.com\/shop\/baby-sweet-knit-cardigan\/\" \/>\n<meta property=\"og:locale\" content=\"lv_LV\" \/>\n<meta property=\"og:type\" content=\"article\" \/>\n<meta property=\"og:title\" content=\"Jauka bordo meite\u0146u jaci\u0146a\" \/>\n<meta property=\"og:description\" content=\"\u0160is skaistais The New ap\u0123\u0113rbu gabals ir m\u012bksta un salda trikot\u0101\u017eas jaka sarkanbr\u016bn\u0101 kr\u0101s\u0101 ar meiten\u012bgu vol\u0101nu apkakli. P\u0101rliecinieties, ka j\u016bsu mazajai meiti\u0146ai aukstaj\u0101 sezon\u0101 ir silti ar \u0161o jauko jaku.\" \/>\n<meta property=\"og:url\" content=\"https:\/\/petitekingdom.com\/shop\/baby-sweet-knit-cardigan\/\" \/>\n<meta property=\"og:site_name\" content=\"Petite Kingdom\" \/>\n<meta property=\"article:publisher\" content=\"https:\/\/www.facebook.com\/Petite-Kingdom-114272640862559\" \/>\n<meta property=\"article:modified_time\" content=\"2023-08-19T14:37:46+00:00\" \/>\n<meta property=\"og:image\" content=\"https:\/\/petitekingdom.com\/wp-content\/uploads\/2023\/08\/baby-sweet-knit-cardigan-the-new.jpg\" \/>\n\t<meta property=\"og:image:width\" content=\"1329\" \/>\n\t<meta property=\"og:image:height\" content=\"1920\" \/>\n\t<meta property=\"og:image:type\" content=\"image\/jpeg\" \/>\n<meta name=\"twitter:card\" content=\"summary_large_image\" \/>\n<script type=\"application\/ld+json\" class=\"yoast-schema-graph\">{\"@context\":\"https:\/\/schema.org\",\"@graph\":[{\"@type\":\"WebPage\",\"@id\":\"https:\/\/petitekingdom.com\/shop\/baby-sweet-knit-cardigan\/\",\"url\":\"https:\/\/petitekingdom.com\/shop\/baby-sweet-knit-cardigan\/\",\"name\":\"Jauka bordo meite\u0146u jaci\u0146a &#8226; Petite Kingdom\",\"isPartOf\":{\"@id\":\"https:\/\/petitekingdom.com\/#website\"},\"primaryImageOfPage\":{\"@id\":\"https:\/\/petitekingdom.com\/shop\/baby-sweet-knit-cardigan\/#primaryimage\"},\"image\":{\"@id\":\"https:\/\/petitekingdom.com\/shop\/baby-sweet-knit-cardigan\/#primaryimage\"},\"thumbnailUrl\":\"https:\/\/petitekingdom.com\/wp-content\/uploads\/2023\/08\/baby-sweet-knit-cardigan-the-new.jpg\",\"datePublished\":\"2023-08-19T14:09:57+00:00\",\"dateModified\":\"2023-08-19T14:37:46+00:00\",\"breadcrumb\":{\"@id\":\"https:\/\/petitekingdom.com\/shop\/baby-sweet-knit-cardigan\/#breadcrumb\"},\"inLanguage\":\"lv-LV\",\"potentialAction\":[{\"@type\":\"ReadAction\",\"target\":[\"https:\/\/petitekingdom.com\/shop\/baby-sweet-knit-cardigan\/\"]}]},{\"@type\":\"ImageObject\",\"inLanguage\":\"lv-LV\",\"@id\":\"https:\/\/petitekingdom.com\/shop\/baby-sweet-knit-cardigan\/#primaryimage\",\"url\":\"https:\/\/petitekingdom.com\/wp-content\/uploads\/2023\/08\/baby-sweet-knit-cardigan-the-new.jpg\",\"contentUrl\":\"https:\/\/petitekingdom.com\/wp-content\/uploads\/2023\/08\/baby-sweet-knit-cardigan-the-new.jpg\",\"width\":1329,\"height\":1920,\"caption\":\"Jauka bordo meite\u0146u jaci\u0146a - The New\"},{\"@type\":\"BreadcrumbList\",\"@id\":\"https:\/\/petitekingdom.com\/shop\/baby-sweet-knit-cardigan\/#breadcrumb\",\"itemListElement\":[{\"@type\":\"ListItem\",\"position\":1,\"name\":\"Home\",\"item\":\"https:\/\/petitekingdom.com\/lv\/\"},{\"@type\":\"ListItem\",\"position\":2,\"name\":\"Veikals\",\"item\":\"https:\/\/petitekingdom.com\/lv\/veikals\/\"},{\"@type\":\"ListItem\",\"position\":3,\"name\":\"Jauka bordo meite\u0146u jaci\u0146a\"}]},{\"@type\":\"WebSite\",\"@id\":\"https:\/\/petitekingdom.com\/#website\",\"url\":\"https:\/\/petitekingdom.com\/\",\"name\":\"Petite Kingdom\",\"description\":\"B\u0113rnu izt\u0113lei nav robe\u017eu\",\"publisher\":{\"@id\":\"https:\/\/petitekingdom.com\/#organization\"},\"potentialAction\":[{\"@type\":\"SearchAction\",\"target\":{\"@type\":\"EntryPoint\",\"urlTemplate\":\"https:\/\/petitekingdom.com\/?s={search_term_string}\"},\"query-input\":{\"@type\":\"PropertyValueSpecification\",\"valueRequired\":true,\"valueName\":\"search_term_string\"}}],\"inLanguage\":\"lv-LV\"},{\"@type\":\"Organization\",\"@id\":\"https:\/\/petitekingdom.com\/#organization\",\"name\":\"Petite Kingdom\",\"url\":\"https:\/\/petitekingdom.com\/\",\"logo\":{\"@type\":\"ImageObject\",\"inLanguage\":\"lv-LV\",\"@id\":\"https:\/\/petitekingdom.com\/#\/schema\/logo\/image\/\",\"url\":\"https:\/\/petitekingdom.com\/wp-content\/uploads\/2021\/04\/PT_logo_blackPNG.png\",\"contentUrl\":\"https:\/\/petitekingdom.com\/wp-content\/uploads\/2021\/04\/PT_logo_blackPNG.png\",\"width\":1158,\"height\":500,\"caption\":\"Petite Kingdom\"},\"image\":{\"@id\":\"https:\/\/petitekingdom.com\/#\/schema\/logo\/image\/\"},\"sameAs\":[\"https:\/\/www.facebook.com\/Petite-Kingdom-114272640862559\",\"https:\/\/www.instagram.com\/petite_kingdom\/\"]}]}<\/script>\n<!-- \/ Yoast SEO Premium plugin. -->","yoast_head_json":{"title":"Jauka bordo meite\u0146u jaci\u0146a &#8226; Petite Kingdom","robots":{"index":"index","follow":"follow","max-snippet":"max-snippet:-1","max-image-preview":"max-image-preview:large","max-video-preview":"max-video-preview:-1"},"canonical":"https:\/\/petitekingdom.com\/shop\/baby-sweet-knit-cardigan\/","og_locale":"lv_LV","og_type":"article","og_title":"Jauka bordo meite\u0146u jaci\u0146a","og_description":"\u0160is skaistais The New ap\u0123\u0113rbu gabals ir m\u012bksta un salda trikot\u0101\u017eas jaka sarkanbr\u016bn\u0101 kr\u0101s\u0101 ar meiten\u012bgu vol\u0101nu apkakli. P\u0101rliecinieties, ka j\u016bsu mazajai meiti\u0146ai aukstaj\u0101 sezon\u0101 ir silti ar \u0161o jauko jaku.","og_url":"https:\/\/petitekingdom.com\/shop\/baby-sweet-knit-cardigan\/","og_site_name":"Petite Kingdom","article_publisher":"https:\/\/www.facebook.com\/Petite-Kingdom-114272640862559","article_modified_time":"2023-08-19T14:37:46+00:00","og_image":[{"width":1329,"height":1920,"url":"https:\/\/petitekingdom.com\/wp-content\/uploads\/2023\/08\/baby-sweet-knit-cardigan-the-new.jpg","type":"image\/jpeg"}],"twitter_card":"summary_large_image","schema":{"@context":"https:\/\/schema.org","@graph":[{"@type":"WebPage","@id":"https:\/\/petitekingdom.com\/shop\/baby-sweet-knit-cardigan\/","url":"https:\/\/petitekingdom.com\/shop\/baby-sweet-knit-cardigan\/","name":"Jauka bordo meite\u0146u jaci\u0146a &#8226; Petite Kingdom","isPartOf":{"@id":"https:\/\/petitekingdom.com\/#website"},"primaryImageOfPage":{"@id":"https:\/\/petitekingdom.com\/shop\/baby-sweet-knit-cardigan\/#primaryimage"},"image":{"@id":"https:\/\/petitekingdom.com\/shop\/baby-sweet-knit-cardigan\/#primaryimage"},"thumbnailUrl":"https:\/\/petitekingdom.com\/wp-content\/uploads\/2023\/08\/baby-sweet-knit-cardigan-the-new.jpg","datePublished":"2023-08-19T14:09:57+00:00","dateModified":"2023-08-19T14:37:46+00:00","breadcrumb":{"@id":"https:\/\/petitekingdom.com\/shop\/baby-sweet-knit-cardigan\/#breadcrumb"},"inLanguage":"lv-LV","potentialAction":[{"@type":"ReadAction","target":["https:\/\/petitekingdom.com\/shop\/baby-sweet-knit-cardigan\/"]}]},{"@type":"ImageObject","inLanguage":"lv-LV","@id":"https:\/\/petitekingdom.com\/shop\/baby-sweet-knit-cardigan\/#primaryimage","url":"https:\/\/petitekingdom.com\/wp-content\/uploads\/2023\/08\/baby-sweet-knit-cardigan-the-new.jpg","contentUrl":"https:\/\/petitekingdom.com\/wp-content\/uploads\/2023\/08\/baby-sweet-knit-cardigan-the-new.jpg","width":1329,"height":1920,"caption":"Jauka bordo meite\u0146u jaci\u0146a - The New"},{"@type":"BreadcrumbList","@id":"https:\/\/petitekingdom.com\/shop\/baby-sweet-knit-cardigan\/#breadcrumb","itemListElement":[{"@type":"ListItem","position":1,"name":"Home","item":"https:\/\/petitekingdom.com\/lv\/"},{"@type":"ListItem","position":2,"name":"Veikals","item":"https:\/\/petitekingdom.com\/lv\/veikals\/"},{"@type":"ListItem","position":3,"name":"Jauka bordo meite\u0146u jaci\u0146a"}]},{"@type":"WebSite","@id":"https:\/\/petitekingdom.com\/#website","url":"https:\/\/petitekingdom.com\/","name":"Petite Kingdom","description":"B\u0113rnu izt\u0113lei nav robe\u017eu","publisher":{"@id":"https:\/\/petitekingdom.com\/#organization"},"potentialAction":[{"@type":"SearchAction","target":{"@type":"EntryPoint","urlTemplate":"https:\/\/petitekingdom.com\/?s={search_term_string}"},"query-input":{"@type":"PropertyValueSpecification","valueRequired":true,"valueName":"search_term_string"}}],"inLanguage":"lv-LV"},{"@type":"Organization","@id":"https:\/\/petitekingdom.com\/#organization","name":"Petite Kingdom","url":"https:\/\/petitekingdom.com\/","logo":{"@type":"ImageObject","inLanguage":"lv-LV","@id":"https:\/\/petitekingdom.com\/#\/schema\/logo\/image\/","url":"https:\/\/petitekingdom.com\/wp-content\/uploads\/2021\/04\/PT_logo_blackPNG.png","contentUrl":"https:\/\/petitekingdom.com\/wp-content\/uploads\/2021\/04\/PT_logo_blackPNG.png","width":1158,"height":500,"caption":"Petite Kingdom"},"image":{"@id":"https:\/\/petitekingdom.com\/#\/schema\/logo\/image\/"},"sameAs":["https:\/\/www.facebook.com\/Petite-Kingdom-114272640862559","https:\/\/www.instagram.com\/petite_kingdom\/"]}]}},"_links":{"self":[{"href":"https:\/\/petitekingdom.com\/lv\/wp-json\/wp\/v2\/product\/47705"}],"collection":[{"href":"https:\/\/petitekingdom.com\/lv\/wp-json\/wp\/v2\/product"}],"about":[{"href":"https:\/\/petitekingdom.com\/lv\/wp-json\/wp\/v2\/types\/product"}],"wp:featuredmedia":[{"embeddable":true,"href":"https:\/\/petitekingdom.com\/lv\/wp-json\/wp\/v2\/media\/47702"}],"wp:attachment":[{"href":"https:\/\/petitekingdom.com\/lv\/wp-json\/wp\/v2\/media?parent=47705"}],"wp:term":[{"taxonomy":"product_cat","embeddable":true,"href":"https:\/\/petitekingdom.com\/lv\/wp-json\/wp\/v2\/product_cat?post=47705"},{"taxonomy":"product_tag","embeddable":true,"href":"https:\/\/petitekingdom.com\/lv\/wp-json\/wp\/v2\/product_tag?post=47705"},{"taxonomy":"product-material","embeddable":true,"href":"https:\/\/petitekingdom.com\/lv\/wp-json\/wp\/v2\/product-material?post=47705"},{"taxonomy":"product-type","embeddable":true,"href":"https:\/\/petitekingdom.com\/lv\/wp-json\/wp\/v2\/product-type?post=47705"},{"taxonomy":"designers","embeddable":true,"href":"https:\/\/petitekingdom.com\/lv\/wp-json\/wp\/v2\/designers?post=47705"}],"curies":[{"name":"wp","href":"https:\/\/api.w.org\/{rel}","templated":true}]}}