{"id":47226,"date":"2023-08-11T13:25:46","date_gmt":"2023-08-11T10:25:46","guid":{"rendered":"https:\/\/petitekingdom.com\/?post_type=product&#038;p=47226"},"modified":"2025-08-28T14:36:59","modified_gmt":"2025-08-28T11:36:59","slug":"summery-baby-hat-with-stars","status":"publish","type":"product","link":"https:\/\/petitekingdom.com\/shop\/summery-baby-hat-with-stars\/","title":{"rendered":"Summery baby hat with stars"},"content":{"rendered":"<ul>\n<li>95% Organic cotton 5% Elastane<\/li>\n<li>Gentle wash at 30 degrees<\/li>\n<\/ul>\n","protected":false},"excerpt":{"rendered":"<p>This Molo sweet, summery baby hat with small stars in all the colors of the rainbow with a delicate ruffle edge will be useful item for the summer. The hat has practical ties. This Molo product is GOTS certified organic, which means that it is made with certified organic materials and produced under the strictest social and environmental standards throughout the entire manufacturing process.<\/p>\n","protected":false},"featured_media":47227,"template":"","meta":{"_acf_changed":false},"product_cat":[1086,1109,1081,1078,1654,1604,1673],"product_tag":[],"product-material":[],"product-type":[],"designers":[1786],"class_list":{"0":"post-47226","1":"product","2":"type-product","3":"status-publish","4":"has-post-thumbnail","6":"product_cat-accessories","7":"product_cat-childrens-hats","8":"product_cat-baby","9":"product_cat-girls","10":"product_cat-new-in","11":"product_cat-sale","12":"product_cat-season-sale","13":"designers-molo","15":"first","16":"instock","17":"sale","18":"taxable","19":"shipping-taxable","20":"purchasable","21":"product-type-variable"},"acf":[],"yoast_head":"<!-- This site is optimized with the Yoast SEO Premium plugin v23.7 (Yoast SEO v23.7) - https:\/\/yoast.com\/wordpress\/plugins\/seo\/ -->\n<title>Summery baby hat with stars &#8226; Petite Kingdom<\/title>\n<meta name=\"robots\" content=\"index, follow, max-snippet:-1, max-image-preview:large, max-video-preview:-1\" \/>\n<link rel=\"canonical\" href=\"https:\/\/petitekingdom.com\/lv\/shop\/summery-baby-hat-with-stars\/\" \/>\n<meta property=\"og:locale\" content=\"lv_LV\" \/>\n<meta property=\"og:type\" content=\"article\" \/>\n<meta property=\"og:title\" content=\"Summery baby hat with stars\" \/>\n<meta property=\"og:description\" content=\"This Molo sweet, summery baby hat with small stars in all the colors of the rainbow with a delicate ruffle edge will be useful item for the summer. The hat has practical ties. This Molo product is GOTS certified organic, which means that it is made with certified organic materials and produced under the strictest social and environmental standards throughout the entire manufacturing process.\" \/>\n<meta property=\"og:url\" content=\"https:\/\/petitekingdom.com\/lv\/shop\/summery-baby-hat-with-stars\/\" \/>\n<meta property=\"og:site_name\" content=\"Petite Kingdom\" \/>\n<meta property=\"article:publisher\" content=\"https:\/\/www.facebook.com\/Petite-Kingdom-114272640862559\" \/>\n<meta property=\"article:modified_time\" content=\"2025-08-28T11:36:59+00:00\" \/>\n<meta property=\"og:image\" content=\"https:\/\/petitekingdom.com\/wp-content\/uploads\/2023\/08\/summery-baby-hat-with-stars-molo.jpg\" \/>\n\t<meta property=\"og:image:width\" content=\"1500\" \/>\n\t<meta property=\"og:image:height\" content=\"1500\" \/>\n\t<meta property=\"og:image:type\" content=\"image\/jpeg\" \/>\n<meta name=\"twitter:card\" content=\"summary_large_image\" \/>\n<script type=\"application\/ld+json\" class=\"yoast-schema-graph\">{\"@context\":\"https:\/\/schema.org\",\"@graph\":[{\"@type\":\"WebPage\",\"@id\":\"https:\/\/petitekingdom.com\/lv\/shop\/summery-baby-hat-with-stars\/\",\"url\":\"https:\/\/petitekingdom.com\/lv\/shop\/summery-baby-hat-with-stars\/\",\"name\":\"Summery baby hat with stars &#8226; Petite Kingdom\",\"isPartOf\":{\"@id\":\"https:\/\/petitekingdom.com\/#website\"},\"primaryImageOfPage\":{\"@id\":\"https:\/\/petitekingdom.com\/lv\/shop\/summery-baby-hat-with-stars\/#primaryimage\"},\"image\":{\"@id\":\"https:\/\/petitekingdom.com\/lv\/shop\/summery-baby-hat-with-stars\/#primaryimage\"},\"thumbnailUrl\":\"https:\/\/petitekingdom.com\/wp-content\/uploads\/2023\/08\/summery-baby-hat-with-stars-molo.jpg\",\"datePublished\":\"2023-08-11T10:25:46+00:00\",\"dateModified\":\"2025-08-28T11:36:59+00:00\",\"breadcrumb\":{\"@id\":\"https:\/\/petitekingdom.com\/lv\/shop\/summery-baby-hat-with-stars\/#breadcrumb\"},\"inLanguage\":\"lv-LV\",\"potentialAction\":[{\"@type\":\"ReadAction\",\"target\":[\"https:\/\/petitekingdom.com\/lv\/shop\/summery-baby-hat-with-stars\/\"]}]},{\"@type\":\"ImageObject\",\"inLanguage\":\"lv-LV\",\"@id\":\"https:\/\/petitekingdom.com\/lv\/shop\/summery-baby-hat-with-stars\/#primaryimage\",\"url\":\"https:\/\/petitekingdom.com\/wp-content\/uploads\/2023\/08\/summery-baby-hat-with-stars-molo.jpg\",\"contentUrl\":\"https:\/\/petitekingdom.com\/wp-content\/uploads\/2023\/08\/summery-baby-hat-with-stars-molo.jpg\",\"width\":1500,\"height\":1500,\"caption\":\"Summery baby hat with stars - MOLO\"},{\"@type\":\"BreadcrumbList\",\"@id\":\"https:\/\/petitekingdom.com\/lv\/shop\/summery-baby-hat-with-stars\/#breadcrumb\",\"itemListElement\":[{\"@type\":\"ListItem\",\"position\":1,\"name\":\"Home\",\"item\":\"https:\/\/petitekingdom.com\/lv\/\"},{\"@type\":\"ListItem\",\"position\":2,\"name\":\"Veikals\",\"item\":\"https:\/\/petitekingdom.com\/lv\/veikals\/\"},{\"@type\":\"ListItem\",\"position\":3,\"name\":\"Summery baby hat with stars\"}]},{\"@type\":\"WebSite\",\"@id\":\"https:\/\/petitekingdom.com\/#website\",\"url\":\"https:\/\/petitekingdom.com\/\",\"name\":\"Petite Kingdom\",\"description\":\"B\u0113rnu izt\u0113lei nav robe\u017eu\",\"publisher\":{\"@id\":\"https:\/\/petitekingdom.com\/#organization\"},\"potentialAction\":[{\"@type\":\"SearchAction\",\"target\":{\"@type\":\"EntryPoint\",\"urlTemplate\":\"https:\/\/petitekingdom.com\/?s={search_term_string}\"},\"query-input\":{\"@type\":\"PropertyValueSpecification\",\"valueRequired\":true,\"valueName\":\"search_term_string\"}}],\"inLanguage\":\"lv-LV\"},{\"@type\":\"Organization\",\"@id\":\"https:\/\/petitekingdom.com\/#organization\",\"name\":\"Petite Kingdom\",\"url\":\"https:\/\/petitekingdom.com\/\",\"logo\":{\"@type\":\"ImageObject\",\"inLanguage\":\"lv-LV\",\"@id\":\"https:\/\/petitekingdom.com\/#\/schema\/logo\/image\/\",\"url\":\"https:\/\/petitekingdom.com\/wp-content\/uploads\/2021\/04\/PT_logo_blackPNG.png\",\"contentUrl\":\"https:\/\/petitekingdom.com\/wp-content\/uploads\/2021\/04\/PT_logo_blackPNG.png\",\"width\":1158,\"height\":500,\"caption\":\"Petite Kingdom\"},\"image\":{\"@id\":\"https:\/\/petitekingdom.com\/#\/schema\/logo\/image\/\"},\"sameAs\":[\"https:\/\/www.facebook.com\/Petite-Kingdom-114272640862559\",\"https:\/\/www.instagram.com\/petite_kingdom\/\"]}]}<\/script>\n<!-- \/ Yoast SEO Premium plugin. -->","yoast_head_json":{"title":"Summery baby hat with stars &#8226; Petite Kingdom","robots":{"index":"index","follow":"follow","max-snippet":"max-snippet:-1","max-image-preview":"max-image-preview:large","max-video-preview":"max-video-preview:-1"},"canonical":"https:\/\/petitekingdom.com\/lv\/shop\/summery-baby-hat-with-stars\/","og_locale":"lv_LV","og_type":"article","og_title":"Summery baby hat with stars","og_description":"This Molo sweet, summery baby hat with small stars in all the colors of the rainbow with a delicate ruffle edge will be useful item for the summer. The hat has practical ties. This Molo product is GOTS certified organic, which means that it is made with certified organic materials and produced under the strictest social and environmental standards throughout the entire manufacturing process.","og_url":"https:\/\/petitekingdom.com\/lv\/shop\/summery-baby-hat-with-stars\/","og_site_name":"Petite Kingdom","article_publisher":"https:\/\/www.facebook.com\/Petite-Kingdom-114272640862559","article_modified_time":"2025-08-28T11:36:59+00:00","og_image":[{"width":1500,"height":1500,"url":"https:\/\/petitekingdom.com\/wp-content\/uploads\/2023\/08\/summery-baby-hat-with-stars-molo.jpg","type":"image\/jpeg"}],"twitter_card":"summary_large_image","schema":{"@context":"https:\/\/schema.org","@graph":[{"@type":"WebPage","@id":"https:\/\/petitekingdom.com\/lv\/shop\/summery-baby-hat-with-stars\/","url":"https:\/\/petitekingdom.com\/lv\/shop\/summery-baby-hat-with-stars\/","name":"Summery baby hat with stars &#8226; Petite Kingdom","isPartOf":{"@id":"https:\/\/petitekingdom.com\/#website"},"primaryImageOfPage":{"@id":"https:\/\/petitekingdom.com\/lv\/shop\/summery-baby-hat-with-stars\/#primaryimage"},"image":{"@id":"https:\/\/petitekingdom.com\/lv\/shop\/summery-baby-hat-with-stars\/#primaryimage"},"thumbnailUrl":"https:\/\/petitekingdom.com\/wp-content\/uploads\/2023\/08\/summery-baby-hat-with-stars-molo.jpg","datePublished":"2023-08-11T10:25:46+00:00","dateModified":"2025-08-28T11:36:59+00:00","breadcrumb":{"@id":"https:\/\/petitekingdom.com\/lv\/shop\/summery-baby-hat-with-stars\/#breadcrumb"},"inLanguage":"lv-LV","potentialAction":[{"@type":"ReadAction","target":["https:\/\/petitekingdom.com\/lv\/shop\/summery-baby-hat-with-stars\/"]}]},{"@type":"ImageObject","inLanguage":"lv-LV","@id":"https:\/\/petitekingdom.com\/lv\/shop\/summery-baby-hat-with-stars\/#primaryimage","url":"https:\/\/petitekingdom.com\/wp-content\/uploads\/2023\/08\/summery-baby-hat-with-stars-molo.jpg","contentUrl":"https:\/\/petitekingdom.com\/wp-content\/uploads\/2023\/08\/summery-baby-hat-with-stars-molo.jpg","width":1500,"height":1500,"caption":"Summery baby hat with stars - MOLO"},{"@type":"BreadcrumbList","@id":"https:\/\/petitekingdom.com\/lv\/shop\/summery-baby-hat-with-stars\/#breadcrumb","itemListElement":[{"@type":"ListItem","position":1,"name":"Home","item":"https:\/\/petitekingdom.com\/lv\/"},{"@type":"ListItem","position":2,"name":"Veikals","item":"https:\/\/petitekingdom.com\/lv\/veikals\/"},{"@type":"ListItem","position":3,"name":"Summery baby hat with stars"}]},{"@type":"WebSite","@id":"https:\/\/petitekingdom.com\/#website","url":"https:\/\/petitekingdom.com\/","name":"Petite Kingdom","description":"B\u0113rnu izt\u0113lei nav robe\u017eu","publisher":{"@id":"https:\/\/petitekingdom.com\/#organization"},"potentialAction":[{"@type":"SearchAction","target":{"@type":"EntryPoint","urlTemplate":"https:\/\/petitekingdom.com\/?s={search_term_string}"},"query-input":{"@type":"PropertyValueSpecification","valueRequired":true,"valueName":"search_term_string"}}],"inLanguage":"lv-LV"},{"@type":"Organization","@id":"https:\/\/petitekingdom.com\/#organization","name":"Petite Kingdom","url":"https:\/\/petitekingdom.com\/","logo":{"@type":"ImageObject","inLanguage":"lv-LV","@id":"https:\/\/petitekingdom.com\/#\/schema\/logo\/image\/","url":"https:\/\/petitekingdom.com\/wp-content\/uploads\/2021\/04\/PT_logo_blackPNG.png","contentUrl":"https:\/\/petitekingdom.com\/wp-content\/uploads\/2021\/04\/PT_logo_blackPNG.png","width":1158,"height":500,"caption":"Petite Kingdom"},"image":{"@id":"https:\/\/petitekingdom.com\/#\/schema\/logo\/image\/"},"sameAs":["https:\/\/www.facebook.com\/Petite-Kingdom-114272640862559","https:\/\/www.instagram.com\/petite_kingdom\/"]}]}},"_links":{"self":[{"href":"https:\/\/petitekingdom.com\/lv\/wp-json\/wp\/v2\/product\/47226"}],"collection":[{"href":"https:\/\/petitekingdom.com\/lv\/wp-json\/wp\/v2\/product"}],"about":[{"href":"https:\/\/petitekingdom.com\/lv\/wp-json\/wp\/v2\/types\/product"}],"wp:featuredmedia":[{"embeddable":true,"href":"https:\/\/petitekingdom.com\/lv\/wp-json\/wp\/v2\/media\/47227"}],"wp:attachment":[{"href":"https:\/\/petitekingdom.com\/lv\/wp-json\/wp\/v2\/media?parent=47226"}],"wp:term":[{"taxonomy":"product_cat","embeddable":true,"href":"https:\/\/petitekingdom.com\/lv\/wp-json\/wp\/v2\/product_cat?post=47226"},{"taxonomy":"product_tag","embeddable":true,"href":"https:\/\/petitekingdom.com\/lv\/wp-json\/wp\/v2\/product_tag?post=47226"},{"taxonomy":"product-material","embeddable":true,"href":"https:\/\/petitekingdom.com\/lv\/wp-json\/wp\/v2\/product-material?post=47226"},{"taxonomy":"product-type","embeddable":true,"href":"https:\/\/petitekingdom.com\/lv\/wp-json\/wp\/v2\/product-type?post=47226"},{"taxonomy":"designers","embeddable":true,"href":"https:\/\/petitekingdom.com\/lv\/wp-json\/wp\/v2\/designers?post=47226"}],"curies":[{"name":"wp","href":"https:\/\/api.w.org\/{rel}","templated":true}]}}