{"id":46661,"date":"2023-07-28T11:27:37","date_gmt":"2023-07-28T08:35:25","guid":{"rendered":"https:\/\/petitekingdom.com\/shop\/uncategorized\/astonkaja-odela-davanu-komplekts\/"},"modified":"2023-07-28T12:02:37","modified_gmt":"2023-07-28T09:02:37","slug":"astonkaja-odela-davanu-komplekts","status":"publish","type":"product","link":"https:\/\/petitekingdom.com\/lv\/veikals\/astonkaja-odela-davanu-komplekts\/","title":{"rendered":"Asto\u0146k\u0101ja Odela d\u0101vanu komplekts"},"content":{"rendered":"<ul>\n<li>Kastes izm\u0113rs: Augstums 18 cm x Platums 18 cm<\/li>\n<li>D\u0101vanu komplekt\u0101 ietilpst: musl\u012bns, rota\u013clieta un d\u0101vanu kast\u012bte<\/li>\n<li>Musl\u012bna izm\u0113rs: 70 x 70cm<\/li>\n<li>Rota\u013clietas izm\u0113rs: 12 x 5 x 3 cm<\/li>\n<li>Piem\u0113rots kop\u0161 dzim\u0161anas.<\/li>\n<li>Mazg\u0101t tikai ar rok\u0101m; ne\u017e\u0101v\u0113jiet ve\u013cas ma\u0161\u012bn\u0101, net\u012briet \u0137\u012bmiski un negludiniet. Nav ieteicams mazg\u0101t ve\u013cas ma\u0161\u012bn\u0101.<\/li>\n<\/ul>\n","protected":false},"excerpt":{"rendered":"<p>Atveriet Odela Asto\u0146k\u0101ja d\u0101vanu komplektu, lai atkl\u0101tu zem\u016bdens maiguma pasauli! \u0160\u012b kora\u013c\u013cu smukul\u012bte ir veidota ar jautr\u0101m j\u016bras apdruk\u0101m, ar m\u012bkst\u0101m ka\u017eok\u0101das un kr\u0113mkr\u0101sas taustek\u013ciem, un t\u0101 ir iepakota kop\u0101 ar saldu kokvilnas musl\u012bnu.<\/p>\n","protected":false},"featured_media":46656,"template":"","meta":{"_acf_changed":false},"product_cat":[1180,1208,1655,1210,1211,1367,1271,1354,1357],"product_tag":[],"product-material":[],"product-type":[],"designers":[1830],"class_list":{"0":"post-46661","1":"product","2":"type-product","3":"status-publish","4":"has-post-thumbnail","6":"product_cat-zidainu-apgerbs","7":"product_cat-zidaina-purins","8":"product_cat-jaunumi","9":"product_cat-bernistaba","10":"product_cat-tekstils-berniem","11":"product_cat-muslina-autini","12":"product_cat-speles-rotallietas-berniem","13":"product_cat-mikstas-rotallietas","14":"product_cat-mikstas-citas","15":"designers-jellycat-lv","17":"first","18":"instock","19":"taxable","20":"shipping-taxable","21":"purchasable","22":"product-type-simple"},"acf":[],"yoast_head":"<!-- This site is optimized with the Yoast SEO Premium plugin v23.7 (Yoast SEO v23.7) - https:\/\/yoast.com\/wordpress\/plugins\/seo\/ -->\n<title>Asto\u0146k\u0101ja Odela d\u0101vanu komplekts &#8226; Petite Kingdom<\/title>\n<meta name=\"robots\" content=\"index, follow, max-snippet:-1, max-image-preview:large, max-video-preview:-1\" \/>\n<link rel=\"canonical\" href=\"https:\/\/petitekingdom.com\/lv\/veikals\/astonkaja-odela-davanu-komplekts\/\" \/>\n<meta property=\"og:locale\" content=\"lv_LV\" \/>\n<meta property=\"og:type\" content=\"article\" \/>\n<meta property=\"og:title\" content=\"Asto\u0146k\u0101ja Odela d\u0101vanu komplekts\" \/>\n<meta property=\"og:description\" content=\"Atveriet Odela Asto\u0146k\u0101ja d\u0101vanu komplektu, lai atkl\u0101tu zem\u016bdens maiguma pasauli! \u0160\u012b kora\u013c\u013cu smukul\u012bte ir veidota ar jautr\u0101m j\u016bras apdruk\u0101m, ar m\u012bkst\u0101m ka\u017eok\u0101das un kr\u0113mkr\u0101sas taustek\u013ciem, un t\u0101 ir iepakota kop\u0101 ar saldu kokvilnas musl\u012bnu.\" \/>\n<meta property=\"og:url\" content=\"https:\/\/petitekingdom.com\/lv\/veikals\/astonkaja-odela-davanu-komplekts\/\" \/>\n<meta property=\"og:site_name\" content=\"Petite Kingdom\" \/>\n<meta property=\"article:publisher\" content=\"https:\/\/www.facebook.com\/Petite-Kingdom-114272640862559\" \/>\n<meta property=\"article:modified_time\" content=\"2023-07-28T09:02:37+00:00\" \/>\n<meta property=\"og:image\" content=\"https:\/\/linen-spoonbill-297917.hostingersite.com\/wp-content\/uploads\/2023\/07\/odell-octopus-gift-set-jellycat.jpg\" \/>\n\t<meta property=\"og:image:width\" content=\"1000\" \/>\n\t<meta property=\"og:image:height\" content=\"1000\" \/>\n\t<meta property=\"og:image:type\" content=\"image\/jpeg\" \/>\n<meta name=\"twitter:card\" content=\"summary_large_image\" \/>\n<script type=\"application\/ld+json\" class=\"yoast-schema-graph\">{\"@context\":\"https:\/\/schema.org\",\"@graph\":[{\"@type\":\"WebPage\",\"@id\":\"https:\/\/petitekingdom.com\/lv\/veikals\/astonkaja-odela-davanu-komplekts\/\",\"url\":\"https:\/\/petitekingdom.com\/lv\/veikals\/astonkaja-odela-davanu-komplekts\/\",\"name\":\"Asto\u0146k\u0101ja Odela d\u0101vanu komplekts &#8226; Petite Kingdom\",\"isPartOf\":{\"@id\":\"https:\/\/petitekingdom.com\/#website\"},\"primaryImageOfPage\":{\"@id\":\"https:\/\/petitekingdom.com\/lv\/veikals\/astonkaja-odela-davanu-komplekts\/#primaryimage\"},\"image\":{\"@id\":\"https:\/\/petitekingdom.com\/lv\/veikals\/astonkaja-odela-davanu-komplekts\/#primaryimage\"},\"thumbnailUrl\":\"https:\/\/petitekingdom.com\/wp-content\/uploads\/2023\/07\/odell-octopus-gift-set-jellycat.jpg\",\"datePublished\":\"2023-07-28T08:35:25+00:00\",\"dateModified\":\"2023-07-28T09:02:37+00:00\",\"breadcrumb\":{\"@id\":\"https:\/\/petitekingdom.com\/lv\/veikals\/astonkaja-odela-davanu-komplekts\/#breadcrumb\"},\"inLanguage\":\"lv-LV\",\"potentialAction\":[{\"@type\":\"ReadAction\",\"target\":[\"https:\/\/petitekingdom.com\/lv\/veikals\/astonkaja-odela-davanu-komplekts\/\"]}]},{\"@type\":\"ImageObject\",\"inLanguage\":\"lv-LV\",\"@id\":\"https:\/\/petitekingdom.com\/lv\/veikals\/astonkaja-odela-davanu-komplekts\/#primaryimage\",\"url\":\"https:\/\/petitekingdom.com\/wp-content\/uploads\/2023\/07\/odell-octopus-gift-set-jellycat.jpg\",\"contentUrl\":\"https:\/\/petitekingdom.com\/wp-content\/uploads\/2023\/07\/odell-octopus-gift-set-jellycat.jpg\",\"width\":1000,\"height\":1000,\"caption\":\"Asto\u0146k\u0101ja Odela d\u0101vanu komplekts - Jellycat\"},{\"@type\":\"BreadcrumbList\",\"@id\":\"https:\/\/petitekingdom.com\/lv\/veikals\/astonkaja-odela-davanu-komplekts\/#breadcrumb\",\"itemListElement\":[{\"@type\":\"ListItem\",\"position\":1,\"name\":\"Home\",\"item\":\"https:\/\/petitekingdom.com\/lv\/\"},{\"@type\":\"ListItem\",\"position\":2,\"name\":\"Veikals\",\"item\":\"https:\/\/petitekingdom.com\/lv\/veikals\/\"},{\"@type\":\"ListItem\",\"position\":3,\"name\":\"Asto\u0146k\u0101ja Odela d\u0101vanu komplekts\"}]},{\"@type\":\"WebSite\",\"@id\":\"https:\/\/petitekingdom.com\/#website\",\"url\":\"https:\/\/petitekingdom.com\/\",\"name\":\"Petite Kingdom\",\"description\":\"B\u0113rnu izt\u0113lei nav robe\u017eu\",\"publisher\":{\"@id\":\"https:\/\/petitekingdom.com\/#organization\"},\"potentialAction\":[{\"@type\":\"SearchAction\",\"target\":{\"@type\":\"EntryPoint\",\"urlTemplate\":\"https:\/\/petitekingdom.com\/?s={search_term_string}\"},\"query-input\":{\"@type\":\"PropertyValueSpecification\",\"valueRequired\":true,\"valueName\":\"search_term_string\"}}],\"inLanguage\":\"lv-LV\"},{\"@type\":\"Organization\",\"@id\":\"https:\/\/petitekingdom.com\/#organization\",\"name\":\"Petite Kingdom\",\"url\":\"https:\/\/petitekingdom.com\/\",\"logo\":{\"@type\":\"ImageObject\",\"inLanguage\":\"lv-LV\",\"@id\":\"https:\/\/petitekingdom.com\/#\/schema\/logo\/image\/\",\"url\":\"https:\/\/petitekingdom.com\/wp-content\/uploads\/2021\/04\/PT_logo_blackPNG.png\",\"contentUrl\":\"https:\/\/petitekingdom.com\/wp-content\/uploads\/2021\/04\/PT_logo_blackPNG.png\",\"width\":1158,\"height\":500,\"caption\":\"Petite Kingdom\"},\"image\":{\"@id\":\"https:\/\/petitekingdom.com\/#\/schema\/logo\/image\/\"},\"sameAs\":[\"https:\/\/www.facebook.com\/Petite-Kingdom-114272640862559\",\"https:\/\/www.instagram.com\/petite_kingdom\/\"]}]}<\/script>\n<!-- \/ Yoast SEO Premium plugin. -->","yoast_head_json":{"title":"Asto\u0146k\u0101ja Odela d\u0101vanu komplekts &#8226; Petite Kingdom","robots":{"index":"index","follow":"follow","max-snippet":"max-snippet:-1","max-image-preview":"max-image-preview:large","max-video-preview":"max-video-preview:-1"},"canonical":"https:\/\/petitekingdom.com\/lv\/veikals\/astonkaja-odela-davanu-komplekts\/","og_locale":"lv_LV","og_type":"article","og_title":"Asto\u0146k\u0101ja Odela d\u0101vanu komplekts","og_description":"Atveriet Odela Asto\u0146k\u0101ja d\u0101vanu komplektu, lai atkl\u0101tu zem\u016bdens maiguma pasauli! \u0160\u012b kora\u013c\u013cu smukul\u012bte ir veidota ar jautr\u0101m j\u016bras apdruk\u0101m, ar m\u012bkst\u0101m ka\u017eok\u0101das un kr\u0113mkr\u0101sas taustek\u013ciem, un t\u0101 ir iepakota kop\u0101 ar saldu kokvilnas musl\u012bnu.","og_url":"https:\/\/petitekingdom.com\/lv\/veikals\/astonkaja-odela-davanu-komplekts\/","og_site_name":"Petite Kingdom","article_publisher":"https:\/\/www.facebook.com\/Petite-Kingdom-114272640862559","article_modified_time":"2023-07-28T09:02:37+00:00","og_image":[{"width":1000,"height":1000,"url":"https:\/\/linen-spoonbill-297917.hostingersite.com\/wp-content\/uploads\/2023\/07\/odell-octopus-gift-set-jellycat.jpg","type":"image\/jpeg"}],"twitter_card":"summary_large_image","schema":{"@context":"https:\/\/schema.org","@graph":[{"@type":"WebPage","@id":"https:\/\/petitekingdom.com\/lv\/veikals\/astonkaja-odela-davanu-komplekts\/","url":"https:\/\/petitekingdom.com\/lv\/veikals\/astonkaja-odela-davanu-komplekts\/","name":"Asto\u0146k\u0101ja Odela d\u0101vanu komplekts &#8226; Petite Kingdom","isPartOf":{"@id":"https:\/\/petitekingdom.com\/#website"},"primaryImageOfPage":{"@id":"https:\/\/petitekingdom.com\/lv\/veikals\/astonkaja-odela-davanu-komplekts\/#primaryimage"},"image":{"@id":"https:\/\/petitekingdom.com\/lv\/veikals\/astonkaja-odela-davanu-komplekts\/#primaryimage"},"thumbnailUrl":"https:\/\/petitekingdom.com\/wp-content\/uploads\/2023\/07\/odell-octopus-gift-set-jellycat.jpg","datePublished":"2023-07-28T08:35:25+00:00","dateModified":"2023-07-28T09:02:37+00:00","breadcrumb":{"@id":"https:\/\/petitekingdom.com\/lv\/veikals\/astonkaja-odela-davanu-komplekts\/#breadcrumb"},"inLanguage":"lv-LV","potentialAction":[{"@type":"ReadAction","target":["https:\/\/petitekingdom.com\/lv\/veikals\/astonkaja-odela-davanu-komplekts\/"]}]},{"@type":"ImageObject","inLanguage":"lv-LV","@id":"https:\/\/petitekingdom.com\/lv\/veikals\/astonkaja-odela-davanu-komplekts\/#primaryimage","url":"https:\/\/petitekingdom.com\/wp-content\/uploads\/2023\/07\/odell-octopus-gift-set-jellycat.jpg","contentUrl":"https:\/\/petitekingdom.com\/wp-content\/uploads\/2023\/07\/odell-octopus-gift-set-jellycat.jpg","width":1000,"height":1000,"caption":"Asto\u0146k\u0101ja Odela d\u0101vanu komplekts - Jellycat"},{"@type":"BreadcrumbList","@id":"https:\/\/petitekingdom.com\/lv\/veikals\/astonkaja-odela-davanu-komplekts\/#breadcrumb","itemListElement":[{"@type":"ListItem","position":1,"name":"Home","item":"https:\/\/petitekingdom.com\/lv\/"},{"@type":"ListItem","position":2,"name":"Veikals","item":"https:\/\/petitekingdom.com\/lv\/veikals\/"},{"@type":"ListItem","position":3,"name":"Asto\u0146k\u0101ja Odela d\u0101vanu komplekts"}]},{"@type":"WebSite","@id":"https:\/\/petitekingdom.com\/#website","url":"https:\/\/petitekingdom.com\/","name":"Petite Kingdom","description":"B\u0113rnu izt\u0113lei nav robe\u017eu","publisher":{"@id":"https:\/\/petitekingdom.com\/#organization"},"potentialAction":[{"@type":"SearchAction","target":{"@type":"EntryPoint","urlTemplate":"https:\/\/petitekingdom.com\/?s={search_term_string}"},"query-input":{"@type":"PropertyValueSpecification","valueRequired":true,"valueName":"search_term_string"}}],"inLanguage":"lv-LV"},{"@type":"Organization","@id":"https:\/\/petitekingdom.com\/#organization","name":"Petite Kingdom","url":"https:\/\/petitekingdom.com\/","logo":{"@type":"ImageObject","inLanguage":"lv-LV","@id":"https:\/\/petitekingdom.com\/#\/schema\/logo\/image\/","url":"https:\/\/petitekingdom.com\/wp-content\/uploads\/2021\/04\/PT_logo_blackPNG.png","contentUrl":"https:\/\/petitekingdom.com\/wp-content\/uploads\/2021\/04\/PT_logo_blackPNG.png","width":1158,"height":500,"caption":"Petite Kingdom"},"image":{"@id":"https:\/\/petitekingdom.com\/#\/schema\/logo\/image\/"},"sameAs":["https:\/\/www.facebook.com\/Petite-Kingdom-114272640862559","https:\/\/www.instagram.com\/petite_kingdom\/"]}]}},"_links":{"self":[{"href":"https:\/\/petitekingdom.com\/lv\/wp-json\/wp\/v2\/product\/46661"}],"collection":[{"href":"https:\/\/petitekingdom.com\/lv\/wp-json\/wp\/v2\/product"}],"about":[{"href":"https:\/\/petitekingdom.com\/lv\/wp-json\/wp\/v2\/types\/product"}],"wp:featuredmedia":[{"embeddable":true,"href":"https:\/\/petitekingdom.com\/lv\/wp-json\/wp\/v2\/media\/46656"}],"wp:attachment":[{"href":"https:\/\/petitekingdom.com\/lv\/wp-json\/wp\/v2\/media?parent=46661"}],"wp:term":[{"taxonomy":"product_cat","embeddable":true,"href":"https:\/\/petitekingdom.com\/lv\/wp-json\/wp\/v2\/product_cat?post=46661"},{"taxonomy":"product_tag","embeddable":true,"href":"https:\/\/petitekingdom.com\/lv\/wp-json\/wp\/v2\/product_tag?post=46661"},{"taxonomy":"product-material","embeddable":true,"href":"https:\/\/petitekingdom.com\/lv\/wp-json\/wp\/v2\/product-material?post=46661"},{"taxonomy":"product-type","embeddable":true,"href":"https:\/\/petitekingdom.com\/lv\/wp-json\/wp\/v2\/product-type?post=46661"},{"taxonomy":"designers","embeddable":true,"href":"https:\/\/petitekingdom.com\/lv\/wp-json\/wp\/v2\/designers?post=46661"}],"curies":[{"name":"wp","href":"https:\/\/api.w.org\/{rel}","templated":true}]}}