{"id":46603,"date":"2023-07-21T18:09:38","date_gmt":"2023-07-21T15:14:42","guid":{"rendered":"https:\/\/petitekingdom.com\/shop\/uncategorized\/dzelteni-stripaini-3-4-legingi\/"},"modified":"2023-07-21T18:14:42","modified_gmt":"2023-07-21T15:14:42","slug":"yellow-stripe-3-4-leggings","status":"publish","type":"product","link":"https:\/\/petitekingdom.com\/lv\/shop\/dzelteni-stripaini-3-4-legingi\/","title":{"rendered":"Dzelteni str\u012bpaini 3\/4 legingi"},"content":{"rendered":"<ul>\n<li>95 % Kokvilna 5 % Likra<\/li>\n<li>Mazg\u0101\u0161ana 40 gr\u0101dos<\/li>\n<li> <span id=\"CHECKBOXGROUP-1-0-0-1-50-0\" class=\"boolean\"><\/span>Elast\u012bga gumija jostasviet\u0101<\/li>\n<\/ul>\n","protected":false},"excerpt":{"rendered":"<p>Neatkar\u012bgi no t\u0101, vai tie tiek valk\u0101ti k\u0101 ikdienas aksesu\u0101rs, ar kleit\u0101m vai k\u0101 relaks\u0113jo\u0161a atp\u016btas ap\u0123\u0113rba da\u013ca, \u0161ie m\u012bkst\u0101 d\u017eersija kapri legingi ar klasisk\u0101m sv\u012btr\u0101m ir oblig\u0101ta gardeorobes sast\u0101vda\u013ca.<\/p>\n","protected":false},"featured_media":46594,"template":"","meta":{"_acf_changed":false},"product_cat":[1192,1240,1242,1655,1605,1674],"product_tag":[],"product-material":[],"product-type":[],"designers":[1624],"class_list":{"0":"post-46603","1":"product","2":"type-product","3":"status-publish","4":"has-post-thumbnail","6":"product_cat-meitenes","7":"product_cat-bikses-meitenem","8":"product_cat-meitenu-legingi","9":"product_cat-jaunumi","10":"product_cat-izpardosana","11":"product_cat-sezonas-izpardosana","12":"designers-steiff-lv","14":"first","15":"instock","16":"sale","17":"taxable","18":"shipping-taxable","19":"purchasable","20":"product-type-variable"},"acf":[],"yoast_head":"<!-- This site is optimized with the Yoast SEO Premium plugin v23.7 (Yoast SEO v23.7) - https:\/\/yoast.com\/wordpress\/plugins\/seo\/ -->\n<title>Dzelteni str\u012bpaini 3\/4 legingi &#8226; Petite Kingdom<\/title>\n<meta name=\"robots\" content=\"index, follow, max-snippet:-1, max-image-preview:large, max-video-preview:-1\" \/>\n<link rel=\"canonical\" href=\"https:\/\/petitekingdom.com\/lv\/shop\/dzelteni-stripaini-3-4-legingi\/\" \/>\n<meta property=\"og:locale\" content=\"lv_LV\" \/>\n<meta property=\"og:type\" content=\"article\" \/>\n<meta property=\"og:title\" content=\"Dzelteni str\u012bpaini 3\/4 legingi\" \/>\n<meta property=\"og:description\" content=\"Neatkar\u012bgi no t\u0101, vai tie tiek valk\u0101ti k\u0101 ikdienas aksesu\u0101rs, ar kleit\u0101m vai k\u0101 relaks\u0113jo\u0161a atp\u016btas ap\u0123\u0113rba da\u013ca, \u0161ie m\u012bkst\u0101 d\u017eersija kapri legingi ar klasisk\u0101m sv\u012btr\u0101m ir oblig\u0101ta gardeorobes sast\u0101vda\u013ca.\" \/>\n<meta property=\"og:url\" content=\"https:\/\/petitekingdom.com\/lv\/shop\/dzelteni-stripaini-3-4-legingi\/\" \/>\n<meta property=\"og:site_name\" content=\"Petite Kingdom\" \/>\n<meta property=\"article:publisher\" content=\"https:\/\/www.facebook.com\/Petite-Kingdom-114272640862559\" \/>\n<meta property=\"og:image\" content=\"https:\/\/petitekingdom.com\/wp-content\/uploads\/2023\/07\/yellow-stripe-34-leggings.jpg\" \/>\n\t<meta property=\"og:image:width\" content=\"1920\" \/>\n\t<meta property=\"og:image:height\" content=\"1920\" \/>\n\t<meta property=\"og:image:type\" content=\"image\/jpeg\" \/>\n<meta name=\"twitter:card\" content=\"summary_large_image\" \/>\n<script type=\"application\/ld+json\" class=\"yoast-schema-graph\">{\"@context\":\"https:\/\/schema.org\",\"@graph\":[{\"@type\":\"WebPage\",\"@id\":\"https:\/\/petitekingdom.com\/lv\/shop\/dzelteni-stripaini-3-4-legingi\/\",\"url\":\"https:\/\/petitekingdom.com\/lv\/shop\/dzelteni-stripaini-3-4-legingi\/\",\"name\":\"Dzelteni str\u012bpaini 3\/4 legingi &#8226; Petite Kingdom\",\"isPartOf\":{\"@id\":\"https:\/\/petitekingdom.com\/#website\"},\"primaryImageOfPage\":{\"@id\":\"https:\/\/petitekingdom.com\/lv\/shop\/dzelteni-stripaini-3-4-legingi\/#primaryimage\"},\"image\":{\"@id\":\"https:\/\/petitekingdom.com\/lv\/shop\/dzelteni-stripaini-3-4-legingi\/#primaryimage\"},\"thumbnailUrl\":\"https:\/\/petitekingdom.com\/wp-content\/uploads\/2023\/07\/yellow-stripe-34-leggings.jpg\",\"datePublished\":\"2023-07-21T15:14:42+00:00\",\"dateModified\":\"2023-07-21T15:14:42+00:00\",\"breadcrumb\":{\"@id\":\"https:\/\/petitekingdom.com\/lv\/shop\/dzelteni-stripaini-3-4-legingi\/#breadcrumb\"},\"inLanguage\":\"lv-LV\",\"potentialAction\":[{\"@type\":\"ReadAction\",\"target\":[\"https:\/\/petitekingdom.com\/lv\/shop\/dzelteni-stripaini-3-4-legingi\/\"]}]},{\"@type\":\"ImageObject\",\"inLanguage\":\"lv-LV\",\"@id\":\"https:\/\/petitekingdom.com\/lv\/shop\/dzelteni-stripaini-3-4-legingi\/#primaryimage\",\"url\":\"https:\/\/petitekingdom.com\/wp-content\/uploads\/2023\/07\/yellow-stripe-34-leggings.jpg\",\"contentUrl\":\"https:\/\/petitekingdom.com\/wp-content\/uploads\/2023\/07\/yellow-stripe-34-leggings.jpg\",\"width\":1920,\"height\":1920,\"caption\":\"Dzelteni str\u012bpaini 3\/4 legingi\"},{\"@type\":\"BreadcrumbList\",\"@id\":\"https:\/\/petitekingdom.com\/lv\/shop\/dzelteni-stripaini-3-4-legingi\/#breadcrumb\",\"itemListElement\":[{\"@type\":\"ListItem\",\"position\":1,\"name\":\"Home\",\"item\":\"https:\/\/petitekingdom.com\/lv\/\"},{\"@type\":\"ListItem\",\"position\":2,\"name\":\"Veikals\",\"item\":\"https:\/\/petitekingdom.com\/lv\/veikals\/\"},{\"@type\":\"ListItem\",\"position\":3,\"name\":\"Dzelteni str\u012bpaini 3\/4 legingi\"}]},{\"@type\":\"WebSite\",\"@id\":\"https:\/\/petitekingdom.com\/#website\",\"url\":\"https:\/\/petitekingdom.com\/\",\"name\":\"Petite Kingdom\",\"description\":\"B\u0113rnu izt\u0113lei nav robe\u017eu\",\"publisher\":{\"@id\":\"https:\/\/petitekingdom.com\/#organization\"},\"potentialAction\":[{\"@type\":\"SearchAction\",\"target\":{\"@type\":\"EntryPoint\",\"urlTemplate\":\"https:\/\/petitekingdom.com\/?s={search_term_string}\"},\"query-input\":{\"@type\":\"PropertyValueSpecification\",\"valueRequired\":true,\"valueName\":\"search_term_string\"}}],\"inLanguage\":\"lv-LV\"},{\"@type\":\"Organization\",\"@id\":\"https:\/\/petitekingdom.com\/#organization\",\"name\":\"Petite Kingdom\",\"url\":\"https:\/\/petitekingdom.com\/\",\"logo\":{\"@type\":\"ImageObject\",\"inLanguage\":\"lv-LV\",\"@id\":\"https:\/\/petitekingdom.com\/#\/schema\/logo\/image\/\",\"url\":\"https:\/\/petitekingdom.com\/wp-content\/uploads\/2021\/04\/PT_logo_blackPNG.png\",\"contentUrl\":\"https:\/\/petitekingdom.com\/wp-content\/uploads\/2021\/04\/PT_logo_blackPNG.png\",\"width\":1158,\"height\":500,\"caption\":\"Petite Kingdom\"},\"image\":{\"@id\":\"https:\/\/petitekingdom.com\/#\/schema\/logo\/image\/\"},\"sameAs\":[\"https:\/\/www.facebook.com\/Petite-Kingdom-114272640862559\",\"https:\/\/www.instagram.com\/petite_kingdom\/\"]}]}<\/script>\n<!-- \/ Yoast SEO Premium plugin. -->","yoast_head_json":{"title":"Dzelteni str\u012bpaini 3\/4 legingi &#8226; Petite Kingdom","robots":{"index":"index","follow":"follow","max-snippet":"max-snippet:-1","max-image-preview":"max-image-preview:large","max-video-preview":"max-video-preview:-1"},"canonical":"https:\/\/petitekingdom.com\/lv\/shop\/dzelteni-stripaini-3-4-legingi\/","og_locale":"lv_LV","og_type":"article","og_title":"Dzelteni str\u012bpaini 3\/4 legingi","og_description":"Neatkar\u012bgi no t\u0101, vai tie tiek valk\u0101ti k\u0101 ikdienas aksesu\u0101rs, ar kleit\u0101m vai k\u0101 relaks\u0113jo\u0161a atp\u016btas ap\u0123\u0113rba da\u013ca, \u0161ie m\u012bkst\u0101 d\u017eersija kapri legingi ar klasisk\u0101m sv\u012btr\u0101m ir oblig\u0101ta gardeorobes sast\u0101vda\u013ca.","og_url":"https:\/\/petitekingdom.com\/lv\/shop\/dzelteni-stripaini-3-4-legingi\/","og_site_name":"Petite Kingdom","article_publisher":"https:\/\/www.facebook.com\/Petite-Kingdom-114272640862559","og_image":[{"width":1920,"height":1920,"url":"https:\/\/petitekingdom.com\/wp-content\/uploads\/2023\/07\/yellow-stripe-34-leggings.jpg","type":"image\/jpeg"}],"twitter_card":"summary_large_image","schema":{"@context":"https:\/\/schema.org","@graph":[{"@type":"WebPage","@id":"https:\/\/petitekingdom.com\/lv\/shop\/dzelteni-stripaini-3-4-legingi\/","url":"https:\/\/petitekingdom.com\/lv\/shop\/dzelteni-stripaini-3-4-legingi\/","name":"Dzelteni str\u012bpaini 3\/4 legingi &#8226; Petite Kingdom","isPartOf":{"@id":"https:\/\/petitekingdom.com\/#website"},"primaryImageOfPage":{"@id":"https:\/\/petitekingdom.com\/lv\/shop\/dzelteni-stripaini-3-4-legingi\/#primaryimage"},"image":{"@id":"https:\/\/petitekingdom.com\/lv\/shop\/dzelteni-stripaini-3-4-legingi\/#primaryimage"},"thumbnailUrl":"https:\/\/petitekingdom.com\/wp-content\/uploads\/2023\/07\/yellow-stripe-34-leggings.jpg","datePublished":"2023-07-21T15:14:42+00:00","dateModified":"2023-07-21T15:14:42+00:00","breadcrumb":{"@id":"https:\/\/petitekingdom.com\/lv\/shop\/dzelteni-stripaini-3-4-legingi\/#breadcrumb"},"inLanguage":"lv-LV","potentialAction":[{"@type":"ReadAction","target":["https:\/\/petitekingdom.com\/lv\/shop\/dzelteni-stripaini-3-4-legingi\/"]}]},{"@type":"ImageObject","inLanguage":"lv-LV","@id":"https:\/\/petitekingdom.com\/lv\/shop\/dzelteni-stripaini-3-4-legingi\/#primaryimage","url":"https:\/\/petitekingdom.com\/wp-content\/uploads\/2023\/07\/yellow-stripe-34-leggings.jpg","contentUrl":"https:\/\/petitekingdom.com\/wp-content\/uploads\/2023\/07\/yellow-stripe-34-leggings.jpg","width":1920,"height":1920,"caption":"Dzelteni str\u012bpaini 3\/4 legingi"},{"@type":"BreadcrumbList","@id":"https:\/\/petitekingdom.com\/lv\/shop\/dzelteni-stripaini-3-4-legingi\/#breadcrumb","itemListElement":[{"@type":"ListItem","position":1,"name":"Home","item":"https:\/\/petitekingdom.com\/lv\/"},{"@type":"ListItem","position":2,"name":"Veikals","item":"https:\/\/petitekingdom.com\/lv\/veikals\/"},{"@type":"ListItem","position":3,"name":"Dzelteni str\u012bpaini 3\/4 legingi"}]},{"@type":"WebSite","@id":"https:\/\/petitekingdom.com\/#website","url":"https:\/\/petitekingdom.com\/","name":"Petite Kingdom","description":"B\u0113rnu izt\u0113lei nav robe\u017eu","publisher":{"@id":"https:\/\/petitekingdom.com\/#organization"},"potentialAction":[{"@type":"SearchAction","target":{"@type":"EntryPoint","urlTemplate":"https:\/\/petitekingdom.com\/?s={search_term_string}"},"query-input":{"@type":"PropertyValueSpecification","valueRequired":true,"valueName":"search_term_string"}}],"inLanguage":"lv-LV"},{"@type":"Organization","@id":"https:\/\/petitekingdom.com\/#organization","name":"Petite Kingdom","url":"https:\/\/petitekingdom.com\/","logo":{"@type":"ImageObject","inLanguage":"lv-LV","@id":"https:\/\/petitekingdom.com\/#\/schema\/logo\/image\/","url":"https:\/\/petitekingdom.com\/wp-content\/uploads\/2021\/04\/PT_logo_blackPNG.png","contentUrl":"https:\/\/petitekingdom.com\/wp-content\/uploads\/2021\/04\/PT_logo_blackPNG.png","width":1158,"height":500,"caption":"Petite Kingdom"},"image":{"@id":"https:\/\/petitekingdom.com\/#\/schema\/logo\/image\/"},"sameAs":["https:\/\/www.facebook.com\/Petite-Kingdom-114272640862559","https:\/\/www.instagram.com\/petite_kingdom\/"]}]}},"_links":{"self":[{"href":"https:\/\/petitekingdom.com\/lv\/wp-json\/wp\/v2\/product\/46603"}],"collection":[{"href":"https:\/\/petitekingdom.com\/lv\/wp-json\/wp\/v2\/product"}],"about":[{"href":"https:\/\/petitekingdom.com\/lv\/wp-json\/wp\/v2\/types\/product"}],"wp:featuredmedia":[{"embeddable":true,"href":"https:\/\/petitekingdom.com\/lv\/wp-json\/wp\/v2\/media\/46594"}],"wp:attachment":[{"href":"https:\/\/petitekingdom.com\/lv\/wp-json\/wp\/v2\/media?parent=46603"}],"wp:term":[{"taxonomy":"product_cat","embeddable":true,"href":"https:\/\/petitekingdom.com\/lv\/wp-json\/wp\/v2\/product_cat?post=46603"},{"taxonomy":"product_tag","embeddable":true,"href":"https:\/\/petitekingdom.com\/lv\/wp-json\/wp\/v2\/product_tag?post=46603"},{"taxonomy":"product-material","embeddable":true,"href":"https:\/\/petitekingdom.com\/lv\/wp-json\/wp\/v2\/product-material?post=46603"},{"taxonomy":"product-type","embeddable":true,"href":"https:\/\/petitekingdom.com\/lv\/wp-json\/wp\/v2\/product-type?post=46603"},{"taxonomy":"designers","embeddable":true,"href":"https:\/\/petitekingdom.com\/lv\/wp-json\/wp\/v2\/designers?post=46603"}],"curies":[{"name":"wp","href":"https:\/\/api.w.org\/{rel}","templated":true}]}}