{"id":46404,"date":"2023-07-20T13:10:45","date_gmt":"2023-07-20T10:13:11","guid":{"rendered":"https:\/\/petitekingdom.com\/shop\/uncategorized\/dzelteni-kokvilnas-sorti-ar-stripam\/"},"modified":"2023-07-21T10:12:10","modified_gmt":"2023-07-21T07:12:10","slug":"dzelteni-kokvilnas-sorti-ar-stripam","status":"publish","type":"product","link":"https:\/\/petitekingdom.com\/lv\/veikals\/dzelteni-kokvilnas-sorti-ar-stripam\/","title":{"rendered":"Dzelteni kokvilnas \u0161orti ar str\u012bp\u0101m"},"content":{"rendered":"<ul>\n<li>100 % Kokvilna<\/li>\n<li>Mazg\u0101t 30\u00b0 C saudz\u012bgaj\u0101 re\u017e\u012bm\u0101<\/li>\n<li><span id=\"CHECKBOXGROUP-1-0-0-1-48-0\" class=\"boolean\"><\/span>sasienamas aukli\u0146as<\/li>\n<li>Elast\u012bga gumija jostasviet\u0101<\/li>\n<li><span id=\"CHECKBOXGROUP-1-0-0-1-50-1\" class=\"boolean\"><\/span>Piel\u0101gota jostasvieta<\/li>\n<\/ul>\n","protected":false},"excerpt":{"rendered":"<p>\u0160ie kokvilnas \u0161orti ir lieliski piem\u0113roti un ir popul\u0101ra vasaras izv\u0113le z\u0113niem, kas v\u0113las piedz\u012bvojumus. Pateicoties praktiskajam uzvelkamajam dizainam ar m\u012bkstu, elast\u012bgu jostasvietu un aukli\u0146u izm\u0113ra regul\u0113\u0161anai, akt\u012bvie b\u0113rni var\u0113s br\u012bvi un \u0113rti p\u0101rvietoties \u0161ajos \u0161ortos, sp\u0113l\u0113joties, izklaid\u0113joties un izbaudot gar\u0101kus izbraucienus.<\/p>\n","protected":false},"featured_media":46399,"template":"","meta":{"_acf_changed":false},"product_cat":[1187,1188,1258,1655,1605,1674],"product_tag":[],"product-material":[],"product-type":[],"designers":[1624],"class_list":{"0":"post-46404","1":"product","2":"type-product","3":"status-publish","4":"has-post-thumbnail","6":"product_cat-zeni","7":"product_cat-zenu-bikses","8":"product_cat-zenu-sorti","9":"product_cat-jaunumi","10":"product_cat-izpardosana","11":"product_cat-sezonas-izpardosana","12":"designers-steiff-lv","14":"first","15":"instock","16":"sale","17":"taxable","18":"shipping-taxable","19":"purchasable","20":"product-type-variable"},"acf":[],"yoast_head":"<!-- This site is optimized with the Yoast SEO Premium plugin v23.7 (Yoast SEO v23.7) - https:\/\/yoast.com\/wordpress\/plugins\/seo\/ -->\n<title>Dzelteni kokvilnas \u0161orti ar str\u012bp\u0101m &#8226; Petite Kingdom<\/title>\n<meta name=\"robots\" content=\"index, follow, max-snippet:-1, max-image-preview:large, max-video-preview:-1\" \/>\n<link rel=\"canonical\" href=\"https:\/\/petitekingdom.com\/shop\/boys-yellow-cotton-shorts\/\" \/>\n<meta property=\"og:locale\" content=\"lv_LV\" \/>\n<meta property=\"og:type\" content=\"article\" \/>\n<meta property=\"og:title\" content=\"Dzelteni kokvilnas \u0161orti ar str\u012bp\u0101m\" \/>\n<meta property=\"og:description\" content=\"\u0160ie kokvilnas \u0161orti ir lieliski piem\u0113roti un ir popul\u0101ra vasaras izv\u0113le z\u0113niem, kas v\u0113las piedz\u012bvojumus. Pateicoties praktiskajam uzvelkamajam dizainam ar m\u012bkstu, elast\u012bgu jostasvietu un aukli\u0146u izm\u0113ra regul\u0113\u0161anai, akt\u012bvie b\u0113rni var\u0113s br\u012bvi un \u0113rti p\u0101rvietoties \u0161ajos \u0161ortos, sp\u0113l\u0113joties, izklaid\u0113joties un izbaudot gar\u0101kus izbraucienus.\" \/>\n<meta property=\"og:url\" content=\"https:\/\/petitekingdom.com\/shop\/boys-yellow-cotton-shorts\/\" \/>\n<meta property=\"og:site_name\" content=\"Petite Kingdom\" \/>\n<meta property=\"article:publisher\" content=\"https:\/\/www.facebook.com\/Petite-Kingdom-114272640862559\" \/>\n<meta property=\"article:modified_time\" content=\"2023-07-21T07:12:10+00:00\" \/>\n<meta property=\"og:image\" content=\"https:\/\/petitekingdom.com\/wp-content\/uploads\/2023\/07\/boys-yellow-cotton-shorts-steiff.jpg\" \/>\n\t<meta property=\"og:image:width\" content=\"1920\" \/>\n\t<meta property=\"og:image:height\" content=\"1920\" \/>\n\t<meta property=\"og:image:type\" content=\"image\/jpeg\" \/>\n<meta name=\"twitter:card\" content=\"summary_large_image\" \/>\n<script type=\"application\/ld+json\" class=\"yoast-schema-graph\">{\"@context\":\"https:\/\/schema.org\",\"@graph\":[{\"@type\":\"WebPage\",\"@id\":\"https:\/\/petitekingdom.com\/shop\/boys-yellow-cotton-shorts\/\",\"url\":\"https:\/\/petitekingdom.com\/shop\/boys-yellow-cotton-shorts\/\",\"name\":\"Dzelteni kokvilnas \u0161orti ar str\u012bp\u0101m &#8226; Petite Kingdom\",\"isPartOf\":{\"@id\":\"https:\/\/petitekingdom.com\/#website\"},\"primaryImageOfPage\":{\"@id\":\"https:\/\/petitekingdom.com\/shop\/boys-yellow-cotton-shorts\/#primaryimage\"},\"image\":{\"@id\":\"https:\/\/petitekingdom.com\/shop\/boys-yellow-cotton-shorts\/#primaryimage\"},\"thumbnailUrl\":\"https:\/\/petitekingdom.com\/wp-content\/uploads\/2023\/07\/boys-yellow-cotton-shorts-steiff.jpg\",\"datePublished\":\"2023-07-20T10:13:11+00:00\",\"dateModified\":\"2023-07-21T07:12:10+00:00\",\"breadcrumb\":{\"@id\":\"https:\/\/petitekingdom.com\/shop\/boys-yellow-cotton-shorts\/#breadcrumb\"},\"inLanguage\":\"lv-LV\",\"potentialAction\":[{\"@type\":\"ReadAction\",\"target\":[\"https:\/\/petitekingdom.com\/shop\/boys-yellow-cotton-shorts\/\"]}]},{\"@type\":\"ImageObject\",\"inLanguage\":\"lv-LV\",\"@id\":\"https:\/\/petitekingdom.com\/shop\/boys-yellow-cotton-shorts\/#primaryimage\",\"url\":\"https:\/\/petitekingdom.com\/wp-content\/uploads\/2023\/07\/boys-yellow-cotton-shorts-steiff.jpg\",\"contentUrl\":\"https:\/\/petitekingdom.com\/wp-content\/uploads\/2023\/07\/boys-yellow-cotton-shorts-steiff.jpg\",\"width\":1920,\"height\":1920,\"caption\":\"Dzelteni kokvilnas \u0161orti ar str\u012bp\u0101m - Steiff\"},{\"@type\":\"BreadcrumbList\",\"@id\":\"https:\/\/petitekingdom.com\/shop\/boys-yellow-cotton-shorts\/#breadcrumb\",\"itemListElement\":[{\"@type\":\"ListItem\",\"position\":1,\"name\":\"Home\",\"item\":\"https:\/\/petitekingdom.com\/lv\/\"},{\"@type\":\"ListItem\",\"position\":2,\"name\":\"Veikals\",\"item\":\"https:\/\/petitekingdom.com\/lv\/veikals\/\"},{\"@type\":\"ListItem\",\"position\":3,\"name\":\"Dzelteni kokvilnas \u0161orti ar str\u012bp\u0101m\"}]},{\"@type\":\"WebSite\",\"@id\":\"https:\/\/petitekingdom.com\/#website\",\"url\":\"https:\/\/petitekingdom.com\/\",\"name\":\"Petite Kingdom\",\"description\":\"B\u0113rnu izt\u0113lei nav robe\u017eu\",\"publisher\":{\"@id\":\"https:\/\/petitekingdom.com\/#organization\"},\"potentialAction\":[{\"@type\":\"SearchAction\",\"target\":{\"@type\":\"EntryPoint\",\"urlTemplate\":\"https:\/\/petitekingdom.com\/?s={search_term_string}\"},\"query-input\":{\"@type\":\"PropertyValueSpecification\",\"valueRequired\":true,\"valueName\":\"search_term_string\"}}],\"inLanguage\":\"lv-LV\"},{\"@type\":\"Organization\",\"@id\":\"https:\/\/petitekingdom.com\/#organization\",\"name\":\"Petite Kingdom\",\"url\":\"https:\/\/petitekingdom.com\/\",\"logo\":{\"@type\":\"ImageObject\",\"inLanguage\":\"lv-LV\",\"@id\":\"https:\/\/petitekingdom.com\/#\/schema\/logo\/image\/\",\"url\":\"https:\/\/petitekingdom.com\/wp-content\/uploads\/2021\/04\/PT_logo_blackPNG.png\",\"contentUrl\":\"https:\/\/petitekingdom.com\/wp-content\/uploads\/2021\/04\/PT_logo_blackPNG.png\",\"width\":1158,\"height\":500,\"caption\":\"Petite Kingdom\"},\"image\":{\"@id\":\"https:\/\/petitekingdom.com\/#\/schema\/logo\/image\/\"},\"sameAs\":[\"https:\/\/www.facebook.com\/Petite-Kingdom-114272640862559\",\"https:\/\/www.instagram.com\/petite_kingdom\/\"]}]}<\/script>\n<!-- \/ Yoast SEO Premium plugin. -->","yoast_head_json":{"title":"Dzelteni kokvilnas \u0161orti ar str\u012bp\u0101m &#8226; Petite Kingdom","robots":{"index":"index","follow":"follow","max-snippet":"max-snippet:-1","max-image-preview":"max-image-preview:large","max-video-preview":"max-video-preview:-1"},"canonical":"https:\/\/petitekingdom.com\/shop\/boys-yellow-cotton-shorts\/","og_locale":"lv_LV","og_type":"article","og_title":"Dzelteni kokvilnas \u0161orti ar str\u012bp\u0101m","og_description":"\u0160ie kokvilnas \u0161orti ir lieliski piem\u0113roti un ir popul\u0101ra vasaras izv\u0113le z\u0113niem, kas v\u0113las piedz\u012bvojumus. Pateicoties praktiskajam uzvelkamajam dizainam ar m\u012bkstu, elast\u012bgu jostasvietu un aukli\u0146u izm\u0113ra regul\u0113\u0161anai, akt\u012bvie b\u0113rni var\u0113s br\u012bvi un \u0113rti p\u0101rvietoties \u0161ajos \u0161ortos, sp\u0113l\u0113joties, izklaid\u0113joties un izbaudot gar\u0101kus izbraucienus.","og_url":"https:\/\/petitekingdom.com\/shop\/boys-yellow-cotton-shorts\/","og_site_name":"Petite Kingdom","article_publisher":"https:\/\/www.facebook.com\/Petite-Kingdom-114272640862559","article_modified_time":"2023-07-21T07:12:10+00:00","og_image":[{"width":1920,"height":1920,"url":"https:\/\/petitekingdom.com\/wp-content\/uploads\/2023\/07\/boys-yellow-cotton-shorts-steiff.jpg","type":"image\/jpeg"}],"twitter_card":"summary_large_image","schema":{"@context":"https:\/\/schema.org","@graph":[{"@type":"WebPage","@id":"https:\/\/petitekingdom.com\/shop\/boys-yellow-cotton-shorts\/","url":"https:\/\/petitekingdom.com\/shop\/boys-yellow-cotton-shorts\/","name":"Dzelteni kokvilnas \u0161orti ar str\u012bp\u0101m &#8226; Petite Kingdom","isPartOf":{"@id":"https:\/\/petitekingdom.com\/#website"},"primaryImageOfPage":{"@id":"https:\/\/petitekingdom.com\/shop\/boys-yellow-cotton-shorts\/#primaryimage"},"image":{"@id":"https:\/\/petitekingdom.com\/shop\/boys-yellow-cotton-shorts\/#primaryimage"},"thumbnailUrl":"https:\/\/petitekingdom.com\/wp-content\/uploads\/2023\/07\/boys-yellow-cotton-shorts-steiff.jpg","datePublished":"2023-07-20T10:13:11+00:00","dateModified":"2023-07-21T07:12:10+00:00","breadcrumb":{"@id":"https:\/\/petitekingdom.com\/shop\/boys-yellow-cotton-shorts\/#breadcrumb"},"inLanguage":"lv-LV","potentialAction":[{"@type":"ReadAction","target":["https:\/\/petitekingdom.com\/shop\/boys-yellow-cotton-shorts\/"]}]},{"@type":"ImageObject","inLanguage":"lv-LV","@id":"https:\/\/petitekingdom.com\/shop\/boys-yellow-cotton-shorts\/#primaryimage","url":"https:\/\/petitekingdom.com\/wp-content\/uploads\/2023\/07\/boys-yellow-cotton-shorts-steiff.jpg","contentUrl":"https:\/\/petitekingdom.com\/wp-content\/uploads\/2023\/07\/boys-yellow-cotton-shorts-steiff.jpg","width":1920,"height":1920,"caption":"Dzelteni kokvilnas \u0161orti ar str\u012bp\u0101m - Steiff"},{"@type":"BreadcrumbList","@id":"https:\/\/petitekingdom.com\/shop\/boys-yellow-cotton-shorts\/#breadcrumb","itemListElement":[{"@type":"ListItem","position":1,"name":"Home","item":"https:\/\/petitekingdom.com\/lv\/"},{"@type":"ListItem","position":2,"name":"Veikals","item":"https:\/\/petitekingdom.com\/lv\/veikals\/"},{"@type":"ListItem","position":3,"name":"Dzelteni kokvilnas \u0161orti ar str\u012bp\u0101m"}]},{"@type":"WebSite","@id":"https:\/\/petitekingdom.com\/#website","url":"https:\/\/petitekingdom.com\/","name":"Petite Kingdom","description":"B\u0113rnu izt\u0113lei nav robe\u017eu","publisher":{"@id":"https:\/\/petitekingdom.com\/#organization"},"potentialAction":[{"@type":"SearchAction","target":{"@type":"EntryPoint","urlTemplate":"https:\/\/petitekingdom.com\/?s={search_term_string}"},"query-input":{"@type":"PropertyValueSpecification","valueRequired":true,"valueName":"search_term_string"}}],"inLanguage":"lv-LV"},{"@type":"Organization","@id":"https:\/\/petitekingdom.com\/#organization","name":"Petite Kingdom","url":"https:\/\/petitekingdom.com\/","logo":{"@type":"ImageObject","inLanguage":"lv-LV","@id":"https:\/\/petitekingdom.com\/#\/schema\/logo\/image\/","url":"https:\/\/petitekingdom.com\/wp-content\/uploads\/2021\/04\/PT_logo_blackPNG.png","contentUrl":"https:\/\/petitekingdom.com\/wp-content\/uploads\/2021\/04\/PT_logo_blackPNG.png","width":1158,"height":500,"caption":"Petite Kingdom"},"image":{"@id":"https:\/\/petitekingdom.com\/#\/schema\/logo\/image\/"},"sameAs":["https:\/\/www.facebook.com\/Petite-Kingdom-114272640862559","https:\/\/www.instagram.com\/petite_kingdom\/"]}]}},"_links":{"self":[{"href":"https:\/\/petitekingdom.com\/lv\/wp-json\/wp\/v2\/product\/46404"}],"collection":[{"href":"https:\/\/petitekingdom.com\/lv\/wp-json\/wp\/v2\/product"}],"about":[{"href":"https:\/\/petitekingdom.com\/lv\/wp-json\/wp\/v2\/types\/product"}],"wp:featuredmedia":[{"embeddable":true,"href":"https:\/\/petitekingdom.com\/lv\/wp-json\/wp\/v2\/media\/46399"}],"wp:attachment":[{"href":"https:\/\/petitekingdom.com\/lv\/wp-json\/wp\/v2\/media?parent=46404"}],"wp:term":[{"taxonomy":"product_cat","embeddable":true,"href":"https:\/\/petitekingdom.com\/lv\/wp-json\/wp\/v2\/product_cat?post=46404"},{"taxonomy":"product_tag","embeddable":true,"href":"https:\/\/petitekingdom.com\/lv\/wp-json\/wp\/v2\/product_tag?post=46404"},{"taxonomy":"product-material","embeddable":true,"href":"https:\/\/petitekingdom.com\/lv\/wp-json\/wp\/v2\/product-material?post=46404"},{"taxonomy":"product-type","embeddable":true,"href":"https:\/\/petitekingdom.com\/lv\/wp-json\/wp\/v2\/product-type?post=46404"},{"taxonomy":"designers","embeddable":true,"href":"https:\/\/petitekingdom.com\/lv\/wp-json\/wp\/v2\/designers?post=46404"}],"curies":[{"name":"wp","href":"https:\/\/api.w.org\/{rel}","templated":true}]}}