{"id":44129,"date":"2023-02-12T10:09:19","date_gmt":"2023-02-12T08:10:17","guid":{"rendered":"https:\/\/petitekingdom.com\/shop\/uncategorized\/meitenu-dzeltena-matu-gumija\/"},"modified":"2024-01-22T00:00:32","modified_gmt":"2024-01-21T22:00:32","slug":"meitenu-dzeltena-matu-gumija","status":"publish","type":"product","link":"https:\/\/petitekingdom.com\/lv\/veikals\/meitenu-dzeltena-matu-gumija\/","title":{"rendered":"Meite\u0146u dzeltena matu gumija"},"content":{"rendered":"<ul>\n<li>Sast\u0101vs: 65% poliesters 35% kokvilna<\/li>\n<li>Mazg\u0101t 30 gr\u0101dos<\/li>\n<\/ul>\n","protected":false},"excerpt":{"rendered":"<p>Sast\u0101vs: 65% poliesters 35% kokvilna Mazg\u0101t 30 gr\u0101dos<\/p>\n","protected":false},"featured_media":44126,"template":"","meta":{"_acf_changed":false},"product_cat":[1212,1234,1344,1192,1655,1605,1607,1674],"product_tag":[],"product-material":[],"product-type":[],"designers":[672],"class_list":{"0":"post-44129","1":"product","2":"type-product","3":"status-publish","4":"has-post-thumbnail","6":"product_cat-aksesuari","7":"product_cat-matu-aksesuari","8":"product_cat-citi","9":"product_cat-meitenes","10":"product_cat-jaunumi","11":"product_cat-izpardosana","12":"product_cat-outlets","13":"product_cat-sezonas-izpardosana","14":"designers-wauw-capow-lv","16":"first","17":"instock","18":"taxable","19":"shipping-taxable","20":"purchasable","21":"product-type-simple"},"acf":[],"yoast_head":"<!-- This site is optimized with the Yoast SEO Premium plugin v23.7 (Yoast SEO v23.7) - https:\/\/yoast.com\/wordpress\/plugins\/seo\/ -->\n<title>Meite\u0146u dzeltena matu gumija &#8226; Petite Kingdom<\/title>\n<meta name=\"robots\" content=\"index, follow, max-snippet:-1, max-image-preview:large, max-video-preview:-1\" \/>\n<link rel=\"canonical\" href=\"https:\/\/petitekingdom.com\/shop\/girls-scrunchie-soft-yellow\/\" \/>\n<meta property=\"og:locale\" content=\"lv_LV\" \/>\n<meta property=\"og:type\" content=\"article\" \/>\n<meta property=\"og:title\" content=\"Meite\u0146u dzeltena matu gumija\" \/>\n<meta property=\"og:description\" content=\"Sast\u0101vs: 65% poliesters 35% kokvilna  Mazg\u0101t 30 gr\u0101dos\" \/>\n<meta property=\"og:url\" content=\"https:\/\/petitekingdom.com\/shop\/girls-scrunchie-soft-yellow\/\" \/>\n<meta property=\"og:site_name\" content=\"Petite Kingdom\" \/>\n<meta property=\"article:publisher\" content=\"https:\/\/www.facebook.com\/Petite-Kingdom-114272640862559\" \/>\n<meta property=\"article:modified_time\" content=\"2024-01-21T22:00:32+00:00\" \/>\n<meta property=\"og:image\" content=\"https:\/\/petitekingdom.com\/wp-content\/uploads\/2023\/02\/girls-scrunchie-soft-yellow-wauw-capow-by-bangbang.jpg\" \/>\n\t<meta property=\"og:image:width\" content=\"1536\" \/>\n\t<meta property=\"og:image:height\" content=\"1920\" \/>\n\t<meta property=\"og:image:type\" content=\"image\/jpeg\" \/>\n<meta name=\"twitter:card\" content=\"summary_large_image\" \/>\n<script type=\"application\/ld+json\" class=\"yoast-schema-graph\">{\"@context\":\"https:\/\/schema.org\",\"@graph\":[{\"@type\":\"WebPage\",\"@id\":\"https:\/\/petitekingdom.com\/shop\/girls-scrunchie-soft-yellow\/\",\"url\":\"https:\/\/petitekingdom.com\/shop\/girls-scrunchie-soft-yellow\/\",\"name\":\"Meite\u0146u dzeltena matu gumija &#8226; Petite Kingdom\",\"isPartOf\":{\"@id\":\"https:\/\/petitekingdom.com\/#website\"},\"primaryImageOfPage\":{\"@id\":\"https:\/\/petitekingdom.com\/shop\/girls-scrunchie-soft-yellow\/#primaryimage\"},\"image\":{\"@id\":\"https:\/\/petitekingdom.com\/shop\/girls-scrunchie-soft-yellow\/#primaryimage\"},\"thumbnailUrl\":\"https:\/\/petitekingdom.com\/wp-content\/uploads\/2023\/02\/girls-scrunchie-soft-yellow-wauw-capow-by-bangbang.jpg\",\"datePublished\":\"2023-02-12T08:10:17+00:00\",\"dateModified\":\"2024-01-21T22:00:32+00:00\",\"breadcrumb\":{\"@id\":\"https:\/\/petitekingdom.com\/shop\/girls-scrunchie-soft-yellow\/#breadcrumb\"},\"inLanguage\":\"lv-LV\",\"potentialAction\":[{\"@type\":\"ReadAction\",\"target\":[\"https:\/\/petitekingdom.com\/shop\/girls-scrunchie-soft-yellow\/\"]}]},{\"@type\":\"ImageObject\",\"inLanguage\":\"lv-LV\",\"@id\":\"https:\/\/petitekingdom.com\/shop\/girls-scrunchie-soft-yellow\/#primaryimage\",\"url\":\"https:\/\/petitekingdom.com\/wp-content\/uploads\/2023\/02\/girls-scrunchie-soft-yellow-wauw-capow-by-bangbang.jpg\",\"contentUrl\":\"https:\/\/petitekingdom.com\/wp-content\/uploads\/2023\/02\/girls-scrunchie-soft-yellow-wauw-capow-by-bangbang.jpg\",\"width\":1536,\"height\":1920,\"caption\":\"Meite\u0146u dzeltena matu gumija - WAUW CAPOW by Bangbang\"},{\"@type\":\"BreadcrumbList\",\"@id\":\"https:\/\/petitekingdom.com\/shop\/girls-scrunchie-soft-yellow\/#breadcrumb\",\"itemListElement\":[{\"@type\":\"ListItem\",\"position\":1,\"name\":\"Home\",\"item\":\"https:\/\/petitekingdom.com\/lv\/\"},{\"@type\":\"ListItem\",\"position\":2,\"name\":\"Veikals\",\"item\":\"https:\/\/petitekingdom.com\/lv\/veikals\/\"},{\"@type\":\"ListItem\",\"position\":3,\"name\":\"Meite\u0146u dzeltena matu gumija\"}]},{\"@type\":\"WebSite\",\"@id\":\"https:\/\/petitekingdom.com\/#website\",\"url\":\"https:\/\/petitekingdom.com\/\",\"name\":\"Petite Kingdom\",\"description\":\"B\u0113rnu izt\u0113lei nav robe\u017eu\",\"publisher\":{\"@id\":\"https:\/\/petitekingdom.com\/#organization\"},\"potentialAction\":[{\"@type\":\"SearchAction\",\"target\":{\"@type\":\"EntryPoint\",\"urlTemplate\":\"https:\/\/petitekingdom.com\/?s={search_term_string}\"},\"query-input\":{\"@type\":\"PropertyValueSpecification\",\"valueRequired\":true,\"valueName\":\"search_term_string\"}}],\"inLanguage\":\"lv-LV\"},{\"@type\":\"Organization\",\"@id\":\"https:\/\/petitekingdom.com\/#organization\",\"name\":\"Petite Kingdom\",\"url\":\"https:\/\/petitekingdom.com\/\",\"logo\":{\"@type\":\"ImageObject\",\"inLanguage\":\"lv-LV\",\"@id\":\"https:\/\/petitekingdom.com\/#\/schema\/logo\/image\/\",\"url\":\"https:\/\/petitekingdom.com\/wp-content\/uploads\/2021\/04\/PT_logo_blackPNG.png\",\"contentUrl\":\"https:\/\/petitekingdom.com\/wp-content\/uploads\/2021\/04\/PT_logo_blackPNG.png\",\"width\":1158,\"height\":500,\"caption\":\"Petite Kingdom\"},\"image\":{\"@id\":\"https:\/\/petitekingdom.com\/#\/schema\/logo\/image\/\"},\"sameAs\":[\"https:\/\/www.facebook.com\/Petite-Kingdom-114272640862559\",\"https:\/\/www.instagram.com\/petite_kingdom\/\"]}]}<\/script>\n<!-- \/ Yoast SEO Premium plugin. -->","yoast_head_json":{"title":"Meite\u0146u dzeltena matu gumija &#8226; Petite Kingdom","robots":{"index":"index","follow":"follow","max-snippet":"max-snippet:-1","max-image-preview":"max-image-preview:large","max-video-preview":"max-video-preview:-1"},"canonical":"https:\/\/petitekingdom.com\/shop\/girls-scrunchie-soft-yellow\/","og_locale":"lv_LV","og_type":"article","og_title":"Meite\u0146u dzeltena matu gumija","og_description":"Sast\u0101vs: 65% poliesters 35% kokvilna  Mazg\u0101t 30 gr\u0101dos","og_url":"https:\/\/petitekingdom.com\/shop\/girls-scrunchie-soft-yellow\/","og_site_name":"Petite Kingdom","article_publisher":"https:\/\/www.facebook.com\/Petite-Kingdom-114272640862559","article_modified_time":"2024-01-21T22:00:32+00:00","og_image":[{"width":1536,"height":1920,"url":"https:\/\/petitekingdom.com\/wp-content\/uploads\/2023\/02\/girls-scrunchie-soft-yellow-wauw-capow-by-bangbang.jpg","type":"image\/jpeg"}],"twitter_card":"summary_large_image","schema":{"@context":"https:\/\/schema.org","@graph":[{"@type":"WebPage","@id":"https:\/\/petitekingdom.com\/shop\/girls-scrunchie-soft-yellow\/","url":"https:\/\/petitekingdom.com\/shop\/girls-scrunchie-soft-yellow\/","name":"Meite\u0146u dzeltena matu gumija &#8226; Petite Kingdom","isPartOf":{"@id":"https:\/\/petitekingdom.com\/#website"},"primaryImageOfPage":{"@id":"https:\/\/petitekingdom.com\/shop\/girls-scrunchie-soft-yellow\/#primaryimage"},"image":{"@id":"https:\/\/petitekingdom.com\/shop\/girls-scrunchie-soft-yellow\/#primaryimage"},"thumbnailUrl":"https:\/\/petitekingdom.com\/wp-content\/uploads\/2023\/02\/girls-scrunchie-soft-yellow-wauw-capow-by-bangbang.jpg","datePublished":"2023-02-12T08:10:17+00:00","dateModified":"2024-01-21T22:00:32+00:00","breadcrumb":{"@id":"https:\/\/petitekingdom.com\/shop\/girls-scrunchie-soft-yellow\/#breadcrumb"},"inLanguage":"lv-LV","potentialAction":[{"@type":"ReadAction","target":["https:\/\/petitekingdom.com\/shop\/girls-scrunchie-soft-yellow\/"]}]},{"@type":"ImageObject","inLanguage":"lv-LV","@id":"https:\/\/petitekingdom.com\/shop\/girls-scrunchie-soft-yellow\/#primaryimage","url":"https:\/\/petitekingdom.com\/wp-content\/uploads\/2023\/02\/girls-scrunchie-soft-yellow-wauw-capow-by-bangbang.jpg","contentUrl":"https:\/\/petitekingdom.com\/wp-content\/uploads\/2023\/02\/girls-scrunchie-soft-yellow-wauw-capow-by-bangbang.jpg","width":1536,"height":1920,"caption":"Meite\u0146u dzeltena matu gumija - WAUW CAPOW by Bangbang"},{"@type":"BreadcrumbList","@id":"https:\/\/petitekingdom.com\/shop\/girls-scrunchie-soft-yellow\/#breadcrumb","itemListElement":[{"@type":"ListItem","position":1,"name":"Home","item":"https:\/\/petitekingdom.com\/lv\/"},{"@type":"ListItem","position":2,"name":"Veikals","item":"https:\/\/petitekingdom.com\/lv\/veikals\/"},{"@type":"ListItem","position":3,"name":"Meite\u0146u dzeltena matu gumija"}]},{"@type":"WebSite","@id":"https:\/\/petitekingdom.com\/#website","url":"https:\/\/petitekingdom.com\/","name":"Petite Kingdom","description":"B\u0113rnu izt\u0113lei nav robe\u017eu","publisher":{"@id":"https:\/\/petitekingdom.com\/#organization"},"potentialAction":[{"@type":"SearchAction","target":{"@type":"EntryPoint","urlTemplate":"https:\/\/petitekingdom.com\/?s={search_term_string}"},"query-input":{"@type":"PropertyValueSpecification","valueRequired":true,"valueName":"search_term_string"}}],"inLanguage":"lv-LV"},{"@type":"Organization","@id":"https:\/\/petitekingdom.com\/#organization","name":"Petite Kingdom","url":"https:\/\/petitekingdom.com\/","logo":{"@type":"ImageObject","inLanguage":"lv-LV","@id":"https:\/\/petitekingdom.com\/#\/schema\/logo\/image\/","url":"https:\/\/petitekingdom.com\/wp-content\/uploads\/2021\/04\/PT_logo_blackPNG.png","contentUrl":"https:\/\/petitekingdom.com\/wp-content\/uploads\/2021\/04\/PT_logo_blackPNG.png","width":1158,"height":500,"caption":"Petite Kingdom"},"image":{"@id":"https:\/\/petitekingdom.com\/#\/schema\/logo\/image\/"},"sameAs":["https:\/\/www.facebook.com\/Petite-Kingdom-114272640862559","https:\/\/www.instagram.com\/petite_kingdom\/"]}]}},"_links":{"self":[{"href":"https:\/\/petitekingdom.com\/lv\/wp-json\/wp\/v2\/product\/44129"}],"collection":[{"href":"https:\/\/petitekingdom.com\/lv\/wp-json\/wp\/v2\/product"}],"about":[{"href":"https:\/\/petitekingdom.com\/lv\/wp-json\/wp\/v2\/types\/product"}],"wp:featuredmedia":[{"embeddable":true,"href":"https:\/\/petitekingdom.com\/lv\/wp-json\/wp\/v2\/media\/44126"}],"wp:attachment":[{"href":"https:\/\/petitekingdom.com\/lv\/wp-json\/wp\/v2\/media?parent=44129"}],"wp:term":[{"taxonomy":"product_cat","embeddable":true,"href":"https:\/\/petitekingdom.com\/lv\/wp-json\/wp\/v2\/product_cat?post=44129"},{"taxonomy":"product_tag","embeddable":true,"href":"https:\/\/petitekingdom.com\/lv\/wp-json\/wp\/v2\/product_tag?post=44129"},{"taxonomy":"product-material","embeddable":true,"href":"https:\/\/petitekingdom.com\/lv\/wp-json\/wp\/v2\/product-material?post=44129"},{"taxonomy":"product-type","embeddable":true,"href":"https:\/\/petitekingdom.com\/lv\/wp-json\/wp\/v2\/product-type?post=44129"},{"taxonomy":"designers","embeddable":true,"href":"https:\/\/petitekingdom.com\/lv\/wp-json\/wp\/v2\/designers?post=44129"}],"curies":[{"name":"wp","href":"https:\/\/api.w.org\/{rel}","templated":true}]}}