{"id":43927,"date":"2023-02-08T16:26:13","date_gmt":"2023-02-08T14:26:13","guid":{"rendered":"https:\/\/petitekingdom.com\/?post_type=product&#038;p=43927"},"modified":"2025-08-27T09:24:26","modified_gmt":"2025-08-27T06:24:26","slug":"blue-columbia-mix-girls-playsuit","status":"publish","type":"product","link":"https:\/\/petitekingdom.com\/shop\/blue-columbia-mix-girls-playsuit\/","title":{"rendered":"Blue Columbia Mix girls playsuit"},"content":{"rendered":"<ul>\n<li>Composition: 95% viscose 5% spandex<\/li>\n<li>Knitted material<\/li>\n<li>Made from leftover fabrics<\/li>\n<li>Made from Oekotex fabric<\/li>\n<li>Made in Europe<\/li>\n<\/ul>\n","protected":false},"excerpt":{"rendered":"<p>Looking for a girls` playsuit that is both beautiful and comfortable to wear? Look no further than the Blue Columbia Mix girls playsuit! Made with high-quality materials, this playsuit is sure to keep your kid stylish and comfortable on the playground. The open back and frilled shorts make it perfect for everyday or playing by next to the pool, while the comfortable to wear fabric makes it a breeze to put on and take off. Whether your kid are dressing up for a party or playing sports, the Blue Columbia Mix girls playsuit is the perfect choice.<\/p>\n","protected":false},"featured_media":43928,"template":"","meta":{"_acf_changed":false},"product_cat":[1093,1092,1078,1654,1300,1604,1606,1673,1079],"product_tag":[],"product-material":[],"product-type":[],"designers":[390],"class_list":{"0":"post-43927","1":"product","2":"type-product","3":"status-publish","4":"has-post-thumbnail","6":"product_cat-girls-dresses","7":"product_cat-girls-dresses-and-skirts","8":"product_cat-girls","9":"product_cat-new-in","10":"product_cat-girls-others-trousers","11":"product_cat-sale","12":"product_cat-outlet","13":"product_cat-season-sale","14":"product_cat-trousers","15":"designers-wauw-capow","17":"first","18":"instock","19":"sale","20":"taxable","21":"shipping-taxable","22":"purchasable","23":"product-type-variable"},"acf":[],"yoast_head":"<!-- This site is optimized with the Yoast SEO Premium plugin v23.7 (Yoast SEO v23.7) - https:\/\/yoast.com\/wordpress\/plugins\/seo\/ -->\n<title>Blue Columbia Mix girls playsuit &#8226; Petite Kingdom<\/title>\n<meta name=\"description\" content=\"This adorable playsuit is perfect for hot summer days. With an open back and frilled shorts, it&#039;s comfortable to wear. Discover more Wauw Capow in our store\" \/>\n<meta name=\"robots\" content=\"index, follow, max-snippet:-1, max-image-preview:large, max-video-preview:-1\" \/>\n<link rel=\"canonical\" href=\"https:\/\/petitekingdom.com\/lv\/shop\/blue-columbia-mix-girls-playsuit\/\" \/>\n<meta property=\"og:locale\" content=\"lv_LV\" \/>\n<meta property=\"og:type\" content=\"article\" \/>\n<meta property=\"og:title\" content=\"Blue Columbia Mix girls playsuit\" \/>\n<meta property=\"og:description\" content=\"Looking for a girls` playsuit that is both beautiful and comfortable to wear? Look no further than the Blue Columbia Mix girls playsuit! Made with high-quality materials, this playsuit is sure to keep your kid stylish and comfortable on the playground. The open back and frilled shorts make it perfect for everyday or playing by next to the pool, while the comfortable to wear fabric makes it a breeze to put on and take off. Whether your kid are dressing up for a party or playing sports, the Blue Columbia Mix girls playsuit is the perfect choice.\" \/>\n<meta property=\"og:url\" content=\"https:\/\/petitekingdom.com\/lv\/shop\/blue-columbia-mix-girls-playsuit\/\" \/>\n<meta property=\"og:site_name\" content=\"Petite Kingdom\" \/>\n<meta property=\"article:publisher\" content=\"https:\/\/www.facebook.com\/Petite-Kingdom-114272640862559\" \/>\n<meta property=\"article:modified_time\" content=\"2025-08-27T06:24:26+00:00\" \/>\n<meta property=\"og:image\" content=\"https:\/\/petitekingdom.com\/wp-content\/uploads\/2023\/02\/blue-columbia-mix-girls-playsuit-wauw-capow-by-bangbang.jpg\" \/>\n\t<meta property=\"og:image:width\" content=\"1536\" \/>\n\t<meta property=\"og:image:height\" content=\"1920\" \/>\n\t<meta property=\"og:image:type\" content=\"image\/jpeg\" \/>\n<meta name=\"twitter:card\" content=\"summary_large_image\" \/>\n<script type=\"application\/ld+json\" class=\"yoast-schema-graph\">{\"@context\":\"https:\/\/schema.org\",\"@graph\":[{\"@type\":\"WebPage\",\"@id\":\"https:\/\/petitekingdom.com\/lv\/shop\/blue-columbia-mix-girls-playsuit\/\",\"url\":\"https:\/\/petitekingdom.com\/lv\/shop\/blue-columbia-mix-girls-playsuit\/\",\"name\":\"Blue Columbia Mix girls playsuit &#8226; Petite Kingdom\",\"isPartOf\":{\"@id\":\"https:\/\/petitekingdom.com\/#website\"},\"primaryImageOfPage\":{\"@id\":\"https:\/\/petitekingdom.com\/lv\/shop\/blue-columbia-mix-girls-playsuit\/#primaryimage\"},\"image\":{\"@id\":\"https:\/\/petitekingdom.com\/lv\/shop\/blue-columbia-mix-girls-playsuit\/#primaryimage\"},\"thumbnailUrl\":\"https:\/\/petitekingdom.com\/wp-content\/uploads\/2023\/02\/blue-columbia-mix-girls-playsuit-wauw-capow-by-bangbang.jpg\",\"datePublished\":\"2023-02-08T14:26:13+00:00\",\"dateModified\":\"2025-08-27T06:24:26+00:00\",\"description\":\"This adorable playsuit is perfect for hot summer days. With an open back and frilled shorts, it's comfortable to wear. Discover more Wauw Capow in our store\",\"breadcrumb\":{\"@id\":\"https:\/\/petitekingdom.com\/lv\/shop\/blue-columbia-mix-girls-playsuit\/#breadcrumb\"},\"inLanguage\":\"lv-LV\",\"potentialAction\":[{\"@type\":\"ReadAction\",\"target\":[\"https:\/\/petitekingdom.com\/lv\/shop\/blue-columbia-mix-girls-playsuit\/\"]}]},{\"@type\":\"ImageObject\",\"inLanguage\":\"lv-LV\",\"@id\":\"https:\/\/petitekingdom.com\/lv\/shop\/blue-columbia-mix-girls-playsuit\/#primaryimage\",\"url\":\"https:\/\/petitekingdom.com\/wp-content\/uploads\/2023\/02\/blue-columbia-mix-girls-playsuit-wauw-capow-by-bangbang.jpg\",\"contentUrl\":\"https:\/\/petitekingdom.com\/wp-content\/uploads\/2023\/02\/blue-columbia-mix-girls-playsuit-wauw-capow-by-bangbang.jpg\",\"width\":1536,\"height\":1920,\"caption\":\"Blue Columbia Mix girls playsuit - WAUW CAPOW by Bangbang\"},{\"@type\":\"BreadcrumbList\",\"@id\":\"https:\/\/petitekingdom.com\/lv\/shop\/blue-columbia-mix-girls-playsuit\/#breadcrumb\",\"itemListElement\":[{\"@type\":\"ListItem\",\"position\":1,\"name\":\"Home\",\"item\":\"https:\/\/petitekingdom.com\/lv\/\"},{\"@type\":\"ListItem\",\"position\":2,\"name\":\"Veikals\",\"item\":\"https:\/\/petitekingdom.com\/lv\/veikals\/\"},{\"@type\":\"ListItem\",\"position\":3,\"name\":\"Blue Columbia Mix girls playsuit\"}]},{\"@type\":\"WebSite\",\"@id\":\"https:\/\/petitekingdom.com\/#website\",\"url\":\"https:\/\/petitekingdom.com\/\",\"name\":\"Petite Kingdom\",\"description\":\"B\u0113rnu izt\u0113lei nav robe\u017eu\",\"publisher\":{\"@id\":\"https:\/\/petitekingdom.com\/#organization\"},\"potentialAction\":[{\"@type\":\"SearchAction\",\"target\":{\"@type\":\"EntryPoint\",\"urlTemplate\":\"https:\/\/petitekingdom.com\/?s={search_term_string}\"},\"query-input\":{\"@type\":\"PropertyValueSpecification\",\"valueRequired\":true,\"valueName\":\"search_term_string\"}}],\"inLanguage\":\"lv-LV\"},{\"@type\":\"Organization\",\"@id\":\"https:\/\/petitekingdom.com\/#organization\",\"name\":\"Petite Kingdom\",\"url\":\"https:\/\/petitekingdom.com\/\",\"logo\":{\"@type\":\"ImageObject\",\"inLanguage\":\"lv-LV\",\"@id\":\"https:\/\/petitekingdom.com\/#\/schema\/logo\/image\/\",\"url\":\"https:\/\/petitekingdom.com\/wp-content\/uploads\/2021\/04\/PT_logo_blackPNG.png\",\"contentUrl\":\"https:\/\/petitekingdom.com\/wp-content\/uploads\/2021\/04\/PT_logo_blackPNG.png\",\"width\":1158,\"height\":500,\"caption\":\"Petite Kingdom\"},\"image\":{\"@id\":\"https:\/\/petitekingdom.com\/#\/schema\/logo\/image\/\"},\"sameAs\":[\"https:\/\/www.facebook.com\/Petite-Kingdom-114272640862559\",\"https:\/\/www.instagram.com\/petite_kingdom\/\"]}]}<\/script>\n<!-- \/ Yoast SEO Premium plugin. -->","yoast_head_json":{"title":"Blue Columbia Mix girls playsuit &#8226; Petite Kingdom","description":"This adorable playsuit is perfect for hot summer days. With an open back and frilled shorts, it's comfortable to wear. Discover more Wauw Capow in our store","robots":{"index":"index","follow":"follow","max-snippet":"max-snippet:-1","max-image-preview":"max-image-preview:large","max-video-preview":"max-video-preview:-1"},"canonical":"https:\/\/petitekingdom.com\/lv\/shop\/blue-columbia-mix-girls-playsuit\/","og_locale":"lv_LV","og_type":"article","og_title":"Blue Columbia Mix girls playsuit","og_description":"Looking for a girls` playsuit that is both beautiful and comfortable to wear? Look no further than the Blue Columbia Mix girls playsuit! Made with high-quality materials, this playsuit is sure to keep your kid stylish and comfortable on the playground. The open back and frilled shorts make it perfect for everyday or playing by next to the pool, while the comfortable to wear fabric makes it a breeze to put on and take off. Whether your kid are dressing up for a party or playing sports, the Blue Columbia Mix girls playsuit is the perfect choice.","og_url":"https:\/\/petitekingdom.com\/lv\/shop\/blue-columbia-mix-girls-playsuit\/","og_site_name":"Petite Kingdom","article_publisher":"https:\/\/www.facebook.com\/Petite-Kingdom-114272640862559","article_modified_time":"2025-08-27T06:24:26+00:00","og_image":[{"width":1536,"height":1920,"url":"https:\/\/petitekingdom.com\/wp-content\/uploads\/2023\/02\/blue-columbia-mix-girls-playsuit-wauw-capow-by-bangbang.jpg","type":"image\/jpeg"}],"twitter_card":"summary_large_image","schema":{"@context":"https:\/\/schema.org","@graph":[{"@type":"WebPage","@id":"https:\/\/petitekingdom.com\/lv\/shop\/blue-columbia-mix-girls-playsuit\/","url":"https:\/\/petitekingdom.com\/lv\/shop\/blue-columbia-mix-girls-playsuit\/","name":"Blue Columbia Mix girls playsuit &#8226; Petite Kingdom","isPartOf":{"@id":"https:\/\/petitekingdom.com\/#website"},"primaryImageOfPage":{"@id":"https:\/\/petitekingdom.com\/lv\/shop\/blue-columbia-mix-girls-playsuit\/#primaryimage"},"image":{"@id":"https:\/\/petitekingdom.com\/lv\/shop\/blue-columbia-mix-girls-playsuit\/#primaryimage"},"thumbnailUrl":"https:\/\/petitekingdom.com\/wp-content\/uploads\/2023\/02\/blue-columbia-mix-girls-playsuit-wauw-capow-by-bangbang.jpg","datePublished":"2023-02-08T14:26:13+00:00","dateModified":"2025-08-27T06:24:26+00:00","description":"This adorable playsuit is perfect for hot summer days. With an open back and frilled shorts, it's comfortable to wear. Discover more Wauw Capow in our store","breadcrumb":{"@id":"https:\/\/petitekingdom.com\/lv\/shop\/blue-columbia-mix-girls-playsuit\/#breadcrumb"},"inLanguage":"lv-LV","potentialAction":[{"@type":"ReadAction","target":["https:\/\/petitekingdom.com\/lv\/shop\/blue-columbia-mix-girls-playsuit\/"]}]},{"@type":"ImageObject","inLanguage":"lv-LV","@id":"https:\/\/petitekingdom.com\/lv\/shop\/blue-columbia-mix-girls-playsuit\/#primaryimage","url":"https:\/\/petitekingdom.com\/wp-content\/uploads\/2023\/02\/blue-columbia-mix-girls-playsuit-wauw-capow-by-bangbang.jpg","contentUrl":"https:\/\/petitekingdom.com\/wp-content\/uploads\/2023\/02\/blue-columbia-mix-girls-playsuit-wauw-capow-by-bangbang.jpg","width":1536,"height":1920,"caption":"Blue Columbia Mix girls playsuit - WAUW CAPOW by Bangbang"},{"@type":"BreadcrumbList","@id":"https:\/\/petitekingdom.com\/lv\/shop\/blue-columbia-mix-girls-playsuit\/#breadcrumb","itemListElement":[{"@type":"ListItem","position":1,"name":"Home","item":"https:\/\/petitekingdom.com\/lv\/"},{"@type":"ListItem","position":2,"name":"Veikals","item":"https:\/\/petitekingdom.com\/lv\/veikals\/"},{"@type":"ListItem","position":3,"name":"Blue Columbia Mix girls playsuit"}]},{"@type":"WebSite","@id":"https:\/\/petitekingdom.com\/#website","url":"https:\/\/petitekingdom.com\/","name":"Petite Kingdom","description":"B\u0113rnu izt\u0113lei nav robe\u017eu","publisher":{"@id":"https:\/\/petitekingdom.com\/#organization"},"potentialAction":[{"@type":"SearchAction","target":{"@type":"EntryPoint","urlTemplate":"https:\/\/petitekingdom.com\/?s={search_term_string}"},"query-input":{"@type":"PropertyValueSpecification","valueRequired":true,"valueName":"search_term_string"}}],"inLanguage":"lv-LV"},{"@type":"Organization","@id":"https:\/\/petitekingdom.com\/#organization","name":"Petite Kingdom","url":"https:\/\/petitekingdom.com\/","logo":{"@type":"ImageObject","inLanguage":"lv-LV","@id":"https:\/\/petitekingdom.com\/#\/schema\/logo\/image\/","url":"https:\/\/petitekingdom.com\/wp-content\/uploads\/2021\/04\/PT_logo_blackPNG.png","contentUrl":"https:\/\/petitekingdom.com\/wp-content\/uploads\/2021\/04\/PT_logo_blackPNG.png","width":1158,"height":500,"caption":"Petite Kingdom"},"image":{"@id":"https:\/\/petitekingdom.com\/#\/schema\/logo\/image\/"},"sameAs":["https:\/\/www.facebook.com\/Petite-Kingdom-114272640862559","https:\/\/www.instagram.com\/petite_kingdom\/"]}]}},"_links":{"self":[{"href":"https:\/\/petitekingdom.com\/lv\/wp-json\/wp\/v2\/product\/43927"}],"collection":[{"href":"https:\/\/petitekingdom.com\/lv\/wp-json\/wp\/v2\/product"}],"about":[{"href":"https:\/\/petitekingdom.com\/lv\/wp-json\/wp\/v2\/types\/product"}],"wp:featuredmedia":[{"embeddable":true,"href":"https:\/\/petitekingdom.com\/lv\/wp-json\/wp\/v2\/media\/43928"}],"wp:attachment":[{"href":"https:\/\/petitekingdom.com\/lv\/wp-json\/wp\/v2\/media?parent=43927"}],"wp:term":[{"taxonomy":"product_cat","embeddable":true,"href":"https:\/\/petitekingdom.com\/lv\/wp-json\/wp\/v2\/product_cat?post=43927"},{"taxonomy":"product_tag","embeddable":true,"href":"https:\/\/petitekingdom.com\/lv\/wp-json\/wp\/v2\/product_tag?post=43927"},{"taxonomy":"product-material","embeddable":true,"href":"https:\/\/petitekingdom.com\/lv\/wp-json\/wp\/v2\/product-material?post=43927"},{"taxonomy":"product-type","embeddable":true,"href":"https:\/\/petitekingdom.com\/lv\/wp-json\/wp\/v2\/product-type?post=43927"},{"taxonomy":"designers","embeddable":true,"href":"https:\/\/petitekingdom.com\/lv\/wp-json\/wp\/v2\/designers?post=43927"}],"curies":[{"name":"wp","href":"https:\/\/api.w.org\/{rel}","templated":true}]}}