{"id":40408,"date":"2022-10-04T12:27:26","date_gmt":"2022-10-04T09:35:11","guid":{"rendered":"https:\/\/petitekingdom.com\/shop\/uncategorized\/balts-montessori-virtuves-tornitis\/"},"modified":"2024-02-05T00:00:14","modified_gmt":"2024-02-04T22:00:14","slug":"balts-montessori-virtuves-tornitis","status":"publish","type":"product","link":"https:\/\/petitekingdom.com\/lv\/veikals\/balts-montessori-virtuves-tornitis\/","title":{"rendered":"Balts montessori virtuves torn\u012btis"},"content":{"rendered":"<p>Montessori m\u0113beles b\u0113rniem.<\/p>\n<p><strong>Izm\u0113ri:<\/strong><\/p>\n<ul>\n<li>Smagums 5.5 kg, ra\u017eots no 15 mm \/ 0.6 inches bieza b\u0113rza sapl\u0101k\u0161\u0146a.<\/li>\n<li>Torn\u012btim ir 3 regul\u0113jami pak\u0101piena augstumi 17 cm \/ 6.7 inches, 22 cm \/ 8.66 inches and 27 cm \/ 10.6 inches.<\/li>\n<li>Pamatnei ir 2 regul\u0113jami augstumi 39 cm \/ 15.35 inches and 45 cm \/ 17.71 inches.<\/li>\n<\/ul>\n","protected":false},"excerpt":{"rendered":"<p><strong>Montessori virtuves torn\u012btis b\u0113rniem:<\/strong> balt\u0101 kr\u0101s\u0101 jeb t\u0101 sauktais Virtuves pal\u012bgs torn\u012btis b\u0113rniembalt\u0101 kr\u0101s\u0101 ir regul\u0113jams Montessori koka pak\u0101pienu tornis, kas b\u0113rniem ir lielisks pal\u012bgs piedal\u012bties kop\u0101 ar vec\u0101kiem virtuves darbi\u0146os un \u0113dienu gatavo\u0161an\u0101. Virtuves torn\u012b\u0161i ir b\u0113rnu m\u0113beles, kas izstr\u0101d\u0101tas saska\u0146\u0101 ar Montessori m\u0113be\u013cu neatkar\u012bbas veido\u0161anas principiem.<\/p>\n<p>Petite Kingdom ar prieku pied\u0101v\u0101 lieliskas kvalit\u0101tes produktus b\u0113rniem, kas rada milz\u012bgas at\u0161\u0137ir\u012bbas un uzlabojumus b\u0113rnu ikdienas dz\u012bv\u0113.<\/p>\n","protected":false},"featured_media":40399,"template":"","meta":{"_acf_changed":false},"product_cat":[1180,1663,1665,1655,1210,1239,1271,1274,1279,1362],"product_tag":[],"product-material":[],"product-type":[],"designers":[1737],"class_list":{"0":"post-40408","1":"product","2":"type-product","3":"status-publish","4":"has-post-thumbnail","6":"product_cat-zidainu-apgerbs","7":"product_cat-jaundzimuso-drebites","8":"product_cat-zidainu-drebes","9":"product_cat-jaunumi","10":"product_cat-bernistaba","11":"product_cat-esanas-piederumi","12":"product_cat-speles-rotallietas-berniem","13":"product_cat-pirmas-rotallietas-zidainim","14":"product_cat-virtuves-rotalu-edieni","15":"product_cat-rotalu-virtuves","16":"designers-joy-of-nature-lv","18":"first","19":"outofstock","20":"taxable","21":"shipping-taxable","22":"purchasable","23":"product-type-simple"},"acf":[],"yoast_head":"<!-- This site is optimized with the Yoast SEO Premium plugin v23.7 (Yoast SEO v23.7) - https:\/\/yoast.com\/wordpress\/plugins\/seo\/ -->\n<title>Balts montessori virtuves torn\u012btis &#8226; Petite Kingdom<\/title>\n<meta name=\"description\" content=\"Montessori virtuves torn\u012b\u0161i b\u0113rniem ir pal\u012bgs \u0113dienu gatavo\u0161an\u0101 un ikdienas darbi\u0146os kop\u0101 ar vec\u0101kiem. Montessori m\u0113beles b\u0113rniem Petite Kingdom veikal\u0101.\" \/>\n<meta name=\"robots\" content=\"index, follow, max-snippet:-1, max-image-preview:large, max-video-preview:-1\" \/>\n<link rel=\"canonical\" href=\"https:\/\/petitekingdom.com\/lv\/veikals\/balts-montessori-virtuves-tornitis\/\" \/>\n<meta property=\"og:locale\" content=\"lv_LV\" \/>\n<meta property=\"og:type\" content=\"article\" \/>\n<meta property=\"og:title\" content=\"Balts montessori virtuves torn\u012btis\" \/>\n<meta property=\"og:description\" content=\"Montessori virtuves torn\u012btis b\u0113rniem: balt\u0101 kr\u0101s\u0101 jeb t\u0101 sauktais Virtuves pal\u012bgs torn\u012btis b\u0113rniembalt\u0101 kr\u0101s\u0101 ir regul\u0113jams Montessori koka pak\u0101pienu tornis, kas b\u0113rniem ir lielisks pal\u012bgs piedal\u012bties kop\u0101 ar vec\u0101kiem virtuves darbi\u0146os un \u0113dienu gatavo\u0161an\u0101. Virtuves torn\u012b\u0161i ir b\u0113rnu m\u0113beles, kas izstr\u0101d\u0101tas saska\u0146\u0101 ar Montessori m\u0113be\u013cu neatkar\u012bbas veido\u0161anas principiem.  Petite Kingdom ar prieku pied\u0101v\u0101 lieliskas kvalit\u0101tes produktus b\u0113rniem, kas rada milz\u012bgas at\u0161\u0137ir\u012bbas un uzlabojumus b\u0113rnu ikdienas dz\u012bv\u0113.\" \/>\n<meta property=\"og:url\" content=\"https:\/\/petitekingdom.com\/lv\/veikals\/balts-montessori-virtuves-tornitis\/\" \/>\n<meta property=\"og:site_name\" content=\"Petite Kingdom\" \/>\n<meta property=\"article:publisher\" content=\"https:\/\/www.facebook.com\/Petite-Kingdom-114272640862559\" \/>\n<meta property=\"article:modified_time\" content=\"2024-02-04T22:00:14+00:00\" \/>\n<meta property=\"og:image\" content=\"https:\/\/linen-spoonbill-297917.hostingersite.com\/wp-content\/uploads\/2022\/10\/montessori-kitchen-helper-tower-in-white.jpg\" \/>\n\t<meta property=\"og:image:width\" content=\"1772\" \/>\n\t<meta property=\"og:image:height\" content=\"1181\" \/>\n\t<meta property=\"og:image:type\" content=\"image\/jpeg\" \/>\n<meta name=\"twitter:card\" content=\"summary_large_image\" \/>\n<script type=\"application\/ld+json\" class=\"yoast-schema-graph\">{\"@context\":\"https:\/\/schema.org\",\"@graph\":[{\"@type\":\"WebPage\",\"@id\":\"https:\/\/petitekingdom.com\/lv\/veikals\/balts-montessori-virtuves-tornitis\/\",\"url\":\"https:\/\/petitekingdom.com\/lv\/veikals\/balts-montessori-virtuves-tornitis\/\",\"name\":\"Balts montessori virtuves torn\u012btis &#8226; Petite Kingdom\",\"isPartOf\":{\"@id\":\"https:\/\/petitekingdom.com\/#website\"},\"primaryImageOfPage\":{\"@id\":\"https:\/\/petitekingdom.com\/lv\/veikals\/balts-montessori-virtuves-tornitis\/#primaryimage\"},\"image\":{\"@id\":\"https:\/\/petitekingdom.com\/lv\/veikals\/balts-montessori-virtuves-tornitis\/#primaryimage\"},\"thumbnailUrl\":\"https:\/\/petitekingdom.com\/wp-content\/uploads\/2022\/10\/montessori-kitchen-helper-tower-in-white.jpg\",\"datePublished\":\"2022-10-04T09:35:11+00:00\",\"dateModified\":\"2024-02-04T22:00:14+00:00\",\"description\":\"Montessori virtuves torn\u012b\u0161i b\u0113rniem ir pal\u012bgs \u0113dienu gatavo\u0161an\u0101 un ikdienas darbi\u0146os kop\u0101 ar vec\u0101kiem. Montessori m\u0113beles b\u0113rniem Petite Kingdom veikal\u0101.\",\"breadcrumb\":{\"@id\":\"https:\/\/petitekingdom.com\/lv\/veikals\/balts-montessori-virtuves-tornitis\/#breadcrumb\"},\"inLanguage\":\"lv-LV\",\"potentialAction\":[{\"@type\":\"ReadAction\",\"target\":[\"https:\/\/petitekingdom.com\/lv\/veikals\/balts-montessori-virtuves-tornitis\/\"]}]},{\"@type\":\"ImageObject\",\"inLanguage\":\"lv-LV\",\"@id\":\"https:\/\/petitekingdom.com\/lv\/veikals\/balts-montessori-virtuves-tornitis\/#primaryimage\",\"url\":\"https:\/\/petitekingdom.com\/wp-content\/uploads\/2022\/10\/montessori-kitchen-helper-tower-in-white.jpg\",\"contentUrl\":\"https:\/\/petitekingdom.com\/wp-content\/uploads\/2022\/10\/montessori-kitchen-helper-tower-in-white.jpg\",\"width\":1772,\"height\":1181,\"caption\":\"Balts montessori virtuves torn\u012btis - Joy Of Nature\"},{\"@type\":\"BreadcrumbList\",\"@id\":\"https:\/\/petitekingdom.com\/lv\/veikals\/balts-montessori-virtuves-tornitis\/#breadcrumb\",\"itemListElement\":[{\"@type\":\"ListItem\",\"position\":1,\"name\":\"Home\",\"item\":\"https:\/\/petitekingdom.com\/lv\/\"},{\"@type\":\"ListItem\",\"position\":2,\"name\":\"Veikals\",\"item\":\"https:\/\/petitekingdom.com\/lv\/veikals\/\"},{\"@type\":\"ListItem\",\"position\":3,\"name\":\"Balts montessori virtuves torn\u012btis\"}]},{\"@type\":\"WebSite\",\"@id\":\"https:\/\/petitekingdom.com\/#website\",\"url\":\"https:\/\/petitekingdom.com\/\",\"name\":\"Petite Kingdom\",\"description\":\"B\u0113rnu izt\u0113lei nav robe\u017eu\",\"publisher\":{\"@id\":\"https:\/\/petitekingdom.com\/#organization\"},\"potentialAction\":[{\"@type\":\"SearchAction\",\"target\":{\"@type\":\"EntryPoint\",\"urlTemplate\":\"https:\/\/petitekingdom.com\/?s={search_term_string}\"},\"query-input\":{\"@type\":\"PropertyValueSpecification\",\"valueRequired\":true,\"valueName\":\"search_term_string\"}}],\"inLanguage\":\"lv-LV\"},{\"@type\":\"Organization\",\"@id\":\"https:\/\/petitekingdom.com\/#organization\",\"name\":\"Petite Kingdom\",\"url\":\"https:\/\/petitekingdom.com\/\",\"logo\":{\"@type\":\"ImageObject\",\"inLanguage\":\"lv-LV\",\"@id\":\"https:\/\/petitekingdom.com\/#\/schema\/logo\/image\/\",\"url\":\"https:\/\/petitekingdom.com\/wp-content\/uploads\/2021\/04\/PT_logo_blackPNG.png\",\"contentUrl\":\"https:\/\/petitekingdom.com\/wp-content\/uploads\/2021\/04\/PT_logo_blackPNG.png\",\"width\":1158,\"height\":500,\"caption\":\"Petite Kingdom\"},\"image\":{\"@id\":\"https:\/\/petitekingdom.com\/#\/schema\/logo\/image\/\"},\"sameAs\":[\"https:\/\/www.facebook.com\/Petite-Kingdom-114272640862559\",\"https:\/\/www.instagram.com\/petite_kingdom\/\"]}]}<\/script>\n<!-- \/ Yoast SEO Premium plugin. -->","yoast_head_json":{"title":"Balts montessori virtuves torn\u012btis &#8226; Petite Kingdom","description":"Montessori virtuves torn\u012b\u0161i b\u0113rniem ir pal\u012bgs \u0113dienu gatavo\u0161an\u0101 un ikdienas darbi\u0146os kop\u0101 ar vec\u0101kiem. Montessori m\u0113beles b\u0113rniem Petite Kingdom veikal\u0101.","robots":{"index":"index","follow":"follow","max-snippet":"max-snippet:-1","max-image-preview":"max-image-preview:large","max-video-preview":"max-video-preview:-1"},"canonical":"https:\/\/petitekingdom.com\/lv\/veikals\/balts-montessori-virtuves-tornitis\/","og_locale":"lv_LV","og_type":"article","og_title":"Balts montessori virtuves torn\u012btis","og_description":"Montessori virtuves torn\u012btis b\u0113rniem: balt\u0101 kr\u0101s\u0101 jeb t\u0101 sauktais Virtuves pal\u012bgs torn\u012btis b\u0113rniembalt\u0101 kr\u0101s\u0101 ir regul\u0113jams Montessori koka pak\u0101pienu tornis, kas b\u0113rniem ir lielisks pal\u012bgs piedal\u012bties kop\u0101 ar vec\u0101kiem virtuves darbi\u0146os un \u0113dienu gatavo\u0161an\u0101. Virtuves torn\u012b\u0161i ir b\u0113rnu m\u0113beles, kas izstr\u0101d\u0101tas saska\u0146\u0101 ar Montessori m\u0113be\u013cu neatkar\u012bbas veido\u0161anas principiem.  Petite Kingdom ar prieku pied\u0101v\u0101 lieliskas kvalit\u0101tes produktus b\u0113rniem, kas rada milz\u012bgas at\u0161\u0137ir\u012bbas un uzlabojumus b\u0113rnu ikdienas dz\u012bv\u0113.","og_url":"https:\/\/petitekingdom.com\/lv\/veikals\/balts-montessori-virtuves-tornitis\/","og_site_name":"Petite Kingdom","article_publisher":"https:\/\/www.facebook.com\/Petite-Kingdom-114272640862559","article_modified_time":"2024-02-04T22:00:14+00:00","og_image":[{"width":1772,"height":1181,"url":"https:\/\/linen-spoonbill-297917.hostingersite.com\/wp-content\/uploads\/2022\/10\/montessori-kitchen-helper-tower-in-white.jpg","type":"image\/jpeg"}],"twitter_card":"summary_large_image","schema":{"@context":"https:\/\/schema.org","@graph":[{"@type":"WebPage","@id":"https:\/\/petitekingdom.com\/lv\/veikals\/balts-montessori-virtuves-tornitis\/","url":"https:\/\/petitekingdom.com\/lv\/veikals\/balts-montessori-virtuves-tornitis\/","name":"Balts montessori virtuves torn\u012btis &#8226; Petite Kingdom","isPartOf":{"@id":"https:\/\/petitekingdom.com\/#website"},"primaryImageOfPage":{"@id":"https:\/\/petitekingdom.com\/lv\/veikals\/balts-montessori-virtuves-tornitis\/#primaryimage"},"image":{"@id":"https:\/\/petitekingdom.com\/lv\/veikals\/balts-montessori-virtuves-tornitis\/#primaryimage"},"thumbnailUrl":"https:\/\/petitekingdom.com\/wp-content\/uploads\/2022\/10\/montessori-kitchen-helper-tower-in-white.jpg","datePublished":"2022-10-04T09:35:11+00:00","dateModified":"2024-02-04T22:00:14+00:00","description":"Montessori virtuves torn\u012b\u0161i b\u0113rniem ir pal\u012bgs \u0113dienu gatavo\u0161an\u0101 un ikdienas darbi\u0146os kop\u0101 ar vec\u0101kiem. Montessori m\u0113beles b\u0113rniem Petite Kingdom veikal\u0101.","breadcrumb":{"@id":"https:\/\/petitekingdom.com\/lv\/veikals\/balts-montessori-virtuves-tornitis\/#breadcrumb"},"inLanguage":"lv-LV","potentialAction":[{"@type":"ReadAction","target":["https:\/\/petitekingdom.com\/lv\/veikals\/balts-montessori-virtuves-tornitis\/"]}]},{"@type":"ImageObject","inLanguage":"lv-LV","@id":"https:\/\/petitekingdom.com\/lv\/veikals\/balts-montessori-virtuves-tornitis\/#primaryimage","url":"https:\/\/petitekingdom.com\/wp-content\/uploads\/2022\/10\/montessori-kitchen-helper-tower-in-white.jpg","contentUrl":"https:\/\/petitekingdom.com\/wp-content\/uploads\/2022\/10\/montessori-kitchen-helper-tower-in-white.jpg","width":1772,"height":1181,"caption":"Balts montessori virtuves torn\u012btis - Joy Of Nature"},{"@type":"BreadcrumbList","@id":"https:\/\/petitekingdom.com\/lv\/veikals\/balts-montessori-virtuves-tornitis\/#breadcrumb","itemListElement":[{"@type":"ListItem","position":1,"name":"Home","item":"https:\/\/petitekingdom.com\/lv\/"},{"@type":"ListItem","position":2,"name":"Veikals","item":"https:\/\/petitekingdom.com\/lv\/veikals\/"},{"@type":"ListItem","position":3,"name":"Balts montessori virtuves torn\u012btis"}]},{"@type":"WebSite","@id":"https:\/\/petitekingdom.com\/#website","url":"https:\/\/petitekingdom.com\/","name":"Petite Kingdom","description":"B\u0113rnu izt\u0113lei nav robe\u017eu","publisher":{"@id":"https:\/\/petitekingdom.com\/#organization"},"potentialAction":[{"@type":"SearchAction","target":{"@type":"EntryPoint","urlTemplate":"https:\/\/petitekingdom.com\/?s={search_term_string}"},"query-input":{"@type":"PropertyValueSpecification","valueRequired":true,"valueName":"search_term_string"}}],"inLanguage":"lv-LV"},{"@type":"Organization","@id":"https:\/\/petitekingdom.com\/#organization","name":"Petite Kingdom","url":"https:\/\/petitekingdom.com\/","logo":{"@type":"ImageObject","inLanguage":"lv-LV","@id":"https:\/\/petitekingdom.com\/#\/schema\/logo\/image\/","url":"https:\/\/petitekingdom.com\/wp-content\/uploads\/2021\/04\/PT_logo_blackPNG.png","contentUrl":"https:\/\/petitekingdom.com\/wp-content\/uploads\/2021\/04\/PT_logo_blackPNG.png","width":1158,"height":500,"caption":"Petite Kingdom"},"image":{"@id":"https:\/\/petitekingdom.com\/#\/schema\/logo\/image\/"},"sameAs":["https:\/\/www.facebook.com\/Petite-Kingdom-114272640862559","https:\/\/www.instagram.com\/petite_kingdom\/"]}]}},"_links":{"self":[{"href":"https:\/\/petitekingdom.com\/lv\/wp-json\/wp\/v2\/product\/40408"}],"collection":[{"href":"https:\/\/petitekingdom.com\/lv\/wp-json\/wp\/v2\/product"}],"about":[{"href":"https:\/\/petitekingdom.com\/lv\/wp-json\/wp\/v2\/types\/product"}],"wp:featuredmedia":[{"embeddable":true,"href":"https:\/\/petitekingdom.com\/lv\/wp-json\/wp\/v2\/media\/40399"}],"wp:attachment":[{"href":"https:\/\/petitekingdom.com\/lv\/wp-json\/wp\/v2\/media?parent=40408"}],"wp:term":[{"taxonomy":"product_cat","embeddable":true,"href":"https:\/\/petitekingdom.com\/lv\/wp-json\/wp\/v2\/product_cat?post=40408"},{"taxonomy":"product_tag","embeddable":true,"href":"https:\/\/petitekingdom.com\/lv\/wp-json\/wp\/v2\/product_tag?post=40408"},{"taxonomy":"product-material","embeddable":true,"href":"https:\/\/petitekingdom.com\/lv\/wp-json\/wp\/v2\/product-material?post=40408"},{"taxonomy":"product-type","embeddable":true,"href":"https:\/\/petitekingdom.com\/lv\/wp-json\/wp\/v2\/product-type?post=40408"},{"taxonomy":"designers","embeddable":true,"href":"https:\/\/petitekingdom.com\/lv\/wp-json\/wp\/v2\/designers?post=40408"}],"curies":[{"name":"wp","href":"https:\/\/api.w.org\/{rel}","templated":true}]}}