{"id":36859,"date":"2022-09-01T10:54:17","date_gmt":"2022-09-01T07:55:45","guid":{"rendered":"https:\/\/petitekingdom.com\/shop\/uncategorized\/sarkani-gumijas-zabaki-berniem-ar-juraslaikmeta-temu\/"},"modified":"2022-09-01T10:56:25","modified_gmt":"2022-09-01T07:56:25","slug":"sarkani-gumijas-zabaki-berniem-ar-juraslaikmeta-temu","status":"publish","type":"product","link":"https:\/\/petitekingdom.com\/lv\/veikals\/sarkani-gumijas-zabaki-berniem-ar-juraslaikmeta-temu\/","title":{"rendered":"Sarkani gumijas z\u0101baki b\u0113rniem ar j\u016braslaikmeta t\u0113mu"},"content":{"rendered":"<ul>\n<li>Ra\u017eots no dab\u012bg\u0101s gumijas<\/li>\n<\/ul>\n","protected":false},"excerpt":{"rendered":"<p>Ra\u017eots no dab\u012bg\u0101s gumijas, bez PVC. Raksts lieliski piest\u0101v jak\u0101m un lietus aksesu\u0101riem. Rievaina zole.<\/p>\n","protected":false},"featured_media":36852,"template":"","meta":{"_acf_changed":false},"product_brand":[],"product_cat":[1192,1187,1347,1674,1655,1605,1607,1350,1180],"product_tag":[],"product-material":[],"product-type":[],"designers":[671],"class_list":{"0":"post-36859","1":"product","2":"type-product","3":"status-publish","4":"has-post-thumbnail","6":"product_cat-meitenes","7":"product_cat-zeni","8":"product_cat-bernu-apavi","9":"product_cat-sezonas-izpardosana","10":"product_cat-jaunumi","11":"product_cat-izpardosana","12":"product_cat-outlets","13":"product_cat-zabaki","14":"product_cat-zidainu-apgerbs","15":"designers-frugi-lv","17":"first","18":"instock","19":"sale","20":"taxable","21":"shipping-taxable","22":"purchasable","23":"product-type-variable"},"acf":[],"yoast_head":"<!-- This site is optimized with the Yoast SEO Premium plugin v23.7 (Yoast SEO v27.5) - https:\/\/yoast.com\/product\/yoast-seo-premium-wordpress\/ -->\n<title>Sarkani gumijas z\u0101baki b\u0113rniem ar j\u016braslaikmeta t\u0113mu &#8226; Petite Kingdom<\/title>\n<meta name=\"robots\" content=\"index, follow, max-snippet:-1, max-image-preview:large, max-video-preview:-1\" \/>\n<link rel=\"canonical\" href=\"https:\/\/petitekingdom.com\/shop\/red-jurassic-coast-rubber-boots-for-kids\/\" \/>\n<meta property=\"og:locale\" content=\"lv_LV\" \/>\n<meta property=\"og:type\" content=\"article\" \/>\n<meta property=\"og:title\" content=\"Sarkani gumijas z\u0101baki b\u0113rniem ar j\u016braslaikmeta t\u0113mu\" \/>\n<meta property=\"og:description\" content=\"Ra\u017eots no dab\u012bg\u0101s gumijas, bez PVC. Raksts lieliski piest\u0101v jak\u0101m un lietus aksesu\u0101riem. Rievaina zole.\" \/>\n<meta property=\"og:url\" content=\"https:\/\/petitekingdom.com\/shop\/red-jurassic-coast-rubber-boots-for-kids\/\" \/>\n<meta property=\"og:site_name\" content=\"Petite Kingdom\" \/>\n<meta property=\"article:publisher\" content=\"https:\/\/www.facebook.com\/Petite-Kingdom-114272640862559\" \/>\n<meta property=\"article:modified_time\" content=\"2022-09-01T07:56:25+00:00\" \/>\n<meta property=\"og:image\" content=\"https:\/\/petitekingdom.com\/wp-content\/uploads\/2022\/09\/red-jurassic-coast-rubber-boots-for-kids-frugi.jpeg\" \/>\n\t<meta property=\"og:image:width\" content=\"1280\" \/>\n\t<meta property=\"og:image:height\" content=\"1920\" \/>\n\t<meta property=\"og:image:type\" content=\"image\/jpeg\" \/>\n<meta name=\"twitter:card\" content=\"summary_large_image\" \/>\n<script type=\"application\/ld+json\" class=\"yoast-schema-graph\">{\"@context\":\"https:\\\/\\\/schema.org\",\"@graph\":[{\"@type\":\"WebPage\",\"@id\":\"https:\\\/\\\/petitekingdom.com\\\/shop\\\/red-jurassic-coast-rubber-boots-for-kids\\\/\",\"url\":\"https:\\\/\\\/petitekingdom.com\\\/shop\\\/red-jurassic-coast-rubber-boots-for-kids\\\/\",\"name\":\"Sarkani gumijas z\u0101baki b\u0113rniem ar j\u016braslaikmeta t\u0113mu &#8226; Petite Kingdom\",\"isPartOf\":{\"@id\":\"https:\\\/\\\/petitekingdom.com\\\/#website\"},\"primaryImageOfPage\":{\"@id\":\"https:\\\/\\\/petitekingdom.com\\\/shop\\\/red-jurassic-coast-rubber-boots-for-kids\\\/#primaryimage\"},\"image\":{\"@id\":\"https:\\\/\\\/petitekingdom.com\\\/shop\\\/red-jurassic-coast-rubber-boots-for-kids\\\/#primaryimage\"},\"thumbnailUrl\":\"https:\\\/\\\/petitekingdom.com\\\/wp-content\\\/uploads\\\/2022\\\/09\\\/red-jurassic-coast-rubber-boots-for-kids-frugi.jpeg\",\"datePublished\":\"2022-09-01T07:55:45+00:00\",\"dateModified\":\"2022-09-01T07:56:25+00:00\",\"breadcrumb\":{\"@id\":\"https:\\\/\\\/petitekingdom.com\\\/shop\\\/red-jurassic-coast-rubber-boots-for-kids\\\/#breadcrumb\"},\"inLanguage\":\"lv-LV\",\"potentialAction\":[{\"@type\":\"ReadAction\",\"target\":[\"https:\\\/\\\/petitekingdom.com\\\/shop\\\/red-jurassic-coast-rubber-boots-for-kids\\\/\"]}]},{\"@type\":\"ImageObject\",\"inLanguage\":\"lv-LV\",\"@id\":\"https:\\\/\\\/petitekingdom.com\\\/shop\\\/red-jurassic-coast-rubber-boots-for-kids\\\/#primaryimage\",\"url\":\"https:\\\/\\\/petitekingdom.com\\\/wp-content\\\/uploads\\\/2022\\\/09\\\/red-jurassic-coast-rubber-boots-for-kids-frugi.jpeg\",\"contentUrl\":\"https:\\\/\\\/petitekingdom.com\\\/wp-content\\\/uploads\\\/2022\\\/09\\\/red-jurassic-coast-rubber-boots-for-kids-frugi.jpeg\",\"width\":1280,\"height\":1920,\"caption\":\"Sarkani gumijas z\u0101baki b\u0113rniem ar j\u016braslaikmeta t\u0113mu - Frugi\"},{\"@type\":\"BreadcrumbList\",\"@id\":\"https:\\\/\\\/petitekingdom.com\\\/shop\\\/red-jurassic-coast-rubber-boots-for-kids\\\/#breadcrumb\",\"itemListElement\":[{\"@type\":\"ListItem\",\"position\":1,\"name\":\"Home\",\"item\":\"https:\\\/\\\/petitekingdom.com\\\/lv\\\/\"},{\"@type\":\"ListItem\",\"position\":2,\"name\":\"Veikals\",\"item\":\"https:\\\/\\\/petitekingdom.com\\\/lv\\\/veikals\\\/\"},{\"@type\":\"ListItem\",\"position\":3,\"name\":\"Sarkani gumijas z\u0101baki b\u0113rniem ar j\u016braslaikmeta t\u0113mu\"}]},{\"@type\":\"WebSite\",\"@id\":\"https:\\\/\\\/petitekingdom.com\\\/#website\",\"url\":\"https:\\\/\\\/petitekingdom.com\\\/\",\"name\":\"Petite Kingdom\",\"description\":\"B\u0113rnu izt\u0113lei nav robe\u017eu\",\"publisher\":{\"@id\":\"https:\\\/\\\/petitekingdom.com\\\/#organization\"},\"potentialAction\":[{\"@type\":\"SearchAction\",\"target\":{\"@type\":\"EntryPoint\",\"urlTemplate\":\"https:\\\/\\\/petitekingdom.com\\\/?s={search_term_string}\"},\"query-input\":{\"@type\":\"PropertyValueSpecification\",\"valueRequired\":true,\"valueName\":\"search_term_string\"}}],\"inLanguage\":\"lv-LV\"},{\"@type\":\"Organization\",\"@id\":\"https:\\\/\\\/petitekingdom.com\\\/#organization\",\"name\":\"Petite Kingdom\",\"url\":\"https:\\\/\\\/petitekingdom.com\\\/\",\"logo\":{\"@type\":\"ImageObject\",\"inLanguage\":\"lv-LV\",\"@id\":\"https:\\\/\\\/petitekingdom.com\\\/#\\\/schema\\\/logo\\\/image\\\/\",\"url\":\"https:\\\/\\\/petitekingdom.com\\\/wp-content\\\/uploads\\\/2021\\\/04\\\/PT_logo_blackPNG.png\",\"contentUrl\":\"https:\\\/\\\/petitekingdom.com\\\/wp-content\\\/uploads\\\/2021\\\/04\\\/PT_logo_blackPNG.png\",\"width\":1158,\"height\":500,\"caption\":\"Petite Kingdom\"},\"image\":{\"@id\":\"https:\\\/\\\/petitekingdom.com\\\/#\\\/schema\\\/logo\\\/image\\\/\"},\"sameAs\":[\"https:\\\/\\\/www.facebook.com\\\/Petite-Kingdom-114272640862559\",\"https:\\\/\\\/www.instagram.com\\\/petite_kingdom\\\/\"]}]}<\/script>\n<!-- \/ Yoast SEO Premium plugin. -->","yoast_head_json":{"title":"Sarkani gumijas z\u0101baki b\u0113rniem ar j\u016braslaikmeta t\u0113mu &#8226; Petite Kingdom","robots":{"index":"index","follow":"follow","max-snippet":"max-snippet:-1","max-image-preview":"max-image-preview:large","max-video-preview":"max-video-preview:-1"},"canonical":"https:\/\/petitekingdom.com\/shop\/red-jurassic-coast-rubber-boots-for-kids\/","og_locale":"lv_LV","og_type":"article","og_title":"Sarkani gumijas z\u0101baki b\u0113rniem ar j\u016braslaikmeta t\u0113mu","og_description":"Ra\u017eots no dab\u012bg\u0101s gumijas, bez PVC. Raksts lieliski piest\u0101v jak\u0101m un lietus aksesu\u0101riem. Rievaina zole.","og_url":"https:\/\/petitekingdom.com\/shop\/red-jurassic-coast-rubber-boots-for-kids\/","og_site_name":"Petite Kingdom","article_publisher":"https:\/\/www.facebook.com\/Petite-Kingdom-114272640862559","article_modified_time":"2022-09-01T07:56:25+00:00","og_image":[{"width":1280,"height":1920,"url":"https:\/\/petitekingdom.com\/wp-content\/uploads\/2022\/09\/red-jurassic-coast-rubber-boots-for-kids-frugi.jpeg","type":"image\/jpeg"}],"twitter_card":"summary_large_image","schema":{"@context":"https:\/\/schema.org","@graph":[{"@type":"WebPage","@id":"https:\/\/petitekingdom.com\/shop\/red-jurassic-coast-rubber-boots-for-kids\/","url":"https:\/\/petitekingdom.com\/shop\/red-jurassic-coast-rubber-boots-for-kids\/","name":"Sarkani gumijas z\u0101baki b\u0113rniem ar j\u016braslaikmeta t\u0113mu &#8226; Petite Kingdom","isPartOf":{"@id":"https:\/\/petitekingdom.com\/#website"},"primaryImageOfPage":{"@id":"https:\/\/petitekingdom.com\/shop\/red-jurassic-coast-rubber-boots-for-kids\/#primaryimage"},"image":{"@id":"https:\/\/petitekingdom.com\/shop\/red-jurassic-coast-rubber-boots-for-kids\/#primaryimage"},"thumbnailUrl":"https:\/\/petitekingdom.com\/wp-content\/uploads\/2022\/09\/red-jurassic-coast-rubber-boots-for-kids-frugi.jpeg","datePublished":"2022-09-01T07:55:45+00:00","dateModified":"2022-09-01T07:56:25+00:00","breadcrumb":{"@id":"https:\/\/petitekingdom.com\/shop\/red-jurassic-coast-rubber-boots-for-kids\/#breadcrumb"},"inLanguage":"lv-LV","potentialAction":[{"@type":"ReadAction","target":["https:\/\/petitekingdom.com\/shop\/red-jurassic-coast-rubber-boots-for-kids\/"]}]},{"@type":"ImageObject","inLanguage":"lv-LV","@id":"https:\/\/petitekingdom.com\/shop\/red-jurassic-coast-rubber-boots-for-kids\/#primaryimage","url":"https:\/\/petitekingdom.com\/wp-content\/uploads\/2022\/09\/red-jurassic-coast-rubber-boots-for-kids-frugi.jpeg","contentUrl":"https:\/\/petitekingdom.com\/wp-content\/uploads\/2022\/09\/red-jurassic-coast-rubber-boots-for-kids-frugi.jpeg","width":1280,"height":1920,"caption":"Sarkani gumijas z\u0101baki b\u0113rniem ar j\u016braslaikmeta t\u0113mu - Frugi"},{"@type":"BreadcrumbList","@id":"https:\/\/petitekingdom.com\/shop\/red-jurassic-coast-rubber-boots-for-kids\/#breadcrumb","itemListElement":[{"@type":"ListItem","position":1,"name":"Home","item":"https:\/\/petitekingdom.com\/lv\/"},{"@type":"ListItem","position":2,"name":"Veikals","item":"https:\/\/petitekingdom.com\/lv\/veikals\/"},{"@type":"ListItem","position":3,"name":"Sarkani gumijas z\u0101baki b\u0113rniem ar j\u016braslaikmeta t\u0113mu"}]},{"@type":"WebSite","@id":"https:\/\/petitekingdom.com\/#website","url":"https:\/\/petitekingdom.com\/","name":"Petite Kingdom","description":"B\u0113rnu izt\u0113lei nav robe\u017eu","publisher":{"@id":"https:\/\/petitekingdom.com\/#organization"},"potentialAction":[{"@type":"SearchAction","target":{"@type":"EntryPoint","urlTemplate":"https:\/\/petitekingdom.com\/?s={search_term_string}"},"query-input":{"@type":"PropertyValueSpecification","valueRequired":true,"valueName":"search_term_string"}}],"inLanguage":"lv-LV"},{"@type":"Organization","@id":"https:\/\/petitekingdom.com\/#organization","name":"Petite Kingdom","url":"https:\/\/petitekingdom.com\/","logo":{"@type":"ImageObject","inLanguage":"lv-LV","@id":"https:\/\/petitekingdom.com\/#\/schema\/logo\/image\/","url":"https:\/\/petitekingdom.com\/wp-content\/uploads\/2021\/04\/PT_logo_blackPNG.png","contentUrl":"https:\/\/petitekingdom.com\/wp-content\/uploads\/2021\/04\/PT_logo_blackPNG.png","width":1158,"height":500,"caption":"Petite Kingdom"},"image":{"@id":"https:\/\/petitekingdom.com\/#\/schema\/logo\/image\/"},"sameAs":["https:\/\/www.facebook.com\/Petite-Kingdom-114272640862559","https:\/\/www.instagram.com\/petite_kingdom\/"]}]}},"_links":{"self":[{"href":"https:\/\/petitekingdom.com\/lv\/wp-json\/wp\/v2\/product\/36859","targetHints":{"allow":["GET"]}}],"collection":[{"href":"https:\/\/petitekingdom.com\/lv\/wp-json\/wp\/v2\/product"}],"about":[{"href":"https:\/\/petitekingdom.com\/lv\/wp-json\/wp\/v2\/types\/product"}],"wp:featuredmedia":[{"embeddable":true,"href":"https:\/\/petitekingdom.com\/lv\/wp-json\/wp\/v2\/media\/36852"}],"wp:attachment":[{"href":"https:\/\/petitekingdom.com\/lv\/wp-json\/wp\/v2\/media?parent=36859"}],"wp:term":[{"taxonomy":"product_brand","embeddable":true,"href":"https:\/\/petitekingdom.com\/lv\/wp-json\/wp\/v2\/product_brand?post=36859"},{"taxonomy":"product_cat","embeddable":true,"href":"https:\/\/petitekingdom.com\/lv\/wp-json\/wp\/v2\/product_cat?post=36859"},{"taxonomy":"product_tag","embeddable":true,"href":"https:\/\/petitekingdom.com\/lv\/wp-json\/wp\/v2\/product_tag?post=36859"},{"taxonomy":"product-material","embeddable":true,"href":"https:\/\/petitekingdom.com\/lv\/wp-json\/wp\/v2\/product-material?post=36859"},{"taxonomy":"product-type","embeddable":true,"href":"https:\/\/petitekingdom.com\/lv\/wp-json\/wp\/v2\/product-type?post=36859"},{"taxonomy":"designers","embeddable":true,"href":"https:\/\/petitekingdom.com\/lv\/wp-json\/wp\/v2\/designers?post=36859"}],"curies":[{"name":"wp","href":"https:\/\/api.w.org\/{rel}","templated":true}]}}