{"id":28929,"date":"2022-07-17T09:18:51","date_gmt":"2022-07-17T06:29:26","guid":{"rendered":"https:\/\/petitekingdom.com\/shop\/uncategorized\/meitenu-gaisi-zilas-peldbiksites\/"},"modified":"2023-01-02T23:03:38","modified_gmt":"2023-01-02T21:03:38","slug":"meitenu-gaisi-zilas-peldbiksites","status":"publish","type":"product","link":"https:\/\/petitekingdom.com\/lv\/veikals\/meitenu-gaisi-zilas-peldbiksites\/","title":{"rendered":"Meite\u0146u gai\u0161i zilas peldbiks\u012btes"},"content":{"rendered":"<ul>\n<li>82 % poliesters 18 % likra<\/li>\n<li><span id=\"CHECKBOXGROUP-1-0-0-1-46-0\" class=\"boolean\"><\/span>Mazg\u0101t ve\u013casma\u0161\u012bn\u0101 40*C<\/li>\n<li>Elast\u012bga gumija jostasviet\u0101<\/li>\n<\/ul>\n","protected":false},"excerpt":{"rendered":"<p>82 % poliesters 18 % likra Mazg\u0101t ve\u013casma\u0161\u012bn\u0101 40*C Elast\u012bga gumija jostasviet\u0101<\/p>\n","protected":false},"featured_media":28924,"template":"","meta":{"_acf_changed":false},"product_cat":[1180,1663,1665,1680,1655,1605,1674],"product_tag":[],"product-material":[],"product-type":[],"designers":[1624],"class_list":{"0":"post-28929","1":"product","2":"type-product","3":"status-publish","4":"has-post-thumbnail","6":"product_cat-zidainu-apgerbs","7":"product_cat-jaundzimuso-drebites","8":"product_cat-zidainu-drebes","9":"product_cat-peldkostimi","10":"product_cat-jaunumi","11":"product_cat-izpardosana","12":"product_cat-sezonas-izpardosana","13":"designers-steiff-lv","15":"first","16":"instock","17":"sale","18":"taxable","19":"shipping-taxable","20":"purchasable","21":"product-type-variable"},"acf":[],"yoast_head":"<!-- This site is optimized with the Yoast SEO Premium plugin v23.7 (Yoast SEO v23.7) - https:\/\/yoast.com\/wordpress\/plugins\/seo\/ -->\n<title>Meite\u0146u gai\u0161i zilas peldbiks\u012btes &#8226; Petite Kingdom<\/title>\n<meta name=\"robots\" content=\"index, follow, max-snippet:-1, max-image-preview:large, max-video-preview:-1\" \/>\n<link rel=\"canonical\" href=\"https:\/\/petitekingdom.com\/shop\/girls-iced-aqua-diaper-briefs\/\" \/>\n<meta property=\"og:locale\" content=\"lv_LV\" \/>\n<meta property=\"og:type\" content=\"article\" \/>\n<meta property=\"og:title\" content=\"Meite\u0146u gai\u0161i zilas peldbiks\u012btes\" \/>\n<meta property=\"og:description\" content=\"82 % poliesters 18 % likra  Mazg\u0101t ve\u013casma\u0161\u012bn\u0101 40*C  Elast\u012bga gumija jostasviet\u0101\" \/>\n<meta property=\"og:url\" content=\"https:\/\/petitekingdom.com\/shop\/girls-iced-aqua-diaper-briefs\/\" \/>\n<meta property=\"og:site_name\" content=\"Petite Kingdom\" \/>\n<meta property=\"article:publisher\" content=\"https:\/\/www.facebook.com\/Petite-Kingdom-114272640862559\" \/>\n<meta property=\"article:modified_time\" content=\"2023-01-02T21:03:38+00:00\" \/>\n<meta property=\"og:image\" content=\"https:\/\/petitekingdom.com\/wp-content\/uploads\/2022\/07\/girls-iced-aqua-diaper-briefs-steiff.jpg\" \/>\n\t<meta property=\"og:image:width\" content=\"1920\" \/>\n\t<meta property=\"og:image:height\" content=\"1920\" \/>\n\t<meta property=\"og:image:type\" content=\"image\/jpeg\" \/>\n<meta name=\"twitter:card\" content=\"summary_large_image\" \/>\n<script type=\"application\/ld+json\" class=\"yoast-schema-graph\">{\"@context\":\"https:\/\/schema.org\",\"@graph\":[{\"@type\":\"WebPage\",\"@id\":\"https:\/\/petitekingdom.com\/shop\/girls-iced-aqua-diaper-briefs\/\",\"url\":\"https:\/\/petitekingdom.com\/shop\/girls-iced-aqua-diaper-briefs\/\",\"name\":\"Meite\u0146u gai\u0161i zilas peldbiks\u012btes &#8226; Petite Kingdom\",\"isPartOf\":{\"@id\":\"https:\/\/petitekingdom.com\/#website\"},\"primaryImageOfPage\":{\"@id\":\"https:\/\/petitekingdom.com\/shop\/girls-iced-aqua-diaper-briefs\/#primaryimage\"},\"image\":{\"@id\":\"https:\/\/petitekingdom.com\/shop\/girls-iced-aqua-diaper-briefs\/#primaryimage\"},\"thumbnailUrl\":\"https:\/\/petitekingdom.com\/wp-content\/uploads\/2022\/07\/girls-iced-aqua-diaper-briefs-steiff.jpg\",\"datePublished\":\"2022-07-17T06:29:26+00:00\",\"dateModified\":\"2023-01-02T21:03:38+00:00\",\"breadcrumb\":{\"@id\":\"https:\/\/petitekingdom.com\/shop\/girls-iced-aqua-diaper-briefs\/#breadcrumb\"},\"inLanguage\":\"lv-LV\",\"potentialAction\":[{\"@type\":\"ReadAction\",\"target\":[\"https:\/\/petitekingdom.com\/shop\/girls-iced-aqua-diaper-briefs\/\"]}]},{\"@type\":\"ImageObject\",\"inLanguage\":\"lv-LV\",\"@id\":\"https:\/\/petitekingdom.com\/shop\/girls-iced-aqua-diaper-briefs\/#primaryimage\",\"url\":\"https:\/\/petitekingdom.com\/wp-content\/uploads\/2022\/07\/girls-iced-aqua-diaper-briefs-steiff.jpg\",\"contentUrl\":\"https:\/\/petitekingdom.com\/wp-content\/uploads\/2022\/07\/girls-iced-aqua-diaper-briefs-steiff.jpg\",\"width\":1920,\"height\":1920,\"caption\":\"Meite\u0146u gai\u0161i zilas peldbiks\u012btes - Steiff\"},{\"@type\":\"BreadcrumbList\",\"@id\":\"https:\/\/petitekingdom.com\/shop\/girls-iced-aqua-diaper-briefs\/#breadcrumb\",\"itemListElement\":[{\"@type\":\"ListItem\",\"position\":1,\"name\":\"Home\",\"item\":\"https:\/\/petitekingdom.com\/lv\/\"},{\"@type\":\"ListItem\",\"position\":2,\"name\":\"Veikals\",\"item\":\"https:\/\/petitekingdom.com\/lv\/veikals\/\"},{\"@type\":\"ListItem\",\"position\":3,\"name\":\"Meite\u0146u gai\u0161i zilas peldbiks\u012btes\"}]},{\"@type\":\"WebSite\",\"@id\":\"https:\/\/petitekingdom.com\/#website\",\"url\":\"https:\/\/petitekingdom.com\/\",\"name\":\"Petite Kingdom\",\"description\":\"B\u0113rnu izt\u0113lei nav robe\u017eu\",\"publisher\":{\"@id\":\"https:\/\/petitekingdom.com\/#organization\"},\"potentialAction\":[{\"@type\":\"SearchAction\",\"target\":{\"@type\":\"EntryPoint\",\"urlTemplate\":\"https:\/\/petitekingdom.com\/?s={search_term_string}\"},\"query-input\":{\"@type\":\"PropertyValueSpecification\",\"valueRequired\":true,\"valueName\":\"search_term_string\"}}],\"inLanguage\":\"lv-LV\"},{\"@type\":\"Organization\",\"@id\":\"https:\/\/petitekingdom.com\/#organization\",\"name\":\"Petite Kingdom\",\"url\":\"https:\/\/petitekingdom.com\/\",\"logo\":{\"@type\":\"ImageObject\",\"inLanguage\":\"lv-LV\",\"@id\":\"https:\/\/petitekingdom.com\/#\/schema\/logo\/image\/\",\"url\":\"https:\/\/petitekingdom.com\/wp-content\/uploads\/2021\/04\/PT_logo_blackPNG.png\",\"contentUrl\":\"https:\/\/petitekingdom.com\/wp-content\/uploads\/2021\/04\/PT_logo_blackPNG.png\",\"width\":1158,\"height\":500,\"caption\":\"Petite Kingdom\"},\"image\":{\"@id\":\"https:\/\/petitekingdom.com\/#\/schema\/logo\/image\/\"},\"sameAs\":[\"https:\/\/www.facebook.com\/Petite-Kingdom-114272640862559\",\"https:\/\/www.instagram.com\/petite_kingdom\/\"]}]}<\/script>\n<!-- \/ Yoast SEO Premium plugin. -->","yoast_head_json":{"title":"Meite\u0146u gai\u0161i zilas peldbiks\u012btes &#8226; Petite Kingdom","robots":{"index":"index","follow":"follow","max-snippet":"max-snippet:-1","max-image-preview":"max-image-preview:large","max-video-preview":"max-video-preview:-1"},"canonical":"https:\/\/petitekingdom.com\/shop\/girls-iced-aqua-diaper-briefs\/","og_locale":"lv_LV","og_type":"article","og_title":"Meite\u0146u gai\u0161i zilas peldbiks\u012btes","og_description":"82 % poliesters 18 % likra  Mazg\u0101t ve\u013casma\u0161\u012bn\u0101 40*C  Elast\u012bga gumija jostasviet\u0101","og_url":"https:\/\/petitekingdom.com\/shop\/girls-iced-aqua-diaper-briefs\/","og_site_name":"Petite Kingdom","article_publisher":"https:\/\/www.facebook.com\/Petite-Kingdom-114272640862559","article_modified_time":"2023-01-02T21:03:38+00:00","og_image":[{"width":1920,"height":1920,"url":"https:\/\/petitekingdom.com\/wp-content\/uploads\/2022\/07\/girls-iced-aqua-diaper-briefs-steiff.jpg","type":"image\/jpeg"}],"twitter_card":"summary_large_image","schema":{"@context":"https:\/\/schema.org","@graph":[{"@type":"WebPage","@id":"https:\/\/petitekingdom.com\/shop\/girls-iced-aqua-diaper-briefs\/","url":"https:\/\/petitekingdom.com\/shop\/girls-iced-aqua-diaper-briefs\/","name":"Meite\u0146u gai\u0161i zilas peldbiks\u012btes &#8226; Petite Kingdom","isPartOf":{"@id":"https:\/\/petitekingdom.com\/#website"},"primaryImageOfPage":{"@id":"https:\/\/petitekingdom.com\/shop\/girls-iced-aqua-diaper-briefs\/#primaryimage"},"image":{"@id":"https:\/\/petitekingdom.com\/shop\/girls-iced-aqua-diaper-briefs\/#primaryimage"},"thumbnailUrl":"https:\/\/petitekingdom.com\/wp-content\/uploads\/2022\/07\/girls-iced-aqua-diaper-briefs-steiff.jpg","datePublished":"2022-07-17T06:29:26+00:00","dateModified":"2023-01-02T21:03:38+00:00","breadcrumb":{"@id":"https:\/\/petitekingdom.com\/shop\/girls-iced-aqua-diaper-briefs\/#breadcrumb"},"inLanguage":"lv-LV","potentialAction":[{"@type":"ReadAction","target":["https:\/\/petitekingdom.com\/shop\/girls-iced-aqua-diaper-briefs\/"]}]},{"@type":"ImageObject","inLanguage":"lv-LV","@id":"https:\/\/petitekingdom.com\/shop\/girls-iced-aqua-diaper-briefs\/#primaryimage","url":"https:\/\/petitekingdom.com\/wp-content\/uploads\/2022\/07\/girls-iced-aqua-diaper-briefs-steiff.jpg","contentUrl":"https:\/\/petitekingdom.com\/wp-content\/uploads\/2022\/07\/girls-iced-aqua-diaper-briefs-steiff.jpg","width":1920,"height":1920,"caption":"Meite\u0146u gai\u0161i zilas peldbiks\u012btes - Steiff"},{"@type":"BreadcrumbList","@id":"https:\/\/petitekingdom.com\/shop\/girls-iced-aqua-diaper-briefs\/#breadcrumb","itemListElement":[{"@type":"ListItem","position":1,"name":"Home","item":"https:\/\/petitekingdom.com\/lv\/"},{"@type":"ListItem","position":2,"name":"Veikals","item":"https:\/\/petitekingdom.com\/lv\/veikals\/"},{"@type":"ListItem","position":3,"name":"Meite\u0146u gai\u0161i zilas peldbiks\u012btes"}]},{"@type":"WebSite","@id":"https:\/\/petitekingdom.com\/#website","url":"https:\/\/petitekingdom.com\/","name":"Petite Kingdom","description":"B\u0113rnu izt\u0113lei nav robe\u017eu","publisher":{"@id":"https:\/\/petitekingdom.com\/#organization"},"potentialAction":[{"@type":"SearchAction","target":{"@type":"EntryPoint","urlTemplate":"https:\/\/petitekingdom.com\/?s={search_term_string}"},"query-input":{"@type":"PropertyValueSpecification","valueRequired":true,"valueName":"search_term_string"}}],"inLanguage":"lv-LV"},{"@type":"Organization","@id":"https:\/\/petitekingdom.com\/#organization","name":"Petite Kingdom","url":"https:\/\/petitekingdom.com\/","logo":{"@type":"ImageObject","inLanguage":"lv-LV","@id":"https:\/\/petitekingdom.com\/#\/schema\/logo\/image\/","url":"https:\/\/petitekingdom.com\/wp-content\/uploads\/2021\/04\/PT_logo_blackPNG.png","contentUrl":"https:\/\/petitekingdom.com\/wp-content\/uploads\/2021\/04\/PT_logo_blackPNG.png","width":1158,"height":500,"caption":"Petite Kingdom"},"image":{"@id":"https:\/\/petitekingdom.com\/#\/schema\/logo\/image\/"},"sameAs":["https:\/\/www.facebook.com\/Petite-Kingdom-114272640862559","https:\/\/www.instagram.com\/petite_kingdom\/"]}]}},"_links":{"self":[{"href":"https:\/\/petitekingdom.com\/lv\/wp-json\/wp\/v2\/product\/28929"}],"collection":[{"href":"https:\/\/petitekingdom.com\/lv\/wp-json\/wp\/v2\/product"}],"about":[{"href":"https:\/\/petitekingdom.com\/lv\/wp-json\/wp\/v2\/types\/product"}],"wp:featuredmedia":[{"embeddable":true,"href":"https:\/\/petitekingdom.com\/lv\/wp-json\/wp\/v2\/media\/28924"}],"wp:attachment":[{"href":"https:\/\/petitekingdom.com\/lv\/wp-json\/wp\/v2\/media?parent=28929"}],"wp:term":[{"taxonomy":"product_cat","embeddable":true,"href":"https:\/\/petitekingdom.com\/lv\/wp-json\/wp\/v2\/product_cat?post=28929"},{"taxonomy":"product_tag","embeddable":true,"href":"https:\/\/petitekingdom.com\/lv\/wp-json\/wp\/v2\/product_tag?post=28929"},{"taxonomy":"product-material","embeddable":true,"href":"https:\/\/petitekingdom.com\/lv\/wp-json\/wp\/v2\/product-material?post=28929"},{"taxonomy":"product-type","embeddable":true,"href":"https:\/\/petitekingdom.com\/lv\/wp-json\/wp\/v2\/product-type?post=28929"},{"taxonomy":"designers","embeddable":true,"href":"https:\/\/petitekingdom.com\/lv\/wp-json\/wp\/v2\/designers?post=28929"}],"curies":[{"name":"wp","href":"https:\/\/api.w.org\/{rel}","templated":true}]}}