{"id":27867,"date":"2022-06-17T11:02:12","date_gmt":"2022-06-17T08:04:47","guid":{"rendered":"https:\/\/petitekingdom.com\/shop\/uncategorized\/roza-meitenu-t-krekls-ar-putninu\/"},"modified":"2023-01-02T23:04:04","modified_gmt":"2023-01-02T21:04:04","slug":"roza-meitenu-t-krekls-ar-putninu","status":"publish","type":"product","link":"https:\/\/petitekingdom.com\/lv\/veikals\/roza-meitenu-t-krekls-ar-putninu\/","title":{"rendered":"Roz\u0101 meite\u0146u T-krekls ar putni\u0146u"},"content":{"rendered":"<ul>\n<li>100% Organisk\u0101 kokvilna<\/li>\n<li>Mazg\u0101t ve\u013casma\u0161\u012bn\u0101 30*C (saudz\u012bgais re\u017e\u012bms)<\/li>\n<li>GOTS (Glob\u0101lais organisk\u0101s tekstilizstr\u0101d\u0101jumu standarts )<\/li>\n<\/ul>\n","protected":false},"excerpt":{"rendered":"<p>\u0160\u012b Frugi topi\u0146\u0161 meiten\u0113m ir ar \u012bs\u0101m piedurkn\u0113m un ra\u017eots no m\u012bkstas un maigas organisk\u0101s kokvilnas. Roz\u0101 topam ir putna aplik\u0101cija priek\u0161pus\u0113 un elast\u012bgs kakls ar V veida gumiju, kas pal\u012bdz \u0123\u0113rbties bez probl\u0113m\u0101m.<\/p>\n","protected":false},"featured_media":27860,"template":"","meta":{"_acf_changed":false},"product_cat":[1192,1674,1663,1655,1232,1268,1254,1256,1255,1233,1180,1665],"product_tag":[],"product-material":[],"product-type":[],"designers":[671],"class_list":{"0":"post-27867","1":"product","2":"type-product","3":"status-publish","4":"has-post-thumbnail","6":"product_cat-meitenes","7":"product_cat-sezonas-izpardosana","8":"product_cat-jaundzimuso-drebites","9":"product_cat-jaunumi","10":"product_cat-meitenu-krekli-bluzes","11":"product_cat-zidainu-kreklini","12":"product_cat-kreklini-bluzes-zidainiem","13":"product_cat-tkrekli-meitenem","14":"product_cat-zidainu-tkrekli","15":"product_cat-topi-meitenem","16":"product_cat-zidainu-apgerbs","17":"product_cat-zidainu-drebes","18":"designers-frugi-lv","20":"first","21":"instock","22":"sale","23":"taxable","24":"shipping-taxable","25":"purchasable","26":"product-type-variable"},"acf":[],"yoast_head":"<!-- This site is optimized with the Yoast SEO Premium plugin v23.7 (Yoast SEO v23.7) - https:\/\/yoast.com\/wordpress\/plugins\/seo\/ -->\n<title>Roz\u0101 meite\u0146u T-krekls ar putni\u0146u &#8226; Petite Kingdom<\/title>\n<meta name=\"robots\" content=\"index, follow, max-snippet:-1, max-image-preview:large, max-video-preview:-1\" \/>\n<link rel=\"canonical\" href=\"https:\/\/petitekingdom.com\/lv\/veikals\/roza-meitenu-t-krekls-ar-putninu\/\" \/>\n<meta property=\"og:locale\" content=\"lv_LV\" \/>\n<meta property=\"og:type\" content=\"article\" \/>\n<meta property=\"og:title\" content=\"Roz\u0101 meite\u0146u T-krekls ar putni\u0146u\" \/>\n<meta property=\"og:description\" content=\"\u0160\u012b Frugi topi\u0146\u0161 meiten\u0113m ir ar \u012bs\u0101m piedurkn\u0113m un ra\u017eots no m\u012bkstas un maigas organisk\u0101s kokvilnas. Roz\u0101 topam ir putna aplik\u0101cija priek\u0161pus\u0113 un elast\u012bgs kakls ar V veida gumiju, kas pal\u012bdz \u0123\u0113rbties bez probl\u0113m\u0101m.\" \/>\n<meta property=\"og:url\" content=\"https:\/\/petitekingdom.com\/lv\/veikals\/roza-meitenu-t-krekls-ar-putninu\/\" \/>\n<meta property=\"og:site_name\" content=\"Petite Kingdom\" \/>\n<meta property=\"article:publisher\" content=\"https:\/\/www.facebook.com\/Petite-Kingdom-114272640862559\" \/>\n<meta property=\"article:modified_time\" content=\"2023-01-02T21:04:04+00:00\" \/>\n<meta property=\"og:image\" content=\"https:\/\/petitekingdom.com\/wp-content\/uploads\/2022\/06\/girls-pink-stripebird-t-shirt-frugi.jpg\" \/>\n\t<meta property=\"og:image:width\" content=\"1280\" \/>\n\t<meta property=\"og:image:height\" content=\"1920\" \/>\n\t<meta property=\"og:image:type\" content=\"image\/jpeg\" \/>\n<meta name=\"twitter:card\" content=\"summary_large_image\" \/>\n<script type=\"application\/ld+json\" class=\"yoast-schema-graph\">{\"@context\":\"https:\/\/schema.org\",\"@graph\":[{\"@type\":\"WebPage\",\"@id\":\"https:\/\/petitekingdom.com\/lv\/veikals\/roza-meitenu-t-krekls-ar-putninu\/\",\"url\":\"https:\/\/petitekingdom.com\/lv\/veikals\/roza-meitenu-t-krekls-ar-putninu\/\",\"name\":\"Roz\u0101 meite\u0146u T-krekls ar putni\u0146u &#8226; Petite Kingdom\",\"isPartOf\":{\"@id\":\"https:\/\/petitekingdom.com\/#website\"},\"primaryImageOfPage\":{\"@id\":\"https:\/\/petitekingdom.com\/lv\/veikals\/roza-meitenu-t-krekls-ar-putninu\/#primaryimage\"},\"image\":{\"@id\":\"https:\/\/petitekingdom.com\/lv\/veikals\/roza-meitenu-t-krekls-ar-putninu\/#primaryimage\"},\"thumbnailUrl\":\"https:\/\/petitekingdom.com\/wp-content\/uploads\/2022\/06\/girls-pink-stripebird-t-shirt-frugi.jpg\",\"datePublished\":\"2022-06-17T08:04:47+00:00\",\"dateModified\":\"2023-01-02T21:04:04+00:00\",\"breadcrumb\":{\"@id\":\"https:\/\/petitekingdom.com\/lv\/veikals\/roza-meitenu-t-krekls-ar-putninu\/#breadcrumb\"},\"inLanguage\":\"lv-LV\",\"potentialAction\":[{\"@type\":\"ReadAction\",\"target\":[\"https:\/\/petitekingdom.com\/lv\/veikals\/roza-meitenu-t-krekls-ar-putninu\/\"]}]},{\"@type\":\"ImageObject\",\"inLanguage\":\"lv-LV\",\"@id\":\"https:\/\/petitekingdom.com\/lv\/veikals\/roza-meitenu-t-krekls-ar-putninu\/#primaryimage\",\"url\":\"https:\/\/petitekingdom.com\/wp-content\/uploads\/2022\/06\/girls-pink-stripebird-t-shirt-frugi.jpg\",\"contentUrl\":\"https:\/\/petitekingdom.com\/wp-content\/uploads\/2022\/06\/girls-pink-stripebird-t-shirt-frugi.jpg\",\"width\":1280,\"height\":1920,\"caption\":\"Roz\u0101 meite\u0146u T-krekls ar putni\u0146u - Frugi\"},{\"@type\":\"BreadcrumbList\",\"@id\":\"https:\/\/petitekingdom.com\/lv\/veikals\/roza-meitenu-t-krekls-ar-putninu\/#breadcrumb\",\"itemListElement\":[{\"@type\":\"ListItem\",\"position\":1,\"name\":\"Home\",\"item\":\"https:\/\/petitekingdom.com\/lv\/\"},{\"@type\":\"ListItem\",\"position\":2,\"name\":\"Veikals\",\"item\":\"https:\/\/petitekingdom.com\/lv\/veikals\/\"},{\"@type\":\"ListItem\",\"position\":3,\"name\":\"Roz\u0101 meite\u0146u T-krekls ar putni\u0146u\"}]},{\"@type\":\"WebSite\",\"@id\":\"https:\/\/petitekingdom.com\/#website\",\"url\":\"https:\/\/petitekingdom.com\/\",\"name\":\"Petite Kingdom\",\"description\":\"B\u0113rnu izt\u0113lei nav robe\u017eu\",\"publisher\":{\"@id\":\"https:\/\/petitekingdom.com\/#organization\"},\"potentialAction\":[{\"@type\":\"SearchAction\",\"target\":{\"@type\":\"EntryPoint\",\"urlTemplate\":\"https:\/\/petitekingdom.com\/?s={search_term_string}\"},\"query-input\":{\"@type\":\"PropertyValueSpecification\",\"valueRequired\":true,\"valueName\":\"search_term_string\"}}],\"inLanguage\":\"lv-LV\"},{\"@type\":\"Organization\",\"@id\":\"https:\/\/petitekingdom.com\/#organization\",\"name\":\"Petite Kingdom\",\"url\":\"https:\/\/petitekingdom.com\/\",\"logo\":{\"@type\":\"ImageObject\",\"inLanguage\":\"lv-LV\",\"@id\":\"https:\/\/petitekingdom.com\/#\/schema\/logo\/image\/\",\"url\":\"https:\/\/petitekingdom.com\/wp-content\/uploads\/2021\/04\/PT_logo_blackPNG.png\",\"contentUrl\":\"https:\/\/petitekingdom.com\/wp-content\/uploads\/2021\/04\/PT_logo_blackPNG.png\",\"width\":1158,\"height\":500,\"caption\":\"Petite Kingdom\"},\"image\":{\"@id\":\"https:\/\/petitekingdom.com\/#\/schema\/logo\/image\/\"},\"sameAs\":[\"https:\/\/www.facebook.com\/Petite-Kingdom-114272640862559\",\"https:\/\/www.instagram.com\/petite_kingdom\/\"]}]}<\/script>\n<!-- \/ Yoast SEO Premium plugin. -->","yoast_head_json":{"title":"Roz\u0101 meite\u0146u T-krekls ar putni\u0146u &#8226; Petite Kingdom","robots":{"index":"index","follow":"follow","max-snippet":"max-snippet:-1","max-image-preview":"max-image-preview:large","max-video-preview":"max-video-preview:-1"},"canonical":"https:\/\/petitekingdom.com\/lv\/veikals\/roza-meitenu-t-krekls-ar-putninu\/","og_locale":"lv_LV","og_type":"article","og_title":"Roz\u0101 meite\u0146u T-krekls ar putni\u0146u","og_description":"\u0160\u012b Frugi topi\u0146\u0161 meiten\u0113m ir ar \u012bs\u0101m piedurkn\u0113m un ra\u017eots no m\u012bkstas un maigas organisk\u0101s kokvilnas. Roz\u0101 topam ir putna aplik\u0101cija priek\u0161pus\u0113 un elast\u012bgs kakls ar V veida gumiju, kas pal\u012bdz \u0123\u0113rbties bez probl\u0113m\u0101m.","og_url":"https:\/\/petitekingdom.com\/lv\/veikals\/roza-meitenu-t-krekls-ar-putninu\/","og_site_name":"Petite Kingdom","article_publisher":"https:\/\/www.facebook.com\/Petite-Kingdom-114272640862559","article_modified_time":"2023-01-02T21:04:04+00:00","og_image":[{"width":1280,"height":1920,"url":"https:\/\/petitekingdom.com\/wp-content\/uploads\/2022\/06\/girls-pink-stripebird-t-shirt-frugi.jpg","type":"image\/jpeg"}],"twitter_card":"summary_large_image","schema":{"@context":"https:\/\/schema.org","@graph":[{"@type":"WebPage","@id":"https:\/\/petitekingdom.com\/lv\/veikals\/roza-meitenu-t-krekls-ar-putninu\/","url":"https:\/\/petitekingdom.com\/lv\/veikals\/roza-meitenu-t-krekls-ar-putninu\/","name":"Roz\u0101 meite\u0146u T-krekls ar putni\u0146u &#8226; Petite Kingdom","isPartOf":{"@id":"https:\/\/petitekingdom.com\/#website"},"primaryImageOfPage":{"@id":"https:\/\/petitekingdom.com\/lv\/veikals\/roza-meitenu-t-krekls-ar-putninu\/#primaryimage"},"image":{"@id":"https:\/\/petitekingdom.com\/lv\/veikals\/roza-meitenu-t-krekls-ar-putninu\/#primaryimage"},"thumbnailUrl":"https:\/\/petitekingdom.com\/wp-content\/uploads\/2022\/06\/girls-pink-stripebird-t-shirt-frugi.jpg","datePublished":"2022-06-17T08:04:47+00:00","dateModified":"2023-01-02T21:04:04+00:00","breadcrumb":{"@id":"https:\/\/petitekingdom.com\/lv\/veikals\/roza-meitenu-t-krekls-ar-putninu\/#breadcrumb"},"inLanguage":"lv-LV","potentialAction":[{"@type":"ReadAction","target":["https:\/\/petitekingdom.com\/lv\/veikals\/roza-meitenu-t-krekls-ar-putninu\/"]}]},{"@type":"ImageObject","inLanguage":"lv-LV","@id":"https:\/\/petitekingdom.com\/lv\/veikals\/roza-meitenu-t-krekls-ar-putninu\/#primaryimage","url":"https:\/\/petitekingdom.com\/wp-content\/uploads\/2022\/06\/girls-pink-stripebird-t-shirt-frugi.jpg","contentUrl":"https:\/\/petitekingdom.com\/wp-content\/uploads\/2022\/06\/girls-pink-stripebird-t-shirt-frugi.jpg","width":1280,"height":1920,"caption":"Roz\u0101 meite\u0146u T-krekls ar putni\u0146u - Frugi"},{"@type":"BreadcrumbList","@id":"https:\/\/petitekingdom.com\/lv\/veikals\/roza-meitenu-t-krekls-ar-putninu\/#breadcrumb","itemListElement":[{"@type":"ListItem","position":1,"name":"Home","item":"https:\/\/petitekingdom.com\/lv\/"},{"@type":"ListItem","position":2,"name":"Veikals","item":"https:\/\/petitekingdom.com\/lv\/veikals\/"},{"@type":"ListItem","position":3,"name":"Roz\u0101 meite\u0146u T-krekls ar putni\u0146u"}]},{"@type":"WebSite","@id":"https:\/\/petitekingdom.com\/#website","url":"https:\/\/petitekingdom.com\/","name":"Petite Kingdom","description":"B\u0113rnu izt\u0113lei nav robe\u017eu","publisher":{"@id":"https:\/\/petitekingdom.com\/#organization"},"potentialAction":[{"@type":"SearchAction","target":{"@type":"EntryPoint","urlTemplate":"https:\/\/petitekingdom.com\/?s={search_term_string}"},"query-input":{"@type":"PropertyValueSpecification","valueRequired":true,"valueName":"search_term_string"}}],"inLanguage":"lv-LV"},{"@type":"Organization","@id":"https:\/\/petitekingdom.com\/#organization","name":"Petite Kingdom","url":"https:\/\/petitekingdom.com\/","logo":{"@type":"ImageObject","inLanguage":"lv-LV","@id":"https:\/\/petitekingdom.com\/#\/schema\/logo\/image\/","url":"https:\/\/petitekingdom.com\/wp-content\/uploads\/2021\/04\/PT_logo_blackPNG.png","contentUrl":"https:\/\/petitekingdom.com\/wp-content\/uploads\/2021\/04\/PT_logo_blackPNG.png","width":1158,"height":500,"caption":"Petite Kingdom"},"image":{"@id":"https:\/\/petitekingdom.com\/#\/schema\/logo\/image\/"},"sameAs":["https:\/\/www.facebook.com\/Petite-Kingdom-114272640862559","https:\/\/www.instagram.com\/petite_kingdom\/"]}]}},"_links":{"self":[{"href":"https:\/\/petitekingdom.com\/lv\/wp-json\/wp\/v2\/product\/27867"}],"collection":[{"href":"https:\/\/petitekingdom.com\/lv\/wp-json\/wp\/v2\/product"}],"about":[{"href":"https:\/\/petitekingdom.com\/lv\/wp-json\/wp\/v2\/types\/product"}],"wp:featuredmedia":[{"embeddable":true,"href":"https:\/\/petitekingdom.com\/lv\/wp-json\/wp\/v2\/media\/27860"}],"wp:attachment":[{"href":"https:\/\/petitekingdom.com\/lv\/wp-json\/wp\/v2\/media?parent=27867"}],"wp:term":[{"taxonomy":"product_cat","embeddable":true,"href":"https:\/\/petitekingdom.com\/lv\/wp-json\/wp\/v2\/product_cat?post=27867"},{"taxonomy":"product_tag","embeddable":true,"href":"https:\/\/petitekingdom.com\/lv\/wp-json\/wp\/v2\/product_tag?post=27867"},{"taxonomy":"product-material","embeddable":true,"href":"https:\/\/petitekingdom.com\/lv\/wp-json\/wp\/v2\/product-material?post=27867"},{"taxonomy":"product-type","embeddable":true,"href":"https:\/\/petitekingdom.com\/lv\/wp-json\/wp\/v2\/product-type?post=27867"},{"taxonomy":"designers","embeddable":true,"href":"https:\/\/petitekingdom.com\/lv\/wp-json\/wp\/v2\/designers?post=27867"}],"curies":[{"name":"wp","href":"https:\/\/api.w.org\/{rel}","templated":true}]}}