{"id":27799,"date":"2022-06-16T16:02:10","date_gmt":"2022-06-16T13:06:32","guid":{"rendered":"https:\/\/petitekingdom.com\/shop\/uncategorized\/meitenu-juras-gliemezvaku-delfinu-saulosanas-dross-komplekts\/"},"modified":"2023-01-02T23:04:00","modified_gmt":"2023-01-02T21:04:00","slug":"meitenu-juras-gliemezvaku-delfinu-saulosanas-dross-komplekts","status":"publish","type":"product","link":"https:\/\/petitekingdom.com\/lv\/veikals\/meitenu-juras-gliemezvaku-delfinu-saulosanas-dross-komplekts\/","title":{"rendered":"Meite\u0146u j\u016bras glieme\u017ev\u0101ku\/delf\u012bnu sau\u013co\u0161an\u0101s dro\u0161s komplekts"},"content":{"rendered":"<ul>\n<li>\u0100rpuse: 85% p\u0101rstr\u0101d\u0101ts poliesters 15% elast\u0101ns<\/li>\n<li>Odere: p\u0101rstr\u0101d\u0101ts poliesters<\/li>\n<li>Mazg\u0101t ve\u013casma\u0161\u012bn\u0101 30*C (saudz\u012bgais re\u017e\u012bms)<\/li>\n<\/ul>\n","protected":false},"excerpt":{"rendered":"<p>Aizsarg\u0101jiet b\u0113rnus no saules, izmantojot \u0161o Frugi peldkost\u012bmu kl\u0101sta sau\u013co\u0161an\u0101s komplektu, kas izgatavots no p\u0101rstr\u0101d\u0101ta poliestera ar UPF 40+. Roz\u0101 arb\u016bzu kr\u0101s\u0101 ar kontrast\u0113jo\u0161\u0101m glieme\u017ev\u0101ku apdrukas piedurkn\u0113m, priek\u0161pus\u0113 ir delf\u012bna apdruka. Pieska\u0146otajiem \u0161ortiem ir elast\u012bga jostasvieta, kas nodro\u0161ina \u0113rtu piegul\u0161anu. \u0160im komplektam ir garas piedurknes, \u0161orti, kas sniedzas zem ce\u013cgala, un augsts kakla izgriezums papildus aizsardz\u012bbai no saules. \u0160is sau\u013co\u0161an\u0101s dro\u0161s ap\u0123\u0113rbs atbilst Eiropas standartam EN13758-2 UPF 40+, lai aizsarg\u0101tu maigo \u0101du, blo\u0137\u0113jot kait\u012bgos saules starus.<\/p>\n","protected":false},"featured_media":27792,"template":"","meta":{"_acf_changed":false},"product_cat":[1192,1674,1655,1684],"product_tag":[],"product-material":[],"product-type":[],"designers":[671],"class_list":{"0":"post-27799","1":"product","2":"type-product","3":"status-publish","4":"has-post-thumbnail","6":"product_cat-meitenes","7":"product_cat-sezonas-izpardosana","8":"product_cat-jaunumi","9":"product_cat-meitenu-peldkostimi","10":"designers-frugi-lv","12":"first","13":"instock","14":"sale","15":"taxable","16":"shipping-taxable","17":"purchasable","18":"product-type-variable"},"acf":[],"yoast_head":"<!-- This site is optimized with the Yoast SEO Premium plugin v23.7 (Yoast SEO v23.7) - https:\/\/yoast.com\/wordpress\/plugins\/seo\/ -->\n<title>Meite\u0146u j\u016bras glieme\u017ev\u0101ku\/delf\u012bnu sau\u013co\u0161an\u0101s dro\u0161s komplekts &#8226; Petite Kingdom<\/title>\n<meta name=\"robots\" content=\"index, follow, max-snippet:-1, max-image-preview:large, max-video-preview:-1\" \/>\n<link rel=\"canonical\" href=\"https:\/\/petitekingdom.com\/shop\/girls-seashells-dolphin-sun-safe-set\/\" \/>\n<meta property=\"og:locale\" content=\"lv_LV\" \/>\n<meta property=\"og:type\" content=\"article\" \/>\n<meta property=\"og:title\" content=\"Meite\u0146u j\u016bras glieme\u017ev\u0101ku\/delf\u012bnu sau\u013co\u0161an\u0101s dro\u0161s komplekts\" \/>\n<meta property=\"og:description\" content=\"Aizsarg\u0101jiet b\u0113rnus no saules, izmantojot \u0161o Frugi peldkost\u012bmu kl\u0101sta sau\u013co\u0161an\u0101s komplektu, kas izgatavots no p\u0101rstr\u0101d\u0101ta poliestera ar UPF 40+. Roz\u0101 arb\u016bzu kr\u0101s\u0101 ar kontrast\u0113jo\u0161\u0101m glieme\u017ev\u0101ku apdrukas piedurkn\u0113m, priek\u0161pus\u0113 ir delf\u012bna apdruka. Pieska\u0146otajiem \u0161ortiem ir elast\u012bga jostasvieta, kas nodro\u0161ina \u0113rtu piegul\u0161anu. \u0160im komplektam ir garas piedurknes, \u0161orti, kas sniedzas zem ce\u013cgala, un augsts kakla izgriezums papildus aizsardz\u012bbai no saules. \u0160is sau\u013co\u0161an\u0101s dro\u0161s ap\u0123\u0113rbs atbilst Eiropas standartam EN13758-2 UPF 40+, lai aizsarg\u0101tu maigo \u0101du, blo\u0137\u0113jot kait\u012bgos saules starus.\" \/>\n<meta property=\"og:url\" content=\"https:\/\/petitekingdom.com\/shop\/girls-seashells-dolphin-sun-safe-set\/\" \/>\n<meta property=\"og:site_name\" content=\"Petite Kingdom\" \/>\n<meta property=\"article:publisher\" content=\"https:\/\/www.facebook.com\/Petite-Kingdom-114272640862559\" \/>\n<meta property=\"article:modified_time\" content=\"2023-01-02T21:04:00+00:00\" \/>\n<meta property=\"og:image\" content=\"https:\/\/petitekingdom.com\/wp-content\/uploads\/2022\/06\/girls-seashellsdolphin-sun-safe-set-frugi.jpg\" \/>\n\t<meta property=\"og:image:width\" content=\"1280\" \/>\n\t<meta property=\"og:image:height\" content=\"1920\" \/>\n\t<meta property=\"og:image:type\" content=\"image\/jpeg\" \/>\n<meta name=\"twitter:card\" content=\"summary_large_image\" \/>\n<script type=\"application\/ld+json\" class=\"yoast-schema-graph\">{\"@context\":\"https:\/\/schema.org\",\"@graph\":[{\"@type\":\"WebPage\",\"@id\":\"https:\/\/petitekingdom.com\/shop\/girls-seashells-dolphin-sun-safe-set\/\",\"url\":\"https:\/\/petitekingdom.com\/shop\/girls-seashells-dolphin-sun-safe-set\/\",\"name\":\"Meite\u0146u j\u016bras glieme\u017ev\u0101ku\/delf\u012bnu sau\u013co\u0161an\u0101s dro\u0161s komplekts &#8226; Petite Kingdom\",\"isPartOf\":{\"@id\":\"https:\/\/petitekingdom.com\/#website\"},\"primaryImageOfPage\":{\"@id\":\"https:\/\/petitekingdom.com\/shop\/girls-seashells-dolphin-sun-safe-set\/#primaryimage\"},\"image\":{\"@id\":\"https:\/\/petitekingdom.com\/shop\/girls-seashells-dolphin-sun-safe-set\/#primaryimage\"},\"thumbnailUrl\":\"https:\/\/petitekingdom.com\/wp-content\/uploads\/2022\/06\/girls-seashellsdolphin-sun-safe-set-frugi.jpg\",\"datePublished\":\"2022-06-16T13:06:32+00:00\",\"dateModified\":\"2023-01-02T21:04:00+00:00\",\"breadcrumb\":{\"@id\":\"https:\/\/petitekingdom.com\/shop\/girls-seashells-dolphin-sun-safe-set\/#breadcrumb\"},\"inLanguage\":\"lv-LV\",\"potentialAction\":[{\"@type\":\"ReadAction\",\"target\":[\"https:\/\/petitekingdom.com\/shop\/girls-seashells-dolphin-sun-safe-set\/\"]}]},{\"@type\":\"ImageObject\",\"inLanguage\":\"lv-LV\",\"@id\":\"https:\/\/petitekingdom.com\/shop\/girls-seashells-dolphin-sun-safe-set\/#primaryimage\",\"url\":\"https:\/\/petitekingdom.com\/wp-content\/uploads\/2022\/06\/girls-seashellsdolphin-sun-safe-set-frugi.jpg\",\"contentUrl\":\"https:\/\/petitekingdom.com\/wp-content\/uploads\/2022\/06\/girls-seashellsdolphin-sun-safe-set-frugi.jpg\",\"width\":1280,\"height\":1920,\"caption\":\"Meite\u0146u j\u016bras glieme\u017ev\u0101ku\/delf\u012bnu sau\u013co\u0161an\u0101s dro\u0161s komplekts - Frugi\"},{\"@type\":\"BreadcrumbList\",\"@id\":\"https:\/\/petitekingdom.com\/shop\/girls-seashells-dolphin-sun-safe-set\/#breadcrumb\",\"itemListElement\":[{\"@type\":\"ListItem\",\"position\":1,\"name\":\"Home\",\"item\":\"https:\/\/petitekingdom.com\/lv\/\"},{\"@type\":\"ListItem\",\"position\":2,\"name\":\"Veikals\",\"item\":\"https:\/\/petitekingdom.com\/lv\/veikals\/\"},{\"@type\":\"ListItem\",\"position\":3,\"name\":\"Meite\u0146u j\u016bras glieme\u017ev\u0101ku\/delf\u012bnu sau\u013co\u0161an\u0101s dro\u0161s komplekts\"}]},{\"@type\":\"WebSite\",\"@id\":\"https:\/\/petitekingdom.com\/#website\",\"url\":\"https:\/\/petitekingdom.com\/\",\"name\":\"Petite Kingdom\",\"description\":\"B\u0113rnu izt\u0113lei nav robe\u017eu\",\"publisher\":{\"@id\":\"https:\/\/petitekingdom.com\/#organization\"},\"potentialAction\":[{\"@type\":\"SearchAction\",\"target\":{\"@type\":\"EntryPoint\",\"urlTemplate\":\"https:\/\/petitekingdom.com\/?s={search_term_string}\"},\"query-input\":{\"@type\":\"PropertyValueSpecification\",\"valueRequired\":true,\"valueName\":\"search_term_string\"}}],\"inLanguage\":\"lv-LV\"},{\"@type\":\"Organization\",\"@id\":\"https:\/\/petitekingdom.com\/#organization\",\"name\":\"Petite Kingdom\",\"url\":\"https:\/\/petitekingdom.com\/\",\"logo\":{\"@type\":\"ImageObject\",\"inLanguage\":\"lv-LV\",\"@id\":\"https:\/\/petitekingdom.com\/#\/schema\/logo\/image\/\",\"url\":\"https:\/\/petitekingdom.com\/wp-content\/uploads\/2021\/04\/PT_logo_blackPNG.png\",\"contentUrl\":\"https:\/\/petitekingdom.com\/wp-content\/uploads\/2021\/04\/PT_logo_blackPNG.png\",\"width\":1158,\"height\":500,\"caption\":\"Petite Kingdom\"},\"image\":{\"@id\":\"https:\/\/petitekingdom.com\/#\/schema\/logo\/image\/\"},\"sameAs\":[\"https:\/\/www.facebook.com\/Petite-Kingdom-114272640862559\",\"https:\/\/www.instagram.com\/petite_kingdom\/\"]}]}<\/script>\n<!-- \/ Yoast SEO Premium plugin. -->","yoast_head_json":{"title":"Meite\u0146u j\u016bras glieme\u017ev\u0101ku\/delf\u012bnu sau\u013co\u0161an\u0101s dro\u0161s komplekts &#8226; Petite Kingdom","robots":{"index":"index","follow":"follow","max-snippet":"max-snippet:-1","max-image-preview":"max-image-preview:large","max-video-preview":"max-video-preview:-1"},"canonical":"https:\/\/petitekingdom.com\/shop\/girls-seashells-dolphin-sun-safe-set\/","og_locale":"lv_LV","og_type":"article","og_title":"Meite\u0146u j\u016bras glieme\u017ev\u0101ku\/delf\u012bnu sau\u013co\u0161an\u0101s dro\u0161s komplekts","og_description":"Aizsarg\u0101jiet b\u0113rnus no saules, izmantojot \u0161o Frugi peldkost\u012bmu kl\u0101sta sau\u013co\u0161an\u0101s komplektu, kas izgatavots no p\u0101rstr\u0101d\u0101ta poliestera ar UPF 40+. Roz\u0101 arb\u016bzu kr\u0101s\u0101 ar kontrast\u0113jo\u0161\u0101m glieme\u017ev\u0101ku apdrukas piedurkn\u0113m, priek\u0161pus\u0113 ir delf\u012bna apdruka. Pieska\u0146otajiem \u0161ortiem ir elast\u012bga jostasvieta, kas nodro\u0161ina \u0113rtu piegul\u0161anu. \u0160im komplektam ir garas piedurknes, \u0161orti, kas sniedzas zem ce\u013cgala, un augsts kakla izgriezums papildus aizsardz\u012bbai no saules. \u0160is sau\u013co\u0161an\u0101s dro\u0161s ap\u0123\u0113rbs atbilst Eiropas standartam EN13758-2 UPF 40+, lai aizsarg\u0101tu maigo \u0101du, blo\u0137\u0113jot kait\u012bgos saules starus.","og_url":"https:\/\/petitekingdom.com\/shop\/girls-seashells-dolphin-sun-safe-set\/","og_site_name":"Petite Kingdom","article_publisher":"https:\/\/www.facebook.com\/Petite-Kingdom-114272640862559","article_modified_time":"2023-01-02T21:04:00+00:00","og_image":[{"width":1280,"height":1920,"url":"https:\/\/petitekingdom.com\/wp-content\/uploads\/2022\/06\/girls-seashellsdolphin-sun-safe-set-frugi.jpg","type":"image\/jpeg"}],"twitter_card":"summary_large_image","schema":{"@context":"https:\/\/schema.org","@graph":[{"@type":"WebPage","@id":"https:\/\/petitekingdom.com\/shop\/girls-seashells-dolphin-sun-safe-set\/","url":"https:\/\/petitekingdom.com\/shop\/girls-seashells-dolphin-sun-safe-set\/","name":"Meite\u0146u j\u016bras glieme\u017ev\u0101ku\/delf\u012bnu sau\u013co\u0161an\u0101s dro\u0161s komplekts &#8226; Petite Kingdom","isPartOf":{"@id":"https:\/\/petitekingdom.com\/#website"},"primaryImageOfPage":{"@id":"https:\/\/petitekingdom.com\/shop\/girls-seashells-dolphin-sun-safe-set\/#primaryimage"},"image":{"@id":"https:\/\/petitekingdom.com\/shop\/girls-seashells-dolphin-sun-safe-set\/#primaryimage"},"thumbnailUrl":"https:\/\/petitekingdom.com\/wp-content\/uploads\/2022\/06\/girls-seashellsdolphin-sun-safe-set-frugi.jpg","datePublished":"2022-06-16T13:06:32+00:00","dateModified":"2023-01-02T21:04:00+00:00","breadcrumb":{"@id":"https:\/\/petitekingdom.com\/shop\/girls-seashells-dolphin-sun-safe-set\/#breadcrumb"},"inLanguage":"lv-LV","potentialAction":[{"@type":"ReadAction","target":["https:\/\/petitekingdom.com\/shop\/girls-seashells-dolphin-sun-safe-set\/"]}]},{"@type":"ImageObject","inLanguage":"lv-LV","@id":"https:\/\/petitekingdom.com\/shop\/girls-seashells-dolphin-sun-safe-set\/#primaryimage","url":"https:\/\/petitekingdom.com\/wp-content\/uploads\/2022\/06\/girls-seashellsdolphin-sun-safe-set-frugi.jpg","contentUrl":"https:\/\/petitekingdom.com\/wp-content\/uploads\/2022\/06\/girls-seashellsdolphin-sun-safe-set-frugi.jpg","width":1280,"height":1920,"caption":"Meite\u0146u j\u016bras glieme\u017ev\u0101ku\/delf\u012bnu sau\u013co\u0161an\u0101s dro\u0161s komplekts - Frugi"},{"@type":"BreadcrumbList","@id":"https:\/\/petitekingdom.com\/shop\/girls-seashells-dolphin-sun-safe-set\/#breadcrumb","itemListElement":[{"@type":"ListItem","position":1,"name":"Home","item":"https:\/\/petitekingdom.com\/lv\/"},{"@type":"ListItem","position":2,"name":"Veikals","item":"https:\/\/petitekingdom.com\/lv\/veikals\/"},{"@type":"ListItem","position":3,"name":"Meite\u0146u j\u016bras glieme\u017ev\u0101ku\/delf\u012bnu sau\u013co\u0161an\u0101s dro\u0161s komplekts"}]},{"@type":"WebSite","@id":"https:\/\/petitekingdom.com\/#website","url":"https:\/\/petitekingdom.com\/","name":"Petite Kingdom","description":"B\u0113rnu izt\u0113lei nav robe\u017eu","publisher":{"@id":"https:\/\/petitekingdom.com\/#organization"},"potentialAction":[{"@type":"SearchAction","target":{"@type":"EntryPoint","urlTemplate":"https:\/\/petitekingdom.com\/?s={search_term_string}"},"query-input":{"@type":"PropertyValueSpecification","valueRequired":true,"valueName":"search_term_string"}}],"inLanguage":"lv-LV"},{"@type":"Organization","@id":"https:\/\/petitekingdom.com\/#organization","name":"Petite Kingdom","url":"https:\/\/petitekingdom.com\/","logo":{"@type":"ImageObject","inLanguage":"lv-LV","@id":"https:\/\/petitekingdom.com\/#\/schema\/logo\/image\/","url":"https:\/\/petitekingdom.com\/wp-content\/uploads\/2021\/04\/PT_logo_blackPNG.png","contentUrl":"https:\/\/petitekingdom.com\/wp-content\/uploads\/2021\/04\/PT_logo_blackPNG.png","width":1158,"height":500,"caption":"Petite Kingdom"},"image":{"@id":"https:\/\/petitekingdom.com\/#\/schema\/logo\/image\/"},"sameAs":["https:\/\/www.facebook.com\/Petite-Kingdom-114272640862559","https:\/\/www.instagram.com\/petite_kingdom\/"]}]}},"_links":{"self":[{"href":"https:\/\/petitekingdom.com\/lv\/wp-json\/wp\/v2\/product\/27799"}],"collection":[{"href":"https:\/\/petitekingdom.com\/lv\/wp-json\/wp\/v2\/product"}],"about":[{"href":"https:\/\/petitekingdom.com\/lv\/wp-json\/wp\/v2\/types\/product"}],"wp:featuredmedia":[{"embeddable":true,"href":"https:\/\/petitekingdom.com\/lv\/wp-json\/wp\/v2\/media\/27792"}],"wp:attachment":[{"href":"https:\/\/petitekingdom.com\/lv\/wp-json\/wp\/v2\/media?parent=27799"}],"wp:term":[{"taxonomy":"product_cat","embeddable":true,"href":"https:\/\/petitekingdom.com\/lv\/wp-json\/wp\/v2\/product_cat?post=27799"},{"taxonomy":"product_tag","embeddable":true,"href":"https:\/\/petitekingdom.com\/lv\/wp-json\/wp\/v2\/product_tag?post=27799"},{"taxonomy":"product-material","embeddable":true,"href":"https:\/\/petitekingdom.com\/lv\/wp-json\/wp\/v2\/product-material?post=27799"},{"taxonomy":"product-type","embeddable":true,"href":"https:\/\/petitekingdom.com\/lv\/wp-json\/wp\/v2\/product-type?post=27799"},{"taxonomy":"designers","embeddable":true,"href":"https:\/\/petitekingdom.com\/lv\/wp-json\/wp\/v2\/designers?post=27799"}],"curies":[{"name":"wp","href":"https:\/\/api.w.org\/{rel}","templated":true}]}}