{"id":27628,"date":"2022-06-16T14:15:51","date_gmt":"2022-06-16T11:18:43","guid":{"rendered":"https:\/\/petitekingdom.com\/shop\/uncategorized\/meitenu-peldkostims-ar-narinu-un-volaniem\/"},"modified":"2023-01-02T23:03:40","modified_gmt":"2023-01-02T21:03:40","slug":"meitenu-peldkostims-ar-narinu-un-volaniem","status":"publish","type":"product","link":"https:\/\/petitekingdom.com\/lv\/veikals\/meitenu-peldkostims-ar-narinu-un-volaniem\/","title":{"rendered":"Meite\u0146u peldkost\u012bms ar n\u0101ri\u0146u un vol\u0101niem"},"content":{"rendered":"<ul>\n<li>\u0100rpuse: 85% p\u0101rstr\u0101d\u0101ts poliesters 15% elast\u0101ns<\/li>\n<li>Odere: p\u0101rstr\u0101d\u0101ts poliesters<\/li>\n<li>Mazg\u0101t ve\u013casma\u0161\u012bn\u0101 30*C (saudz\u012bgais re\u017e\u012bms)<\/li>\n<\/ul>\n","protected":false},"excerpt":{"rendered":"<p>\u0160is mazais kora\u013c\u013cu peldkost\u012bms no Frugi peldkost\u012bmu kl\u0101sta ir izgatavots no p\u0101rstr\u0101d\u0101ta poliestera ar m\u012bkstu oderi priek\u0161pus\u0113 un vol\u0101nu ap vidukli. Peldkost\u012bms ir dro\u0161s pret hloru, t\u0101p\u0113c tas ir lieliski piem\u0113rots pludmal\u0113 vai basein\u0101 (p\u0113c lieto\u0161anas noteikti r\u016bp\u012bgi izskalojiet to ar t\u012bru \u016bdeni).<\/p>\n","protected":false},"featured_media":27621,"template":"","meta":{"_acf_changed":false},"product_cat":[1180,1663,1665,1680,1192,1684,1655,1605,1674],"product_tag":[],"product-material":[],"product-type":[],"designers":[671],"class_list":{"0":"post-27628","1":"product","2":"type-product","3":"status-publish","4":"has-post-thumbnail","6":"product_cat-zidainu-apgerbs","7":"product_cat-jaundzimuso-drebites","8":"product_cat-zidainu-drebes","9":"product_cat-peldkostimi","10":"product_cat-meitenes","11":"product_cat-meitenu-peldkostimi","12":"product_cat-jaunumi","13":"product_cat-izpardosana","14":"product_cat-sezonas-izpardosana","15":"designers-frugi-lv","17":"first","18":"instock","19":"sale","20":"taxable","21":"shipping-taxable","22":"purchasable","23":"product-type-variable"},"acf":[],"yoast_head":"<!-- This site is optimized with the Yoast SEO Premium plugin v23.7 (Yoast SEO v23.7) - https:\/\/yoast.com\/wordpress\/plugins\/seo\/ -->\n<title>Meite\u0146u peldkost\u012bms ar n\u0101ri\u0146u un vol\u0101niem &#8226; Petite Kingdom<\/title>\n<meta name=\"robots\" content=\"index, follow, max-snippet:-1, max-image-preview:large, max-video-preview:-1\" \/>\n<link rel=\"canonical\" href=\"https:\/\/petitekingdom.com\/shop\/girls-swimsuit-with-mermaid\/\" \/>\n<meta property=\"og:locale\" content=\"lv_LV\" \/>\n<meta property=\"og:type\" content=\"article\" \/>\n<meta property=\"og:title\" content=\"Meite\u0146u peldkost\u012bms ar n\u0101ri\u0146u un vol\u0101niem\" \/>\n<meta property=\"og:description\" content=\"\u0160is mazais kora\u013c\u013cu peldkost\u012bms no Frugi peldkost\u012bmu kl\u0101sta ir izgatavots no p\u0101rstr\u0101d\u0101ta poliestera ar m\u012bkstu oderi priek\u0161pus\u0113 un vol\u0101nu ap vidukli. Peldkost\u012bms ir dro\u0161s pret hloru, t\u0101p\u0113c tas ir lieliski piem\u0113rots pludmal\u0113 vai basein\u0101 (p\u0113c lieto\u0161anas noteikti r\u016bp\u012bgi izskalojiet to ar t\u012bru \u016bdeni).\" \/>\n<meta property=\"og:url\" content=\"https:\/\/petitekingdom.com\/shop\/girls-swimsuit-with-mermaid\/\" \/>\n<meta property=\"og:site_name\" content=\"Petite Kingdom\" \/>\n<meta property=\"article:publisher\" content=\"https:\/\/www.facebook.com\/Petite-Kingdom-114272640862559\" \/>\n<meta property=\"article:modified_time\" content=\"2023-01-02T21:03:40+00:00\" \/>\n<meta property=\"og:image\" content=\"https:\/\/petitekingdom.com\/wp-content\/uploads\/2022\/06\/girls-swimsuit-with-mermaid-frugi.jpg\" \/>\n\t<meta property=\"og:image:width\" content=\"1280\" \/>\n\t<meta property=\"og:image:height\" content=\"1920\" \/>\n\t<meta property=\"og:image:type\" content=\"image\/jpeg\" \/>\n<meta name=\"twitter:card\" content=\"summary_large_image\" \/>\n<script type=\"application\/ld+json\" class=\"yoast-schema-graph\">{\"@context\":\"https:\/\/schema.org\",\"@graph\":[{\"@type\":\"WebPage\",\"@id\":\"https:\/\/petitekingdom.com\/shop\/girls-swimsuit-with-mermaid\/\",\"url\":\"https:\/\/petitekingdom.com\/shop\/girls-swimsuit-with-mermaid\/\",\"name\":\"Meite\u0146u peldkost\u012bms ar n\u0101ri\u0146u un vol\u0101niem &#8226; Petite Kingdom\",\"isPartOf\":{\"@id\":\"https:\/\/petitekingdom.com\/#website\"},\"primaryImageOfPage\":{\"@id\":\"https:\/\/petitekingdom.com\/shop\/girls-swimsuit-with-mermaid\/#primaryimage\"},\"image\":{\"@id\":\"https:\/\/petitekingdom.com\/shop\/girls-swimsuit-with-mermaid\/#primaryimage\"},\"thumbnailUrl\":\"https:\/\/petitekingdom.com\/wp-content\/uploads\/2022\/06\/girls-swimsuit-with-mermaid-frugi.jpg\",\"datePublished\":\"2022-06-16T11:18:43+00:00\",\"dateModified\":\"2023-01-02T21:03:40+00:00\",\"breadcrumb\":{\"@id\":\"https:\/\/petitekingdom.com\/shop\/girls-swimsuit-with-mermaid\/#breadcrumb\"},\"inLanguage\":\"lv-LV\",\"potentialAction\":[{\"@type\":\"ReadAction\",\"target\":[\"https:\/\/petitekingdom.com\/shop\/girls-swimsuit-with-mermaid\/\"]}]},{\"@type\":\"ImageObject\",\"inLanguage\":\"lv-LV\",\"@id\":\"https:\/\/petitekingdom.com\/shop\/girls-swimsuit-with-mermaid\/#primaryimage\",\"url\":\"https:\/\/petitekingdom.com\/wp-content\/uploads\/2022\/06\/girls-swimsuit-with-mermaid-frugi.jpg\",\"contentUrl\":\"https:\/\/petitekingdom.com\/wp-content\/uploads\/2022\/06\/girls-swimsuit-with-mermaid-frugi.jpg\",\"width\":1280,\"height\":1920,\"caption\":\"Meite\u0146u peldkost\u012bms ar n\u0101ri\u0146u un vol\u0101niem - Frugi\"},{\"@type\":\"BreadcrumbList\",\"@id\":\"https:\/\/petitekingdom.com\/shop\/girls-swimsuit-with-mermaid\/#breadcrumb\",\"itemListElement\":[{\"@type\":\"ListItem\",\"position\":1,\"name\":\"Home\",\"item\":\"https:\/\/petitekingdom.com\/lv\/\"},{\"@type\":\"ListItem\",\"position\":2,\"name\":\"Veikals\",\"item\":\"https:\/\/petitekingdom.com\/lv\/veikals\/\"},{\"@type\":\"ListItem\",\"position\":3,\"name\":\"Meite\u0146u peldkost\u012bms ar n\u0101ri\u0146u un vol\u0101niem\"}]},{\"@type\":\"WebSite\",\"@id\":\"https:\/\/petitekingdom.com\/#website\",\"url\":\"https:\/\/petitekingdom.com\/\",\"name\":\"Petite Kingdom\",\"description\":\"B\u0113rnu izt\u0113lei nav robe\u017eu\",\"publisher\":{\"@id\":\"https:\/\/petitekingdom.com\/#organization\"},\"potentialAction\":[{\"@type\":\"SearchAction\",\"target\":{\"@type\":\"EntryPoint\",\"urlTemplate\":\"https:\/\/petitekingdom.com\/?s={search_term_string}\"},\"query-input\":{\"@type\":\"PropertyValueSpecification\",\"valueRequired\":true,\"valueName\":\"search_term_string\"}}],\"inLanguage\":\"lv-LV\"},{\"@type\":\"Organization\",\"@id\":\"https:\/\/petitekingdom.com\/#organization\",\"name\":\"Petite Kingdom\",\"url\":\"https:\/\/petitekingdom.com\/\",\"logo\":{\"@type\":\"ImageObject\",\"inLanguage\":\"lv-LV\",\"@id\":\"https:\/\/petitekingdom.com\/#\/schema\/logo\/image\/\",\"url\":\"https:\/\/petitekingdom.com\/wp-content\/uploads\/2021\/04\/PT_logo_blackPNG.png\",\"contentUrl\":\"https:\/\/petitekingdom.com\/wp-content\/uploads\/2021\/04\/PT_logo_blackPNG.png\",\"width\":1158,\"height\":500,\"caption\":\"Petite Kingdom\"},\"image\":{\"@id\":\"https:\/\/petitekingdom.com\/#\/schema\/logo\/image\/\"},\"sameAs\":[\"https:\/\/www.facebook.com\/Petite-Kingdom-114272640862559\",\"https:\/\/www.instagram.com\/petite_kingdom\/\"]}]}<\/script>\n<!-- \/ Yoast SEO Premium plugin. -->","yoast_head_json":{"title":"Meite\u0146u peldkost\u012bms ar n\u0101ri\u0146u un vol\u0101niem &#8226; Petite Kingdom","robots":{"index":"index","follow":"follow","max-snippet":"max-snippet:-1","max-image-preview":"max-image-preview:large","max-video-preview":"max-video-preview:-1"},"canonical":"https:\/\/petitekingdom.com\/shop\/girls-swimsuit-with-mermaid\/","og_locale":"lv_LV","og_type":"article","og_title":"Meite\u0146u peldkost\u012bms ar n\u0101ri\u0146u un vol\u0101niem","og_description":"\u0160is mazais kora\u013c\u013cu peldkost\u012bms no Frugi peldkost\u012bmu kl\u0101sta ir izgatavots no p\u0101rstr\u0101d\u0101ta poliestera ar m\u012bkstu oderi priek\u0161pus\u0113 un vol\u0101nu ap vidukli. Peldkost\u012bms ir dro\u0161s pret hloru, t\u0101p\u0113c tas ir lieliski piem\u0113rots pludmal\u0113 vai basein\u0101 (p\u0113c lieto\u0161anas noteikti r\u016bp\u012bgi izskalojiet to ar t\u012bru \u016bdeni).","og_url":"https:\/\/petitekingdom.com\/shop\/girls-swimsuit-with-mermaid\/","og_site_name":"Petite Kingdom","article_publisher":"https:\/\/www.facebook.com\/Petite-Kingdom-114272640862559","article_modified_time":"2023-01-02T21:03:40+00:00","og_image":[{"width":1280,"height":1920,"url":"https:\/\/petitekingdom.com\/wp-content\/uploads\/2022\/06\/girls-swimsuit-with-mermaid-frugi.jpg","type":"image\/jpeg"}],"twitter_card":"summary_large_image","schema":{"@context":"https:\/\/schema.org","@graph":[{"@type":"WebPage","@id":"https:\/\/petitekingdom.com\/shop\/girls-swimsuit-with-mermaid\/","url":"https:\/\/petitekingdom.com\/shop\/girls-swimsuit-with-mermaid\/","name":"Meite\u0146u peldkost\u012bms ar n\u0101ri\u0146u un vol\u0101niem &#8226; Petite Kingdom","isPartOf":{"@id":"https:\/\/petitekingdom.com\/#website"},"primaryImageOfPage":{"@id":"https:\/\/petitekingdom.com\/shop\/girls-swimsuit-with-mermaid\/#primaryimage"},"image":{"@id":"https:\/\/petitekingdom.com\/shop\/girls-swimsuit-with-mermaid\/#primaryimage"},"thumbnailUrl":"https:\/\/petitekingdom.com\/wp-content\/uploads\/2022\/06\/girls-swimsuit-with-mermaid-frugi.jpg","datePublished":"2022-06-16T11:18:43+00:00","dateModified":"2023-01-02T21:03:40+00:00","breadcrumb":{"@id":"https:\/\/petitekingdom.com\/shop\/girls-swimsuit-with-mermaid\/#breadcrumb"},"inLanguage":"lv-LV","potentialAction":[{"@type":"ReadAction","target":["https:\/\/petitekingdom.com\/shop\/girls-swimsuit-with-mermaid\/"]}]},{"@type":"ImageObject","inLanguage":"lv-LV","@id":"https:\/\/petitekingdom.com\/shop\/girls-swimsuit-with-mermaid\/#primaryimage","url":"https:\/\/petitekingdom.com\/wp-content\/uploads\/2022\/06\/girls-swimsuit-with-mermaid-frugi.jpg","contentUrl":"https:\/\/petitekingdom.com\/wp-content\/uploads\/2022\/06\/girls-swimsuit-with-mermaid-frugi.jpg","width":1280,"height":1920,"caption":"Meite\u0146u peldkost\u012bms ar n\u0101ri\u0146u un vol\u0101niem - Frugi"},{"@type":"BreadcrumbList","@id":"https:\/\/petitekingdom.com\/shop\/girls-swimsuit-with-mermaid\/#breadcrumb","itemListElement":[{"@type":"ListItem","position":1,"name":"Home","item":"https:\/\/petitekingdom.com\/lv\/"},{"@type":"ListItem","position":2,"name":"Veikals","item":"https:\/\/petitekingdom.com\/lv\/veikals\/"},{"@type":"ListItem","position":3,"name":"Meite\u0146u peldkost\u012bms ar n\u0101ri\u0146u un vol\u0101niem"}]},{"@type":"WebSite","@id":"https:\/\/petitekingdom.com\/#website","url":"https:\/\/petitekingdom.com\/","name":"Petite Kingdom","description":"B\u0113rnu izt\u0113lei nav robe\u017eu","publisher":{"@id":"https:\/\/petitekingdom.com\/#organization"},"potentialAction":[{"@type":"SearchAction","target":{"@type":"EntryPoint","urlTemplate":"https:\/\/petitekingdom.com\/?s={search_term_string}"},"query-input":{"@type":"PropertyValueSpecification","valueRequired":true,"valueName":"search_term_string"}}],"inLanguage":"lv-LV"},{"@type":"Organization","@id":"https:\/\/petitekingdom.com\/#organization","name":"Petite Kingdom","url":"https:\/\/petitekingdom.com\/","logo":{"@type":"ImageObject","inLanguage":"lv-LV","@id":"https:\/\/petitekingdom.com\/#\/schema\/logo\/image\/","url":"https:\/\/petitekingdom.com\/wp-content\/uploads\/2021\/04\/PT_logo_blackPNG.png","contentUrl":"https:\/\/petitekingdom.com\/wp-content\/uploads\/2021\/04\/PT_logo_blackPNG.png","width":1158,"height":500,"caption":"Petite Kingdom"},"image":{"@id":"https:\/\/petitekingdom.com\/#\/schema\/logo\/image\/"},"sameAs":["https:\/\/www.facebook.com\/Petite-Kingdom-114272640862559","https:\/\/www.instagram.com\/petite_kingdom\/"]}]}},"_links":{"self":[{"href":"https:\/\/petitekingdom.com\/lv\/wp-json\/wp\/v2\/product\/27628"}],"collection":[{"href":"https:\/\/petitekingdom.com\/lv\/wp-json\/wp\/v2\/product"}],"about":[{"href":"https:\/\/petitekingdom.com\/lv\/wp-json\/wp\/v2\/types\/product"}],"wp:featuredmedia":[{"embeddable":true,"href":"https:\/\/petitekingdom.com\/lv\/wp-json\/wp\/v2\/media\/27621"}],"wp:attachment":[{"href":"https:\/\/petitekingdom.com\/lv\/wp-json\/wp\/v2\/media?parent=27628"}],"wp:term":[{"taxonomy":"product_cat","embeddable":true,"href":"https:\/\/petitekingdom.com\/lv\/wp-json\/wp\/v2\/product_cat?post=27628"},{"taxonomy":"product_tag","embeddable":true,"href":"https:\/\/petitekingdom.com\/lv\/wp-json\/wp\/v2\/product_tag?post=27628"},{"taxonomy":"product-material","embeddable":true,"href":"https:\/\/petitekingdom.com\/lv\/wp-json\/wp\/v2\/product-material?post=27628"},{"taxonomy":"product-type","embeddable":true,"href":"https:\/\/petitekingdom.com\/lv\/wp-json\/wp\/v2\/product-type?post=27628"},{"taxonomy":"designers","embeddable":true,"href":"https:\/\/petitekingdom.com\/lv\/wp-json\/wp\/v2\/designers?post=27628"}],"curies":[{"name":"wp","href":"https:\/\/api.w.org\/{rel}","templated":true}]}}