{"id":27356,"date":"2022-06-15T16:38:37","date_gmt":"2022-06-15T13:42:25","guid":{"rendered":"https:\/\/petitekingdom.com\/shop\/uncategorized\/meitenu-indigo-naru-pidzama\/"},"modified":"2022-06-15T16:43:12","modified_gmt":"2022-06-15T13:43:12","slug":"meitenu-indigo-naru-pidzama","status":"publish","type":"product","link":"https:\/\/petitekingdom.com\/lv\/veikals\/meitenu-indigo-naru-pidzama\/","title":{"rendered":"Meite\u0146u indigo\/n\u0101ru pid\u017eama"},"content":{"rendered":"<ul>\n<li>100% Organisk\u0101 kokvilna<\/li>\n<li>Mazg\u0101t ve\u013casma\u0161\u012bn\u0101 30*C (saudz\u012bgais re\u017e\u012bms)<\/li>\n<li>GOTS (Glob\u0101lais organisk\u0101s tekstilizstr\u0101d\u0101jumu standarts )<\/li>\n<\/ul>\n","protected":false},"excerpt":{"rendered":"<p>\u0160\u012bs meite\u0146u indigo\/n\u0101ri\u0146u pid\u017eama no Frugi ir izgatavota no m\u012bkstas un pat\u012bkamas organisk\u0101s kokvilnas. Indigo zil\u0101s kr\u0101sas topi\u0146am ar \u012bs\u0101m piedurkn\u0113m ir n\u0101ri\u0146as apdruka priek\u0161pus\u0113, turkl\u0101t tai ir GOTS sertific\u0113tas tums\u0101 mirdzo\u0161\u0101s deta\u013cas un spiedpogas stiprin\u0101jumi izm\u0113riem l\u012bdz 4 gadiem, lai atvieglotu \u0123\u0113rb\u0161anos. Saska\u0146otie \u0161orti ir ar j\u016bras glieme\u017ev\u0101ku apdruku un biks\u0113m ir elast\u012bga jostasvieta, kas nodro\u0161ina lielisku piegul\u0161anu.<\/p>\n","protected":false},"featured_media":27349,"template":"","meta":{"_acf_changed":false},"product_cat":[1192,1663,1655,1253,1260,1197,1199,1180,1665],"product_tag":[],"product-material":[],"product-type":[],"designers":[671],"class_list":{"0":"post-27356","1":"product","2":"type-product","3":"status-publish","4":"has-post-thumbnail","6":"product_cat-meitenes","7":"product_cat-jaundzimuso-drebites","8":"product_cat-jaunumi","9":"product_cat-zidainu-pidzamas","10":"product_cat-pidzamas-meitenem","11":"product_cat-pidzamas-apaksvela-zidainiem","12":"product_cat-meitenu-pidzamas-apaksvela","13":"product_cat-zidainu-apgerbs","14":"product_cat-zidainu-drebes","15":"designers-frugi-lv","17":"first","18":"instock","19":"sale","20":"taxable","21":"shipping-taxable","22":"purchasable","23":"product-type-variable"},"acf":[],"yoast_head":"<!-- This site is optimized with the Yoast SEO Premium plugin v23.7 (Yoast SEO v23.7) - https:\/\/yoast.com\/wordpress\/plugins\/seo\/ -->\n<title>Meite\u0146u indigo\/n\u0101ru pid\u017eama &#8226; Petite Kingdom<\/title>\n<meta name=\"robots\" content=\"index, follow, max-snippet:-1, max-image-preview:large, max-video-preview:-1\" \/>\n<link rel=\"canonical\" href=\"https:\/\/petitekingdom.com\/shop\/girls-indigo-mermaid-pyjamas\/\" \/>\n<meta property=\"og:locale\" content=\"lv_LV\" \/>\n<meta property=\"og:type\" content=\"article\" \/>\n<meta property=\"og:title\" content=\"Meite\u0146u indigo\/n\u0101ru pid\u017eama\" \/>\n<meta property=\"og:description\" content=\"\u0160\u012bs meite\u0146u indigo\/n\u0101ri\u0146u pid\u017eama no Frugi ir izgatavota no m\u012bkstas un pat\u012bkamas organisk\u0101s kokvilnas. Indigo zil\u0101s kr\u0101sas topi\u0146am ar \u012bs\u0101m piedurkn\u0113m ir n\u0101ri\u0146as apdruka priek\u0161pus\u0113, turkl\u0101t tai ir GOTS sertific\u0113tas tums\u0101 mirdzo\u0161\u0101s deta\u013cas un spiedpogas stiprin\u0101jumi izm\u0113riem l\u012bdz 4 gadiem, lai atvieglotu \u0123\u0113rb\u0161anos. Saska\u0146otie \u0161orti ir ar j\u016bras glieme\u017ev\u0101ku apdruku un biks\u0113m ir elast\u012bga jostasvieta, kas nodro\u0161ina lielisku piegul\u0161anu.\" \/>\n<meta property=\"og:url\" content=\"https:\/\/petitekingdom.com\/shop\/girls-indigo-mermaid-pyjamas\/\" \/>\n<meta property=\"og:site_name\" content=\"Petite Kingdom\" \/>\n<meta property=\"article:publisher\" content=\"https:\/\/www.facebook.com\/Petite-Kingdom-114272640862559\" \/>\n<meta property=\"article:modified_time\" content=\"2022-06-15T13:43:12+00:00\" \/>\n<meta property=\"og:image\" content=\"https:\/\/petitekingdom.com\/wp-content\/uploads\/2022\/06\/girls-indigomermaid-pyjamas-frugi.jpg\" \/>\n\t<meta property=\"og:image:width\" content=\"1280\" \/>\n\t<meta property=\"og:image:height\" content=\"1920\" \/>\n\t<meta property=\"og:image:type\" content=\"image\/jpeg\" \/>\n<meta name=\"twitter:card\" content=\"summary_large_image\" \/>\n<script type=\"application\/ld+json\" class=\"yoast-schema-graph\">{\"@context\":\"https:\/\/schema.org\",\"@graph\":[{\"@type\":\"WebPage\",\"@id\":\"https:\/\/petitekingdom.com\/shop\/girls-indigo-mermaid-pyjamas\/\",\"url\":\"https:\/\/petitekingdom.com\/shop\/girls-indigo-mermaid-pyjamas\/\",\"name\":\"Meite\u0146u indigo\/n\u0101ru pid\u017eama &#8226; Petite Kingdom\",\"isPartOf\":{\"@id\":\"https:\/\/petitekingdom.com\/#website\"},\"primaryImageOfPage\":{\"@id\":\"https:\/\/petitekingdom.com\/shop\/girls-indigo-mermaid-pyjamas\/#primaryimage\"},\"image\":{\"@id\":\"https:\/\/petitekingdom.com\/shop\/girls-indigo-mermaid-pyjamas\/#primaryimage\"},\"thumbnailUrl\":\"https:\/\/petitekingdom.com\/wp-content\/uploads\/2022\/06\/girls-indigomermaid-pyjamas-frugi.jpg\",\"datePublished\":\"2022-06-15T13:42:25+00:00\",\"dateModified\":\"2022-06-15T13:43:12+00:00\",\"breadcrumb\":{\"@id\":\"https:\/\/petitekingdom.com\/shop\/girls-indigo-mermaid-pyjamas\/#breadcrumb\"},\"inLanguage\":\"lv-LV\",\"potentialAction\":[{\"@type\":\"ReadAction\",\"target\":[\"https:\/\/petitekingdom.com\/shop\/girls-indigo-mermaid-pyjamas\/\"]}]},{\"@type\":\"ImageObject\",\"inLanguage\":\"lv-LV\",\"@id\":\"https:\/\/petitekingdom.com\/shop\/girls-indigo-mermaid-pyjamas\/#primaryimage\",\"url\":\"https:\/\/petitekingdom.com\/wp-content\/uploads\/2022\/06\/girls-indigomermaid-pyjamas-frugi.jpg\",\"contentUrl\":\"https:\/\/petitekingdom.com\/wp-content\/uploads\/2022\/06\/girls-indigomermaid-pyjamas-frugi.jpg\",\"width\":1280,\"height\":1920,\"caption\":\"Meite\u0146u indigo\/n\u0101ru pid\u017eama - Frugi\"},{\"@type\":\"BreadcrumbList\",\"@id\":\"https:\/\/petitekingdom.com\/shop\/girls-indigo-mermaid-pyjamas\/#breadcrumb\",\"itemListElement\":[{\"@type\":\"ListItem\",\"position\":1,\"name\":\"Home\",\"item\":\"https:\/\/petitekingdom.com\/lv\/\"},{\"@type\":\"ListItem\",\"position\":2,\"name\":\"Veikals\",\"item\":\"https:\/\/petitekingdom.com\/lv\/veikals\/\"},{\"@type\":\"ListItem\",\"position\":3,\"name\":\"Meite\u0146u indigo\/n\u0101ru pid\u017eama\"}]},{\"@type\":\"WebSite\",\"@id\":\"https:\/\/petitekingdom.com\/#website\",\"url\":\"https:\/\/petitekingdom.com\/\",\"name\":\"Petite Kingdom\",\"description\":\"B\u0113rnu izt\u0113lei nav robe\u017eu\",\"publisher\":{\"@id\":\"https:\/\/petitekingdom.com\/#organization\"},\"potentialAction\":[{\"@type\":\"SearchAction\",\"target\":{\"@type\":\"EntryPoint\",\"urlTemplate\":\"https:\/\/petitekingdom.com\/?s={search_term_string}\"},\"query-input\":{\"@type\":\"PropertyValueSpecification\",\"valueRequired\":true,\"valueName\":\"search_term_string\"}}],\"inLanguage\":\"lv-LV\"},{\"@type\":\"Organization\",\"@id\":\"https:\/\/petitekingdom.com\/#organization\",\"name\":\"Petite Kingdom\",\"url\":\"https:\/\/petitekingdom.com\/\",\"logo\":{\"@type\":\"ImageObject\",\"inLanguage\":\"lv-LV\",\"@id\":\"https:\/\/petitekingdom.com\/#\/schema\/logo\/image\/\",\"url\":\"https:\/\/petitekingdom.com\/wp-content\/uploads\/2021\/04\/PT_logo_blackPNG.png\",\"contentUrl\":\"https:\/\/petitekingdom.com\/wp-content\/uploads\/2021\/04\/PT_logo_blackPNG.png\",\"width\":1158,\"height\":500,\"caption\":\"Petite Kingdom\"},\"image\":{\"@id\":\"https:\/\/petitekingdom.com\/#\/schema\/logo\/image\/\"},\"sameAs\":[\"https:\/\/www.facebook.com\/Petite-Kingdom-114272640862559\",\"https:\/\/www.instagram.com\/petite_kingdom\/\"]}]}<\/script>\n<!-- \/ Yoast SEO Premium plugin. -->","yoast_head_json":{"title":"Meite\u0146u indigo\/n\u0101ru pid\u017eama &#8226; Petite Kingdom","robots":{"index":"index","follow":"follow","max-snippet":"max-snippet:-1","max-image-preview":"max-image-preview:large","max-video-preview":"max-video-preview:-1"},"canonical":"https:\/\/petitekingdom.com\/shop\/girls-indigo-mermaid-pyjamas\/","og_locale":"lv_LV","og_type":"article","og_title":"Meite\u0146u indigo\/n\u0101ru pid\u017eama","og_description":"\u0160\u012bs meite\u0146u indigo\/n\u0101ri\u0146u pid\u017eama no Frugi ir izgatavota no m\u012bkstas un pat\u012bkamas organisk\u0101s kokvilnas. Indigo zil\u0101s kr\u0101sas topi\u0146am ar \u012bs\u0101m piedurkn\u0113m ir n\u0101ri\u0146as apdruka priek\u0161pus\u0113, turkl\u0101t tai ir GOTS sertific\u0113tas tums\u0101 mirdzo\u0161\u0101s deta\u013cas un spiedpogas stiprin\u0101jumi izm\u0113riem l\u012bdz 4 gadiem, lai atvieglotu \u0123\u0113rb\u0161anos. Saska\u0146otie \u0161orti ir ar j\u016bras glieme\u017ev\u0101ku apdruku un biks\u0113m ir elast\u012bga jostasvieta, kas nodro\u0161ina lielisku piegul\u0161anu.","og_url":"https:\/\/petitekingdom.com\/shop\/girls-indigo-mermaid-pyjamas\/","og_site_name":"Petite Kingdom","article_publisher":"https:\/\/www.facebook.com\/Petite-Kingdom-114272640862559","article_modified_time":"2022-06-15T13:43:12+00:00","og_image":[{"width":1280,"height":1920,"url":"https:\/\/petitekingdom.com\/wp-content\/uploads\/2022\/06\/girls-indigomermaid-pyjamas-frugi.jpg","type":"image\/jpeg"}],"twitter_card":"summary_large_image","schema":{"@context":"https:\/\/schema.org","@graph":[{"@type":"WebPage","@id":"https:\/\/petitekingdom.com\/shop\/girls-indigo-mermaid-pyjamas\/","url":"https:\/\/petitekingdom.com\/shop\/girls-indigo-mermaid-pyjamas\/","name":"Meite\u0146u indigo\/n\u0101ru pid\u017eama &#8226; Petite Kingdom","isPartOf":{"@id":"https:\/\/petitekingdom.com\/#website"},"primaryImageOfPage":{"@id":"https:\/\/petitekingdom.com\/shop\/girls-indigo-mermaid-pyjamas\/#primaryimage"},"image":{"@id":"https:\/\/petitekingdom.com\/shop\/girls-indigo-mermaid-pyjamas\/#primaryimage"},"thumbnailUrl":"https:\/\/petitekingdom.com\/wp-content\/uploads\/2022\/06\/girls-indigomermaid-pyjamas-frugi.jpg","datePublished":"2022-06-15T13:42:25+00:00","dateModified":"2022-06-15T13:43:12+00:00","breadcrumb":{"@id":"https:\/\/petitekingdom.com\/shop\/girls-indigo-mermaid-pyjamas\/#breadcrumb"},"inLanguage":"lv-LV","potentialAction":[{"@type":"ReadAction","target":["https:\/\/petitekingdom.com\/shop\/girls-indigo-mermaid-pyjamas\/"]}]},{"@type":"ImageObject","inLanguage":"lv-LV","@id":"https:\/\/petitekingdom.com\/shop\/girls-indigo-mermaid-pyjamas\/#primaryimage","url":"https:\/\/petitekingdom.com\/wp-content\/uploads\/2022\/06\/girls-indigomermaid-pyjamas-frugi.jpg","contentUrl":"https:\/\/petitekingdom.com\/wp-content\/uploads\/2022\/06\/girls-indigomermaid-pyjamas-frugi.jpg","width":1280,"height":1920,"caption":"Meite\u0146u indigo\/n\u0101ru pid\u017eama - Frugi"},{"@type":"BreadcrumbList","@id":"https:\/\/petitekingdom.com\/shop\/girls-indigo-mermaid-pyjamas\/#breadcrumb","itemListElement":[{"@type":"ListItem","position":1,"name":"Home","item":"https:\/\/petitekingdom.com\/lv\/"},{"@type":"ListItem","position":2,"name":"Veikals","item":"https:\/\/petitekingdom.com\/lv\/veikals\/"},{"@type":"ListItem","position":3,"name":"Meite\u0146u indigo\/n\u0101ru pid\u017eama"}]},{"@type":"WebSite","@id":"https:\/\/petitekingdom.com\/#website","url":"https:\/\/petitekingdom.com\/","name":"Petite Kingdom","description":"B\u0113rnu izt\u0113lei nav robe\u017eu","publisher":{"@id":"https:\/\/petitekingdom.com\/#organization"},"potentialAction":[{"@type":"SearchAction","target":{"@type":"EntryPoint","urlTemplate":"https:\/\/petitekingdom.com\/?s={search_term_string}"},"query-input":{"@type":"PropertyValueSpecification","valueRequired":true,"valueName":"search_term_string"}}],"inLanguage":"lv-LV"},{"@type":"Organization","@id":"https:\/\/petitekingdom.com\/#organization","name":"Petite Kingdom","url":"https:\/\/petitekingdom.com\/","logo":{"@type":"ImageObject","inLanguage":"lv-LV","@id":"https:\/\/petitekingdom.com\/#\/schema\/logo\/image\/","url":"https:\/\/petitekingdom.com\/wp-content\/uploads\/2021\/04\/PT_logo_blackPNG.png","contentUrl":"https:\/\/petitekingdom.com\/wp-content\/uploads\/2021\/04\/PT_logo_blackPNG.png","width":1158,"height":500,"caption":"Petite Kingdom"},"image":{"@id":"https:\/\/petitekingdom.com\/#\/schema\/logo\/image\/"},"sameAs":["https:\/\/www.facebook.com\/Petite-Kingdom-114272640862559","https:\/\/www.instagram.com\/petite_kingdom\/"]}]}},"_links":{"self":[{"href":"https:\/\/petitekingdom.com\/lv\/wp-json\/wp\/v2\/product\/27356"}],"collection":[{"href":"https:\/\/petitekingdom.com\/lv\/wp-json\/wp\/v2\/product"}],"about":[{"href":"https:\/\/petitekingdom.com\/lv\/wp-json\/wp\/v2\/types\/product"}],"wp:featuredmedia":[{"embeddable":true,"href":"https:\/\/petitekingdom.com\/lv\/wp-json\/wp\/v2\/media\/27349"}],"wp:attachment":[{"href":"https:\/\/petitekingdom.com\/lv\/wp-json\/wp\/v2\/media?parent=27356"}],"wp:term":[{"taxonomy":"product_cat","embeddable":true,"href":"https:\/\/petitekingdom.com\/lv\/wp-json\/wp\/v2\/product_cat?post=27356"},{"taxonomy":"product_tag","embeddable":true,"href":"https:\/\/petitekingdom.com\/lv\/wp-json\/wp\/v2\/product_tag?post=27356"},{"taxonomy":"product-material","embeddable":true,"href":"https:\/\/petitekingdom.com\/lv\/wp-json\/wp\/v2\/product-material?post=27356"},{"taxonomy":"product-type","embeddable":true,"href":"https:\/\/petitekingdom.com\/lv\/wp-json\/wp\/v2\/product-type?post=27356"},{"taxonomy":"designers","embeddable":true,"href":"https:\/\/petitekingdom.com\/lv\/wp-json\/wp\/v2\/designers?post=27356"}],"curies":[{"name":"wp","href":"https:\/\/api.w.org\/{rel}","templated":true}]}}