{"id":27074,"date":"2022-06-09T15:44:27","date_gmt":"2022-06-09T12:52:20","guid":{"rendered":"https:\/\/petitekingdom.com\/shop\/uncategorized\/pukainu-bodiju-komplekts-mazuliem\/"},"modified":"2023-01-02T23:04:02","modified_gmt":"2023-01-02T21:04:02","slug":"pukainu-bodiju-komplekts-mazuliem","status":"publish","type":"product","link":"https:\/\/petitekingdom.com\/lv\/veikals\/pukainu-bodiju-komplekts-mazuliem\/","title":{"rendered":"Pu\u0137ainu bodiju komplekts mazu\u013ciem"},"content":{"rendered":"<ul>\n<li>Organisk\u0101 kokvilna<\/li>\n<li>GOTS<\/li>\n<li>Mazg\u0101t ve\u013casma\u0161\u012bn\u0101 30*C (saudz\u012bgais re\u017e\u012bms)<\/li>\n<li>3 p\u0101ri iepakojum\u0101<\/li>\n<\/ul>\n","protected":false},"excerpt":{"rendered":"<p>\u0160ie \u012bpa\u0161i m\u012bkstie mazu\u013cu 3 bodiji no Frugi ir ar \u012bs\u0101m piedurkn\u0113m un izgatavoti no 100% organisk\u0101s kokvilnas, padarot tos maigus pret mazu\u013ca \u0101du! Lieliska kr\u0101su un dizainu gamma ar putna apdruku uz vienas bodija, tauri\u0146u un ziedu- uz cita bodija. Tieir \u012bpa\u0161i silti un maigi pret mazu\u013ca \u0101du! Kaklu da\u013c\u0101 ir ieloces, kas atvieglo \u0123\u0113rb\u0161anos un bodiju vilk\u0161anu p\u0101ri b\u0113rna galvai.<\/p>\n","protected":false},"featured_media":27067,"template":"","meta":{"_acf_changed":false},"product_cat":[1180,1663,1665,1207,1181,1182,1208,1655,1605,1607,1674],"product_tag":[],"product-material":[],"product-type":[],"designers":[671],"class_list":{"0":"post-27074","1":"product","2":"type-product","3":"status-publish","4":"has-post-thumbnail","6":"product_cat-zidainu-apgerbs","7":"product_cat-jaundzimuso-drebites","8":"product_cat-zidainu-drebes","9":"product_cat-zidainu-komplekti","10":"product_cat-rapulisi-bodiji","11":"product_cat-zidainu-bodiji","12":"product_cat-zidaina-purins","13":"product_cat-jaunumi","14":"product_cat-izpardosana","15":"product_cat-outlets","16":"product_cat-sezonas-izpardosana","17":"designers-frugi-lv","19":"first","20":"instock","21":"sale","22":"taxable","23":"shipping-taxable","24":"product-type-variable"},"acf":[],"yoast_head":"<!-- This site is optimized with the Yoast SEO Premium plugin v23.7 (Yoast SEO v23.7) - https:\/\/yoast.com\/wordpress\/plugins\/seo\/ -->\n<title>Pu\u0137ainu bodiju komplekts mazu\u013ciem &#8226; Petite Kingdom<\/title>\n<meta name=\"robots\" content=\"index, follow, max-snippet:-1, max-image-preview:large, max-video-preview:-1\" \/>\n<link rel=\"canonical\" href=\"https:\/\/petitekingdom.com\/shop\/hedgerow-pink-super-special-3-pack-body\/\" \/>\n<meta property=\"og:locale\" content=\"lv_LV\" \/>\n<meta property=\"og:type\" content=\"article\" \/>\n<meta property=\"og:title\" content=\"Pu\u0137ainu bodiju komplekts mazu\u013ciem\" \/>\n<meta property=\"og:description\" content=\"\u0160ie \u012bpa\u0161i m\u012bkstie mazu\u013cu 3 bodiji no Frugi ir ar \u012bs\u0101m piedurkn\u0113m un izgatavoti no 100% organisk\u0101s kokvilnas, padarot tos maigus pret mazu\u013ca \u0101du! Lieliska kr\u0101su un dizainu gamma ar putna apdruku uz vienas bodija, tauri\u0146u un ziedu- uz cita bodija. Tieir \u012bpa\u0161i silti un maigi pret mazu\u013ca \u0101du! Kaklu da\u013c\u0101 ir ieloces, kas atvieglo \u0123\u0113rb\u0161anos un bodiju vilk\u0161anu p\u0101ri b\u0113rna galvai.\" \/>\n<meta property=\"og:url\" content=\"https:\/\/petitekingdom.com\/shop\/hedgerow-pink-super-special-3-pack-body\/\" \/>\n<meta property=\"og:site_name\" content=\"Petite Kingdom\" \/>\n<meta property=\"article:publisher\" content=\"https:\/\/www.facebook.com\/Petite-Kingdom-114272640862559\" \/>\n<meta property=\"article:modified_time\" content=\"2023-01-02T21:04:02+00:00\" \/>\n<meta property=\"og:image\" content=\"https:\/\/petitekingdom.com\/wp-content\/uploads\/2022\/06\/hedgerowpink-super-special-3-pack-body-frugi.jpg\" \/>\n\t<meta property=\"og:image:width\" content=\"1280\" \/>\n\t<meta property=\"og:image:height\" content=\"1920\" \/>\n\t<meta property=\"og:image:type\" content=\"image\/jpeg\" \/>\n<meta name=\"twitter:card\" content=\"summary_large_image\" \/>\n<script type=\"application\/ld+json\" class=\"yoast-schema-graph\">{\"@context\":\"https:\/\/schema.org\",\"@graph\":[{\"@type\":\"WebPage\",\"@id\":\"https:\/\/petitekingdom.com\/shop\/hedgerow-pink-super-special-3-pack-body\/\",\"url\":\"https:\/\/petitekingdom.com\/shop\/hedgerow-pink-super-special-3-pack-body\/\",\"name\":\"Pu\u0137ainu bodiju komplekts mazu\u013ciem &#8226; Petite Kingdom\",\"isPartOf\":{\"@id\":\"https:\/\/petitekingdom.com\/#website\"},\"primaryImageOfPage\":{\"@id\":\"https:\/\/petitekingdom.com\/shop\/hedgerow-pink-super-special-3-pack-body\/#primaryimage\"},\"image\":{\"@id\":\"https:\/\/petitekingdom.com\/shop\/hedgerow-pink-super-special-3-pack-body\/#primaryimage\"},\"thumbnailUrl\":\"https:\/\/petitekingdom.com\/wp-content\/uploads\/2022\/06\/hedgerowpink-super-special-3-pack-body-frugi.jpg\",\"datePublished\":\"2022-06-09T12:52:20+00:00\",\"dateModified\":\"2023-01-02T21:04:02+00:00\",\"breadcrumb\":{\"@id\":\"https:\/\/petitekingdom.com\/shop\/hedgerow-pink-super-special-3-pack-body\/#breadcrumb\"},\"inLanguage\":\"lv-LV\",\"potentialAction\":[{\"@type\":\"ReadAction\",\"target\":[\"https:\/\/petitekingdom.com\/shop\/hedgerow-pink-super-special-3-pack-body\/\"]}]},{\"@type\":\"ImageObject\",\"inLanguage\":\"lv-LV\",\"@id\":\"https:\/\/petitekingdom.com\/shop\/hedgerow-pink-super-special-3-pack-body\/#primaryimage\",\"url\":\"https:\/\/petitekingdom.com\/wp-content\/uploads\/2022\/06\/hedgerowpink-super-special-3-pack-body-frugi.jpg\",\"contentUrl\":\"https:\/\/petitekingdom.com\/wp-content\/uploads\/2022\/06\/hedgerowpink-super-special-3-pack-body-frugi.jpg\",\"width\":1280,\"height\":1920,\"caption\":\"Hedgerow\/Pink Super Special 3 Pack Body - Frugi\"},{\"@type\":\"BreadcrumbList\",\"@id\":\"https:\/\/petitekingdom.com\/shop\/hedgerow-pink-super-special-3-pack-body\/#breadcrumb\",\"itemListElement\":[{\"@type\":\"ListItem\",\"position\":1,\"name\":\"Home\",\"item\":\"https:\/\/petitekingdom.com\/lv\/\"},{\"@type\":\"ListItem\",\"position\":2,\"name\":\"Veikals\",\"item\":\"https:\/\/petitekingdom.com\/lv\/veikals\/\"},{\"@type\":\"ListItem\",\"position\":3,\"name\":\"Pu\u0137ainu bodiju komplekts mazu\u013ciem\"}]},{\"@type\":\"WebSite\",\"@id\":\"https:\/\/petitekingdom.com\/#website\",\"url\":\"https:\/\/petitekingdom.com\/\",\"name\":\"Petite Kingdom\",\"description\":\"B\u0113rnu izt\u0113lei nav robe\u017eu\",\"publisher\":{\"@id\":\"https:\/\/petitekingdom.com\/#organization\"},\"potentialAction\":[{\"@type\":\"SearchAction\",\"target\":{\"@type\":\"EntryPoint\",\"urlTemplate\":\"https:\/\/petitekingdom.com\/?s={search_term_string}\"},\"query-input\":{\"@type\":\"PropertyValueSpecification\",\"valueRequired\":true,\"valueName\":\"search_term_string\"}}],\"inLanguage\":\"lv-LV\"},{\"@type\":\"Organization\",\"@id\":\"https:\/\/petitekingdom.com\/#organization\",\"name\":\"Petite Kingdom\",\"url\":\"https:\/\/petitekingdom.com\/\",\"logo\":{\"@type\":\"ImageObject\",\"inLanguage\":\"lv-LV\",\"@id\":\"https:\/\/petitekingdom.com\/#\/schema\/logo\/image\/\",\"url\":\"https:\/\/petitekingdom.com\/wp-content\/uploads\/2021\/04\/PT_logo_blackPNG.png\",\"contentUrl\":\"https:\/\/petitekingdom.com\/wp-content\/uploads\/2021\/04\/PT_logo_blackPNG.png\",\"width\":1158,\"height\":500,\"caption\":\"Petite Kingdom\"},\"image\":{\"@id\":\"https:\/\/petitekingdom.com\/#\/schema\/logo\/image\/\"},\"sameAs\":[\"https:\/\/www.facebook.com\/Petite-Kingdom-114272640862559\",\"https:\/\/www.instagram.com\/petite_kingdom\/\"]}]}<\/script>\n<!-- \/ Yoast SEO Premium plugin. -->","yoast_head_json":{"title":"Pu\u0137ainu bodiju komplekts mazu\u013ciem &#8226; Petite Kingdom","robots":{"index":"index","follow":"follow","max-snippet":"max-snippet:-1","max-image-preview":"max-image-preview:large","max-video-preview":"max-video-preview:-1"},"canonical":"https:\/\/petitekingdom.com\/shop\/hedgerow-pink-super-special-3-pack-body\/","og_locale":"lv_LV","og_type":"article","og_title":"Pu\u0137ainu bodiju komplekts mazu\u013ciem","og_description":"\u0160ie \u012bpa\u0161i m\u012bkstie mazu\u013cu 3 bodiji no Frugi ir ar \u012bs\u0101m piedurkn\u0113m un izgatavoti no 100% organisk\u0101s kokvilnas, padarot tos maigus pret mazu\u013ca \u0101du! Lieliska kr\u0101su un dizainu gamma ar putna apdruku uz vienas bodija, tauri\u0146u un ziedu- uz cita bodija. Tieir \u012bpa\u0161i silti un maigi pret mazu\u013ca \u0101du! Kaklu da\u013c\u0101 ir ieloces, kas atvieglo \u0123\u0113rb\u0161anos un bodiju vilk\u0161anu p\u0101ri b\u0113rna galvai.","og_url":"https:\/\/petitekingdom.com\/shop\/hedgerow-pink-super-special-3-pack-body\/","og_site_name":"Petite Kingdom","article_publisher":"https:\/\/www.facebook.com\/Petite-Kingdom-114272640862559","article_modified_time":"2023-01-02T21:04:02+00:00","og_image":[{"width":1280,"height":1920,"url":"https:\/\/petitekingdom.com\/wp-content\/uploads\/2022\/06\/hedgerowpink-super-special-3-pack-body-frugi.jpg","type":"image\/jpeg"}],"twitter_card":"summary_large_image","schema":{"@context":"https:\/\/schema.org","@graph":[{"@type":"WebPage","@id":"https:\/\/petitekingdom.com\/shop\/hedgerow-pink-super-special-3-pack-body\/","url":"https:\/\/petitekingdom.com\/shop\/hedgerow-pink-super-special-3-pack-body\/","name":"Pu\u0137ainu bodiju komplekts mazu\u013ciem &#8226; Petite Kingdom","isPartOf":{"@id":"https:\/\/petitekingdom.com\/#website"},"primaryImageOfPage":{"@id":"https:\/\/petitekingdom.com\/shop\/hedgerow-pink-super-special-3-pack-body\/#primaryimage"},"image":{"@id":"https:\/\/petitekingdom.com\/shop\/hedgerow-pink-super-special-3-pack-body\/#primaryimage"},"thumbnailUrl":"https:\/\/petitekingdom.com\/wp-content\/uploads\/2022\/06\/hedgerowpink-super-special-3-pack-body-frugi.jpg","datePublished":"2022-06-09T12:52:20+00:00","dateModified":"2023-01-02T21:04:02+00:00","breadcrumb":{"@id":"https:\/\/petitekingdom.com\/shop\/hedgerow-pink-super-special-3-pack-body\/#breadcrumb"},"inLanguage":"lv-LV","potentialAction":[{"@type":"ReadAction","target":["https:\/\/petitekingdom.com\/shop\/hedgerow-pink-super-special-3-pack-body\/"]}]},{"@type":"ImageObject","inLanguage":"lv-LV","@id":"https:\/\/petitekingdom.com\/shop\/hedgerow-pink-super-special-3-pack-body\/#primaryimage","url":"https:\/\/petitekingdom.com\/wp-content\/uploads\/2022\/06\/hedgerowpink-super-special-3-pack-body-frugi.jpg","contentUrl":"https:\/\/petitekingdom.com\/wp-content\/uploads\/2022\/06\/hedgerowpink-super-special-3-pack-body-frugi.jpg","width":1280,"height":1920,"caption":"Hedgerow\/Pink Super Special 3 Pack Body - Frugi"},{"@type":"BreadcrumbList","@id":"https:\/\/petitekingdom.com\/shop\/hedgerow-pink-super-special-3-pack-body\/#breadcrumb","itemListElement":[{"@type":"ListItem","position":1,"name":"Home","item":"https:\/\/petitekingdom.com\/lv\/"},{"@type":"ListItem","position":2,"name":"Veikals","item":"https:\/\/petitekingdom.com\/lv\/veikals\/"},{"@type":"ListItem","position":3,"name":"Pu\u0137ainu bodiju komplekts mazu\u013ciem"}]},{"@type":"WebSite","@id":"https:\/\/petitekingdom.com\/#website","url":"https:\/\/petitekingdom.com\/","name":"Petite Kingdom","description":"B\u0113rnu izt\u0113lei nav robe\u017eu","publisher":{"@id":"https:\/\/petitekingdom.com\/#organization"},"potentialAction":[{"@type":"SearchAction","target":{"@type":"EntryPoint","urlTemplate":"https:\/\/petitekingdom.com\/?s={search_term_string}"},"query-input":{"@type":"PropertyValueSpecification","valueRequired":true,"valueName":"search_term_string"}}],"inLanguage":"lv-LV"},{"@type":"Organization","@id":"https:\/\/petitekingdom.com\/#organization","name":"Petite Kingdom","url":"https:\/\/petitekingdom.com\/","logo":{"@type":"ImageObject","inLanguage":"lv-LV","@id":"https:\/\/petitekingdom.com\/#\/schema\/logo\/image\/","url":"https:\/\/petitekingdom.com\/wp-content\/uploads\/2021\/04\/PT_logo_blackPNG.png","contentUrl":"https:\/\/petitekingdom.com\/wp-content\/uploads\/2021\/04\/PT_logo_blackPNG.png","width":1158,"height":500,"caption":"Petite Kingdom"},"image":{"@id":"https:\/\/petitekingdom.com\/#\/schema\/logo\/image\/"},"sameAs":["https:\/\/www.facebook.com\/Petite-Kingdom-114272640862559","https:\/\/www.instagram.com\/petite_kingdom\/"]}]}},"_links":{"self":[{"href":"https:\/\/petitekingdom.com\/lv\/wp-json\/wp\/v2\/product\/27074"}],"collection":[{"href":"https:\/\/petitekingdom.com\/lv\/wp-json\/wp\/v2\/product"}],"about":[{"href":"https:\/\/petitekingdom.com\/lv\/wp-json\/wp\/v2\/types\/product"}],"wp:featuredmedia":[{"embeddable":true,"href":"https:\/\/petitekingdom.com\/lv\/wp-json\/wp\/v2\/media\/27067"}],"wp:attachment":[{"href":"https:\/\/petitekingdom.com\/lv\/wp-json\/wp\/v2\/media?parent=27074"}],"wp:term":[{"taxonomy":"product_cat","embeddable":true,"href":"https:\/\/petitekingdom.com\/lv\/wp-json\/wp\/v2\/product_cat?post=27074"},{"taxonomy":"product_tag","embeddable":true,"href":"https:\/\/petitekingdom.com\/lv\/wp-json\/wp\/v2\/product_tag?post=27074"},{"taxonomy":"product-material","embeddable":true,"href":"https:\/\/petitekingdom.com\/lv\/wp-json\/wp\/v2\/product-material?post=27074"},{"taxonomy":"product-type","embeddable":true,"href":"https:\/\/petitekingdom.com\/lv\/wp-json\/wp\/v2\/product-type?post=27074"},{"taxonomy":"designers","embeddable":true,"href":"https:\/\/petitekingdom.com\/lv\/wp-json\/wp\/v2\/designers?post=27074"}],"curies":[{"name":"wp","href":"https:\/\/api.w.org\/{rel}","templated":true}]}}