{"id":26875,"date":"2022-05-14T10:50:40","date_gmt":"2022-05-30T14:49:19","guid":{"rendered":"https:\/\/petitekingdom.com\/shop\/uncategorized\/zenu-tumsi-zils-dzemperis-ar-kabatam\/"},"modified":"2022-08-02T00:01:15","modified_gmt":"2022-08-01T21:01:15","slug":"zenu-tumsi-zils-dzemperis-ar-kabatam","status":"publish","type":"product","link":"https:\/\/petitekingdom.com\/lv\/veikals\/zenu-tumsi-zils-dzemperis-ar-kabatam\/","title":{"rendered":"Z\u0113nu tum\u0161i zils d\u017eemperis ar kabat\u0101m"},"content":{"rendered":"<ul>\n<li>75 % kokvilna 25 % poliesters<\/li>\n<li>Mazg\u0101t ve\u013casma\u0161\u012bn\u0101 40*C<\/li>\n<\/ul>\n","protected":false},"excerpt":{"rendered":"<p>Izgatavots no for\u0161a auduma, \u0161is sporta d\u017eemperis ir lieliski piem\u0113rots gan ikdienas valk\u0101\u0161anai, gan aizraujo\u0161iem piedz\u012bvojumiem. M\u012bkst\u0101s v\u012bles un praktisk\u0101s spiedpogas plecos atvieglo \u0123\u0113rb\u0161anos. Pateicoties br\u012bvajai piegrieztnei, j\u016bsu b\u0113rns var\u0113s br\u012bvi kust\u0113ties, vienlaikus izbaudot da\u017e\u0101das jautras aktivit\u0101tes. Mazos d\u0101rgumus var glab\u0101t lielaj\u0101 priek\u0161\u0113j\u0101 kabat\u0101. Var apvienot ar sporta vai klasisk\u0101m biks\u0113m. P\u016bkainais Steiff Teddy l\u0101c\u012b\u0161a mot\u012bvs vienm\u0113r uztur\u0113s j\u016bsu maz\u0101 z\u0113na komp\u0101niju.<\/p>\n","protected":false},"featured_media":26316,"template":"","meta":{"_acf_changed":false},"product_cat":[1180,1663,1665,1207,1203,1229,1208,1655,1674],"product_tag":[],"product-material":[],"product-type":[],"designers":[1624],"class_list":{"0":"post-26875","1":"product","2":"type-product","3":"status-publish","4":"has-post-thumbnail","6":"product_cat-zidainu-apgerbs","7":"product_cat-jaundzimuso-drebites","8":"product_cat-zidainu-drebes","9":"product_cat-zidainu-komplekti","10":"product_cat-jacinas-dzemperi-zidainiem","11":"product_cat-zidainu-dzemperi","12":"product_cat-zidaina-purins","13":"product_cat-jaunumi","14":"product_cat-sezonas-izpardosana","15":"designers-steiff-lv","17":"first","18":"instock","19":"sale","20":"taxable","21":"shipping-taxable","22":"purchasable","23":"product-type-variable"},"acf":[],"yoast_head":"<!-- This site is optimized with the Yoast SEO Premium plugin v23.7 (Yoast SEO v23.7) - https:\/\/yoast.com\/wordpress\/plugins\/seo\/ -->\n<title>Z\u0113nu tum\u0161i zils d\u017eemperis ar kabat\u0101m &#8226; Petite Kingdom<\/title>\n<meta name=\"robots\" content=\"index, follow, max-snippet:-1, max-image-preview:large, max-video-preview:-1\" \/>\n<link rel=\"canonical\" href=\"https:\/\/petitekingdom.com\/shop\/boys-navy-blue-sweater-with-pockets\/\" \/>\n<meta property=\"og:locale\" content=\"lv_LV\" \/>\n<meta property=\"og:type\" content=\"article\" \/>\n<meta property=\"og:title\" content=\"Z\u0113nu tum\u0161i zils d\u017eemperis ar kabat\u0101m\" \/>\n<meta property=\"og:description\" content=\"Izgatavots no for\u0161a auduma, \u0161is sporta d\u017eemperis ir lieliski piem\u0113rots gan ikdienas valk\u0101\u0161anai, gan aizraujo\u0161iem piedz\u012bvojumiem. M\u012bkst\u0101s v\u012bles un praktisk\u0101s spiedpogas plecos atvieglo \u0123\u0113rb\u0161anos. Pateicoties br\u012bvajai piegrieztnei, j\u016bsu b\u0113rns var\u0113s br\u012bvi kust\u0113ties, vienlaikus izbaudot da\u017e\u0101das jautras aktivit\u0101tes. Mazos d\u0101rgumus var glab\u0101t lielaj\u0101 priek\u0161\u0113j\u0101 kabat\u0101. Var apvienot ar sporta vai klasisk\u0101m biks\u0113m. P\u016bkainais Steiff Teddy l\u0101c\u012b\u0161a mot\u012bvs vienm\u0113r uztur\u0113s j\u016bsu maz\u0101 z\u0113na komp\u0101niju.\" \/>\n<meta property=\"og:url\" content=\"https:\/\/petitekingdom.com\/shop\/boys-navy-blue-sweater-with-pockets\/\" \/>\n<meta property=\"og:site_name\" content=\"Petite Kingdom\" \/>\n<meta property=\"article:publisher\" content=\"https:\/\/www.facebook.com\/Petite-Kingdom-114272640862559\" \/>\n<meta property=\"article:modified_time\" content=\"2022-08-01T21:01:15+00:00\" \/>\n<meta property=\"og:image\" content=\"https:\/\/petitekingdom.com\/wp-content\/uploads\/2022\/05\/blue-steiff-sweater.jpg\" \/>\n\t<meta property=\"og:image:width\" content=\"1920\" \/>\n\t<meta property=\"og:image:height\" content=\"1920\" \/>\n\t<meta property=\"og:image:type\" content=\"image\/jpeg\" \/>\n<meta name=\"twitter:card\" content=\"summary_large_image\" \/>\n<script type=\"application\/ld+json\" class=\"yoast-schema-graph\">{\"@context\":\"https:\/\/schema.org\",\"@graph\":[{\"@type\":\"WebPage\",\"@id\":\"https:\/\/petitekingdom.com\/shop\/boys-navy-blue-sweater-with-pockets\/\",\"url\":\"https:\/\/petitekingdom.com\/shop\/boys-navy-blue-sweater-with-pockets\/\",\"name\":\"Z\u0113nu tum\u0161i zils d\u017eemperis ar kabat\u0101m &#8226; Petite Kingdom\",\"isPartOf\":{\"@id\":\"https:\/\/petitekingdom.com\/#website\"},\"primaryImageOfPage\":{\"@id\":\"https:\/\/petitekingdom.com\/shop\/boys-navy-blue-sweater-with-pockets\/#primaryimage\"},\"image\":{\"@id\":\"https:\/\/petitekingdom.com\/shop\/boys-navy-blue-sweater-with-pockets\/#primaryimage\"},\"thumbnailUrl\":\"https:\/\/petitekingdom.com\/wp-content\/uploads\/2022\/05\/blue-steiff-sweater.jpg\",\"datePublished\":\"2022-05-30T14:49:19+00:00\",\"dateModified\":\"2022-08-01T21:01:15+00:00\",\"breadcrumb\":{\"@id\":\"https:\/\/petitekingdom.com\/shop\/boys-navy-blue-sweater-with-pockets\/#breadcrumb\"},\"inLanguage\":\"lv-LV\",\"potentialAction\":[{\"@type\":\"ReadAction\",\"target\":[\"https:\/\/petitekingdom.com\/shop\/boys-navy-blue-sweater-with-pockets\/\"]}]},{\"@type\":\"ImageObject\",\"inLanguage\":\"lv-LV\",\"@id\":\"https:\/\/petitekingdom.com\/shop\/boys-navy-blue-sweater-with-pockets\/#primaryimage\",\"url\":\"https:\/\/petitekingdom.com\/wp-content\/uploads\/2022\/05\/blue-steiff-sweater.jpg\",\"contentUrl\":\"https:\/\/petitekingdom.com\/wp-content\/uploads\/2022\/05\/blue-steiff-sweater.jpg\",\"width\":1920,\"height\":1920,\"caption\":\"Z\u0113nu tum\u0161i zils d\u017eemperis ar kabat\u0101m - Steiff\"},{\"@type\":\"BreadcrumbList\",\"@id\":\"https:\/\/petitekingdom.com\/shop\/boys-navy-blue-sweater-with-pockets\/#breadcrumb\",\"itemListElement\":[{\"@type\":\"ListItem\",\"position\":1,\"name\":\"Home\",\"item\":\"https:\/\/petitekingdom.com\/lv\/\"},{\"@type\":\"ListItem\",\"position\":2,\"name\":\"Veikals\",\"item\":\"https:\/\/petitekingdom.com\/lv\/veikals\/\"},{\"@type\":\"ListItem\",\"position\":3,\"name\":\"Z\u0113nu tum\u0161i zils d\u017eemperis ar kabat\u0101m\"}]},{\"@type\":\"WebSite\",\"@id\":\"https:\/\/petitekingdom.com\/#website\",\"url\":\"https:\/\/petitekingdom.com\/\",\"name\":\"Petite Kingdom\",\"description\":\"B\u0113rnu izt\u0113lei nav robe\u017eu\",\"publisher\":{\"@id\":\"https:\/\/petitekingdom.com\/#organization\"},\"potentialAction\":[{\"@type\":\"SearchAction\",\"target\":{\"@type\":\"EntryPoint\",\"urlTemplate\":\"https:\/\/petitekingdom.com\/?s={search_term_string}\"},\"query-input\":{\"@type\":\"PropertyValueSpecification\",\"valueRequired\":true,\"valueName\":\"search_term_string\"}}],\"inLanguage\":\"lv-LV\"},{\"@type\":\"Organization\",\"@id\":\"https:\/\/petitekingdom.com\/#organization\",\"name\":\"Petite Kingdom\",\"url\":\"https:\/\/petitekingdom.com\/\",\"logo\":{\"@type\":\"ImageObject\",\"inLanguage\":\"lv-LV\",\"@id\":\"https:\/\/petitekingdom.com\/#\/schema\/logo\/image\/\",\"url\":\"https:\/\/petitekingdom.com\/wp-content\/uploads\/2021\/04\/PT_logo_blackPNG.png\",\"contentUrl\":\"https:\/\/petitekingdom.com\/wp-content\/uploads\/2021\/04\/PT_logo_blackPNG.png\",\"width\":1158,\"height\":500,\"caption\":\"Petite Kingdom\"},\"image\":{\"@id\":\"https:\/\/petitekingdom.com\/#\/schema\/logo\/image\/\"},\"sameAs\":[\"https:\/\/www.facebook.com\/Petite-Kingdom-114272640862559\",\"https:\/\/www.instagram.com\/petite_kingdom\/\"]}]}<\/script>\n<!-- \/ Yoast SEO Premium plugin. -->","yoast_head_json":{"title":"Z\u0113nu tum\u0161i zils d\u017eemperis ar kabat\u0101m &#8226; Petite Kingdom","robots":{"index":"index","follow":"follow","max-snippet":"max-snippet:-1","max-image-preview":"max-image-preview:large","max-video-preview":"max-video-preview:-1"},"canonical":"https:\/\/petitekingdom.com\/shop\/boys-navy-blue-sweater-with-pockets\/","og_locale":"lv_LV","og_type":"article","og_title":"Z\u0113nu tum\u0161i zils d\u017eemperis ar kabat\u0101m","og_description":"Izgatavots no for\u0161a auduma, \u0161is sporta d\u017eemperis ir lieliski piem\u0113rots gan ikdienas valk\u0101\u0161anai, gan aizraujo\u0161iem piedz\u012bvojumiem. M\u012bkst\u0101s v\u012bles un praktisk\u0101s spiedpogas plecos atvieglo \u0123\u0113rb\u0161anos. Pateicoties br\u012bvajai piegrieztnei, j\u016bsu b\u0113rns var\u0113s br\u012bvi kust\u0113ties, vienlaikus izbaudot da\u017e\u0101das jautras aktivit\u0101tes. Mazos d\u0101rgumus var glab\u0101t lielaj\u0101 priek\u0161\u0113j\u0101 kabat\u0101. Var apvienot ar sporta vai klasisk\u0101m biks\u0113m. P\u016bkainais Steiff Teddy l\u0101c\u012b\u0161a mot\u012bvs vienm\u0113r uztur\u0113s j\u016bsu maz\u0101 z\u0113na komp\u0101niju.","og_url":"https:\/\/petitekingdom.com\/shop\/boys-navy-blue-sweater-with-pockets\/","og_site_name":"Petite Kingdom","article_publisher":"https:\/\/www.facebook.com\/Petite-Kingdom-114272640862559","article_modified_time":"2022-08-01T21:01:15+00:00","og_image":[{"width":1920,"height":1920,"url":"https:\/\/petitekingdom.com\/wp-content\/uploads\/2022\/05\/blue-steiff-sweater.jpg","type":"image\/jpeg"}],"twitter_card":"summary_large_image","schema":{"@context":"https:\/\/schema.org","@graph":[{"@type":"WebPage","@id":"https:\/\/petitekingdom.com\/shop\/boys-navy-blue-sweater-with-pockets\/","url":"https:\/\/petitekingdom.com\/shop\/boys-navy-blue-sweater-with-pockets\/","name":"Z\u0113nu tum\u0161i zils d\u017eemperis ar kabat\u0101m &#8226; Petite Kingdom","isPartOf":{"@id":"https:\/\/petitekingdom.com\/#website"},"primaryImageOfPage":{"@id":"https:\/\/petitekingdom.com\/shop\/boys-navy-blue-sweater-with-pockets\/#primaryimage"},"image":{"@id":"https:\/\/petitekingdom.com\/shop\/boys-navy-blue-sweater-with-pockets\/#primaryimage"},"thumbnailUrl":"https:\/\/petitekingdom.com\/wp-content\/uploads\/2022\/05\/blue-steiff-sweater.jpg","datePublished":"2022-05-30T14:49:19+00:00","dateModified":"2022-08-01T21:01:15+00:00","breadcrumb":{"@id":"https:\/\/petitekingdom.com\/shop\/boys-navy-blue-sweater-with-pockets\/#breadcrumb"},"inLanguage":"lv-LV","potentialAction":[{"@type":"ReadAction","target":["https:\/\/petitekingdom.com\/shop\/boys-navy-blue-sweater-with-pockets\/"]}]},{"@type":"ImageObject","inLanguage":"lv-LV","@id":"https:\/\/petitekingdom.com\/shop\/boys-navy-blue-sweater-with-pockets\/#primaryimage","url":"https:\/\/petitekingdom.com\/wp-content\/uploads\/2022\/05\/blue-steiff-sweater.jpg","contentUrl":"https:\/\/petitekingdom.com\/wp-content\/uploads\/2022\/05\/blue-steiff-sweater.jpg","width":1920,"height":1920,"caption":"Z\u0113nu tum\u0161i zils d\u017eemperis ar kabat\u0101m - Steiff"},{"@type":"BreadcrumbList","@id":"https:\/\/petitekingdom.com\/shop\/boys-navy-blue-sweater-with-pockets\/#breadcrumb","itemListElement":[{"@type":"ListItem","position":1,"name":"Home","item":"https:\/\/petitekingdom.com\/lv\/"},{"@type":"ListItem","position":2,"name":"Veikals","item":"https:\/\/petitekingdom.com\/lv\/veikals\/"},{"@type":"ListItem","position":3,"name":"Z\u0113nu tum\u0161i zils d\u017eemperis ar kabat\u0101m"}]},{"@type":"WebSite","@id":"https:\/\/petitekingdom.com\/#website","url":"https:\/\/petitekingdom.com\/","name":"Petite Kingdom","description":"B\u0113rnu izt\u0113lei nav robe\u017eu","publisher":{"@id":"https:\/\/petitekingdom.com\/#organization"},"potentialAction":[{"@type":"SearchAction","target":{"@type":"EntryPoint","urlTemplate":"https:\/\/petitekingdom.com\/?s={search_term_string}"},"query-input":{"@type":"PropertyValueSpecification","valueRequired":true,"valueName":"search_term_string"}}],"inLanguage":"lv-LV"},{"@type":"Organization","@id":"https:\/\/petitekingdom.com\/#organization","name":"Petite Kingdom","url":"https:\/\/petitekingdom.com\/","logo":{"@type":"ImageObject","inLanguage":"lv-LV","@id":"https:\/\/petitekingdom.com\/#\/schema\/logo\/image\/","url":"https:\/\/petitekingdom.com\/wp-content\/uploads\/2021\/04\/PT_logo_blackPNG.png","contentUrl":"https:\/\/petitekingdom.com\/wp-content\/uploads\/2021\/04\/PT_logo_blackPNG.png","width":1158,"height":500,"caption":"Petite Kingdom"},"image":{"@id":"https:\/\/petitekingdom.com\/#\/schema\/logo\/image\/"},"sameAs":["https:\/\/www.facebook.com\/Petite-Kingdom-114272640862559","https:\/\/www.instagram.com\/petite_kingdom\/"]}]}},"_links":{"self":[{"href":"https:\/\/petitekingdom.com\/lv\/wp-json\/wp\/v2\/product\/26875"}],"collection":[{"href":"https:\/\/petitekingdom.com\/lv\/wp-json\/wp\/v2\/product"}],"about":[{"href":"https:\/\/petitekingdom.com\/lv\/wp-json\/wp\/v2\/types\/product"}],"wp:featuredmedia":[{"embeddable":true,"href":"https:\/\/petitekingdom.com\/lv\/wp-json\/wp\/v2\/media\/26316"}],"wp:attachment":[{"href":"https:\/\/petitekingdom.com\/lv\/wp-json\/wp\/v2\/media?parent=26875"}],"wp:term":[{"taxonomy":"product_cat","embeddable":true,"href":"https:\/\/petitekingdom.com\/lv\/wp-json\/wp\/v2\/product_cat?post=26875"},{"taxonomy":"product_tag","embeddable":true,"href":"https:\/\/petitekingdom.com\/lv\/wp-json\/wp\/v2\/product_tag?post=26875"},{"taxonomy":"product-material","embeddable":true,"href":"https:\/\/petitekingdom.com\/lv\/wp-json\/wp\/v2\/product-material?post=26875"},{"taxonomy":"product-type","embeddable":true,"href":"https:\/\/petitekingdom.com\/lv\/wp-json\/wp\/v2\/product-type?post=26875"},{"taxonomy":"designers","embeddable":true,"href":"https:\/\/petitekingdom.com\/lv\/wp-json\/wp\/v2\/designers?post=26875"}],"curies":[{"name":"wp","href":"https:\/\/api.w.org\/{rel}","templated":true}]}}