{"id":26033,"date":"2022-04-10T17:20:57","date_gmt":"2022-04-10T14:23:04","guid":{"rendered":"https:\/\/petitekingdom.com\/shop\/uncategorized\/elegants-meitenu-roza-bodijs-ar-apkakliti\/"},"modified":"2024-01-22T00:00:43","modified_gmt":"2024-01-21T22:00:43","slug":"elegants-meitenu-roza-bodijs-ar-apkakliti","status":"publish","type":"product","link":"https:\/\/petitekingdom.com\/lv\/veikals\/elegants-meitenu-roza-bodijs-ar-apkakliti\/","title":{"rendered":"Elegants meite\u0146u roz\u0101 bodijs ar apkakl\u012bti"},"content":{"rendered":"<ul>\n<li>Sast\u0101vs: 95% Viskoze 5% Spandeks<\/li>\n<li>Apkakl\u012bte: 100% Poliesters<\/li>\n<li>Trikot\u0101\u017eas audums<\/li>\n<li>Ra\u017eots Eirop\u0101<\/li>\n<\/ul>\n","protected":false},"excerpt":{"rendered":"<p><span class=\"JLqJ4b ChMk0b\" data-language-for-alternatives=\"en\" data-language-to-translate-into=\"lv\" data-phrase-index=\"0\" data-number-of-phrases=\"2\"><span class=\"Q4iAWc\">Piem\u012bl\u012bgs meite\u0146u bodijs ar apkakl\u012bti un oran\u017e\u0101m pumpi\u0146\u0101m mazul\u012bti iepriecin\u0101s katru dienu.<\/span><\/span> <span class=\"JLqJ4b ChMk0b\" data-language-for-alternatives=\"en\" data-language-to-translate-into=\"lv\" data-phrase-index=\"1\" data-number-of-phrases=\"2\"><span class=\"Q4iAWc\">Ra\u017eots no \u0113rta un m\u012bksta materi\u0101la, Wauw Capow dizains pie\u0161\u0137irt trendu jebkurai dienai.<\/span><\/span><\/p>\n","protected":false},"featured_media":26030,"template":"","meta":{"_acf_changed":false},"product_cat":[1180,1663,1665,1181,1182,1208,1655,1605,1674],"product_tag":[],"product-material":[],"product-type":[],"designers":[672],"class_list":{"0":"post-26033","1":"product","2":"type-product","3":"status-publish","4":"has-post-thumbnail","6":"product_cat-zidainu-apgerbs","7":"product_cat-jaundzimuso-drebites","8":"product_cat-zidainu-drebes","9":"product_cat-rapulisi-bodiji","10":"product_cat-zidainu-bodiji","11":"product_cat-zidaina-purins","12":"product_cat-jaunumi","13":"product_cat-izpardosana","14":"product_cat-sezonas-izpardosana","15":"designers-wauw-capow-lv","17":"first","18":"instock","19":"sale","20":"taxable","21":"shipping-taxable","22":"purchasable","23":"product-type-variable"},"acf":[],"yoast_head":"<!-- This site is optimized with the Yoast SEO Premium plugin v23.7 (Yoast SEO v23.7) - https:\/\/yoast.com\/wordpress\/plugins\/seo\/ -->\n<title>Elegants meite\u0146u roz\u0101 bodijs ar apkakl\u012bti &#8226; Petite Kingdom<\/title>\n<meta name=\"robots\" content=\"index, follow, max-snippet:-1, max-image-preview:large, max-video-preview:-1\" \/>\n<link rel=\"canonical\" href=\"https:\/\/petitekingdom.com\/shop\/sweet-baby-bodysuit-with-polka-dots\/\" \/>\n<meta property=\"og:locale\" content=\"lv_LV\" \/>\n<meta property=\"og:type\" content=\"article\" \/>\n<meta property=\"og:title\" content=\"Elegants meite\u0146u roz\u0101 bodijs ar apkakl\u012bti\" \/>\n<meta property=\"og:description\" content=\"Piem\u012bl\u012bgs meite\u0146u bodijs ar apkakl\u012bti un oran\u017e\u0101m pumpi\u0146\u0101m mazul\u012bti iepriecin\u0101s katru dienu. Ra\u017eots no \u0113rta un m\u012bksta materi\u0101la, Wauw Capow dizains pie\u0161\u0137irt trendu jebkurai dienai.\" \/>\n<meta property=\"og:url\" content=\"https:\/\/petitekingdom.com\/shop\/sweet-baby-bodysuit-with-polka-dots\/\" \/>\n<meta property=\"og:site_name\" content=\"Petite Kingdom\" \/>\n<meta property=\"article:publisher\" content=\"https:\/\/www.facebook.com\/Petite-Kingdom-114272640862559\" \/>\n<meta property=\"article:modified_time\" content=\"2024-01-21T22:00:43+00:00\" \/>\n<meta property=\"og:image\" content=\"https:\/\/petitekingdom.com\/wp-content\/uploads\/2022\/04\/sweet-baby-bodysuit-with-polka-dots-wauw-capow-by-bangbang.jpg\" \/>\n\t<meta property=\"og:image:width\" content=\"1536\" \/>\n\t<meta property=\"og:image:height\" content=\"1920\" \/>\n\t<meta property=\"og:image:type\" content=\"image\/jpeg\" \/>\n<meta name=\"twitter:card\" content=\"summary_large_image\" \/>\n<script type=\"application\/ld+json\" class=\"yoast-schema-graph\">{\"@context\":\"https:\/\/schema.org\",\"@graph\":[{\"@type\":\"WebPage\",\"@id\":\"https:\/\/petitekingdom.com\/shop\/sweet-baby-bodysuit-with-polka-dots\/\",\"url\":\"https:\/\/petitekingdom.com\/shop\/sweet-baby-bodysuit-with-polka-dots\/\",\"name\":\"Elegants meite\u0146u roz\u0101 bodijs ar apkakl\u012bti &#8226; Petite Kingdom\",\"isPartOf\":{\"@id\":\"https:\/\/petitekingdom.com\/#website\"},\"primaryImageOfPage\":{\"@id\":\"https:\/\/petitekingdom.com\/shop\/sweet-baby-bodysuit-with-polka-dots\/#primaryimage\"},\"image\":{\"@id\":\"https:\/\/petitekingdom.com\/shop\/sweet-baby-bodysuit-with-polka-dots\/#primaryimage\"},\"thumbnailUrl\":\"https:\/\/petitekingdom.com\/wp-content\/uploads\/2022\/04\/sweet-baby-bodysuit-with-polka-dots-wauw-capow-by-bangbang.jpg\",\"datePublished\":\"2022-04-10T14:23:04+00:00\",\"dateModified\":\"2024-01-21T22:00:43+00:00\",\"breadcrumb\":{\"@id\":\"https:\/\/petitekingdom.com\/shop\/sweet-baby-bodysuit-with-polka-dots\/#breadcrumb\"},\"inLanguage\":\"lv-LV\",\"potentialAction\":[{\"@type\":\"ReadAction\",\"target\":[\"https:\/\/petitekingdom.com\/shop\/sweet-baby-bodysuit-with-polka-dots\/\"]}]},{\"@type\":\"ImageObject\",\"inLanguage\":\"lv-LV\",\"@id\":\"https:\/\/petitekingdom.com\/shop\/sweet-baby-bodysuit-with-polka-dots\/#primaryimage\",\"url\":\"https:\/\/petitekingdom.com\/wp-content\/uploads\/2022\/04\/sweet-baby-bodysuit-with-polka-dots-wauw-capow-by-bangbang.jpg\",\"contentUrl\":\"https:\/\/petitekingdom.com\/wp-content\/uploads\/2022\/04\/sweet-baby-bodysuit-with-polka-dots-wauw-capow-by-bangbang.jpg\",\"width\":1536,\"height\":1920,\"caption\":\"Elegants meite\u0146u roz\u0101 bodijs ar apkakl\u012bti - WAUW CAPOW by Bangbang\"},{\"@type\":\"BreadcrumbList\",\"@id\":\"https:\/\/petitekingdom.com\/shop\/sweet-baby-bodysuit-with-polka-dots\/#breadcrumb\",\"itemListElement\":[{\"@type\":\"ListItem\",\"position\":1,\"name\":\"Home\",\"item\":\"https:\/\/petitekingdom.com\/lv\/\"},{\"@type\":\"ListItem\",\"position\":2,\"name\":\"Veikals\",\"item\":\"https:\/\/petitekingdom.com\/lv\/veikals\/\"},{\"@type\":\"ListItem\",\"position\":3,\"name\":\"Elegants meite\u0146u roz\u0101 bodijs ar apkakl\u012bti\"}]},{\"@type\":\"WebSite\",\"@id\":\"https:\/\/petitekingdom.com\/#website\",\"url\":\"https:\/\/petitekingdom.com\/\",\"name\":\"Petite Kingdom\",\"description\":\"B\u0113rnu izt\u0113lei nav robe\u017eu\",\"publisher\":{\"@id\":\"https:\/\/petitekingdom.com\/#organization\"},\"potentialAction\":[{\"@type\":\"SearchAction\",\"target\":{\"@type\":\"EntryPoint\",\"urlTemplate\":\"https:\/\/petitekingdom.com\/?s={search_term_string}\"},\"query-input\":{\"@type\":\"PropertyValueSpecification\",\"valueRequired\":true,\"valueName\":\"search_term_string\"}}],\"inLanguage\":\"lv-LV\"},{\"@type\":\"Organization\",\"@id\":\"https:\/\/petitekingdom.com\/#organization\",\"name\":\"Petite Kingdom\",\"url\":\"https:\/\/petitekingdom.com\/\",\"logo\":{\"@type\":\"ImageObject\",\"inLanguage\":\"lv-LV\",\"@id\":\"https:\/\/petitekingdom.com\/#\/schema\/logo\/image\/\",\"url\":\"https:\/\/petitekingdom.com\/wp-content\/uploads\/2021\/04\/PT_logo_blackPNG.png\",\"contentUrl\":\"https:\/\/petitekingdom.com\/wp-content\/uploads\/2021\/04\/PT_logo_blackPNG.png\",\"width\":1158,\"height\":500,\"caption\":\"Petite Kingdom\"},\"image\":{\"@id\":\"https:\/\/petitekingdom.com\/#\/schema\/logo\/image\/\"},\"sameAs\":[\"https:\/\/www.facebook.com\/Petite-Kingdom-114272640862559\",\"https:\/\/www.instagram.com\/petite_kingdom\/\"]}]}<\/script>\n<!-- \/ Yoast SEO Premium plugin. -->","yoast_head_json":{"title":"Elegants meite\u0146u roz\u0101 bodijs ar apkakl\u012bti &#8226; Petite Kingdom","robots":{"index":"index","follow":"follow","max-snippet":"max-snippet:-1","max-image-preview":"max-image-preview:large","max-video-preview":"max-video-preview:-1"},"canonical":"https:\/\/petitekingdom.com\/shop\/sweet-baby-bodysuit-with-polka-dots\/","og_locale":"lv_LV","og_type":"article","og_title":"Elegants meite\u0146u roz\u0101 bodijs ar apkakl\u012bti","og_description":"Piem\u012bl\u012bgs meite\u0146u bodijs ar apkakl\u012bti un oran\u017e\u0101m pumpi\u0146\u0101m mazul\u012bti iepriecin\u0101s katru dienu. Ra\u017eots no \u0113rta un m\u012bksta materi\u0101la, Wauw Capow dizains pie\u0161\u0137irt trendu jebkurai dienai.","og_url":"https:\/\/petitekingdom.com\/shop\/sweet-baby-bodysuit-with-polka-dots\/","og_site_name":"Petite Kingdom","article_publisher":"https:\/\/www.facebook.com\/Petite-Kingdom-114272640862559","article_modified_time":"2024-01-21T22:00:43+00:00","og_image":[{"width":1536,"height":1920,"url":"https:\/\/petitekingdom.com\/wp-content\/uploads\/2022\/04\/sweet-baby-bodysuit-with-polka-dots-wauw-capow-by-bangbang.jpg","type":"image\/jpeg"}],"twitter_card":"summary_large_image","schema":{"@context":"https:\/\/schema.org","@graph":[{"@type":"WebPage","@id":"https:\/\/petitekingdom.com\/shop\/sweet-baby-bodysuit-with-polka-dots\/","url":"https:\/\/petitekingdom.com\/shop\/sweet-baby-bodysuit-with-polka-dots\/","name":"Elegants meite\u0146u roz\u0101 bodijs ar apkakl\u012bti &#8226; Petite Kingdom","isPartOf":{"@id":"https:\/\/petitekingdom.com\/#website"},"primaryImageOfPage":{"@id":"https:\/\/petitekingdom.com\/shop\/sweet-baby-bodysuit-with-polka-dots\/#primaryimage"},"image":{"@id":"https:\/\/petitekingdom.com\/shop\/sweet-baby-bodysuit-with-polka-dots\/#primaryimage"},"thumbnailUrl":"https:\/\/petitekingdom.com\/wp-content\/uploads\/2022\/04\/sweet-baby-bodysuit-with-polka-dots-wauw-capow-by-bangbang.jpg","datePublished":"2022-04-10T14:23:04+00:00","dateModified":"2024-01-21T22:00:43+00:00","breadcrumb":{"@id":"https:\/\/petitekingdom.com\/shop\/sweet-baby-bodysuit-with-polka-dots\/#breadcrumb"},"inLanguage":"lv-LV","potentialAction":[{"@type":"ReadAction","target":["https:\/\/petitekingdom.com\/shop\/sweet-baby-bodysuit-with-polka-dots\/"]}]},{"@type":"ImageObject","inLanguage":"lv-LV","@id":"https:\/\/petitekingdom.com\/shop\/sweet-baby-bodysuit-with-polka-dots\/#primaryimage","url":"https:\/\/petitekingdom.com\/wp-content\/uploads\/2022\/04\/sweet-baby-bodysuit-with-polka-dots-wauw-capow-by-bangbang.jpg","contentUrl":"https:\/\/petitekingdom.com\/wp-content\/uploads\/2022\/04\/sweet-baby-bodysuit-with-polka-dots-wauw-capow-by-bangbang.jpg","width":1536,"height":1920,"caption":"Elegants meite\u0146u roz\u0101 bodijs ar apkakl\u012bti - WAUW CAPOW by Bangbang"},{"@type":"BreadcrumbList","@id":"https:\/\/petitekingdom.com\/shop\/sweet-baby-bodysuit-with-polka-dots\/#breadcrumb","itemListElement":[{"@type":"ListItem","position":1,"name":"Home","item":"https:\/\/petitekingdom.com\/lv\/"},{"@type":"ListItem","position":2,"name":"Veikals","item":"https:\/\/petitekingdom.com\/lv\/veikals\/"},{"@type":"ListItem","position":3,"name":"Elegants meite\u0146u roz\u0101 bodijs ar apkakl\u012bti"}]},{"@type":"WebSite","@id":"https:\/\/petitekingdom.com\/#website","url":"https:\/\/petitekingdom.com\/","name":"Petite Kingdom","description":"B\u0113rnu izt\u0113lei nav robe\u017eu","publisher":{"@id":"https:\/\/petitekingdom.com\/#organization"},"potentialAction":[{"@type":"SearchAction","target":{"@type":"EntryPoint","urlTemplate":"https:\/\/petitekingdom.com\/?s={search_term_string}"},"query-input":{"@type":"PropertyValueSpecification","valueRequired":true,"valueName":"search_term_string"}}],"inLanguage":"lv-LV"},{"@type":"Organization","@id":"https:\/\/petitekingdom.com\/#organization","name":"Petite Kingdom","url":"https:\/\/petitekingdom.com\/","logo":{"@type":"ImageObject","inLanguage":"lv-LV","@id":"https:\/\/petitekingdom.com\/#\/schema\/logo\/image\/","url":"https:\/\/petitekingdom.com\/wp-content\/uploads\/2021\/04\/PT_logo_blackPNG.png","contentUrl":"https:\/\/petitekingdom.com\/wp-content\/uploads\/2021\/04\/PT_logo_blackPNG.png","width":1158,"height":500,"caption":"Petite Kingdom"},"image":{"@id":"https:\/\/petitekingdom.com\/#\/schema\/logo\/image\/"},"sameAs":["https:\/\/www.facebook.com\/Petite-Kingdom-114272640862559","https:\/\/www.instagram.com\/petite_kingdom\/"]}]}},"_links":{"self":[{"href":"https:\/\/petitekingdom.com\/lv\/wp-json\/wp\/v2\/product\/26033"}],"collection":[{"href":"https:\/\/petitekingdom.com\/lv\/wp-json\/wp\/v2\/product"}],"about":[{"href":"https:\/\/petitekingdom.com\/lv\/wp-json\/wp\/v2\/types\/product"}],"wp:featuredmedia":[{"embeddable":true,"href":"https:\/\/petitekingdom.com\/lv\/wp-json\/wp\/v2\/media\/26030"}],"wp:attachment":[{"href":"https:\/\/petitekingdom.com\/lv\/wp-json\/wp\/v2\/media?parent=26033"}],"wp:term":[{"taxonomy":"product_cat","embeddable":true,"href":"https:\/\/petitekingdom.com\/lv\/wp-json\/wp\/v2\/product_cat?post=26033"},{"taxonomy":"product_tag","embeddable":true,"href":"https:\/\/petitekingdom.com\/lv\/wp-json\/wp\/v2\/product_tag?post=26033"},{"taxonomy":"product-material","embeddable":true,"href":"https:\/\/petitekingdom.com\/lv\/wp-json\/wp\/v2\/product-material?post=26033"},{"taxonomy":"product-type","embeddable":true,"href":"https:\/\/petitekingdom.com\/lv\/wp-json\/wp\/v2\/product-type?post=26033"},{"taxonomy":"designers","embeddable":true,"href":"https:\/\/petitekingdom.com\/lv\/wp-json\/wp\/v2\/designers?post=26033"}],"curies":[{"name":"wp","href":"https:\/\/api.w.org\/{rel}","templated":true}]}}