{"id":25816,"date":"2022-04-09T15:45:36","date_gmt":"2022-04-09T12:48:50","guid":{"rendered":"https:\/\/petitekingdom.com\/shop\/uncategorized\/peleks-zenu-t-krekls-ar-ziloni\/"},"modified":"2024-01-22T00:00:42","modified_gmt":"2024-01-21T22:00:42","slug":"peleks-zenu-t-krekls-ar-ziloni","status":"publish","type":"product","link":"https:\/\/petitekingdom.com\/lv\/veikals\/peleks-zenu-t-krekls-ar-ziloni\/","title":{"rendered":"Pel\u0113ks z\u0113nu T-krekls ar ziloni"},"content":{"rendered":"<ul>\n<li>T-krekls: 95% Organiska kokvilna 5% Spandeks<\/li>\n<li>Zilonis: 100% Poliesters<\/li>\n<li>Ra\u017eots Eirop\u0101<\/li>\n<\/ul>\n","protected":false},"excerpt":{"rendered":"<p><span class=\"JLqJ4b ChMk0b\" data-language-for-alternatives=\"en\" data-language-to-translate-into=\"lv\" data-phrase-index=\"0\" data-number-of-phrases=\"2\"><span class=\"Q4iAWc\">\u0160is pel\u0113kais z\u0113nu T-krekls ar ziloni ir ra\u017eots no organiskas kokvilnas.<\/span><\/span> <span class=\"JLqJ4b ChMk0b\" data-language-for-alternatives=\"en\" data-language-to-translate-into=\"lv\" data-phrase-index=\"1\" data-number-of-phrases=\"2\"><span class=\"Q4iAWc\">Wauw Capow z\u012bmols zina k\u0101 T-krekliem pie\u0161\u0137irt stilu, lai nedaud\u0113tu ar\u012b \u0113rtumu un praktiskumu.<\/span><\/span><\/p>\n","protected":false},"featured_media":25811,"template":"","meta":{"_acf_changed":false},"product_cat":[1180,1663,1665,1254,1255,1187,1261,1262,1655,1605,1674],"product_tag":[],"product-material":[],"product-type":[],"designers":[672],"class_list":{"0":"post-25816","1":"product","2":"type-product","3":"status-publish","4":"has-post-thumbnail","6":"product_cat-zidainu-apgerbs","7":"product_cat-jaundzimuso-drebites","8":"product_cat-zidainu-drebes","9":"product_cat-kreklini-bluzes-zidainiem","10":"product_cat-zidainu-tkrekli","11":"product_cat-zeni","12":"product_cat-krekli-tkrekli-zeniem","13":"product_cat-zenu-tkrekli","14":"product_cat-jaunumi","15":"product_cat-izpardosana","16":"product_cat-sezonas-izpardosana","17":"designers-wauw-capow-lv","19":"first","20":"instock","21":"sale","22":"taxable","23":"shipping-taxable","24":"purchasable","25":"product-type-variable"},"acf":[],"yoast_head":"<!-- This site is optimized with the Yoast SEO Premium plugin v23.7 (Yoast SEO v23.7) - https:\/\/yoast.com\/wordpress\/plugins\/seo\/ -->\n<title>Pel\u0113ks z\u0113nu T-krekls ar ziloni &#8226; Petite Kingdom<\/title>\n<meta name=\"robots\" content=\"index, follow, max-snippet:-1, max-image-preview:large, max-video-preview:-1\" \/>\n<link rel=\"canonical\" href=\"https:\/\/petitekingdom.com\/shop\/boys-grey-elephant-t-shirt\/\" \/>\n<meta property=\"og:locale\" content=\"lv_LV\" \/>\n<meta property=\"og:type\" content=\"article\" \/>\n<meta property=\"og:title\" content=\"Pel\u0113ks z\u0113nu T-krekls ar ziloni\" \/>\n<meta property=\"og:description\" content=\"\u0160is pel\u0113kais z\u0113nu T-krekls ar ziloni ir ra\u017eots no organiskas kokvilnas. Wauw Capow z\u012bmols zina k\u0101 T-krekliem pie\u0161\u0137irt stilu, lai nedaud\u0113tu ar\u012b \u0113rtumu un praktiskumu.\" \/>\n<meta property=\"og:url\" content=\"https:\/\/petitekingdom.com\/shop\/boys-grey-elephant-t-shirt\/\" \/>\n<meta property=\"og:site_name\" content=\"Petite Kingdom\" \/>\n<meta property=\"article:publisher\" content=\"https:\/\/www.facebook.com\/Petite-Kingdom-114272640862559\" \/>\n<meta property=\"article:modified_time\" content=\"2024-01-21T22:00:42+00:00\" \/>\n<meta property=\"og:image\" content=\"https:\/\/petitekingdom.com\/wp-content\/uploads\/2022\/04\/boys-grey-elephant-t-shirt-wauw-capow-by-bangbang.jpg\" \/>\n\t<meta property=\"og:image:width\" content=\"1536\" \/>\n\t<meta property=\"og:image:height\" content=\"1920\" \/>\n\t<meta property=\"og:image:type\" content=\"image\/jpeg\" \/>\n<meta name=\"twitter:card\" content=\"summary_large_image\" \/>\n<script type=\"application\/ld+json\" class=\"yoast-schema-graph\">{\"@context\":\"https:\/\/schema.org\",\"@graph\":[{\"@type\":\"WebPage\",\"@id\":\"https:\/\/petitekingdom.com\/shop\/boys-grey-elephant-t-shirt\/\",\"url\":\"https:\/\/petitekingdom.com\/shop\/boys-grey-elephant-t-shirt\/\",\"name\":\"Pel\u0113ks z\u0113nu T-krekls ar ziloni &#8226; Petite Kingdom\",\"isPartOf\":{\"@id\":\"https:\/\/petitekingdom.com\/#website\"},\"primaryImageOfPage\":{\"@id\":\"https:\/\/petitekingdom.com\/shop\/boys-grey-elephant-t-shirt\/#primaryimage\"},\"image\":{\"@id\":\"https:\/\/petitekingdom.com\/shop\/boys-grey-elephant-t-shirt\/#primaryimage\"},\"thumbnailUrl\":\"https:\/\/petitekingdom.com\/wp-content\/uploads\/2022\/04\/boys-grey-elephant-t-shirt-wauw-capow-by-bangbang.jpg\",\"datePublished\":\"2022-04-09T12:48:50+00:00\",\"dateModified\":\"2024-01-21T22:00:42+00:00\",\"breadcrumb\":{\"@id\":\"https:\/\/petitekingdom.com\/shop\/boys-grey-elephant-t-shirt\/#breadcrumb\"},\"inLanguage\":\"lv-LV\",\"potentialAction\":[{\"@type\":\"ReadAction\",\"target\":[\"https:\/\/petitekingdom.com\/shop\/boys-grey-elephant-t-shirt\/\"]}]},{\"@type\":\"ImageObject\",\"inLanguage\":\"lv-LV\",\"@id\":\"https:\/\/petitekingdom.com\/shop\/boys-grey-elephant-t-shirt\/#primaryimage\",\"url\":\"https:\/\/petitekingdom.com\/wp-content\/uploads\/2022\/04\/boys-grey-elephant-t-shirt-wauw-capow-by-bangbang.jpg\",\"contentUrl\":\"https:\/\/petitekingdom.com\/wp-content\/uploads\/2022\/04\/boys-grey-elephant-t-shirt-wauw-capow-by-bangbang.jpg\",\"width\":1536,\"height\":1920,\"caption\":\"Boys Grey Elephant T-Shirt - WAUW CAPOW by Bangbang\"},{\"@type\":\"BreadcrumbList\",\"@id\":\"https:\/\/petitekingdom.com\/shop\/boys-grey-elephant-t-shirt\/#breadcrumb\",\"itemListElement\":[{\"@type\":\"ListItem\",\"position\":1,\"name\":\"Home\",\"item\":\"https:\/\/petitekingdom.com\/lv\/\"},{\"@type\":\"ListItem\",\"position\":2,\"name\":\"Veikals\",\"item\":\"https:\/\/petitekingdom.com\/lv\/veikals\/\"},{\"@type\":\"ListItem\",\"position\":3,\"name\":\"Pel\u0113ks z\u0113nu T-krekls ar ziloni\"}]},{\"@type\":\"WebSite\",\"@id\":\"https:\/\/petitekingdom.com\/#website\",\"url\":\"https:\/\/petitekingdom.com\/\",\"name\":\"Petite Kingdom\",\"description\":\"B\u0113rnu izt\u0113lei nav robe\u017eu\",\"publisher\":{\"@id\":\"https:\/\/petitekingdom.com\/#organization\"},\"potentialAction\":[{\"@type\":\"SearchAction\",\"target\":{\"@type\":\"EntryPoint\",\"urlTemplate\":\"https:\/\/petitekingdom.com\/?s={search_term_string}\"},\"query-input\":{\"@type\":\"PropertyValueSpecification\",\"valueRequired\":true,\"valueName\":\"search_term_string\"}}],\"inLanguage\":\"lv-LV\"},{\"@type\":\"Organization\",\"@id\":\"https:\/\/petitekingdom.com\/#organization\",\"name\":\"Petite Kingdom\",\"url\":\"https:\/\/petitekingdom.com\/\",\"logo\":{\"@type\":\"ImageObject\",\"inLanguage\":\"lv-LV\",\"@id\":\"https:\/\/petitekingdom.com\/#\/schema\/logo\/image\/\",\"url\":\"https:\/\/petitekingdom.com\/wp-content\/uploads\/2021\/04\/PT_logo_blackPNG.png\",\"contentUrl\":\"https:\/\/petitekingdom.com\/wp-content\/uploads\/2021\/04\/PT_logo_blackPNG.png\",\"width\":1158,\"height\":500,\"caption\":\"Petite Kingdom\"},\"image\":{\"@id\":\"https:\/\/petitekingdom.com\/#\/schema\/logo\/image\/\"},\"sameAs\":[\"https:\/\/www.facebook.com\/Petite-Kingdom-114272640862559\",\"https:\/\/www.instagram.com\/petite_kingdom\/\"]}]}<\/script>\n<!-- \/ Yoast SEO Premium plugin. -->","yoast_head_json":{"title":"Pel\u0113ks z\u0113nu T-krekls ar ziloni &#8226; Petite Kingdom","robots":{"index":"index","follow":"follow","max-snippet":"max-snippet:-1","max-image-preview":"max-image-preview:large","max-video-preview":"max-video-preview:-1"},"canonical":"https:\/\/petitekingdom.com\/shop\/boys-grey-elephant-t-shirt\/","og_locale":"lv_LV","og_type":"article","og_title":"Pel\u0113ks z\u0113nu T-krekls ar ziloni","og_description":"\u0160is pel\u0113kais z\u0113nu T-krekls ar ziloni ir ra\u017eots no organiskas kokvilnas. Wauw Capow z\u012bmols zina k\u0101 T-krekliem pie\u0161\u0137irt stilu, lai nedaud\u0113tu ar\u012b \u0113rtumu un praktiskumu.","og_url":"https:\/\/petitekingdom.com\/shop\/boys-grey-elephant-t-shirt\/","og_site_name":"Petite Kingdom","article_publisher":"https:\/\/www.facebook.com\/Petite-Kingdom-114272640862559","article_modified_time":"2024-01-21T22:00:42+00:00","og_image":[{"width":1536,"height":1920,"url":"https:\/\/petitekingdom.com\/wp-content\/uploads\/2022\/04\/boys-grey-elephant-t-shirt-wauw-capow-by-bangbang.jpg","type":"image\/jpeg"}],"twitter_card":"summary_large_image","schema":{"@context":"https:\/\/schema.org","@graph":[{"@type":"WebPage","@id":"https:\/\/petitekingdom.com\/shop\/boys-grey-elephant-t-shirt\/","url":"https:\/\/petitekingdom.com\/shop\/boys-grey-elephant-t-shirt\/","name":"Pel\u0113ks z\u0113nu T-krekls ar ziloni &#8226; Petite Kingdom","isPartOf":{"@id":"https:\/\/petitekingdom.com\/#website"},"primaryImageOfPage":{"@id":"https:\/\/petitekingdom.com\/shop\/boys-grey-elephant-t-shirt\/#primaryimage"},"image":{"@id":"https:\/\/petitekingdom.com\/shop\/boys-grey-elephant-t-shirt\/#primaryimage"},"thumbnailUrl":"https:\/\/petitekingdom.com\/wp-content\/uploads\/2022\/04\/boys-grey-elephant-t-shirt-wauw-capow-by-bangbang.jpg","datePublished":"2022-04-09T12:48:50+00:00","dateModified":"2024-01-21T22:00:42+00:00","breadcrumb":{"@id":"https:\/\/petitekingdom.com\/shop\/boys-grey-elephant-t-shirt\/#breadcrumb"},"inLanguage":"lv-LV","potentialAction":[{"@type":"ReadAction","target":["https:\/\/petitekingdom.com\/shop\/boys-grey-elephant-t-shirt\/"]}]},{"@type":"ImageObject","inLanguage":"lv-LV","@id":"https:\/\/petitekingdom.com\/shop\/boys-grey-elephant-t-shirt\/#primaryimage","url":"https:\/\/petitekingdom.com\/wp-content\/uploads\/2022\/04\/boys-grey-elephant-t-shirt-wauw-capow-by-bangbang.jpg","contentUrl":"https:\/\/petitekingdom.com\/wp-content\/uploads\/2022\/04\/boys-grey-elephant-t-shirt-wauw-capow-by-bangbang.jpg","width":1536,"height":1920,"caption":"Boys Grey Elephant T-Shirt - WAUW CAPOW by Bangbang"},{"@type":"BreadcrumbList","@id":"https:\/\/petitekingdom.com\/shop\/boys-grey-elephant-t-shirt\/#breadcrumb","itemListElement":[{"@type":"ListItem","position":1,"name":"Home","item":"https:\/\/petitekingdom.com\/lv\/"},{"@type":"ListItem","position":2,"name":"Veikals","item":"https:\/\/petitekingdom.com\/lv\/veikals\/"},{"@type":"ListItem","position":3,"name":"Pel\u0113ks z\u0113nu T-krekls ar ziloni"}]},{"@type":"WebSite","@id":"https:\/\/petitekingdom.com\/#website","url":"https:\/\/petitekingdom.com\/","name":"Petite Kingdom","description":"B\u0113rnu izt\u0113lei nav robe\u017eu","publisher":{"@id":"https:\/\/petitekingdom.com\/#organization"},"potentialAction":[{"@type":"SearchAction","target":{"@type":"EntryPoint","urlTemplate":"https:\/\/petitekingdom.com\/?s={search_term_string}"},"query-input":{"@type":"PropertyValueSpecification","valueRequired":true,"valueName":"search_term_string"}}],"inLanguage":"lv-LV"},{"@type":"Organization","@id":"https:\/\/petitekingdom.com\/#organization","name":"Petite Kingdom","url":"https:\/\/petitekingdom.com\/","logo":{"@type":"ImageObject","inLanguage":"lv-LV","@id":"https:\/\/petitekingdom.com\/#\/schema\/logo\/image\/","url":"https:\/\/petitekingdom.com\/wp-content\/uploads\/2021\/04\/PT_logo_blackPNG.png","contentUrl":"https:\/\/petitekingdom.com\/wp-content\/uploads\/2021\/04\/PT_logo_blackPNG.png","width":1158,"height":500,"caption":"Petite Kingdom"},"image":{"@id":"https:\/\/petitekingdom.com\/#\/schema\/logo\/image\/"},"sameAs":["https:\/\/www.facebook.com\/Petite-Kingdom-114272640862559","https:\/\/www.instagram.com\/petite_kingdom\/"]}]}},"_links":{"self":[{"href":"https:\/\/petitekingdom.com\/lv\/wp-json\/wp\/v2\/product\/25816"}],"collection":[{"href":"https:\/\/petitekingdom.com\/lv\/wp-json\/wp\/v2\/product"}],"about":[{"href":"https:\/\/petitekingdom.com\/lv\/wp-json\/wp\/v2\/types\/product"}],"wp:featuredmedia":[{"embeddable":true,"href":"https:\/\/petitekingdom.com\/lv\/wp-json\/wp\/v2\/media\/25811"}],"wp:attachment":[{"href":"https:\/\/petitekingdom.com\/lv\/wp-json\/wp\/v2\/media?parent=25816"}],"wp:term":[{"taxonomy":"product_cat","embeddable":true,"href":"https:\/\/petitekingdom.com\/lv\/wp-json\/wp\/v2\/product_cat?post=25816"},{"taxonomy":"product_tag","embeddable":true,"href":"https:\/\/petitekingdom.com\/lv\/wp-json\/wp\/v2\/product_tag?post=25816"},{"taxonomy":"product-material","embeddable":true,"href":"https:\/\/petitekingdom.com\/lv\/wp-json\/wp\/v2\/product-material?post=25816"},{"taxonomy":"product-type","embeddable":true,"href":"https:\/\/petitekingdom.com\/lv\/wp-json\/wp\/v2\/product-type?post=25816"},{"taxonomy":"designers","embeddable":true,"href":"https:\/\/petitekingdom.com\/lv\/wp-json\/wp\/v2\/designers?post=25816"}],"curies":[{"name":"wp","href":"https:\/\/api.w.org\/{rel}","templated":true}]}}