{"id":25216,"date":"2022-03-17T11:53:42","date_gmt":"2022-03-17T09:58:50","guid":{"rendered":"https:\/\/petitekingdom.com\/shop\/uncategorized\/zidainu-roza-rapulitis-ar-zvaizgnitem\/"},"modified":"2022-03-17T11:59:38","modified_gmt":"2022-03-17T09:59:38","slug":"zidainu-roza-rapulitis-ar-zvaizgnitem","status":"publish","type":"product","link":"https:\/\/petitekingdom.com\/lv\/veikals\/zidainu-roza-rapulitis-ar-zvaizgnitem\/","title":{"rendered":"Z\u012bdai\u0146u roz\u0101 r\u0101pul\u012btis ar zvaizgn\u012bt\u0113m"},"content":{"rendered":"<p>\u0160\u012b univers\u0101lais r\u0101pul\u012btis ir lieliski piem\u0113rots ar\u012b gul\u0113\u0161anai. P\u0101r\u0123\u0113rb\u0161an\u0101s ir vienk\u0101r\u0161a, pateicoties gludajiem spiedpog\u0101m uz pleciem un k\u0101j\u0101m. Zvaigznes un ziedu apdruka ir piem\u0113rota ar\u012b \u012bpa\u0161iem gad\u012bjumiem. Pat p\u016bkainais Steiff Teddy l\u0101c\u012btis izskat\u0101s gudrs. Ide\u0101ls ap\u0123\u0113rbs!<\/p>\n<ul>\n<li>95 % Kokvilna 5 % Likra<\/li>\n<li>Mazg\u0101t ve\u013casma\u0161\u012bn\u0101 40*C<\/li>\n<\/ul>\n","protected":false},"excerpt":{"rendered":"<p>\u0160is klasiskais r\u0101pul\u012btis ir silts un m\u0101j\u012bgs ikdienas valk\u0101\u0161anas elements. Br\u012bvs piegriezums un \u012bpa\u0161i m\u012bksts kokvilnas audums \u013cauj zin\u0101tk\u0101riem p\u0113tniekiem sp\u0113l\u0113ties un atp\u016bsties bez ierobe\u017eojumiem.<\/p>\n","protected":false},"featured_media":25206,"template":"","meta":{"_acf_changed":false},"product_cat":[1180,1663,1665,1207,1181,1209,1208,1655,1674],"product_tag":[],"product-material":[],"product-type":[],"designers":[1624],"class_list":{"0":"post-25216","1":"product","2":"type-product","3":"status-publish","4":"has-post-thumbnail","6":"product_cat-zidainu-apgerbs","7":"product_cat-jaundzimuso-drebites","8":"product_cat-zidainu-drebes","9":"product_cat-zidainu-komplekti","10":"product_cat-rapulisi-bodiji","11":"product_cat-zidainu-rapulisi","12":"product_cat-zidaina-purins","13":"product_cat-jaunumi","14":"product_cat-sezonas-izpardosana","15":"designers-steiff-lv","17":"first","18":"instock","19":"sale","20":"taxable","21":"shipping-taxable","22":"purchasable","23":"product-type-variable"},"acf":[],"yoast_head":"<!-- This site is optimized with the Yoast SEO Premium plugin v23.7 (Yoast SEO v23.7) - https:\/\/yoast.com\/wordpress\/plugins\/seo\/ -->\n<title>Z\u012bdai\u0146u roz\u0101 r\u0101pul\u012btis ar zvaizgn\u012bt\u0113m &#8226; Petite Kingdom<\/title>\n<meta name=\"robots\" content=\"index, follow, max-snippet:-1, max-image-preview:large, max-video-preview:-1\" \/>\n<link rel=\"canonical\" href=\"https:\/\/petitekingdom.com\/shop\/baby-girls-pink-romper-with-stars\/\" \/>\n<meta property=\"og:locale\" content=\"lv_LV\" \/>\n<meta property=\"og:type\" content=\"article\" \/>\n<meta property=\"og:title\" content=\"Z\u012bdai\u0146u roz\u0101 r\u0101pul\u012btis ar zvaizgn\u012bt\u0113m\" \/>\n<meta property=\"og:description\" content=\"\u0160is klasiskais r\u0101pul\u012btis ir silts un m\u0101j\u012bgs ikdienas valk\u0101\u0161anas elements. Br\u012bvs piegriezums un \u012bpa\u0161i m\u012bksts kokvilnas audums \u013cauj zin\u0101tk\u0101riem p\u0113tniekiem sp\u0113l\u0113ties un atp\u016bsties bez ierobe\u017eojumiem.\" \/>\n<meta property=\"og:url\" content=\"https:\/\/petitekingdom.com\/shop\/baby-girls-pink-romper-with-stars\/\" \/>\n<meta property=\"og:site_name\" content=\"Petite Kingdom\" \/>\n<meta property=\"article:publisher\" content=\"https:\/\/www.facebook.com\/Petite-Kingdom-114272640862559\" \/>\n<meta property=\"article:modified_time\" content=\"2022-03-17T09:59:38+00:00\" \/>\n<meta property=\"og:image\" content=\"https:\/\/petitekingdom.com\/wp-content\/uploads\/2022\/03\/baby-girls-pink-romper-with-stars-steiff.jpg\" \/>\n\t<meta property=\"og:image:width\" content=\"1920\" \/>\n\t<meta property=\"og:image:height\" content=\"1920\" \/>\n\t<meta property=\"og:image:type\" content=\"image\/jpeg\" \/>\n<meta name=\"twitter:card\" content=\"summary_large_image\" \/>\n<script type=\"application\/ld+json\" class=\"yoast-schema-graph\">{\"@context\":\"https:\/\/schema.org\",\"@graph\":[{\"@type\":\"WebPage\",\"@id\":\"https:\/\/petitekingdom.com\/shop\/baby-girls-pink-romper-with-stars\/\",\"url\":\"https:\/\/petitekingdom.com\/shop\/baby-girls-pink-romper-with-stars\/\",\"name\":\"Z\u012bdai\u0146u roz\u0101 r\u0101pul\u012btis ar zvaizgn\u012bt\u0113m &#8226; Petite Kingdom\",\"isPartOf\":{\"@id\":\"https:\/\/petitekingdom.com\/#website\"},\"primaryImageOfPage\":{\"@id\":\"https:\/\/petitekingdom.com\/shop\/baby-girls-pink-romper-with-stars\/#primaryimage\"},\"image\":{\"@id\":\"https:\/\/petitekingdom.com\/shop\/baby-girls-pink-romper-with-stars\/#primaryimage\"},\"thumbnailUrl\":\"https:\/\/petitekingdom.com\/wp-content\/uploads\/2022\/03\/baby-girls-pink-romper-with-stars-steiff.jpg\",\"datePublished\":\"2022-03-17T09:58:50+00:00\",\"dateModified\":\"2022-03-17T09:59:38+00:00\",\"breadcrumb\":{\"@id\":\"https:\/\/petitekingdom.com\/shop\/baby-girls-pink-romper-with-stars\/#breadcrumb\"},\"inLanguage\":\"lv-LV\",\"potentialAction\":[{\"@type\":\"ReadAction\",\"target\":[\"https:\/\/petitekingdom.com\/shop\/baby-girls-pink-romper-with-stars\/\"]}]},{\"@type\":\"ImageObject\",\"inLanguage\":\"lv-LV\",\"@id\":\"https:\/\/petitekingdom.com\/shop\/baby-girls-pink-romper-with-stars\/#primaryimage\",\"url\":\"https:\/\/petitekingdom.com\/wp-content\/uploads\/2022\/03\/baby-girls-pink-romper-with-stars-steiff.jpg\",\"contentUrl\":\"https:\/\/petitekingdom.com\/wp-content\/uploads\/2022\/03\/baby-girls-pink-romper-with-stars-steiff.jpg\",\"width\":1920,\"height\":1920,\"caption\":\"Z\u012bdai\u0146u roz\u0101 r\u0101pul\u012btis ar zvaizgn\u012bt\u0113m - Steiff\"},{\"@type\":\"BreadcrumbList\",\"@id\":\"https:\/\/petitekingdom.com\/shop\/baby-girls-pink-romper-with-stars\/#breadcrumb\",\"itemListElement\":[{\"@type\":\"ListItem\",\"position\":1,\"name\":\"Home\",\"item\":\"https:\/\/petitekingdom.com\/lv\/\"},{\"@type\":\"ListItem\",\"position\":2,\"name\":\"Veikals\",\"item\":\"https:\/\/petitekingdom.com\/lv\/veikals\/\"},{\"@type\":\"ListItem\",\"position\":3,\"name\":\"Z\u012bdai\u0146u roz\u0101 r\u0101pul\u012btis ar zvaizgn\u012bt\u0113m\"}]},{\"@type\":\"WebSite\",\"@id\":\"https:\/\/petitekingdom.com\/#website\",\"url\":\"https:\/\/petitekingdom.com\/\",\"name\":\"Petite Kingdom\",\"description\":\"B\u0113rnu izt\u0113lei nav robe\u017eu\",\"publisher\":{\"@id\":\"https:\/\/petitekingdom.com\/#organization\"},\"potentialAction\":[{\"@type\":\"SearchAction\",\"target\":{\"@type\":\"EntryPoint\",\"urlTemplate\":\"https:\/\/petitekingdom.com\/?s={search_term_string}\"},\"query-input\":{\"@type\":\"PropertyValueSpecification\",\"valueRequired\":true,\"valueName\":\"search_term_string\"}}],\"inLanguage\":\"lv-LV\"},{\"@type\":\"Organization\",\"@id\":\"https:\/\/petitekingdom.com\/#organization\",\"name\":\"Petite Kingdom\",\"url\":\"https:\/\/petitekingdom.com\/\",\"logo\":{\"@type\":\"ImageObject\",\"inLanguage\":\"lv-LV\",\"@id\":\"https:\/\/petitekingdom.com\/#\/schema\/logo\/image\/\",\"url\":\"https:\/\/petitekingdom.com\/wp-content\/uploads\/2021\/04\/PT_logo_blackPNG.png\",\"contentUrl\":\"https:\/\/petitekingdom.com\/wp-content\/uploads\/2021\/04\/PT_logo_blackPNG.png\",\"width\":1158,\"height\":500,\"caption\":\"Petite Kingdom\"},\"image\":{\"@id\":\"https:\/\/petitekingdom.com\/#\/schema\/logo\/image\/\"},\"sameAs\":[\"https:\/\/www.facebook.com\/Petite-Kingdom-114272640862559\",\"https:\/\/www.instagram.com\/petite_kingdom\/\"]}]}<\/script>\n<!-- \/ Yoast SEO Premium plugin. -->","yoast_head_json":{"title":"Z\u012bdai\u0146u roz\u0101 r\u0101pul\u012btis ar zvaizgn\u012bt\u0113m &#8226; Petite Kingdom","robots":{"index":"index","follow":"follow","max-snippet":"max-snippet:-1","max-image-preview":"max-image-preview:large","max-video-preview":"max-video-preview:-1"},"canonical":"https:\/\/petitekingdom.com\/shop\/baby-girls-pink-romper-with-stars\/","og_locale":"lv_LV","og_type":"article","og_title":"Z\u012bdai\u0146u roz\u0101 r\u0101pul\u012btis ar zvaizgn\u012bt\u0113m","og_description":"\u0160is klasiskais r\u0101pul\u012btis ir silts un m\u0101j\u012bgs ikdienas valk\u0101\u0161anas elements. Br\u012bvs piegriezums un \u012bpa\u0161i m\u012bksts kokvilnas audums \u013cauj zin\u0101tk\u0101riem p\u0113tniekiem sp\u0113l\u0113ties un atp\u016bsties bez ierobe\u017eojumiem.","og_url":"https:\/\/petitekingdom.com\/shop\/baby-girls-pink-romper-with-stars\/","og_site_name":"Petite Kingdom","article_publisher":"https:\/\/www.facebook.com\/Petite-Kingdom-114272640862559","article_modified_time":"2022-03-17T09:59:38+00:00","og_image":[{"width":1920,"height":1920,"url":"https:\/\/petitekingdom.com\/wp-content\/uploads\/2022\/03\/baby-girls-pink-romper-with-stars-steiff.jpg","type":"image\/jpeg"}],"twitter_card":"summary_large_image","schema":{"@context":"https:\/\/schema.org","@graph":[{"@type":"WebPage","@id":"https:\/\/petitekingdom.com\/shop\/baby-girls-pink-romper-with-stars\/","url":"https:\/\/petitekingdom.com\/shop\/baby-girls-pink-romper-with-stars\/","name":"Z\u012bdai\u0146u roz\u0101 r\u0101pul\u012btis ar zvaizgn\u012bt\u0113m &#8226; Petite Kingdom","isPartOf":{"@id":"https:\/\/petitekingdom.com\/#website"},"primaryImageOfPage":{"@id":"https:\/\/petitekingdom.com\/shop\/baby-girls-pink-romper-with-stars\/#primaryimage"},"image":{"@id":"https:\/\/petitekingdom.com\/shop\/baby-girls-pink-romper-with-stars\/#primaryimage"},"thumbnailUrl":"https:\/\/petitekingdom.com\/wp-content\/uploads\/2022\/03\/baby-girls-pink-romper-with-stars-steiff.jpg","datePublished":"2022-03-17T09:58:50+00:00","dateModified":"2022-03-17T09:59:38+00:00","breadcrumb":{"@id":"https:\/\/petitekingdom.com\/shop\/baby-girls-pink-romper-with-stars\/#breadcrumb"},"inLanguage":"lv-LV","potentialAction":[{"@type":"ReadAction","target":["https:\/\/petitekingdom.com\/shop\/baby-girls-pink-romper-with-stars\/"]}]},{"@type":"ImageObject","inLanguage":"lv-LV","@id":"https:\/\/petitekingdom.com\/shop\/baby-girls-pink-romper-with-stars\/#primaryimage","url":"https:\/\/petitekingdom.com\/wp-content\/uploads\/2022\/03\/baby-girls-pink-romper-with-stars-steiff.jpg","contentUrl":"https:\/\/petitekingdom.com\/wp-content\/uploads\/2022\/03\/baby-girls-pink-romper-with-stars-steiff.jpg","width":1920,"height":1920,"caption":"Z\u012bdai\u0146u roz\u0101 r\u0101pul\u012btis ar zvaizgn\u012bt\u0113m - Steiff"},{"@type":"BreadcrumbList","@id":"https:\/\/petitekingdom.com\/shop\/baby-girls-pink-romper-with-stars\/#breadcrumb","itemListElement":[{"@type":"ListItem","position":1,"name":"Home","item":"https:\/\/petitekingdom.com\/lv\/"},{"@type":"ListItem","position":2,"name":"Veikals","item":"https:\/\/petitekingdom.com\/lv\/veikals\/"},{"@type":"ListItem","position":3,"name":"Z\u012bdai\u0146u roz\u0101 r\u0101pul\u012btis ar zvaizgn\u012bt\u0113m"}]},{"@type":"WebSite","@id":"https:\/\/petitekingdom.com\/#website","url":"https:\/\/petitekingdom.com\/","name":"Petite Kingdom","description":"B\u0113rnu izt\u0113lei nav robe\u017eu","publisher":{"@id":"https:\/\/petitekingdom.com\/#organization"},"potentialAction":[{"@type":"SearchAction","target":{"@type":"EntryPoint","urlTemplate":"https:\/\/petitekingdom.com\/?s={search_term_string}"},"query-input":{"@type":"PropertyValueSpecification","valueRequired":true,"valueName":"search_term_string"}}],"inLanguage":"lv-LV"},{"@type":"Organization","@id":"https:\/\/petitekingdom.com\/#organization","name":"Petite Kingdom","url":"https:\/\/petitekingdom.com\/","logo":{"@type":"ImageObject","inLanguage":"lv-LV","@id":"https:\/\/petitekingdom.com\/#\/schema\/logo\/image\/","url":"https:\/\/petitekingdom.com\/wp-content\/uploads\/2021\/04\/PT_logo_blackPNG.png","contentUrl":"https:\/\/petitekingdom.com\/wp-content\/uploads\/2021\/04\/PT_logo_blackPNG.png","width":1158,"height":500,"caption":"Petite Kingdom"},"image":{"@id":"https:\/\/petitekingdom.com\/#\/schema\/logo\/image\/"},"sameAs":["https:\/\/www.facebook.com\/Petite-Kingdom-114272640862559","https:\/\/www.instagram.com\/petite_kingdom\/"]}]}},"_links":{"self":[{"href":"https:\/\/petitekingdom.com\/lv\/wp-json\/wp\/v2\/product\/25216"}],"collection":[{"href":"https:\/\/petitekingdom.com\/lv\/wp-json\/wp\/v2\/product"}],"about":[{"href":"https:\/\/petitekingdom.com\/lv\/wp-json\/wp\/v2\/types\/product"}],"wp:featuredmedia":[{"embeddable":true,"href":"https:\/\/petitekingdom.com\/lv\/wp-json\/wp\/v2\/media\/25206"}],"wp:attachment":[{"href":"https:\/\/petitekingdom.com\/lv\/wp-json\/wp\/v2\/media?parent=25216"}],"wp:term":[{"taxonomy":"product_cat","embeddable":true,"href":"https:\/\/petitekingdom.com\/lv\/wp-json\/wp\/v2\/product_cat?post=25216"},{"taxonomy":"product_tag","embeddable":true,"href":"https:\/\/petitekingdom.com\/lv\/wp-json\/wp\/v2\/product_tag?post=25216"},{"taxonomy":"product-material","embeddable":true,"href":"https:\/\/petitekingdom.com\/lv\/wp-json\/wp\/v2\/product-material?post=25216"},{"taxonomy":"product-type","embeddable":true,"href":"https:\/\/petitekingdom.com\/lv\/wp-json\/wp\/v2\/product-type?post=25216"},{"taxonomy":"designers","embeddable":true,"href":"https:\/\/petitekingdom.com\/lv\/wp-json\/wp\/v2\/designers?post=25216"}],"curies":[{"name":"wp","href":"https:\/\/api.w.org\/{rel}","templated":true}]}}