{"id":25173,"date":"2022-03-17T11:20:11","date_gmt":"2022-03-17T09:24:38","guid":{"rendered":"https:\/\/petitekingdom.com\/shop\/uncategorized\/zidainu-rapulitis-ar-svitram-un-baltu-kreklinu\/"},"modified":"2023-01-02T23:04:08","modified_gmt":"2023-01-02T21:04:08","slug":"zidainu-rapulitis-ar-svitram-un-baltu-kreklinu","status":"publish","type":"product","link":"https:\/\/petitekingdom.com\/lv\/veikals\/zidainu-rapulitis-ar-svitram-un-baltu-kreklinu\/","title":{"rendered":"Z\u012bdai\u0146u r\u0101pul\u012btis ar sv\u012btr\u0101m un baltu krekli\u0146u"},"content":{"rendered":"<p>Superm\u012bkstais kokvilnas audums garant\u0113 izcilu komfortu un siltumu, savuk\u0101rt elast\u012bgais audums \u013cauj akt\u012bviem z\u0113niem br\u012bvi kust\u0113ties. Aug\u0161pusi var viegli no\u0146emt. Lenc\u012bt\u0113m un k\u0101ji\u0146\u0101m ir spiedpogas viegl\u0101kai \u0123\u0113rb\u0161anai. Zilas sv\u012btras garant\u0113 jauku, elegantu izskatu. P\u016bkainais Steiff l\u0101c\u012b\u0161a mot\u012bvs nodro\u0161in\u0101s j\u016bsu maz\u0101 z\u0113na komp\u0101niju visos vi\u0146a piedz\u012bvojumos! Jauks komplekti\u0146\u0161!<\/p>\n<ul>\n<li>95 % Kokvilna 5 % Likra<\/li>\n<li>Mazg\u0101t ve\u013casma\u0161\u012bn\u0101 40*C<\/li>\n<\/ul>\n","protected":false},"excerpt":{"rendered":"<p>\u0160is j\u016brnieku stila komplekts sast\u0101v no r\u0101pul\u012b\u0161a un krekli\u0146a ar gar\u0101m piedurkn\u0113m retro \u0161arm\u0101.<\/p>\n","protected":false},"featured_media":25170,"template":"","meta":{"_acf_changed":false},"product_cat":[1180,1663,1665,1207,1181,1209,1208,1268,1655,1605,1674],"product_tag":[],"product-material":[],"product-type":[],"designers":[1624],"class_list":{"0":"post-25173","1":"product","2":"type-product","3":"status-publish","4":"has-post-thumbnail","6":"product_cat-zidainu-apgerbs","7":"product_cat-jaundzimuso-drebites","8":"product_cat-zidainu-drebes","9":"product_cat-zidainu-komplekti","10":"product_cat-rapulisi-bodiji","11":"product_cat-zidainu-rapulisi","12":"product_cat-zidaina-purins","13":"product_cat-zidainu-kreklini","14":"product_cat-jaunumi","15":"product_cat-izpardosana","16":"product_cat-sezonas-izpardosana","17":"designers-steiff-lv","19":"first","20":"instock","21":"sale","22":"taxable","23":"shipping-taxable","24":"purchasable","25":"product-type-variable"},"acf":[],"yoast_head":"<!-- This site is optimized with the Yoast SEO Premium plugin v23.7 (Yoast SEO v23.7) - https:\/\/yoast.com\/wordpress\/plugins\/seo\/ -->\n<title>Z\u012bdai\u0146u r\u0101pul\u012btis ar sv\u012btr\u0101m un baltu krekli\u0146u &#8226; Petite Kingdom<\/title>\n<meta name=\"robots\" content=\"index, follow, max-snippet:-1, max-image-preview:large, max-video-preview:-1\" \/>\n<link rel=\"canonical\" href=\"https:\/\/petitekingdom.com\/shop\/baby-boys-romper-with-long-sleeve-top\/\" \/>\n<meta property=\"og:locale\" content=\"lv_LV\" \/>\n<meta property=\"og:type\" content=\"article\" \/>\n<meta property=\"og:title\" content=\"Z\u012bdai\u0146u r\u0101pul\u012btis ar sv\u012btr\u0101m un baltu krekli\u0146u\" \/>\n<meta property=\"og:description\" content=\"\u0160is j\u016brnieku stila komplekts sast\u0101v no r\u0101pul\u012b\u0161a un krekli\u0146a ar gar\u0101m piedurkn\u0113m retro \u0161arm\u0101.\" \/>\n<meta property=\"og:url\" content=\"https:\/\/petitekingdom.com\/shop\/baby-boys-romper-with-long-sleeve-top\/\" \/>\n<meta property=\"og:site_name\" content=\"Petite Kingdom\" \/>\n<meta property=\"article:publisher\" content=\"https:\/\/www.facebook.com\/Petite-Kingdom-114272640862559\" \/>\n<meta property=\"article:modified_time\" content=\"2023-01-02T21:04:08+00:00\" \/>\n<meta property=\"og:image\" content=\"https:\/\/petitekingdom.com\/wp-content\/uploads\/2022\/03\/baby-boys-romper-with-long-sleeve-top-steiff.jpg\" \/>\n\t<meta property=\"og:image:width\" content=\"1920\" \/>\n\t<meta property=\"og:image:height\" content=\"1920\" \/>\n\t<meta property=\"og:image:type\" content=\"image\/jpeg\" \/>\n<meta name=\"twitter:card\" content=\"summary_large_image\" \/>\n<script type=\"application\/ld+json\" class=\"yoast-schema-graph\">{\"@context\":\"https:\/\/schema.org\",\"@graph\":[{\"@type\":\"WebPage\",\"@id\":\"https:\/\/petitekingdom.com\/shop\/baby-boys-romper-with-long-sleeve-top\/\",\"url\":\"https:\/\/petitekingdom.com\/shop\/baby-boys-romper-with-long-sleeve-top\/\",\"name\":\"Z\u012bdai\u0146u r\u0101pul\u012btis ar sv\u012btr\u0101m un baltu krekli\u0146u &#8226; Petite Kingdom\",\"isPartOf\":{\"@id\":\"https:\/\/petitekingdom.com\/#website\"},\"primaryImageOfPage\":{\"@id\":\"https:\/\/petitekingdom.com\/shop\/baby-boys-romper-with-long-sleeve-top\/#primaryimage\"},\"image\":{\"@id\":\"https:\/\/petitekingdom.com\/shop\/baby-boys-romper-with-long-sleeve-top\/#primaryimage\"},\"thumbnailUrl\":\"https:\/\/petitekingdom.com\/wp-content\/uploads\/2022\/03\/baby-boys-romper-with-long-sleeve-top-steiff.jpg\",\"datePublished\":\"2022-03-17T09:24:38+00:00\",\"dateModified\":\"2023-01-02T21:04:08+00:00\",\"breadcrumb\":{\"@id\":\"https:\/\/petitekingdom.com\/shop\/baby-boys-romper-with-long-sleeve-top\/#breadcrumb\"},\"inLanguage\":\"lv-LV\",\"potentialAction\":[{\"@type\":\"ReadAction\",\"target\":[\"https:\/\/petitekingdom.com\/shop\/baby-boys-romper-with-long-sleeve-top\/\"]}]},{\"@type\":\"ImageObject\",\"inLanguage\":\"lv-LV\",\"@id\":\"https:\/\/petitekingdom.com\/shop\/baby-boys-romper-with-long-sleeve-top\/#primaryimage\",\"url\":\"https:\/\/petitekingdom.com\/wp-content\/uploads\/2022\/03\/baby-boys-romper-with-long-sleeve-top-steiff.jpg\",\"contentUrl\":\"https:\/\/petitekingdom.com\/wp-content\/uploads\/2022\/03\/baby-boys-romper-with-long-sleeve-top-steiff.jpg\",\"width\":1920,\"height\":1920,\"caption\":\"Z\u012bdai\u0146u r\u0101pul\u012btis ar sv\u012btr\u0101m un baltu krekli\u0146u - Steiff\"},{\"@type\":\"BreadcrumbList\",\"@id\":\"https:\/\/petitekingdom.com\/shop\/baby-boys-romper-with-long-sleeve-top\/#breadcrumb\",\"itemListElement\":[{\"@type\":\"ListItem\",\"position\":1,\"name\":\"Home\",\"item\":\"https:\/\/petitekingdom.com\/lv\/\"},{\"@type\":\"ListItem\",\"position\":2,\"name\":\"Veikals\",\"item\":\"https:\/\/petitekingdom.com\/lv\/veikals\/\"},{\"@type\":\"ListItem\",\"position\":3,\"name\":\"Z\u012bdai\u0146u r\u0101pul\u012btis ar sv\u012btr\u0101m un baltu krekli\u0146u\"}]},{\"@type\":\"WebSite\",\"@id\":\"https:\/\/petitekingdom.com\/#website\",\"url\":\"https:\/\/petitekingdom.com\/\",\"name\":\"Petite Kingdom\",\"description\":\"B\u0113rnu izt\u0113lei nav robe\u017eu\",\"publisher\":{\"@id\":\"https:\/\/petitekingdom.com\/#organization\"},\"potentialAction\":[{\"@type\":\"SearchAction\",\"target\":{\"@type\":\"EntryPoint\",\"urlTemplate\":\"https:\/\/petitekingdom.com\/?s={search_term_string}\"},\"query-input\":{\"@type\":\"PropertyValueSpecification\",\"valueRequired\":true,\"valueName\":\"search_term_string\"}}],\"inLanguage\":\"lv-LV\"},{\"@type\":\"Organization\",\"@id\":\"https:\/\/petitekingdom.com\/#organization\",\"name\":\"Petite Kingdom\",\"url\":\"https:\/\/petitekingdom.com\/\",\"logo\":{\"@type\":\"ImageObject\",\"inLanguage\":\"lv-LV\",\"@id\":\"https:\/\/petitekingdom.com\/#\/schema\/logo\/image\/\",\"url\":\"https:\/\/petitekingdom.com\/wp-content\/uploads\/2021\/04\/PT_logo_blackPNG.png\",\"contentUrl\":\"https:\/\/petitekingdom.com\/wp-content\/uploads\/2021\/04\/PT_logo_blackPNG.png\",\"width\":1158,\"height\":500,\"caption\":\"Petite Kingdom\"},\"image\":{\"@id\":\"https:\/\/petitekingdom.com\/#\/schema\/logo\/image\/\"},\"sameAs\":[\"https:\/\/www.facebook.com\/Petite-Kingdom-114272640862559\",\"https:\/\/www.instagram.com\/petite_kingdom\/\"]}]}<\/script>\n<!-- \/ Yoast SEO Premium plugin. -->","yoast_head_json":{"title":"Z\u012bdai\u0146u r\u0101pul\u012btis ar sv\u012btr\u0101m un baltu krekli\u0146u &#8226; Petite Kingdom","robots":{"index":"index","follow":"follow","max-snippet":"max-snippet:-1","max-image-preview":"max-image-preview:large","max-video-preview":"max-video-preview:-1"},"canonical":"https:\/\/petitekingdom.com\/shop\/baby-boys-romper-with-long-sleeve-top\/","og_locale":"lv_LV","og_type":"article","og_title":"Z\u012bdai\u0146u r\u0101pul\u012btis ar sv\u012btr\u0101m un baltu krekli\u0146u","og_description":"\u0160is j\u016brnieku stila komplekts sast\u0101v no r\u0101pul\u012b\u0161a un krekli\u0146a ar gar\u0101m piedurkn\u0113m retro \u0161arm\u0101.","og_url":"https:\/\/petitekingdom.com\/shop\/baby-boys-romper-with-long-sleeve-top\/","og_site_name":"Petite Kingdom","article_publisher":"https:\/\/www.facebook.com\/Petite-Kingdom-114272640862559","article_modified_time":"2023-01-02T21:04:08+00:00","og_image":[{"width":1920,"height":1920,"url":"https:\/\/petitekingdom.com\/wp-content\/uploads\/2022\/03\/baby-boys-romper-with-long-sleeve-top-steiff.jpg","type":"image\/jpeg"}],"twitter_card":"summary_large_image","schema":{"@context":"https:\/\/schema.org","@graph":[{"@type":"WebPage","@id":"https:\/\/petitekingdom.com\/shop\/baby-boys-romper-with-long-sleeve-top\/","url":"https:\/\/petitekingdom.com\/shop\/baby-boys-romper-with-long-sleeve-top\/","name":"Z\u012bdai\u0146u r\u0101pul\u012btis ar sv\u012btr\u0101m un baltu krekli\u0146u &#8226; Petite Kingdom","isPartOf":{"@id":"https:\/\/petitekingdom.com\/#website"},"primaryImageOfPage":{"@id":"https:\/\/petitekingdom.com\/shop\/baby-boys-romper-with-long-sleeve-top\/#primaryimage"},"image":{"@id":"https:\/\/petitekingdom.com\/shop\/baby-boys-romper-with-long-sleeve-top\/#primaryimage"},"thumbnailUrl":"https:\/\/petitekingdom.com\/wp-content\/uploads\/2022\/03\/baby-boys-romper-with-long-sleeve-top-steiff.jpg","datePublished":"2022-03-17T09:24:38+00:00","dateModified":"2023-01-02T21:04:08+00:00","breadcrumb":{"@id":"https:\/\/petitekingdom.com\/shop\/baby-boys-romper-with-long-sleeve-top\/#breadcrumb"},"inLanguage":"lv-LV","potentialAction":[{"@type":"ReadAction","target":["https:\/\/petitekingdom.com\/shop\/baby-boys-romper-with-long-sleeve-top\/"]}]},{"@type":"ImageObject","inLanguage":"lv-LV","@id":"https:\/\/petitekingdom.com\/shop\/baby-boys-romper-with-long-sleeve-top\/#primaryimage","url":"https:\/\/petitekingdom.com\/wp-content\/uploads\/2022\/03\/baby-boys-romper-with-long-sleeve-top-steiff.jpg","contentUrl":"https:\/\/petitekingdom.com\/wp-content\/uploads\/2022\/03\/baby-boys-romper-with-long-sleeve-top-steiff.jpg","width":1920,"height":1920,"caption":"Z\u012bdai\u0146u r\u0101pul\u012btis ar sv\u012btr\u0101m un baltu krekli\u0146u - Steiff"},{"@type":"BreadcrumbList","@id":"https:\/\/petitekingdom.com\/shop\/baby-boys-romper-with-long-sleeve-top\/#breadcrumb","itemListElement":[{"@type":"ListItem","position":1,"name":"Home","item":"https:\/\/petitekingdom.com\/lv\/"},{"@type":"ListItem","position":2,"name":"Veikals","item":"https:\/\/petitekingdom.com\/lv\/veikals\/"},{"@type":"ListItem","position":3,"name":"Z\u012bdai\u0146u r\u0101pul\u012btis ar sv\u012btr\u0101m un baltu krekli\u0146u"}]},{"@type":"WebSite","@id":"https:\/\/petitekingdom.com\/#website","url":"https:\/\/petitekingdom.com\/","name":"Petite Kingdom","description":"B\u0113rnu izt\u0113lei nav robe\u017eu","publisher":{"@id":"https:\/\/petitekingdom.com\/#organization"},"potentialAction":[{"@type":"SearchAction","target":{"@type":"EntryPoint","urlTemplate":"https:\/\/petitekingdom.com\/?s={search_term_string}"},"query-input":{"@type":"PropertyValueSpecification","valueRequired":true,"valueName":"search_term_string"}}],"inLanguage":"lv-LV"},{"@type":"Organization","@id":"https:\/\/petitekingdom.com\/#organization","name":"Petite Kingdom","url":"https:\/\/petitekingdom.com\/","logo":{"@type":"ImageObject","inLanguage":"lv-LV","@id":"https:\/\/petitekingdom.com\/#\/schema\/logo\/image\/","url":"https:\/\/petitekingdom.com\/wp-content\/uploads\/2021\/04\/PT_logo_blackPNG.png","contentUrl":"https:\/\/petitekingdom.com\/wp-content\/uploads\/2021\/04\/PT_logo_blackPNG.png","width":1158,"height":500,"caption":"Petite Kingdom"},"image":{"@id":"https:\/\/petitekingdom.com\/#\/schema\/logo\/image\/"},"sameAs":["https:\/\/www.facebook.com\/Petite-Kingdom-114272640862559","https:\/\/www.instagram.com\/petite_kingdom\/"]}]}},"_links":{"self":[{"href":"https:\/\/petitekingdom.com\/lv\/wp-json\/wp\/v2\/product\/25173"}],"collection":[{"href":"https:\/\/petitekingdom.com\/lv\/wp-json\/wp\/v2\/product"}],"about":[{"href":"https:\/\/petitekingdom.com\/lv\/wp-json\/wp\/v2\/types\/product"}],"wp:featuredmedia":[{"embeddable":true,"href":"https:\/\/petitekingdom.com\/lv\/wp-json\/wp\/v2\/media\/25170"}],"wp:attachment":[{"href":"https:\/\/petitekingdom.com\/lv\/wp-json\/wp\/v2\/media?parent=25173"}],"wp:term":[{"taxonomy":"product_cat","embeddable":true,"href":"https:\/\/petitekingdom.com\/lv\/wp-json\/wp\/v2\/product_cat?post=25173"},{"taxonomy":"product_tag","embeddable":true,"href":"https:\/\/petitekingdom.com\/lv\/wp-json\/wp\/v2\/product_tag?post=25173"},{"taxonomy":"product-material","embeddable":true,"href":"https:\/\/petitekingdom.com\/lv\/wp-json\/wp\/v2\/product-material?post=25173"},{"taxonomy":"product-type","embeddable":true,"href":"https:\/\/petitekingdom.com\/lv\/wp-json\/wp\/v2\/product-type?post=25173"},{"taxonomy":"designers","embeddable":true,"href":"https:\/\/petitekingdom.com\/lv\/wp-json\/wp\/v2\/designers?post=25173"}],"curies":[{"name":"wp","href":"https:\/\/api.w.org\/{rel}","templated":true}]}}