{"id":24936,"date":"2022-03-08T10:13:03","date_gmt":"2022-03-08T08:17:51","guid":{"rendered":"https:\/\/petitekingdom.com\/shop\/uncategorized\/tumsi-zila-meitenu-bluzite-ar-laci\/"},"modified":"2023-01-02T23:04:08","modified_gmt":"2023-01-02T21:04:08","slug":"tumsi-zila-meitenu-bluzite-ar-laci","status":"publish","type":"product","link":"https:\/\/petitekingdom.com\/lv\/veikals\/tumsi-zila-meitenu-bluzite-ar-laci\/","title":{"rendered":"Tum\u0161i zila meite\u0146u bl\u016bz\u012bte ar l\u0101ci"},"content":{"rendered":"<p>Br\u012bvs piegriezums \u013cauj akt\u012bv\u0101m meiten\u0113m sp\u0113l\u0113ties un atp\u016bsties, nej\u016btoties ierobe\u017eot\u0101m. Lielais, p\u016bkainais Steiff Teddy l\u0101c\u012b\u0161a mot\u012bvs nodro\u0161in\u0101s j\u016bsu mazajai meiti\u0146ai komp\u0101niju vi\u0146as piedz\u012bvojumos. Vienk\u0101r\u0161i ide\u0101li!<\/p>\n<ul>\n<li>95 % Kokvilna 5 % Likra<\/li>\n<li><span id=\"CHECKBOXGROUP-1-0-0-1-46-0\" class=\"boolean\"><\/span>Mazg\u0101t ve\u013casma\u0161\u012bn\u0101 40*C<\/li>\n<\/ul>\n","protected":false},"excerpt":{"rendered":"<p>\u0160is klasiskais T-krekls ar ri\u0161i\u0146u piedurkn\u0113m un loc\u012bjuma apak\u0161malu iekaros visu vecumu l\u0101c\u012b\u0161u fanu sirdis. M\u012bkstajam kokvilnas audumam ir br\u012bni\u0161\u0137\u012bga saj\u016bta, un tas nekairina j\u016bsu b\u0113rna maigo \u0101du. Spiedpogas pie pleca atvieglo \u0123\u0113rb\u0161anos.<\/p>\n","protected":false},"featured_media":24931,"template":"","meta":{"_acf_changed":false},"product_brand":[],"product_cat":[1269,1674,1663,1655,1254,1255,1180,1665],"product_tag":[],"product-material":[],"product-type":[],"designers":[1624],"class_list":{"0":"post-24936","1":"product","2":"type-product","3":"status-publish","4":"has-post-thumbnail","6":"product_cat-zidainu-bluzes","7":"product_cat-sezonas-izpardosana","8":"product_cat-jaundzimuso-drebites","9":"product_cat-jaunumi","10":"product_cat-kreklini-bluzes-zidainiem","11":"product_cat-zidainu-tkrekli","12":"product_cat-zidainu-apgerbs","13":"product_cat-zidainu-drebes","14":"designers-steiff-lv","16":"first","17":"instock","18":"sale","19":"taxable","20":"shipping-taxable","21":"purchasable","22":"product-type-variable"},"acf":[],"yoast_head":"<!-- This site is optimized with the Yoast SEO Premium plugin v23.7 (Yoast SEO v27.6) - https:\/\/yoast.com\/product\/yoast-seo-premium-wordpress\/ -->\n<title>Tum\u0161i zila meite\u0146u bl\u016bz\u012bte ar l\u0101ci &#8226; Petite Kingdom<\/title>\n<meta name=\"robots\" content=\"index, follow, max-snippet:-1, max-image-preview:large, max-video-preview:-1\" \/>\n<link rel=\"canonical\" href=\"https:\/\/petitekingdom.com\/shop\/girls-navy-blue-classic-t-shirt\/\" \/>\n<meta property=\"og:locale\" content=\"lv_LV\" \/>\n<meta property=\"og:type\" content=\"article\" \/>\n<meta property=\"og:title\" content=\"Tum\u0161i zila meite\u0146u bl\u016bz\u012bte ar l\u0101ci\" \/>\n<meta property=\"og:description\" content=\"\u0160is klasiskais T-krekls ar ri\u0161i\u0146u piedurkn\u0113m un loc\u012bjuma apak\u0161malu iekaros visu vecumu l\u0101c\u012b\u0161u fanu sirdis. M\u012bkstajam kokvilnas audumam ir br\u012bni\u0161\u0137\u012bga saj\u016bta, un tas nekairina j\u016bsu b\u0113rna maigo \u0101du. Spiedpogas pie pleca atvieglo \u0123\u0113rb\u0161anos.\" \/>\n<meta property=\"og:url\" content=\"https:\/\/petitekingdom.com\/shop\/girls-navy-blue-classic-t-shirt\/\" \/>\n<meta property=\"og:site_name\" content=\"Petite Kingdom\" \/>\n<meta property=\"article:publisher\" content=\"https:\/\/www.facebook.com\/Petite-Kingdom-114272640862559\" \/>\n<meta property=\"article:modified_time\" content=\"2023-01-02T21:04:08+00:00\" \/>\n<meta property=\"og:image\" content=\"https:\/\/petitekingdom.com\/wp-content\/uploads\/2022\/03\/girls-navy-blue-classic-t-shirt-steiff.jpg\" \/>\n\t<meta property=\"og:image:width\" content=\"1920\" \/>\n\t<meta property=\"og:image:height\" content=\"1920\" \/>\n\t<meta property=\"og:image:type\" content=\"image\/jpeg\" \/>\n<meta name=\"twitter:card\" content=\"summary_large_image\" \/>\n<script type=\"application\/ld+json\" class=\"yoast-schema-graph\">{\"@context\":\"https:\\\/\\\/schema.org\",\"@graph\":[{\"@type\":\"WebPage\",\"@id\":\"https:\\\/\\\/petitekingdom.com\\\/shop\\\/girls-navy-blue-classic-t-shirt\\\/\",\"url\":\"https:\\\/\\\/petitekingdom.com\\\/shop\\\/girls-navy-blue-classic-t-shirt\\\/\",\"name\":\"Tum\u0161i zila meite\u0146u bl\u016bz\u012bte ar l\u0101ci &#8226; Petite Kingdom\",\"isPartOf\":{\"@id\":\"https:\\\/\\\/petitekingdom.com\\\/#website\"},\"primaryImageOfPage\":{\"@id\":\"https:\\\/\\\/petitekingdom.com\\\/shop\\\/girls-navy-blue-classic-t-shirt\\\/#primaryimage\"},\"image\":{\"@id\":\"https:\\\/\\\/petitekingdom.com\\\/shop\\\/girls-navy-blue-classic-t-shirt\\\/#primaryimage\"},\"thumbnailUrl\":\"https:\\\/\\\/petitekingdom.com\\\/wp-content\\\/uploads\\\/2022\\\/03\\\/girls-navy-blue-classic-t-shirt-steiff.jpg\",\"datePublished\":\"2022-03-08T08:17:51+00:00\",\"dateModified\":\"2023-01-02T21:04:08+00:00\",\"breadcrumb\":{\"@id\":\"https:\\\/\\\/petitekingdom.com\\\/shop\\\/girls-navy-blue-classic-t-shirt\\\/#breadcrumb\"},\"inLanguage\":\"lv-LV\",\"potentialAction\":[{\"@type\":\"ReadAction\",\"target\":[\"https:\\\/\\\/petitekingdom.com\\\/shop\\\/girls-navy-blue-classic-t-shirt\\\/\"]}]},{\"@type\":\"ImageObject\",\"inLanguage\":\"lv-LV\",\"@id\":\"https:\\\/\\\/petitekingdom.com\\\/shop\\\/girls-navy-blue-classic-t-shirt\\\/#primaryimage\",\"url\":\"https:\\\/\\\/petitekingdom.com\\\/wp-content\\\/uploads\\\/2022\\\/03\\\/girls-navy-blue-classic-t-shirt-steiff.jpg\",\"contentUrl\":\"https:\\\/\\\/petitekingdom.com\\\/wp-content\\\/uploads\\\/2022\\\/03\\\/girls-navy-blue-classic-t-shirt-steiff.jpg\",\"width\":1920,\"height\":1920,\"caption\":\"Tum\u0161i zila meite\u0146u bl\u016bz\u012bte ar l\u0101ci - Steiff\"},{\"@type\":\"BreadcrumbList\",\"@id\":\"https:\\\/\\\/petitekingdom.com\\\/shop\\\/girls-navy-blue-classic-t-shirt\\\/#breadcrumb\",\"itemListElement\":[{\"@type\":\"ListItem\",\"position\":1,\"name\":\"Home\",\"item\":\"https:\\\/\\\/petitekingdom.com\\\/lv\\\/\"},{\"@type\":\"ListItem\",\"position\":2,\"name\":\"Veikals\",\"item\":\"https:\\\/\\\/petitekingdom.com\\\/lv\\\/veikals\\\/\"},{\"@type\":\"ListItem\",\"position\":3,\"name\":\"Tum\u0161i zila meite\u0146u bl\u016bz\u012bte ar l\u0101ci\"}]},{\"@type\":\"WebSite\",\"@id\":\"https:\\\/\\\/petitekingdom.com\\\/#website\",\"url\":\"https:\\\/\\\/petitekingdom.com\\\/\",\"name\":\"Petite Kingdom\",\"description\":\"B\u0113rnu izt\u0113lei nav robe\u017eu\",\"publisher\":{\"@id\":\"https:\\\/\\\/petitekingdom.com\\\/#organization\"},\"potentialAction\":[{\"@type\":\"SearchAction\",\"target\":{\"@type\":\"EntryPoint\",\"urlTemplate\":\"https:\\\/\\\/petitekingdom.com\\\/?s={search_term_string}\"},\"query-input\":{\"@type\":\"PropertyValueSpecification\",\"valueRequired\":true,\"valueName\":\"search_term_string\"}}],\"inLanguage\":\"lv-LV\"},{\"@type\":\"Organization\",\"@id\":\"https:\\\/\\\/petitekingdom.com\\\/#organization\",\"name\":\"Petite Kingdom\",\"url\":\"https:\\\/\\\/petitekingdom.com\\\/\",\"logo\":{\"@type\":\"ImageObject\",\"inLanguage\":\"lv-LV\",\"@id\":\"https:\\\/\\\/petitekingdom.com\\\/#\\\/schema\\\/logo\\\/image\\\/\",\"url\":\"https:\\\/\\\/petitekingdom.com\\\/wp-content\\\/uploads\\\/2021\\\/04\\\/PT_logo_blackPNG.png\",\"contentUrl\":\"https:\\\/\\\/petitekingdom.com\\\/wp-content\\\/uploads\\\/2021\\\/04\\\/PT_logo_blackPNG.png\",\"width\":1158,\"height\":500,\"caption\":\"Petite Kingdom\"},\"image\":{\"@id\":\"https:\\\/\\\/petitekingdom.com\\\/#\\\/schema\\\/logo\\\/image\\\/\"},\"sameAs\":[\"https:\\\/\\\/www.facebook.com\\\/Petite-Kingdom-114272640862559\",\"https:\\\/\\\/www.instagram.com\\\/petite_kingdom\\\/\"]}]}<\/script>\n<!-- \/ Yoast SEO Premium plugin. -->","yoast_head_json":{"title":"Tum\u0161i zila meite\u0146u bl\u016bz\u012bte ar l\u0101ci &#8226; Petite Kingdom","robots":{"index":"index","follow":"follow","max-snippet":"max-snippet:-1","max-image-preview":"max-image-preview:large","max-video-preview":"max-video-preview:-1"},"canonical":"https:\/\/petitekingdom.com\/shop\/girls-navy-blue-classic-t-shirt\/","og_locale":"lv_LV","og_type":"article","og_title":"Tum\u0161i zila meite\u0146u bl\u016bz\u012bte ar l\u0101ci","og_description":"\u0160is klasiskais T-krekls ar ri\u0161i\u0146u piedurkn\u0113m un loc\u012bjuma apak\u0161malu iekaros visu vecumu l\u0101c\u012b\u0161u fanu sirdis. M\u012bkstajam kokvilnas audumam ir br\u012bni\u0161\u0137\u012bga saj\u016bta, un tas nekairina j\u016bsu b\u0113rna maigo \u0101du. Spiedpogas pie pleca atvieglo \u0123\u0113rb\u0161anos.","og_url":"https:\/\/petitekingdom.com\/shop\/girls-navy-blue-classic-t-shirt\/","og_site_name":"Petite Kingdom","article_publisher":"https:\/\/www.facebook.com\/Petite-Kingdom-114272640862559","article_modified_time":"2023-01-02T21:04:08+00:00","og_image":[{"width":1920,"height":1920,"url":"https:\/\/petitekingdom.com\/wp-content\/uploads\/2022\/03\/girls-navy-blue-classic-t-shirt-steiff.jpg","type":"image\/jpeg"}],"twitter_card":"summary_large_image","schema":{"@context":"https:\/\/schema.org","@graph":[{"@type":"WebPage","@id":"https:\/\/petitekingdom.com\/shop\/girls-navy-blue-classic-t-shirt\/","url":"https:\/\/petitekingdom.com\/shop\/girls-navy-blue-classic-t-shirt\/","name":"Tum\u0161i zila meite\u0146u bl\u016bz\u012bte ar l\u0101ci &#8226; Petite Kingdom","isPartOf":{"@id":"https:\/\/petitekingdom.com\/#website"},"primaryImageOfPage":{"@id":"https:\/\/petitekingdom.com\/shop\/girls-navy-blue-classic-t-shirt\/#primaryimage"},"image":{"@id":"https:\/\/petitekingdom.com\/shop\/girls-navy-blue-classic-t-shirt\/#primaryimage"},"thumbnailUrl":"https:\/\/petitekingdom.com\/wp-content\/uploads\/2022\/03\/girls-navy-blue-classic-t-shirt-steiff.jpg","datePublished":"2022-03-08T08:17:51+00:00","dateModified":"2023-01-02T21:04:08+00:00","breadcrumb":{"@id":"https:\/\/petitekingdom.com\/shop\/girls-navy-blue-classic-t-shirt\/#breadcrumb"},"inLanguage":"lv-LV","potentialAction":[{"@type":"ReadAction","target":["https:\/\/petitekingdom.com\/shop\/girls-navy-blue-classic-t-shirt\/"]}]},{"@type":"ImageObject","inLanguage":"lv-LV","@id":"https:\/\/petitekingdom.com\/shop\/girls-navy-blue-classic-t-shirt\/#primaryimage","url":"https:\/\/petitekingdom.com\/wp-content\/uploads\/2022\/03\/girls-navy-blue-classic-t-shirt-steiff.jpg","contentUrl":"https:\/\/petitekingdom.com\/wp-content\/uploads\/2022\/03\/girls-navy-blue-classic-t-shirt-steiff.jpg","width":1920,"height":1920,"caption":"Tum\u0161i zila meite\u0146u bl\u016bz\u012bte ar l\u0101ci - Steiff"},{"@type":"BreadcrumbList","@id":"https:\/\/petitekingdom.com\/shop\/girls-navy-blue-classic-t-shirt\/#breadcrumb","itemListElement":[{"@type":"ListItem","position":1,"name":"Home","item":"https:\/\/petitekingdom.com\/lv\/"},{"@type":"ListItem","position":2,"name":"Veikals","item":"https:\/\/petitekingdom.com\/lv\/veikals\/"},{"@type":"ListItem","position":3,"name":"Tum\u0161i zila meite\u0146u bl\u016bz\u012bte ar l\u0101ci"}]},{"@type":"WebSite","@id":"https:\/\/petitekingdom.com\/#website","url":"https:\/\/petitekingdom.com\/","name":"Petite Kingdom","description":"B\u0113rnu izt\u0113lei nav robe\u017eu","publisher":{"@id":"https:\/\/petitekingdom.com\/#organization"},"potentialAction":[{"@type":"SearchAction","target":{"@type":"EntryPoint","urlTemplate":"https:\/\/petitekingdom.com\/?s={search_term_string}"},"query-input":{"@type":"PropertyValueSpecification","valueRequired":true,"valueName":"search_term_string"}}],"inLanguage":"lv-LV"},{"@type":"Organization","@id":"https:\/\/petitekingdom.com\/#organization","name":"Petite Kingdom","url":"https:\/\/petitekingdom.com\/","logo":{"@type":"ImageObject","inLanguage":"lv-LV","@id":"https:\/\/petitekingdom.com\/#\/schema\/logo\/image\/","url":"https:\/\/petitekingdom.com\/wp-content\/uploads\/2021\/04\/PT_logo_blackPNG.png","contentUrl":"https:\/\/petitekingdom.com\/wp-content\/uploads\/2021\/04\/PT_logo_blackPNG.png","width":1158,"height":500,"caption":"Petite Kingdom"},"image":{"@id":"https:\/\/petitekingdom.com\/#\/schema\/logo\/image\/"},"sameAs":["https:\/\/www.facebook.com\/Petite-Kingdom-114272640862559","https:\/\/www.instagram.com\/petite_kingdom\/"]}]}},"_links":{"self":[{"href":"https:\/\/petitekingdom.com\/lv\/wp-json\/wp\/v2\/product\/24936","targetHints":{"allow":["GET"]}}],"collection":[{"href":"https:\/\/petitekingdom.com\/lv\/wp-json\/wp\/v2\/product"}],"about":[{"href":"https:\/\/petitekingdom.com\/lv\/wp-json\/wp\/v2\/types\/product"}],"wp:featuredmedia":[{"embeddable":true,"href":"https:\/\/petitekingdom.com\/lv\/wp-json\/wp\/v2\/media\/24931"}],"wp:attachment":[{"href":"https:\/\/petitekingdom.com\/lv\/wp-json\/wp\/v2\/media?parent=24936"}],"wp:term":[{"taxonomy":"product_brand","embeddable":true,"href":"https:\/\/petitekingdom.com\/lv\/wp-json\/wp\/v2\/product_brand?post=24936"},{"taxonomy":"product_cat","embeddable":true,"href":"https:\/\/petitekingdom.com\/lv\/wp-json\/wp\/v2\/product_cat?post=24936"},{"taxonomy":"product_tag","embeddable":true,"href":"https:\/\/petitekingdom.com\/lv\/wp-json\/wp\/v2\/product_tag?post=24936"},{"taxonomy":"product-material","embeddable":true,"href":"https:\/\/petitekingdom.com\/lv\/wp-json\/wp\/v2\/product-material?post=24936"},{"taxonomy":"product-type","embeddable":true,"href":"https:\/\/petitekingdom.com\/lv\/wp-json\/wp\/v2\/product-type?post=24936"},{"taxonomy":"designers","embeddable":true,"href":"https:\/\/petitekingdom.com\/lv\/wp-json\/wp\/v2\/designers?post=24936"}],"curies":[{"name":"wp","href":"https:\/\/api.w.org\/{rel}","templated":true}]}}