{"id":24521,"date":"2022-02-18T20:11:27","date_gmt":"2022-02-18T18:15:09","guid":{"rendered":"https:\/\/petitekingdom.com\/shop\/uncategorized\/zils-meitenu-t-krekls-ar-eziti-ziedos\/"},"modified":"2022-08-02T00:01:14","modified_gmt":"2022-08-01T21:01:14","slug":"zils-meitenu-t-krekls-ar-eziti-ziedos","status":"publish","type":"product","link":"https:\/\/petitekingdom.com\/lv\/veikals\/zils-meitenu-t-krekls-ar-eziti-ziedos\/","title":{"rendered":"Zils meite\u0146u T-krekls ar ez\u012bti ziedos"},"content":{"rendered":"<p>\u0160im bag\u0101tigi zil\u0101 to\u0146a meite\u0146u T-kreklam ir E\u017ea aplik\u0101cija priek\u0161pus\u0113 un spiedpogas aizdare izm\u0113riem l\u012bdz 4 gadiem, lai to var\u0113tu viegli p\u0101r\u0123\u0113rbties!<\/p>\n<p>Auduma Sast\u0101vs:<\/p>\n<ul>\n<li>Organisk\u0101 kokvilna<\/li>\n<\/ul>\n<p>Produkta nosaukums: Little Creature Applique Top<\/p>\n<p>Kr\u0101sa: Zils\/Ezis<\/p>\n","protected":false},"excerpt":{"rendered":"<p>\u0160is Frugi meite\u0146u T-krekls ir ar \u012bs\u0101m piedurkn\u0113m un izgatavots no m\u012bkstas organisk\u0101s kokvilnas.<\/p>\n","protected":false},"featured_media":24516,"template":"","meta":{"_acf_changed":false},"product_cat":[1180,1663,1665,1254,1255,1192,1232,1256,1655,1605,1607,1674],"product_tag":[],"product-material":[],"product-type":[],"designers":[671],"class_list":{"0":"post-24521","1":"product","2":"type-product","3":"status-publish","4":"has-post-thumbnail","6":"product_cat-zidainu-apgerbs","7":"product_cat-jaundzimuso-drebites","8":"product_cat-zidainu-drebes","9":"product_cat-kreklini-bluzes-zidainiem","10":"product_cat-zidainu-tkrekli","11":"product_cat-meitenes","12":"product_cat-meitenu-krekli-bluzes","13":"product_cat-tkrekli-meitenem","14":"product_cat-jaunumi","15":"product_cat-izpardosana","16":"product_cat-outlets","17":"product_cat-sezonas-izpardosana","18":"designers-frugi-lv","20":"first","21":"instock","22":"sale","23":"taxable","24":"shipping-taxable","25":"purchasable","26":"product-type-variable"},"acf":[],"yoast_head":"<!-- This site is optimized with the Yoast SEO Premium plugin v23.7 (Yoast SEO v23.7) - https:\/\/yoast.com\/wordpress\/plugins\/seo\/ -->\n<title>Zils meite\u0146u T-krekls ar ez\u012bti ziedos &#8226; Petite Kingdom<\/title>\n<meta name=\"robots\" content=\"index, follow, max-snippet:-1, max-image-preview:large, max-video-preview:-1\" \/>\n<link rel=\"canonical\" href=\"https:\/\/petitekingdom.com\/shop\/blue-girls-t-shirt-with-a-hedgehog\/\" \/>\n<meta property=\"og:locale\" content=\"lv_LV\" \/>\n<meta property=\"og:type\" content=\"article\" \/>\n<meta property=\"og:title\" content=\"Zils meite\u0146u T-krekls ar ez\u012bti ziedos\" \/>\n<meta property=\"og:description\" content=\"\u0160is Frugi meite\u0146u T-krekls ir ar \u012bs\u0101m piedurkn\u0113m un izgatavots no m\u012bkstas organisk\u0101s kokvilnas.\" \/>\n<meta property=\"og:url\" content=\"https:\/\/petitekingdom.com\/shop\/blue-girls-t-shirt-with-a-hedgehog\/\" \/>\n<meta property=\"og:site_name\" content=\"Petite Kingdom\" \/>\n<meta property=\"article:publisher\" content=\"https:\/\/www.facebook.com\/Petite-Kingdom-114272640862559\" \/>\n<meta property=\"article:modified_time\" content=\"2022-08-01T21:01:14+00:00\" \/>\n<meta property=\"og:image\" content=\"https:\/\/petitekingdom.com\/wp-content\/uploads\/2022\/02\/blue-girls-t-shirt-with-a-hedgehog-frugi.jpg\" \/>\n\t<meta property=\"og:image:width\" content=\"1280\" \/>\n\t<meta property=\"og:image:height\" content=\"1920\" \/>\n\t<meta property=\"og:image:type\" content=\"image\/jpeg\" \/>\n<meta name=\"twitter:card\" content=\"summary_large_image\" \/>\n<script type=\"application\/ld+json\" class=\"yoast-schema-graph\">{\"@context\":\"https:\/\/schema.org\",\"@graph\":[{\"@type\":\"WebPage\",\"@id\":\"https:\/\/petitekingdom.com\/shop\/blue-girls-t-shirt-with-a-hedgehog\/\",\"url\":\"https:\/\/petitekingdom.com\/shop\/blue-girls-t-shirt-with-a-hedgehog\/\",\"name\":\"Zils meite\u0146u T-krekls ar ez\u012bti ziedos &#8226; Petite Kingdom\",\"isPartOf\":{\"@id\":\"https:\/\/petitekingdom.com\/#website\"},\"primaryImageOfPage\":{\"@id\":\"https:\/\/petitekingdom.com\/shop\/blue-girls-t-shirt-with-a-hedgehog\/#primaryimage\"},\"image\":{\"@id\":\"https:\/\/petitekingdom.com\/shop\/blue-girls-t-shirt-with-a-hedgehog\/#primaryimage\"},\"thumbnailUrl\":\"https:\/\/petitekingdom.com\/wp-content\/uploads\/2022\/02\/blue-girls-t-shirt-with-a-hedgehog-frugi.jpg\",\"datePublished\":\"2022-02-18T18:15:09+00:00\",\"dateModified\":\"2022-08-01T21:01:14+00:00\",\"breadcrumb\":{\"@id\":\"https:\/\/petitekingdom.com\/shop\/blue-girls-t-shirt-with-a-hedgehog\/#breadcrumb\"},\"inLanguage\":\"lv-LV\",\"potentialAction\":[{\"@type\":\"ReadAction\",\"target\":[\"https:\/\/petitekingdom.com\/shop\/blue-girls-t-shirt-with-a-hedgehog\/\"]}]},{\"@type\":\"ImageObject\",\"inLanguage\":\"lv-LV\",\"@id\":\"https:\/\/petitekingdom.com\/shop\/blue-girls-t-shirt-with-a-hedgehog\/#primaryimage\",\"url\":\"https:\/\/petitekingdom.com\/wp-content\/uploads\/2022\/02\/blue-girls-t-shirt-with-a-hedgehog-frugi.jpg\",\"contentUrl\":\"https:\/\/petitekingdom.com\/wp-content\/uploads\/2022\/02\/blue-girls-t-shirt-with-a-hedgehog-frugi.jpg\",\"width\":1280,\"height\":1920,\"caption\":\"Blue Girls` T-shirt with a hedgehog - Frugi\"},{\"@type\":\"BreadcrumbList\",\"@id\":\"https:\/\/petitekingdom.com\/shop\/blue-girls-t-shirt-with-a-hedgehog\/#breadcrumb\",\"itemListElement\":[{\"@type\":\"ListItem\",\"position\":1,\"name\":\"Home\",\"item\":\"https:\/\/petitekingdom.com\/lv\/\"},{\"@type\":\"ListItem\",\"position\":2,\"name\":\"Veikals\",\"item\":\"https:\/\/petitekingdom.com\/lv\/veikals\/\"},{\"@type\":\"ListItem\",\"position\":3,\"name\":\"Zils meite\u0146u T-krekls ar ez\u012bti ziedos\"}]},{\"@type\":\"WebSite\",\"@id\":\"https:\/\/petitekingdom.com\/#website\",\"url\":\"https:\/\/petitekingdom.com\/\",\"name\":\"Petite Kingdom\",\"description\":\"B\u0113rnu izt\u0113lei nav robe\u017eu\",\"publisher\":{\"@id\":\"https:\/\/petitekingdom.com\/#organization\"},\"potentialAction\":[{\"@type\":\"SearchAction\",\"target\":{\"@type\":\"EntryPoint\",\"urlTemplate\":\"https:\/\/petitekingdom.com\/?s={search_term_string}\"},\"query-input\":{\"@type\":\"PropertyValueSpecification\",\"valueRequired\":true,\"valueName\":\"search_term_string\"}}],\"inLanguage\":\"lv-LV\"},{\"@type\":\"Organization\",\"@id\":\"https:\/\/petitekingdom.com\/#organization\",\"name\":\"Petite Kingdom\",\"url\":\"https:\/\/petitekingdom.com\/\",\"logo\":{\"@type\":\"ImageObject\",\"inLanguage\":\"lv-LV\",\"@id\":\"https:\/\/petitekingdom.com\/#\/schema\/logo\/image\/\",\"url\":\"https:\/\/petitekingdom.com\/wp-content\/uploads\/2021\/04\/PT_logo_blackPNG.png\",\"contentUrl\":\"https:\/\/petitekingdom.com\/wp-content\/uploads\/2021\/04\/PT_logo_blackPNG.png\",\"width\":1158,\"height\":500,\"caption\":\"Petite Kingdom\"},\"image\":{\"@id\":\"https:\/\/petitekingdom.com\/#\/schema\/logo\/image\/\"},\"sameAs\":[\"https:\/\/www.facebook.com\/Petite-Kingdom-114272640862559\",\"https:\/\/www.instagram.com\/petite_kingdom\/\"]}]}<\/script>\n<!-- \/ Yoast SEO Premium plugin. -->","yoast_head_json":{"title":"Zils meite\u0146u T-krekls ar ez\u012bti ziedos &#8226; Petite Kingdom","robots":{"index":"index","follow":"follow","max-snippet":"max-snippet:-1","max-image-preview":"max-image-preview:large","max-video-preview":"max-video-preview:-1"},"canonical":"https:\/\/petitekingdom.com\/shop\/blue-girls-t-shirt-with-a-hedgehog\/","og_locale":"lv_LV","og_type":"article","og_title":"Zils meite\u0146u T-krekls ar ez\u012bti ziedos","og_description":"\u0160is Frugi meite\u0146u T-krekls ir ar \u012bs\u0101m piedurkn\u0113m un izgatavots no m\u012bkstas organisk\u0101s kokvilnas.","og_url":"https:\/\/petitekingdom.com\/shop\/blue-girls-t-shirt-with-a-hedgehog\/","og_site_name":"Petite Kingdom","article_publisher":"https:\/\/www.facebook.com\/Petite-Kingdom-114272640862559","article_modified_time":"2022-08-01T21:01:14+00:00","og_image":[{"width":1280,"height":1920,"url":"https:\/\/petitekingdom.com\/wp-content\/uploads\/2022\/02\/blue-girls-t-shirt-with-a-hedgehog-frugi.jpg","type":"image\/jpeg"}],"twitter_card":"summary_large_image","schema":{"@context":"https:\/\/schema.org","@graph":[{"@type":"WebPage","@id":"https:\/\/petitekingdom.com\/shop\/blue-girls-t-shirt-with-a-hedgehog\/","url":"https:\/\/petitekingdom.com\/shop\/blue-girls-t-shirt-with-a-hedgehog\/","name":"Zils meite\u0146u T-krekls ar ez\u012bti ziedos &#8226; Petite Kingdom","isPartOf":{"@id":"https:\/\/petitekingdom.com\/#website"},"primaryImageOfPage":{"@id":"https:\/\/petitekingdom.com\/shop\/blue-girls-t-shirt-with-a-hedgehog\/#primaryimage"},"image":{"@id":"https:\/\/petitekingdom.com\/shop\/blue-girls-t-shirt-with-a-hedgehog\/#primaryimage"},"thumbnailUrl":"https:\/\/petitekingdom.com\/wp-content\/uploads\/2022\/02\/blue-girls-t-shirt-with-a-hedgehog-frugi.jpg","datePublished":"2022-02-18T18:15:09+00:00","dateModified":"2022-08-01T21:01:14+00:00","breadcrumb":{"@id":"https:\/\/petitekingdom.com\/shop\/blue-girls-t-shirt-with-a-hedgehog\/#breadcrumb"},"inLanguage":"lv-LV","potentialAction":[{"@type":"ReadAction","target":["https:\/\/petitekingdom.com\/shop\/blue-girls-t-shirt-with-a-hedgehog\/"]}]},{"@type":"ImageObject","inLanguage":"lv-LV","@id":"https:\/\/petitekingdom.com\/shop\/blue-girls-t-shirt-with-a-hedgehog\/#primaryimage","url":"https:\/\/petitekingdom.com\/wp-content\/uploads\/2022\/02\/blue-girls-t-shirt-with-a-hedgehog-frugi.jpg","contentUrl":"https:\/\/petitekingdom.com\/wp-content\/uploads\/2022\/02\/blue-girls-t-shirt-with-a-hedgehog-frugi.jpg","width":1280,"height":1920,"caption":"Blue Girls` T-shirt with a hedgehog - Frugi"},{"@type":"BreadcrumbList","@id":"https:\/\/petitekingdom.com\/shop\/blue-girls-t-shirt-with-a-hedgehog\/#breadcrumb","itemListElement":[{"@type":"ListItem","position":1,"name":"Home","item":"https:\/\/petitekingdom.com\/lv\/"},{"@type":"ListItem","position":2,"name":"Veikals","item":"https:\/\/petitekingdom.com\/lv\/veikals\/"},{"@type":"ListItem","position":3,"name":"Zils meite\u0146u T-krekls ar ez\u012bti ziedos"}]},{"@type":"WebSite","@id":"https:\/\/petitekingdom.com\/#website","url":"https:\/\/petitekingdom.com\/","name":"Petite Kingdom","description":"B\u0113rnu izt\u0113lei nav robe\u017eu","publisher":{"@id":"https:\/\/petitekingdom.com\/#organization"},"potentialAction":[{"@type":"SearchAction","target":{"@type":"EntryPoint","urlTemplate":"https:\/\/petitekingdom.com\/?s={search_term_string}"},"query-input":{"@type":"PropertyValueSpecification","valueRequired":true,"valueName":"search_term_string"}}],"inLanguage":"lv-LV"},{"@type":"Organization","@id":"https:\/\/petitekingdom.com\/#organization","name":"Petite Kingdom","url":"https:\/\/petitekingdom.com\/","logo":{"@type":"ImageObject","inLanguage":"lv-LV","@id":"https:\/\/petitekingdom.com\/#\/schema\/logo\/image\/","url":"https:\/\/petitekingdom.com\/wp-content\/uploads\/2021\/04\/PT_logo_blackPNG.png","contentUrl":"https:\/\/petitekingdom.com\/wp-content\/uploads\/2021\/04\/PT_logo_blackPNG.png","width":1158,"height":500,"caption":"Petite Kingdom"},"image":{"@id":"https:\/\/petitekingdom.com\/#\/schema\/logo\/image\/"},"sameAs":["https:\/\/www.facebook.com\/Petite-Kingdom-114272640862559","https:\/\/www.instagram.com\/petite_kingdom\/"]}]}},"_links":{"self":[{"href":"https:\/\/petitekingdom.com\/lv\/wp-json\/wp\/v2\/product\/24521"}],"collection":[{"href":"https:\/\/petitekingdom.com\/lv\/wp-json\/wp\/v2\/product"}],"about":[{"href":"https:\/\/petitekingdom.com\/lv\/wp-json\/wp\/v2\/types\/product"}],"wp:featuredmedia":[{"embeddable":true,"href":"https:\/\/petitekingdom.com\/lv\/wp-json\/wp\/v2\/media\/24516"}],"wp:attachment":[{"href":"https:\/\/petitekingdom.com\/lv\/wp-json\/wp\/v2\/media?parent=24521"}],"wp:term":[{"taxonomy":"product_cat","embeddable":true,"href":"https:\/\/petitekingdom.com\/lv\/wp-json\/wp\/v2\/product_cat?post=24521"},{"taxonomy":"product_tag","embeddable":true,"href":"https:\/\/petitekingdom.com\/lv\/wp-json\/wp\/v2\/product_tag?post=24521"},{"taxonomy":"product-material","embeddable":true,"href":"https:\/\/petitekingdom.com\/lv\/wp-json\/wp\/v2\/product-material?post=24521"},{"taxonomy":"product-type","embeddable":true,"href":"https:\/\/petitekingdom.com\/lv\/wp-json\/wp\/v2\/product-type?post=24521"},{"taxonomy":"designers","embeddable":true,"href":"https:\/\/petitekingdom.com\/lv\/wp-json\/wp\/v2\/designers?post=24521"}],"curies":[{"name":"wp","href":"https:\/\/api.w.org\/{rel}","templated":true}]}}