{"id":24473,"date":"2022-02-18T19:12:49","date_gmt":"2022-02-18T17:16:29","guid":{"rendered":"https:\/\/petitekingdom.com\/shop\/uncategorized\/bernu-garroku-t-krekls-ar-bititi\/"},"modified":"2023-01-02T23:03:21","modified_gmt":"2023-01-02T21:03:21","slug":"bernu-garroku-t-krekls-ar-bititi","status":"publish","type":"product","link":"https:\/\/petitekingdom.com\/lv\/veikals\/bernu-garroku-t-krekls-ar-bititi\/","title":{"rendered":"B\u0113rnu Garroku T-krekls ar bit\u012bti"},"content":{"rendered":"<p>\u0160im zilajam bit\u012b\u0161u topi\u0146am ir aplik\u0101cija priek\u0161pus\u0113, regul\u0113jamas piedurk\u0146u aproces un elast\u012bgs kakls ar V veida izgriezumu, kas pal\u012bdz \u0123\u0113rbties bez probl\u0113m\u0101m.<\/p>\n<p>Auduma Sast\u0101vs:<\/p>\n<ul>\n<li>Organisk\u0101 kokvilna<\/li>\n<\/ul>\n<p>Produkta nosaukums: Easy on Top<\/p>\n<p>Kr\u0101sa: Str\u012bpains un zils\/Bit\u012bte<\/p>\n","protected":false},"excerpt":{"rendered":"<p>Frugi b\u0113rnu Garroku T-krekls ar bit\u012bti ir izgatavots no organisk\u0101s kokvilnas, padarot to siltu un \u012bpa\u0161i m\u012bkstu.<\/p>\n","protected":false},"featured_media":24466,"template":"","meta":{"_acf_changed":false},"product_cat":[1180,1663,1665,1203,1229,1254,1268,1192,1232,1233,1655,1605,1607,1674],"product_tag":[],"product-material":[],"product-type":[],"designers":[671],"class_list":{"0":"post-24473","1":"product","2":"type-product","3":"status-publish","4":"has-post-thumbnail","6":"product_cat-zidainu-apgerbs","7":"product_cat-jaundzimuso-drebites","8":"product_cat-zidainu-drebes","9":"product_cat-jacinas-dzemperi-zidainiem","10":"product_cat-zidainu-dzemperi","11":"product_cat-kreklini-bluzes-zidainiem","12":"product_cat-zidainu-kreklini","13":"product_cat-meitenes","14":"product_cat-meitenu-krekli-bluzes","15":"product_cat-topi-meitenem","16":"product_cat-jaunumi","17":"product_cat-izpardosana","18":"product_cat-outlets","19":"product_cat-sezonas-izpardosana","20":"designers-frugi-lv","22":"first","23":"instock","24":"sale","25":"taxable","26":"shipping-taxable","27":"purchasable","28":"product-type-variable"},"acf":[],"yoast_head":"<!-- This site is optimized with the Yoast SEO Premium plugin v23.7 (Yoast SEO v23.7) - https:\/\/yoast.com\/wordpress\/plugins\/seo\/ -->\n<title>B\u0113rnu Garroku T-krekls ar bit\u012bti &#8226; Petite Kingdom<\/title>\n<meta name=\"robots\" content=\"index, follow, max-snippet:-1, max-image-preview:large, max-video-preview:-1\" \/>\n<link rel=\"canonical\" href=\"https:\/\/petitekingdom.com\/shop\/kids-top-with-bee-applique\/\" \/>\n<meta property=\"og:locale\" content=\"lv_LV\" \/>\n<meta property=\"og:type\" content=\"article\" \/>\n<meta property=\"og:title\" content=\"B\u0113rnu Garroku T-krekls ar bit\u012bti\" \/>\n<meta property=\"og:description\" content=\"Frugi b\u0113rnu Garroku T-krekls ar bit\u012bti ir izgatavots no organisk\u0101s kokvilnas, padarot to siltu un \u012bpa\u0161i m\u012bkstu.\" \/>\n<meta property=\"og:url\" content=\"https:\/\/petitekingdom.com\/shop\/kids-top-with-bee-applique\/\" \/>\n<meta property=\"og:site_name\" content=\"Petite Kingdom\" \/>\n<meta property=\"article:publisher\" content=\"https:\/\/www.facebook.com\/Petite-Kingdom-114272640862559\" \/>\n<meta property=\"article:modified_time\" content=\"2023-01-02T21:03:21+00:00\" \/>\n<meta property=\"og:image\" content=\"https:\/\/petitekingdom.com\/wp-content\/uploads\/2022\/02\/kids-top-with-bee-applique-frugi.jpg\" \/>\n\t<meta property=\"og:image:width\" content=\"1280\" \/>\n\t<meta property=\"og:image:height\" content=\"1920\" \/>\n\t<meta property=\"og:image:type\" content=\"image\/jpeg\" \/>\n<meta name=\"twitter:card\" content=\"summary_large_image\" \/>\n<script type=\"application\/ld+json\" class=\"yoast-schema-graph\">{\"@context\":\"https:\/\/schema.org\",\"@graph\":[{\"@type\":\"WebPage\",\"@id\":\"https:\/\/petitekingdom.com\/shop\/kids-top-with-bee-applique\/\",\"url\":\"https:\/\/petitekingdom.com\/shop\/kids-top-with-bee-applique\/\",\"name\":\"B\u0113rnu Garroku T-krekls ar bit\u012bti &#8226; Petite Kingdom\",\"isPartOf\":{\"@id\":\"https:\/\/petitekingdom.com\/#website\"},\"primaryImageOfPage\":{\"@id\":\"https:\/\/petitekingdom.com\/shop\/kids-top-with-bee-applique\/#primaryimage\"},\"image\":{\"@id\":\"https:\/\/petitekingdom.com\/shop\/kids-top-with-bee-applique\/#primaryimage\"},\"thumbnailUrl\":\"https:\/\/petitekingdom.com\/wp-content\/uploads\/2022\/02\/kids-top-with-bee-applique-frugi.jpg\",\"datePublished\":\"2022-02-18T17:16:29+00:00\",\"dateModified\":\"2023-01-02T21:03:21+00:00\",\"breadcrumb\":{\"@id\":\"https:\/\/petitekingdom.com\/shop\/kids-top-with-bee-applique\/#breadcrumb\"},\"inLanguage\":\"lv-LV\",\"potentialAction\":[{\"@type\":\"ReadAction\",\"target\":[\"https:\/\/petitekingdom.com\/shop\/kids-top-with-bee-applique\/\"]}]},{\"@type\":\"ImageObject\",\"inLanguage\":\"lv-LV\",\"@id\":\"https:\/\/petitekingdom.com\/shop\/kids-top-with-bee-applique\/#primaryimage\",\"url\":\"https:\/\/petitekingdom.com\/wp-content\/uploads\/2022\/02\/kids-top-with-bee-applique-frugi.jpg\",\"contentUrl\":\"https:\/\/petitekingdom.com\/wp-content\/uploads\/2022\/02\/kids-top-with-bee-applique-frugi.jpg\",\"width\":1280,\"height\":1920,\"caption\":\"B\u0113rnu Garroku T-krekls ar bit\u012bti - Frugi\"},{\"@type\":\"BreadcrumbList\",\"@id\":\"https:\/\/petitekingdom.com\/shop\/kids-top-with-bee-applique\/#breadcrumb\",\"itemListElement\":[{\"@type\":\"ListItem\",\"position\":1,\"name\":\"Home\",\"item\":\"https:\/\/petitekingdom.com\/lv\/\"},{\"@type\":\"ListItem\",\"position\":2,\"name\":\"Veikals\",\"item\":\"https:\/\/petitekingdom.com\/lv\/veikals\/\"},{\"@type\":\"ListItem\",\"position\":3,\"name\":\"B\u0113rnu Garroku T-krekls ar bit\u012bti\"}]},{\"@type\":\"WebSite\",\"@id\":\"https:\/\/petitekingdom.com\/#website\",\"url\":\"https:\/\/petitekingdom.com\/\",\"name\":\"Petite Kingdom\",\"description\":\"B\u0113rnu izt\u0113lei nav robe\u017eu\",\"publisher\":{\"@id\":\"https:\/\/petitekingdom.com\/#organization\"},\"potentialAction\":[{\"@type\":\"SearchAction\",\"target\":{\"@type\":\"EntryPoint\",\"urlTemplate\":\"https:\/\/petitekingdom.com\/?s={search_term_string}\"},\"query-input\":{\"@type\":\"PropertyValueSpecification\",\"valueRequired\":true,\"valueName\":\"search_term_string\"}}],\"inLanguage\":\"lv-LV\"},{\"@type\":\"Organization\",\"@id\":\"https:\/\/petitekingdom.com\/#organization\",\"name\":\"Petite Kingdom\",\"url\":\"https:\/\/petitekingdom.com\/\",\"logo\":{\"@type\":\"ImageObject\",\"inLanguage\":\"lv-LV\",\"@id\":\"https:\/\/petitekingdom.com\/#\/schema\/logo\/image\/\",\"url\":\"https:\/\/petitekingdom.com\/wp-content\/uploads\/2021\/04\/PT_logo_blackPNG.png\",\"contentUrl\":\"https:\/\/petitekingdom.com\/wp-content\/uploads\/2021\/04\/PT_logo_blackPNG.png\",\"width\":1158,\"height\":500,\"caption\":\"Petite Kingdom\"},\"image\":{\"@id\":\"https:\/\/petitekingdom.com\/#\/schema\/logo\/image\/\"},\"sameAs\":[\"https:\/\/www.facebook.com\/Petite-Kingdom-114272640862559\",\"https:\/\/www.instagram.com\/petite_kingdom\/\"]}]}<\/script>\n<!-- \/ Yoast SEO Premium plugin. -->","yoast_head_json":{"title":"B\u0113rnu Garroku T-krekls ar bit\u012bti &#8226; Petite Kingdom","robots":{"index":"index","follow":"follow","max-snippet":"max-snippet:-1","max-image-preview":"max-image-preview:large","max-video-preview":"max-video-preview:-1"},"canonical":"https:\/\/petitekingdom.com\/shop\/kids-top-with-bee-applique\/","og_locale":"lv_LV","og_type":"article","og_title":"B\u0113rnu Garroku T-krekls ar bit\u012bti","og_description":"Frugi b\u0113rnu Garroku T-krekls ar bit\u012bti ir izgatavots no organisk\u0101s kokvilnas, padarot to siltu un \u012bpa\u0161i m\u012bkstu.","og_url":"https:\/\/petitekingdom.com\/shop\/kids-top-with-bee-applique\/","og_site_name":"Petite Kingdom","article_publisher":"https:\/\/www.facebook.com\/Petite-Kingdom-114272640862559","article_modified_time":"2023-01-02T21:03:21+00:00","og_image":[{"width":1280,"height":1920,"url":"https:\/\/petitekingdom.com\/wp-content\/uploads\/2022\/02\/kids-top-with-bee-applique-frugi.jpg","type":"image\/jpeg"}],"twitter_card":"summary_large_image","schema":{"@context":"https:\/\/schema.org","@graph":[{"@type":"WebPage","@id":"https:\/\/petitekingdom.com\/shop\/kids-top-with-bee-applique\/","url":"https:\/\/petitekingdom.com\/shop\/kids-top-with-bee-applique\/","name":"B\u0113rnu Garroku T-krekls ar bit\u012bti &#8226; Petite Kingdom","isPartOf":{"@id":"https:\/\/petitekingdom.com\/#website"},"primaryImageOfPage":{"@id":"https:\/\/petitekingdom.com\/shop\/kids-top-with-bee-applique\/#primaryimage"},"image":{"@id":"https:\/\/petitekingdom.com\/shop\/kids-top-with-bee-applique\/#primaryimage"},"thumbnailUrl":"https:\/\/petitekingdom.com\/wp-content\/uploads\/2022\/02\/kids-top-with-bee-applique-frugi.jpg","datePublished":"2022-02-18T17:16:29+00:00","dateModified":"2023-01-02T21:03:21+00:00","breadcrumb":{"@id":"https:\/\/petitekingdom.com\/shop\/kids-top-with-bee-applique\/#breadcrumb"},"inLanguage":"lv-LV","potentialAction":[{"@type":"ReadAction","target":["https:\/\/petitekingdom.com\/shop\/kids-top-with-bee-applique\/"]}]},{"@type":"ImageObject","inLanguage":"lv-LV","@id":"https:\/\/petitekingdom.com\/shop\/kids-top-with-bee-applique\/#primaryimage","url":"https:\/\/petitekingdom.com\/wp-content\/uploads\/2022\/02\/kids-top-with-bee-applique-frugi.jpg","contentUrl":"https:\/\/petitekingdom.com\/wp-content\/uploads\/2022\/02\/kids-top-with-bee-applique-frugi.jpg","width":1280,"height":1920,"caption":"B\u0113rnu Garroku T-krekls ar bit\u012bti - Frugi"},{"@type":"BreadcrumbList","@id":"https:\/\/petitekingdom.com\/shop\/kids-top-with-bee-applique\/#breadcrumb","itemListElement":[{"@type":"ListItem","position":1,"name":"Home","item":"https:\/\/petitekingdom.com\/lv\/"},{"@type":"ListItem","position":2,"name":"Veikals","item":"https:\/\/petitekingdom.com\/lv\/veikals\/"},{"@type":"ListItem","position":3,"name":"B\u0113rnu Garroku T-krekls ar bit\u012bti"}]},{"@type":"WebSite","@id":"https:\/\/petitekingdom.com\/#website","url":"https:\/\/petitekingdom.com\/","name":"Petite Kingdom","description":"B\u0113rnu izt\u0113lei nav robe\u017eu","publisher":{"@id":"https:\/\/petitekingdom.com\/#organization"},"potentialAction":[{"@type":"SearchAction","target":{"@type":"EntryPoint","urlTemplate":"https:\/\/petitekingdom.com\/?s={search_term_string}"},"query-input":{"@type":"PropertyValueSpecification","valueRequired":true,"valueName":"search_term_string"}}],"inLanguage":"lv-LV"},{"@type":"Organization","@id":"https:\/\/petitekingdom.com\/#organization","name":"Petite Kingdom","url":"https:\/\/petitekingdom.com\/","logo":{"@type":"ImageObject","inLanguage":"lv-LV","@id":"https:\/\/petitekingdom.com\/#\/schema\/logo\/image\/","url":"https:\/\/petitekingdom.com\/wp-content\/uploads\/2021\/04\/PT_logo_blackPNG.png","contentUrl":"https:\/\/petitekingdom.com\/wp-content\/uploads\/2021\/04\/PT_logo_blackPNG.png","width":1158,"height":500,"caption":"Petite Kingdom"},"image":{"@id":"https:\/\/petitekingdom.com\/#\/schema\/logo\/image\/"},"sameAs":["https:\/\/www.facebook.com\/Petite-Kingdom-114272640862559","https:\/\/www.instagram.com\/petite_kingdom\/"]}]}},"_links":{"self":[{"href":"https:\/\/petitekingdom.com\/lv\/wp-json\/wp\/v2\/product\/24473"}],"collection":[{"href":"https:\/\/petitekingdom.com\/lv\/wp-json\/wp\/v2\/product"}],"about":[{"href":"https:\/\/petitekingdom.com\/lv\/wp-json\/wp\/v2\/types\/product"}],"wp:featuredmedia":[{"embeddable":true,"href":"https:\/\/petitekingdom.com\/lv\/wp-json\/wp\/v2\/media\/24466"}],"wp:attachment":[{"href":"https:\/\/petitekingdom.com\/lv\/wp-json\/wp\/v2\/media?parent=24473"}],"wp:term":[{"taxonomy":"product_cat","embeddable":true,"href":"https:\/\/petitekingdom.com\/lv\/wp-json\/wp\/v2\/product_cat?post=24473"},{"taxonomy":"product_tag","embeddable":true,"href":"https:\/\/petitekingdom.com\/lv\/wp-json\/wp\/v2\/product_tag?post=24473"},{"taxonomy":"product-material","embeddable":true,"href":"https:\/\/petitekingdom.com\/lv\/wp-json\/wp\/v2\/product-material?post=24473"},{"taxonomy":"product-type","embeddable":true,"href":"https:\/\/petitekingdom.com\/lv\/wp-json\/wp\/v2\/product-type?post=24473"},{"taxonomy":"designers","embeddable":true,"href":"https:\/\/petitekingdom.com\/lv\/wp-json\/wp\/v2\/designers?post=24473"}],"curies":[{"name":"wp","href":"https:\/\/api.w.org\/{rel}","templated":true}]}}