{"id":24242,"date":"2022-02-17T14:40:50","date_gmt":"2022-02-17T12:45:59","guid":{"rendered":"https:\/\/petitekingdom.com\/shop\/uncategorized\/oranzi-sorti-meitenem-ar-margrietinam\/"},"modified":"2023-01-02T23:03:21","modified_gmt":"2023-01-02T21:03:21","slug":"oranzi-sorti-meitenem-ar-margrietinam","status":"publish","type":"product","link":"https:\/\/petitekingdom.com\/lv\/veikals\/oranzi-sorti-meitenem-ar-margrietinam\/","title":{"rendered":"Oran\u017ei \u0161orti meiten\u0113m ar margrieti\u0146\u0101m"},"content":{"rendered":"<p>\u0160ie \u0161orti ar jauko margrieti\u0146u apdruku ir veidoti, lai b\u016btu daudz vietas auti\u0146biks\u012bt\u0113m, un liel\u0101k\u0101m meiten\u0113m \u0161orti b\u016btu ar br\u012bvi krito\u0161u dizanu. \u0160ortiem ir atlokama jostasvieta, kas pal\u012bdzes augt l\u012bdzi b\u0113rni\u0146am.<\/p>\n<p>Produkta nosaukums: Sandy Shallot Shorts<\/p>\n<p>Kr\u0101sa: Jauk\u0101 margrieti\u0146a<\/p>\n","protected":false},"excerpt":{"rendered":"<p>\u0160ie Frugi oran\u017eie meite\u0146u \u0161orti, kas vasar\u0101 ir \u013coti b\u016btiska ap\u0123\u0113rba sast\u0101vda\u013ca, ir izgatavoti no skaisti m\u012bkstas organisk\u0101s kokvilnas ar elast\u0101na maigo piesk\u0101rienu papildus komfortam.<\/p>\n<p>Auduma Sast\u0101vs:<\/p>\n<ul>\n<li>95% Organisk\u0101 kokvilna 5% Elast\u0101ns<\/li>\n<\/ul>\n","protected":false},"featured_media":24239,"template":"","meta":{"_acf_changed":false},"product_cat":[1192,1186,1240,1185,1674,1663,1655,1605,1607,1335,1180,1665],"product_tag":[],"product-material":[],"product-type":[],"designers":[671],"class_list":{"0":"post-24242","1":"product","2":"type-product","3":"status-publish","4":"has-post-thumbnail","6":"product_cat-meitenes","7":"product_cat-zidainu-bikses","8":"product_cat-bikses-meitenem","9":"product_cat-bikses-zidainiem","10":"product_cat-sezonas-izpardosana","11":"product_cat-jaundzimuso-drebites","12":"product_cat-jaunumi","13":"product_cat-izpardosana","14":"product_cat-outlets","15":"product_cat-sorti-meitenem","16":"product_cat-zidainu-apgerbs","17":"product_cat-zidainu-drebes","18":"designers-frugi-lv","20":"first","21":"instock","22":"sale","23":"taxable","24":"shipping-taxable","25":"purchasable","26":"product-type-variable"},"acf":[],"yoast_head":"<!-- This site is optimized with the Yoast SEO Premium plugin v23.7 (Yoast SEO v23.7) - https:\/\/yoast.com\/wordpress\/plugins\/seo\/ -->\n<title>Oran\u017ei \u0161orti meiten\u0113m ar margrieti\u0146\u0101m &#8226; Petite Kingdom<\/title>\n<meta name=\"robots\" content=\"index, follow, max-snippet:-1, max-image-preview:large, max-video-preview:-1\" \/>\n<link rel=\"canonical\" href=\"https:\/\/petitekingdom.com\/shop\/orange-girls-shorts\/\" \/>\n<meta property=\"og:locale\" content=\"lv_LV\" \/>\n<meta property=\"og:type\" content=\"article\" \/>\n<meta property=\"og:title\" content=\"Oran\u017ei \u0161orti meiten\u0113m ar margrieti\u0146\u0101m\" \/>\n<meta property=\"og:description\" content=\"\u0160ie Frugi oran\u017eie meite\u0146u \u0161orti, kas vasar\u0101 ir \u013coti b\u016btiska ap\u0123\u0113rba sast\u0101vda\u013ca, ir izgatavoti no skaisti m\u012bkstas organisk\u0101s kokvilnas ar elast\u0101na maigo piesk\u0101rienu papildus komfortam.  Auduma Sast\u0101vs:   95% Organisk\u0101 kokvilna 5% Elast\u0101ns\" \/>\n<meta property=\"og:url\" content=\"https:\/\/petitekingdom.com\/shop\/orange-girls-shorts\/\" \/>\n<meta property=\"og:site_name\" content=\"Petite Kingdom\" \/>\n<meta property=\"article:publisher\" content=\"https:\/\/www.facebook.com\/Petite-Kingdom-114272640862559\" \/>\n<meta property=\"article:modified_time\" content=\"2023-01-02T21:03:21+00:00\" \/>\n<meta property=\"og:image\" content=\"https:\/\/petitekingdom.com\/wp-content\/uploads\/2022\/02\/orange-girls-shorts-frugi.jpg\" \/>\n\t<meta property=\"og:image:width\" content=\"1280\" \/>\n\t<meta property=\"og:image:height\" content=\"1920\" \/>\n\t<meta property=\"og:image:type\" content=\"image\/jpeg\" \/>\n<meta name=\"twitter:card\" content=\"summary_large_image\" \/>\n<script type=\"application\/ld+json\" class=\"yoast-schema-graph\">{\"@context\":\"https:\/\/schema.org\",\"@graph\":[{\"@type\":\"WebPage\",\"@id\":\"https:\/\/petitekingdom.com\/shop\/orange-girls-shorts\/\",\"url\":\"https:\/\/petitekingdom.com\/shop\/orange-girls-shorts\/\",\"name\":\"Oran\u017ei \u0161orti meiten\u0113m ar margrieti\u0146\u0101m &#8226; Petite Kingdom\",\"isPartOf\":{\"@id\":\"https:\/\/petitekingdom.com\/#website\"},\"primaryImageOfPage\":{\"@id\":\"https:\/\/petitekingdom.com\/shop\/orange-girls-shorts\/#primaryimage\"},\"image\":{\"@id\":\"https:\/\/petitekingdom.com\/shop\/orange-girls-shorts\/#primaryimage\"},\"thumbnailUrl\":\"https:\/\/petitekingdom.com\/wp-content\/uploads\/2022\/02\/orange-girls-shorts-frugi.jpg\",\"datePublished\":\"2022-02-17T12:45:59+00:00\",\"dateModified\":\"2023-01-02T21:03:21+00:00\",\"breadcrumb\":{\"@id\":\"https:\/\/petitekingdom.com\/shop\/orange-girls-shorts\/#breadcrumb\"},\"inLanguage\":\"lv-LV\",\"potentialAction\":[{\"@type\":\"ReadAction\",\"target\":[\"https:\/\/petitekingdom.com\/shop\/orange-girls-shorts\/\"]}]},{\"@type\":\"ImageObject\",\"inLanguage\":\"lv-LV\",\"@id\":\"https:\/\/petitekingdom.com\/shop\/orange-girls-shorts\/#primaryimage\",\"url\":\"https:\/\/petitekingdom.com\/wp-content\/uploads\/2022\/02\/orange-girls-shorts-frugi.jpg\",\"contentUrl\":\"https:\/\/petitekingdom.com\/wp-content\/uploads\/2022\/02\/orange-girls-shorts-frugi.jpg\",\"width\":1280,\"height\":1920,\"caption\":\"Oran\u017ei \u0161orti meiten\u0113m ar margrieti\u0146\u0101m - Frugi\"},{\"@type\":\"BreadcrumbList\",\"@id\":\"https:\/\/petitekingdom.com\/shop\/orange-girls-shorts\/#breadcrumb\",\"itemListElement\":[{\"@type\":\"ListItem\",\"position\":1,\"name\":\"Home\",\"item\":\"https:\/\/petitekingdom.com\/lv\/\"},{\"@type\":\"ListItem\",\"position\":2,\"name\":\"Veikals\",\"item\":\"https:\/\/petitekingdom.com\/lv\/veikals\/\"},{\"@type\":\"ListItem\",\"position\":3,\"name\":\"Oran\u017ei \u0161orti meiten\u0113m ar margrieti\u0146\u0101m\"}]},{\"@type\":\"WebSite\",\"@id\":\"https:\/\/petitekingdom.com\/#website\",\"url\":\"https:\/\/petitekingdom.com\/\",\"name\":\"Petite Kingdom\",\"description\":\"B\u0113rnu izt\u0113lei nav robe\u017eu\",\"publisher\":{\"@id\":\"https:\/\/petitekingdom.com\/#organization\"},\"potentialAction\":[{\"@type\":\"SearchAction\",\"target\":{\"@type\":\"EntryPoint\",\"urlTemplate\":\"https:\/\/petitekingdom.com\/?s={search_term_string}\"},\"query-input\":{\"@type\":\"PropertyValueSpecification\",\"valueRequired\":true,\"valueName\":\"search_term_string\"}}],\"inLanguage\":\"lv-LV\"},{\"@type\":\"Organization\",\"@id\":\"https:\/\/petitekingdom.com\/#organization\",\"name\":\"Petite Kingdom\",\"url\":\"https:\/\/petitekingdom.com\/\",\"logo\":{\"@type\":\"ImageObject\",\"inLanguage\":\"lv-LV\",\"@id\":\"https:\/\/petitekingdom.com\/#\/schema\/logo\/image\/\",\"url\":\"https:\/\/petitekingdom.com\/wp-content\/uploads\/2021\/04\/PT_logo_blackPNG.png\",\"contentUrl\":\"https:\/\/petitekingdom.com\/wp-content\/uploads\/2021\/04\/PT_logo_blackPNG.png\",\"width\":1158,\"height\":500,\"caption\":\"Petite Kingdom\"},\"image\":{\"@id\":\"https:\/\/petitekingdom.com\/#\/schema\/logo\/image\/\"},\"sameAs\":[\"https:\/\/www.facebook.com\/Petite-Kingdom-114272640862559\",\"https:\/\/www.instagram.com\/petite_kingdom\/\"]}]}<\/script>\n<!-- \/ Yoast SEO Premium plugin. -->","yoast_head_json":{"title":"Oran\u017ei \u0161orti meiten\u0113m ar margrieti\u0146\u0101m &#8226; Petite Kingdom","robots":{"index":"index","follow":"follow","max-snippet":"max-snippet:-1","max-image-preview":"max-image-preview:large","max-video-preview":"max-video-preview:-1"},"canonical":"https:\/\/petitekingdom.com\/shop\/orange-girls-shorts\/","og_locale":"lv_LV","og_type":"article","og_title":"Oran\u017ei \u0161orti meiten\u0113m ar margrieti\u0146\u0101m","og_description":"\u0160ie Frugi oran\u017eie meite\u0146u \u0161orti, kas vasar\u0101 ir \u013coti b\u016btiska ap\u0123\u0113rba sast\u0101vda\u013ca, ir izgatavoti no skaisti m\u012bkstas organisk\u0101s kokvilnas ar elast\u0101na maigo piesk\u0101rienu papildus komfortam.  Auduma Sast\u0101vs:   95% Organisk\u0101 kokvilna 5% Elast\u0101ns","og_url":"https:\/\/petitekingdom.com\/shop\/orange-girls-shorts\/","og_site_name":"Petite Kingdom","article_publisher":"https:\/\/www.facebook.com\/Petite-Kingdom-114272640862559","article_modified_time":"2023-01-02T21:03:21+00:00","og_image":[{"width":1280,"height":1920,"url":"https:\/\/petitekingdom.com\/wp-content\/uploads\/2022\/02\/orange-girls-shorts-frugi.jpg","type":"image\/jpeg"}],"twitter_card":"summary_large_image","schema":{"@context":"https:\/\/schema.org","@graph":[{"@type":"WebPage","@id":"https:\/\/petitekingdom.com\/shop\/orange-girls-shorts\/","url":"https:\/\/petitekingdom.com\/shop\/orange-girls-shorts\/","name":"Oran\u017ei \u0161orti meiten\u0113m ar margrieti\u0146\u0101m &#8226; Petite Kingdom","isPartOf":{"@id":"https:\/\/petitekingdom.com\/#website"},"primaryImageOfPage":{"@id":"https:\/\/petitekingdom.com\/shop\/orange-girls-shorts\/#primaryimage"},"image":{"@id":"https:\/\/petitekingdom.com\/shop\/orange-girls-shorts\/#primaryimage"},"thumbnailUrl":"https:\/\/petitekingdom.com\/wp-content\/uploads\/2022\/02\/orange-girls-shorts-frugi.jpg","datePublished":"2022-02-17T12:45:59+00:00","dateModified":"2023-01-02T21:03:21+00:00","breadcrumb":{"@id":"https:\/\/petitekingdom.com\/shop\/orange-girls-shorts\/#breadcrumb"},"inLanguage":"lv-LV","potentialAction":[{"@type":"ReadAction","target":["https:\/\/petitekingdom.com\/shop\/orange-girls-shorts\/"]}]},{"@type":"ImageObject","inLanguage":"lv-LV","@id":"https:\/\/petitekingdom.com\/shop\/orange-girls-shorts\/#primaryimage","url":"https:\/\/petitekingdom.com\/wp-content\/uploads\/2022\/02\/orange-girls-shorts-frugi.jpg","contentUrl":"https:\/\/petitekingdom.com\/wp-content\/uploads\/2022\/02\/orange-girls-shorts-frugi.jpg","width":1280,"height":1920,"caption":"Oran\u017ei \u0161orti meiten\u0113m ar margrieti\u0146\u0101m - Frugi"},{"@type":"BreadcrumbList","@id":"https:\/\/petitekingdom.com\/shop\/orange-girls-shorts\/#breadcrumb","itemListElement":[{"@type":"ListItem","position":1,"name":"Home","item":"https:\/\/petitekingdom.com\/lv\/"},{"@type":"ListItem","position":2,"name":"Veikals","item":"https:\/\/petitekingdom.com\/lv\/veikals\/"},{"@type":"ListItem","position":3,"name":"Oran\u017ei \u0161orti meiten\u0113m ar margrieti\u0146\u0101m"}]},{"@type":"WebSite","@id":"https:\/\/petitekingdom.com\/#website","url":"https:\/\/petitekingdom.com\/","name":"Petite Kingdom","description":"B\u0113rnu izt\u0113lei nav robe\u017eu","publisher":{"@id":"https:\/\/petitekingdom.com\/#organization"},"potentialAction":[{"@type":"SearchAction","target":{"@type":"EntryPoint","urlTemplate":"https:\/\/petitekingdom.com\/?s={search_term_string}"},"query-input":{"@type":"PropertyValueSpecification","valueRequired":true,"valueName":"search_term_string"}}],"inLanguage":"lv-LV"},{"@type":"Organization","@id":"https:\/\/petitekingdom.com\/#organization","name":"Petite Kingdom","url":"https:\/\/petitekingdom.com\/","logo":{"@type":"ImageObject","inLanguage":"lv-LV","@id":"https:\/\/petitekingdom.com\/#\/schema\/logo\/image\/","url":"https:\/\/petitekingdom.com\/wp-content\/uploads\/2021\/04\/PT_logo_blackPNG.png","contentUrl":"https:\/\/petitekingdom.com\/wp-content\/uploads\/2021\/04\/PT_logo_blackPNG.png","width":1158,"height":500,"caption":"Petite Kingdom"},"image":{"@id":"https:\/\/petitekingdom.com\/#\/schema\/logo\/image\/"},"sameAs":["https:\/\/www.facebook.com\/Petite-Kingdom-114272640862559","https:\/\/www.instagram.com\/petite_kingdom\/"]}]}},"_links":{"self":[{"href":"https:\/\/petitekingdom.com\/lv\/wp-json\/wp\/v2\/product\/24242"}],"collection":[{"href":"https:\/\/petitekingdom.com\/lv\/wp-json\/wp\/v2\/product"}],"about":[{"href":"https:\/\/petitekingdom.com\/lv\/wp-json\/wp\/v2\/types\/product"}],"wp:featuredmedia":[{"embeddable":true,"href":"https:\/\/petitekingdom.com\/lv\/wp-json\/wp\/v2\/media\/24239"}],"wp:attachment":[{"href":"https:\/\/petitekingdom.com\/lv\/wp-json\/wp\/v2\/media?parent=24242"}],"wp:term":[{"taxonomy":"product_cat","embeddable":true,"href":"https:\/\/petitekingdom.com\/lv\/wp-json\/wp\/v2\/product_cat?post=24242"},{"taxonomy":"product_tag","embeddable":true,"href":"https:\/\/petitekingdom.com\/lv\/wp-json\/wp\/v2\/product_tag?post=24242"},{"taxonomy":"product-material","embeddable":true,"href":"https:\/\/petitekingdom.com\/lv\/wp-json\/wp\/v2\/product-material?post=24242"},{"taxonomy":"product-type","embeddable":true,"href":"https:\/\/petitekingdom.com\/lv\/wp-json\/wp\/v2\/product-type?post=24242"},{"taxonomy":"designers","embeddable":true,"href":"https:\/\/petitekingdom.com\/lv\/wp-json\/wp\/v2\/designers?post=24242"}],"curies":[{"name":"wp","href":"https:\/\/api.w.org\/{rel}","templated":true}]}}